{"id":5447,"date":"2022-02-22T08:20:24","date_gmt":"2022-02-22T06:20:24","guid":{"rendered":"https:\/\/baubauwall.com\/product\/hand-drawn-wallpaper-toile-de-jungle-beige\/"},"modified":"2024-06-18T13:54:37","modified_gmt":"2024-06-18T11:54:37","slug":"hand-drawn-wallpaper-toile-de-jungle-beige","status":"publish","type":"product","link":"https:\/\/baubauwall.com\/et\/toode\/hand-drawn-wallpaper-toile-de-jungle-beige\/","title":{"rendered":"Toile de Jungle &#8211; bee\u017e. K\u00e4sitsi illustreeritud tapeedidisain."},"content":{"rendered":"<p><em>Toile de Jouy<\/em> tapeedi nimi on tuletatud kangast (<em>toile<\/em> &#8211; pr k), millega kaeti ajalooliste losside seinu Prantsusmaal. Kangas p\u00e4rineb 18. sajandi Jouy\u2019 piirkonnast Prantsusmaal ja see oli tavaliselt dekoreeritud kahev\u00e4rviliste illustratsioonidega. Kuigi trendid tulevad ja l\u00e4hevad, on Jouy kangas j\u00e4\u00e4nud l\u00e4bi ajaloo p\u00fcsima. D\u017eunglitest linnadeni \u2013 see muster v\u00f5ib leida oma koha igas kodus. Meie tapeedi <em>Toile de Jouy<\/em> kujundused on spetsiaalselt k\u00e4sitsi joonistatud ja inspireeritud Aafrika safaritest ja d\u017eunglitest.<\/p>\n<p>See eriline tapeedidisain on saadaval ka sinise ja seepia toonides.<\/p>\n","protected":false},"excerpt":{"rendered":"<p>Toile de Jouy tapeedi nimi on tuletatud kangast (toile &#8211; pr k), millega kaeti ajalooliste losside seinu Prantsusmaal. Kangas p\u00e4rineb 18. sajandi Jouy\u2019 piirkonnast Prantsusmaal ja see oli tavaliselt dekoreeritud kahev\u00e4rviliste illustratsioonidega. Kuigi trendid tulevad ja l\u00e4hevad, on Jouy kangas j\u00e4\u00e4nud l\u00e4bi ajaloo p\u00fcsima. D\u017eunglitest linnadeni \u2013 see muster v\u00f5ib leida oma koha igas kodus. [&hellip;]<\/p>\n","protected":false},"featured_media":34243,"comment_status":"open","ping_status":"closed","template":"","meta":{"_acf_changed":false,"inline_featured_image":false},"product_brand":[],"product_cat":[780,386,395,406,398,388,265,269,273,413,414,415,416,399,402,412,250,257],"product_tag":[320,832,361],"class_list":{"0":"post-5447","1":"product","2":"type-product","3":"status-publish","4":"has-post-thumbnail","6":"product_cat-pilttapeedid-lugudega","7":"product_cat-kordusmustriga-tapeedid","8":"product_cat-romantiline","9":"product_cat-klassika","10":"product_cat-toile-de-jouy-et","11":"product_cat-vintage-et","12":"product_cat-beezid-tapeedid","13":"product_cat-pruunid-tapeedid","14":"product_cat-heledad-tapeedid","15":"product_cat-magamistoa-tapeedid","16":"product_cat-soogitoa-tapeedid","17":"product_cat-kulalistetoa-tapeedid","18":"product_cat-esiku-tapeedid","19":"product_cat-kodukontori-tapeedid","20":"product_cat-elutoa-tapeedid","21":"product_cat-vannitoa-tapeedid","22":"product_cat-dzungel-troopika","23":"product_cat-linnud","24":"product_tag-kasitoo","25":"product_tag-kordusmustriga-tapeedid","26":"product_tag-safari-et","27":"pa_designedby-baubauwall","29":"first","30":"instock","31":"taxable","32":"shipping-taxable","33":"purchasable","34":"product-type-simple"},"acf":[],"yoast_head":"<!-- This site is optimized with the Yoast SEO plugin v25.9 - https:\/\/yoast.com\/wordpress\/plugins\/seo\/ -->\n<title>Hand-drawn Toile de Jungle Beige Wallpaper<\/title>\n<meta name=\"description\" content=\"Toile de jungle in sepia. Forever classical wallpaper pattern - great choice for your home. Hand drawn jungle pattern inspired by Africa.\" \/>\n<meta name=\"robots\" content=\"index, follow, max-snippet:-1, max-image-preview:large, max-video-preview:-1\" \/>\n<link rel=\"canonical\" href=\"https:\/\/baubauwall.com\/et\/toode\/hand-drawn-wallpaper-toile-de-jungle-beige\/\" \/>\n<meta property=\"og:locale\" content=\"et_EE\" \/>\n<meta property=\"og:type\" content=\"article\" \/>\n<meta property=\"og:title\" content=\"Hand-drawn Toile de Jungle Beige Wallpaper\" \/>\n<meta property=\"og:description\" content=\"Toile de jungle in sepia. Forever classical wallpaper pattern - great choice for your home. Hand drawn jungle pattern inspired by Africa.\" \/>\n<meta property=\"og:url\" content=\"https:\/\/baubauwall.com\/et\/toode\/hand-drawn-wallpaper-toile-de-jungle-beige\/\" \/>\n<meta property=\"og:site_name\" content=\"BAUBAUWALL Wallpapers\" \/>\n<meta property=\"article:publisher\" content=\"https:\/\/www.facebook.com\/Baubauwall\" \/>\n<meta property=\"article:modified_time\" content=\"2024-06-18T11:54:37+00:00\" \/>\n<meta property=\"og:image\" content=\"https:\/\/baubauwall.com\/wp-content\/uploads\/2022\/02\/51100015_ToileJungle-Beige_Baubauwall_Wallpaper_room13.jpg\" \/>\n\t<meta property=\"og:image:width\" content=\"1120\" \/>\n\t<meta property=\"og:image:height\" content=\"1600\" \/>\n\t<meta property=\"og:image:type\" content=\"image\/jpeg\" \/>\n<meta name=\"twitter:card\" content=\"summary_large_image\" \/>\n<meta name=\"twitter:label1\" content=\"Est. reading time\" \/>\n\t<meta name=\"twitter:data1\" content=\"1 minut\" \/>\n<script type=\"application\/ld+json\" class=\"yoast-schema-graph\">{\"@context\":\"https:\/\/schema.org\",\"@graph\":[{\"@type\":\"WebPage\",\"@id\":\"https:\/\/baubauwall.com\/et\/toode\/hand-drawn-wallpaper-toile-de-jungle-beige\/\",\"url\":\"https:\/\/baubauwall.com\/et\/toode\/hand-drawn-wallpaper-toile-de-jungle-beige\/\",\"name\":\"Hand-drawn Toile de Jungle Beige Wallpaper\",\"isPartOf\":{\"@id\":\"https:\/\/baubauwall.com\/et\/#website\"},\"primaryImageOfPage\":{\"@id\":\"https:\/\/baubauwall.com\/et\/toode\/hand-drawn-wallpaper-toile-de-jungle-beige\/#primaryimage\"},\"image\":{\"@id\":\"https:\/\/baubauwall.com\/et\/toode\/hand-drawn-wallpaper-toile-de-jungle-beige\/#primaryimage\"},\"thumbnailUrl\":\"https:\/\/baubauwall.com\/wp-content\/uploads\/2022\/02\/51100015_ToileJungle-Beige_Baubauwall_Wallpaper_room13.jpg\",\"datePublished\":\"2022-02-22T06:20:24+00:00\",\"dateModified\":\"2024-06-18T11:54:37+00:00\",\"description\":\"Toile de jungle in sepia. Forever classical wallpaper pattern - great choice for your home. Hand drawn jungle pattern inspired by Africa.\",\"breadcrumb\":{\"@id\":\"https:\/\/baubauwall.com\/et\/toode\/hand-drawn-wallpaper-toile-de-jungle-beige\/#breadcrumb\"},\"inLanguage\":\"et\",\"potentialAction\":[{\"@type\":\"ReadAction\",\"target\":[\"https:\/\/baubauwall.com\/et\/toode\/hand-drawn-wallpaper-toile-de-jungle-beige\/\"]}]},{\"@type\":\"ImageObject\",\"inLanguage\":\"et\",\"@id\":\"https:\/\/baubauwall.com\/et\/toode\/hand-drawn-wallpaper-toile-de-jungle-beige\/#primaryimage\",\"url\":\"https:\/\/baubauwall.com\/wp-content\/uploads\/2022\/02\/51100015_ToileJungle-Beige_Baubauwall_Wallpaper_room13.jpg\",\"contentUrl\":\"https:\/\/baubauwall.com\/wp-content\/uploads\/2022\/02\/51100015_ToileJungle-Beige_Baubauwall_Wallpaper_room13.jpg\",\"width\":1120,\"height\":1600,\"caption\":\"Toile de Jouy pattern wallpaper in a living room. Non-woven wallpaper\"},{\"@type\":\"BreadcrumbList\",\"@id\":\"https:\/\/baubauwall.com\/et\/toode\/hand-drawn-wallpaper-toile-de-jungle-beige\/#breadcrumb\",\"itemListElement\":[{\"@type\":\"ListItem\",\"position\":1,\"name\":\"Koju\",\"item\":\"https:\/\/baubauwall.com\/et\/\"},{\"@type\":\"ListItem\",\"position\":2,\"name\":\"Tapeedid\",\"item\":\"https:\/\/baubauwall.com\/et\/tapeedid\/\"},{\"@type\":\"ListItem\",\"position\":3,\"name\":\"Toile de Jungle &#8211; bee\u017e. K\u00e4sitsi illustreeritud tapeedidisain.\"}]},{\"@type\":\"WebSite\",\"@id\":\"https:\/\/baubauwall.com\/et\/#website\",\"url\":\"https:\/\/baubauwall.com\/et\/\",\"name\":\"BAUBAUWALL Wallpapers\",\"description\":\"Valmis paanides tapeet Eestist!\",\"publisher\":{\"@id\":\"https:\/\/baubauwall.com\/et\/#organization\"},\"potentialAction\":[{\"@type\":\"SearchAction\",\"target\":{\"@type\":\"EntryPoint\",\"urlTemplate\":\"https:\/\/baubauwall.com\/et\/?s={search_term_string}\"},\"query-input\":{\"@type\":\"PropertyValueSpecification\",\"valueRequired\":true,\"valueName\":\"search_term_string\"}}],\"inLanguage\":\"et\"},{\"@type\":\"Organization\",\"@id\":\"https:\/\/baubauwall.com\/et\/#organization\",\"name\":\"BAUBAUWALL Wallpapers\",\"url\":\"https:\/\/baubauwall.com\/et\/\",\"logo\":{\"@type\":\"ImageObject\",\"inLanguage\":\"et\",\"@id\":\"https:\/\/baubauwall.com\/et\/#\/schema\/logo\/image\/\",\"url\":\"https:\/\/baubauwall.com\/wp-content\/uploads\/2022\/03\/logo-horizontal.svg\",\"contentUrl\":\"https:\/\/baubauwall.com\/wp-content\/uploads\/2022\/03\/logo-horizontal.svg\",\"width\":\"1024\",\"height\":\"1024\",\"caption\":\"BAUBAUWALL Wallpapers\"},\"image\":{\"@id\":\"https:\/\/baubauwall.com\/et\/#\/schema\/logo\/image\/\"},\"sameAs\":[\"https:\/\/www.facebook.com\/Baubauwall\",\"https:\/\/www.instagram.com\/baubauwall\"]}]}<\/script>\n<!-- \/ Yoast SEO plugin. -->","yoast_head_json":{"title":"Hand-drawn Toile de Jungle Beige Wallpaper","description":"Toile de jungle in sepia. Forever classical wallpaper pattern - great choice for your home. Hand drawn jungle pattern inspired by Africa.","robots":{"index":"index","follow":"follow","max-snippet":"max-snippet:-1","max-image-preview":"max-image-preview:large","max-video-preview":"max-video-preview:-1"},"canonical":"https:\/\/baubauwall.com\/et\/toode\/hand-drawn-wallpaper-toile-de-jungle-beige\/","og_locale":"et_EE","og_type":"article","og_title":"Hand-drawn Toile de Jungle Beige Wallpaper","og_description":"Toile de jungle in sepia. Forever classical wallpaper pattern - great choice for your home. Hand drawn jungle pattern inspired by Africa.","og_url":"https:\/\/baubauwall.com\/et\/toode\/hand-drawn-wallpaper-toile-de-jungle-beige\/","og_site_name":"BAUBAUWALL Wallpapers","article_publisher":"https:\/\/www.facebook.com\/Baubauwall","article_modified_time":"2024-06-18T11:54:37+00:00","og_image":[{"width":1120,"height":1600,"url":"https:\/\/baubauwall.com\/wp-content\/uploads\/2022\/02\/51100015_ToileJungle-Beige_Baubauwall_Wallpaper_room13.jpg","type":"image\/jpeg"}],"twitter_card":"summary_large_image","twitter_misc":{"Est. reading time":"1 minut"},"schema":{"@context":"https:\/\/schema.org","@graph":[{"@type":"WebPage","@id":"https:\/\/baubauwall.com\/et\/toode\/hand-drawn-wallpaper-toile-de-jungle-beige\/","url":"https:\/\/baubauwall.com\/et\/toode\/hand-drawn-wallpaper-toile-de-jungle-beige\/","name":"Hand-drawn Toile de Jungle Beige Wallpaper","isPartOf":{"@id":"https:\/\/baubauwall.com\/et\/#website"},"primaryImageOfPage":{"@id":"https:\/\/baubauwall.com\/et\/toode\/hand-drawn-wallpaper-toile-de-jungle-beige\/#primaryimage"},"image":{"@id":"https:\/\/baubauwall.com\/et\/toode\/hand-drawn-wallpaper-toile-de-jungle-beige\/#primaryimage"},"thumbnailUrl":"https:\/\/baubauwall.com\/wp-content\/uploads\/2022\/02\/51100015_ToileJungle-Beige_Baubauwall_Wallpaper_room13.jpg","datePublished":"2022-02-22T06:20:24+00:00","dateModified":"2024-06-18T11:54:37+00:00","description":"Toile de jungle in sepia. Forever classical wallpaper pattern - great choice for your home. Hand drawn jungle pattern inspired by Africa.","breadcrumb":{"@id":"https:\/\/baubauwall.com\/et\/toode\/hand-drawn-wallpaper-toile-de-jungle-beige\/#breadcrumb"},"inLanguage":"et","potentialAction":[{"@type":"ReadAction","target":["https:\/\/baubauwall.com\/et\/toode\/hand-drawn-wallpaper-toile-de-jungle-beige\/"]}]},{"@type":"ImageObject","inLanguage":"et","@id":"https:\/\/baubauwall.com\/et\/toode\/hand-drawn-wallpaper-toile-de-jungle-beige\/#primaryimage","url":"https:\/\/baubauwall.com\/wp-content\/uploads\/2022\/02\/51100015_ToileJungle-Beige_Baubauwall_Wallpaper_room13.jpg","contentUrl":"https:\/\/baubauwall.com\/wp-content\/uploads\/2022\/02\/51100015_ToileJungle-Beige_Baubauwall_Wallpaper_room13.jpg","width":1120,"height":1600,"caption":"Toile de Jouy pattern wallpaper in a living room. Non-woven wallpaper"},{"@type":"BreadcrumbList","@id":"https:\/\/baubauwall.com\/et\/toode\/hand-drawn-wallpaper-toile-de-jungle-beige\/#breadcrumb","itemListElement":[{"@type":"ListItem","position":1,"name":"Koju","item":"https:\/\/baubauwall.com\/et\/"},{"@type":"ListItem","position":2,"name":"Tapeedid","item":"https:\/\/baubauwall.com\/et\/tapeedid\/"},{"@type":"ListItem","position":3,"name":"Toile de Jungle &#8211; bee\u017e. K\u00e4sitsi illustreeritud tapeedidisain."}]},{"@type":"WebSite","@id":"https:\/\/baubauwall.com\/et\/#website","url":"https:\/\/baubauwall.com\/et\/","name":"BAUBAUWALL Wallpapers","description":"Valmis paanides tapeet Eestist!","publisher":{"@id":"https:\/\/baubauwall.com\/et\/#organization"},"potentialAction":[{"@type":"SearchAction","target":{"@type":"EntryPoint","urlTemplate":"https:\/\/baubauwall.com\/et\/?s={search_term_string}"},"query-input":{"@type":"PropertyValueSpecification","valueRequired":true,"valueName":"search_term_string"}}],"inLanguage":"et"},{"@type":"Organization","@id":"https:\/\/baubauwall.com\/et\/#organization","name":"BAUBAUWALL Wallpapers","url":"https:\/\/baubauwall.com\/et\/","logo":{"@type":"ImageObject","inLanguage":"et","@id":"https:\/\/baubauwall.com\/et\/#\/schema\/logo\/image\/","url":"https:\/\/baubauwall.com\/wp-content\/uploads\/2022\/03\/logo-horizontal.svg","contentUrl":"https:\/\/baubauwall.com\/wp-content\/uploads\/2022\/03\/logo-horizontal.svg","width":"1024","height":"1024","caption":"BAUBAUWALL Wallpapers"},"image":{"@id":"https:\/\/baubauwall.com\/et\/#\/schema\/logo\/image\/"},"sameAs":["https:\/\/www.facebook.com\/Baubauwall","https:\/\/www.instagram.com\/baubauwall"]}]}},"jetpack_sharing_enabled":true,"_links":{"self":[{"href":"https:\/\/baubauwall.com\/et\/wp-json\/wp\/v2\/product\/5447","targetHints":{"allow":["GET"]}}],"collection":[{"href":"https:\/\/baubauwall.com\/et\/wp-json\/wp\/v2\/product"}],"about":[{"href":"https:\/\/baubauwall.com\/et\/wp-json\/wp\/v2\/types\/product"}],"replies":[{"embeddable":true,"href":"https:\/\/baubauwall.com\/et\/wp-json\/wp\/v2\/comments?post=5447"}],"wp:featuredmedia":[{"embeddable":true,"href":"https:\/\/baubauwall.com\/et\/wp-json\/wp\/v2\/media\/34243"}],"wp:attachment":[{"href":"https:\/\/baubauwall.com\/et\/wp-json\/wp\/v2\/media?parent=5447"}],"wp:term":[{"taxonomy":"product_brand","embeddable":true,"href":"https:\/\/baubauwall.com\/et\/wp-json\/wp\/v2\/product_brand?post=5447"},{"taxonomy":"product_cat","embeddable":true,"href":"https:\/\/baubauwall.com\/et\/wp-json\/wp\/v2\/product_cat?post=5447"},{"taxonomy":"product_tag","embeddable":true,"href":"https:\/\/baubauwall.com\/et\/wp-json\/wp\/v2\/product_tag?post=5447"}],"curies":[{"name":"wp","href":"https:\/\/api.w.org\/{rel}","templated":true}]}}