{"id":5486,"date":"2022-01-27T21:04:34","date_gmt":"2022-01-27T19:04:34","guid":{"rendered":"https:\/\/baubauwall.com\/product\/globes-of-nordic-birds-wallpaper\/"},"modified":"2022-03-21T16:24:57","modified_gmt":"2022-03-21T16:24:57","slug":"globes-of-nordic-birds-wallpaper","status":"publish","type":"product","link":"https:\/\/baubauwall.com\/et\/toode\/globes-of-nordic-birds-wallpaper\/","title":{"rendered":"P\u00f5hjala linnud"},"content":{"rendered":"<p>Kaunis ja detailit\u00e4pne p\u00f5hjamaiste lindudega tapeedidisain. Heleroheliste ja hallikate pallide sees on justkui linnupesad. See klassikaline ja elutruu p\u00f5hjamaisest loodusest ja lindudest inspireeritud tapeet on t\u00f5eline pilgup\u00fc\u00fcdja. Linnumustriline tapeet on ajatu valik ja loob Sinu kodus stiilse \u00fcldmulje aastateks.<\/p>\n","protected":false},"excerpt":{"rendered":"<p>Kaunis ja detailit\u00e4pne p\u00f5hjamaiste lindudega tapeedidisain. Heleroheliste ja hallikate pallide sees on justkui linnupesad. See klassikaline ja elutruu p\u00f5hjamaisest loodusest ja lindudest inspireeritud tapeet on t\u00f5eline pilgup\u00fc\u00fcdja. Linnumustriline tapeet on ajatu valik ja loob Sinu kodus stiilse \u00fcldmulje aastateks.<\/p>\n","protected":false},"featured_media":993,"comment_status":"open","ping_status":"closed","template":"","meta":{"_acf_changed":false,"inline_featured_image":false},"product_brand":[],"product_cat":[386,396,388,271,272,235,413,414,415,416,399,401,402,412,254,257,561],"product_tag":[563],"class_list":{"0":"post-5486","1":"product","2":"type-product","3":"status-publish","4":"has-post-thumbnail","6":"product_cat-kordusmustriga-tapeedid","7":"product_cat-skandinaavia","8":"product_cat-vintage-et","9":"product_cat-rohelised-tapeedid","10":"product_cat-hallid-tapeedid","11":"product_cat-tuba-et","12":"product_cat-magamistoa-tapeedid","13":"product_cat-soogitoa-tapeedid","14":"product_cat-kulalistetoa-tapeedid","15":"product_cat-esiku-tapeedid","16":"product_cat-kodukontori-tapeedid","17":"product_cat-koogi-tapeedid","18":"product_cat-elutoa-tapeedid","19":"product_cat-vannitoa-tapeedid","20":"product_cat-loodus","21":"product_cat-linnud","22":"product_cat-suvised-tapeedid","23":"product_tag-biofiilia-stiil","24":"pa_designedby-baubauwall","26":"first","27":"instock","28":"taxable","29":"shipping-taxable","30":"purchasable","31":"product-type-simple"},"acf":[],"yoast_head":"<!-- This site is optimized with the Yoast SEO plugin v25.9 - https:\/\/yoast.com\/wordpress\/plugins\/seo\/ -->\n<title>Globes of Nordic Birds - Custom Printed Design Wallpaper<\/title>\n<meta name=\"description\" content=\"Illustrated birds themed wallpaper is a stylish choice. Bespoke wallpapers made to fit your walls. Custom printeddesign patterns.\" \/>\n<meta name=\"robots\" content=\"index, follow, max-snippet:-1, max-image-preview:large, max-video-preview:-1\" \/>\n<link rel=\"canonical\" href=\"https:\/\/baubauwall.com\/et\/toode\/globes-of-nordic-birds-wallpaper\/\" \/>\n<meta property=\"og:locale\" content=\"et_EE\" \/>\n<meta property=\"og:type\" content=\"article\" \/>\n<meta property=\"og:title\" content=\"Globes of Nordic Birds - Custom Printed Design Wallpaper\" \/>\n<meta property=\"og:description\" content=\"Illustrated birds themed wallpaper is a stylish choice. Bespoke wallpapers made to fit your walls. Custom printeddesign patterns.\" \/>\n<meta property=\"og:url\" content=\"https:\/\/baubauwall.com\/et\/toode\/globes-of-nordic-birds-wallpaper\/\" \/>\n<meta property=\"og:site_name\" content=\"BAUBAUWALL TAPEEDID\" \/>\n<meta property=\"article:publisher\" content=\"https:\/\/www.facebook.com\/Baubauwall\" \/>\n<meta property=\"article:modified_time\" content=\"2022-03-21T16:24:57+00:00\" \/>\n<meta property=\"og:image\" content=\"https:\/\/baubauwall.com\/wp-content\/uploads\/2022\/01\/500029_birdsandcircles_Baubauwall_wallpaper_roomview-scaled-e1645367750192.jpg\" \/>\n\t<meta property=\"og:image:width\" content=\"2560\" \/>\n\t<meta property=\"og:image:height\" content=\"1662\" \/>\n\t<meta property=\"og:image:type\" content=\"image\/jpeg\" \/>\n<meta name=\"twitter:card\" content=\"summary_large_image\" \/>\n<meta name=\"twitter:label1\" content=\"Est. reading time\" \/>\n\t<meta name=\"twitter:data1\" content=\"1 minut\" \/>\n<script type=\"application\/ld+json\" class=\"yoast-schema-graph\">{\"@context\":\"https:\/\/schema.org\",\"@graph\":[{\"@type\":\"WebPage\",\"@id\":\"https:\/\/baubauwall.com\/et\/toode\/globes-of-nordic-birds-wallpaper\/\",\"url\":\"https:\/\/baubauwall.com\/et\/toode\/globes-of-nordic-birds-wallpaper\/\",\"name\":\"Globes of Nordic Birds - Custom Printed Design Wallpaper\",\"isPartOf\":{\"@id\":\"https:\/\/baubauwall.com\/et\/#website\"},\"primaryImageOfPage\":{\"@id\":\"https:\/\/baubauwall.com\/et\/toode\/globes-of-nordic-birds-wallpaper\/#primaryimage\"},\"image\":{\"@id\":\"https:\/\/baubauwall.com\/et\/toode\/globes-of-nordic-birds-wallpaper\/#primaryimage\"},\"thumbnailUrl\":\"https:\/\/baubauwall.com\/wp-content\/uploads\/2022\/01\/500029_birdsandcircles_Baubauwall_wallpaper_roomview-scaled-e1645367750192.jpg\",\"datePublished\":\"2022-01-27T19:04:34+00:00\",\"dateModified\":\"2022-03-21T16:24:57+00:00\",\"description\":\"Illustrated birds themed wallpaper is a stylish choice. Bespoke wallpapers made to fit your walls. Custom printeddesign patterns.\",\"breadcrumb\":{\"@id\":\"https:\/\/baubauwall.com\/et\/toode\/globes-of-nordic-birds-wallpaper\/#breadcrumb\"},\"inLanguage\":\"et\",\"potentialAction\":[{\"@type\":\"ReadAction\",\"target\":[\"https:\/\/baubauwall.com\/et\/toode\/globes-of-nordic-birds-wallpaper\/\"]}]},{\"@type\":\"ImageObject\",\"inLanguage\":\"et\",\"@id\":\"https:\/\/baubauwall.com\/et\/toode\/globes-of-nordic-birds-wallpaper\/#primaryimage\",\"url\":\"https:\/\/baubauwall.com\/wp-content\/uploads\/2022\/01\/500029_birdsandcircles_Baubauwall_wallpaper_roomview-scaled-e1645367750192.jpg\",\"contentUrl\":\"https:\/\/baubauwall.com\/wp-content\/uploads\/2022\/01\/500029_birdsandcircles_Baubauwall_wallpaper_roomview-scaled-e1645367750192.jpg\",\"width\":1232,\"height\":800,\"caption\":\"51100027\"},{\"@type\":\"BreadcrumbList\",\"@id\":\"https:\/\/baubauwall.com\/et\/toode\/globes-of-nordic-birds-wallpaper\/#breadcrumb\",\"itemListElement\":[{\"@type\":\"ListItem\",\"position\":1,\"name\":\"Koju\",\"item\":\"https:\/\/baubauwall.com\/et\/\"},{\"@type\":\"ListItem\",\"position\":2,\"name\":\"Tapeedid\",\"item\":\"https:\/\/baubauwall.com\/et\/tapeedid\/\"},{\"@type\":\"ListItem\",\"position\":3,\"name\":\"P\u00f5hjala linnud\"}]},{\"@type\":\"WebSite\",\"@id\":\"https:\/\/baubauwall.com\/et\/#website\",\"url\":\"https:\/\/baubauwall.com\/et\/\",\"name\":\"BAUBAUWALL Wallpapers\",\"description\":\"Valmis paanides tapeet Eestist!\",\"publisher\":{\"@id\":\"https:\/\/baubauwall.com\/et\/#organization\"},\"potentialAction\":[{\"@type\":\"SearchAction\",\"target\":{\"@type\":\"EntryPoint\",\"urlTemplate\":\"https:\/\/baubauwall.com\/et\/?s={search_term_string}\"},\"query-input\":{\"@type\":\"PropertyValueSpecification\",\"valueRequired\":true,\"valueName\":\"search_term_string\"}}],\"inLanguage\":\"et\"},{\"@type\":\"Organization\",\"@id\":\"https:\/\/baubauwall.com\/et\/#organization\",\"name\":\"BAUBAUWALL Wallpapers\",\"url\":\"https:\/\/baubauwall.com\/et\/\",\"logo\":{\"@type\":\"ImageObject\",\"inLanguage\":\"et\",\"@id\":\"https:\/\/baubauwall.com\/et\/#\/schema\/logo\/image\/\",\"url\":\"https:\/\/baubauwall.com\/wp-content\/uploads\/2022\/03\/logo-horizontal.svg\",\"contentUrl\":\"https:\/\/baubauwall.com\/wp-content\/uploads\/2022\/03\/logo-horizontal.svg\",\"width\":\"1024\",\"height\":\"1024\",\"caption\":\"BAUBAUWALL Wallpapers\"},\"image\":{\"@id\":\"https:\/\/baubauwall.com\/et\/#\/schema\/logo\/image\/\"},\"sameAs\":[\"https:\/\/www.facebook.com\/Baubauwall\",\"https:\/\/www.instagram.com\/baubauwall\"]}]}<\/script>\n<!-- \/ Yoast SEO plugin. -->","yoast_head_json":{"title":"Globes of Nordic Birds - Custom Printed Design Wallpaper","description":"Illustrated birds themed wallpaper is a stylish choice. Bespoke wallpapers made to fit your walls. Custom printeddesign patterns.","robots":{"index":"index","follow":"follow","max-snippet":"max-snippet:-1","max-image-preview":"max-image-preview:large","max-video-preview":"max-video-preview:-1"},"canonical":"https:\/\/baubauwall.com\/et\/toode\/globes-of-nordic-birds-wallpaper\/","og_locale":"et_EE","og_type":"article","og_title":"Globes of Nordic Birds - Custom Printed Design Wallpaper","og_description":"Illustrated birds themed wallpaper is a stylish choice. Bespoke wallpapers made to fit your walls. Custom printeddesign patterns.","og_url":"https:\/\/baubauwall.com\/et\/toode\/globes-of-nordic-birds-wallpaper\/","og_site_name":"BAUBAUWALL TAPEEDID","article_publisher":"https:\/\/www.facebook.com\/Baubauwall","article_modified_time":"2022-03-21T16:24:57+00:00","og_image":[{"width":2560,"height":1662,"url":"https:\/\/baubauwall.com\/wp-content\/uploads\/2022\/01\/500029_birdsandcircles_Baubauwall_wallpaper_roomview-scaled-e1645367750192.jpg","type":"image\/jpeg"}],"twitter_card":"summary_large_image","twitter_misc":{"Est. reading time":"1 minut"},"schema":{"@context":"https:\/\/schema.org","@graph":[{"@type":"WebPage","@id":"https:\/\/baubauwall.com\/et\/toode\/globes-of-nordic-birds-wallpaper\/","url":"https:\/\/baubauwall.com\/et\/toode\/globes-of-nordic-birds-wallpaper\/","name":"Globes of Nordic Birds - Custom Printed Design Wallpaper","isPartOf":{"@id":"https:\/\/baubauwall.com\/et\/#website"},"primaryImageOfPage":{"@id":"https:\/\/baubauwall.com\/et\/toode\/globes-of-nordic-birds-wallpaper\/#primaryimage"},"image":{"@id":"https:\/\/baubauwall.com\/et\/toode\/globes-of-nordic-birds-wallpaper\/#primaryimage"},"thumbnailUrl":"https:\/\/baubauwall.com\/wp-content\/uploads\/2022\/01\/500029_birdsandcircles_Baubauwall_wallpaper_roomview-scaled-e1645367750192.jpg","datePublished":"2022-01-27T19:04:34+00:00","dateModified":"2022-03-21T16:24:57+00:00","description":"Illustrated birds themed wallpaper is a stylish choice. Bespoke wallpapers made to fit your walls. Custom printeddesign patterns.","breadcrumb":{"@id":"https:\/\/baubauwall.com\/et\/toode\/globes-of-nordic-birds-wallpaper\/#breadcrumb"},"inLanguage":"et","potentialAction":[{"@type":"ReadAction","target":["https:\/\/baubauwall.com\/et\/toode\/globes-of-nordic-birds-wallpaper\/"]}]},{"@type":"ImageObject","inLanguage":"et","@id":"https:\/\/baubauwall.com\/et\/toode\/globes-of-nordic-birds-wallpaper\/#primaryimage","url":"https:\/\/baubauwall.com\/wp-content\/uploads\/2022\/01\/500029_birdsandcircles_Baubauwall_wallpaper_roomview-scaled-e1645367750192.jpg","contentUrl":"https:\/\/baubauwall.com\/wp-content\/uploads\/2022\/01\/500029_birdsandcircles_Baubauwall_wallpaper_roomview-scaled-e1645367750192.jpg","width":1232,"height":800,"caption":"51100027"},{"@type":"BreadcrumbList","@id":"https:\/\/baubauwall.com\/et\/toode\/globes-of-nordic-birds-wallpaper\/#breadcrumb","itemListElement":[{"@type":"ListItem","position":1,"name":"Koju","item":"https:\/\/baubauwall.com\/et\/"},{"@type":"ListItem","position":2,"name":"Tapeedid","item":"https:\/\/baubauwall.com\/et\/tapeedid\/"},{"@type":"ListItem","position":3,"name":"P\u00f5hjala linnud"}]},{"@type":"WebSite","@id":"https:\/\/baubauwall.com\/et\/#website","url":"https:\/\/baubauwall.com\/et\/","name":"BAUBAUWALL Wallpapers","description":"Valmis paanides tapeet Eestist!","publisher":{"@id":"https:\/\/baubauwall.com\/et\/#organization"},"potentialAction":[{"@type":"SearchAction","target":{"@type":"EntryPoint","urlTemplate":"https:\/\/baubauwall.com\/et\/?s={search_term_string}"},"query-input":{"@type":"PropertyValueSpecification","valueRequired":true,"valueName":"search_term_string"}}],"inLanguage":"et"},{"@type":"Organization","@id":"https:\/\/baubauwall.com\/et\/#organization","name":"BAUBAUWALL Wallpapers","url":"https:\/\/baubauwall.com\/et\/","logo":{"@type":"ImageObject","inLanguage":"et","@id":"https:\/\/baubauwall.com\/et\/#\/schema\/logo\/image\/","url":"https:\/\/baubauwall.com\/wp-content\/uploads\/2022\/03\/logo-horizontal.svg","contentUrl":"https:\/\/baubauwall.com\/wp-content\/uploads\/2022\/03\/logo-horizontal.svg","width":"1024","height":"1024","caption":"BAUBAUWALL Wallpapers"},"image":{"@id":"https:\/\/baubauwall.com\/et\/#\/schema\/logo\/image\/"},"sameAs":["https:\/\/www.facebook.com\/Baubauwall","https:\/\/www.instagram.com\/baubauwall"]}]}},"jetpack_sharing_enabled":true,"_links":{"self":[{"href":"https:\/\/baubauwall.com\/et\/wp-json\/wp\/v2\/product\/5486","targetHints":{"allow":["GET"]}}],"collection":[{"href":"https:\/\/baubauwall.com\/et\/wp-json\/wp\/v2\/product"}],"about":[{"href":"https:\/\/baubauwall.com\/et\/wp-json\/wp\/v2\/types\/product"}],"replies":[{"embeddable":true,"href":"https:\/\/baubauwall.com\/et\/wp-json\/wp\/v2\/comments?post=5486"}],"wp:featuredmedia":[{"embeddable":true,"href":"https:\/\/baubauwall.com\/et\/wp-json\/wp\/v2\/media\/993"}],"wp:attachment":[{"href":"https:\/\/baubauwall.com\/et\/wp-json\/wp\/v2\/media?parent=5486"}],"wp:term":[{"taxonomy":"product_brand","embeddable":true,"href":"https:\/\/baubauwall.com\/et\/wp-json\/wp\/v2\/product_brand?post=5486"},{"taxonomy":"product_cat","embeddable":true,"href":"https:\/\/baubauwall.com\/et\/wp-json\/wp\/v2\/product_cat?post=5486"},{"taxonomy":"product_tag","embeddable":true,"href":"https:\/\/baubauwall.com\/et\/wp-json\/wp\/v2\/product_tag?post=5486"}],"curies":[{"name":"wp","href":"https:\/\/api.w.org\/{rel}","templated":true}]}}