{"id":5488,"date":"2022-01-31T10:47:37","date_gmt":"2022-01-31T08:47:37","guid":{"rendered":"https:\/\/baubauwall.com\/product\/blueberry-blues-in-pink-wallpaper\/"},"modified":"2024-08-06T12:34:36","modified_gmt":"2024-08-06T10:34:36","slug":"blueberry-blues-in-pink-wallpaper","status":"publish","type":"product","link":"https:\/\/baubauwall.com\/et\/toode\/blueberry-blues-in-pink-wallpaper\/","title":{"rendered":"Blueberry Blues &#8211; heleroosa"},"content":{"rendered":"<p>Kui elu kingib sulle mustikaid &#8230; tee mustikamuffineid! V\u00f5i hoopis kata oma seinad selle kaunilt k\u00e4sitsi maalitud p\u00f5hjamaise mustikaokstega tapeediga ja loo tunne, nagu jalutaksid marjamaal.<br \/>\nMustikamustriga tapeet sobib eriliselt h\u00e4sti <em>vintage <\/em>h\u00f5nguga interj\u00f6\u00f6ri v\u00f5i maamajja. See tapeet loob koheselt hubase ja loodusl\u00e4hedase tunde interj\u00f6\u00f6ri.\u00a0Diskreetsed pastelsed toonid v\u00f5imaldavad seda tapeeti h\u00f5lpsalt sobitada m\u00f6\u00f6bliga.<\/p>\n<p>Baubauwallist tellides saad tapeedi t\u00e4pselt oma seina m\u00f5\u00f5dus, valmis l\u00f5igatud paanides. Tapeedipaanid on nummerdatud ja just nii k\u00f5rged, kui Sinu sein. Sa ei pea ise arvutama, kui palju tapeeti vaja on v\u00f5i kuidas muster kokku l\u00e4heb. Teeme selle t\u00f6\u00f6 Sinu eest. Sinu ainuke v\u00e4ljakutse on valida v\u00e4lja sobiv tapeet ning sein \u00e4ra m\u00f5\u00f5ta. Kuidas erinevaid seinu tapeetimiseks m\u00f5\u00f5ta,\u00a0<a href=\"https:\/\/baubauwall.com\/et\/nipid\/tapeedi-koguse-planeerimine-seina-mootmine\/\" target=\"_blank\" rel=\"noopener\">loe l\u00e4hemalt blogiartiklis.\u00a0<\/a><\/p>\n","protected":false},"excerpt":{"rendered":"<p>Kui elu kingib sulle mustikaid &#8230; tee mustikamuffineid! V\u00f5i hoopis kata oma seinad selle kaunilt k\u00e4sitsi maalitud p\u00f5hjamaise mustikaokstega tapeediga ja loo tunne, nagu jalutaksid marjamaal. Mustikamustriga tapeet sobib eriliselt h\u00e4sti vintage h\u00f5nguga interj\u00f6\u00f6ri v\u00f5i maamajja. See tapeet loob koheselt hubase ja loodusl\u00e4hedase tunde interj\u00f6\u00f6ri.\u00a0Diskreetsed pastelsed toonid v\u00f5imaldavad seda tapeeti h\u00f5lpsalt sobitada m\u00f6\u00f6bliga. Baubauwallist tellides [&hellip;]<\/p>\n","protected":false},"featured_media":916,"comment_status":"open","ping_status":"closed","template":"","meta":{"_acf_changed":false,"inline_featured_image":false},"product_brand":[],"product_cat":[386,395,406,388,271,273,276,278,413,400,414,415,416,399,401,402,254,256,561],"product_tag":[],"class_list":{"0":"post-5488","1":"product","2":"type-product","3":"status-publish","4":"has-post-thumbnail","6":"product_cat-kordusmustriga-tapeedid","7":"product_cat-romantiline","8":"product_cat-klassika","9":"product_cat-vintage-et","10":"product_cat-rohelised-tapeedid","11":"product_cat-heledad-tapeedid","12":"product_cat-pastelsed-tapeedid","13":"product_cat-roosad-tapeedid","14":"product_cat-magamistoa-tapeedid","15":"product_cat-lastetoa-tapeedid","16":"product_cat-soogitoa-tapeedid","17":"product_cat-kulalistetoa-tapeedid","18":"product_cat-esiku-tapeedid","19":"product_cat-kodukontori-tapeedid","20":"product_cat-koogi-tapeedid","21":"product_cat-elutoa-tapeedid","22":"product_cat-loodus","23":"product_cat-marjad","24":"product_cat-suvised-tapeedid","25":"pa_designedby-baubauwall","27":"first","28":"instock","29":"taxable","30":"shipping-taxable","31":"purchasable","32":"product-type-simple"},"acf":[],"yoast_head":"<!-- This site is optimized with the Yoast SEO plugin v25.9 - https:\/\/yoast.com\/wordpress\/plugins\/seo\/ -->\n<title>Romantiline tapeet mustikatega vintage stiilis interj\u00f6\u00f6ri.<\/title>\n<meta name=\"description\" content=\"Tapeet k\u00e4sitsi maalitud mustikatega \u00f5rnalt roosal taustal. Ajatu romantiline tapeet hubase ruumi loomiseks, olgu see suvila v\u00f5i vanas stiilis linnakodu.\" \/>\n<meta name=\"robots\" content=\"index, follow, max-snippet:-1, max-image-preview:large, max-video-preview:-1\" \/>\n<link rel=\"canonical\" href=\"https:\/\/baubauwall.com\/et\/toode\/blueberry-blues-in-pink-wallpaper\/\" \/>\n<meta property=\"og:locale\" content=\"et_EE\" \/>\n<meta property=\"og:type\" content=\"article\" \/>\n<meta property=\"og:title\" content=\"BAUBAUWALL TAPEEDID\" \/>\n<meta property=\"og:description\" content=\"Blueberry Blues - heleroosa\" \/>\n<meta property=\"og:url\" content=\"https:\/\/baubauwall.com\/et\/toode\/blueberry-blues-in-pink-wallpaper\/\" \/>\n<meta property=\"og:site_name\" content=\"BAUBAUWALL TAPEEDID\" \/>\n<meta property=\"article:publisher\" content=\"https:\/\/www.facebook.com\/Baubauwall\" \/>\n<meta property=\"article:modified_time\" content=\"2024-08-06T10:34:36+00:00\" \/>\n<meta property=\"og:image\" content=\"https:\/\/baubauwall.com\/wp-content\/uploads\/2022\/01\/51100031_Blueberries-LightPink_Baubauwall_Wallpaper_room5.jpg\" \/>\n\t<meta property=\"og:image:width\" content=\"600\" \/>\n\t<meta property=\"og:image:height\" content=\"800\" \/>\n\t<meta property=\"og:image:type\" content=\"image\/jpeg\" \/>\n<meta name=\"twitter:card\" content=\"summary_large_image\" \/>\n<meta name=\"twitter:label1\" content=\"Est. reading time\" \/>\n\t<meta name=\"twitter:data1\" content=\"1 minut\" \/>\n<script type=\"application\/ld+json\" class=\"yoast-schema-graph\">{\"@context\":\"https:\/\/schema.org\",\"@graph\":[{\"@type\":\"WebPage\",\"@id\":\"https:\/\/baubauwall.com\/et\/toode\/blueberry-blues-in-pink-wallpaper\/\",\"url\":\"https:\/\/baubauwall.com\/et\/toode\/blueberry-blues-in-pink-wallpaper\/\",\"name\":\"Romantiline tapeet mustikatega vintage stiilis interj\u00f6\u00f6ri.\",\"isPartOf\":{\"@id\":\"https:\/\/baubauwall.com\/et\/#website\"},\"primaryImageOfPage\":{\"@id\":\"https:\/\/baubauwall.com\/et\/toode\/blueberry-blues-in-pink-wallpaper\/#primaryimage\"},\"image\":{\"@id\":\"https:\/\/baubauwall.com\/et\/toode\/blueberry-blues-in-pink-wallpaper\/#primaryimage\"},\"thumbnailUrl\":\"https:\/\/baubauwall.com\/wp-content\/uploads\/2022\/01\/500031_blueberries_blue_Baubauwall_wallpaper_-roomview2-scaled-e1645128220873.jpg\",\"datePublished\":\"2022-01-31T08:47:37+00:00\",\"dateModified\":\"2024-08-06T10:34:36+00:00\",\"description\":\"Tapeet k\u00e4sitsi maalitud mustikatega \u00f5rnalt roosal taustal. Ajatu romantiline tapeet hubase ruumi loomiseks, olgu see suvila v\u00f5i vanas stiilis linnakodu.\",\"breadcrumb\":{\"@id\":\"https:\/\/baubauwall.com\/et\/toode\/blueberry-blues-in-pink-wallpaper\/#breadcrumb\"},\"inLanguage\":\"et\",\"potentialAction\":[{\"@type\":\"ReadAction\",\"target\":[\"https:\/\/baubauwall.com\/et\/toode\/blueberry-blues-in-pink-wallpaper\/\"]}]},{\"@type\":\"ImageObject\",\"inLanguage\":\"et\",\"@id\":\"https:\/\/baubauwall.com\/et\/toode\/blueberry-blues-in-pink-wallpaper\/#primaryimage\",\"url\":\"https:\/\/baubauwall.com\/wp-content\/uploads\/2022\/01\/500031_blueberries_blue_Baubauwall_wallpaper_-roomview2-scaled-e1645128220873.jpg\",\"contentUrl\":\"https:\/\/baubauwall.com\/wp-content\/uploads\/2022\/01\/500031_blueberries_blue_Baubauwall_wallpaper_-roomview2-scaled-e1645128220873.jpg\",\"width\":1200,\"height\":800,\"caption\":\"Minimal aesthetic interior home decor\"},{\"@type\":\"BreadcrumbList\",\"@id\":\"https:\/\/baubauwall.com\/et\/toode\/blueberry-blues-in-pink-wallpaper\/#breadcrumb\",\"itemListElement\":[{\"@type\":\"ListItem\",\"position\":1,\"name\":\"Koju\",\"item\":\"https:\/\/baubauwall.com\/et\/\"},{\"@type\":\"ListItem\",\"position\":2,\"name\":\"Tapeedid\",\"item\":\"https:\/\/baubauwall.com\/et\/tapeedid\/\"},{\"@type\":\"ListItem\",\"position\":3,\"name\":\"Blueberry Blues &#8211; heleroosa\"}]},{\"@type\":\"WebSite\",\"@id\":\"https:\/\/baubauwall.com\/et\/#website\",\"url\":\"https:\/\/baubauwall.com\/et\/\",\"name\":\"BAUBAUWALL Wallpapers\",\"description\":\"Valmis paanides tapeet Eestist!\",\"publisher\":{\"@id\":\"https:\/\/baubauwall.com\/et\/#organization\"},\"potentialAction\":[{\"@type\":\"SearchAction\",\"target\":{\"@type\":\"EntryPoint\",\"urlTemplate\":\"https:\/\/baubauwall.com\/et\/?s={search_term_string}\"},\"query-input\":{\"@type\":\"PropertyValueSpecification\",\"valueRequired\":true,\"valueName\":\"search_term_string\"}}],\"inLanguage\":\"et\"},{\"@type\":\"Organization\",\"@id\":\"https:\/\/baubauwall.com\/et\/#organization\",\"name\":\"BAUBAUWALL Wallpapers\",\"url\":\"https:\/\/baubauwall.com\/et\/\",\"logo\":{\"@type\":\"ImageObject\",\"inLanguage\":\"et\",\"@id\":\"https:\/\/baubauwall.com\/et\/#\/schema\/logo\/image\/\",\"url\":\"https:\/\/baubauwall.com\/wp-content\/uploads\/2022\/03\/logo-horizontal.svg\",\"contentUrl\":\"https:\/\/baubauwall.com\/wp-content\/uploads\/2022\/03\/logo-horizontal.svg\",\"width\":\"1024\",\"height\":\"1024\",\"caption\":\"BAUBAUWALL Wallpapers\"},\"image\":{\"@id\":\"https:\/\/baubauwall.com\/et\/#\/schema\/logo\/image\/\"},\"sameAs\":[\"https:\/\/www.facebook.com\/Baubauwall\",\"https:\/\/www.instagram.com\/baubauwall\"]}]}<\/script>\n<!-- \/ Yoast SEO plugin. -->","yoast_head_json":{"title":"Romantiline tapeet mustikatega vintage stiilis interj\u00f6\u00f6ri.","description":"Tapeet k\u00e4sitsi maalitud mustikatega \u00f5rnalt roosal taustal. Ajatu romantiline tapeet hubase ruumi loomiseks, olgu see suvila v\u00f5i vanas stiilis linnakodu.","robots":{"index":"index","follow":"follow","max-snippet":"max-snippet:-1","max-image-preview":"max-image-preview:large","max-video-preview":"max-video-preview:-1"},"canonical":"https:\/\/baubauwall.com\/et\/toode\/blueberry-blues-in-pink-wallpaper\/","og_locale":"et_EE","og_type":"article","og_title":"BAUBAUWALL TAPEEDID","og_description":"Blueberry Blues - heleroosa","og_url":"https:\/\/baubauwall.com\/et\/toode\/blueberry-blues-in-pink-wallpaper\/","og_site_name":"BAUBAUWALL TAPEEDID","article_publisher":"https:\/\/www.facebook.com\/Baubauwall","article_modified_time":"2024-08-06T10:34:36+00:00","og_image":[{"width":600,"height":800,"url":"https:\/\/baubauwall.com\/wp-content\/uploads\/2022\/01\/51100031_Blueberries-LightPink_Baubauwall_Wallpaper_room5.jpg","type":"image\/jpeg"}],"twitter_card":"summary_large_image","twitter_misc":{"Est. reading time":"1 minut"},"schema":{"@context":"https:\/\/schema.org","@graph":[{"@type":"WebPage","@id":"https:\/\/baubauwall.com\/et\/toode\/blueberry-blues-in-pink-wallpaper\/","url":"https:\/\/baubauwall.com\/et\/toode\/blueberry-blues-in-pink-wallpaper\/","name":"Romantiline tapeet mustikatega vintage stiilis interj\u00f6\u00f6ri.","isPartOf":{"@id":"https:\/\/baubauwall.com\/et\/#website"},"primaryImageOfPage":{"@id":"https:\/\/baubauwall.com\/et\/toode\/blueberry-blues-in-pink-wallpaper\/#primaryimage"},"image":{"@id":"https:\/\/baubauwall.com\/et\/toode\/blueberry-blues-in-pink-wallpaper\/#primaryimage"},"thumbnailUrl":"https:\/\/baubauwall.com\/wp-content\/uploads\/2022\/01\/500031_blueberries_blue_Baubauwall_wallpaper_-roomview2-scaled-e1645128220873.jpg","datePublished":"2022-01-31T08:47:37+00:00","dateModified":"2024-08-06T10:34:36+00:00","description":"Tapeet k\u00e4sitsi maalitud mustikatega \u00f5rnalt roosal taustal. Ajatu romantiline tapeet hubase ruumi loomiseks, olgu see suvila v\u00f5i vanas stiilis linnakodu.","breadcrumb":{"@id":"https:\/\/baubauwall.com\/et\/toode\/blueberry-blues-in-pink-wallpaper\/#breadcrumb"},"inLanguage":"et","potentialAction":[{"@type":"ReadAction","target":["https:\/\/baubauwall.com\/et\/toode\/blueberry-blues-in-pink-wallpaper\/"]}]},{"@type":"ImageObject","inLanguage":"et","@id":"https:\/\/baubauwall.com\/et\/toode\/blueberry-blues-in-pink-wallpaper\/#primaryimage","url":"https:\/\/baubauwall.com\/wp-content\/uploads\/2022\/01\/500031_blueberries_blue_Baubauwall_wallpaper_-roomview2-scaled-e1645128220873.jpg","contentUrl":"https:\/\/baubauwall.com\/wp-content\/uploads\/2022\/01\/500031_blueberries_blue_Baubauwall_wallpaper_-roomview2-scaled-e1645128220873.jpg","width":1200,"height":800,"caption":"Minimal aesthetic interior home decor"},{"@type":"BreadcrumbList","@id":"https:\/\/baubauwall.com\/et\/toode\/blueberry-blues-in-pink-wallpaper\/#breadcrumb","itemListElement":[{"@type":"ListItem","position":1,"name":"Koju","item":"https:\/\/baubauwall.com\/et\/"},{"@type":"ListItem","position":2,"name":"Tapeedid","item":"https:\/\/baubauwall.com\/et\/tapeedid\/"},{"@type":"ListItem","position":3,"name":"Blueberry Blues &#8211; heleroosa"}]},{"@type":"WebSite","@id":"https:\/\/baubauwall.com\/et\/#website","url":"https:\/\/baubauwall.com\/et\/","name":"BAUBAUWALL Wallpapers","description":"Valmis paanides tapeet Eestist!","publisher":{"@id":"https:\/\/baubauwall.com\/et\/#organization"},"potentialAction":[{"@type":"SearchAction","target":{"@type":"EntryPoint","urlTemplate":"https:\/\/baubauwall.com\/et\/?s={search_term_string}"},"query-input":{"@type":"PropertyValueSpecification","valueRequired":true,"valueName":"search_term_string"}}],"inLanguage":"et"},{"@type":"Organization","@id":"https:\/\/baubauwall.com\/et\/#organization","name":"BAUBAUWALL Wallpapers","url":"https:\/\/baubauwall.com\/et\/","logo":{"@type":"ImageObject","inLanguage":"et","@id":"https:\/\/baubauwall.com\/et\/#\/schema\/logo\/image\/","url":"https:\/\/baubauwall.com\/wp-content\/uploads\/2022\/03\/logo-horizontal.svg","contentUrl":"https:\/\/baubauwall.com\/wp-content\/uploads\/2022\/03\/logo-horizontal.svg","width":"1024","height":"1024","caption":"BAUBAUWALL Wallpapers"},"image":{"@id":"https:\/\/baubauwall.com\/et\/#\/schema\/logo\/image\/"},"sameAs":["https:\/\/www.facebook.com\/Baubauwall","https:\/\/www.instagram.com\/baubauwall"]}]}},"jetpack_sharing_enabled":true,"_links":{"self":[{"href":"https:\/\/baubauwall.com\/et\/wp-json\/wp\/v2\/product\/5488","targetHints":{"allow":["GET"]}}],"collection":[{"href":"https:\/\/baubauwall.com\/et\/wp-json\/wp\/v2\/product"}],"about":[{"href":"https:\/\/baubauwall.com\/et\/wp-json\/wp\/v2\/types\/product"}],"replies":[{"embeddable":true,"href":"https:\/\/baubauwall.com\/et\/wp-json\/wp\/v2\/comments?post=5488"}],"wp:featuredmedia":[{"embeddable":true,"href":"https:\/\/baubauwall.com\/et\/wp-json\/wp\/v2\/media\/916"}],"wp:attachment":[{"href":"https:\/\/baubauwall.com\/et\/wp-json\/wp\/v2\/media?parent=5488"}],"wp:term":[{"taxonomy":"product_brand","embeddable":true,"href":"https:\/\/baubauwall.com\/et\/wp-json\/wp\/v2\/product_brand?post=5488"},{"taxonomy":"product_cat","embeddable":true,"href":"https:\/\/baubauwall.com\/et\/wp-json\/wp\/v2\/product_cat?post=5488"},{"taxonomy":"product_tag","embeddable":true,"href":"https:\/\/baubauwall.com\/et\/wp-json\/wp\/v2\/product_tag?post=5488"}],"curies":[{"name":"wp","href":"https:\/\/api.w.org\/{rel}","templated":true}]}}