{"id":5489,"date":"2022-02-22T08:20:27","date_gmt":"2022-02-22T08:20:27","guid":{"rendered":"https:\/\/baubauwall.com\/product\/add-slice-of-lemon-please-wallpaper\/"},"modified":"2022-06-29T13:56:12","modified_gmt":"2022-06-29T11:56:12","slug":"tapeet-sidruniviil-palun","status":"publish","type":"product","link":"https:\/\/baubauwall.com\/et\/toode\/tapeet-sidruniviil-palun\/","title":{"rendered":"Sidruniviil, palun!"},"content":{"rendered":"<p>Kas eelistad oma jooki viilu sidruniga v\u00f5i ilma? \u00d6eldakse, et kui elu kingib Sulle sidruneid, tee sidrunilimonaadi! V\u00f5i siis pane need c-vitamiini t\u00e4is tsitrused oma seintele ja ammuta neist energiat kogu aasta v\u00e4ltel!<br \/>\nSee kaasaegne tapeet r\u00f5\u00f5msate kollaste sidruniviilude ja bee\u017ei v\u00e4rvipaletiga \u00fchendab Su seintel suvetunde ja kunsti.<\/p>\n","protected":false},"excerpt":{"rendered":"<p>Kas eelistad oma jooki viilu sidruniga v\u00f5i ilma? \u00d6eldakse, et kui elu kingib Sulle sidruneid, tee sidrunilimonaadi! V\u00f5i siis pane need c-vitamiini t\u00e4is tsitrused oma seintele ja ammuta neist energiat kogu aasta v\u00e4ltel! See kaasaegne tapeet r\u00f5\u00f5msate kollaste sidruniviilude ja bee\u017ei v\u00e4rvipaletiga \u00fchendab Su seintel suvetunde ja kunsti.<\/p>\n","protected":false},"featured_media":42874,"comment_status":"open","ping_status":"closed","template":"","meta":{"_acf_changed":false,"inline_featured_image":false},"product_brand":[],"product_cat":[386,404,391,388,268,272,411,414,415,416,399,401,402,261,715],"product_tag":[],"class_list":{"0":"post-5489","1":"product","2":"type-product","3":"status-publish","4":"has-post-thumbnail","6":"product_cat-kordusmustriga-tapeedid","7":"product_cat-abstraktne","8":"product_cat-vahemereline","9":"product_cat-vintage-et","10":"product_cat-kirkad-tapeedid","11":"product_cat-hallid-tapeedid","12":"product_cat-kollased-tapeedid","13":"product_cat-soogitoa-tapeedid","14":"product_cat-kulalistetoa-tapeedid","15":"product_cat-esiku-tapeedid","16":"product_cat-kodukontori-tapeedid","17":"product_cat-koogi-tapeedid","18":"product_cat-elutoa-tapeedid","19":"product_cat-puuviljad","20":"product_cat-soodsad-tapeedid-leiunurk","21":"pa_designedby-baubauwall","23":"first","24":"instock","25":"sale","26":"taxable","27":"shipping-taxable","28":"purchasable","29":"product-type-simple"},"acf":[],"yoast_head":"<!-- This site is optimized with the Yoast SEO plugin v25.9 - https:\/\/yoast.com\/wordpress\/plugins\/seo\/ -->\n<title>Tapeet \u00dcks sidruniviil palun! R\u00f5\u00f5mus kollane tapeedidisain. Fliistapeedid.<\/title>\n<meta name=\"description\" content=\"R\u00e4tsepat\u00f6\u00f6na valmivad tapeedid. Tapeet kollaste sidrunitega heledal taustal. Eriline tapeet magamistuppa, elutoa seinale v\u00f5i kodukontorisse.\" \/>\n<meta name=\"robots\" content=\"index, follow, max-snippet:-1, max-image-preview:large, max-video-preview:-1\" \/>\n<link rel=\"canonical\" href=\"https:\/\/baubauwall.com\/et\/toode\/tapeet-sidruniviil-palun\/\" \/>\n<meta property=\"og:locale\" content=\"et_EE\" \/>\n<meta property=\"og:type\" content=\"article\" \/>\n<meta property=\"og:title\" content=\"Tapeet \u00dcks sidruniviil palun! R\u00f5\u00f5mus kollane tapeedidisain. Fliistapeedid.\" \/>\n<meta property=\"og:description\" content=\"R\u00e4tsepat\u00f6\u00f6na valmivad tapeedid. Tapeet kollaste sidrunitega heledal taustal. Eriline tapeet magamistuppa, elutoa seinale v\u00f5i kodukontorisse.\" \/>\n<meta property=\"og:url\" content=\"https:\/\/baubauwall.com\/et\/toode\/tapeet-sidruniviil-palun\/\" \/>\n<meta property=\"og:site_name\" content=\"BAUBAUWALL TAPEEDID\" \/>\n<meta property=\"article:publisher\" content=\"https:\/\/www.facebook.com\/Baubauwall\" \/>\n<meta property=\"article:modified_time\" content=\"2022-06-29T11:56:12+00:00\" \/>\n<meta property=\"og:image\" content=\"https:\/\/baubauwall.com\/wp-content\/uploads\/2022\/02\/51100032_Lemonslice_Baubauwall_Wallpaper_room2.jpg\" \/>\n\t<meta property=\"og:image:width\" content=\"800\" \/>\n\t<meta property=\"og:image:height\" content=\"800\" \/>\n\t<meta property=\"og:image:type\" content=\"image\/jpeg\" \/>\n<meta name=\"twitter:card\" content=\"summary_large_image\" \/>\n<meta name=\"twitter:label1\" content=\"Est. reading time\" \/>\n\t<meta name=\"twitter:data1\" content=\"1 minut\" \/>\n<script type=\"application\/ld+json\" class=\"yoast-schema-graph\">{\"@context\":\"https:\/\/schema.org\",\"@graph\":[{\"@type\":\"WebPage\",\"@id\":\"https:\/\/baubauwall.com\/et\/toode\/tapeet-sidruniviil-palun\/\",\"url\":\"https:\/\/baubauwall.com\/et\/toode\/tapeet-sidruniviil-palun\/\",\"name\":\"Tapeet \u00dcks sidruniviil palun! R\u00f5\u00f5mus kollane tapeedidisain. Fliistapeedid.\",\"isPartOf\":{\"@id\":\"https:\/\/baubauwall.com\/et\/#website\"},\"primaryImageOfPage\":{\"@id\":\"https:\/\/baubauwall.com\/et\/toode\/tapeet-sidruniviil-palun\/#primaryimage\"},\"image\":{\"@id\":\"https:\/\/baubauwall.com\/et\/toode\/tapeet-sidruniviil-palun\/#primaryimage\"},\"thumbnailUrl\":\"https:\/\/baubauwall.com\/wp-content\/uploads\/2022\/02\/51100032_Lemonslice_Baubauwall_Wallpaper_room8.jpg\",\"datePublished\":\"2022-02-22T08:20:27+00:00\",\"dateModified\":\"2022-06-29T11:56:12+00:00\",\"description\":\"R\u00e4tsepat\u00f6\u00f6na valmivad tapeedid. Tapeet kollaste sidrunitega heledal taustal. Eriline tapeet magamistuppa, elutoa seinale v\u00f5i kodukontorisse.\",\"breadcrumb\":{\"@id\":\"https:\/\/baubauwall.com\/et\/toode\/tapeet-sidruniviil-palun\/#breadcrumb\"},\"inLanguage\":\"et\",\"potentialAction\":[{\"@type\":\"ReadAction\",\"target\":[\"https:\/\/baubauwall.com\/et\/toode\/tapeet-sidruniviil-palun\/\"]}]},{\"@type\":\"ImageObject\",\"inLanguage\":\"et\",\"@id\":\"https:\/\/baubauwall.com\/et\/toode\/tapeet-sidruniviil-palun\/#primaryimage\",\"url\":\"https:\/\/baubauwall.com\/wp-content\/uploads\/2022\/02\/51100032_Lemonslice_Baubauwall_Wallpaper_room8.jpg\",\"contentUrl\":\"https:\/\/baubauwall.com\/wp-content\/uploads\/2022\/02\/51100032_Lemonslice_Baubauwall_Wallpaper_room8.jpg\",\"width\":1300,\"height\":1600,\"caption\":\"Wallpaper installed into a toilet. Lemon pattern wallpaper by Baubauwall Wallpapers\"},{\"@type\":\"BreadcrumbList\",\"@id\":\"https:\/\/baubauwall.com\/et\/toode\/tapeet-sidruniviil-palun\/#breadcrumb\",\"itemListElement\":[{\"@type\":\"ListItem\",\"position\":1,\"name\":\"Koju\",\"item\":\"https:\/\/baubauwall.com\/et\/\"},{\"@type\":\"ListItem\",\"position\":2,\"name\":\"Tapeedid\",\"item\":\"https:\/\/baubauwall.com\/et\/tapeedid\/\"},{\"@type\":\"ListItem\",\"position\":3,\"name\":\"Sidruniviil, palun!\"}]},{\"@type\":\"WebSite\",\"@id\":\"https:\/\/baubauwall.com\/et\/#website\",\"url\":\"https:\/\/baubauwall.com\/et\/\",\"name\":\"BAUBAUWALL Wallpapers\",\"description\":\"Valmis paanides tapeet Eestist!\",\"publisher\":{\"@id\":\"https:\/\/baubauwall.com\/et\/#organization\"},\"potentialAction\":[{\"@type\":\"SearchAction\",\"target\":{\"@type\":\"EntryPoint\",\"urlTemplate\":\"https:\/\/baubauwall.com\/et\/?s={search_term_string}\"},\"query-input\":{\"@type\":\"PropertyValueSpecification\",\"valueRequired\":true,\"valueName\":\"search_term_string\"}}],\"inLanguage\":\"et\"},{\"@type\":\"Organization\",\"@id\":\"https:\/\/baubauwall.com\/et\/#organization\",\"name\":\"BAUBAUWALL Wallpapers\",\"url\":\"https:\/\/baubauwall.com\/et\/\",\"logo\":{\"@type\":\"ImageObject\",\"inLanguage\":\"et\",\"@id\":\"https:\/\/baubauwall.com\/et\/#\/schema\/logo\/image\/\",\"url\":\"https:\/\/baubauwall.com\/wp-content\/uploads\/2022\/03\/logo-horizontal.svg\",\"contentUrl\":\"https:\/\/baubauwall.com\/wp-content\/uploads\/2022\/03\/logo-horizontal.svg\",\"width\":\"1024\",\"height\":\"1024\",\"caption\":\"BAUBAUWALL Wallpapers\"},\"image\":{\"@id\":\"https:\/\/baubauwall.com\/et\/#\/schema\/logo\/image\/\"},\"sameAs\":[\"https:\/\/www.facebook.com\/Baubauwall\",\"https:\/\/www.instagram.com\/baubauwall\"]}]}<\/script>\n<!-- \/ Yoast SEO plugin. -->","yoast_head_json":{"title":"Tapeet \u00dcks sidruniviil palun! R\u00f5\u00f5mus kollane tapeedidisain. Fliistapeedid.","description":"R\u00e4tsepat\u00f6\u00f6na valmivad tapeedid. Tapeet kollaste sidrunitega heledal taustal. Eriline tapeet magamistuppa, elutoa seinale v\u00f5i kodukontorisse.","robots":{"index":"index","follow":"follow","max-snippet":"max-snippet:-1","max-image-preview":"max-image-preview:large","max-video-preview":"max-video-preview:-1"},"canonical":"https:\/\/baubauwall.com\/et\/toode\/tapeet-sidruniviil-palun\/","og_locale":"et_EE","og_type":"article","og_title":"Tapeet \u00dcks sidruniviil palun! R\u00f5\u00f5mus kollane tapeedidisain. Fliistapeedid.","og_description":"R\u00e4tsepat\u00f6\u00f6na valmivad tapeedid. Tapeet kollaste sidrunitega heledal taustal. Eriline tapeet magamistuppa, elutoa seinale v\u00f5i kodukontorisse.","og_url":"https:\/\/baubauwall.com\/et\/toode\/tapeet-sidruniviil-palun\/","og_site_name":"BAUBAUWALL TAPEEDID","article_publisher":"https:\/\/www.facebook.com\/Baubauwall","article_modified_time":"2022-06-29T11:56:12+00:00","og_image":[{"width":800,"height":800,"url":"https:\/\/baubauwall.com\/wp-content\/uploads\/2022\/02\/51100032_Lemonslice_Baubauwall_Wallpaper_room2.jpg","type":"image\/jpeg"}],"twitter_card":"summary_large_image","twitter_misc":{"Est. reading time":"1 minut"},"schema":{"@context":"https:\/\/schema.org","@graph":[{"@type":"WebPage","@id":"https:\/\/baubauwall.com\/et\/toode\/tapeet-sidruniviil-palun\/","url":"https:\/\/baubauwall.com\/et\/toode\/tapeet-sidruniviil-palun\/","name":"Tapeet \u00dcks sidruniviil palun! R\u00f5\u00f5mus kollane tapeedidisain. Fliistapeedid.","isPartOf":{"@id":"https:\/\/baubauwall.com\/et\/#website"},"primaryImageOfPage":{"@id":"https:\/\/baubauwall.com\/et\/toode\/tapeet-sidruniviil-palun\/#primaryimage"},"image":{"@id":"https:\/\/baubauwall.com\/et\/toode\/tapeet-sidruniviil-palun\/#primaryimage"},"thumbnailUrl":"https:\/\/baubauwall.com\/wp-content\/uploads\/2022\/02\/51100032_Lemonslice_Baubauwall_Wallpaper_room8.jpg","datePublished":"2022-02-22T08:20:27+00:00","dateModified":"2022-06-29T11:56:12+00:00","description":"R\u00e4tsepat\u00f6\u00f6na valmivad tapeedid. Tapeet kollaste sidrunitega heledal taustal. Eriline tapeet magamistuppa, elutoa seinale v\u00f5i kodukontorisse.","breadcrumb":{"@id":"https:\/\/baubauwall.com\/et\/toode\/tapeet-sidruniviil-palun\/#breadcrumb"},"inLanguage":"et","potentialAction":[{"@type":"ReadAction","target":["https:\/\/baubauwall.com\/et\/toode\/tapeet-sidruniviil-palun\/"]}]},{"@type":"ImageObject","inLanguage":"et","@id":"https:\/\/baubauwall.com\/et\/toode\/tapeet-sidruniviil-palun\/#primaryimage","url":"https:\/\/baubauwall.com\/wp-content\/uploads\/2022\/02\/51100032_Lemonslice_Baubauwall_Wallpaper_room8.jpg","contentUrl":"https:\/\/baubauwall.com\/wp-content\/uploads\/2022\/02\/51100032_Lemonslice_Baubauwall_Wallpaper_room8.jpg","width":1300,"height":1600,"caption":"Wallpaper installed into a toilet. Lemon pattern wallpaper by Baubauwall Wallpapers"},{"@type":"BreadcrumbList","@id":"https:\/\/baubauwall.com\/et\/toode\/tapeet-sidruniviil-palun\/#breadcrumb","itemListElement":[{"@type":"ListItem","position":1,"name":"Koju","item":"https:\/\/baubauwall.com\/et\/"},{"@type":"ListItem","position":2,"name":"Tapeedid","item":"https:\/\/baubauwall.com\/et\/tapeedid\/"},{"@type":"ListItem","position":3,"name":"Sidruniviil, palun!"}]},{"@type":"WebSite","@id":"https:\/\/baubauwall.com\/et\/#website","url":"https:\/\/baubauwall.com\/et\/","name":"BAUBAUWALL Wallpapers","description":"Valmis paanides tapeet Eestist!","publisher":{"@id":"https:\/\/baubauwall.com\/et\/#organization"},"potentialAction":[{"@type":"SearchAction","target":{"@type":"EntryPoint","urlTemplate":"https:\/\/baubauwall.com\/et\/?s={search_term_string}"},"query-input":{"@type":"PropertyValueSpecification","valueRequired":true,"valueName":"search_term_string"}}],"inLanguage":"et"},{"@type":"Organization","@id":"https:\/\/baubauwall.com\/et\/#organization","name":"BAUBAUWALL Wallpapers","url":"https:\/\/baubauwall.com\/et\/","logo":{"@type":"ImageObject","inLanguage":"et","@id":"https:\/\/baubauwall.com\/et\/#\/schema\/logo\/image\/","url":"https:\/\/baubauwall.com\/wp-content\/uploads\/2022\/03\/logo-horizontal.svg","contentUrl":"https:\/\/baubauwall.com\/wp-content\/uploads\/2022\/03\/logo-horizontal.svg","width":"1024","height":"1024","caption":"BAUBAUWALL Wallpapers"},"image":{"@id":"https:\/\/baubauwall.com\/et\/#\/schema\/logo\/image\/"},"sameAs":["https:\/\/www.facebook.com\/Baubauwall","https:\/\/www.instagram.com\/baubauwall"]}]}},"jetpack_sharing_enabled":true,"_links":{"self":[{"href":"https:\/\/baubauwall.com\/et\/wp-json\/wp\/v2\/product\/5489","targetHints":{"allow":["GET"]}}],"collection":[{"href":"https:\/\/baubauwall.com\/et\/wp-json\/wp\/v2\/product"}],"about":[{"href":"https:\/\/baubauwall.com\/et\/wp-json\/wp\/v2\/types\/product"}],"replies":[{"embeddable":true,"href":"https:\/\/baubauwall.com\/et\/wp-json\/wp\/v2\/comments?post=5489"}],"wp:featuredmedia":[{"embeddable":true,"href":"https:\/\/baubauwall.com\/et\/wp-json\/wp\/v2\/media\/42874"}],"wp:attachment":[{"href":"https:\/\/baubauwall.com\/et\/wp-json\/wp\/v2\/media?parent=5489"}],"wp:term":[{"taxonomy":"product_brand","embeddable":true,"href":"https:\/\/baubauwall.com\/et\/wp-json\/wp\/v2\/product_brand?post=5489"},{"taxonomy":"product_cat","embeddable":true,"href":"https:\/\/baubauwall.com\/et\/wp-json\/wp\/v2\/product_cat?post=5489"},{"taxonomy":"product_tag","embeddable":true,"href":"https:\/\/baubauwall.com\/et\/wp-json\/wp\/v2\/product_tag?post=5489"}],"curies":[{"name":"wp","href":"https:\/\/api.w.org\/{rel}","templated":true}]}}