{"id":5491,"date":"2022-01-31T11:44:54","date_gmt":"2022-01-31T09:44:54","guid":{"rendered":"https:\/\/baubauwall.com\/product\/green-flora-fauna-wallpaper\/"},"modified":"2022-05-17T13:51:56","modified_gmt":"2022-05-17T11:51:56","slug":"green-flora-fauna-wallpaper","status":"publish","type":"product","link":"https:\/\/baubauwall.com\/et\/toode\/green-flora-fauna-wallpaper\/","title":{"rendered":"Floora ja fauna &#8211; roheline"},"content":{"rendered":"<p>P\u00f5hjamaiselt tumeroheline tapeet m\u00e4nguliste kontrastsete disainielementidega. Tapeedidisain, mis kannab endas p\u00f5hjamaistest metsadest, marjadest ja aiasaadustest inspireeritud meeleolu. \u00d5rna roosa ja rikkaliku violetse varjundiga tapeedidisainis on veel mitmeid julgeid toone. See muster tekitab sinu garderoobis, k\u00fclalistetoas v\u00f5i kodukontoris t\u00f5elise vau-efekti v\u00f5i siis h\u00f5ikab sulle koridori seintelt: \u201eTere, kaunitar!\u201c.<\/p>\n","protected":false},"excerpt":{"rendered":"<p>P\u00f5hjamaiselt tumeroheline tapeet m\u00e4nguliste kontrastsete disainielementidega. Tapeedidisain, mis kannab endas p\u00f5hjamaistest metsadest, marjadest ja aiasaadustest inspireeritud meeleolu. \u00d5rna roosa ja rikkaliku violetse varjundiga tapeedidisainis on veel mitmeid julgeid toone. See muster tekitab sinu garderoobis, k\u00fclalistetoas v\u00f5i kodukontoris t\u00f5elise vau-efekti v\u00f5i siis h\u00f5ikab sulle koridori seintelt: \u201eTere, kaunitar!\u201c.<\/p>\n","protected":false},"featured_media":7718,"comment_status":"open","ping_status":"closed","template":"","meta":{"_acf_changed":false,"inline_featured_image":false},"product_brand":[],"product_cat":[386,447,396,388,270,271,417,413,415,416,399,401,412,254,256,260,715],"product_tag":[832],"class_list":{"0":"post-5491","1":"product","2":"type-product","3":"status-publish","4":"has-post-thumbnail","6":"product_cat-kordusmustriga-tapeedid","7":"product_cat-maksimalistlik-et","8":"product_cat-skandinaavia","9":"product_cat-vintage-et","10":"product_cat-tumedad-tapeedid","11":"product_cat-rohelised-tapeedid","12":"product_cat-purpur-tapeedid","13":"product_cat-magamistoa-tapeedid","14":"product_cat-kulalistetoa-tapeedid","15":"product_cat-esiku-tapeedid","16":"product_cat-kodukontori-tapeedid","17":"product_cat-koogi-tapeedid","18":"product_cat-vannitoa-tapeedid","19":"product_cat-loodus","20":"product_cat-marjad","21":"product_cat-lilled","22":"product_cat-soodsad-tapeedid-leiunurk","23":"product_tag-kordusmustriga-tapeedid","24":"pa_designedby-baubauwall","26":"first","27":"instock","28":"sale","29":"taxable","30":"shipping-taxable","31":"purchasable","32":"product-type-simple"},"acf":[],"yoast_head":"<!-- This site is optimized with the Yoast SEO plugin v25.9 - https:\/\/yoast.com\/wordpress\/plugins\/seo\/ -->\n<title>Tumerohelisel taustal lilleline tapeet. R\u00e4tsepat\u00f6\u00f6na valmivad tapeedid.<\/title>\n<meta name=\"description\" content=\"Tumerohelisel taustal tapeet illustreeritud lillede ja marjadega. Hea tapeedivalik suvilasse v\u00f5i koju vintage stiili austajatele.\" \/>\n<meta name=\"robots\" content=\"index, follow, max-snippet:-1, max-image-preview:large, max-video-preview:-1\" \/>\n<link rel=\"canonical\" href=\"https:\/\/baubauwall.com\/et\/toode\/green-flora-fauna-wallpaper\/\" \/>\n<meta property=\"og:locale\" content=\"et_EE\" \/>\n<meta property=\"og:type\" content=\"article\" \/>\n<meta property=\"og:title\" content=\"Tumerohelisel taustal lilleline tapeet. R\u00e4tsepat\u00f6\u00f6na valmivad tapeedid.\" \/>\n<meta property=\"og:description\" content=\"Tumerohelisel taustal tapeet illustreeritud lillede ja marjadega. Hea tapeedivalik suvilasse v\u00f5i koju vintage stiili austajatele.\" \/>\n<meta property=\"og:url\" content=\"https:\/\/baubauwall.com\/et\/toode\/green-flora-fauna-wallpaper\/\" \/>\n<meta property=\"og:site_name\" content=\"BAUBAUWALL Wallpapers\" \/>\n<meta property=\"article:publisher\" content=\"https:\/\/www.facebook.com\/Baubauwall\" \/>\n<meta property=\"article:modified_time\" content=\"2022-05-17T11:51:56+00:00\" \/>\n<meta property=\"og:image\" content=\"https:\/\/baubauwall.com\/wp-content\/uploads\/2022\/01\/51100034_FloraFauna-Green_Baubauwall_Wallpaper_room6.jpg\" \/>\n\t<meta property=\"og:image:width\" content=\"1199\" \/>\n\t<meta property=\"og:image:height\" content=\"800\" \/>\n\t<meta property=\"og:image:type\" content=\"image\/jpeg\" \/>\n<meta name=\"twitter:card\" content=\"summary_large_image\" \/>\n<meta name=\"twitter:label1\" content=\"Est. reading time\" \/>\n\t<meta name=\"twitter:data1\" content=\"1 minut\" \/>\n<script type=\"application\/ld+json\" class=\"yoast-schema-graph\">{\"@context\":\"https:\/\/schema.org\",\"@graph\":[{\"@type\":\"WebPage\",\"@id\":\"https:\/\/baubauwall.com\/et\/toode\/green-flora-fauna-wallpaper\/\",\"url\":\"https:\/\/baubauwall.com\/et\/toode\/green-flora-fauna-wallpaper\/\",\"name\":\"Tumerohelisel taustal lilleline tapeet. R\u00e4tsepat\u00f6\u00f6na valmivad tapeedid.\",\"isPartOf\":{\"@id\":\"https:\/\/baubauwall.com\/et\/#website\"},\"primaryImageOfPage\":{\"@id\":\"https:\/\/baubauwall.com\/et\/toode\/green-flora-fauna-wallpaper\/#primaryimage\"},\"image\":{\"@id\":\"https:\/\/baubauwall.com\/et\/toode\/green-flora-fauna-wallpaper\/#primaryimage\"},\"thumbnailUrl\":\"https:\/\/baubauwall.com\/wp-content\/uploads\/2022\/01\/51100034_FloraFauna-Green_Baubauwall_Wallpaper_room6.jpg\",\"datePublished\":\"2022-01-31T09:44:54+00:00\",\"dateModified\":\"2022-05-17T11:51:56+00:00\",\"description\":\"Tumerohelisel taustal tapeet illustreeritud lillede ja marjadega. Hea tapeedivalik suvilasse v\u00f5i koju vintage stiili austajatele.\",\"breadcrumb\":{\"@id\":\"https:\/\/baubauwall.com\/et\/toode\/green-flora-fauna-wallpaper\/#breadcrumb\"},\"inLanguage\":\"et\",\"potentialAction\":[{\"@type\":\"ReadAction\",\"target\":[\"https:\/\/baubauwall.com\/et\/toode\/green-flora-fauna-wallpaper\/\"]}]},{\"@type\":\"ImageObject\",\"inLanguage\":\"et\",\"@id\":\"https:\/\/baubauwall.com\/et\/toode\/green-flora-fauna-wallpaper\/#primaryimage\",\"url\":\"https:\/\/baubauwall.com\/wp-content\/uploads\/2022\/01\/51100034_FloraFauna-Green_Baubauwall_Wallpaper_room6.jpg\",\"contentUrl\":\"https:\/\/baubauwall.com\/wp-content\/uploads\/2022\/01\/51100034_FloraFauna-Green_Baubauwall_Wallpaper_room6.jpg\",\"width\":1199,\"height\":800,\"caption\":\"green flora fauna floral wallpaper\"},{\"@type\":\"BreadcrumbList\",\"@id\":\"https:\/\/baubauwall.com\/et\/toode\/green-flora-fauna-wallpaper\/#breadcrumb\",\"itemListElement\":[{\"@type\":\"ListItem\",\"position\":1,\"name\":\"Koju\",\"item\":\"https:\/\/baubauwall.com\/et\/\"},{\"@type\":\"ListItem\",\"position\":2,\"name\":\"Tapeedid\",\"item\":\"https:\/\/baubauwall.com\/et\/tapeedid\/\"},{\"@type\":\"ListItem\",\"position\":3,\"name\":\"Floora ja fauna &#8211; roheline\"}]},{\"@type\":\"WebSite\",\"@id\":\"https:\/\/baubauwall.com\/et\/#website\",\"url\":\"https:\/\/baubauwall.com\/et\/\",\"name\":\"BAUBAUWALL Wallpapers\",\"description\":\"Valmis paanides tapeet Eestist!\",\"publisher\":{\"@id\":\"https:\/\/baubauwall.com\/et\/#organization\"},\"potentialAction\":[{\"@type\":\"SearchAction\",\"target\":{\"@type\":\"EntryPoint\",\"urlTemplate\":\"https:\/\/baubauwall.com\/et\/?s={search_term_string}\"},\"query-input\":{\"@type\":\"PropertyValueSpecification\",\"valueRequired\":true,\"valueName\":\"search_term_string\"}}],\"inLanguage\":\"et\"},{\"@type\":\"Organization\",\"@id\":\"https:\/\/baubauwall.com\/et\/#organization\",\"name\":\"BAUBAUWALL Wallpapers\",\"url\":\"https:\/\/baubauwall.com\/et\/\",\"logo\":{\"@type\":\"ImageObject\",\"inLanguage\":\"et\",\"@id\":\"https:\/\/baubauwall.com\/et\/#\/schema\/logo\/image\/\",\"url\":\"https:\/\/baubauwall.com\/wp-content\/uploads\/2022\/03\/logo-horizontal.svg\",\"contentUrl\":\"https:\/\/baubauwall.com\/wp-content\/uploads\/2022\/03\/logo-horizontal.svg\",\"width\":\"1024\",\"height\":\"1024\",\"caption\":\"BAUBAUWALL Wallpapers\"},\"image\":{\"@id\":\"https:\/\/baubauwall.com\/et\/#\/schema\/logo\/image\/\"},\"sameAs\":[\"https:\/\/www.facebook.com\/Baubauwall\",\"https:\/\/www.instagram.com\/baubauwall\"]}]}<\/script>\n<!-- \/ Yoast SEO plugin. -->","yoast_head_json":{"title":"Tumerohelisel taustal lilleline tapeet. R\u00e4tsepat\u00f6\u00f6na valmivad tapeedid.","description":"Tumerohelisel taustal tapeet illustreeritud lillede ja marjadega. Hea tapeedivalik suvilasse v\u00f5i koju vintage stiili austajatele.","robots":{"index":"index","follow":"follow","max-snippet":"max-snippet:-1","max-image-preview":"max-image-preview:large","max-video-preview":"max-video-preview:-1"},"canonical":"https:\/\/baubauwall.com\/et\/toode\/green-flora-fauna-wallpaper\/","og_locale":"et_EE","og_type":"article","og_title":"Tumerohelisel taustal lilleline tapeet. R\u00e4tsepat\u00f6\u00f6na valmivad tapeedid.","og_description":"Tumerohelisel taustal tapeet illustreeritud lillede ja marjadega. Hea tapeedivalik suvilasse v\u00f5i koju vintage stiili austajatele.","og_url":"https:\/\/baubauwall.com\/et\/toode\/green-flora-fauna-wallpaper\/","og_site_name":"BAUBAUWALL Wallpapers","article_publisher":"https:\/\/www.facebook.com\/Baubauwall","article_modified_time":"2022-05-17T11:51:56+00:00","og_image":[{"width":1199,"height":800,"url":"https:\/\/baubauwall.com\/wp-content\/uploads\/2022\/01\/51100034_FloraFauna-Green_Baubauwall_Wallpaper_room6.jpg","type":"image\/jpeg"}],"twitter_card":"summary_large_image","twitter_misc":{"Est. reading time":"1 minut"},"schema":{"@context":"https:\/\/schema.org","@graph":[{"@type":"WebPage","@id":"https:\/\/baubauwall.com\/et\/toode\/green-flora-fauna-wallpaper\/","url":"https:\/\/baubauwall.com\/et\/toode\/green-flora-fauna-wallpaper\/","name":"Tumerohelisel taustal lilleline tapeet. R\u00e4tsepat\u00f6\u00f6na valmivad tapeedid.","isPartOf":{"@id":"https:\/\/baubauwall.com\/et\/#website"},"primaryImageOfPage":{"@id":"https:\/\/baubauwall.com\/et\/toode\/green-flora-fauna-wallpaper\/#primaryimage"},"image":{"@id":"https:\/\/baubauwall.com\/et\/toode\/green-flora-fauna-wallpaper\/#primaryimage"},"thumbnailUrl":"https:\/\/baubauwall.com\/wp-content\/uploads\/2022\/01\/51100034_FloraFauna-Green_Baubauwall_Wallpaper_room6.jpg","datePublished":"2022-01-31T09:44:54+00:00","dateModified":"2022-05-17T11:51:56+00:00","description":"Tumerohelisel taustal tapeet illustreeritud lillede ja marjadega. Hea tapeedivalik suvilasse v\u00f5i koju vintage stiili austajatele.","breadcrumb":{"@id":"https:\/\/baubauwall.com\/et\/toode\/green-flora-fauna-wallpaper\/#breadcrumb"},"inLanguage":"et","potentialAction":[{"@type":"ReadAction","target":["https:\/\/baubauwall.com\/et\/toode\/green-flora-fauna-wallpaper\/"]}]},{"@type":"ImageObject","inLanguage":"et","@id":"https:\/\/baubauwall.com\/et\/toode\/green-flora-fauna-wallpaper\/#primaryimage","url":"https:\/\/baubauwall.com\/wp-content\/uploads\/2022\/01\/51100034_FloraFauna-Green_Baubauwall_Wallpaper_room6.jpg","contentUrl":"https:\/\/baubauwall.com\/wp-content\/uploads\/2022\/01\/51100034_FloraFauna-Green_Baubauwall_Wallpaper_room6.jpg","width":1199,"height":800,"caption":"green flora fauna floral wallpaper"},{"@type":"BreadcrumbList","@id":"https:\/\/baubauwall.com\/et\/toode\/green-flora-fauna-wallpaper\/#breadcrumb","itemListElement":[{"@type":"ListItem","position":1,"name":"Koju","item":"https:\/\/baubauwall.com\/et\/"},{"@type":"ListItem","position":2,"name":"Tapeedid","item":"https:\/\/baubauwall.com\/et\/tapeedid\/"},{"@type":"ListItem","position":3,"name":"Floora ja fauna &#8211; roheline"}]},{"@type":"WebSite","@id":"https:\/\/baubauwall.com\/et\/#website","url":"https:\/\/baubauwall.com\/et\/","name":"BAUBAUWALL Wallpapers","description":"Valmis paanides tapeet Eestist!","publisher":{"@id":"https:\/\/baubauwall.com\/et\/#organization"},"potentialAction":[{"@type":"SearchAction","target":{"@type":"EntryPoint","urlTemplate":"https:\/\/baubauwall.com\/et\/?s={search_term_string}"},"query-input":{"@type":"PropertyValueSpecification","valueRequired":true,"valueName":"search_term_string"}}],"inLanguage":"et"},{"@type":"Organization","@id":"https:\/\/baubauwall.com\/et\/#organization","name":"BAUBAUWALL Wallpapers","url":"https:\/\/baubauwall.com\/et\/","logo":{"@type":"ImageObject","inLanguage":"et","@id":"https:\/\/baubauwall.com\/et\/#\/schema\/logo\/image\/","url":"https:\/\/baubauwall.com\/wp-content\/uploads\/2022\/03\/logo-horizontal.svg","contentUrl":"https:\/\/baubauwall.com\/wp-content\/uploads\/2022\/03\/logo-horizontal.svg","width":"1024","height":"1024","caption":"BAUBAUWALL Wallpapers"},"image":{"@id":"https:\/\/baubauwall.com\/et\/#\/schema\/logo\/image\/"},"sameAs":["https:\/\/www.facebook.com\/Baubauwall","https:\/\/www.instagram.com\/baubauwall"]}]}},"jetpack_sharing_enabled":true,"_links":{"self":[{"href":"https:\/\/baubauwall.com\/et\/wp-json\/wp\/v2\/product\/5491","targetHints":{"allow":["GET"]}}],"collection":[{"href":"https:\/\/baubauwall.com\/et\/wp-json\/wp\/v2\/product"}],"about":[{"href":"https:\/\/baubauwall.com\/et\/wp-json\/wp\/v2\/types\/product"}],"replies":[{"embeddable":true,"href":"https:\/\/baubauwall.com\/et\/wp-json\/wp\/v2\/comments?post=5491"}],"wp:featuredmedia":[{"embeddable":true,"href":"https:\/\/baubauwall.com\/et\/wp-json\/wp\/v2\/media\/7718"}],"wp:attachment":[{"href":"https:\/\/baubauwall.com\/et\/wp-json\/wp\/v2\/media?parent=5491"}],"wp:term":[{"taxonomy":"product_brand","embeddable":true,"href":"https:\/\/baubauwall.com\/et\/wp-json\/wp\/v2\/product_brand?post=5491"},{"taxonomy":"product_cat","embeddable":true,"href":"https:\/\/baubauwall.com\/et\/wp-json\/wp\/v2\/product_cat?post=5491"},{"taxonomy":"product_tag","embeddable":true,"href":"https:\/\/baubauwall.com\/et\/wp-json\/wp\/v2\/product_tag?post=5491"}],"curies":[{"name":"wp","href":"https:\/\/api.w.org\/{rel}","templated":true}]}}