{"id":5494,"date":"2022-01-31T12:51:00","date_gmt":"2022-01-31T10:51:00","guid":{"rendered":"https:\/\/baubauwall.com\/product\/blooming-nordic-herbarium-wallpaper\/"},"modified":"2023-04-05T12:00:47","modified_gmt":"2023-04-05T10:00:47","slug":"blooming-nordic-herbarium-wallpaper","status":"publish","type":"product","link":"https:\/\/baubauwall.com\/et\/toode\/blooming-nordic-herbarium-wallpaper\/","title":{"rendered":"P\u00f5hjala herbaarium"},"content":{"rendered":"<p>Taimi ja lilli kombineeriv tapeedimuster toob lilleaia meeleolu tuppa ning loob interj\u00f6\u00f6ris v\u00e4rske ja valgusk\u00fcllase meeleolu. Lilleteemalised mustrid sobivad h\u00e4sti kodu igasse tuppa, vannitoast magamistoani. Sellel p\u00f5hjamaadest inspireeritud herbaariumi motiividega tapeedil on heledal taustal segunenud \u00f5itega pastelsed ja bee\u017eid taimekujutised.<\/p>\n<p>Nagu k\u00f5ik meie tapeedid, fototapeedid ja pilttapeedid, on ka see disain tr\u00fckitud hingavale, keskkonnas\u00f5bralike v\u00e4rvidega fliistapeedi materjalile. Loe lisaks j\u00e4\u00e4tmevabast ja innovaatilisest tapeeditootmisest <a href=\"https:\/\/baubauwall.com\/et\/ideed\/jaatmevaba-tapeetimine-nutikalt\/\" target=\"_blank\" rel=\"noopener\">siin<\/a>.<\/p>\n","protected":false},"excerpt":{"rendered":"<p>Taimi ja lilli kombineeriv tapeedimuster toob lilleaia meeleolu tuppa ning loob interj\u00f6\u00f6ris v\u00e4rske ja valgusk\u00fcllase meeleolu. Lilleteemalised mustrid sobivad h\u00e4sti kodu igasse tuppa, vannitoast magamistoani. Sellel p\u00f5hjamaadest inspireeritud herbaariumi motiividega tapeedil on heledal taustal segunenud \u00f5itega pastelsed ja bee\u017eid taimekujutised. Nagu k\u00f5ik meie tapeedid, fototapeedid ja pilttapeedid, on ka see disain tr\u00fckitud hingavale, keskkonnas\u00f5bralike v\u00e4rvidega [&hellip;]<\/p>\n","protected":false},"featured_media":42871,"comment_status":"open","ping_status":"closed","template":"","meta":{"_acf_changed":false,"inline_featured_image":false},"product_brand":[],"product_cat":[386,395,406,396,265,273,276,413,400,414,415,416,399,402,412,254,260,561],"product_tag":[],"class_list":{"0":"post-5494","1":"product","2":"type-product","3":"status-publish","4":"has-post-thumbnail","6":"product_cat-kordusmustriga-tapeedid","7":"product_cat-romantiline","8":"product_cat-klassika","9":"product_cat-skandinaavia","10":"product_cat-beezid-tapeedid","11":"product_cat-heledad-tapeedid","12":"product_cat-pastelsed-tapeedid","13":"product_cat-magamistoa-tapeedid","14":"product_cat-lastetoa-tapeedid","15":"product_cat-soogitoa-tapeedid","16":"product_cat-kulalistetoa-tapeedid","17":"product_cat-esiku-tapeedid","18":"product_cat-kodukontori-tapeedid","19":"product_cat-elutoa-tapeedid","20":"product_cat-vannitoa-tapeedid","21":"product_cat-loodus","22":"product_cat-lilled","23":"product_cat-suvised-tapeedid","24":"pa_designedby-baubauwall","26":"first","27":"instock","28":"taxable","29":"shipping-taxable","30":"purchasable","31":"product-type-simple"},"acf":[],"yoast_head":"<!-- This site is optimized with the Yoast SEO plugin v25.9 - https:\/\/yoast.com\/wordpress\/plugins\/seo\/ -->\n<title>Lilleline tapeet. P\u00f5hjamaine botaaniline. muster<\/title>\n<meta name=\"description\" content=\"Sinu seina m\u00f5\u00f5dus tapeedid. P\u00f5hjamaise, lillelise mustriga tapeet Herbaarium. Helem lilleline muster, mis sobib erinevatesse interj\u00f6\u00f6ridesse.\" \/>\n<meta name=\"robots\" content=\"index, follow, max-snippet:-1, max-image-preview:large, max-video-preview:-1\" \/>\n<link rel=\"canonical\" href=\"https:\/\/baubauwall.com\/et\/toode\/blooming-nordic-herbarium-wallpaper\/\" \/>\n<meta property=\"og:locale\" content=\"et_EE\" \/>\n<meta property=\"og:type\" content=\"article\" \/>\n<meta property=\"og:title\" content=\"Lilleline tapeet. P\u00f5hjamaine botaaniline. muster\" \/>\n<meta property=\"og:description\" content=\"Sinu seina m\u00f5\u00f5dus tapeedid. P\u00f5hjamaise, lillelise mustriga tapeet Herbaarium. Helem lilleline muster, mis sobib erinevatesse interj\u00f6\u00f6ridesse.\" \/>\n<meta property=\"og:url\" content=\"https:\/\/baubauwall.com\/et\/toode\/blooming-nordic-herbarium-wallpaper\/\" \/>\n<meta property=\"og:site_name\" content=\"BAUBAUWALL TAPEEDID\" \/>\n<meta property=\"article:publisher\" content=\"https:\/\/www.facebook.com\/Baubauwall\" \/>\n<meta property=\"article:modified_time\" content=\"2023-04-05T10:00:47+00:00\" \/>\n<meta property=\"og:image\" content=\"https:\/\/baubauwall.com\/wp-content\/uploads\/2022\/01\/51100037_BloomingNordicHerbarium_Baubauwall_Wallpaper_room1.png\" \/>\n\t<meta property=\"og:image:width\" content=\"1422\" \/>\n\t<meta property=\"og:image:height\" content=\"800\" \/>\n\t<meta property=\"og:image:type\" content=\"image\/png\" \/>\n<meta name=\"twitter:card\" content=\"summary_large_image\" \/>\n<meta name=\"twitter:label1\" content=\"Est. reading time\" \/>\n\t<meta name=\"twitter:data1\" content=\"1 minut\" \/>\n<script type=\"application\/ld+json\" class=\"yoast-schema-graph\">{\"@context\":\"https:\/\/schema.org\",\"@graph\":[{\"@type\":\"WebPage\",\"@id\":\"https:\/\/baubauwall.com\/et\/toode\/blooming-nordic-herbarium-wallpaper\/\",\"url\":\"https:\/\/baubauwall.com\/et\/toode\/blooming-nordic-herbarium-wallpaper\/\",\"name\":\"Lilleline tapeet. P\u00f5hjamaine botaaniline. muster\",\"isPartOf\":{\"@id\":\"https:\/\/baubauwall.com\/et\/#website\"},\"primaryImageOfPage\":{\"@id\":\"https:\/\/baubauwall.com\/et\/toode\/blooming-nordic-herbarium-wallpaper\/#primaryimage\"},\"image\":{\"@id\":\"https:\/\/baubauwall.com\/et\/toode\/blooming-nordic-herbarium-wallpaper\/#primaryimage\"},\"thumbnailUrl\":\"https:\/\/baubauwall.com\/wp-content\/uploads\/2022\/01\/51100037_BloomingNordicHerbarium_Baubauwall_Wallpaper_room10.jpg\",\"datePublished\":\"2022-01-31T10:51:00+00:00\",\"dateModified\":\"2023-04-05T10:00:47+00:00\",\"description\":\"Sinu seina m\u00f5\u00f5dus tapeedid. P\u00f5hjamaise, lillelise mustriga tapeet Herbaarium. Helem lilleline muster, mis sobib erinevatesse interj\u00f6\u00f6ridesse.\",\"breadcrumb\":{\"@id\":\"https:\/\/baubauwall.com\/et\/toode\/blooming-nordic-herbarium-wallpaper\/#breadcrumb\"},\"inLanguage\":\"et\",\"potentialAction\":[{\"@type\":\"ReadAction\",\"target\":[\"https:\/\/baubauwall.com\/et\/toode\/blooming-nordic-herbarium-wallpaper\/\"]}]},{\"@type\":\"ImageObject\",\"inLanguage\":\"et\",\"@id\":\"https:\/\/baubauwall.com\/et\/toode\/blooming-nordic-herbarium-wallpaper\/#primaryimage\",\"url\":\"https:\/\/baubauwall.com\/wp-content\/uploads\/2022\/01\/51100037_BloomingNordicHerbarium_Baubauwall_Wallpaper_room10.jpg\",\"contentUrl\":\"https:\/\/baubauwall.com\/wp-content\/uploads\/2022\/01\/51100037_BloomingNordicHerbarium_Baubauwall_Wallpaper_room10.jpg\",\"width\":1007,\"height\":1600,\"caption\":\"Bedroom wallpaper with botanical design.Baubauwall wallpapers\"},{\"@type\":\"BreadcrumbList\",\"@id\":\"https:\/\/baubauwall.com\/et\/toode\/blooming-nordic-herbarium-wallpaper\/#breadcrumb\",\"itemListElement\":[{\"@type\":\"ListItem\",\"position\":1,\"name\":\"Koju\",\"item\":\"https:\/\/baubauwall.com\/et\/\"},{\"@type\":\"ListItem\",\"position\":2,\"name\":\"Tapeedid\",\"item\":\"https:\/\/baubauwall.com\/et\/tapeedid\/\"},{\"@type\":\"ListItem\",\"position\":3,\"name\":\"P\u00f5hjala herbaarium\"}]},{\"@type\":\"WebSite\",\"@id\":\"https:\/\/baubauwall.com\/et\/#website\",\"url\":\"https:\/\/baubauwall.com\/et\/\",\"name\":\"BAUBAUWALL Wallpapers\",\"description\":\"Valmis paanides tapeet Eestist!\",\"publisher\":{\"@id\":\"https:\/\/baubauwall.com\/et\/#organization\"},\"potentialAction\":[{\"@type\":\"SearchAction\",\"target\":{\"@type\":\"EntryPoint\",\"urlTemplate\":\"https:\/\/baubauwall.com\/et\/?s={search_term_string}\"},\"query-input\":{\"@type\":\"PropertyValueSpecification\",\"valueRequired\":true,\"valueName\":\"search_term_string\"}}],\"inLanguage\":\"et\"},{\"@type\":\"Organization\",\"@id\":\"https:\/\/baubauwall.com\/et\/#organization\",\"name\":\"BAUBAUWALL Wallpapers\",\"url\":\"https:\/\/baubauwall.com\/et\/\",\"logo\":{\"@type\":\"ImageObject\",\"inLanguage\":\"et\",\"@id\":\"https:\/\/baubauwall.com\/et\/#\/schema\/logo\/image\/\",\"url\":\"https:\/\/baubauwall.com\/wp-content\/uploads\/2022\/03\/logo-horizontal.svg\",\"contentUrl\":\"https:\/\/baubauwall.com\/wp-content\/uploads\/2022\/03\/logo-horizontal.svg\",\"width\":\"1024\",\"height\":\"1024\",\"caption\":\"BAUBAUWALL Wallpapers\"},\"image\":{\"@id\":\"https:\/\/baubauwall.com\/et\/#\/schema\/logo\/image\/\"},\"sameAs\":[\"https:\/\/www.facebook.com\/Baubauwall\",\"https:\/\/www.instagram.com\/baubauwall\"]}]}<\/script>\n<!-- \/ Yoast SEO plugin. -->","yoast_head_json":{"title":"Lilleline tapeet. P\u00f5hjamaine botaaniline. muster","description":"Sinu seina m\u00f5\u00f5dus tapeedid. P\u00f5hjamaise, lillelise mustriga tapeet Herbaarium. Helem lilleline muster, mis sobib erinevatesse interj\u00f6\u00f6ridesse.","robots":{"index":"index","follow":"follow","max-snippet":"max-snippet:-1","max-image-preview":"max-image-preview:large","max-video-preview":"max-video-preview:-1"},"canonical":"https:\/\/baubauwall.com\/et\/toode\/blooming-nordic-herbarium-wallpaper\/","og_locale":"et_EE","og_type":"article","og_title":"Lilleline tapeet. P\u00f5hjamaine botaaniline. muster","og_description":"Sinu seina m\u00f5\u00f5dus tapeedid. P\u00f5hjamaise, lillelise mustriga tapeet Herbaarium. Helem lilleline muster, mis sobib erinevatesse interj\u00f6\u00f6ridesse.","og_url":"https:\/\/baubauwall.com\/et\/toode\/blooming-nordic-herbarium-wallpaper\/","og_site_name":"BAUBAUWALL TAPEEDID","article_publisher":"https:\/\/www.facebook.com\/Baubauwall","article_modified_time":"2023-04-05T10:00:47+00:00","og_image":[{"width":1422,"height":800,"url":"https:\/\/baubauwall.com\/wp-content\/uploads\/2022\/01\/51100037_BloomingNordicHerbarium_Baubauwall_Wallpaper_room1.png","type":"image\/png"}],"twitter_card":"summary_large_image","twitter_misc":{"Est. reading time":"1 minut"},"schema":{"@context":"https:\/\/schema.org","@graph":[{"@type":"WebPage","@id":"https:\/\/baubauwall.com\/et\/toode\/blooming-nordic-herbarium-wallpaper\/","url":"https:\/\/baubauwall.com\/et\/toode\/blooming-nordic-herbarium-wallpaper\/","name":"Lilleline tapeet. P\u00f5hjamaine botaaniline. muster","isPartOf":{"@id":"https:\/\/baubauwall.com\/et\/#website"},"primaryImageOfPage":{"@id":"https:\/\/baubauwall.com\/et\/toode\/blooming-nordic-herbarium-wallpaper\/#primaryimage"},"image":{"@id":"https:\/\/baubauwall.com\/et\/toode\/blooming-nordic-herbarium-wallpaper\/#primaryimage"},"thumbnailUrl":"https:\/\/baubauwall.com\/wp-content\/uploads\/2022\/01\/51100037_BloomingNordicHerbarium_Baubauwall_Wallpaper_room10.jpg","datePublished":"2022-01-31T10:51:00+00:00","dateModified":"2023-04-05T10:00:47+00:00","description":"Sinu seina m\u00f5\u00f5dus tapeedid. P\u00f5hjamaise, lillelise mustriga tapeet Herbaarium. Helem lilleline muster, mis sobib erinevatesse interj\u00f6\u00f6ridesse.","breadcrumb":{"@id":"https:\/\/baubauwall.com\/et\/toode\/blooming-nordic-herbarium-wallpaper\/#breadcrumb"},"inLanguage":"et","potentialAction":[{"@type":"ReadAction","target":["https:\/\/baubauwall.com\/et\/toode\/blooming-nordic-herbarium-wallpaper\/"]}]},{"@type":"ImageObject","inLanguage":"et","@id":"https:\/\/baubauwall.com\/et\/toode\/blooming-nordic-herbarium-wallpaper\/#primaryimage","url":"https:\/\/baubauwall.com\/wp-content\/uploads\/2022\/01\/51100037_BloomingNordicHerbarium_Baubauwall_Wallpaper_room10.jpg","contentUrl":"https:\/\/baubauwall.com\/wp-content\/uploads\/2022\/01\/51100037_BloomingNordicHerbarium_Baubauwall_Wallpaper_room10.jpg","width":1007,"height":1600,"caption":"Bedroom wallpaper with botanical design.Baubauwall wallpapers"},{"@type":"BreadcrumbList","@id":"https:\/\/baubauwall.com\/et\/toode\/blooming-nordic-herbarium-wallpaper\/#breadcrumb","itemListElement":[{"@type":"ListItem","position":1,"name":"Koju","item":"https:\/\/baubauwall.com\/et\/"},{"@type":"ListItem","position":2,"name":"Tapeedid","item":"https:\/\/baubauwall.com\/et\/tapeedid\/"},{"@type":"ListItem","position":3,"name":"P\u00f5hjala herbaarium"}]},{"@type":"WebSite","@id":"https:\/\/baubauwall.com\/et\/#website","url":"https:\/\/baubauwall.com\/et\/","name":"BAUBAUWALL Wallpapers","description":"Valmis paanides tapeet Eestist!","publisher":{"@id":"https:\/\/baubauwall.com\/et\/#organization"},"potentialAction":[{"@type":"SearchAction","target":{"@type":"EntryPoint","urlTemplate":"https:\/\/baubauwall.com\/et\/?s={search_term_string}"},"query-input":{"@type":"PropertyValueSpecification","valueRequired":true,"valueName":"search_term_string"}}],"inLanguage":"et"},{"@type":"Organization","@id":"https:\/\/baubauwall.com\/et\/#organization","name":"BAUBAUWALL Wallpapers","url":"https:\/\/baubauwall.com\/et\/","logo":{"@type":"ImageObject","inLanguage":"et","@id":"https:\/\/baubauwall.com\/et\/#\/schema\/logo\/image\/","url":"https:\/\/baubauwall.com\/wp-content\/uploads\/2022\/03\/logo-horizontal.svg","contentUrl":"https:\/\/baubauwall.com\/wp-content\/uploads\/2022\/03\/logo-horizontal.svg","width":"1024","height":"1024","caption":"BAUBAUWALL Wallpapers"},"image":{"@id":"https:\/\/baubauwall.com\/et\/#\/schema\/logo\/image\/"},"sameAs":["https:\/\/www.facebook.com\/Baubauwall","https:\/\/www.instagram.com\/baubauwall"]}]}},"jetpack_sharing_enabled":true,"_links":{"self":[{"href":"https:\/\/baubauwall.com\/et\/wp-json\/wp\/v2\/product\/5494","targetHints":{"allow":["GET"]}}],"collection":[{"href":"https:\/\/baubauwall.com\/et\/wp-json\/wp\/v2\/product"}],"about":[{"href":"https:\/\/baubauwall.com\/et\/wp-json\/wp\/v2\/types\/product"}],"replies":[{"embeddable":true,"href":"https:\/\/baubauwall.com\/et\/wp-json\/wp\/v2\/comments?post=5494"}],"wp:featuredmedia":[{"embeddable":true,"href":"https:\/\/baubauwall.com\/et\/wp-json\/wp\/v2\/media\/42871"}],"wp:attachment":[{"href":"https:\/\/baubauwall.com\/et\/wp-json\/wp\/v2\/media?parent=5494"}],"wp:term":[{"taxonomy":"product_brand","embeddable":true,"href":"https:\/\/baubauwall.com\/et\/wp-json\/wp\/v2\/product_brand?post=5494"},{"taxonomy":"product_cat","embeddable":true,"href":"https:\/\/baubauwall.com\/et\/wp-json\/wp\/v2\/product_cat?post=5494"},{"taxonomy":"product_tag","embeddable":true,"href":"https:\/\/baubauwall.com\/et\/wp-json\/wp\/v2\/product_tag?post=5494"}],"curies":[{"name":"wp","href":"https:\/\/api.w.org\/{rel}","templated":true}]}}