{"id":5495,"date":"2022-02-01T07:35:22","date_gmt":"2022-02-01T05:35:22","guid":{"rendered":"https:\/\/baubauwall.com\/product\/birds-and-cones-wallpaper-grey\/"},"modified":"2022-06-29T10:22:07","modified_gmt":"2022-06-29T08:22:07","slug":"tapeet-linnud-kabid-hall","status":"publish","type":"product","link":"https:\/\/baubauwall.com\/et\/toode\/tapeet-linnud-kabid-hall\/","title":{"rendered":"Linnud ja k\u00e4bid &#8211; hall"},"content":{"rendered":"<p>Kuidas sulle meeldiks, kui r\u00f5\u00f5msad linnukesed siristaksid just Sinu kodu seintel? Linnumustriline tapeet on ajatu valik ja loob sinu kodus stiilse \u00fcldmulje pikkadeks aastateks.<br \/>\nSee elegantne kujundus kujutab t\u00f5etruult P\u00f5hjala linde jagamas s\u00f5prust ja toitu (ilmselt sama asi, kas pole?), helehall taust v\u00f5imaldab\u00a0 \u00a0tapeeti kasutada igal aktsentseinal.<\/p>\n<p>Maitsekas tapeet, mis on olemas ka sinepitooni taustaga.<\/p>\n","protected":false},"excerpt":{"rendered":"<p>Kuidas sulle meeldiks, kui r\u00f5\u00f5msad linnukesed siristaksid just Sinu kodu seintel? Linnumustriline tapeet on ajatu valik ja loob sinu kodus stiilse \u00fcldmulje pikkadeks aastateks. See elegantne kujundus kujutab t\u00f5etruult P\u00f5hjala linde jagamas s\u00f5prust ja toitu (ilmselt sama asi, kas pole?), helehall taust v\u00f5imaldab\u00a0 \u00a0tapeeti kasutada igal aktsentseinal. Maitsekas tapeet, mis on olemas ka sinepitooni taustaga.<\/p>\n","protected":false},"featured_media":990,"comment_status":"open","ping_status":"closed","template":"","meta":{"_acf_changed":false,"inline_featured_image":false},"product_brand":[],"product_cat":[386,395,406,396,265,269,272,273,413,414,415,416,399,401,402,412,254,257],"product_tag":[298],"class_list":{"0":"post-5495","1":"product","2":"type-product","3":"status-publish","4":"has-post-thumbnail","6":"product_cat-kordusmustriga-tapeedid","7":"product_cat-romantiline","8":"product_cat-klassika","9":"product_cat-skandinaavia","10":"product_cat-beezid-tapeedid","11":"product_cat-pruunid-tapeedid","12":"product_cat-hallid-tapeedid","13":"product_cat-heledad-tapeedid","14":"product_cat-magamistoa-tapeedid","15":"product_cat-soogitoa-tapeedid","16":"product_cat-kulalistetoa-tapeedid","17":"product_cat-esiku-tapeedid","18":"product_cat-kodukontori-tapeedid","19":"product_cat-koogi-tapeedid","20":"product_cat-elutoa-tapeedid","21":"product_cat-vannitoa-tapeedid","22":"product_cat-loodus","23":"product_cat-linnud","24":"product_tag-botaaniline","25":"pa_designedby-baubauwall","27":"first","28":"instock","29":"taxable","30":"shipping-taxable","31":"purchasable","32":"product-type-simple"},"acf":[],"yoast_head":"<!-- This site is optimized with the Yoast SEO plugin v25.9 - https:\/\/yoast.com\/wordpress\/plugins\/seo\/ -->\n<title>Tapeet P\u00f5hjamaiste lindudega. R\u00e4tsepat\u00f6\u00f6na valmivad disaintapeedid.<\/title>\n<meta name=\"description\" content=\"Elegantne p\u00f5hjamaine tapeedidisain magamistuppa v\u00f5i mujale. Tapeet hallil taustal lindude ja k\u00e4bidega. Sinu seina m\u00f5\u00f5dus tapeedid.\" \/>\n<meta name=\"robots\" content=\"index, follow, max-snippet:-1, max-image-preview:large, max-video-preview:-1\" \/>\n<link rel=\"canonical\" href=\"https:\/\/baubauwall.com\/et\/toode\/tapeet-linnud-kabid-hall\/\" \/>\n<meta property=\"og:locale\" content=\"et_EE\" \/>\n<meta property=\"og:type\" content=\"article\" \/>\n<meta property=\"og:title\" content=\"Tapeet P\u00f5hjamaiste lindudega. R\u00e4tsepat\u00f6\u00f6na valmivad disaintapeedid.\" \/>\n<meta property=\"og:description\" content=\"Elegantne p\u00f5hjamaine tapeedidisain magamistuppa v\u00f5i mujale. Tapeet hallil taustal lindude ja k\u00e4bidega. Sinu seina m\u00f5\u00f5dus tapeedid.\" \/>\n<meta property=\"og:url\" content=\"https:\/\/baubauwall.com\/et\/toode\/tapeet-linnud-kabid-hall\/\" \/>\n<meta property=\"og:site_name\" content=\"BAUBAUWALL TAPEEDID\" \/>\n<meta property=\"article:publisher\" content=\"https:\/\/www.facebook.com\/Baubauwall\" \/>\n<meta property=\"article:modified_time\" content=\"2022-06-29T08:22:07+00:00\" \/>\n<meta property=\"og:image\" content=\"https:\/\/baubauwall.com\/wp-content\/uploads\/2022\/02\/500038_birdsandcones_grey_Baubauwal_wallpaper_roomview-scaled-e1645129799195.jpg\" \/>\n\t<meta property=\"og:image:width\" content=\"1198\" \/>\n\t<meta property=\"og:image:height\" content=\"800\" \/>\n\t<meta property=\"og:image:type\" content=\"image\/jpeg\" \/>\n<meta name=\"twitter:card\" content=\"summary_large_image\" \/>\n<meta name=\"twitter:label1\" content=\"Est. reading time\" \/>\n\t<meta name=\"twitter:data1\" content=\"1 minut\" \/>\n<script type=\"application\/ld+json\" class=\"yoast-schema-graph\">{\"@context\":\"https:\/\/schema.org\",\"@graph\":[{\"@type\":\"WebPage\",\"@id\":\"https:\/\/baubauwall.com\/et\/toode\/tapeet-linnud-kabid-hall\/\",\"url\":\"https:\/\/baubauwall.com\/et\/toode\/tapeet-linnud-kabid-hall\/\",\"name\":\"Tapeet P\u00f5hjamaiste lindudega. R\u00e4tsepat\u00f6\u00f6na valmivad disaintapeedid.\",\"isPartOf\":{\"@id\":\"https:\/\/baubauwall.com\/et\/#website\"},\"primaryImageOfPage\":{\"@id\":\"https:\/\/baubauwall.com\/et\/toode\/tapeet-linnud-kabid-hall\/#primaryimage\"},\"image\":{\"@id\":\"https:\/\/baubauwall.com\/et\/toode\/tapeet-linnud-kabid-hall\/#primaryimage\"},\"thumbnailUrl\":\"https:\/\/baubauwall.com\/wp-content\/uploads\/2022\/02\/500038_birdsandcones_grey_Baubauwal_wallpaper_roomview-scaled-e1645129799195.jpg\",\"datePublished\":\"2022-02-01T05:35:22+00:00\",\"dateModified\":\"2022-06-29T08:22:07+00:00\",\"description\":\"Elegantne p\u00f5hjamaine tapeedidisain magamistuppa v\u00f5i mujale. Tapeet hallil taustal lindude ja k\u00e4bidega. Sinu seina m\u00f5\u00f5dus tapeedid.\",\"breadcrumb\":{\"@id\":\"https:\/\/baubauwall.com\/et\/toode\/tapeet-linnud-kabid-hall\/#breadcrumb\"},\"inLanguage\":\"et\",\"potentialAction\":[{\"@type\":\"ReadAction\",\"target\":[\"https:\/\/baubauwall.com\/et\/toode\/tapeet-linnud-kabid-hall\/\"]}]},{\"@type\":\"ImageObject\",\"inLanguage\":\"et\",\"@id\":\"https:\/\/baubauwall.com\/et\/toode\/tapeet-linnud-kabid-hall\/#primaryimage\",\"url\":\"https:\/\/baubauwall.com\/wp-content\/uploads\/2022\/02\/500038_birdsandcones_grey_Baubauwal_wallpaper_roomview-scaled-e1645129799195.jpg\",\"contentUrl\":\"https:\/\/baubauwall.com\/wp-content\/uploads\/2022\/02\/500038_birdsandcones_grey_Baubauwal_wallpaper_roomview-scaled-e1645129799195.jpg\",\"width\":1198,\"height\":800,\"caption\":\"Spa treatment set in minimal bathroom interior\"},{\"@type\":\"BreadcrumbList\",\"@id\":\"https:\/\/baubauwall.com\/et\/toode\/tapeet-linnud-kabid-hall\/#breadcrumb\",\"itemListElement\":[{\"@type\":\"ListItem\",\"position\":1,\"name\":\"Koju\",\"item\":\"https:\/\/baubauwall.com\/et\/\"},{\"@type\":\"ListItem\",\"position\":2,\"name\":\"Tapeedid\",\"item\":\"https:\/\/baubauwall.com\/et\/tapeedid\/\"},{\"@type\":\"ListItem\",\"position\":3,\"name\":\"Linnud ja k\u00e4bid &#8211; hall\"}]},{\"@type\":\"WebSite\",\"@id\":\"https:\/\/baubauwall.com\/et\/#website\",\"url\":\"https:\/\/baubauwall.com\/et\/\",\"name\":\"BAUBAUWALL Wallpapers\",\"description\":\"Valmis paanides tapeet Eestist!\",\"publisher\":{\"@id\":\"https:\/\/baubauwall.com\/et\/#organization\"},\"potentialAction\":[{\"@type\":\"SearchAction\",\"target\":{\"@type\":\"EntryPoint\",\"urlTemplate\":\"https:\/\/baubauwall.com\/et\/?s={search_term_string}\"},\"query-input\":{\"@type\":\"PropertyValueSpecification\",\"valueRequired\":true,\"valueName\":\"search_term_string\"}}],\"inLanguage\":\"et\"},{\"@type\":\"Organization\",\"@id\":\"https:\/\/baubauwall.com\/et\/#organization\",\"name\":\"BAUBAUWALL Wallpapers\",\"url\":\"https:\/\/baubauwall.com\/et\/\",\"logo\":{\"@type\":\"ImageObject\",\"inLanguage\":\"et\",\"@id\":\"https:\/\/baubauwall.com\/et\/#\/schema\/logo\/image\/\",\"url\":\"https:\/\/baubauwall.com\/wp-content\/uploads\/2022\/03\/logo-horizontal.svg\",\"contentUrl\":\"https:\/\/baubauwall.com\/wp-content\/uploads\/2022\/03\/logo-horizontal.svg\",\"width\":\"1024\",\"height\":\"1024\",\"caption\":\"BAUBAUWALL Wallpapers\"},\"image\":{\"@id\":\"https:\/\/baubauwall.com\/et\/#\/schema\/logo\/image\/\"},\"sameAs\":[\"https:\/\/www.facebook.com\/Baubauwall\",\"https:\/\/www.instagram.com\/baubauwall\"]}]}<\/script>\n<!-- \/ Yoast SEO plugin. -->","yoast_head_json":{"title":"Tapeet P\u00f5hjamaiste lindudega. R\u00e4tsepat\u00f6\u00f6na valmivad disaintapeedid.","description":"Elegantne p\u00f5hjamaine tapeedidisain magamistuppa v\u00f5i mujale. Tapeet hallil taustal lindude ja k\u00e4bidega. Sinu seina m\u00f5\u00f5dus tapeedid.","robots":{"index":"index","follow":"follow","max-snippet":"max-snippet:-1","max-image-preview":"max-image-preview:large","max-video-preview":"max-video-preview:-1"},"canonical":"https:\/\/baubauwall.com\/et\/toode\/tapeet-linnud-kabid-hall\/","og_locale":"et_EE","og_type":"article","og_title":"Tapeet P\u00f5hjamaiste lindudega. R\u00e4tsepat\u00f6\u00f6na valmivad disaintapeedid.","og_description":"Elegantne p\u00f5hjamaine tapeedidisain magamistuppa v\u00f5i mujale. Tapeet hallil taustal lindude ja k\u00e4bidega. Sinu seina m\u00f5\u00f5dus tapeedid.","og_url":"https:\/\/baubauwall.com\/et\/toode\/tapeet-linnud-kabid-hall\/","og_site_name":"BAUBAUWALL TAPEEDID","article_publisher":"https:\/\/www.facebook.com\/Baubauwall","article_modified_time":"2022-06-29T08:22:07+00:00","og_image":[{"width":1198,"height":800,"url":"https:\/\/baubauwall.com\/wp-content\/uploads\/2022\/02\/500038_birdsandcones_grey_Baubauwal_wallpaper_roomview-scaled-e1645129799195.jpg","type":"image\/jpeg"}],"twitter_card":"summary_large_image","twitter_misc":{"Est. reading time":"1 minut"},"schema":{"@context":"https:\/\/schema.org","@graph":[{"@type":"WebPage","@id":"https:\/\/baubauwall.com\/et\/toode\/tapeet-linnud-kabid-hall\/","url":"https:\/\/baubauwall.com\/et\/toode\/tapeet-linnud-kabid-hall\/","name":"Tapeet P\u00f5hjamaiste lindudega. R\u00e4tsepat\u00f6\u00f6na valmivad disaintapeedid.","isPartOf":{"@id":"https:\/\/baubauwall.com\/et\/#website"},"primaryImageOfPage":{"@id":"https:\/\/baubauwall.com\/et\/toode\/tapeet-linnud-kabid-hall\/#primaryimage"},"image":{"@id":"https:\/\/baubauwall.com\/et\/toode\/tapeet-linnud-kabid-hall\/#primaryimage"},"thumbnailUrl":"https:\/\/baubauwall.com\/wp-content\/uploads\/2022\/02\/500038_birdsandcones_grey_Baubauwal_wallpaper_roomview-scaled-e1645129799195.jpg","datePublished":"2022-02-01T05:35:22+00:00","dateModified":"2022-06-29T08:22:07+00:00","description":"Elegantne p\u00f5hjamaine tapeedidisain magamistuppa v\u00f5i mujale. Tapeet hallil taustal lindude ja k\u00e4bidega. Sinu seina m\u00f5\u00f5dus tapeedid.","breadcrumb":{"@id":"https:\/\/baubauwall.com\/et\/toode\/tapeet-linnud-kabid-hall\/#breadcrumb"},"inLanguage":"et","potentialAction":[{"@type":"ReadAction","target":["https:\/\/baubauwall.com\/et\/toode\/tapeet-linnud-kabid-hall\/"]}]},{"@type":"ImageObject","inLanguage":"et","@id":"https:\/\/baubauwall.com\/et\/toode\/tapeet-linnud-kabid-hall\/#primaryimage","url":"https:\/\/baubauwall.com\/wp-content\/uploads\/2022\/02\/500038_birdsandcones_grey_Baubauwal_wallpaper_roomview-scaled-e1645129799195.jpg","contentUrl":"https:\/\/baubauwall.com\/wp-content\/uploads\/2022\/02\/500038_birdsandcones_grey_Baubauwal_wallpaper_roomview-scaled-e1645129799195.jpg","width":1198,"height":800,"caption":"Spa treatment set in minimal bathroom interior"},{"@type":"BreadcrumbList","@id":"https:\/\/baubauwall.com\/et\/toode\/tapeet-linnud-kabid-hall\/#breadcrumb","itemListElement":[{"@type":"ListItem","position":1,"name":"Koju","item":"https:\/\/baubauwall.com\/et\/"},{"@type":"ListItem","position":2,"name":"Tapeedid","item":"https:\/\/baubauwall.com\/et\/tapeedid\/"},{"@type":"ListItem","position":3,"name":"Linnud ja k\u00e4bid &#8211; hall"}]},{"@type":"WebSite","@id":"https:\/\/baubauwall.com\/et\/#website","url":"https:\/\/baubauwall.com\/et\/","name":"BAUBAUWALL Wallpapers","description":"Valmis paanides tapeet Eestist!","publisher":{"@id":"https:\/\/baubauwall.com\/et\/#organization"},"potentialAction":[{"@type":"SearchAction","target":{"@type":"EntryPoint","urlTemplate":"https:\/\/baubauwall.com\/et\/?s={search_term_string}"},"query-input":{"@type":"PropertyValueSpecification","valueRequired":true,"valueName":"search_term_string"}}],"inLanguage":"et"},{"@type":"Organization","@id":"https:\/\/baubauwall.com\/et\/#organization","name":"BAUBAUWALL Wallpapers","url":"https:\/\/baubauwall.com\/et\/","logo":{"@type":"ImageObject","inLanguage":"et","@id":"https:\/\/baubauwall.com\/et\/#\/schema\/logo\/image\/","url":"https:\/\/baubauwall.com\/wp-content\/uploads\/2022\/03\/logo-horizontal.svg","contentUrl":"https:\/\/baubauwall.com\/wp-content\/uploads\/2022\/03\/logo-horizontal.svg","width":"1024","height":"1024","caption":"BAUBAUWALL Wallpapers"},"image":{"@id":"https:\/\/baubauwall.com\/et\/#\/schema\/logo\/image\/"},"sameAs":["https:\/\/www.facebook.com\/Baubauwall","https:\/\/www.instagram.com\/baubauwall"]}]}},"jetpack_sharing_enabled":true,"_links":{"self":[{"href":"https:\/\/baubauwall.com\/et\/wp-json\/wp\/v2\/product\/5495","targetHints":{"allow":["GET"]}}],"collection":[{"href":"https:\/\/baubauwall.com\/et\/wp-json\/wp\/v2\/product"}],"about":[{"href":"https:\/\/baubauwall.com\/et\/wp-json\/wp\/v2\/types\/product"}],"replies":[{"embeddable":true,"href":"https:\/\/baubauwall.com\/et\/wp-json\/wp\/v2\/comments?post=5495"}],"wp:featuredmedia":[{"embeddable":true,"href":"https:\/\/baubauwall.com\/et\/wp-json\/wp\/v2\/media\/990"}],"wp:attachment":[{"href":"https:\/\/baubauwall.com\/et\/wp-json\/wp\/v2\/media?parent=5495"}],"wp:term":[{"taxonomy":"product_brand","embeddable":true,"href":"https:\/\/baubauwall.com\/et\/wp-json\/wp\/v2\/product_brand?post=5495"},{"taxonomy":"product_cat","embeddable":true,"href":"https:\/\/baubauwall.com\/et\/wp-json\/wp\/v2\/product_cat?post=5495"},{"taxonomy":"product_tag","embeddable":true,"href":"https:\/\/baubauwall.com\/et\/wp-json\/wp\/v2\/product_tag?post=5495"}],"curies":[{"name":"wp","href":"https:\/\/api.w.org\/{rel}","templated":true}]}}