{"id":5496,"date":"2022-02-22T08:20:28","date_gmt":"2022-02-22T06:20:28","guid":{"rendered":"https:\/\/baubauwall.com\/product\/lush-tropical-jungle-leaves-wallpaper\/"},"modified":"2022-06-10T11:37:33","modified_gmt":"2022-06-10T09:37:33","slug":"tapeet-lopsakas-troopika-tumeroheline","status":"publish","type":"product","link":"https:\/\/baubauwall.com\/et\/toode\/tapeet-lopsakas-troopika-tumeroheline\/","title":{"rendered":"Lopsakas troopika &#8211; tumeroheline"},"content":{"rendered":"<p>Elegantne tume d\u017eungliteemaline tapeet, mis lisab interj\u00f6\u00f6rile kergelt dramaatilise noodi! Veeda aega metsiku looduse imede keskel oma kodust lahkumata. Iga lehe puhul on p\u00f6\u00f6ratud suurt t\u00e4helepanu detailidele, samas kui roosad \u00f5ied tasakaalustavad tumerohelist maalitud troopilist v\u00e4rvipaletti. Vau-efekti loov sein, millel pilk j\u00e4\u00e4b puhkama \u2013 olgu see siis esikus, s\u00f6\u00f6gitoas v\u00f5i hubases magamistoas.<\/p>\n<p>See eriline tapeet on olemas ka <a href=\"https:\/\/baubauwall.com\/et\/toode\/tapeet-lopsakas-troopika-roosa\/\" target=\"_blank\" rel=\"noopener\">tumeroosa taustaga.<\/a><\/p>\n","protected":false},"excerpt":{"rendered":"<p>Elegantne tume d\u017eungliteemaline tapeet, mis lisab interj\u00f6\u00f6rile kergelt dramaatilise noodi! Veeda aega metsiku looduse imede keskel oma kodust lahkumata. Iga lehe puhul on p\u00f6\u00f6ratud suurt t\u00e4helepanu detailidele, samas kui roosad \u00f5ied tasakaalustavad tumerohelist maalitud troopilist v\u00e4rvipaletti. Vau-efekti loov sein, millel pilk j\u00e4\u00e4b puhkama \u2013 olgu see siis esikus, s\u00f6\u00f6gitoas v\u00f5i hubases magamistoas. See eriline tapeet [&hellip;]<\/p>\n","protected":false},"featured_media":30011,"comment_status":"open","ping_status":"closed","template":"","meta":{"_acf_changed":false,"inline_featured_image":false},"product_brand":[],"product_cat":[386,391,266,270,271,413,414,415,416,399,402,412,250],"product_tag":[286,563],"class_list":{"0":"post-5496","1":"product","2":"type-product","3":"status-publish","4":"has-post-thumbnail","6":"product_cat-kordusmustriga-tapeedid","7":"product_cat-vahemereline","8":"product_cat-mustad-tapeedid","9":"product_cat-tumedad-tapeedid","10":"product_cat-rohelised-tapeedid","11":"product_cat-magamistoa-tapeedid","12":"product_cat-soogitoa-tapeedid","13":"product_cat-kulalistetoa-tapeedid","14":"product_cat-esiku-tapeedid","15":"product_cat-kodukontori-tapeedid","16":"product_cat-elutoa-tapeedid","17":"product_cat-vannitoa-tapeedid","18":"product_cat-dzungel-troopika","19":"product_tag-amazonia-et","20":"product_tag-biofiilia-stiil","21":"pa_designedby-baubauwall","23":"first","24":"instock","25":"taxable","26":"shipping-taxable","27":"purchasable","28":"product-type-simple"},"acf":[],"yoast_head":"<!-- This site is optimized with the Yoast SEO plugin v25.9 - https:\/\/yoast.com\/wordpress\/plugins\/seo\/ -->\n<title>R\u00e4tsepat\u00f6\u00f6na valmivad tapeedid. Tapeet Tumeroheline troopika d\u017eunglis.<\/title>\n<meta name=\"description\" content=\"K\u00fclluslik troopiline tapeedimuster lopsakas d\u017eunglis. Tumerohelisel disainil on tumerohelisel taustal palmilehed, \u00f5ied ja monsterad.\" \/>\n<meta name=\"robots\" content=\"index, follow, max-snippet:-1, max-image-preview:large, max-video-preview:-1\" \/>\n<link rel=\"canonical\" href=\"https:\/\/baubauwall.com\/et\/toode\/tapeet-lopsakas-troopika-tumeroheline\/\" \/>\n<meta property=\"og:locale\" content=\"et_EE\" \/>\n<meta property=\"og:type\" content=\"article\" \/>\n<meta property=\"og:title\" content=\"R\u00e4tsepat\u00f6\u00f6na valmivad tapeedid. Tapeet Tumeroheline troopika d\u017eunglis.\" \/>\n<meta property=\"og:description\" content=\"K\u00fclluslik troopiline tapeedimuster lopsakas d\u017eunglis. Tumerohelisel disainil on tumerohelisel taustal palmilehed, \u00f5ied ja monsterad.\" \/>\n<meta property=\"og:url\" content=\"https:\/\/baubauwall.com\/et\/toode\/tapeet-lopsakas-troopika-tumeroheline\/\" \/>\n<meta property=\"og:site_name\" content=\"BAUBAUWALL TAPEEDID\" \/>\n<meta property=\"article:publisher\" content=\"https:\/\/www.facebook.com\/Baubauwall\" \/>\n<meta property=\"article:modified_time\" content=\"2022-06-10T09:37:33+00:00\" \/>\n<meta property=\"og:image\" content=\"https:\/\/baubauwall.com\/wp-content\/uploads\/2022\/02\/51100039_TropicalJungle-GreenLush_Baubauwall_Wallpaper_room8-1.jpg\" \/>\n\t<meta property=\"og:image:width\" content=\"1523\" \/>\n\t<meta property=\"og:image:height\" content=\"1600\" \/>\n\t<meta property=\"og:image:type\" content=\"image\/jpeg\" \/>\n<meta name=\"twitter:card\" content=\"summary_large_image\" \/>\n<meta name=\"twitter:label1\" content=\"Est. reading time\" \/>\n\t<meta name=\"twitter:data1\" content=\"1 minut\" \/>\n<script type=\"application\/ld+json\" class=\"yoast-schema-graph\">{\"@context\":\"https:\/\/schema.org\",\"@graph\":[{\"@type\":\"WebPage\",\"@id\":\"https:\/\/baubauwall.com\/et\/toode\/tapeet-lopsakas-troopika-tumeroheline\/\",\"url\":\"https:\/\/baubauwall.com\/et\/toode\/tapeet-lopsakas-troopika-tumeroheline\/\",\"name\":\"R\u00e4tsepat\u00f6\u00f6na valmivad tapeedid. Tapeet Tumeroheline troopika d\u017eunglis.\",\"isPartOf\":{\"@id\":\"https:\/\/baubauwall.com\/et\/#website\"},\"primaryImageOfPage\":{\"@id\":\"https:\/\/baubauwall.com\/et\/toode\/tapeet-lopsakas-troopika-tumeroheline\/#primaryimage\"},\"image\":{\"@id\":\"https:\/\/baubauwall.com\/et\/toode\/tapeet-lopsakas-troopika-tumeroheline\/#primaryimage\"},\"thumbnailUrl\":\"https:\/\/baubauwall.com\/wp-content\/uploads\/2022\/02\/51100039_TropicalJungle-GreenLush_Baubauwall_Wallpaper_room8-1.jpg\",\"datePublished\":\"2022-02-22T06:20:28+00:00\",\"dateModified\":\"2022-06-10T09:37:33+00:00\",\"description\":\"K\u00fclluslik troopiline tapeedimuster lopsakas d\u017eunglis. Tumerohelisel disainil on tumerohelisel taustal palmilehed, \u00f5ied ja monsterad.\",\"breadcrumb\":{\"@id\":\"https:\/\/baubauwall.com\/et\/toode\/tapeet-lopsakas-troopika-tumeroheline\/#breadcrumb\"},\"inLanguage\":\"et\",\"potentialAction\":[{\"@type\":\"ReadAction\",\"target\":[\"https:\/\/baubauwall.com\/et\/toode\/tapeet-lopsakas-troopika-tumeroheline\/\"]}]},{\"@type\":\"ImageObject\",\"inLanguage\":\"et\",\"@id\":\"https:\/\/baubauwall.com\/et\/toode\/tapeet-lopsakas-troopika-tumeroheline\/#primaryimage\",\"url\":\"https:\/\/baubauwall.com\/wp-content\/uploads\/2022\/02\/51100039_TropicalJungle-GreenLush_Baubauwall_Wallpaper_room8-1.jpg\",\"contentUrl\":\"https:\/\/baubauwall.com\/wp-content\/uploads\/2022\/02\/51100039_TropicalJungle-GreenLush_Baubauwall_Wallpaper_room8-1.jpg\",\"width\":1523,\"height\":1600},{\"@type\":\"BreadcrumbList\",\"@id\":\"https:\/\/baubauwall.com\/et\/toode\/tapeet-lopsakas-troopika-tumeroheline\/#breadcrumb\",\"itemListElement\":[{\"@type\":\"ListItem\",\"position\":1,\"name\":\"Koju\",\"item\":\"https:\/\/baubauwall.com\/et\/\"},{\"@type\":\"ListItem\",\"position\":2,\"name\":\"Tapeedid\",\"item\":\"https:\/\/baubauwall.com\/et\/tapeedid\/\"},{\"@type\":\"ListItem\",\"position\":3,\"name\":\"Lopsakas troopika &#8211; tumeroheline\"}]},{\"@type\":\"WebSite\",\"@id\":\"https:\/\/baubauwall.com\/et\/#website\",\"url\":\"https:\/\/baubauwall.com\/et\/\",\"name\":\"BAUBAUWALL Wallpapers\",\"description\":\"Valmis paanides tapeet Eestist!\",\"publisher\":{\"@id\":\"https:\/\/baubauwall.com\/et\/#organization\"},\"potentialAction\":[{\"@type\":\"SearchAction\",\"target\":{\"@type\":\"EntryPoint\",\"urlTemplate\":\"https:\/\/baubauwall.com\/et\/?s={search_term_string}\"},\"query-input\":{\"@type\":\"PropertyValueSpecification\",\"valueRequired\":true,\"valueName\":\"search_term_string\"}}],\"inLanguage\":\"et\"},{\"@type\":\"Organization\",\"@id\":\"https:\/\/baubauwall.com\/et\/#organization\",\"name\":\"BAUBAUWALL Wallpapers\",\"url\":\"https:\/\/baubauwall.com\/et\/\",\"logo\":{\"@type\":\"ImageObject\",\"inLanguage\":\"et\",\"@id\":\"https:\/\/baubauwall.com\/et\/#\/schema\/logo\/image\/\",\"url\":\"https:\/\/baubauwall.com\/wp-content\/uploads\/2022\/03\/logo-horizontal.svg\",\"contentUrl\":\"https:\/\/baubauwall.com\/wp-content\/uploads\/2022\/03\/logo-horizontal.svg\",\"width\":\"1024\",\"height\":\"1024\",\"caption\":\"BAUBAUWALL Wallpapers\"},\"image\":{\"@id\":\"https:\/\/baubauwall.com\/et\/#\/schema\/logo\/image\/\"},\"sameAs\":[\"https:\/\/www.facebook.com\/Baubauwall\",\"https:\/\/www.instagram.com\/baubauwall\"]}]}<\/script>\n<!-- \/ Yoast SEO plugin. -->","yoast_head_json":{"title":"R\u00e4tsepat\u00f6\u00f6na valmivad tapeedid. Tapeet Tumeroheline troopika d\u017eunglis.","description":"K\u00fclluslik troopiline tapeedimuster lopsakas d\u017eunglis. Tumerohelisel disainil on tumerohelisel taustal palmilehed, \u00f5ied ja monsterad.","robots":{"index":"index","follow":"follow","max-snippet":"max-snippet:-1","max-image-preview":"max-image-preview:large","max-video-preview":"max-video-preview:-1"},"canonical":"https:\/\/baubauwall.com\/et\/toode\/tapeet-lopsakas-troopika-tumeroheline\/","og_locale":"et_EE","og_type":"article","og_title":"R\u00e4tsepat\u00f6\u00f6na valmivad tapeedid. Tapeet Tumeroheline troopika d\u017eunglis.","og_description":"K\u00fclluslik troopiline tapeedimuster lopsakas d\u017eunglis. Tumerohelisel disainil on tumerohelisel taustal palmilehed, \u00f5ied ja monsterad.","og_url":"https:\/\/baubauwall.com\/et\/toode\/tapeet-lopsakas-troopika-tumeroheline\/","og_site_name":"BAUBAUWALL TAPEEDID","article_publisher":"https:\/\/www.facebook.com\/Baubauwall","article_modified_time":"2022-06-10T09:37:33+00:00","og_image":[{"width":1523,"height":1600,"url":"https:\/\/baubauwall.com\/wp-content\/uploads\/2022\/02\/51100039_TropicalJungle-GreenLush_Baubauwall_Wallpaper_room8-1.jpg","type":"image\/jpeg"}],"twitter_card":"summary_large_image","twitter_misc":{"Est. reading time":"1 minut"},"schema":{"@context":"https:\/\/schema.org","@graph":[{"@type":"WebPage","@id":"https:\/\/baubauwall.com\/et\/toode\/tapeet-lopsakas-troopika-tumeroheline\/","url":"https:\/\/baubauwall.com\/et\/toode\/tapeet-lopsakas-troopika-tumeroheline\/","name":"R\u00e4tsepat\u00f6\u00f6na valmivad tapeedid. Tapeet Tumeroheline troopika d\u017eunglis.","isPartOf":{"@id":"https:\/\/baubauwall.com\/et\/#website"},"primaryImageOfPage":{"@id":"https:\/\/baubauwall.com\/et\/toode\/tapeet-lopsakas-troopika-tumeroheline\/#primaryimage"},"image":{"@id":"https:\/\/baubauwall.com\/et\/toode\/tapeet-lopsakas-troopika-tumeroheline\/#primaryimage"},"thumbnailUrl":"https:\/\/baubauwall.com\/wp-content\/uploads\/2022\/02\/51100039_TropicalJungle-GreenLush_Baubauwall_Wallpaper_room8-1.jpg","datePublished":"2022-02-22T06:20:28+00:00","dateModified":"2022-06-10T09:37:33+00:00","description":"K\u00fclluslik troopiline tapeedimuster lopsakas d\u017eunglis. Tumerohelisel disainil on tumerohelisel taustal palmilehed, \u00f5ied ja monsterad.","breadcrumb":{"@id":"https:\/\/baubauwall.com\/et\/toode\/tapeet-lopsakas-troopika-tumeroheline\/#breadcrumb"},"inLanguage":"et","potentialAction":[{"@type":"ReadAction","target":["https:\/\/baubauwall.com\/et\/toode\/tapeet-lopsakas-troopika-tumeroheline\/"]}]},{"@type":"ImageObject","inLanguage":"et","@id":"https:\/\/baubauwall.com\/et\/toode\/tapeet-lopsakas-troopika-tumeroheline\/#primaryimage","url":"https:\/\/baubauwall.com\/wp-content\/uploads\/2022\/02\/51100039_TropicalJungle-GreenLush_Baubauwall_Wallpaper_room8-1.jpg","contentUrl":"https:\/\/baubauwall.com\/wp-content\/uploads\/2022\/02\/51100039_TropicalJungle-GreenLush_Baubauwall_Wallpaper_room8-1.jpg","width":1523,"height":1600},{"@type":"BreadcrumbList","@id":"https:\/\/baubauwall.com\/et\/toode\/tapeet-lopsakas-troopika-tumeroheline\/#breadcrumb","itemListElement":[{"@type":"ListItem","position":1,"name":"Koju","item":"https:\/\/baubauwall.com\/et\/"},{"@type":"ListItem","position":2,"name":"Tapeedid","item":"https:\/\/baubauwall.com\/et\/tapeedid\/"},{"@type":"ListItem","position":3,"name":"Lopsakas troopika &#8211; tumeroheline"}]},{"@type":"WebSite","@id":"https:\/\/baubauwall.com\/et\/#website","url":"https:\/\/baubauwall.com\/et\/","name":"BAUBAUWALL Wallpapers","description":"Valmis paanides tapeet Eestist!","publisher":{"@id":"https:\/\/baubauwall.com\/et\/#organization"},"potentialAction":[{"@type":"SearchAction","target":{"@type":"EntryPoint","urlTemplate":"https:\/\/baubauwall.com\/et\/?s={search_term_string}"},"query-input":{"@type":"PropertyValueSpecification","valueRequired":true,"valueName":"search_term_string"}}],"inLanguage":"et"},{"@type":"Organization","@id":"https:\/\/baubauwall.com\/et\/#organization","name":"BAUBAUWALL Wallpapers","url":"https:\/\/baubauwall.com\/et\/","logo":{"@type":"ImageObject","inLanguage":"et","@id":"https:\/\/baubauwall.com\/et\/#\/schema\/logo\/image\/","url":"https:\/\/baubauwall.com\/wp-content\/uploads\/2022\/03\/logo-horizontal.svg","contentUrl":"https:\/\/baubauwall.com\/wp-content\/uploads\/2022\/03\/logo-horizontal.svg","width":"1024","height":"1024","caption":"BAUBAUWALL Wallpapers"},"image":{"@id":"https:\/\/baubauwall.com\/et\/#\/schema\/logo\/image\/"},"sameAs":["https:\/\/www.facebook.com\/Baubauwall","https:\/\/www.instagram.com\/baubauwall"]}]}},"jetpack_sharing_enabled":true,"_links":{"self":[{"href":"https:\/\/baubauwall.com\/et\/wp-json\/wp\/v2\/product\/5496","targetHints":{"allow":["GET"]}}],"collection":[{"href":"https:\/\/baubauwall.com\/et\/wp-json\/wp\/v2\/product"}],"about":[{"href":"https:\/\/baubauwall.com\/et\/wp-json\/wp\/v2\/types\/product"}],"replies":[{"embeddable":true,"href":"https:\/\/baubauwall.com\/et\/wp-json\/wp\/v2\/comments?post=5496"}],"wp:featuredmedia":[{"embeddable":true,"href":"https:\/\/baubauwall.com\/et\/wp-json\/wp\/v2\/media\/30011"}],"wp:attachment":[{"href":"https:\/\/baubauwall.com\/et\/wp-json\/wp\/v2\/media?parent=5496"}],"wp:term":[{"taxonomy":"product_brand","embeddable":true,"href":"https:\/\/baubauwall.com\/et\/wp-json\/wp\/v2\/product_brand?post=5496"},{"taxonomy":"product_cat","embeddable":true,"href":"https:\/\/baubauwall.com\/et\/wp-json\/wp\/v2\/product_cat?post=5496"},{"taxonomy":"product_tag","embeddable":true,"href":"https:\/\/baubauwall.com\/et\/wp-json\/wp\/v2\/product_tag?post=5496"}],"curies":[{"name":"wp","href":"https:\/\/api.w.org\/{rel}","templated":true}]}}