{"id":5511,"date":"2022-02-03T12:49:32","date_gmt":"2022-02-03T10:49:32","guid":{"rendered":"https:\/\/baubauwall.com\/product\/flamingo-club-rusty-red\/"},"modified":"2025-05-02T15:05:08","modified_gmt":"2025-05-02T13:05:08","slug":"tapeet-flamingoklubi-roostepunane","status":"publish","type":"product","link":"https:\/\/baubauwall.com\/et\/toode\/tapeet-flamingoklubi-roostepunane\/","title":{"rendered":"Flamingoklubi &#8211; roostepunane"},"content":{"rendered":"<p>Kes suudaks \u00f6elda &#8220;ei&#8221; flamingotapeedile?! Flamingod tapeedil on suurep\u00e4rane viis eksootilisi ja v\u00f5luvaid linde oma kodu sisekujunduses v\u00f5\u00f5rustada.\u00a0 T\u00f5eline flamingotapeet on lihtsalt \u00e4ge, luksuslik ja ilus valik. Meie <em>Flamingoklubi<\/em> tapeedidisainil on elegantsel roostepunasel taustal hoolikalt maalitud roosad linnud, piilumas l\u00e4bi troopikametsa Sinu toas toimuvat! Flamingotapeet on fantastiline valik aktsentseinale, samas ka v\u00f5imalus luua t\u00f5eline vau-efekt Su koduspaa stiilis vannitoas, alati melu t\u00e4is s\u00f6\u00f6gitoas v\u00f5i tumedates toonides magamistoa seintel.<\/p>\n<p>Maitsekas tapeet flamingodega on olemas ka oliivrohelise taustaga. Ideaalne tapeedidisain Sulle, kes otsid julget, <a href=\"https:\/\/www.pinterest.com\/baubauwall\/\" target=\"_blank\" rel=\"noopener\">maitsekat ja erilist tapeeti.<\/a> Loe veel trendikatest tumedates toonides tapeetidest meie <a href=\"https:\/\/baubauwall.com\/et\/uudised\/autumn-wallpaper-trends\/\" target=\"_blank\" rel=\"noopener\">ajakirjast.<\/a><\/p>\n<p><strong>Miks valida tapeet Baubauwallist? Sest me teeme<a href=\"https:\/\/baubauwall.com\/et\/nipid\/online-tapeedistuudiost-tapeedi-tellimine-on-veel-lihtsam\/\" target=\"_blank\" rel=\"noopener\">\u00a0tapeedi valimise,<\/a>\u00a0ostmise ja paigalduse lihtsaks.\u00a0<\/strong><\/p>\n<ul>\n<li>Tr\u00fckime t\u00e4pselt Sinu seina m\u00f5\u00f5dus tapeedi, siinsamas Eestis<\/li>\n<li>Just nii pikad tapeedipaanid, kui on Sinu sein<\/li>\n<li>Premium, matt fliistapeedi materjal, 100% taaskasutatud kiust<\/li>\n<li>M\u00fcrgivabad tr\u00fckiv\u00e4rvid, Greenguard sertifitseeritud<\/li>\n<li>Keskkonnas\u00f5bralik, j\u00e4\u00e4tmevaba tapeetimine<\/li>\n<li>Tasuta tapeediliim<\/li>\n<li>Tasuta transport ja kiire tarne 5 t\u00f6\u00f6p\u00e4evaga. Sina oota vaid s\u00f5numit paki saabumisest!<\/li>\n<\/ul>\n","protected":false},"excerpt":{"rendered":"<p>Kes suudaks \u00f6elda &#8220;ei&#8221; flamingotapeedile?! Flamingod tapeedil on suurep\u00e4rane viis eksootilisi ja v\u00f5luvaid linde oma kodu sisekujunduses v\u00f5\u00f5rustada.\u00a0 T\u00f5eline flamingotapeet on lihtsalt \u00e4ge, luksuslik ja ilus valik. Meie Flamingoklubi tapeedidisainil on elegantsel roostepunasel taustal hoolikalt maalitud roosad linnud, piilumas l\u00e4bi troopikametsa Sinu toas toimuvat! Flamingotapeet on fantastiline valik aktsentseinale, samas ka v\u00f5imalus luua t\u00f5eline vau-efekt [&hellip;]<\/p>\n","protected":false},"featured_media":16417,"comment_status":"open","ping_status":"closed","template":"","meta":{"_acf_changed":false,"inline_featured_image":false},"product_brand":[],"product_cat":[386,622,447,394,264,270,271,278,418,413,414,416,402,412,254,257],"product_tag":[],"class_list":{"0":"post-5511","1":"product","2":"type-product","3":"status-publish","4":"has-post-thumbnail","6":"product_cat-kordusmustriga-tapeedid","7":"product_cat-julged-tapeedid","8":"product_cat-maksimalistlik-et","9":"product_cat-rikkalik","10":"product_cat-varv","11":"product_cat-tumedad-tapeedid","12":"product_cat-rohelised-tapeedid","13":"product_cat-roosad-tapeedid","14":"product_cat-punased-tapeedid","15":"product_cat-magamistoa-tapeedid","16":"product_cat-soogitoa-tapeedid","17":"product_cat-esiku-tapeedid","18":"product_cat-elutoa-tapeedid","19":"product_cat-vannitoa-tapeedid","20":"product_cat-loodus","21":"product_cat-linnud","22":"pa_designedby-baubauwall","24":"first","25":"instock","26":"taxable","27":"shipping-taxable","28":"purchasable","29":"product-type-simple"},"acf":[],"yoast_head":"<!-- This site is optimized with the Yoast SEO plugin v25.9 - https:\/\/yoast.com\/wordpress\/plugins\/seo\/ -->\n<title>Flamingotapeet Flamingoklubi. Luksuslik, julge ja troopiline tapeet<\/title>\n<meta name=\"description\" content=\"Efektne flamingotapeet! Troopiline tapeet roosade flamingodega. Sinu seina m\u00f5\u00f5tu l\u00f5igatud paanides. Kiire tarne ja premium fliistapeedi materjal.\" \/>\n<meta name=\"robots\" content=\"index, follow, max-snippet:-1, max-image-preview:large, max-video-preview:-1\" \/>\n<link rel=\"canonical\" href=\"https:\/\/baubauwall.com\/et\/toode\/tapeet-flamingoklubi-roostepunane\/\" \/>\n<meta property=\"og:locale\" content=\"et_EE\" \/>\n<meta property=\"og:type\" content=\"article\" \/>\n<meta property=\"og:title\" content=\"BAUBAUWALL TAPEEDID\" \/>\n<meta property=\"og:description\" content=\"Efektne flamingotapeet! Troopiline tapeet roosade flamingodega. Sinu seina m\u00f5\u00f5tu l\u00f5igatud paanides. Kiire tarne ja premium fliistapeedi materjal.\" \/>\n<meta property=\"og:url\" content=\"https:\/\/baubauwall.com\/et\/toode\/tapeet-flamingoklubi-roostepunane\/\" \/>\n<meta property=\"og:site_name\" content=\"BAUBAUWALL TAPEEDID\" \/>\n<meta property=\"article:publisher\" content=\"https:\/\/www.facebook.com\/Baubauwall\" \/>\n<meta property=\"article:modified_time\" content=\"2025-05-02T13:05:08+00:00\" \/>\n<meta property=\"og:image\" content=\"https:\/\/baubauwall.com\/wp-content\/uploads\/2022\/02\/51100041_TheFlamingoClub-RustyRed_Baubauwall_Wallpaper_room6-1024x768.jpg\" \/>\n<meta name=\"twitter:card\" content=\"summary_large_image\" \/>\n<meta name=\"twitter:label1\" content=\"Est. reading time\" \/>\n\t<meta name=\"twitter:data1\" content=\"1 minut\" \/>\n<script type=\"application\/ld+json\" class=\"yoast-schema-graph\">{\"@context\":\"https:\/\/schema.org\",\"@graph\":[{\"@type\":\"WebPage\",\"@id\":\"https:\/\/baubauwall.com\/et\/toode\/tapeet-flamingoklubi-roostepunane\/\",\"url\":\"https:\/\/baubauwall.com\/et\/toode\/tapeet-flamingoklubi-roostepunane\/\",\"name\":\"Flamingotapeet Flamingoklubi. Luksuslik, julge ja troopiline tapeet\",\"isPartOf\":{\"@id\":\"https:\/\/baubauwall.com\/et\/#website\"},\"primaryImageOfPage\":{\"@id\":\"https:\/\/baubauwall.com\/et\/toode\/tapeet-flamingoklubi-roostepunane\/#primaryimage\"},\"image\":{\"@id\":\"https:\/\/baubauwall.com\/et\/toode\/tapeet-flamingoklubi-roostepunane\/#primaryimage\"},\"thumbnailUrl\":\"https:\/\/baubauwall.com\/wp-content\/uploads\/2022\/02\/51100041_TheFlamingoClub-RustyRed_Baubauwall_Wallpaper_room5.jpg\",\"datePublished\":\"2022-02-03T10:49:32+00:00\",\"dateModified\":\"2025-05-02T13:05:08+00:00\",\"description\":\"Efektne flamingotapeet! Troopiline tapeet roosade flamingodega. Sinu seina m\u00f5\u00f5tu l\u00f5igatud paanides. Kiire tarne ja premium fliistapeedi materjal.\",\"breadcrumb\":{\"@id\":\"https:\/\/baubauwall.com\/et\/toode\/tapeet-flamingoklubi-roostepunane\/#breadcrumb\"},\"inLanguage\":\"et\",\"potentialAction\":[{\"@type\":\"ReadAction\",\"target\":[\"https:\/\/baubauwall.com\/et\/toode\/tapeet-flamingoklubi-roostepunane\/\"]}]},{\"@type\":\"ImageObject\",\"inLanguage\":\"et\",\"@id\":\"https:\/\/baubauwall.com\/et\/toode\/tapeet-flamingoklubi-roostepunane\/#primaryimage\",\"url\":\"https:\/\/baubauwall.com\/wp-content\/uploads\/2022\/02\/51100041_TheFlamingoClub-RustyRed_Baubauwall_Wallpaper_room5.jpg\",\"contentUrl\":\"https:\/\/baubauwall.com\/wp-content\/uploads\/2022\/02\/51100041_TheFlamingoClub-RustyRed_Baubauwall_Wallpaper_room5.jpg\",\"width\":745,\"height\":800,\"caption\":\"Flamingo pattern wallpaper set on an accent wall of a living room lounge. Baubauwall wallpapers\"},{\"@type\":\"BreadcrumbList\",\"@id\":\"https:\/\/baubauwall.com\/et\/toode\/tapeet-flamingoklubi-roostepunane\/#breadcrumb\",\"itemListElement\":[{\"@type\":\"ListItem\",\"position\":1,\"name\":\"Koju\",\"item\":\"https:\/\/baubauwall.com\/et\/\"},{\"@type\":\"ListItem\",\"position\":2,\"name\":\"Tapeedid\",\"item\":\"https:\/\/baubauwall.com\/et\/tapeedid\/\"},{\"@type\":\"ListItem\",\"position\":3,\"name\":\"Flamingoklubi &#8211; roostepunane\"}]},{\"@type\":\"WebSite\",\"@id\":\"https:\/\/baubauwall.com\/et\/#website\",\"url\":\"https:\/\/baubauwall.com\/et\/\",\"name\":\"BAUBAUWALL Wallpapers\",\"description\":\"Valmis paanides tapeet Eestist!\",\"publisher\":{\"@id\":\"https:\/\/baubauwall.com\/et\/#organization\"},\"potentialAction\":[{\"@type\":\"SearchAction\",\"target\":{\"@type\":\"EntryPoint\",\"urlTemplate\":\"https:\/\/baubauwall.com\/et\/?s={search_term_string}\"},\"query-input\":{\"@type\":\"PropertyValueSpecification\",\"valueRequired\":true,\"valueName\":\"search_term_string\"}}],\"inLanguage\":\"et\"},{\"@type\":\"Organization\",\"@id\":\"https:\/\/baubauwall.com\/et\/#organization\",\"name\":\"BAUBAUWALL Wallpapers\",\"url\":\"https:\/\/baubauwall.com\/et\/\",\"logo\":{\"@type\":\"ImageObject\",\"inLanguage\":\"et\",\"@id\":\"https:\/\/baubauwall.com\/et\/#\/schema\/logo\/image\/\",\"url\":\"https:\/\/baubauwall.com\/wp-content\/uploads\/2022\/03\/logo-horizontal.svg\",\"contentUrl\":\"https:\/\/baubauwall.com\/wp-content\/uploads\/2022\/03\/logo-horizontal.svg\",\"width\":\"1024\",\"height\":\"1024\",\"caption\":\"BAUBAUWALL Wallpapers\"},\"image\":{\"@id\":\"https:\/\/baubauwall.com\/et\/#\/schema\/logo\/image\/\"},\"sameAs\":[\"https:\/\/www.facebook.com\/Baubauwall\",\"https:\/\/www.instagram.com\/baubauwall\"]}]}<\/script>\n<!-- \/ Yoast SEO plugin. -->","yoast_head_json":{"title":"Flamingotapeet Flamingoklubi. Luksuslik, julge ja troopiline tapeet","description":"Efektne flamingotapeet! Troopiline tapeet roosade flamingodega. Sinu seina m\u00f5\u00f5tu l\u00f5igatud paanides. Kiire tarne ja premium fliistapeedi materjal.","robots":{"index":"index","follow":"follow","max-snippet":"max-snippet:-1","max-image-preview":"max-image-preview:large","max-video-preview":"max-video-preview:-1"},"canonical":"https:\/\/baubauwall.com\/et\/toode\/tapeet-flamingoklubi-roostepunane\/","og_locale":"et_EE","og_type":"article","og_title":"BAUBAUWALL TAPEEDID","og_description":"Efektne flamingotapeet! Troopiline tapeet roosade flamingodega. Sinu seina m\u00f5\u00f5tu l\u00f5igatud paanides. Kiire tarne ja premium fliistapeedi materjal.","og_url":"https:\/\/baubauwall.com\/et\/toode\/tapeet-flamingoklubi-roostepunane\/","og_site_name":"BAUBAUWALL TAPEEDID","article_publisher":"https:\/\/www.facebook.com\/Baubauwall","article_modified_time":"2025-05-02T13:05:08+00:00","og_image":[{"url":"https:\/\/baubauwall.com\/wp-content\/uploads\/2022\/02\/51100041_TheFlamingoClub-RustyRed_Baubauwall_Wallpaper_room6-1024x768.jpg","type":"","width":"","height":""}],"twitter_card":"summary_large_image","twitter_misc":{"Est. reading time":"1 minut"},"schema":{"@context":"https:\/\/schema.org","@graph":[{"@type":"WebPage","@id":"https:\/\/baubauwall.com\/et\/toode\/tapeet-flamingoklubi-roostepunane\/","url":"https:\/\/baubauwall.com\/et\/toode\/tapeet-flamingoklubi-roostepunane\/","name":"Flamingotapeet Flamingoklubi. Luksuslik, julge ja troopiline tapeet","isPartOf":{"@id":"https:\/\/baubauwall.com\/et\/#website"},"primaryImageOfPage":{"@id":"https:\/\/baubauwall.com\/et\/toode\/tapeet-flamingoklubi-roostepunane\/#primaryimage"},"image":{"@id":"https:\/\/baubauwall.com\/et\/toode\/tapeet-flamingoklubi-roostepunane\/#primaryimage"},"thumbnailUrl":"https:\/\/baubauwall.com\/wp-content\/uploads\/2022\/02\/51100041_TheFlamingoClub-RustyRed_Baubauwall_Wallpaper_room5.jpg","datePublished":"2022-02-03T10:49:32+00:00","dateModified":"2025-05-02T13:05:08+00:00","description":"Efektne flamingotapeet! Troopiline tapeet roosade flamingodega. Sinu seina m\u00f5\u00f5tu l\u00f5igatud paanides. Kiire tarne ja premium fliistapeedi materjal.","breadcrumb":{"@id":"https:\/\/baubauwall.com\/et\/toode\/tapeet-flamingoklubi-roostepunane\/#breadcrumb"},"inLanguage":"et","potentialAction":[{"@type":"ReadAction","target":["https:\/\/baubauwall.com\/et\/toode\/tapeet-flamingoklubi-roostepunane\/"]}]},{"@type":"ImageObject","inLanguage":"et","@id":"https:\/\/baubauwall.com\/et\/toode\/tapeet-flamingoklubi-roostepunane\/#primaryimage","url":"https:\/\/baubauwall.com\/wp-content\/uploads\/2022\/02\/51100041_TheFlamingoClub-RustyRed_Baubauwall_Wallpaper_room5.jpg","contentUrl":"https:\/\/baubauwall.com\/wp-content\/uploads\/2022\/02\/51100041_TheFlamingoClub-RustyRed_Baubauwall_Wallpaper_room5.jpg","width":745,"height":800,"caption":"Flamingo pattern wallpaper set on an accent wall of a living room lounge. Baubauwall wallpapers"},{"@type":"BreadcrumbList","@id":"https:\/\/baubauwall.com\/et\/toode\/tapeet-flamingoklubi-roostepunane\/#breadcrumb","itemListElement":[{"@type":"ListItem","position":1,"name":"Koju","item":"https:\/\/baubauwall.com\/et\/"},{"@type":"ListItem","position":2,"name":"Tapeedid","item":"https:\/\/baubauwall.com\/et\/tapeedid\/"},{"@type":"ListItem","position":3,"name":"Flamingoklubi &#8211; roostepunane"}]},{"@type":"WebSite","@id":"https:\/\/baubauwall.com\/et\/#website","url":"https:\/\/baubauwall.com\/et\/","name":"BAUBAUWALL Wallpapers","description":"Valmis paanides tapeet Eestist!","publisher":{"@id":"https:\/\/baubauwall.com\/et\/#organization"},"potentialAction":[{"@type":"SearchAction","target":{"@type":"EntryPoint","urlTemplate":"https:\/\/baubauwall.com\/et\/?s={search_term_string}"},"query-input":{"@type":"PropertyValueSpecification","valueRequired":true,"valueName":"search_term_string"}}],"inLanguage":"et"},{"@type":"Organization","@id":"https:\/\/baubauwall.com\/et\/#organization","name":"BAUBAUWALL Wallpapers","url":"https:\/\/baubauwall.com\/et\/","logo":{"@type":"ImageObject","inLanguage":"et","@id":"https:\/\/baubauwall.com\/et\/#\/schema\/logo\/image\/","url":"https:\/\/baubauwall.com\/wp-content\/uploads\/2022\/03\/logo-horizontal.svg","contentUrl":"https:\/\/baubauwall.com\/wp-content\/uploads\/2022\/03\/logo-horizontal.svg","width":"1024","height":"1024","caption":"BAUBAUWALL Wallpapers"},"image":{"@id":"https:\/\/baubauwall.com\/et\/#\/schema\/logo\/image\/"},"sameAs":["https:\/\/www.facebook.com\/Baubauwall","https:\/\/www.instagram.com\/baubauwall"]}]}},"jetpack_sharing_enabled":true,"_links":{"self":[{"href":"https:\/\/baubauwall.com\/et\/wp-json\/wp\/v2\/product\/5511","targetHints":{"allow":["GET"]}}],"collection":[{"href":"https:\/\/baubauwall.com\/et\/wp-json\/wp\/v2\/product"}],"about":[{"href":"https:\/\/baubauwall.com\/et\/wp-json\/wp\/v2\/types\/product"}],"replies":[{"embeddable":true,"href":"https:\/\/baubauwall.com\/et\/wp-json\/wp\/v2\/comments?post=5511"}],"wp:featuredmedia":[{"embeddable":true,"href":"https:\/\/baubauwall.com\/et\/wp-json\/wp\/v2\/media\/16417"}],"wp:attachment":[{"href":"https:\/\/baubauwall.com\/et\/wp-json\/wp\/v2\/media?parent=5511"}],"wp:term":[{"taxonomy":"product_brand","embeddable":true,"href":"https:\/\/baubauwall.com\/et\/wp-json\/wp\/v2\/product_brand?post=5511"},{"taxonomy":"product_cat","embeddable":true,"href":"https:\/\/baubauwall.com\/et\/wp-json\/wp\/v2\/product_cat?post=5511"},{"taxonomy":"product_tag","embeddable":true,"href":"https:\/\/baubauwall.com\/et\/wp-json\/wp\/v2\/product_tag?post=5511"}],"curies":[{"name":"wp","href":"https:\/\/api.w.org\/{rel}","templated":true}]}}