{"id":5512,"date":"2022-02-03T12:56:00","date_gmt":"2022-02-03T10:56:00","guid":{"rendered":"https:\/\/baubauwall.com\/product\/the-flamingo-club-rusty-beige-green\/"},"modified":"2025-01-09T18:31:36","modified_gmt":"2025-01-09T16:31:36","slug":"tapeet-flamingoklubi-oliivroheline","status":"publish","type":"product","link":"https:\/\/baubauwall.com\/et\/toode\/tapeet-flamingoklubi-oliivroheline\/","title":{"rendered":"Flamingoklubi &#8211; oliivroheline"},"content":{"rendered":"<p>Kes suudaks \u00f6elda &#8220;ei&#8221; flamingotapeedile?! Flamingod on suurep\u00e4rane viis eksootilisi ja v\u00f5luvaid linde oma kodu sisekujunduses v\u00f5\u00f5rustada.\u00a0 Elegantne tapeedidisain, millel hoolikalt maalitud roosad linnud piiluvad l\u00e4bi eksootiliste troopikametsa Sinu toas toimuvat! Fantastiline valik aktsentseinale, samas ka v\u00f5imalus luua t\u00f5eline vau-efekt Su koduspaa stiilis vannitoas, alati melu t\u00e4is s\u00f6\u00f6gitoas v\u00f5i sumeda magamistoa seintel.<\/p>\n<p>Maitsekas tapeet flamingodega, mis on olemas ka roostepunase taustaga. Ideaalne tapeedidisain magamistoa seinale. Loe veel trendikatest tumedates toonides tapeetidest meie <a href=\"https:\/\/baubauwall.com\/et\/uudised\/autumn-wallpaper-trends\/\" target=\"_blank\" rel=\"noopener\"> ajakirjast.<\/a><\/p>\n","protected":false},"excerpt":{"rendered":"<p>Kes suudaks \u00f6elda &#8220;ei&#8221; flamingotapeedile?! Flamingod on suurep\u00e4rane viis eksootilisi ja v\u00f5luvaid linde oma kodu sisekujunduses v\u00f5\u00f5rustada.\u00a0 Elegantne tapeedidisain, millel hoolikalt maalitud roosad linnud piiluvad l\u00e4bi eksootiliste troopikametsa Sinu toas toimuvat! Fantastiline valik aktsentseinale, samas ka v\u00f5imalus luua t\u00f5eline vau-efekt Su koduspaa stiilis vannitoas, alati melu t\u00e4is s\u00f6\u00f6gitoas v\u00f5i sumeda magamistoa seintel. Maitsekas tapeet flamingodega, [&hellip;]<\/p>\n","protected":false},"featured_media":16425,"comment_status":"open","ping_status":"closed","template":"","meta":{"_acf_changed":false,"inline_featured_image":false},"product_brand":[],"product_cat":[386,447,394,270,271,278,752,413,414,415,416,402,412,250,254,257,561],"product_tag":[563],"class_list":{"0":"post-5512","1":"product","2":"type-product","3":"status-publish","4":"has-post-thumbnail","6":"product_cat-kordusmustriga-tapeedid","7":"product_cat-maksimalistlik-et","8":"product_cat-rikkalik","9":"product_cat-tumedad-tapeedid","10":"product_cat-rohelised-tapeedid","11":"product_cat-roosad-tapeedid","12":"product_cat-avalik-ruum","13":"product_cat-magamistoa-tapeedid","14":"product_cat-soogitoa-tapeedid","15":"product_cat-kulalistetoa-tapeedid","16":"product_cat-esiku-tapeedid","17":"product_cat-elutoa-tapeedid","18":"product_cat-vannitoa-tapeedid","19":"product_cat-dzungel-troopika","20":"product_cat-loodus","21":"product_cat-linnud","22":"product_cat-suvised-tapeedid","23":"product_tag-biofiilia-stiil","24":"pa_designedby-baubauwall","26":"first","27":"instock","28":"taxable","29":"shipping-taxable","30":"purchasable","31":"product-type-simple"},"acf":[],"yoast_head":"<!-- This site is optimized with the Yoast SEO plugin v25.9 - https:\/\/yoast.com\/wordpress\/plugins\/seo\/ -->\n<title>Flamingoklubi - efektne flamingotapeet sinu interj\u00f6\u00f6ri.<\/title>\n<meta name=\"description\" content=\"Tapeet flamingodega. Oliivroheline tapeet flamingodega. Sinu seina m\u00f5\u00f5tu l\u00f5igatud paanides tapeet. Kiire tarne ja premium fliistapeedi materjal.\" \/>\n<meta name=\"robots\" content=\"index, follow, max-snippet:-1, max-image-preview:large, max-video-preview:-1\" \/>\n<link rel=\"canonical\" href=\"https:\/\/baubauwall.com\/et\/toode\/tapeet-flamingoklubi-oliivroheline\/\" \/>\n<meta property=\"og:locale\" content=\"et_EE\" \/>\n<meta property=\"og:type\" content=\"article\" \/>\n<meta property=\"og:title\" content=\"BAUBAUWALL TAPEEDID\" \/>\n<meta property=\"og:description\" content=\"Flamingoklubi - oliivroheline\" \/>\n<meta property=\"og:url\" content=\"https:\/\/baubauwall.com\/et\/toode\/tapeet-flamingoklubi-oliivroheline\/\" \/>\n<meta property=\"og:site_name\" content=\"BAUBAUWALL TAPEEDID\" \/>\n<meta property=\"article:publisher\" content=\"https:\/\/www.facebook.com\/Baubauwall\" \/>\n<meta property=\"article:modified_time\" content=\"2025-01-09T16:31:36+00:00\" \/>\n<meta property=\"og:image\" content=\"https:\/\/baubauwall.com\/wp-content\/uploads\/2022\/02\/51100042_TheFlamingoClub-BeigeGreen_Baubauwall_Wallpaper_room5.jpg\" \/>\n\t<meta property=\"og:image:width\" content=\"745\" \/>\n\t<meta property=\"og:image:height\" content=\"800\" \/>\n\t<meta property=\"og:image:type\" content=\"image\/jpeg\" \/>\n<meta name=\"twitter:card\" content=\"summary_large_image\" \/>\n<meta name=\"twitter:label1\" content=\"Est. reading time\" \/>\n\t<meta name=\"twitter:data1\" content=\"1 minut\" \/>\n<script type=\"application\/ld+json\" class=\"yoast-schema-graph\">{\"@context\":\"https:\/\/schema.org\",\"@graph\":[{\"@type\":\"WebPage\",\"@id\":\"https:\/\/baubauwall.com\/et\/toode\/tapeet-flamingoklubi-oliivroheline\/\",\"url\":\"https:\/\/baubauwall.com\/et\/toode\/tapeet-flamingoklubi-oliivroheline\/\",\"name\":\"Flamingoklubi - efektne flamingotapeet sinu interj\u00f6\u00f6ri.\",\"isPartOf\":{\"@id\":\"https:\/\/baubauwall.com\/et\/#website\"},\"primaryImageOfPage\":{\"@id\":\"https:\/\/baubauwall.com\/et\/toode\/tapeet-flamingoklubi-oliivroheline\/#primaryimage\"},\"image\":{\"@id\":\"https:\/\/baubauwall.com\/et\/toode\/tapeet-flamingoklubi-oliivroheline\/#primaryimage\"},\"thumbnailUrl\":\"https:\/\/baubauwall.com\/wp-content\/uploads\/2022\/02\/51100042_TheFlamingoClub-BeigeGreen_Baubauwall_Wallpaper_room5.jpg\",\"datePublished\":\"2022-02-03T10:56:00+00:00\",\"dateModified\":\"2025-01-09T16:31:36+00:00\",\"description\":\"Tapeet flamingodega. Oliivroheline tapeet flamingodega. Sinu seina m\u00f5\u00f5tu l\u00f5igatud paanides tapeet. Kiire tarne ja premium fliistapeedi materjal.\",\"breadcrumb\":{\"@id\":\"https:\/\/baubauwall.com\/et\/toode\/tapeet-flamingoklubi-oliivroheline\/#breadcrumb\"},\"inLanguage\":\"et\",\"potentialAction\":[{\"@type\":\"ReadAction\",\"target\":[\"https:\/\/baubauwall.com\/et\/toode\/tapeet-flamingoklubi-oliivroheline\/\"]}]},{\"@type\":\"ImageObject\",\"inLanguage\":\"et\",\"@id\":\"https:\/\/baubauwall.com\/et\/toode\/tapeet-flamingoklubi-oliivroheline\/#primaryimage\",\"url\":\"https:\/\/baubauwall.com\/wp-content\/uploads\/2022\/02\/51100042_TheFlamingoClub-BeigeGreen_Baubauwall_Wallpaper_room5.jpg\",\"contentUrl\":\"https:\/\/baubauwall.com\/wp-content\/uploads\/2022\/02\/51100042_TheFlamingoClub-BeigeGreen_Baubauwall_Wallpaper_room5.jpg\",\"width\":745,\"height\":800},{\"@type\":\"BreadcrumbList\",\"@id\":\"https:\/\/baubauwall.com\/et\/toode\/tapeet-flamingoklubi-oliivroheline\/#breadcrumb\",\"itemListElement\":[{\"@type\":\"ListItem\",\"position\":1,\"name\":\"Koju\",\"item\":\"https:\/\/baubauwall.com\/et\/\"},{\"@type\":\"ListItem\",\"position\":2,\"name\":\"Tapeedid\",\"item\":\"https:\/\/baubauwall.com\/et\/tapeedid\/\"},{\"@type\":\"ListItem\",\"position\":3,\"name\":\"Flamingoklubi &#8211; oliivroheline\"}]},{\"@type\":\"WebSite\",\"@id\":\"https:\/\/baubauwall.com\/et\/#website\",\"url\":\"https:\/\/baubauwall.com\/et\/\",\"name\":\"BAUBAUWALL Wallpapers\",\"description\":\"Valmis paanides tapeet Eestist!\",\"publisher\":{\"@id\":\"https:\/\/baubauwall.com\/et\/#organization\"},\"potentialAction\":[{\"@type\":\"SearchAction\",\"target\":{\"@type\":\"EntryPoint\",\"urlTemplate\":\"https:\/\/baubauwall.com\/et\/?s={search_term_string}\"},\"query-input\":{\"@type\":\"PropertyValueSpecification\",\"valueRequired\":true,\"valueName\":\"search_term_string\"}}],\"inLanguage\":\"et\"},{\"@type\":\"Organization\",\"@id\":\"https:\/\/baubauwall.com\/et\/#organization\",\"name\":\"BAUBAUWALL Wallpapers\",\"url\":\"https:\/\/baubauwall.com\/et\/\",\"logo\":{\"@type\":\"ImageObject\",\"inLanguage\":\"et\",\"@id\":\"https:\/\/baubauwall.com\/et\/#\/schema\/logo\/image\/\",\"url\":\"https:\/\/baubauwall.com\/wp-content\/uploads\/2022\/03\/logo-horizontal.svg\",\"contentUrl\":\"https:\/\/baubauwall.com\/wp-content\/uploads\/2022\/03\/logo-horizontal.svg\",\"width\":\"1024\",\"height\":\"1024\",\"caption\":\"BAUBAUWALL Wallpapers\"},\"image\":{\"@id\":\"https:\/\/baubauwall.com\/et\/#\/schema\/logo\/image\/\"},\"sameAs\":[\"https:\/\/www.facebook.com\/Baubauwall\",\"https:\/\/www.instagram.com\/baubauwall\"]}]}<\/script>\n<!-- \/ Yoast SEO plugin. -->","yoast_head_json":{"title":"Flamingoklubi - efektne flamingotapeet sinu interj\u00f6\u00f6ri.","description":"Tapeet flamingodega. Oliivroheline tapeet flamingodega. Sinu seina m\u00f5\u00f5tu l\u00f5igatud paanides tapeet. Kiire tarne ja premium fliistapeedi materjal.","robots":{"index":"index","follow":"follow","max-snippet":"max-snippet:-1","max-image-preview":"max-image-preview:large","max-video-preview":"max-video-preview:-1"},"canonical":"https:\/\/baubauwall.com\/et\/toode\/tapeet-flamingoklubi-oliivroheline\/","og_locale":"et_EE","og_type":"article","og_title":"BAUBAUWALL TAPEEDID","og_description":"Flamingoklubi - oliivroheline","og_url":"https:\/\/baubauwall.com\/et\/toode\/tapeet-flamingoklubi-oliivroheline\/","og_site_name":"BAUBAUWALL TAPEEDID","article_publisher":"https:\/\/www.facebook.com\/Baubauwall","article_modified_time":"2025-01-09T16:31:36+00:00","og_image":[{"width":745,"height":800,"url":"https:\/\/baubauwall.com\/wp-content\/uploads\/2022\/02\/51100042_TheFlamingoClub-BeigeGreen_Baubauwall_Wallpaper_room5.jpg","type":"image\/jpeg"}],"twitter_card":"summary_large_image","twitter_misc":{"Est. reading time":"1 minut"},"schema":{"@context":"https:\/\/schema.org","@graph":[{"@type":"WebPage","@id":"https:\/\/baubauwall.com\/et\/toode\/tapeet-flamingoklubi-oliivroheline\/","url":"https:\/\/baubauwall.com\/et\/toode\/tapeet-flamingoklubi-oliivroheline\/","name":"Flamingoklubi - efektne flamingotapeet sinu interj\u00f6\u00f6ri.","isPartOf":{"@id":"https:\/\/baubauwall.com\/et\/#website"},"primaryImageOfPage":{"@id":"https:\/\/baubauwall.com\/et\/toode\/tapeet-flamingoklubi-oliivroheline\/#primaryimage"},"image":{"@id":"https:\/\/baubauwall.com\/et\/toode\/tapeet-flamingoklubi-oliivroheline\/#primaryimage"},"thumbnailUrl":"https:\/\/baubauwall.com\/wp-content\/uploads\/2022\/02\/51100042_TheFlamingoClub-BeigeGreen_Baubauwall_Wallpaper_room5.jpg","datePublished":"2022-02-03T10:56:00+00:00","dateModified":"2025-01-09T16:31:36+00:00","description":"Tapeet flamingodega. Oliivroheline tapeet flamingodega. Sinu seina m\u00f5\u00f5tu l\u00f5igatud paanides tapeet. Kiire tarne ja premium fliistapeedi materjal.","breadcrumb":{"@id":"https:\/\/baubauwall.com\/et\/toode\/tapeet-flamingoklubi-oliivroheline\/#breadcrumb"},"inLanguage":"et","potentialAction":[{"@type":"ReadAction","target":["https:\/\/baubauwall.com\/et\/toode\/tapeet-flamingoklubi-oliivroheline\/"]}]},{"@type":"ImageObject","inLanguage":"et","@id":"https:\/\/baubauwall.com\/et\/toode\/tapeet-flamingoklubi-oliivroheline\/#primaryimage","url":"https:\/\/baubauwall.com\/wp-content\/uploads\/2022\/02\/51100042_TheFlamingoClub-BeigeGreen_Baubauwall_Wallpaper_room5.jpg","contentUrl":"https:\/\/baubauwall.com\/wp-content\/uploads\/2022\/02\/51100042_TheFlamingoClub-BeigeGreen_Baubauwall_Wallpaper_room5.jpg","width":745,"height":800},{"@type":"BreadcrumbList","@id":"https:\/\/baubauwall.com\/et\/toode\/tapeet-flamingoklubi-oliivroheline\/#breadcrumb","itemListElement":[{"@type":"ListItem","position":1,"name":"Koju","item":"https:\/\/baubauwall.com\/et\/"},{"@type":"ListItem","position":2,"name":"Tapeedid","item":"https:\/\/baubauwall.com\/et\/tapeedid\/"},{"@type":"ListItem","position":3,"name":"Flamingoklubi &#8211; oliivroheline"}]},{"@type":"WebSite","@id":"https:\/\/baubauwall.com\/et\/#website","url":"https:\/\/baubauwall.com\/et\/","name":"BAUBAUWALL Wallpapers","description":"Valmis paanides tapeet Eestist!","publisher":{"@id":"https:\/\/baubauwall.com\/et\/#organization"},"potentialAction":[{"@type":"SearchAction","target":{"@type":"EntryPoint","urlTemplate":"https:\/\/baubauwall.com\/et\/?s={search_term_string}"},"query-input":{"@type":"PropertyValueSpecification","valueRequired":true,"valueName":"search_term_string"}}],"inLanguage":"et"},{"@type":"Organization","@id":"https:\/\/baubauwall.com\/et\/#organization","name":"BAUBAUWALL Wallpapers","url":"https:\/\/baubauwall.com\/et\/","logo":{"@type":"ImageObject","inLanguage":"et","@id":"https:\/\/baubauwall.com\/et\/#\/schema\/logo\/image\/","url":"https:\/\/baubauwall.com\/wp-content\/uploads\/2022\/03\/logo-horizontal.svg","contentUrl":"https:\/\/baubauwall.com\/wp-content\/uploads\/2022\/03\/logo-horizontal.svg","width":"1024","height":"1024","caption":"BAUBAUWALL Wallpapers"},"image":{"@id":"https:\/\/baubauwall.com\/et\/#\/schema\/logo\/image\/"},"sameAs":["https:\/\/www.facebook.com\/Baubauwall","https:\/\/www.instagram.com\/baubauwall"]}]}},"jetpack_sharing_enabled":true,"_links":{"self":[{"href":"https:\/\/baubauwall.com\/et\/wp-json\/wp\/v2\/product\/5512","targetHints":{"allow":["GET"]}}],"collection":[{"href":"https:\/\/baubauwall.com\/et\/wp-json\/wp\/v2\/product"}],"about":[{"href":"https:\/\/baubauwall.com\/et\/wp-json\/wp\/v2\/types\/product"}],"replies":[{"embeddable":true,"href":"https:\/\/baubauwall.com\/et\/wp-json\/wp\/v2\/comments?post=5512"}],"wp:featuredmedia":[{"embeddable":true,"href":"https:\/\/baubauwall.com\/et\/wp-json\/wp\/v2\/media\/16425"}],"wp:attachment":[{"href":"https:\/\/baubauwall.com\/et\/wp-json\/wp\/v2\/media?parent=5512"}],"wp:term":[{"taxonomy":"product_brand","embeddable":true,"href":"https:\/\/baubauwall.com\/et\/wp-json\/wp\/v2\/product_brand?post=5512"},{"taxonomy":"product_cat","embeddable":true,"href":"https:\/\/baubauwall.com\/et\/wp-json\/wp\/v2\/product_cat?post=5512"},{"taxonomy":"product_tag","embeddable":true,"href":"https:\/\/baubauwall.com\/et\/wp-json\/wp\/v2\/product_tag?post=5512"}],"curies":[{"name":"wp","href":"https:\/\/api.w.org\/{rel}","templated":true}]}}