{"id":5513,"date":"2022-02-04T08:56:33","date_gmt":"2022-02-04T06:56:33","guid":{"rendered":"https:\/\/baubauwall.com\/product\/fresh-lemons-and-splashes-on-olive-backdrop\/"},"modified":"2024-10-14T08:37:23","modified_gmt":"2024-10-14T06:37:23","slug":"tapeet-sartsakad-sidrunid-oliivroheline","status":"publish","type":"product","link":"https:\/\/baubauwall.com\/et\/toode\/tapeet-sartsakad-sidrunid-oliivroheline\/","title":{"rendered":"S\u00e4rtsakad sidrunid &#8211; oliivroheline"},"content":{"rendered":"<p>Oh, milline v\u00f5rratult v\u00e4rske tapeet ja selle muster! Vol\u00fc\u00fcmikas sidrunimustris on k\u00e4sitsi joonistatud Sitsiilia sidrunid dramaatiliselt m\u00f5juval oliivrohelisel taustal. Kas soovid oma kodule v\u00e4rvi lisada? Ahvatlev sidrunimuster v\u00f5ib olla just see \u00f5ige. Selline tapeet muudab iga ruumi s\u00e4rtsakaks, \u00fcllatavaks ja pakub doosi vitamiine! Kasuta tapeeti oman\u00e4olise tualettruumi tuunimiseks v\u00f5i mujal v\u00e4ikesel pinnal. Sidrunitega tapeet \u00fchel tervel seinal &#8211; olgu selleks esik, t\u00f6\u00f6toa nurk v\u00f5i elutuba &#8211; toob naeratuse n\u00e4ole ja vitamiinid meelde!<\/p>\n<p><strong>Miks osta tapeet siit? Me teeme tapeetimise lihtsaks ja inspireerivaks.<\/strong><\/p>\n<ul>\n<li>Eesti ettev\u00f5te<\/li>\n<li>Eesti disain<\/li>\n<li>Nummerdatud tapeedipaanid lihtsaks tapeetimiseks<\/li>\n<li>Just nii pikad tapeedipaanid, kui on Sinu sein<\/li>\n<li>Premium, matt fliistapeedi materjal<\/li>\n<li>M\u00fcrgivabad tr\u00fckiv\u00e4rvid, Greenguard sertifitseeritud<\/li>\n<li>Keskkonnas\u00f5bralik, j\u00e4\u00e4tmevaba tapeetimine<\/li>\n<li>Tasuta tapeediliim<\/li>\n<li>Tasuta transport ja kiire tarne 5 t\u00f6\u00f6p\u00e4evaga<\/li>\n<\/ul>\n","protected":false},"excerpt":{"rendered":"<p>Oh, milline v\u00f5rratult v\u00e4rske tapeet ja selle muster! Vol\u00fc\u00fcmikas sidrunimustris on k\u00e4sitsi joonistatud Sitsiilia sidrunid dramaatiliselt m\u00f5juval oliivrohelisel taustal. Kas soovid oma kodule v\u00e4rvi lisada? Ahvatlev sidrunimuster v\u00f5ib olla just see \u00f5ige. Selline tapeet muudab iga ruumi s\u00e4rtsakaks, \u00fcllatavaks ja pakub doosi vitamiine! Kasuta tapeeti oman\u00e4olise tualettruumi tuunimiseks v\u00f5i mujal v\u00e4ikesel pinnal. Sidrunitega tapeet \u00fchel [&hellip;]<\/p>\n","protected":false},"featured_media":7738,"comment_status":"open","ping_status":"closed","template":"","meta":{"_acf_changed":false,"inline_featured_image":false},"product_brand":[],"product_cat":[386,622,447,394,388,268,271,411,414,415,416,399,401,412,699,261,561],"product_tag":[695,320,832,381],"class_list":{"0":"post-5513","1":"product","2":"type-product","3":"status-publish","4":"has-post-thumbnail","6":"product_cat-kordusmustriga-tapeedid","7":"product_cat-julged-tapeedid","8":"product_cat-maksimalistlik-et","9":"product_cat-rikkalik","10":"product_cat-vintage-et","11":"product_cat-kirkad-tapeedid","12":"product_cat-rohelised-tapeedid","13":"product_cat-kollased-tapeedid","14":"product_cat-soogitoa-tapeedid","15":"product_cat-kulalistetoa-tapeedid","16":"product_cat-esiku-tapeedid","17":"product_cat-kodukontori-tapeedid","18":"product_cat-koogi-tapeedid","19":"product_cat-vannitoa-tapeedid","20":"product_cat-eesti-disain-tapeedid","21":"product_cat-puuviljad","22":"product_cat-suvised-tapeedid","23":"product_tag-eesti-disain-tapeedid","24":"product_tag-kasitoo","25":"product_tag-kordusmustriga-tapeedid","26":"product_tag-vesivarv","27":"pa_designedby-baubauwall","29":"first","30":"instock","31":"taxable","32":"shipping-taxable","33":"purchasable","34":"product-type-simple"},"acf":[],"yoast_head":"<!-- This site is optimized with the Yoast SEO plugin v25.9 - https:\/\/yoast.com\/wordpress\/plugins\/seo\/ -->\n<title>R\u00e4tsepat\u00f6\u00f6 tapeedid. Oliivroheline tapeet sidrunitega<\/title>\n<meta name=\"description\" content=\"Tapeet stiilse sidrunimustriga. Kollased k\u00fcpsed sidrunid oliivirohelisel tapeedidisain. Sinu seina m\u00f5\u00f5tu l\u00f5igatud tapeedipaanid.\" \/>\n<meta name=\"robots\" content=\"index, follow, max-snippet:-1, max-image-preview:large, max-video-preview:-1\" \/>\n<link rel=\"canonical\" href=\"https:\/\/baubauwall.com\/et\/toode\/tapeet-sartsakad-sidrunid-oliivroheline\/\" \/>\n<meta property=\"og:locale\" content=\"et_EE\" \/>\n<meta property=\"og:type\" content=\"article\" \/>\n<meta property=\"og:title\" content=\"R\u00e4tsepat\u00f6\u00f6 tapeedid. Oliivroheline tapeet sidrunitega\" \/>\n<meta property=\"og:description\" content=\"Tapeet stiilse sidrunimustriga. Kollased k\u00fcpsed sidrunid oliivirohelisel tapeedidisain. Sinu seina m\u00f5\u00f5tu l\u00f5igatud tapeedipaanid.\" \/>\n<meta property=\"og:url\" content=\"https:\/\/baubauwall.com\/et\/toode\/tapeet-sartsakad-sidrunid-oliivroheline\/\" \/>\n<meta property=\"og:site_name\" content=\"BAUBAUWALL Wallpapers\" \/>\n<meta property=\"article:publisher\" content=\"https:\/\/www.facebook.com\/Baubauwall\" \/>\n<meta property=\"article:modified_time\" content=\"2024-10-14T06:37:23+00:00\" \/>\n<meta property=\"og:image\" content=\"https:\/\/baubauwall.com\/wp-content\/uploads\/2022\/02\/51100043_SoFreshLemonsSplashes-Olive_Baubauwall_Wallpaper_room6.jpg\" \/>\n\t<meta property=\"og:image:width\" content=\"761\" \/>\n\t<meta property=\"og:image:height\" content=\"800\" \/>\n\t<meta property=\"og:image:type\" content=\"image\/jpeg\" \/>\n<meta name=\"twitter:card\" content=\"summary_large_image\" \/>\n<meta name=\"twitter:label1\" content=\"Est. reading time\" \/>\n\t<meta name=\"twitter:data1\" content=\"1 minut\" \/>\n<script type=\"application\/ld+json\" class=\"yoast-schema-graph\">{\"@context\":\"https:\/\/schema.org\",\"@graph\":[{\"@type\":\"WebPage\",\"@id\":\"https:\/\/baubauwall.com\/et\/toode\/tapeet-sartsakad-sidrunid-oliivroheline\/\",\"url\":\"https:\/\/baubauwall.com\/et\/toode\/tapeet-sartsakad-sidrunid-oliivroheline\/\",\"name\":\"R\u00e4tsepat\u00f6\u00f6 tapeedid. Oliivroheline tapeet sidrunitega\",\"isPartOf\":{\"@id\":\"https:\/\/baubauwall.com\/et\/#website\"},\"primaryImageOfPage\":{\"@id\":\"https:\/\/baubauwall.com\/et\/toode\/tapeet-sartsakad-sidrunid-oliivroheline\/#primaryimage\"},\"image\":{\"@id\":\"https:\/\/baubauwall.com\/et\/toode\/tapeet-sartsakad-sidrunid-oliivroheline\/#primaryimage\"},\"thumbnailUrl\":\"https:\/\/baubauwall.com\/wp-content\/uploads\/2022\/02\/51100043_SoFreshLemonsSplashes-Olive_Baubauwall_Wallpaper_room6.jpg\",\"datePublished\":\"2022-02-04T06:56:33+00:00\",\"dateModified\":\"2024-10-14T06:37:23+00:00\",\"description\":\"Tapeet stiilse sidrunimustriga. Kollased k\u00fcpsed sidrunid oliivirohelisel tapeedidisain. Sinu seina m\u00f5\u00f5tu l\u00f5igatud tapeedipaanid.\",\"breadcrumb\":{\"@id\":\"https:\/\/baubauwall.com\/et\/toode\/tapeet-sartsakad-sidrunid-oliivroheline\/#breadcrumb\"},\"inLanguage\":\"et\",\"potentialAction\":[{\"@type\":\"ReadAction\",\"target\":[\"https:\/\/baubauwall.com\/et\/toode\/tapeet-sartsakad-sidrunid-oliivroheline\/\"]}]},{\"@type\":\"ImageObject\",\"inLanguage\":\"et\",\"@id\":\"https:\/\/baubauwall.com\/et\/toode\/tapeet-sartsakad-sidrunid-oliivroheline\/#primaryimage\",\"url\":\"https:\/\/baubauwall.com\/wp-content\/uploads\/2022\/02\/51100043_SoFreshLemonsSplashes-Olive_Baubauwall_Wallpaper_room6.jpg\",\"contentUrl\":\"https:\/\/baubauwall.com\/wp-content\/uploads\/2022\/02\/51100043_SoFreshLemonsSplashes-Olive_Baubauwall_Wallpaper_room6.jpg\",\"width\":761,\"height\":800},{\"@type\":\"BreadcrumbList\",\"@id\":\"https:\/\/baubauwall.com\/et\/toode\/tapeet-sartsakad-sidrunid-oliivroheline\/#breadcrumb\",\"itemListElement\":[{\"@type\":\"ListItem\",\"position\":1,\"name\":\"Koju\",\"item\":\"https:\/\/baubauwall.com\/et\/\"},{\"@type\":\"ListItem\",\"position\":2,\"name\":\"Tapeedid\",\"item\":\"https:\/\/baubauwall.com\/et\/tapeedid\/\"},{\"@type\":\"ListItem\",\"position\":3,\"name\":\"S\u00e4rtsakad sidrunid &#8211; oliivroheline\"}]},{\"@type\":\"WebSite\",\"@id\":\"https:\/\/baubauwall.com\/et\/#website\",\"url\":\"https:\/\/baubauwall.com\/et\/\",\"name\":\"BAUBAUWALL Wallpapers\",\"description\":\"Valmis paanides tapeet Eestist!\",\"publisher\":{\"@id\":\"https:\/\/baubauwall.com\/et\/#organization\"},\"potentialAction\":[{\"@type\":\"SearchAction\",\"target\":{\"@type\":\"EntryPoint\",\"urlTemplate\":\"https:\/\/baubauwall.com\/et\/?s={search_term_string}\"},\"query-input\":{\"@type\":\"PropertyValueSpecification\",\"valueRequired\":true,\"valueName\":\"search_term_string\"}}],\"inLanguage\":\"et\"},{\"@type\":\"Organization\",\"@id\":\"https:\/\/baubauwall.com\/et\/#organization\",\"name\":\"BAUBAUWALL Wallpapers\",\"url\":\"https:\/\/baubauwall.com\/et\/\",\"logo\":{\"@type\":\"ImageObject\",\"inLanguage\":\"et\",\"@id\":\"https:\/\/baubauwall.com\/et\/#\/schema\/logo\/image\/\",\"url\":\"https:\/\/baubauwall.com\/wp-content\/uploads\/2022\/03\/logo-horizontal.svg\",\"contentUrl\":\"https:\/\/baubauwall.com\/wp-content\/uploads\/2022\/03\/logo-horizontal.svg\",\"width\":\"1024\",\"height\":\"1024\",\"caption\":\"BAUBAUWALL Wallpapers\"},\"image\":{\"@id\":\"https:\/\/baubauwall.com\/et\/#\/schema\/logo\/image\/\"},\"sameAs\":[\"https:\/\/www.facebook.com\/Baubauwall\",\"https:\/\/www.instagram.com\/baubauwall\"]}]}<\/script>\n<!-- \/ Yoast SEO plugin. -->","yoast_head_json":{"title":"R\u00e4tsepat\u00f6\u00f6 tapeedid. Oliivroheline tapeet sidrunitega","description":"Tapeet stiilse sidrunimustriga. Kollased k\u00fcpsed sidrunid oliivirohelisel tapeedidisain. Sinu seina m\u00f5\u00f5tu l\u00f5igatud tapeedipaanid.","robots":{"index":"index","follow":"follow","max-snippet":"max-snippet:-1","max-image-preview":"max-image-preview:large","max-video-preview":"max-video-preview:-1"},"canonical":"https:\/\/baubauwall.com\/et\/toode\/tapeet-sartsakad-sidrunid-oliivroheline\/","og_locale":"et_EE","og_type":"article","og_title":"R\u00e4tsepat\u00f6\u00f6 tapeedid. Oliivroheline tapeet sidrunitega","og_description":"Tapeet stiilse sidrunimustriga. Kollased k\u00fcpsed sidrunid oliivirohelisel tapeedidisain. Sinu seina m\u00f5\u00f5tu l\u00f5igatud tapeedipaanid.","og_url":"https:\/\/baubauwall.com\/et\/toode\/tapeet-sartsakad-sidrunid-oliivroheline\/","og_site_name":"BAUBAUWALL Wallpapers","article_publisher":"https:\/\/www.facebook.com\/Baubauwall","article_modified_time":"2024-10-14T06:37:23+00:00","og_image":[{"width":761,"height":800,"url":"https:\/\/baubauwall.com\/wp-content\/uploads\/2022\/02\/51100043_SoFreshLemonsSplashes-Olive_Baubauwall_Wallpaper_room6.jpg","type":"image\/jpeg"}],"twitter_card":"summary_large_image","twitter_misc":{"Est. reading time":"1 minut"},"schema":{"@context":"https:\/\/schema.org","@graph":[{"@type":"WebPage","@id":"https:\/\/baubauwall.com\/et\/toode\/tapeet-sartsakad-sidrunid-oliivroheline\/","url":"https:\/\/baubauwall.com\/et\/toode\/tapeet-sartsakad-sidrunid-oliivroheline\/","name":"R\u00e4tsepat\u00f6\u00f6 tapeedid. Oliivroheline tapeet sidrunitega","isPartOf":{"@id":"https:\/\/baubauwall.com\/et\/#website"},"primaryImageOfPage":{"@id":"https:\/\/baubauwall.com\/et\/toode\/tapeet-sartsakad-sidrunid-oliivroheline\/#primaryimage"},"image":{"@id":"https:\/\/baubauwall.com\/et\/toode\/tapeet-sartsakad-sidrunid-oliivroheline\/#primaryimage"},"thumbnailUrl":"https:\/\/baubauwall.com\/wp-content\/uploads\/2022\/02\/51100043_SoFreshLemonsSplashes-Olive_Baubauwall_Wallpaper_room6.jpg","datePublished":"2022-02-04T06:56:33+00:00","dateModified":"2024-10-14T06:37:23+00:00","description":"Tapeet stiilse sidrunimustriga. Kollased k\u00fcpsed sidrunid oliivirohelisel tapeedidisain. Sinu seina m\u00f5\u00f5tu l\u00f5igatud tapeedipaanid.","breadcrumb":{"@id":"https:\/\/baubauwall.com\/et\/toode\/tapeet-sartsakad-sidrunid-oliivroheline\/#breadcrumb"},"inLanguage":"et","potentialAction":[{"@type":"ReadAction","target":["https:\/\/baubauwall.com\/et\/toode\/tapeet-sartsakad-sidrunid-oliivroheline\/"]}]},{"@type":"ImageObject","inLanguage":"et","@id":"https:\/\/baubauwall.com\/et\/toode\/tapeet-sartsakad-sidrunid-oliivroheline\/#primaryimage","url":"https:\/\/baubauwall.com\/wp-content\/uploads\/2022\/02\/51100043_SoFreshLemonsSplashes-Olive_Baubauwall_Wallpaper_room6.jpg","contentUrl":"https:\/\/baubauwall.com\/wp-content\/uploads\/2022\/02\/51100043_SoFreshLemonsSplashes-Olive_Baubauwall_Wallpaper_room6.jpg","width":761,"height":800},{"@type":"BreadcrumbList","@id":"https:\/\/baubauwall.com\/et\/toode\/tapeet-sartsakad-sidrunid-oliivroheline\/#breadcrumb","itemListElement":[{"@type":"ListItem","position":1,"name":"Koju","item":"https:\/\/baubauwall.com\/et\/"},{"@type":"ListItem","position":2,"name":"Tapeedid","item":"https:\/\/baubauwall.com\/et\/tapeedid\/"},{"@type":"ListItem","position":3,"name":"S\u00e4rtsakad sidrunid &#8211; oliivroheline"}]},{"@type":"WebSite","@id":"https:\/\/baubauwall.com\/et\/#website","url":"https:\/\/baubauwall.com\/et\/","name":"BAUBAUWALL Wallpapers","description":"Valmis paanides tapeet Eestist!","publisher":{"@id":"https:\/\/baubauwall.com\/et\/#organization"},"potentialAction":[{"@type":"SearchAction","target":{"@type":"EntryPoint","urlTemplate":"https:\/\/baubauwall.com\/et\/?s={search_term_string}"},"query-input":{"@type":"PropertyValueSpecification","valueRequired":true,"valueName":"search_term_string"}}],"inLanguage":"et"},{"@type":"Organization","@id":"https:\/\/baubauwall.com\/et\/#organization","name":"BAUBAUWALL Wallpapers","url":"https:\/\/baubauwall.com\/et\/","logo":{"@type":"ImageObject","inLanguage":"et","@id":"https:\/\/baubauwall.com\/et\/#\/schema\/logo\/image\/","url":"https:\/\/baubauwall.com\/wp-content\/uploads\/2022\/03\/logo-horizontal.svg","contentUrl":"https:\/\/baubauwall.com\/wp-content\/uploads\/2022\/03\/logo-horizontal.svg","width":"1024","height":"1024","caption":"BAUBAUWALL Wallpapers"},"image":{"@id":"https:\/\/baubauwall.com\/et\/#\/schema\/logo\/image\/"},"sameAs":["https:\/\/www.facebook.com\/Baubauwall","https:\/\/www.instagram.com\/baubauwall"]}]}},"jetpack_sharing_enabled":true,"_links":{"self":[{"href":"https:\/\/baubauwall.com\/et\/wp-json\/wp\/v2\/product\/5513","targetHints":{"allow":["GET"]}}],"collection":[{"href":"https:\/\/baubauwall.com\/et\/wp-json\/wp\/v2\/product"}],"about":[{"href":"https:\/\/baubauwall.com\/et\/wp-json\/wp\/v2\/types\/product"}],"replies":[{"embeddable":true,"href":"https:\/\/baubauwall.com\/et\/wp-json\/wp\/v2\/comments?post=5513"}],"wp:featuredmedia":[{"embeddable":true,"href":"https:\/\/baubauwall.com\/et\/wp-json\/wp\/v2\/media\/7738"}],"wp:attachment":[{"href":"https:\/\/baubauwall.com\/et\/wp-json\/wp\/v2\/media?parent=5513"}],"wp:term":[{"taxonomy":"product_brand","embeddable":true,"href":"https:\/\/baubauwall.com\/et\/wp-json\/wp\/v2\/product_brand?post=5513"},{"taxonomy":"product_cat","embeddable":true,"href":"https:\/\/baubauwall.com\/et\/wp-json\/wp\/v2\/product_cat?post=5513"},{"taxonomy":"product_tag","embeddable":true,"href":"https:\/\/baubauwall.com\/et\/wp-json\/wp\/v2\/product_tag?post=5513"}],"curies":[{"name":"wp","href":"https:\/\/api.w.org\/{rel}","templated":true}]}}