{"id":5517,"date":"2022-02-04T18:16:49","date_gmt":"2022-02-04T16:16:49","guid":{"rendered":"https:\/\/baubauwall.com\/product\/hypnotizing-rhombs-wallpaper-pink-and-beige\/"},"modified":"2022-05-12T23:00:18","modified_gmt":"2022-05-12T21:00:18","slug":"tapeet-hupnotiseerivad-rombid-roosa-beez","status":"publish","type":"product","link":"https:\/\/baubauwall.com\/et\/toode\/tapeet-hupnotiseerivad-rombid-roosa-beez\/","title":{"rendered":"H\u00fcpnotiseerivad rombid &#8211; roosa &#038; bee\u017e"},"content":{"rendered":"<p>See abstraktne bee\u017eil ja roosal v\u00e4rvil p\u00f5hinev geomeetriline tapeedimuster on p\u00f5nev, kui mitte lausa h\u00fcpnotiseeriv. Valgetes, roosades ja bee\u017eides toonides rombikujude p\u00f5neva kombinatsiooni t\u00f5ttu m\u00f5juvad loendamatud ruudud\u00a0 v\u00e4ljapeetult. Suurep\u00e4rase abstraktse geomeetrilise ja korrap\u00e4rase disainiga tapeet sobib suurep\u00e4raselt Sulle, kes sa soovid oma seintel n\u00e4ha t\u00f5eliselt kaasaegset l\u00e4henemist.<\/p>\n<p>H\u00fcpnotiseeriv tapeedidisain on olemas ka sinises, rohelises ja roosas toonis.<\/p>\n<p>&nbsp;<\/p>\n","protected":false},"excerpt":{"rendered":"<p>See abstraktne bee\u017eil ja roosal v\u00e4rvil p\u00f5hinev geomeetriline tapeedimuster on p\u00f5nev, kui mitte lausa h\u00fcpnotiseeriv. Valgetes, roosades ja bee\u017eides toonides rombikujude p\u00f5neva kombinatsiooni t\u00f5ttu m\u00f5juvad loendamatud ruudud\u00a0 v\u00e4ljapeetult. Suurep\u00e4rase abstraktse geomeetrilise ja korrap\u00e4rase disainiga tapeet sobib suurep\u00e4raselt Sulle, kes sa soovid oma seintel n\u00e4ha t\u00f5eliselt kaasaegset l\u00e4henemist. H\u00fcpnotiseeriv tapeedidisain on olemas ka sinises, rohelises ja [&hellip;]<\/p>\n","protected":false},"featured_media":3675,"comment_status":"open","ping_status":"closed","template":"","meta":{"_acf_changed":false,"inline_featured_image":false},"product_brand":[],"product_cat":[386,820,408,265,278,413,414,415,416,399,401,402,412],"product_tag":[],"class_list":{"0":"post-5517","1":"product","2":"type-product","3":"status-publish","4":"has-post-thumbnail","6":"product_cat-kordusmustriga-tapeedid","7":"product_cat-triibulised-ruudulised","8":"product_cat-geomeetriline","9":"product_cat-beezid-tapeedid","10":"product_cat-roosad-tapeedid","11":"product_cat-magamistoa-tapeedid","12":"product_cat-soogitoa-tapeedid","13":"product_cat-kulalistetoa-tapeedid","14":"product_cat-esiku-tapeedid","15":"product_cat-kodukontori-tapeedid","16":"product_cat-koogi-tapeedid","17":"product_cat-elutoa-tapeedid","18":"product_cat-vannitoa-tapeedid","19":"pa_designedby-baubauwall","21":"first","22":"instock","23":"taxable","24":"shipping-taxable","25":"purchasable","26":"product-type-simple"},"acf":[],"yoast_head":"<!-- This site is optimized with the Yoast SEO plugin v25.9 - https:\/\/yoast.com\/wordpress\/plugins\/seo\/ -->\n<title>Blue and Pink Geometry Custom Printed Design Wallpaper<\/title>\n<meta name=\"description\" content=\"Geomeetriline tapeedidisain rombidega. Tr\u00fckime t\u00e4pselt teie seina m\u00f5\u00f5tu, valmis l\u00f5igatud tapeedipaanid. Ainulaadsed tapeedidisainid.\" \/>\n<meta name=\"robots\" content=\"index, follow, max-snippet:-1, max-image-preview:large, max-video-preview:-1\" \/>\n<link rel=\"canonical\" href=\"https:\/\/baubauwall.com\/et\/toode\/tapeet-hupnotiseerivad-rombid-roosa-beez\/\" \/>\n<meta property=\"og:locale\" content=\"et_EE\" \/>\n<meta property=\"og:type\" content=\"article\" \/>\n<meta property=\"og:title\" content=\"Blue and Pink Geometry Custom Printed Design Wallpaper\" \/>\n<meta property=\"og:description\" content=\"Geomeetriline tapeedidisain rombidega. Tr\u00fckime t\u00e4pselt teie seina m\u00f5\u00f5tu, valmis l\u00f5igatud tapeedipaanid. Ainulaadsed tapeedidisainid.\" \/>\n<meta property=\"og:url\" content=\"https:\/\/baubauwall.com\/et\/toode\/tapeet-hupnotiseerivad-rombid-roosa-beez\/\" \/>\n<meta property=\"og:site_name\" content=\"BAUBAUWALL TAPEEDID\" \/>\n<meta property=\"article:publisher\" content=\"https:\/\/www.facebook.com\/Baubauwall\" \/>\n<meta property=\"article:modified_time\" content=\"2022-05-12T21:00:18+00:00\" \/>\n<meta property=\"og:image\" content=\"https:\/\/baubauwall.com\/wp-content\/uploads\/2022\/02\/51100048_Hypnotizing_Geometry-BeigePink_Baubauwall_Wallpaper_room1-2.png\" \/>\n\t<meta property=\"og:image:width\" content=\"1422\" \/>\n\t<meta property=\"og:image:height\" content=\"800\" \/>\n\t<meta property=\"og:image:type\" content=\"image\/png\" \/>\n<meta name=\"twitter:card\" content=\"summary_large_image\" \/>\n<meta name=\"twitter:label1\" content=\"Est. reading time\" \/>\n\t<meta name=\"twitter:data1\" content=\"1 minut\" \/>\n<script type=\"application\/ld+json\" class=\"yoast-schema-graph\">{\"@context\":\"https:\/\/schema.org\",\"@graph\":[{\"@type\":\"WebPage\",\"@id\":\"https:\/\/baubauwall.com\/et\/toode\/tapeet-hupnotiseerivad-rombid-roosa-beez\/\",\"url\":\"https:\/\/baubauwall.com\/et\/toode\/tapeet-hupnotiseerivad-rombid-roosa-beez\/\",\"name\":\"Blue and Pink Geometry Custom Printed Design Wallpaper\",\"isPartOf\":{\"@id\":\"https:\/\/baubauwall.com\/et\/#website\"},\"primaryImageOfPage\":{\"@id\":\"https:\/\/baubauwall.com\/et\/toode\/tapeet-hupnotiseerivad-rombid-roosa-beez\/#primaryimage\"},\"image\":{\"@id\":\"https:\/\/baubauwall.com\/et\/toode\/tapeet-hupnotiseerivad-rombid-roosa-beez\/#primaryimage\"},\"thumbnailUrl\":\"https:\/\/baubauwall.com\/wp-content\/uploads\/2022\/02\/51100048_HypnotizingRhombsGeometry-BeigePink_Baubauwall_Wallpaper_room9.png\",\"datePublished\":\"2022-02-04T16:16:49+00:00\",\"dateModified\":\"2022-05-12T21:00:18+00:00\",\"description\":\"Geomeetriline tapeedidisain rombidega. Tr\u00fckime t\u00e4pselt teie seina m\u00f5\u00f5tu, valmis l\u00f5igatud tapeedipaanid. Ainulaadsed tapeedidisainid.\",\"breadcrumb\":{\"@id\":\"https:\/\/baubauwall.com\/et\/toode\/tapeet-hupnotiseerivad-rombid-roosa-beez\/#breadcrumb\"},\"inLanguage\":\"et\",\"potentialAction\":[{\"@type\":\"ReadAction\",\"target\":[\"https:\/\/baubauwall.com\/et\/toode\/tapeet-hupnotiseerivad-rombid-roosa-beez\/\"]}]},{\"@type\":\"ImageObject\",\"inLanguage\":\"et\",\"@id\":\"https:\/\/baubauwall.com\/et\/toode\/tapeet-hupnotiseerivad-rombid-roosa-beez\/#primaryimage\",\"url\":\"https:\/\/baubauwall.com\/wp-content\/uploads\/2022\/02\/51100048_HypnotizingRhombsGeometry-BeigePink_Baubauwall_Wallpaper_room9.png\",\"contentUrl\":\"https:\/\/baubauwall.com\/wp-content\/uploads\/2022\/02\/51100048_HypnotizingRhombsGeometry-BeigePink_Baubauwall_Wallpaper_room9.png\",\"width\":1200,\"height\":800},{\"@type\":\"BreadcrumbList\",\"@id\":\"https:\/\/baubauwall.com\/et\/toode\/tapeet-hupnotiseerivad-rombid-roosa-beez\/#breadcrumb\",\"itemListElement\":[{\"@type\":\"ListItem\",\"position\":1,\"name\":\"Koju\",\"item\":\"https:\/\/baubauwall.com\/et\/\"},{\"@type\":\"ListItem\",\"position\":2,\"name\":\"Tapeedid\",\"item\":\"https:\/\/baubauwall.com\/et\/tapeedid\/\"},{\"@type\":\"ListItem\",\"position\":3,\"name\":\"H\u00fcpnotiseerivad rombid &#8211; roosa &#038; bee\u017e\"}]},{\"@type\":\"WebSite\",\"@id\":\"https:\/\/baubauwall.com\/et\/#website\",\"url\":\"https:\/\/baubauwall.com\/et\/\",\"name\":\"BAUBAUWALL Wallpapers\",\"description\":\"Valmis paanides tapeet Eestist!\",\"publisher\":{\"@id\":\"https:\/\/baubauwall.com\/et\/#organization\"},\"potentialAction\":[{\"@type\":\"SearchAction\",\"target\":{\"@type\":\"EntryPoint\",\"urlTemplate\":\"https:\/\/baubauwall.com\/et\/?s={search_term_string}\"},\"query-input\":{\"@type\":\"PropertyValueSpecification\",\"valueRequired\":true,\"valueName\":\"search_term_string\"}}],\"inLanguage\":\"et\"},{\"@type\":\"Organization\",\"@id\":\"https:\/\/baubauwall.com\/et\/#organization\",\"name\":\"BAUBAUWALL Wallpapers\",\"url\":\"https:\/\/baubauwall.com\/et\/\",\"logo\":{\"@type\":\"ImageObject\",\"inLanguage\":\"et\",\"@id\":\"https:\/\/baubauwall.com\/et\/#\/schema\/logo\/image\/\",\"url\":\"https:\/\/baubauwall.com\/wp-content\/uploads\/2022\/03\/logo-horizontal.svg\",\"contentUrl\":\"https:\/\/baubauwall.com\/wp-content\/uploads\/2022\/03\/logo-horizontal.svg\",\"width\":\"1024\",\"height\":\"1024\",\"caption\":\"BAUBAUWALL Wallpapers\"},\"image\":{\"@id\":\"https:\/\/baubauwall.com\/et\/#\/schema\/logo\/image\/\"},\"sameAs\":[\"https:\/\/www.facebook.com\/Baubauwall\",\"https:\/\/www.instagram.com\/baubauwall\"]}]}<\/script>\n<!-- \/ Yoast SEO plugin. -->","yoast_head_json":{"title":"Blue and Pink Geometry Custom Printed Design Wallpaper","description":"Geomeetriline tapeedidisain rombidega. Tr\u00fckime t\u00e4pselt teie seina m\u00f5\u00f5tu, valmis l\u00f5igatud tapeedipaanid. Ainulaadsed tapeedidisainid.","robots":{"index":"index","follow":"follow","max-snippet":"max-snippet:-1","max-image-preview":"max-image-preview:large","max-video-preview":"max-video-preview:-1"},"canonical":"https:\/\/baubauwall.com\/et\/toode\/tapeet-hupnotiseerivad-rombid-roosa-beez\/","og_locale":"et_EE","og_type":"article","og_title":"Blue and Pink Geometry Custom Printed Design Wallpaper","og_description":"Geomeetriline tapeedidisain rombidega. Tr\u00fckime t\u00e4pselt teie seina m\u00f5\u00f5tu, valmis l\u00f5igatud tapeedipaanid. Ainulaadsed tapeedidisainid.","og_url":"https:\/\/baubauwall.com\/et\/toode\/tapeet-hupnotiseerivad-rombid-roosa-beez\/","og_site_name":"BAUBAUWALL TAPEEDID","article_publisher":"https:\/\/www.facebook.com\/Baubauwall","article_modified_time":"2022-05-12T21:00:18+00:00","og_image":[{"width":1422,"height":800,"url":"https:\/\/baubauwall.com\/wp-content\/uploads\/2022\/02\/51100048_Hypnotizing_Geometry-BeigePink_Baubauwall_Wallpaper_room1-2.png","type":"image\/png"}],"twitter_card":"summary_large_image","twitter_misc":{"Est. reading time":"1 minut"},"schema":{"@context":"https:\/\/schema.org","@graph":[{"@type":"WebPage","@id":"https:\/\/baubauwall.com\/et\/toode\/tapeet-hupnotiseerivad-rombid-roosa-beez\/","url":"https:\/\/baubauwall.com\/et\/toode\/tapeet-hupnotiseerivad-rombid-roosa-beez\/","name":"Blue and Pink Geometry Custom Printed Design Wallpaper","isPartOf":{"@id":"https:\/\/baubauwall.com\/et\/#website"},"primaryImageOfPage":{"@id":"https:\/\/baubauwall.com\/et\/toode\/tapeet-hupnotiseerivad-rombid-roosa-beez\/#primaryimage"},"image":{"@id":"https:\/\/baubauwall.com\/et\/toode\/tapeet-hupnotiseerivad-rombid-roosa-beez\/#primaryimage"},"thumbnailUrl":"https:\/\/baubauwall.com\/wp-content\/uploads\/2022\/02\/51100048_HypnotizingRhombsGeometry-BeigePink_Baubauwall_Wallpaper_room9.png","datePublished":"2022-02-04T16:16:49+00:00","dateModified":"2022-05-12T21:00:18+00:00","description":"Geomeetriline tapeedidisain rombidega. Tr\u00fckime t\u00e4pselt teie seina m\u00f5\u00f5tu, valmis l\u00f5igatud tapeedipaanid. Ainulaadsed tapeedidisainid.","breadcrumb":{"@id":"https:\/\/baubauwall.com\/et\/toode\/tapeet-hupnotiseerivad-rombid-roosa-beez\/#breadcrumb"},"inLanguage":"et","potentialAction":[{"@type":"ReadAction","target":["https:\/\/baubauwall.com\/et\/toode\/tapeet-hupnotiseerivad-rombid-roosa-beez\/"]}]},{"@type":"ImageObject","inLanguage":"et","@id":"https:\/\/baubauwall.com\/et\/toode\/tapeet-hupnotiseerivad-rombid-roosa-beez\/#primaryimage","url":"https:\/\/baubauwall.com\/wp-content\/uploads\/2022\/02\/51100048_HypnotizingRhombsGeometry-BeigePink_Baubauwall_Wallpaper_room9.png","contentUrl":"https:\/\/baubauwall.com\/wp-content\/uploads\/2022\/02\/51100048_HypnotizingRhombsGeometry-BeigePink_Baubauwall_Wallpaper_room9.png","width":1200,"height":800},{"@type":"BreadcrumbList","@id":"https:\/\/baubauwall.com\/et\/toode\/tapeet-hupnotiseerivad-rombid-roosa-beez\/#breadcrumb","itemListElement":[{"@type":"ListItem","position":1,"name":"Koju","item":"https:\/\/baubauwall.com\/et\/"},{"@type":"ListItem","position":2,"name":"Tapeedid","item":"https:\/\/baubauwall.com\/et\/tapeedid\/"},{"@type":"ListItem","position":3,"name":"H\u00fcpnotiseerivad rombid &#8211; roosa &#038; bee\u017e"}]},{"@type":"WebSite","@id":"https:\/\/baubauwall.com\/et\/#website","url":"https:\/\/baubauwall.com\/et\/","name":"BAUBAUWALL Wallpapers","description":"Valmis paanides tapeet Eestist!","publisher":{"@id":"https:\/\/baubauwall.com\/et\/#organization"},"potentialAction":[{"@type":"SearchAction","target":{"@type":"EntryPoint","urlTemplate":"https:\/\/baubauwall.com\/et\/?s={search_term_string}"},"query-input":{"@type":"PropertyValueSpecification","valueRequired":true,"valueName":"search_term_string"}}],"inLanguage":"et"},{"@type":"Organization","@id":"https:\/\/baubauwall.com\/et\/#organization","name":"BAUBAUWALL Wallpapers","url":"https:\/\/baubauwall.com\/et\/","logo":{"@type":"ImageObject","inLanguage":"et","@id":"https:\/\/baubauwall.com\/et\/#\/schema\/logo\/image\/","url":"https:\/\/baubauwall.com\/wp-content\/uploads\/2022\/03\/logo-horizontal.svg","contentUrl":"https:\/\/baubauwall.com\/wp-content\/uploads\/2022\/03\/logo-horizontal.svg","width":"1024","height":"1024","caption":"BAUBAUWALL Wallpapers"},"image":{"@id":"https:\/\/baubauwall.com\/et\/#\/schema\/logo\/image\/"},"sameAs":["https:\/\/www.facebook.com\/Baubauwall","https:\/\/www.instagram.com\/baubauwall"]}]}},"jetpack_sharing_enabled":true,"_links":{"self":[{"href":"https:\/\/baubauwall.com\/et\/wp-json\/wp\/v2\/product\/5517","targetHints":{"allow":["GET"]}}],"collection":[{"href":"https:\/\/baubauwall.com\/et\/wp-json\/wp\/v2\/product"}],"about":[{"href":"https:\/\/baubauwall.com\/et\/wp-json\/wp\/v2\/types\/product"}],"replies":[{"embeddable":true,"href":"https:\/\/baubauwall.com\/et\/wp-json\/wp\/v2\/comments?post=5517"}],"wp:featuredmedia":[{"embeddable":true,"href":"https:\/\/baubauwall.com\/et\/wp-json\/wp\/v2\/media\/3675"}],"wp:attachment":[{"href":"https:\/\/baubauwall.com\/et\/wp-json\/wp\/v2\/media?parent=5517"}],"wp:term":[{"taxonomy":"product_brand","embeddable":true,"href":"https:\/\/baubauwall.com\/et\/wp-json\/wp\/v2\/product_brand?post=5517"},{"taxonomy":"product_cat","embeddable":true,"href":"https:\/\/baubauwall.com\/et\/wp-json\/wp\/v2\/product_cat?post=5517"},{"taxonomy":"product_tag","embeddable":true,"href":"https:\/\/baubauwall.com\/et\/wp-json\/wp\/v2\/product_tag?post=5517"}],"curies":[{"name":"wp","href":"https:\/\/api.w.org\/{rel}","templated":true}]}}