{"id":5518,"date":"2022-02-22T10:20:29","date_gmt":"2022-02-22T08:20:29","guid":{"rendered":"https:\/\/baubauwall.com\/product\/fruity-art-gallery-white-wallpaper\/"},"modified":"2023-04-13T11:09:18","modified_gmt":"2023-04-13T09:09:18","slug":"tapeet-sidruniallee-galerii","status":"publish","type":"product","link":"https:\/\/baubauwall.com\/et\/toode\/tapeet-sidruniallee-galerii\/","title":{"rendered":"Sidruniallee galerii"},"content":{"rendered":"<p>Astuge sisse kunstigaleriisse! Siit leiad n\u00e4ituse sidruniakvarellide,\u00a0 geomeetriliste t\u00e4ppide ja ruudumustritega. K\u00fcpsed, k\u00e4sitsi maalitud kollased\u00a0 sidrunid segunevad m\u00e4nguliselt rangete ruutudega \u2013 absoluutselt originaalne (ja ka kunstip\u00e4rane!) tapeedivalik Sinu kodus. Silmapaistev tapeet,\u00a0 mis sobib h\u00e4sti aktsentseina lahenduseks.<\/p>\n<p>Sidruniallee galerii tapeedidisain on olemas ka roosas toonis.<\/p>\n","protected":false},"excerpt":{"rendered":"<p>Astuge sisse kunstigaleriisse! Siit leiad n\u00e4ituse sidruniakvarellide,\u00a0 geomeetriliste t\u00e4ppide ja ruudumustritega. K\u00fcpsed, k\u00e4sitsi maalitud kollased\u00a0 sidrunid segunevad m\u00e4nguliselt rangete ruutudega \u2013 absoluutselt originaalne (ja ka kunstip\u00e4rane!) tapeedivalik Sinu kodus. Silmapaistev tapeet,\u00a0 mis sobib h\u00e4sti aktsentseina lahenduseks. Sidruniallee galerii tapeedidisain on olemas ka roosas toonis.<\/p>\n","protected":false},"featured_media":24229,"comment_status":"open","ping_status":"closed","template":"","meta":{"_acf_changed":false,"inline_featured_image":false},"product_brand":[],"product_cat":[386,404,268,411,413,414,415,416,399,401,402,412,699,583,261,561],"product_tag":[695],"class_list":{"0":"post-5518","1":"product","2":"type-product","3":"status-publish","4":"has-post-thumbnail","6":"product_cat-kordusmustriga-tapeedid","7":"product_cat-abstraktne","8":"product_cat-kirkad-tapeedid","9":"product_cat-kollased-tapeedid","10":"product_cat-magamistoa-tapeedid","11":"product_cat-soogitoa-tapeedid","12":"product_cat-kulalistetoa-tapeedid","13":"product_cat-esiku-tapeedid","14":"product_cat-kodukontori-tapeedid","15":"product_cat-koogi-tapeedid","16":"product_cat-elutoa-tapeedid","17":"product_cat-vannitoa-tapeedid","18":"product_cat-eesti-disain-tapeedid","19":"product_cat-vesivarv","20":"product_cat-puuviljad","21":"product_cat-suvised-tapeedid","22":"product_tag-eesti-disain-tapeedid","23":"pa_designedby-baubauwall","25":"first","26":"instock","27":"taxable","28":"shipping-taxable","29":"purchasable","30":"product-type-simple"},"acf":[],"yoast_head":"<!-- This site is optimized with the Yoast SEO plugin v25.9 - https:\/\/yoast.com\/wordpress\/plugins\/seo\/ -->\n<title>Sidruniallee galerii tapeedidisain. R\u00e4tsepa\u00f6\u00f6na valmivad tapeedid.<\/title>\n<meta name=\"description\" content=\"Moodne vaade tapeedile. Kollaste sidrunitega tapeet, mis \u00f5hkab v\u00e4rskust. Tapeet, mis sobib pea k\u00f5ikjale. R\u00e4tsepat\u00f6\u00f6na valmivad tapeedid.\" \/>\n<meta name=\"robots\" content=\"index, follow, max-snippet:-1, max-image-preview:large, max-video-preview:-1\" \/>\n<link rel=\"canonical\" href=\"https:\/\/baubauwall.com\/et\/toode\/tapeet-sidruniallee-galerii\/\" \/>\n<meta property=\"og:locale\" content=\"et_EE\" \/>\n<meta property=\"og:type\" content=\"article\" \/>\n<meta property=\"og:title\" content=\"Sidruniallee galerii tapeedidisain. R\u00e4tsepa\u00f6\u00f6na valmivad tapeedid.\" \/>\n<meta property=\"og:description\" content=\"Moodne vaade tapeedile. Kollaste sidrunitega tapeet, mis \u00f5hkab v\u00e4rskust. Tapeet, mis sobib pea k\u00f5ikjale. R\u00e4tsepat\u00f6\u00f6na valmivad tapeedid.\" \/>\n<meta property=\"og:url\" content=\"https:\/\/baubauwall.com\/et\/toode\/tapeet-sidruniallee-galerii\/\" \/>\n<meta property=\"og:site_name\" content=\"BAUBAUWALL TAPEEDID\" \/>\n<meta property=\"article:publisher\" content=\"https:\/\/www.facebook.com\/Baubauwall\" \/>\n<meta property=\"article:modified_time\" content=\"2023-04-13T09:09:18+00:00\" \/>\n<meta property=\"og:image\" content=\"https:\/\/baubauwall.com\/wp-content\/uploads\/2022\/02\/51100049_FruityGeometricArt_Lemongallery_Baubauwall_Wallpaper_room7.jpg\" \/>\n\t<meta property=\"og:image:width\" content=\"2312\" \/>\n\t<meta property=\"og:image:height\" content=\"1600\" \/>\n\t<meta property=\"og:image:type\" content=\"image\/jpeg\" \/>\n<meta name=\"twitter:card\" content=\"summary_large_image\" \/>\n<meta name=\"twitter:label1\" content=\"Est. reading time\" \/>\n\t<meta name=\"twitter:data1\" content=\"1 minut\" \/>\n<script type=\"application\/ld+json\" class=\"yoast-schema-graph\">{\"@context\":\"https:\/\/schema.org\",\"@graph\":[{\"@type\":\"WebPage\",\"@id\":\"https:\/\/baubauwall.com\/et\/toode\/tapeet-sidruniallee-galerii\/\",\"url\":\"https:\/\/baubauwall.com\/et\/toode\/tapeet-sidruniallee-galerii\/\",\"name\":\"Sidruniallee galerii tapeedidisain. R\u00e4tsepa\u00f6\u00f6na valmivad tapeedid.\",\"isPartOf\":{\"@id\":\"https:\/\/baubauwall.com\/et\/#website\"},\"primaryImageOfPage\":{\"@id\":\"https:\/\/baubauwall.com\/et\/toode\/tapeet-sidruniallee-galerii\/#primaryimage\"},\"image\":{\"@id\":\"https:\/\/baubauwall.com\/et\/toode\/tapeet-sidruniallee-galerii\/#primaryimage\"},\"thumbnailUrl\":\"https:\/\/baubauwall.com\/wp-content\/uploads\/2022\/02\/51100049_FruityGeometricArt_Lemongallery_Baubauwall_Wallpaper_room7.jpg\",\"datePublished\":\"2022-02-22T08:20:29+00:00\",\"dateModified\":\"2023-04-13T09:09:18+00:00\",\"description\":\"Moodne vaade tapeedile. Kollaste sidrunitega tapeet, mis \u00f5hkab v\u00e4rskust. Tapeet, mis sobib pea k\u00f5ikjale. R\u00e4tsepat\u00f6\u00f6na valmivad tapeedid.\",\"breadcrumb\":{\"@id\":\"https:\/\/baubauwall.com\/et\/toode\/tapeet-sidruniallee-galerii\/#breadcrumb\"},\"inLanguage\":\"et\",\"potentialAction\":[{\"@type\":\"ReadAction\",\"target\":[\"https:\/\/baubauwall.com\/et\/toode\/tapeet-sidruniallee-galerii\/\"]}]},{\"@type\":\"ImageObject\",\"inLanguage\":\"et\",\"@id\":\"https:\/\/baubauwall.com\/et\/toode\/tapeet-sidruniallee-galerii\/#primaryimage\",\"url\":\"https:\/\/baubauwall.com\/wp-content\/uploads\/2022\/02\/51100049_FruityGeometricArt_Lemongallery_Baubauwall_Wallpaper_room7.jpg\",\"contentUrl\":\"https:\/\/baubauwall.com\/wp-content\/uploads\/2022\/02\/51100049_FruityGeometricArt_Lemongallery_Baubauwall_Wallpaper_room7.jpg\",\"width\":2312,\"height\":1600},{\"@type\":\"BreadcrumbList\",\"@id\":\"https:\/\/baubauwall.com\/et\/toode\/tapeet-sidruniallee-galerii\/#breadcrumb\",\"itemListElement\":[{\"@type\":\"ListItem\",\"position\":1,\"name\":\"Koju\",\"item\":\"https:\/\/baubauwall.com\/et\/\"},{\"@type\":\"ListItem\",\"position\":2,\"name\":\"Tapeedid\",\"item\":\"https:\/\/baubauwall.com\/et\/tapeedid\/\"},{\"@type\":\"ListItem\",\"position\":3,\"name\":\"Sidruniallee galerii\"}]},{\"@type\":\"WebSite\",\"@id\":\"https:\/\/baubauwall.com\/et\/#website\",\"url\":\"https:\/\/baubauwall.com\/et\/\",\"name\":\"BAUBAUWALL Wallpapers\",\"description\":\"Valmis paanides tapeet Eestist!\",\"publisher\":{\"@id\":\"https:\/\/baubauwall.com\/et\/#organization\"},\"potentialAction\":[{\"@type\":\"SearchAction\",\"target\":{\"@type\":\"EntryPoint\",\"urlTemplate\":\"https:\/\/baubauwall.com\/et\/?s={search_term_string}\"},\"query-input\":{\"@type\":\"PropertyValueSpecification\",\"valueRequired\":true,\"valueName\":\"search_term_string\"}}],\"inLanguage\":\"et\"},{\"@type\":\"Organization\",\"@id\":\"https:\/\/baubauwall.com\/et\/#organization\",\"name\":\"BAUBAUWALL Wallpapers\",\"url\":\"https:\/\/baubauwall.com\/et\/\",\"logo\":{\"@type\":\"ImageObject\",\"inLanguage\":\"et\",\"@id\":\"https:\/\/baubauwall.com\/et\/#\/schema\/logo\/image\/\",\"url\":\"https:\/\/baubauwall.com\/wp-content\/uploads\/2022\/03\/logo-horizontal.svg\",\"contentUrl\":\"https:\/\/baubauwall.com\/wp-content\/uploads\/2022\/03\/logo-horizontal.svg\",\"width\":\"1024\",\"height\":\"1024\",\"caption\":\"BAUBAUWALL Wallpapers\"},\"image\":{\"@id\":\"https:\/\/baubauwall.com\/et\/#\/schema\/logo\/image\/\"},\"sameAs\":[\"https:\/\/www.facebook.com\/Baubauwall\",\"https:\/\/www.instagram.com\/baubauwall\"]}]}<\/script>\n<!-- \/ Yoast SEO plugin. -->","yoast_head_json":{"title":"Sidruniallee galerii tapeedidisain. R\u00e4tsepa\u00f6\u00f6na valmivad tapeedid.","description":"Moodne vaade tapeedile. Kollaste sidrunitega tapeet, mis \u00f5hkab v\u00e4rskust. Tapeet, mis sobib pea k\u00f5ikjale. R\u00e4tsepat\u00f6\u00f6na valmivad tapeedid.","robots":{"index":"index","follow":"follow","max-snippet":"max-snippet:-1","max-image-preview":"max-image-preview:large","max-video-preview":"max-video-preview:-1"},"canonical":"https:\/\/baubauwall.com\/et\/toode\/tapeet-sidruniallee-galerii\/","og_locale":"et_EE","og_type":"article","og_title":"Sidruniallee galerii tapeedidisain. R\u00e4tsepa\u00f6\u00f6na valmivad tapeedid.","og_description":"Moodne vaade tapeedile. Kollaste sidrunitega tapeet, mis \u00f5hkab v\u00e4rskust. Tapeet, mis sobib pea k\u00f5ikjale. R\u00e4tsepat\u00f6\u00f6na valmivad tapeedid.","og_url":"https:\/\/baubauwall.com\/et\/toode\/tapeet-sidruniallee-galerii\/","og_site_name":"BAUBAUWALL TAPEEDID","article_publisher":"https:\/\/www.facebook.com\/Baubauwall","article_modified_time":"2023-04-13T09:09:18+00:00","og_image":[{"width":2312,"height":1600,"url":"https:\/\/baubauwall.com\/wp-content\/uploads\/2022\/02\/51100049_FruityGeometricArt_Lemongallery_Baubauwall_Wallpaper_room7.jpg","type":"image\/jpeg"}],"twitter_card":"summary_large_image","twitter_misc":{"Est. reading time":"1 minut"},"schema":{"@context":"https:\/\/schema.org","@graph":[{"@type":"WebPage","@id":"https:\/\/baubauwall.com\/et\/toode\/tapeet-sidruniallee-galerii\/","url":"https:\/\/baubauwall.com\/et\/toode\/tapeet-sidruniallee-galerii\/","name":"Sidruniallee galerii tapeedidisain. R\u00e4tsepa\u00f6\u00f6na valmivad tapeedid.","isPartOf":{"@id":"https:\/\/baubauwall.com\/et\/#website"},"primaryImageOfPage":{"@id":"https:\/\/baubauwall.com\/et\/toode\/tapeet-sidruniallee-galerii\/#primaryimage"},"image":{"@id":"https:\/\/baubauwall.com\/et\/toode\/tapeet-sidruniallee-galerii\/#primaryimage"},"thumbnailUrl":"https:\/\/baubauwall.com\/wp-content\/uploads\/2022\/02\/51100049_FruityGeometricArt_Lemongallery_Baubauwall_Wallpaper_room7.jpg","datePublished":"2022-02-22T08:20:29+00:00","dateModified":"2023-04-13T09:09:18+00:00","description":"Moodne vaade tapeedile. Kollaste sidrunitega tapeet, mis \u00f5hkab v\u00e4rskust. Tapeet, mis sobib pea k\u00f5ikjale. R\u00e4tsepat\u00f6\u00f6na valmivad tapeedid.","breadcrumb":{"@id":"https:\/\/baubauwall.com\/et\/toode\/tapeet-sidruniallee-galerii\/#breadcrumb"},"inLanguage":"et","potentialAction":[{"@type":"ReadAction","target":["https:\/\/baubauwall.com\/et\/toode\/tapeet-sidruniallee-galerii\/"]}]},{"@type":"ImageObject","inLanguage":"et","@id":"https:\/\/baubauwall.com\/et\/toode\/tapeet-sidruniallee-galerii\/#primaryimage","url":"https:\/\/baubauwall.com\/wp-content\/uploads\/2022\/02\/51100049_FruityGeometricArt_Lemongallery_Baubauwall_Wallpaper_room7.jpg","contentUrl":"https:\/\/baubauwall.com\/wp-content\/uploads\/2022\/02\/51100049_FruityGeometricArt_Lemongallery_Baubauwall_Wallpaper_room7.jpg","width":2312,"height":1600},{"@type":"BreadcrumbList","@id":"https:\/\/baubauwall.com\/et\/toode\/tapeet-sidruniallee-galerii\/#breadcrumb","itemListElement":[{"@type":"ListItem","position":1,"name":"Koju","item":"https:\/\/baubauwall.com\/et\/"},{"@type":"ListItem","position":2,"name":"Tapeedid","item":"https:\/\/baubauwall.com\/et\/tapeedid\/"},{"@type":"ListItem","position":3,"name":"Sidruniallee galerii"}]},{"@type":"WebSite","@id":"https:\/\/baubauwall.com\/et\/#website","url":"https:\/\/baubauwall.com\/et\/","name":"BAUBAUWALL Wallpapers","description":"Valmis paanides tapeet Eestist!","publisher":{"@id":"https:\/\/baubauwall.com\/et\/#organization"},"potentialAction":[{"@type":"SearchAction","target":{"@type":"EntryPoint","urlTemplate":"https:\/\/baubauwall.com\/et\/?s={search_term_string}"},"query-input":{"@type":"PropertyValueSpecification","valueRequired":true,"valueName":"search_term_string"}}],"inLanguage":"et"},{"@type":"Organization","@id":"https:\/\/baubauwall.com\/et\/#organization","name":"BAUBAUWALL Wallpapers","url":"https:\/\/baubauwall.com\/et\/","logo":{"@type":"ImageObject","inLanguage":"et","@id":"https:\/\/baubauwall.com\/et\/#\/schema\/logo\/image\/","url":"https:\/\/baubauwall.com\/wp-content\/uploads\/2022\/03\/logo-horizontal.svg","contentUrl":"https:\/\/baubauwall.com\/wp-content\/uploads\/2022\/03\/logo-horizontal.svg","width":"1024","height":"1024","caption":"BAUBAUWALL Wallpapers"},"image":{"@id":"https:\/\/baubauwall.com\/et\/#\/schema\/logo\/image\/"},"sameAs":["https:\/\/www.facebook.com\/Baubauwall","https:\/\/www.instagram.com\/baubauwall"]}]}},"jetpack_sharing_enabled":true,"_links":{"self":[{"href":"https:\/\/baubauwall.com\/et\/wp-json\/wp\/v2\/product\/5518","targetHints":{"allow":["GET"]}}],"collection":[{"href":"https:\/\/baubauwall.com\/et\/wp-json\/wp\/v2\/product"}],"about":[{"href":"https:\/\/baubauwall.com\/et\/wp-json\/wp\/v2\/types\/product"}],"replies":[{"embeddable":true,"href":"https:\/\/baubauwall.com\/et\/wp-json\/wp\/v2\/comments?post=5518"}],"wp:featuredmedia":[{"embeddable":true,"href":"https:\/\/baubauwall.com\/et\/wp-json\/wp\/v2\/media\/24229"}],"wp:attachment":[{"href":"https:\/\/baubauwall.com\/et\/wp-json\/wp\/v2\/media?parent=5518"}],"wp:term":[{"taxonomy":"product_brand","embeddable":true,"href":"https:\/\/baubauwall.com\/et\/wp-json\/wp\/v2\/product_brand?post=5518"},{"taxonomy":"product_cat","embeddable":true,"href":"https:\/\/baubauwall.com\/et\/wp-json\/wp\/v2\/product_cat?post=5518"},{"taxonomy":"product_tag","embeddable":true,"href":"https:\/\/baubauwall.com\/et\/wp-json\/wp\/v2\/product_tag?post=5518"}],"curies":[{"name":"wp","href":"https:\/\/api.w.org\/{rel}","templated":true}]}}