{"id":5519,"date":"2022-07-27T17:02:55","date_gmt":"2022-07-27T15:02:55","guid":{"rendered":"https:\/\/baubauwall.com\/product\/artsy-red-and-black-brush-strokes\/"},"modified":"2023-06-06T08:56:37","modified_gmt":"2023-06-06T06:56:37","slug":"maakaart-tapeet","status":"publish","type":"product","link":"https:\/\/baubauwall.com\/et\/toode\/maakaart-tapeet\/","title":{"rendered":"Maadeavastaja maakaart &#8211; inglise keeles"},"content":{"rendered":"<p>Avasta terve p\u00f5nev maailm! Kreemikas tapeet lastetuppa maakaardi illustratsiooniga, millelt avastad peale mandrite \u00f5hus\u00f5idukid, laevad ja isegi allveelaeva. Kas kuuma\u00f5hupalliga saaks lennata Eestist Ameerikasse? Maitsekas, <em>vintage\u00a0<\/em>stiilis bee\u017e tapeet sobib h\u00e4sti lastetuppa v\u00f5i miks mitte veidi vanemate toa seinu kaunistama. Tapeedidisain, mis sobib h\u00e4sti nii aktsentseinaks kui ka mitme seina katmiseks. Maakaardi muster ei ole pealet\u00fckkiv ja on m\u00f5nus taustamuusika muule valitud m\u00f6\u00f6blile. Sama tapeet on meil olemas ka <a href=\"https:\/\/baubauwall.com\/et\/toode\/tapeet-maadeavastaja-maailma-kaart-eesti\/\">eesti keeles.<\/a><\/p>\n<p>Nagu k\u00f5ik meie tapeedid, fototapeedid ja pilttapeedid, on ka see lastetoa tapeet tr\u00fckitud hingavale, keskkonnas\u00f5bralike v\u00e4rvidega fliistapeedi materjalile. Loe lisaks j\u00e4\u00e4kidevabast ja innovaatilisest <a href=\"https:\/\/baubauwall.com\/et\/keskkonnasobralikud-tapeedid\/\" target=\"_blank\" rel=\"noopener\">tapeeditootmisest siin.<\/a>\u00a0 Mida silmas pidada lastetoa tapeedi valikul, loe l\u00e4hemalt <a href=\"https:\/\/baubauwall.com\/et\/uudised\/kodu-koige-lustlikum-tuba\/\" target=\"_blank\" rel=\"noopener\">Baubau ajakirjast.<\/a><\/p>\n","protected":false},"excerpt":{"rendered":"<p>Avasta terve p\u00f5nev maailm! Kreemikas tapeet lastetuppa maakaardi illustratsiooniga, millelt avastad peale mandrite \u00f5hus\u00f5idukid, laevad ja isegi allveelaeva. Kas kuuma\u00f5hupalliga saaks lennata Eestist Ameerikasse? Maitsekas, vintage\u00a0stiilis bee\u017e tapeet sobib h\u00e4sti lastetuppa v\u00f5i miks mitte veidi vanemate toa seinu kaunistama. Tapeedidisain, mis sobib h\u00e4sti nii aktsentseinaks kui ka mitme seina katmiseks. Maakaardi muster ei ole pealet\u00fckkiv [&hellip;]<\/p>\n","protected":false},"featured_media":16004,"comment_status":"open","ping_status":"closed","template":"","meta":{"_acf_changed":false,"inline_featured_image":false},"product_brand":[],"product_cat":[386,395,406,396,388,265,273,276,413,400,415,399,465,245],"product_tag":[308,324],"class_list":{"0":"post-5519","1":"product","2":"type-product","3":"status-publish","4":"has-post-thumbnail","6":"product_cat-kordusmustriga-tapeedid","7":"product_cat-romantiline","8":"product_cat-klassika","9":"product_cat-skandinaavia","10":"product_cat-vintage-et","11":"product_cat-beezid-tapeedid","12":"product_cat-heledad-tapeedid","13":"product_cat-pastelsed-tapeedid","14":"product_cat-magamistoa-tapeedid","15":"product_cat-lastetoa-tapeedid","16":"product_cat-kulalistetoa-tapeedid","17":"product_cat-kodukontori-tapeedid","18":"product_cat-taevas-ja-pilved","19":"product_cat-maastik","20":"product_tag-poiste-tuba","21":"product_tag-tudruku-tuba","22":"pa_designedby-baubauwall","24":"first","25":"instock","26":"taxable","27":"shipping-taxable","28":"purchasable","29":"product-type-simple"},"acf":[],"yoast_head":"<!-- This site is optimized with the Yoast SEO plugin v25.9 - https:\/\/yoast.com\/wordpress\/plugins\/seo\/ -->\n<title>Maakaart tapeet lastetuppa v\u00f5i teismelisele. Keskkonnas\u00f5bralik.<\/title>\n<meta name=\"description\" content=\"Maakaart tapeet teismelise v\u00f5i veidi vanema lapse seinale. Disaintapeet maailmakaardiga - avastamist v\u00e4\u00e4rt maailm ootab! Hea tapeedivalik lastetuppa.\" \/>\n<meta name=\"robots\" content=\"index, follow, max-snippet:-1, max-image-preview:large, max-video-preview:-1\" \/>\n<link rel=\"canonical\" href=\"https:\/\/baubauwall.com\/et\/toode\/maakaart-tapeet\/\" \/>\n<meta property=\"og:locale\" content=\"et_EE\" \/>\n<meta property=\"og:type\" content=\"article\" \/>\n<meta property=\"og:title\" content=\"Maakaart tapeet lastetuppa v\u00f5i teismelisele. Keskkonnas\u00f5bralik.\" \/>\n<meta property=\"og:description\" content=\"Maakaart tapeet teismelise v\u00f5i veidi vanema lapse seinale. Disaintapeet maailmakaardiga - avastamist v\u00e4\u00e4rt maailm ootab! Hea tapeedivalik lastetuppa.\" \/>\n<meta property=\"og:url\" content=\"https:\/\/baubauwall.com\/et\/toode\/maakaart-tapeet\/\" \/>\n<meta property=\"og:site_name\" content=\"BAUBAUWALL TAPEEDID\" \/>\n<meta property=\"article:publisher\" content=\"https:\/\/www.facebook.com\/Baubauwall\" \/>\n<meta property=\"article:modified_time\" content=\"2023-06-06T06:56:37+00:00\" \/>\n<meta property=\"og:image\" content=\"https:\/\/baubauwall.com\/wp-content\/uploads\/2022\/02\/51100050_WorldExplorerMap_Baubauwall_Wallpaper_room3-6-1024x683.jpg\" \/>\n<meta name=\"twitter:card\" content=\"summary_large_image\" \/>\n<meta name=\"twitter:label1\" content=\"Est. reading time\" \/>\n\t<meta name=\"twitter:data1\" content=\"1 minut\" \/>\n<script type=\"application\/ld+json\" class=\"yoast-schema-graph\">{\"@context\":\"https:\/\/schema.org\",\"@graph\":[{\"@type\":\"WebPage\",\"@id\":\"https:\/\/baubauwall.com\/et\/toode\/maakaart-tapeet\/\",\"url\":\"https:\/\/baubauwall.com\/et\/toode\/maakaart-tapeet\/\",\"name\":\"Maakaart tapeet lastetuppa v\u00f5i teismelisele. Keskkonnas\u00f5bralik.\",\"isPartOf\":{\"@id\":\"https:\/\/baubauwall.com\/et\/#website\"},\"primaryImageOfPage\":{\"@id\":\"https:\/\/baubauwall.com\/et\/toode\/maakaart-tapeet\/#primaryimage\"},\"image\":{\"@id\":\"https:\/\/baubauwall.com\/et\/toode\/maakaart-tapeet\/#primaryimage\"},\"thumbnailUrl\":\"https:\/\/baubauwall.com\/wp-content\/uploads\/2022\/02\/51100050_WorldExplorerMap_Baubauwall_Wallpaper_room3-7.jpg\",\"datePublished\":\"2022-07-27T15:02:55+00:00\",\"dateModified\":\"2023-06-06T06:56:37+00:00\",\"description\":\"Maakaart tapeet teismelise v\u00f5i veidi vanema lapse seinale. Disaintapeet maailmakaardiga - avastamist v\u00e4\u00e4rt maailm ootab! Hea tapeedivalik lastetuppa.\",\"breadcrumb\":{\"@id\":\"https:\/\/baubauwall.com\/et\/toode\/maakaart-tapeet\/#breadcrumb\"},\"inLanguage\":\"et\",\"potentialAction\":[{\"@type\":\"ReadAction\",\"target\":[\"https:\/\/baubauwall.com\/et\/toode\/maakaart-tapeet\/\"]}]},{\"@type\":\"ImageObject\",\"inLanguage\":\"et\",\"@id\":\"https:\/\/baubauwall.com\/et\/toode\/maakaart-tapeet\/#primaryimage\",\"url\":\"https:\/\/baubauwall.com\/wp-content\/uploads\/2022\/02\/51100050_WorldExplorerMap_Baubauwall_Wallpaper_room3-7.jpg\",\"contentUrl\":\"https:\/\/baubauwall.com\/wp-content\/uploads\/2022\/02\/51100050_WorldExplorerMap_Baubauwall_Wallpaper_room3-7.jpg\",\"width\":1067,\"height\":800},{\"@type\":\"BreadcrumbList\",\"@id\":\"https:\/\/baubauwall.com\/et\/toode\/maakaart-tapeet\/#breadcrumb\",\"itemListElement\":[{\"@type\":\"ListItem\",\"position\":1,\"name\":\"Koju\",\"item\":\"https:\/\/baubauwall.com\/et\/\"},{\"@type\":\"ListItem\",\"position\":2,\"name\":\"Tapeedid\",\"item\":\"https:\/\/baubauwall.com\/et\/tapeedid\/\"},{\"@type\":\"ListItem\",\"position\":3,\"name\":\"Maadeavastaja maakaart &#8211; inglise keeles\"}]},{\"@type\":\"WebSite\",\"@id\":\"https:\/\/baubauwall.com\/et\/#website\",\"url\":\"https:\/\/baubauwall.com\/et\/\",\"name\":\"BAUBAUWALL Wallpapers\",\"description\":\"Valmis paanides tapeet Eestist!\",\"publisher\":{\"@id\":\"https:\/\/baubauwall.com\/et\/#organization\"},\"potentialAction\":[{\"@type\":\"SearchAction\",\"target\":{\"@type\":\"EntryPoint\",\"urlTemplate\":\"https:\/\/baubauwall.com\/et\/?s={search_term_string}\"},\"query-input\":{\"@type\":\"PropertyValueSpecification\",\"valueRequired\":true,\"valueName\":\"search_term_string\"}}],\"inLanguage\":\"et\"},{\"@type\":\"Organization\",\"@id\":\"https:\/\/baubauwall.com\/et\/#organization\",\"name\":\"BAUBAUWALL Wallpapers\",\"url\":\"https:\/\/baubauwall.com\/et\/\",\"logo\":{\"@type\":\"ImageObject\",\"inLanguage\":\"et\",\"@id\":\"https:\/\/baubauwall.com\/et\/#\/schema\/logo\/image\/\",\"url\":\"https:\/\/baubauwall.com\/wp-content\/uploads\/2022\/03\/logo-horizontal.svg\",\"contentUrl\":\"https:\/\/baubauwall.com\/wp-content\/uploads\/2022\/03\/logo-horizontal.svg\",\"width\":\"1024\",\"height\":\"1024\",\"caption\":\"BAUBAUWALL Wallpapers\"},\"image\":{\"@id\":\"https:\/\/baubauwall.com\/et\/#\/schema\/logo\/image\/\"},\"sameAs\":[\"https:\/\/www.facebook.com\/Baubauwall\",\"https:\/\/www.instagram.com\/baubauwall\"]}]}<\/script>\n<!-- \/ Yoast SEO plugin. -->","yoast_head_json":{"title":"Maakaart tapeet lastetuppa v\u00f5i teismelisele. Keskkonnas\u00f5bralik.","description":"Maakaart tapeet teismelise v\u00f5i veidi vanema lapse seinale. Disaintapeet maailmakaardiga - avastamist v\u00e4\u00e4rt maailm ootab! Hea tapeedivalik lastetuppa.","robots":{"index":"index","follow":"follow","max-snippet":"max-snippet:-1","max-image-preview":"max-image-preview:large","max-video-preview":"max-video-preview:-1"},"canonical":"https:\/\/baubauwall.com\/et\/toode\/maakaart-tapeet\/","og_locale":"et_EE","og_type":"article","og_title":"Maakaart tapeet lastetuppa v\u00f5i teismelisele. Keskkonnas\u00f5bralik.","og_description":"Maakaart tapeet teismelise v\u00f5i veidi vanema lapse seinale. Disaintapeet maailmakaardiga - avastamist v\u00e4\u00e4rt maailm ootab! Hea tapeedivalik lastetuppa.","og_url":"https:\/\/baubauwall.com\/et\/toode\/maakaart-tapeet\/","og_site_name":"BAUBAUWALL TAPEEDID","article_publisher":"https:\/\/www.facebook.com\/Baubauwall","article_modified_time":"2023-06-06T06:56:37+00:00","og_image":[{"url":"https:\/\/baubauwall.com\/wp-content\/uploads\/2022\/02\/51100050_WorldExplorerMap_Baubauwall_Wallpaper_room3-6-1024x683.jpg","type":"","width":"","height":""}],"twitter_card":"summary_large_image","twitter_misc":{"Est. reading time":"1 minut"},"schema":{"@context":"https:\/\/schema.org","@graph":[{"@type":"WebPage","@id":"https:\/\/baubauwall.com\/et\/toode\/maakaart-tapeet\/","url":"https:\/\/baubauwall.com\/et\/toode\/maakaart-tapeet\/","name":"Maakaart tapeet lastetuppa v\u00f5i teismelisele. Keskkonnas\u00f5bralik.","isPartOf":{"@id":"https:\/\/baubauwall.com\/et\/#website"},"primaryImageOfPage":{"@id":"https:\/\/baubauwall.com\/et\/toode\/maakaart-tapeet\/#primaryimage"},"image":{"@id":"https:\/\/baubauwall.com\/et\/toode\/maakaart-tapeet\/#primaryimage"},"thumbnailUrl":"https:\/\/baubauwall.com\/wp-content\/uploads\/2022\/02\/51100050_WorldExplorerMap_Baubauwall_Wallpaper_room3-7.jpg","datePublished":"2022-07-27T15:02:55+00:00","dateModified":"2023-06-06T06:56:37+00:00","description":"Maakaart tapeet teismelise v\u00f5i veidi vanema lapse seinale. Disaintapeet maailmakaardiga - avastamist v\u00e4\u00e4rt maailm ootab! Hea tapeedivalik lastetuppa.","breadcrumb":{"@id":"https:\/\/baubauwall.com\/et\/toode\/maakaart-tapeet\/#breadcrumb"},"inLanguage":"et","potentialAction":[{"@type":"ReadAction","target":["https:\/\/baubauwall.com\/et\/toode\/maakaart-tapeet\/"]}]},{"@type":"ImageObject","inLanguage":"et","@id":"https:\/\/baubauwall.com\/et\/toode\/maakaart-tapeet\/#primaryimage","url":"https:\/\/baubauwall.com\/wp-content\/uploads\/2022\/02\/51100050_WorldExplorerMap_Baubauwall_Wallpaper_room3-7.jpg","contentUrl":"https:\/\/baubauwall.com\/wp-content\/uploads\/2022\/02\/51100050_WorldExplorerMap_Baubauwall_Wallpaper_room3-7.jpg","width":1067,"height":800},{"@type":"BreadcrumbList","@id":"https:\/\/baubauwall.com\/et\/toode\/maakaart-tapeet\/#breadcrumb","itemListElement":[{"@type":"ListItem","position":1,"name":"Koju","item":"https:\/\/baubauwall.com\/et\/"},{"@type":"ListItem","position":2,"name":"Tapeedid","item":"https:\/\/baubauwall.com\/et\/tapeedid\/"},{"@type":"ListItem","position":3,"name":"Maadeavastaja maakaart &#8211; inglise keeles"}]},{"@type":"WebSite","@id":"https:\/\/baubauwall.com\/et\/#website","url":"https:\/\/baubauwall.com\/et\/","name":"BAUBAUWALL Wallpapers","description":"Valmis paanides tapeet Eestist!","publisher":{"@id":"https:\/\/baubauwall.com\/et\/#organization"},"potentialAction":[{"@type":"SearchAction","target":{"@type":"EntryPoint","urlTemplate":"https:\/\/baubauwall.com\/et\/?s={search_term_string}"},"query-input":{"@type":"PropertyValueSpecification","valueRequired":true,"valueName":"search_term_string"}}],"inLanguage":"et"},{"@type":"Organization","@id":"https:\/\/baubauwall.com\/et\/#organization","name":"BAUBAUWALL Wallpapers","url":"https:\/\/baubauwall.com\/et\/","logo":{"@type":"ImageObject","inLanguage":"et","@id":"https:\/\/baubauwall.com\/et\/#\/schema\/logo\/image\/","url":"https:\/\/baubauwall.com\/wp-content\/uploads\/2022\/03\/logo-horizontal.svg","contentUrl":"https:\/\/baubauwall.com\/wp-content\/uploads\/2022\/03\/logo-horizontal.svg","width":"1024","height":"1024","caption":"BAUBAUWALL Wallpapers"},"image":{"@id":"https:\/\/baubauwall.com\/et\/#\/schema\/logo\/image\/"},"sameAs":["https:\/\/www.facebook.com\/Baubauwall","https:\/\/www.instagram.com\/baubauwall"]}]}},"jetpack_sharing_enabled":true,"_links":{"self":[{"href":"https:\/\/baubauwall.com\/et\/wp-json\/wp\/v2\/product\/5519","targetHints":{"allow":["GET"]}}],"collection":[{"href":"https:\/\/baubauwall.com\/et\/wp-json\/wp\/v2\/product"}],"about":[{"href":"https:\/\/baubauwall.com\/et\/wp-json\/wp\/v2\/types\/product"}],"replies":[{"embeddable":true,"href":"https:\/\/baubauwall.com\/et\/wp-json\/wp\/v2\/comments?post=5519"}],"wp:featuredmedia":[{"embeddable":true,"href":"https:\/\/baubauwall.com\/et\/wp-json\/wp\/v2\/media\/16004"}],"wp:attachment":[{"href":"https:\/\/baubauwall.com\/et\/wp-json\/wp\/v2\/media?parent=5519"}],"wp:term":[{"taxonomy":"product_brand","embeddable":true,"href":"https:\/\/baubauwall.com\/et\/wp-json\/wp\/v2\/product_brand?post=5519"},{"taxonomy":"product_cat","embeddable":true,"href":"https:\/\/baubauwall.com\/et\/wp-json\/wp\/v2\/product_cat?post=5519"},{"taxonomy":"product_tag","embeddable":true,"href":"https:\/\/baubauwall.com\/et\/wp-json\/wp\/v2\/product_tag?post=5519"}],"curies":[{"name":"wp","href":"https:\/\/api.w.org\/{rel}","templated":true}]}}