{"id":5521,"date":"2022-02-07T15:42:43","date_gmt":"2022-02-07T13:42:43","guid":{"rendered":"https:\/\/baubauwall.com\/product\/juicy-red-currants-smoothie-green-leaves-wallpaper\/"},"modified":"2023-05-11T10:35:57","modified_gmt":"2023-05-11T08:35:57","slug":"juicy-red-currants-smoothie-green-leaves-wallpaper","status":"publish","type":"product","link":"https:\/\/baubauwall.com\/et\/toode\/juicy-red-currants-smoothie-green-leaves-wallpaper\/","title":{"rendered":"Punase s\u00f5stra smuuti &#8211; roosa"},"content":{"rendered":"<p>Isu\u00e4ratav muster punaste s\u00f5starde, roheliste lehtede ja abstraktsete pastelsetes roosades toonides ringidega. See m\u00e4nguline tapeedikujundus n\u00e4eb hea v\u00e4lja nii teismelise toas kui ka moodsas k\u00f6\u00f6gis v\u00f5i s\u00f6\u00f6gitoa seinal. L\u00f5ppude l\u00f5puks on roosa v\u00e4rvipaleti parim valik, mis s\u00fcmboliseerib armastust, loodust ja naiselikkust.<\/p>\n<p>Mahlakas tapeedidisain, mis on meil olemas ka t\u00fcrkiissinise taustaga.<\/p>\n","protected":false},"excerpt":{"rendered":"<p>Isu\u00e4ratav muster punaste s\u00f5starde, roheliste lehtede ja abstraktsete pastelsetes roosades toonides ringidega. See m\u00e4nguline tapeedikujundus n\u00e4eb hea v\u00e4lja nii teismelise toas kui ka moodsas k\u00f6\u00f6gis v\u00f5i s\u00f6\u00f6gitoa seinal. L\u00f5ppude l\u00f5puks on roosa v\u00e4rvipaleti parim valik, mis s\u00fcmboliseerib armastust, loodust ja naiselikkust. Mahlakas tapeedidisain, mis on meil olemas ka t\u00fcrkiissinise taustaga.<\/p>\n","protected":false},"featured_media":7750,"comment_status":"open","ping_status":"closed","template":"","meta":{"_acf_changed":false,"inline_featured_image":false},"product_brand":[],"product_cat":[386,395,404,268,278,418,400,414,415,401,256,561,715],"product_tag":[],"class_list":{"0":"post-5521","1":"product","2":"type-product","3":"status-publish","4":"has-post-thumbnail","6":"product_cat-kordusmustriga-tapeedid","7":"product_cat-romantiline","8":"product_cat-abstraktne","9":"product_cat-kirkad-tapeedid","10":"product_cat-roosad-tapeedid","11":"product_cat-punased-tapeedid","12":"product_cat-lastetoa-tapeedid","13":"product_cat-soogitoa-tapeedid","14":"product_cat-kulalistetoa-tapeedid","15":"product_cat-koogi-tapeedid","16":"product_cat-marjad","17":"product_cat-suvised-tapeedid","18":"product_cat-soodsad-tapeedid-leiunurk","19":"pa_designedby-baubauwall","21":"first","22":"instock","23":"sale","24":"taxable","25":"shipping-taxable","26":"purchasable","27":"product-type-simple"},"acf":[],"yoast_head":"<!-- This site is optimized with the Yoast SEO plugin v25.9 - https:\/\/yoast.com\/wordpress\/plugins\/seo\/ -->\n<title>Juicy Red Currants and Green Leaves Design Wallpaper<\/title>\n<meta name=\"description\" content=\"Bespoke collection of wallpaper designs. Red currant berries on pink backdrop.Custom printed, cut as the size of your walls design wallpapers.\" \/>\n<meta name=\"robots\" content=\"index, follow, max-snippet:-1, max-image-preview:large, max-video-preview:-1\" \/>\n<link rel=\"canonical\" href=\"https:\/\/baubauwall.com\/et\/toode\/juicy-red-currants-smoothie-green-leaves-wallpaper\/\" \/>\n<meta property=\"og:locale\" content=\"et_EE\" \/>\n<meta property=\"og:type\" content=\"article\" \/>\n<meta property=\"og:title\" content=\"Juicy Red Currants and Green Leaves Design Wallpaper\" \/>\n<meta property=\"og:description\" content=\"Bespoke collection of wallpaper designs. Red currant berries on pink backdrop.Custom printed, cut as the size of your walls design wallpapers.\" \/>\n<meta property=\"og:url\" content=\"https:\/\/baubauwall.com\/et\/toode\/juicy-red-currants-smoothie-green-leaves-wallpaper\/\" \/>\n<meta property=\"og:site_name\" content=\"BAUBAUWALL TAPEEDID\" \/>\n<meta property=\"article:publisher\" content=\"https:\/\/www.facebook.com\/Baubauwall\" \/>\n<meta property=\"article:modified_time\" content=\"2023-05-11T08:35:57+00:00\" \/>\n<meta property=\"og:image\" content=\"https:\/\/baubauwall.com\/wp-content\/uploads\/2022\/02\/51100052_JuicyRedCurrantsGreenLeavesSmoothie-Pink_Baubauwall_Wallpaper_room6.jpg\" \/>\n\t<meta property=\"og:image:width\" content=\"600\" \/>\n\t<meta property=\"og:image:height\" content=\"800\" \/>\n\t<meta property=\"og:image:type\" content=\"image\/jpeg\" \/>\n<meta name=\"twitter:card\" content=\"summary_large_image\" \/>\n<meta name=\"twitter:label1\" content=\"Est. reading time\" \/>\n\t<meta name=\"twitter:data1\" content=\"1 minut\" \/>\n<script type=\"application\/ld+json\" class=\"yoast-schema-graph\">{\"@context\":\"https:\/\/schema.org\",\"@graph\":[{\"@type\":\"WebPage\",\"@id\":\"https:\/\/baubauwall.com\/et\/toode\/juicy-red-currants-smoothie-green-leaves-wallpaper\/\",\"url\":\"https:\/\/baubauwall.com\/et\/toode\/juicy-red-currants-smoothie-green-leaves-wallpaper\/\",\"name\":\"Juicy Red Currants and Green Leaves Design Wallpaper\",\"isPartOf\":{\"@id\":\"https:\/\/baubauwall.com\/et\/#website\"},\"primaryImageOfPage\":{\"@id\":\"https:\/\/baubauwall.com\/et\/toode\/juicy-red-currants-smoothie-green-leaves-wallpaper\/#primaryimage\"},\"image\":{\"@id\":\"https:\/\/baubauwall.com\/et\/toode\/juicy-red-currants-smoothie-green-leaves-wallpaper\/#primaryimage\"},\"thumbnailUrl\":\"https:\/\/baubauwall.com\/wp-content\/uploads\/2022\/02\/51100052_JuicyRedCurrantsGreenLeavesSmoothie-Pink_Baubauwall_Wallpaper_room6.jpg\",\"datePublished\":\"2022-02-07T13:42:43+00:00\",\"dateModified\":\"2023-05-11T08:35:57+00:00\",\"description\":\"Bespoke collection of wallpaper designs. Red currant berries on pink backdrop.Custom printed, cut as the size of your walls design wallpapers.\",\"breadcrumb\":{\"@id\":\"https:\/\/baubauwall.com\/et\/toode\/juicy-red-currants-smoothie-green-leaves-wallpaper\/#breadcrumb\"},\"inLanguage\":\"et\",\"potentialAction\":[{\"@type\":\"ReadAction\",\"target\":[\"https:\/\/baubauwall.com\/et\/toode\/juicy-red-currants-smoothie-green-leaves-wallpaper\/\"]}]},{\"@type\":\"ImageObject\",\"inLanguage\":\"et\",\"@id\":\"https:\/\/baubauwall.com\/et\/toode\/juicy-red-currants-smoothie-green-leaves-wallpaper\/#primaryimage\",\"url\":\"https:\/\/baubauwall.com\/wp-content\/uploads\/2022\/02\/51100052_JuicyRedCurrantsGreenLeavesSmoothie-Pink_Baubauwall_Wallpaper_room6.jpg\",\"contentUrl\":\"https:\/\/baubauwall.com\/wp-content\/uploads\/2022\/02\/51100052_JuicyRedCurrantsGreenLeavesSmoothie-Pink_Baubauwall_Wallpaper_room6.jpg\",\"width\":600,\"height\":800,\"caption\":\"kitchen pink wallpaper baubauwall\"},{\"@type\":\"BreadcrumbList\",\"@id\":\"https:\/\/baubauwall.com\/et\/toode\/juicy-red-currants-smoothie-green-leaves-wallpaper\/#breadcrumb\",\"itemListElement\":[{\"@type\":\"ListItem\",\"position\":1,\"name\":\"Koju\",\"item\":\"https:\/\/baubauwall.com\/et\/\"},{\"@type\":\"ListItem\",\"position\":2,\"name\":\"Tapeedid\",\"item\":\"https:\/\/baubauwall.com\/et\/tapeedid\/\"},{\"@type\":\"ListItem\",\"position\":3,\"name\":\"Punase s\u00f5stra smuuti &#8211; roosa\"}]},{\"@type\":\"WebSite\",\"@id\":\"https:\/\/baubauwall.com\/et\/#website\",\"url\":\"https:\/\/baubauwall.com\/et\/\",\"name\":\"BAUBAUWALL Wallpapers\",\"description\":\"Valmis paanides tapeet Eestist!\",\"publisher\":{\"@id\":\"https:\/\/baubauwall.com\/et\/#organization\"},\"potentialAction\":[{\"@type\":\"SearchAction\",\"target\":{\"@type\":\"EntryPoint\",\"urlTemplate\":\"https:\/\/baubauwall.com\/et\/?s={search_term_string}\"},\"query-input\":{\"@type\":\"PropertyValueSpecification\",\"valueRequired\":true,\"valueName\":\"search_term_string\"}}],\"inLanguage\":\"et\"},{\"@type\":\"Organization\",\"@id\":\"https:\/\/baubauwall.com\/et\/#organization\",\"name\":\"BAUBAUWALL Wallpapers\",\"url\":\"https:\/\/baubauwall.com\/et\/\",\"logo\":{\"@type\":\"ImageObject\",\"inLanguage\":\"et\",\"@id\":\"https:\/\/baubauwall.com\/et\/#\/schema\/logo\/image\/\",\"url\":\"https:\/\/baubauwall.com\/wp-content\/uploads\/2022\/03\/logo-horizontal.svg\",\"contentUrl\":\"https:\/\/baubauwall.com\/wp-content\/uploads\/2022\/03\/logo-horizontal.svg\",\"width\":\"1024\",\"height\":\"1024\",\"caption\":\"BAUBAUWALL Wallpapers\"},\"image\":{\"@id\":\"https:\/\/baubauwall.com\/et\/#\/schema\/logo\/image\/\"},\"sameAs\":[\"https:\/\/www.facebook.com\/Baubauwall\",\"https:\/\/www.instagram.com\/baubauwall\"]}]}<\/script>\n<!-- \/ Yoast SEO plugin. -->","yoast_head_json":{"title":"Juicy Red Currants and Green Leaves Design Wallpaper","description":"Bespoke collection of wallpaper designs. Red currant berries on pink backdrop.Custom printed, cut as the size of your walls design wallpapers.","robots":{"index":"index","follow":"follow","max-snippet":"max-snippet:-1","max-image-preview":"max-image-preview:large","max-video-preview":"max-video-preview:-1"},"canonical":"https:\/\/baubauwall.com\/et\/toode\/juicy-red-currants-smoothie-green-leaves-wallpaper\/","og_locale":"et_EE","og_type":"article","og_title":"Juicy Red Currants and Green Leaves Design Wallpaper","og_description":"Bespoke collection of wallpaper designs. Red currant berries on pink backdrop.Custom printed, cut as the size of your walls design wallpapers.","og_url":"https:\/\/baubauwall.com\/et\/toode\/juicy-red-currants-smoothie-green-leaves-wallpaper\/","og_site_name":"BAUBAUWALL TAPEEDID","article_publisher":"https:\/\/www.facebook.com\/Baubauwall","article_modified_time":"2023-05-11T08:35:57+00:00","og_image":[{"width":600,"height":800,"url":"https:\/\/baubauwall.com\/wp-content\/uploads\/2022\/02\/51100052_JuicyRedCurrantsGreenLeavesSmoothie-Pink_Baubauwall_Wallpaper_room6.jpg","type":"image\/jpeg"}],"twitter_card":"summary_large_image","twitter_misc":{"Est. reading time":"1 minut"},"schema":{"@context":"https:\/\/schema.org","@graph":[{"@type":"WebPage","@id":"https:\/\/baubauwall.com\/et\/toode\/juicy-red-currants-smoothie-green-leaves-wallpaper\/","url":"https:\/\/baubauwall.com\/et\/toode\/juicy-red-currants-smoothie-green-leaves-wallpaper\/","name":"Juicy Red Currants and Green Leaves Design Wallpaper","isPartOf":{"@id":"https:\/\/baubauwall.com\/et\/#website"},"primaryImageOfPage":{"@id":"https:\/\/baubauwall.com\/et\/toode\/juicy-red-currants-smoothie-green-leaves-wallpaper\/#primaryimage"},"image":{"@id":"https:\/\/baubauwall.com\/et\/toode\/juicy-red-currants-smoothie-green-leaves-wallpaper\/#primaryimage"},"thumbnailUrl":"https:\/\/baubauwall.com\/wp-content\/uploads\/2022\/02\/51100052_JuicyRedCurrantsGreenLeavesSmoothie-Pink_Baubauwall_Wallpaper_room6.jpg","datePublished":"2022-02-07T13:42:43+00:00","dateModified":"2023-05-11T08:35:57+00:00","description":"Bespoke collection of wallpaper designs. Red currant berries on pink backdrop.Custom printed, cut as the size of your walls design wallpapers.","breadcrumb":{"@id":"https:\/\/baubauwall.com\/et\/toode\/juicy-red-currants-smoothie-green-leaves-wallpaper\/#breadcrumb"},"inLanguage":"et","potentialAction":[{"@type":"ReadAction","target":["https:\/\/baubauwall.com\/et\/toode\/juicy-red-currants-smoothie-green-leaves-wallpaper\/"]}]},{"@type":"ImageObject","inLanguage":"et","@id":"https:\/\/baubauwall.com\/et\/toode\/juicy-red-currants-smoothie-green-leaves-wallpaper\/#primaryimage","url":"https:\/\/baubauwall.com\/wp-content\/uploads\/2022\/02\/51100052_JuicyRedCurrantsGreenLeavesSmoothie-Pink_Baubauwall_Wallpaper_room6.jpg","contentUrl":"https:\/\/baubauwall.com\/wp-content\/uploads\/2022\/02\/51100052_JuicyRedCurrantsGreenLeavesSmoothie-Pink_Baubauwall_Wallpaper_room6.jpg","width":600,"height":800,"caption":"kitchen pink wallpaper baubauwall"},{"@type":"BreadcrumbList","@id":"https:\/\/baubauwall.com\/et\/toode\/juicy-red-currants-smoothie-green-leaves-wallpaper\/#breadcrumb","itemListElement":[{"@type":"ListItem","position":1,"name":"Koju","item":"https:\/\/baubauwall.com\/et\/"},{"@type":"ListItem","position":2,"name":"Tapeedid","item":"https:\/\/baubauwall.com\/et\/tapeedid\/"},{"@type":"ListItem","position":3,"name":"Punase s\u00f5stra smuuti &#8211; roosa"}]},{"@type":"WebSite","@id":"https:\/\/baubauwall.com\/et\/#website","url":"https:\/\/baubauwall.com\/et\/","name":"BAUBAUWALL Wallpapers","description":"Valmis paanides tapeet Eestist!","publisher":{"@id":"https:\/\/baubauwall.com\/et\/#organization"},"potentialAction":[{"@type":"SearchAction","target":{"@type":"EntryPoint","urlTemplate":"https:\/\/baubauwall.com\/et\/?s={search_term_string}"},"query-input":{"@type":"PropertyValueSpecification","valueRequired":true,"valueName":"search_term_string"}}],"inLanguage":"et"},{"@type":"Organization","@id":"https:\/\/baubauwall.com\/et\/#organization","name":"BAUBAUWALL Wallpapers","url":"https:\/\/baubauwall.com\/et\/","logo":{"@type":"ImageObject","inLanguage":"et","@id":"https:\/\/baubauwall.com\/et\/#\/schema\/logo\/image\/","url":"https:\/\/baubauwall.com\/wp-content\/uploads\/2022\/03\/logo-horizontal.svg","contentUrl":"https:\/\/baubauwall.com\/wp-content\/uploads\/2022\/03\/logo-horizontal.svg","width":"1024","height":"1024","caption":"BAUBAUWALL Wallpapers"},"image":{"@id":"https:\/\/baubauwall.com\/et\/#\/schema\/logo\/image\/"},"sameAs":["https:\/\/www.facebook.com\/Baubauwall","https:\/\/www.instagram.com\/baubauwall"]}]}},"jetpack_sharing_enabled":true,"_links":{"self":[{"href":"https:\/\/baubauwall.com\/et\/wp-json\/wp\/v2\/product\/5521","targetHints":{"allow":["GET"]}}],"collection":[{"href":"https:\/\/baubauwall.com\/et\/wp-json\/wp\/v2\/product"}],"about":[{"href":"https:\/\/baubauwall.com\/et\/wp-json\/wp\/v2\/types\/product"}],"replies":[{"embeddable":true,"href":"https:\/\/baubauwall.com\/et\/wp-json\/wp\/v2\/comments?post=5521"}],"wp:featuredmedia":[{"embeddable":true,"href":"https:\/\/baubauwall.com\/et\/wp-json\/wp\/v2\/media\/7750"}],"wp:attachment":[{"href":"https:\/\/baubauwall.com\/et\/wp-json\/wp\/v2\/media?parent=5521"}],"wp:term":[{"taxonomy":"product_brand","embeddable":true,"href":"https:\/\/baubauwall.com\/et\/wp-json\/wp\/v2\/product_brand?post=5521"},{"taxonomy":"product_cat","embeddable":true,"href":"https:\/\/baubauwall.com\/et\/wp-json\/wp\/v2\/product_cat?post=5521"},{"taxonomy":"product_tag","embeddable":true,"href":"https:\/\/baubauwall.com\/et\/wp-json\/wp\/v2\/product_tag?post=5521"}],"curies":[{"name":"wp","href":"https:\/\/api.w.org\/{rel}","templated":true}]}}