{"id":5525,"date":"2022-02-22T08:20:29","date_gmt":"2022-02-22T06:20:29","guid":{"rendered":"https:\/\/baubauwall.com\/product\/aromatic-flower-garden-wallpaper\/"},"modified":"2024-08-06T12:34:02","modified_gmt":"2024-08-06T10:34:02","slug":"aromatic-flower-garden-wallpaper","status":"publish","type":"product","link":"https:\/\/baubauwall.com\/et\/toode\/aromatic-flower-garden-wallpaper\/","title":{"rendered":"Aromaatne lilleaed"},"content":{"rendered":"<p>Tee oma toale totaalne lilleline muutumine lilledest inspireeritud tapeediga. Sellel peenel tapeedimustril on elevandiluuvalgel taustal peened roosad moonid ja \u00f5itsvad karikakrad \u2013 too suvelilled ja- aroomid tuppa! Lillemustrilised tapeedid sobivad kodus t\u00f5esti igasse tuppa vannitoast magamistoani. Taimede ja lillede liit tapeedimustril toob aga lilleaia siseruumidesse ning l\u00f6\u00f6b interj\u00f6\u00f6ri kevadiselt v\u00e4rskelt s\u00e4rama.<\/p>\n","protected":false},"excerpt":{"rendered":"<p>Tee oma toale totaalne lilleline muutumine lilledest inspireeritud tapeediga. Sellel peenel tapeedimustril on elevandiluuvalgel taustal peened roosad moonid ja \u00f5itsvad karikakrad \u2013 too suvelilled ja- aroomid tuppa! Lillemustrilised tapeedid sobivad kodus t\u00f5esti igasse tuppa vannitoast magamistoani. Taimede ja lillede liit tapeedimustril toob aga lilleaia siseruumidesse ning l\u00f6\u00f6b interj\u00f6\u00f6ri kevadiselt v\u00e4rskelt s\u00e4rama.<\/p>\n","protected":false},"featured_media":2760,"comment_status":"open","ping_status":"closed","template":"","meta":{"_acf_changed":false,"inline_featured_image":false},"product_brand":[],"product_cat":[386,395,406,396,264,273,413,414,415,416,399,401,402,412,254,260,561],"product_tag":[563],"class_list":{"0":"post-5525","1":"product","2":"type-product","3":"status-publish","4":"has-post-thumbnail","6":"product_cat-kordusmustriga-tapeedid","7":"product_cat-romantiline","8":"product_cat-klassika","9":"product_cat-skandinaavia","10":"product_cat-varv","11":"product_cat-heledad-tapeedid","12":"product_cat-magamistoa-tapeedid","13":"product_cat-soogitoa-tapeedid","14":"product_cat-kulalistetoa-tapeedid","15":"product_cat-esiku-tapeedid","16":"product_cat-kodukontori-tapeedid","17":"product_cat-koogi-tapeedid","18":"product_cat-elutoa-tapeedid","19":"product_cat-vannitoa-tapeedid","20":"product_cat-loodus","21":"product_cat-lilled","22":"product_cat-suvised-tapeedid","23":"product_tag-biofiilia-stiil","24":"pa_designedby-baubauwall","26":"first","27":"instock","28":"taxable","29":"shipping-taxable","30":"purchasable","31":"product-type-simple"},"acf":[],"yoast_head":"<!-- This site is optimized with the Yoast SEO plugin v25.9 - https:\/\/yoast.com\/wordpress\/plugins\/seo\/ -->\n<title>Aromaatne lilleaed - romantilise stiilis tapeet lilledega<\/title>\n<meta name=\"description\" content=\"Tapeet nagu l\u00f5hnab lillead! Valgel taustal imeilusad lilled. Tapeet, mis sobib maamajja kui mujale. Ajatu ja elegantne disain.\" \/>\n<meta name=\"robots\" content=\"index, follow, max-snippet:-1, max-image-preview:large, max-video-preview:-1\" \/>\n<link rel=\"canonical\" href=\"https:\/\/baubauwall.com\/et\/toode\/aromatic-flower-garden-wallpaper\/\" \/>\n<meta property=\"og:locale\" content=\"et_EE\" \/>\n<meta property=\"og:type\" content=\"article\" \/>\n<meta property=\"og:title\" content=\"Aromaatne lilleaed - romantilise stiilis tapeet lilledega\" \/>\n<meta property=\"og:description\" content=\"Tapeet nagu l\u00f5hnab lillead! Valgel taustal imeilusad lilled. Tapeet, mis sobib maamajja kui mujale. Ajatu ja elegantne disain.\" \/>\n<meta property=\"og:url\" content=\"https:\/\/baubauwall.com\/et\/toode\/aromatic-flower-garden-wallpaper\/\" \/>\n<meta property=\"og:site_name\" content=\"BAUBAUWALL TAPEEDID\" \/>\n<meta property=\"article:publisher\" content=\"https:\/\/www.facebook.com\/Baubauwall\" \/>\n<meta property=\"article:modified_time\" content=\"2024-08-06T10:34:02+00:00\" \/>\n<meta property=\"og:image\" content=\"https:\/\/i0.wp.com\/baubauwall.com\/wp-content\/uploads\/2022\/02\/51100056_AromaticFlowerGarden_Baubauwall_Wallpaper_room2.png?fit=1400%2C800&ssl=1\" \/>\n\t<meta property=\"og:image:width\" content=\"1400\" \/>\n\t<meta property=\"og:image:height\" content=\"800\" \/>\n\t<meta property=\"og:image:type\" content=\"image\/png\" \/>\n<meta name=\"twitter:card\" content=\"summary_large_image\" \/>\n<meta name=\"twitter:label1\" content=\"Est. reading time\" \/>\n\t<meta name=\"twitter:data1\" content=\"1 minut\" \/>\n<script type=\"application\/ld+json\" class=\"yoast-schema-graph\">{\"@context\":\"https:\/\/schema.org\",\"@graph\":[{\"@type\":\"WebPage\",\"@id\":\"https:\/\/baubauwall.com\/et\/toode\/aromatic-flower-garden-wallpaper\/\",\"url\":\"https:\/\/baubauwall.com\/et\/toode\/aromatic-flower-garden-wallpaper\/\",\"name\":\"Aromaatne lilleaed - romantilise stiilis tapeet lilledega\",\"isPartOf\":{\"@id\":\"https:\/\/baubauwall.com\/et\/#website\"},\"primaryImageOfPage\":{\"@id\":\"https:\/\/baubauwall.com\/et\/toode\/aromatic-flower-garden-wallpaper\/#primaryimage\"},\"image\":{\"@id\":\"https:\/\/baubauwall.com\/et\/toode\/aromatic-flower-garden-wallpaper\/#primaryimage\"},\"thumbnailUrl\":\"https:\/\/baubauwall.com\/wp-content\/uploads\/2022\/02\/51100056_AromaticFlowerGarden_Baubauwall_Wallpaper_room2.png\",\"datePublished\":\"2022-02-22T06:20:29+00:00\",\"dateModified\":\"2024-08-06T10:34:02+00:00\",\"description\":\"Tapeet nagu l\u00f5hnab lillead! Valgel taustal imeilusad lilled. Tapeet, mis sobib maamajja kui mujale. Ajatu ja elegantne disain.\",\"breadcrumb\":{\"@id\":\"https:\/\/baubauwall.com\/et\/toode\/aromatic-flower-garden-wallpaper\/#breadcrumb\"},\"inLanguage\":\"et\",\"potentialAction\":[{\"@type\":\"ReadAction\",\"target\":[\"https:\/\/baubauwall.com\/et\/toode\/aromatic-flower-garden-wallpaper\/\"]}]},{\"@type\":\"ImageObject\",\"inLanguage\":\"et\",\"@id\":\"https:\/\/baubauwall.com\/et\/toode\/aromatic-flower-garden-wallpaper\/#primaryimage\",\"url\":\"https:\/\/baubauwall.com\/wp-content\/uploads\/2022\/02\/51100056_AromaticFlowerGarden_Baubauwall_Wallpaper_room2.png\",\"contentUrl\":\"https:\/\/baubauwall.com\/wp-content\/uploads\/2022\/02\/51100056_AromaticFlowerGarden_Baubauwall_Wallpaper_room2.png\",\"width\":1400,\"height\":800},{\"@type\":\"BreadcrumbList\",\"@id\":\"https:\/\/baubauwall.com\/et\/toode\/aromatic-flower-garden-wallpaper\/#breadcrumb\",\"itemListElement\":[{\"@type\":\"ListItem\",\"position\":1,\"name\":\"Koju\",\"item\":\"https:\/\/baubauwall.com\/et\/\"},{\"@type\":\"ListItem\",\"position\":2,\"name\":\"Tapeedid\",\"item\":\"https:\/\/baubauwall.com\/et\/tapeedid\/\"},{\"@type\":\"ListItem\",\"position\":3,\"name\":\"Aromaatne lilleaed\"}]},{\"@type\":\"WebSite\",\"@id\":\"https:\/\/baubauwall.com\/et\/#website\",\"url\":\"https:\/\/baubauwall.com\/et\/\",\"name\":\"BAUBAUWALL Wallpapers\",\"description\":\"Valmis paanides tapeet Eestist!\",\"publisher\":{\"@id\":\"https:\/\/baubauwall.com\/et\/#organization\"},\"potentialAction\":[{\"@type\":\"SearchAction\",\"target\":{\"@type\":\"EntryPoint\",\"urlTemplate\":\"https:\/\/baubauwall.com\/et\/?s={search_term_string}\"},\"query-input\":{\"@type\":\"PropertyValueSpecification\",\"valueRequired\":true,\"valueName\":\"search_term_string\"}}],\"inLanguage\":\"et\"},{\"@type\":\"Organization\",\"@id\":\"https:\/\/baubauwall.com\/et\/#organization\",\"name\":\"BAUBAUWALL Wallpapers\",\"url\":\"https:\/\/baubauwall.com\/et\/\",\"logo\":{\"@type\":\"ImageObject\",\"inLanguage\":\"et\",\"@id\":\"https:\/\/baubauwall.com\/et\/#\/schema\/logo\/image\/\",\"url\":\"https:\/\/baubauwall.com\/wp-content\/uploads\/2022\/03\/logo-horizontal.svg\",\"contentUrl\":\"https:\/\/baubauwall.com\/wp-content\/uploads\/2022\/03\/logo-horizontal.svg\",\"width\":\"1024\",\"height\":\"1024\",\"caption\":\"BAUBAUWALL Wallpapers\"},\"image\":{\"@id\":\"https:\/\/baubauwall.com\/et\/#\/schema\/logo\/image\/\"},\"sameAs\":[\"https:\/\/www.facebook.com\/Baubauwall\",\"https:\/\/www.instagram.com\/baubauwall\"]}]}<\/script>\n<!-- \/ Yoast SEO plugin. -->","yoast_head_json":{"title":"Aromaatne lilleaed - romantilise stiilis tapeet lilledega","description":"Tapeet nagu l\u00f5hnab lillead! Valgel taustal imeilusad lilled. Tapeet, mis sobib maamajja kui mujale. Ajatu ja elegantne disain.","robots":{"index":"index","follow":"follow","max-snippet":"max-snippet:-1","max-image-preview":"max-image-preview:large","max-video-preview":"max-video-preview:-1"},"canonical":"https:\/\/baubauwall.com\/et\/toode\/aromatic-flower-garden-wallpaper\/","og_locale":"et_EE","og_type":"article","og_title":"Aromaatne lilleaed - romantilise stiilis tapeet lilledega","og_description":"Tapeet nagu l\u00f5hnab lillead! Valgel taustal imeilusad lilled. Tapeet, mis sobib maamajja kui mujale. Ajatu ja elegantne disain.","og_url":"https:\/\/baubauwall.com\/et\/toode\/aromatic-flower-garden-wallpaper\/","og_site_name":"BAUBAUWALL TAPEEDID","article_publisher":"https:\/\/www.facebook.com\/Baubauwall","article_modified_time":"2024-08-06T10:34:02+00:00","og_image":[{"width":1400,"height":800,"url":"https:\/\/i0.wp.com\/baubauwall.com\/wp-content\/uploads\/2022\/02\/51100056_AromaticFlowerGarden_Baubauwall_Wallpaper_room2.png?fit=1400%2C800&ssl=1","type":"image\/png"}],"twitter_card":"summary_large_image","twitter_misc":{"Est. reading time":"1 minut"},"schema":{"@context":"https:\/\/schema.org","@graph":[{"@type":"WebPage","@id":"https:\/\/baubauwall.com\/et\/toode\/aromatic-flower-garden-wallpaper\/","url":"https:\/\/baubauwall.com\/et\/toode\/aromatic-flower-garden-wallpaper\/","name":"Aromaatne lilleaed - romantilise stiilis tapeet lilledega","isPartOf":{"@id":"https:\/\/baubauwall.com\/et\/#website"},"primaryImageOfPage":{"@id":"https:\/\/baubauwall.com\/et\/toode\/aromatic-flower-garden-wallpaper\/#primaryimage"},"image":{"@id":"https:\/\/baubauwall.com\/et\/toode\/aromatic-flower-garden-wallpaper\/#primaryimage"},"thumbnailUrl":"https:\/\/baubauwall.com\/wp-content\/uploads\/2022\/02\/51100056_AromaticFlowerGarden_Baubauwall_Wallpaper_room2.png","datePublished":"2022-02-22T06:20:29+00:00","dateModified":"2024-08-06T10:34:02+00:00","description":"Tapeet nagu l\u00f5hnab lillead! Valgel taustal imeilusad lilled. Tapeet, mis sobib maamajja kui mujale. Ajatu ja elegantne disain.","breadcrumb":{"@id":"https:\/\/baubauwall.com\/et\/toode\/aromatic-flower-garden-wallpaper\/#breadcrumb"},"inLanguage":"et","potentialAction":[{"@type":"ReadAction","target":["https:\/\/baubauwall.com\/et\/toode\/aromatic-flower-garden-wallpaper\/"]}]},{"@type":"ImageObject","inLanguage":"et","@id":"https:\/\/baubauwall.com\/et\/toode\/aromatic-flower-garden-wallpaper\/#primaryimage","url":"https:\/\/baubauwall.com\/wp-content\/uploads\/2022\/02\/51100056_AromaticFlowerGarden_Baubauwall_Wallpaper_room2.png","contentUrl":"https:\/\/baubauwall.com\/wp-content\/uploads\/2022\/02\/51100056_AromaticFlowerGarden_Baubauwall_Wallpaper_room2.png","width":1400,"height":800},{"@type":"BreadcrumbList","@id":"https:\/\/baubauwall.com\/et\/toode\/aromatic-flower-garden-wallpaper\/#breadcrumb","itemListElement":[{"@type":"ListItem","position":1,"name":"Koju","item":"https:\/\/baubauwall.com\/et\/"},{"@type":"ListItem","position":2,"name":"Tapeedid","item":"https:\/\/baubauwall.com\/et\/tapeedid\/"},{"@type":"ListItem","position":3,"name":"Aromaatne lilleaed"}]},{"@type":"WebSite","@id":"https:\/\/baubauwall.com\/et\/#website","url":"https:\/\/baubauwall.com\/et\/","name":"BAUBAUWALL Wallpapers","description":"Valmis paanides tapeet Eestist!","publisher":{"@id":"https:\/\/baubauwall.com\/et\/#organization"},"potentialAction":[{"@type":"SearchAction","target":{"@type":"EntryPoint","urlTemplate":"https:\/\/baubauwall.com\/et\/?s={search_term_string}"},"query-input":{"@type":"PropertyValueSpecification","valueRequired":true,"valueName":"search_term_string"}}],"inLanguage":"et"},{"@type":"Organization","@id":"https:\/\/baubauwall.com\/et\/#organization","name":"BAUBAUWALL Wallpapers","url":"https:\/\/baubauwall.com\/et\/","logo":{"@type":"ImageObject","inLanguage":"et","@id":"https:\/\/baubauwall.com\/et\/#\/schema\/logo\/image\/","url":"https:\/\/baubauwall.com\/wp-content\/uploads\/2022\/03\/logo-horizontal.svg","contentUrl":"https:\/\/baubauwall.com\/wp-content\/uploads\/2022\/03\/logo-horizontal.svg","width":"1024","height":"1024","caption":"BAUBAUWALL Wallpapers"},"image":{"@id":"https:\/\/baubauwall.com\/et\/#\/schema\/logo\/image\/"},"sameAs":["https:\/\/www.facebook.com\/Baubauwall","https:\/\/www.instagram.com\/baubauwall"]}]}},"jetpack_sharing_enabled":true,"_links":{"self":[{"href":"https:\/\/baubauwall.com\/et\/wp-json\/wp\/v2\/product\/5525","targetHints":{"allow":["GET"]}}],"collection":[{"href":"https:\/\/baubauwall.com\/et\/wp-json\/wp\/v2\/product"}],"about":[{"href":"https:\/\/baubauwall.com\/et\/wp-json\/wp\/v2\/types\/product"}],"replies":[{"embeddable":true,"href":"https:\/\/baubauwall.com\/et\/wp-json\/wp\/v2\/comments?post=5525"}],"wp:featuredmedia":[{"embeddable":true,"href":"https:\/\/baubauwall.com\/et\/wp-json\/wp\/v2\/media\/2760"}],"wp:attachment":[{"href":"https:\/\/baubauwall.com\/et\/wp-json\/wp\/v2\/media?parent=5525"}],"wp:term":[{"taxonomy":"product_brand","embeddable":true,"href":"https:\/\/baubauwall.com\/et\/wp-json\/wp\/v2\/product_brand?post=5525"},{"taxonomy":"product_cat","embeddable":true,"href":"https:\/\/baubauwall.com\/et\/wp-json\/wp\/v2\/product_cat?post=5525"},{"taxonomy":"product_tag","embeddable":true,"href":"https:\/\/baubauwall.com\/et\/wp-json\/wp\/v2\/product_tag?post=5525"}],"curies":[{"name":"wp","href":"https:\/\/api.w.org\/{rel}","templated":true}]}}