{"id":5526,"date":"2022-02-09T13:40:27","date_gmt":"2022-02-09T11:40:27","guid":{"rendered":"https:\/\/baubauwall.com\/product\/pastel-flower-garden-wallpaper\/"},"modified":"2025-08-14T11:51:15","modified_gmt":"2025-08-14T09:51:15","slug":"tapeet-pastelne-lilleaed","status":"publish","type":"product","link":"https:\/\/baubauwall.com\/et\/toode\/tapeet-pastelne-lilleaed\/","title":{"rendered":"Pastelne lilleaed"},"content":{"rendered":"<p>Elegantne ja klassikaline lillemustriline tapeet. Korralda oma toale totaalne lilleline muutumine loodusest inspireeritud tagasihoidliku tapeediga. Sellel \u00f5rnal tapeedimustril on elevandiluuvalgel taustal peened roosad moonid ja \u00f5itsvad karikakrad \u2013 too suvelilled ja -aroomid tuppa!\u00a0 Taimede ja lillede liit tapeedimustril toob aia siseruumidesse ning l\u00f6\u00f6b interj\u00f6\u00f6ri kevadiselt v\u00e4rskelt s\u00e4rama.<\/p>\n<p><strong>Miks osta tapeet siit? Me teeme tapeetimise lihtsaks ja inspireerivaks.<\/strong><\/p>\n<ul>\n<li><strong>Eesti ettev\u00f5te, Eesti disain<\/strong><\/li>\n<li><strong>Nummerdatud tapeedipaanid lihtsaks tapeetimiseks<\/strong><\/li>\n<li><strong>Just nii pikad tapeedipaanid, kui on Sinu sein &#8211;<a href=\"https:\/\/baubauwall.com\/et\/kuidas-see-tootab\/\" target=\"_blank\" rel=\"noopener\"> vaata siit, kuidas see t\u00f6\u00f6tab<\/a>!<\/strong><\/li>\n<li><strong>Premium, matt fliistapeedi materjal<\/strong><\/li>\n<li><strong>M\u00fcrgivabad tr\u00fckiv\u00e4rvid, Greenguard sertifitseeritud<\/strong><\/li>\n<li><strong>Keskkonnas\u00f5bralik, j\u00e4\u00e4tmevaba tapeetimine<\/strong><\/li>\n<li><strong>Tasuta tapeediliim<\/strong><\/li>\n<li><strong>Tasuta transport ja kiire tarne 5 t\u00f6\u00f6p\u00e4evaga<\/strong><\/li>\n<\/ul>\n","protected":false},"excerpt":{"rendered":"<p>Elegantne ja klassikaline lillemustriline tapeet. Korralda oma toale totaalne lilleline muutumine loodusest inspireeritud tagasihoidliku tapeediga. Sellel \u00f5rnal tapeedimustril on elevandiluuvalgel taustal peened roosad moonid ja \u00f5itsvad karikakrad \u2013 too suvelilled ja -aroomid tuppa!\u00a0 Taimede ja lillede liit tapeedimustril toob aia siseruumidesse ning l\u00f6\u00f6b interj\u00f6\u00f6ri kevadiselt v\u00e4rskelt s\u00e4rama. Miks osta tapeet siit? Me teeme tapeetimise lihtsaks [&hellip;]<\/p>\n","protected":false},"featured_media":7846,"comment_status":"open","ping_status":"closed","template":"","meta":{"_acf_changed":false,"inline_featured_image":false},"product_brand":[],"product_cat":[386,395,406,396,273,276,413,400,414,415,416,399,401,402,412,260,561],"product_tag":[],"class_list":{"0":"post-5526","1":"product","2":"type-product","3":"status-publish","4":"has-post-thumbnail","6":"product_cat-kordusmustriga-tapeedid","7":"product_cat-romantiline","8":"product_cat-klassika","9":"product_cat-skandinaavia","10":"product_cat-heledad-tapeedid","11":"product_cat-pastelsed-tapeedid","12":"product_cat-magamistoa-tapeedid","13":"product_cat-lastetoa-tapeedid","14":"product_cat-soogitoa-tapeedid","15":"product_cat-kulalistetoa-tapeedid","16":"product_cat-esiku-tapeedid","17":"product_cat-kodukontori-tapeedid","18":"product_cat-koogi-tapeedid","19":"product_cat-elutoa-tapeedid","20":"product_cat-vannitoa-tapeedid","21":"product_cat-lilled","22":"product_cat-suvised-tapeedid","23":"pa_designedby-baubauwall","25":"first","26":"instock","27":"taxable","28":"shipping-taxable","29":"purchasable","30":"product-type-simple"},"acf":[],"yoast_head":"<!-- This site is optimized with the Yoast SEO plugin v25.9 - https:\/\/yoast.com\/wordpress\/plugins\/seo\/ -->\n<title>Lilleline tapeet Pastelne lilleaed. Sinu seina m\u00f5\u00f5tu tapeedid<\/title>\n<meta name=\"description\" content=\"Pastelne, rahulik lilleline tapeet, mis sobib erinevatesse tubadesse ja interj\u00f6\u00f6ridesse. Tapeedidisain, mis laseb muul sisustusel s\u00e4rada.\" \/>\n<meta name=\"robots\" content=\"index, follow, max-snippet:-1, max-image-preview:large, max-video-preview:-1\" \/>\n<link rel=\"canonical\" href=\"https:\/\/baubauwall.com\/et\/toode\/tapeet-pastelne-lilleaed\/\" \/>\n<meta property=\"og:locale\" content=\"et_EE\" \/>\n<meta property=\"og:type\" content=\"article\" \/>\n<meta property=\"og:title\" content=\"Lilleline tapeet Pastelne lilleaed. Sinu seina m\u00f5\u00f5tu tapeedid\" \/>\n<meta property=\"og:description\" content=\"Pastelne, rahulik lilleline tapeet, mis sobib erinevatesse tubadesse ja interj\u00f6\u00f6ridesse. Tapeedidisain, mis laseb muul sisustusel s\u00e4rada.\" \/>\n<meta property=\"og:url\" content=\"https:\/\/baubauwall.com\/et\/toode\/tapeet-pastelne-lilleaed\/\" \/>\n<meta property=\"og:site_name\" content=\"BAUBAUWALL TAPEEDID\" \/>\n<meta property=\"article:publisher\" content=\"https:\/\/www.facebook.com\/Baubauwall\" \/>\n<meta property=\"article:modified_time\" content=\"2025-08-14T09:51:15+00:00\" \/>\n<meta property=\"og:image\" content=\"https:\/\/baubauwall.com\/wp-content\/uploads\/2022\/02\/51100057_FloraGarden_Baubauwall_Wallpaper_room4.jpg\" \/>\n\t<meta property=\"og:image:width\" content=\"1199\" \/>\n\t<meta property=\"og:image:height\" content=\"800\" \/>\n\t<meta property=\"og:image:type\" content=\"image\/jpeg\" \/>\n<meta name=\"twitter:card\" content=\"summary_large_image\" \/>\n<meta name=\"twitter:label1\" content=\"Est. reading time\" \/>\n\t<meta name=\"twitter:data1\" content=\"1 minut\" \/>\n<script type=\"application\/ld+json\" class=\"yoast-schema-graph\">{\"@context\":\"https:\/\/schema.org\",\"@graph\":[{\"@type\":\"WebPage\",\"@id\":\"https:\/\/baubauwall.com\/et\/toode\/tapeet-pastelne-lilleaed\/\",\"url\":\"https:\/\/baubauwall.com\/et\/toode\/tapeet-pastelne-lilleaed\/\",\"name\":\"Lilleline tapeet Pastelne lilleaed. Sinu seina m\u00f5\u00f5tu tapeedid\",\"isPartOf\":{\"@id\":\"https:\/\/baubauwall.com\/et\/#website\"},\"primaryImageOfPage\":{\"@id\":\"https:\/\/baubauwall.com\/et\/toode\/tapeet-pastelne-lilleaed\/#primaryimage\"},\"image\":{\"@id\":\"https:\/\/baubauwall.com\/et\/toode\/tapeet-pastelne-lilleaed\/#primaryimage\"},\"thumbnailUrl\":\"https:\/\/baubauwall.com\/wp-content\/uploads\/2022\/02\/51100057_FloraGarden_Baubauwall_Wallpaper_room4.jpg\",\"datePublished\":\"2022-02-09T11:40:27+00:00\",\"dateModified\":\"2025-08-14T09:51:15+00:00\",\"description\":\"Pastelne, rahulik lilleline tapeet, mis sobib erinevatesse tubadesse ja interj\u00f6\u00f6ridesse. Tapeedidisain, mis laseb muul sisustusel s\u00e4rada.\",\"breadcrumb\":{\"@id\":\"https:\/\/baubauwall.com\/et\/toode\/tapeet-pastelne-lilleaed\/#breadcrumb\"},\"inLanguage\":\"et\",\"potentialAction\":[{\"@type\":\"ReadAction\",\"target\":[\"https:\/\/baubauwall.com\/et\/toode\/tapeet-pastelne-lilleaed\/\"]}]},{\"@type\":\"ImageObject\",\"inLanguage\":\"et\",\"@id\":\"https:\/\/baubauwall.com\/et\/toode\/tapeet-pastelne-lilleaed\/#primaryimage\",\"url\":\"https:\/\/baubauwall.com\/wp-content\/uploads\/2022\/02\/51100057_FloraGarden_Baubauwall_Wallpaper_room4.jpg\",\"contentUrl\":\"https:\/\/baubauwall.com\/wp-content\/uploads\/2022\/02\/51100057_FloraGarden_Baubauwall_Wallpaper_room4.jpg\",\"width\":1199,\"height\":800},{\"@type\":\"BreadcrumbList\",\"@id\":\"https:\/\/baubauwall.com\/et\/toode\/tapeet-pastelne-lilleaed\/#breadcrumb\",\"itemListElement\":[{\"@type\":\"ListItem\",\"position\":1,\"name\":\"Koju\",\"item\":\"https:\/\/baubauwall.com\/et\/\"},{\"@type\":\"ListItem\",\"position\":2,\"name\":\"Tapeedid\",\"item\":\"https:\/\/baubauwall.com\/et\/tapeedid\/\"},{\"@type\":\"ListItem\",\"position\":3,\"name\":\"Pastelne lilleaed\"}]},{\"@type\":\"WebSite\",\"@id\":\"https:\/\/baubauwall.com\/et\/#website\",\"url\":\"https:\/\/baubauwall.com\/et\/\",\"name\":\"BAUBAUWALL Wallpapers\",\"description\":\"Valmis paanides tapeet Eestist!\",\"publisher\":{\"@id\":\"https:\/\/baubauwall.com\/et\/#organization\"},\"potentialAction\":[{\"@type\":\"SearchAction\",\"target\":{\"@type\":\"EntryPoint\",\"urlTemplate\":\"https:\/\/baubauwall.com\/et\/?s={search_term_string}\"},\"query-input\":{\"@type\":\"PropertyValueSpecification\",\"valueRequired\":true,\"valueName\":\"search_term_string\"}}],\"inLanguage\":\"et\"},{\"@type\":\"Organization\",\"@id\":\"https:\/\/baubauwall.com\/et\/#organization\",\"name\":\"BAUBAUWALL Wallpapers\",\"url\":\"https:\/\/baubauwall.com\/et\/\",\"logo\":{\"@type\":\"ImageObject\",\"inLanguage\":\"et\",\"@id\":\"https:\/\/baubauwall.com\/et\/#\/schema\/logo\/image\/\",\"url\":\"https:\/\/baubauwall.com\/wp-content\/uploads\/2022\/03\/logo-horizontal.svg\",\"contentUrl\":\"https:\/\/baubauwall.com\/wp-content\/uploads\/2022\/03\/logo-horizontal.svg\",\"width\":\"1024\",\"height\":\"1024\",\"caption\":\"BAUBAUWALL Wallpapers\"},\"image\":{\"@id\":\"https:\/\/baubauwall.com\/et\/#\/schema\/logo\/image\/\"},\"sameAs\":[\"https:\/\/www.facebook.com\/Baubauwall\",\"https:\/\/www.instagram.com\/baubauwall\"]}]}<\/script>\n<!-- \/ Yoast SEO plugin. -->","yoast_head_json":{"title":"Lilleline tapeet Pastelne lilleaed. Sinu seina m\u00f5\u00f5tu tapeedid","description":"Pastelne, rahulik lilleline tapeet, mis sobib erinevatesse tubadesse ja interj\u00f6\u00f6ridesse. Tapeedidisain, mis laseb muul sisustusel s\u00e4rada.","robots":{"index":"index","follow":"follow","max-snippet":"max-snippet:-1","max-image-preview":"max-image-preview:large","max-video-preview":"max-video-preview:-1"},"canonical":"https:\/\/baubauwall.com\/et\/toode\/tapeet-pastelne-lilleaed\/","og_locale":"et_EE","og_type":"article","og_title":"Lilleline tapeet Pastelne lilleaed. Sinu seina m\u00f5\u00f5tu tapeedid","og_description":"Pastelne, rahulik lilleline tapeet, mis sobib erinevatesse tubadesse ja interj\u00f6\u00f6ridesse. Tapeedidisain, mis laseb muul sisustusel s\u00e4rada.","og_url":"https:\/\/baubauwall.com\/et\/toode\/tapeet-pastelne-lilleaed\/","og_site_name":"BAUBAUWALL TAPEEDID","article_publisher":"https:\/\/www.facebook.com\/Baubauwall","article_modified_time":"2025-08-14T09:51:15+00:00","og_image":[{"width":1199,"height":800,"url":"https:\/\/baubauwall.com\/wp-content\/uploads\/2022\/02\/51100057_FloraGarden_Baubauwall_Wallpaper_room4.jpg","type":"image\/jpeg"}],"twitter_card":"summary_large_image","twitter_misc":{"Est. reading time":"1 minut"},"schema":{"@context":"https:\/\/schema.org","@graph":[{"@type":"WebPage","@id":"https:\/\/baubauwall.com\/et\/toode\/tapeet-pastelne-lilleaed\/","url":"https:\/\/baubauwall.com\/et\/toode\/tapeet-pastelne-lilleaed\/","name":"Lilleline tapeet Pastelne lilleaed. Sinu seina m\u00f5\u00f5tu tapeedid","isPartOf":{"@id":"https:\/\/baubauwall.com\/et\/#website"},"primaryImageOfPage":{"@id":"https:\/\/baubauwall.com\/et\/toode\/tapeet-pastelne-lilleaed\/#primaryimage"},"image":{"@id":"https:\/\/baubauwall.com\/et\/toode\/tapeet-pastelne-lilleaed\/#primaryimage"},"thumbnailUrl":"https:\/\/baubauwall.com\/wp-content\/uploads\/2022\/02\/51100057_FloraGarden_Baubauwall_Wallpaper_room4.jpg","datePublished":"2022-02-09T11:40:27+00:00","dateModified":"2025-08-14T09:51:15+00:00","description":"Pastelne, rahulik lilleline tapeet, mis sobib erinevatesse tubadesse ja interj\u00f6\u00f6ridesse. Tapeedidisain, mis laseb muul sisustusel s\u00e4rada.","breadcrumb":{"@id":"https:\/\/baubauwall.com\/et\/toode\/tapeet-pastelne-lilleaed\/#breadcrumb"},"inLanguage":"et","potentialAction":[{"@type":"ReadAction","target":["https:\/\/baubauwall.com\/et\/toode\/tapeet-pastelne-lilleaed\/"]}]},{"@type":"ImageObject","inLanguage":"et","@id":"https:\/\/baubauwall.com\/et\/toode\/tapeet-pastelne-lilleaed\/#primaryimage","url":"https:\/\/baubauwall.com\/wp-content\/uploads\/2022\/02\/51100057_FloraGarden_Baubauwall_Wallpaper_room4.jpg","contentUrl":"https:\/\/baubauwall.com\/wp-content\/uploads\/2022\/02\/51100057_FloraGarden_Baubauwall_Wallpaper_room4.jpg","width":1199,"height":800},{"@type":"BreadcrumbList","@id":"https:\/\/baubauwall.com\/et\/toode\/tapeet-pastelne-lilleaed\/#breadcrumb","itemListElement":[{"@type":"ListItem","position":1,"name":"Koju","item":"https:\/\/baubauwall.com\/et\/"},{"@type":"ListItem","position":2,"name":"Tapeedid","item":"https:\/\/baubauwall.com\/et\/tapeedid\/"},{"@type":"ListItem","position":3,"name":"Pastelne lilleaed"}]},{"@type":"WebSite","@id":"https:\/\/baubauwall.com\/et\/#website","url":"https:\/\/baubauwall.com\/et\/","name":"BAUBAUWALL Wallpapers","description":"Valmis paanides tapeet Eestist!","publisher":{"@id":"https:\/\/baubauwall.com\/et\/#organization"},"potentialAction":[{"@type":"SearchAction","target":{"@type":"EntryPoint","urlTemplate":"https:\/\/baubauwall.com\/et\/?s={search_term_string}"},"query-input":{"@type":"PropertyValueSpecification","valueRequired":true,"valueName":"search_term_string"}}],"inLanguage":"et"},{"@type":"Organization","@id":"https:\/\/baubauwall.com\/et\/#organization","name":"BAUBAUWALL Wallpapers","url":"https:\/\/baubauwall.com\/et\/","logo":{"@type":"ImageObject","inLanguage":"et","@id":"https:\/\/baubauwall.com\/et\/#\/schema\/logo\/image\/","url":"https:\/\/baubauwall.com\/wp-content\/uploads\/2022\/03\/logo-horizontal.svg","contentUrl":"https:\/\/baubauwall.com\/wp-content\/uploads\/2022\/03\/logo-horizontal.svg","width":"1024","height":"1024","caption":"BAUBAUWALL Wallpapers"},"image":{"@id":"https:\/\/baubauwall.com\/et\/#\/schema\/logo\/image\/"},"sameAs":["https:\/\/www.facebook.com\/Baubauwall","https:\/\/www.instagram.com\/baubauwall"]}]}},"jetpack_sharing_enabled":true,"_links":{"self":[{"href":"https:\/\/baubauwall.com\/et\/wp-json\/wp\/v2\/product\/5526","targetHints":{"allow":["GET"]}}],"collection":[{"href":"https:\/\/baubauwall.com\/et\/wp-json\/wp\/v2\/product"}],"about":[{"href":"https:\/\/baubauwall.com\/et\/wp-json\/wp\/v2\/types\/product"}],"replies":[{"embeddable":true,"href":"https:\/\/baubauwall.com\/et\/wp-json\/wp\/v2\/comments?post=5526"}],"wp:featuredmedia":[{"embeddable":true,"href":"https:\/\/baubauwall.com\/et\/wp-json\/wp\/v2\/media\/7846"}],"wp:attachment":[{"href":"https:\/\/baubauwall.com\/et\/wp-json\/wp\/v2\/media?parent=5526"}],"wp:term":[{"taxonomy":"product_brand","embeddable":true,"href":"https:\/\/baubauwall.com\/et\/wp-json\/wp\/v2\/product_brand?post=5526"},{"taxonomy":"product_cat","embeddable":true,"href":"https:\/\/baubauwall.com\/et\/wp-json\/wp\/v2\/product_cat?post=5526"},{"taxonomy":"product_tag","embeddable":true,"href":"https:\/\/baubauwall.com\/et\/wp-json\/wp\/v2\/product_tag?post=5526"}],"curies":[{"name":"wp","href":"https:\/\/api.w.org\/{rel}","templated":true}]}}