{"id":5527,"date":"2022-02-22T08:20:30","date_gmt":"2022-02-22T06:20:30","guid":{"rendered":"https:\/\/baubauwall.com\/product\/pink-green-hide-seek-wallpaper\/"},"modified":"2023-03-02T21:24:47","modified_gmt":"2023-03-02T19:24:47","slug":"tapeet-kitsekeste-peitus","status":"publish","type":"product","link":"https:\/\/baubauwall.com\/et\/toode\/tapeet-kitsekeste-peitus\/","title":{"rendered":"Kitsekeste peitusm\u00e4ng"},"content":{"rendered":"<p>Minimalistlik tapeet kuusemetsa ja hirvemustriga on teistsuguses v\u00f5tmes l\u00e4henemine populaarsele looduse temaatikale. Leidke roosa-valgekirju hirveperekond s\u00fcgavrohelise metsa taustalt \u00fcles!<br \/>\nSee muinasjutumetsa teemaline tapeet on v\u00f5luv aktsentseinal s\u00f6\u00f6gitoas v\u00f5i Sinu lapse magamistoas, eriti siis, kui eelistad lastetoa sisekujunduses t\u00e4iskasvanulikumat l\u00e4henemist.<\/p>\n<p>Nagu k\u00f5ik meie tapeedid, fototapeedid ja pilttapeedid, on ka see disain tr\u00fckitud hingavale, keskkonnas\u00f5bralike v\u00e4rvidega fliistapeedi materjalile. Loe lisaks j\u00e4\u00e4kidevabast ja innovaatilisest tapeeditootmisest <a href=\"https:\/\/baubauwall.com\/et\/keskkonnasobralikud-tapeedid\/\" target=\"_blank\" rel=\"noopener\">siin<\/a>. Mida silmas pidada lastetoa tapeedi valikul, loe l\u00e4hemalt <a href=\"https:\/\/baubauwall.com\/et\/uudised\/kodu-koige-lustlikum-tuba\/\" target=\"_blank\" rel=\"noopener\">Baubau ajakirjast.<\/a><\/p>\n","protected":false},"excerpt":{"rendered":"<p>Minimalistlik tapeet kuusemetsa ja hirvemustriga on teistsuguses v\u00f5tmes l\u00e4henemine populaarsele looduse temaatikale. Leidke roosa-valgekirju hirveperekond s\u00fcgavrohelise metsa taustalt \u00fcles! See muinasjutumetsa teemaline tapeet on v\u00f5luv aktsentseinal s\u00f6\u00f6gitoas v\u00f5i Sinu lapse magamistoas, eriti siis, kui eelistad lastetoa sisekujunduses t\u00e4iskasvanulikumat l\u00e4henemist. Nagu k\u00f5ik meie tapeedid, fototapeedid ja pilttapeedid, on ka see disain tr\u00fckitud hingavale, keskkonnas\u00f5bralike v\u00e4rvidega fliistapeedi [&hellip;]<\/p>\n","protected":false},"featured_media":38447,"comment_status":"open","ping_status":"closed","template":"","meta":{"_acf_changed":false,"inline_featured_image":false},"product_brand":[],"product_cat":[386,396,264,270,271,278,400,414,401,402,248,254,255,715],"product_tag":[832],"class_list":{"0":"post-5527","1":"product","2":"type-product","3":"status-publish","4":"has-post-thumbnail","6":"product_cat-kordusmustriga-tapeedid","7":"product_cat-skandinaavia","8":"product_cat-varv","9":"product_cat-tumedad-tapeedid","10":"product_cat-rohelised-tapeedid","11":"product_cat-roosad-tapeedid","12":"product_cat-lastetoa-tapeedid","13":"product_cat-soogitoa-tapeedid","14":"product_cat-koogi-tapeedid","15":"product_cat-elutoa-tapeedid","16":"product_cat-mets","17":"product_cat-loodus","18":"product_cat-loomad","19":"product_cat-soodsad-tapeedid-leiunurk","20":"product_tag-kordusmustriga-tapeedid","21":"pa_designedby-baubauwall","23":"first","24":"instock","25":"sale","26":"taxable","27":"shipping-taxable","28":"purchasable","29":"product-type-simple"},"acf":[],"yoast_head":"<!-- This site is optimized with the Yoast SEO plugin v25.9 - https:\/\/yoast.com\/wordpress\/plugins\/seo\/ -->\n<title>Lastetoa tapeet. Tumeroheline mets kuuskede ja kitsedega.<\/title>\n<meta name=\"description\" content=\"Tume tapeedivalik lastetoa seinale p\u00f5hjamaises stiilis. Kuused, kitsed r\u00f5\u00f5msalt koos muinasjutumetsas. Sinu seina m\u00f5\u00f5tu tapeedipaanid.\" \/>\n<meta name=\"robots\" content=\"index, follow, max-snippet:-1, max-image-preview:large, max-video-preview:-1\" \/>\n<link rel=\"canonical\" href=\"https:\/\/baubauwall.com\/et\/toode\/tapeet-kitsekeste-peitus\/\" \/>\n<meta property=\"og:locale\" content=\"et_EE\" \/>\n<meta property=\"og:type\" content=\"article\" \/>\n<meta property=\"og:title\" content=\"Lastetoa tapeet. Tumeroheline mets kuuskede ja kitsedega.\" \/>\n<meta property=\"og:description\" content=\"Tume tapeedivalik lastetoa seinale p\u00f5hjamaises stiilis. Kuused, kitsed r\u00f5\u00f5msalt koos muinasjutumetsas. Sinu seina m\u00f5\u00f5tu tapeedipaanid.\" \/>\n<meta property=\"og:url\" content=\"https:\/\/baubauwall.com\/et\/toode\/tapeet-kitsekeste-peitus\/\" \/>\n<meta property=\"og:site_name\" content=\"BAUBAUWALL Wallpapers\" \/>\n<meta property=\"article:publisher\" content=\"https:\/\/www.facebook.com\/Baubauwall\" \/>\n<meta property=\"article:modified_time\" content=\"2023-03-02T19:24:47+00:00\" \/>\n<meta property=\"og:image\" content=\"https:\/\/baubauwall.com\/wp-content\/uploads\/2022\/02\/51100058_PinkGreenForest_Baubauwall_Wallpaper_room1.jpg\" \/>\n\t<meta property=\"og:image:width\" content=\"1058\" \/>\n\t<meta property=\"og:image:height\" content=\"651\" \/>\n\t<meta property=\"og:image:type\" content=\"image\/jpeg\" \/>\n<meta name=\"twitter:card\" content=\"summary_large_image\" \/>\n<meta name=\"twitter:label1\" content=\"Est. reading time\" \/>\n\t<meta name=\"twitter:data1\" content=\"1 minut\" \/>\n<script type=\"application\/ld+json\" class=\"yoast-schema-graph\">{\"@context\":\"https:\/\/schema.org\",\"@graph\":[{\"@type\":\"WebPage\",\"@id\":\"https:\/\/baubauwall.com\/et\/toode\/tapeet-kitsekeste-peitus\/\",\"url\":\"https:\/\/baubauwall.com\/et\/toode\/tapeet-kitsekeste-peitus\/\",\"name\":\"Lastetoa tapeet. Tumeroheline mets kuuskede ja kitsedega.\",\"isPartOf\":{\"@id\":\"https:\/\/baubauwall.com\/et\/#website\"},\"primaryImageOfPage\":{\"@id\":\"https:\/\/baubauwall.com\/et\/toode\/tapeet-kitsekeste-peitus\/#primaryimage\"},\"image\":{\"@id\":\"https:\/\/baubauwall.com\/et\/toode\/tapeet-kitsekeste-peitus\/#primaryimage\"},\"thumbnailUrl\":\"https:\/\/baubauwall.com\/wp-content\/uploads\/2022\/02\/51100058_HideandSeekDeers-PinkGreenForest_Baubauwall_Wallpaper_room1-scaled.jpg\",\"datePublished\":\"2022-02-22T06:20:30+00:00\",\"dateModified\":\"2023-03-02T19:24:47+00:00\",\"description\":\"Tume tapeedivalik lastetoa seinale p\u00f5hjamaises stiilis. Kuused, kitsed r\u00f5\u00f5msalt koos muinasjutumetsas. Sinu seina m\u00f5\u00f5tu tapeedipaanid.\",\"breadcrumb\":{\"@id\":\"https:\/\/baubauwall.com\/et\/toode\/tapeet-kitsekeste-peitus\/#breadcrumb\"},\"inLanguage\":\"et\",\"potentialAction\":[{\"@type\":\"ReadAction\",\"target\":[\"https:\/\/baubauwall.com\/et\/toode\/tapeet-kitsekeste-peitus\/\"]}]},{\"@type\":\"ImageObject\",\"inLanguage\":\"et\",\"@id\":\"https:\/\/baubauwall.com\/et\/toode\/tapeet-kitsekeste-peitus\/#primaryimage\",\"url\":\"https:\/\/baubauwall.com\/wp-content\/uploads\/2022\/02\/51100058_HideandSeekDeers-PinkGreenForest_Baubauwall_Wallpaper_room1-scaled.jpg\",\"contentUrl\":\"https:\/\/baubauwall.com\/wp-content\/uploads\/2022\/02\/51100058_HideandSeekDeers-PinkGreenForest_Baubauwall_Wallpaper_room1-scaled.jpg\",\"width\":2560,\"height\":1583},{\"@type\":\"BreadcrumbList\",\"@id\":\"https:\/\/baubauwall.com\/et\/toode\/tapeet-kitsekeste-peitus\/#breadcrumb\",\"itemListElement\":[{\"@type\":\"ListItem\",\"position\":1,\"name\":\"Koju\",\"item\":\"https:\/\/baubauwall.com\/et\/\"},{\"@type\":\"ListItem\",\"position\":2,\"name\":\"Tapeedid\",\"item\":\"https:\/\/baubauwall.com\/et\/tapeedid\/\"},{\"@type\":\"ListItem\",\"position\":3,\"name\":\"Kitsekeste peitusm\u00e4ng\"}]},{\"@type\":\"WebSite\",\"@id\":\"https:\/\/baubauwall.com\/et\/#website\",\"url\":\"https:\/\/baubauwall.com\/et\/\",\"name\":\"BAUBAUWALL Wallpapers\",\"description\":\"Valmis paanides tapeet Eestist!\",\"publisher\":{\"@id\":\"https:\/\/baubauwall.com\/et\/#organization\"},\"potentialAction\":[{\"@type\":\"SearchAction\",\"target\":{\"@type\":\"EntryPoint\",\"urlTemplate\":\"https:\/\/baubauwall.com\/et\/?s={search_term_string}\"},\"query-input\":{\"@type\":\"PropertyValueSpecification\",\"valueRequired\":true,\"valueName\":\"search_term_string\"}}],\"inLanguage\":\"et\"},{\"@type\":\"Organization\",\"@id\":\"https:\/\/baubauwall.com\/et\/#organization\",\"name\":\"BAUBAUWALL Wallpapers\",\"url\":\"https:\/\/baubauwall.com\/et\/\",\"logo\":{\"@type\":\"ImageObject\",\"inLanguage\":\"et\",\"@id\":\"https:\/\/baubauwall.com\/et\/#\/schema\/logo\/image\/\",\"url\":\"https:\/\/baubauwall.com\/wp-content\/uploads\/2022\/03\/logo-horizontal.svg\",\"contentUrl\":\"https:\/\/baubauwall.com\/wp-content\/uploads\/2022\/03\/logo-horizontal.svg\",\"width\":\"1024\",\"height\":\"1024\",\"caption\":\"BAUBAUWALL Wallpapers\"},\"image\":{\"@id\":\"https:\/\/baubauwall.com\/et\/#\/schema\/logo\/image\/\"},\"sameAs\":[\"https:\/\/www.facebook.com\/Baubauwall\",\"https:\/\/www.instagram.com\/baubauwall\"]}]}<\/script>\n<!-- \/ Yoast SEO plugin. -->","yoast_head_json":{"title":"Lastetoa tapeet. Tumeroheline mets kuuskede ja kitsedega.","description":"Tume tapeedivalik lastetoa seinale p\u00f5hjamaises stiilis. Kuused, kitsed r\u00f5\u00f5msalt koos muinasjutumetsas. Sinu seina m\u00f5\u00f5tu tapeedipaanid.","robots":{"index":"index","follow":"follow","max-snippet":"max-snippet:-1","max-image-preview":"max-image-preview:large","max-video-preview":"max-video-preview:-1"},"canonical":"https:\/\/baubauwall.com\/et\/toode\/tapeet-kitsekeste-peitus\/","og_locale":"et_EE","og_type":"article","og_title":"Lastetoa tapeet. Tumeroheline mets kuuskede ja kitsedega.","og_description":"Tume tapeedivalik lastetoa seinale p\u00f5hjamaises stiilis. Kuused, kitsed r\u00f5\u00f5msalt koos muinasjutumetsas. Sinu seina m\u00f5\u00f5tu tapeedipaanid.","og_url":"https:\/\/baubauwall.com\/et\/toode\/tapeet-kitsekeste-peitus\/","og_site_name":"BAUBAUWALL Wallpapers","article_publisher":"https:\/\/www.facebook.com\/Baubauwall","article_modified_time":"2023-03-02T19:24:47+00:00","og_image":[{"width":1058,"height":651,"url":"https:\/\/baubauwall.com\/wp-content\/uploads\/2022\/02\/51100058_PinkGreenForest_Baubauwall_Wallpaper_room1.jpg","type":"image\/jpeg"}],"twitter_card":"summary_large_image","twitter_misc":{"Est. reading time":"1 minut"},"schema":{"@context":"https:\/\/schema.org","@graph":[{"@type":"WebPage","@id":"https:\/\/baubauwall.com\/et\/toode\/tapeet-kitsekeste-peitus\/","url":"https:\/\/baubauwall.com\/et\/toode\/tapeet-kitsekeste-peitus\/","name":"Lastetoa tapeet. Tumeroheline mets kuuskede ja kitsedega.","isPartOf":{"@id":"https:\/\/baubauwall.com\/et\/#website"},"primaryImageOfPage":{"@id":"https:\/\/baubauwall.com\/et\/toode\/tapeet-kitsekeste-peitus\/#primaryimage"},"image":{"@id":"https:\/\/baubauwall.com\/et\/toode\/tapeet-kitsekeste-peitus\/#primaryimage"},"thumbnailUrl":"https:\/\/baubauwall.com\/wp-content\/uploads\/2022\/02\/51100058_HideandSeekDeers-PinkGreenForest_Baubauwall_Wallpaper_room1-scaled.jpg","datePublished":"2022-02-22T06:20:30+00:00","dateModified":"2023-03-02T19:24:47+00:00","description":"Tume tapeedivalik lastetoa seinale p\u00f5hjamaises stiilis. Kuused, kitsed r\u00f5\u00f5msalt koos muinasjutumetsas. Sinu seina m\u00f5\u00f5tu tapeedipaanid.","breadcrumb":{"@id":"https:\/\/baubauwall.com\/et\/toode\/tapeet-kitsekeste-peitus\/#breadcrumb"},"inLanguage":"et","potentialAction":[{"@type":"ReadAction","target":["https:\/\/baubauwall.com\/et\/toode\/tapeet-kitsekeste-peitus\/"]}]},{"@type":"ImageObject","inLanguage":"et","@id":"https:\/\/baubauwall.com\/et\/toode\/tapeet-kitsekeste-peitus\/#primaryimage","url":"https:\/\/baubauwall.com\/wp-content\/uploads\/2022\/02\/51100058_HideandSeekDeers-PinkGreenForest_Baubauwall_Wallpaper_room1-scaled.jpg","contentUrl":"https:\/\/baubauwall.com\/wp-content\/uploads\/2022\/02\/51100058_HideandSeekDeers-PinkGreenForest_Baubauwall_Wallpaper_room1-scaled.jpg","width":2560,"height":1583},{"@type":"BreadcrumbList","@id":"https:\/\/baubauwall.com\/et\/toode\/tapeet-kitsekeste-peitus\/#breadcrumb","itemListElement":[{"@type":"ListItem","position":1,"name":"Koju","item":"https:\/\/baubauwall.com\/et\/"},{"@type":"ListItem","position":2,"name":"Tapeedid","item":"https:\/\/baubauwall.com\/et\/tapeedid\/"},{"@type":"ListItem","position":3,"name":"Kitsekeste peitusm\u00e4ng"}]},{"@type":"WebSite","@id":"https:\/\/baubauwall.com\/et\/#website","url":"https:\/\/baubauwall.com\/et\/","name":"BAUBAUWALL Wallpapers","description":"Valmis paanides tapeet Eestist!","publisher":{"@id":"https:\/\/baubauwall.com\/et\/#organization"},"potentialAction":[{"@type":"SearchAction","target":{"@type":"EntryPoint","urlTemplate":"https:\/\/baubauwall.com\/et\/?s={search_term_string}"},"query-input":{"@type":"PropertyValueSpecification","valueRequired":true,"valueName":"search_term_string"}}],"inLanguage":"et"},{"@type":"Organization","@id":"https:\/\/baubauwall.com\/et\/#organization","name":"BAUBAUWALL Wallpapers","url":"https:\/\/baubauwall.com\/et\/","logo":{"@type":"ImageObject","inLanguage":"et","@id":"https:\/\/baubauwall.com\/et\/#\/schema\/logo\/image\/","url":"https:\/\/baubauwall.com\/wp-content\/uploads\/2022\/03\/logo-horizontal.svg","contentUrl":"https:\/\/baubauwall.com\/wp-content\/uploads\/2022\/03\/logo-horizontal.svg","width":"1024","height":"1024","caption":"BAUBAUWALL Wallpapers"},"image":{"@id":"https:\/\/baubauwall.com\/et\/#\/schema\/logo\/image\/"},"sameAs":["https:\/\/www.facebook.com\/Baubauwall","https:\/\/www.instagram.com\/baubauwall"]}]}},"jetpack_sharing_enabled":true,"_links":{"self":[{"href":"https:\/\/baubauwall.com\/et\/wp-json\/wp\/v2\/product\/5527","targetHints":{"allow":["GET"]}}],"collection":[{"href":"https:\/\/baubauwall.com\/et\/wp-json\/wp\/v2\/product"}],"about":[{"href":"https:\/\/baubauwall.com\/et\/wp-json\/wp\/v2\/types\/product"}],"replies":[{"embeddable":true,"href":"https:\/\/baubauwall.com\/et\/wp-json\/wp\/v2\/comments?post=5527"}],"wp:featuredmedia":[{"embeddable":true,"href":"https:\/\/baubauwall.com\/et\/wp-json\/wp\/v2\/media\/38447"}],"wp:attachment":[{"href":"https:\/\/baubauwall.com\/et\/wp-json\/wp\/v2\/media?parent=5527"}],"wp:term":[{"taxonomy":"product_brand","embeddable":true,"href":"https:\/\/baubauwall.com\/et\/wp-json\/wp\/v2\/product_brand?post=5527"},{"taxonomy":"product_cat","embeddable":true,"href":"https:\/\/baubauwall.com\/et\/wp-json\/wp\/v2\/product_cat?post=5527"},{"taxonomy":"product_tag","embeddable":true,"href":"https:\/\/baubauwall.com\/et\/wp-json\/wp\/v2\/product_tag?post=5527"}],"curies":[{"name":"wp","href":"https:\/\/api.w.org\/{rel}","templated":true}]}}