{"id":5529,"date":"2022-02-22T08:20:30","date_gmt":"2022-02-22T06:20:30","guid":{"rendered":"https:\/\/baubauwall.com\/product\/learn-abc-wallpaper-english-alphabet\/"},"modified":"2022-03-21T21:15:22","modified_gmt":"2022-03-21T21:15:22","slug":"learn-abc-wallpaper-english-alphabet","status":"publish","type":"product","link":"https:\/\/baubauwall.com\/et\/toode\/learn-abc-wallpaper-english-alphabet\/","title":{"rendered":"\u00d5pi ABC (inglise keele t\u00e4hed)"},"content":{"rendered":"<p>Milline suurep\u00e4rane v\u00f5imalus m\u00e4ngu k\u00e4igus s\u00f5nade ja t\u00e4htede \u00f5ppimiseks! Loe ette oma tapeedil olev t\u00e4hestik, avastades samal ajal iga t\u00e4hte t\u00e4histavaid loomi ja argiesemeid. T\u00e4hestikumotiiviga tapeet on nagu aabits, mis on \u00fchtaegu \u00fcllatav ja hariv.\u00a0 T\u00e4iuslik ja l\u00f5bus tapeet lastetuppa \u2013 olgu see siis poiste v\u00f5i t\u00fcdrukute tuba.<\/p>\n<p>&nbsp;<\/p>\n","protected":false},"excerpt":{"rendered":"<p>Milline suurep\u00e4rane v\u00f5imalus m\u00e4ngu k\u00e4igus s\u00f5nade ja t\u00e4htede \u00f5ppimiseks! Loe ette oma tapeedil olev t\u00e4hestik, avastades samal ajal iga t\u00e4hte t\u00e4histavaid loomi ja argiesemeid. T\u00e4hestikumotiiviga tapeet on nagu aabits, mis on \u00fchtaegu \u00fcllatav ja hariv.\u00a0 T\u00e4iuslik ja l\u00f5bus tapeet lastetuppa \u2013 olgu see siis poiste v\u00f5i t\u00fcdrukute tuba. &nbsp;<\/p>\n","protected":false},"featured_media":7956,"comment_status":"open","ping_status":"closed","template":"","meta":{"_acf_changed":false,"inline_featured_image":false},"product_brand":[],"product_cat":[386,265,276,400],"product_tag":[349,695,531,308,324],"class_list":{"0":"post-5529","1":"product","2":"type-product","3":"status-publish","4":"has-post-thumbnail","6":"product_cat-kordusmustriga-tapeedid","7":"product_cat-beezid-tapeedid","8":"product_cat-pastelsed-tapeedid","9":"product_cat-lastetoa-tapeedid","10":"product_tag-beebituba","11":"product_tag-eesti-disain-tapeedid","12":"product_tag-elevant","13":"product_tag-poiste-tuba","14":"product_tag-tudruku-tuba","15":"pa_designedby-baubauwall","17":"first","18":"instock","19":"taxable","20":"shipping-taxable","21":"purchasable","22":"product-type-simple"},"acf":[],"yoast_head":"<!-- This site is optimized with the Yoast SEO plugin v25.9 - https:\/\/yoast.com\/wordpress\/plugins\/seo\/ -->\n<title>Learn letters alphabet design wallpaper<\/title>\n<meta name=\"description\" content=\"Learn letters in a fun way! English alphabet wallpaper for kids. Bespoke, custom printed wallpaper designs cut in the size of your wall.\" \/>\n<meta name=\"robots\" content=\"index, follow, max-snippet:-1, max-image-preview:large, max-video-preview:-1\" \/>\n<link rel=\"canonical\" href=\"https:\/\/baubauwall.com\/et\/toode\/learn-abc-wallpaper-english-alphabet\/\" \/>\n<meta property=\"og:locale\" content=\"et_EE\" \/>\n<meta property=\"og:type\" content=\"article\" \/>\n<meta property=\"og:title\" content=\"Learn letters alphabet design wallpaper\" \/>\n<meta property=\"og:description\" content=\"Learn letters in a fun way! English alphabet wallpaper for kids. Bespoke, custom printed wallpaper designs cut in the size of your wall.\" \/>\n<meta property=\"og:url\" content=\"https:\/\/baubauwall.com\/et\/toode\/learn-abc-wallpaper-english-alphabet\/\" \/>\n<meta property=\"og:site_name\" content=\"BAUBAUWALL TAPEEDID\" \/>\n<meta property=\"article:publisher\" content=\"https:\/\/www.facebook.com\/Baubauwall\" \/>\n<meta property=\"article:modified_time\" content=\"2022-03-21T21:15:22+00:00\" \/>\n<meta property=\"og:image\" content=\"https:\/\/baubauwall.com\/wp-content\/uploads\/2022\/02\/51100060_LearnABCEnglishAlphabet_Baubauwall_Wallpaper_room6.jpg\" \/>\n\t<meta property=\"og:image:width\" content=\"1200\" \/>\n\t<meta property=\"og:image:height\" content=\"800\" \/>\n\t<meta property=\"og:image:type\" content=\"image\/jpeg\" \/>\n<meta name=\"twitter:card\" content=\"summary_large_image\" \/>\n<meta name=\"twitter:label1\" content=\"Est. reading time\" \/>\n\t<meta name=\"twitter:data1\" content=\"1 minut\" \/>\n<script type=\"application\/ld+json\" class=\"yoast-schema-graph\">{\"@context\":\"https:\/\/schema.org\",\"@graph\":[{\"@type\":\"WebPage\",\"@id\":\"https:\/\/baubauwall.com\/et\/toode\/learn-abc-wallpaper-english-alphabet\/\",\"url\":\"https:\/\/baubauwall.com\/et\/toode\/learn-abc-wallpaper-english-alphabet\/\",\"name\":\"Learn letters alphabet design wallpaper\",\"isPartOf\":{\"@id\":\"https:\/\/baubauwall.com\/et\/#website\"},\"primaryImageOfPage\":{\"@id\":\"https:\/\/baubauwall.com\/et\/toode\/learn-abc-wallpaper-english-alphabet\/#primaryimage\"},\"image\":{\"@id\":\"https:\/\/baubauwall.com\/et\/toode\/learn-abc-wallpaper-english-alphabet\/#primaryimage\"},\"thumbnailUrl\":\"https:\/\/baubauwall.com\/wp-content\/uploads\/2022\/02\/51100060_LearnABCEnglishAlphabet_Baubauwall_Wallpaper_room6-1.jpg\",\"datePublished\":\"2022-02-22T06:20:30+00:00\",\"dateModified\":\"2022-03-21T21:15:22+00:00\",\"description\":\"Learn letters in a fun way! English alphabet wallpaper for kids. Bespoke, custom printed wallpaper designs cut in the size of your wall.\",\"breadcrumb\":{\"@id\":\"https:\/\/baubauwall.com\/et\/toode\/learn-abc-wallpaper-english-alphabet\/#breadcrumb\"},\"inLanguage\":\"et\",\"potentialAction\":[{\"@type\":\"ReadAction\",\"target\":[\"https:\/\/baubauwall.com\/et\/toode\/learn-abc-wallpaper-english-alphabet\/\"]}]},{\"@type\":\"ImageObject\",\"inLanguage\":\"et\",\"@id\":\"https:\/\/baubauwall.com\/et\/toode\/learn-abc-wallpaper-english-alphabet\/#primaryimage\",\"url\":\"https:\/\/baubauwall.com\/wp-content\/uploads\/2022\/02\/51100060_LearnABCEnglishAlphabet_Baubauwall_Wallpaper_room6-1.jpg\",\"contentUrl\":\"https:\/\/baubauwall.com\/wp-content\/uploads\/2022\/02\/51100060_LearnABCEnglishAlphabet_Baubauwall_Wallpaper_room6-1.jpg\",\"width\":1200,\"height\":800},{\"@type\":\"BreadcrumbList\",\"@id\":\"https:\/\/baubauwall.com\/et\/toode\/learn-abc-wallpaper-english-alphabet\/#breadcrumb\",\"itemListElement\":[{\"@type\":\"ListItem\",\"position\":1,\"name\":\"Koju\",\"item\":\"https:\/\/baubauwall.com\/et\/\"},{\"@type\":\"ListItem\",\"position\":2,\"name\":\"Tapeedid\",\"item\":\"https:\/\/baubauwall.com\/et\/tapeedid\/\"},{\"@type\":\"ListItem\",\"position\":3,\"name\":\"\u00d5pi ABC (inglise keele t\u00e4hed)\"}]},{\"@type\":\"WebSite\",\"@id\":\"https:\/\/baubauwall.com\/et\/#website\",\"url\":\"https:\/\/baubauwall.com\/et\/\",\"name\":\"BAUBAUWALL Wallpapers\",\"description\":\"Valmis paanides tapeet Eestist!\",\"publisher\":{\"@id\":\"https:\/\/baubauwall.com\/et\/#organization\"},\"potentialAction\":[{\"@type\":\"SearchAction\",\"target\":{\"@type\":\"EntryPoint\",\"urlTemplate\":\"https:\/\/baubauwall.com\/et\/?s={search_term_string}\"},\"query-input\":{\"@type\":\"PropertyValueSpecification\",\"valueRequired\":true,\"valueName\":\"search_term_string\"}}],\"inLanguage\":\"et\"},{\"@type\":\"Organization\",\"@id\":\"https:\/\/baubauwall.com\/et\/#organization\",\"name\":\"BAUBAUWALL Wallpapers\",\"url\":\"https:\/\/baubauwall.com\/et\/\",\"logo\":{\"@type\":\"ImageObject\",\"inLanguage\":\"et\",\"@id\":\"https:\/\/baubauwall.com\/et\/#\/schema\/logo\/image\/\",\"url\":\"https:\/\/baubauwall.com\/wp-content\/uploads\/2022\/03\/logo-horizontal.svg\",\"contentUrl\":\"https:\/\/baubauwall.com\/wp-content\/uploads\/2022\/03\/logo-horizontal.svg\",\"width\":\"1024\",\"height\":\"1024\",\"caption\":\"BAUBAUWALL Wallpapers\"},\"image\":{\"@id\":\"https:\/\/baubauwall.com\/et\/#\/schema\/logo\/image\/\"},\"sameAs\":[\"https:\/\/www.facebook.com\/Baubauwall\",\"https:\/\/www.instagram.com\/baubauwall\"]}]}<\/script>\n<!-- \/ Yoast SEO plugin. -->","yoast_head_json":{"title":"Learn letters alphabet design wallpaper","description":"Learn letters in a fun way! English alphabet wallpaper for kids. Bespoke, custom printed wallpaper designs cut in the size of your wall.","robots":{"index":"index","follow":"follow","max-snippet":"max-snippet:-1","max-image-preview":"max-image-preview:large","max-video-preview":"max-video-preview:-1"},"canonical":"https:\/\/baubauwall.com\/et\/toode\/learn-abc-wallpaper-english-alphabet\/","og_locale":"et_EE","og_type":"article","og_title":"Learn letters alphabet design wallpaper","og_description":"Learn letters in a fun way! English alphabet wallpaper for kids. Bespoke, custom printed wallpaper designs cut in the size of your wall.","og_url":"https:\/\/baubauwall.com\/et\/toode\/learn-abc-wallpaper-english-alphabet\/","og_site_name":"BAUBAUWALL TAPEEDID","article_publisher":"https:\/\/www.facebook.com\/Baubauwall","article_modified_time":"2022-03-21T21:15:22+00:00","og_image":[{"width":1200,"height":800,"url":"https:\/\/baubauwall.com\/wp-content\/uploads\/2022\/02\/51100060_LearnABCEnglishAlphabet_Baubauwall_Wallpaper_room6.jpg","type":"image\/jpeg"}],"twitter_card":"summary_large_image","twitter_misc":{"Est. reading time":"1 minut"},"schema":{"@context":"https:\/\/schema.org","@graph":[{"@type":"WebPage","@id":"https:\/\/baubauwall.com\/et\/toode\/learn-abc-wallpaper-english-alphabet\/","url":"https:\/\/baubauwall.com\/et\/toode\/learn-abc-wallpaper-english-alphabet\/","name":"Learn letters alphabet design wallpaper","isPartOf":{"@id":"https:\/\/baubauwall.com\/et\/#website"},"primaryImageOfPage":{"@id":"https:\/\/baubauwall.com\/et\/toode\/learn-abc-wallpaper-english-alphabet\/#primaryimage"},"image":{"@id":"https:\/\/baubauwall.com\/et\/toode\/learn-abc-wallpaper-english-alphabet\/#primaryimage"},"thumbnailUrl":"https:\/\/baubauwall.com\/wp-content\/uploads\/2022\/02\/51100060_LearnABCEnglishAlphabet_Baubauwall_Wallpaper_room6-1.jpg","datePublished":"2022-02-22T06:20:30+00:00","dateModified":"2022-03-21T21:15:22+00:00","description":"Learn letters in a fun way! English alphabet wallpaper for kids. Bespoke, custom printed wallpaper designs cut in the size of your wall.","breadcrumb":{"@id":"https:\/\/baubauwall.com\/et\/toode\/learn-abc-wallpaper-english-alphabet\/#breadcrumb"},"inLanguage":"et","potentialAction":[{"@type":"ReadAction","target":["https:\/\/baubauwall.com\/et\/toode\/learn-abc-wallpaper-english-alphabet\/"]}]},{"@type":"ImageObject","inLanguage":"et","@id":"https:\/\/baubauwall.com\/et\/toode\/learn-abc-wallpaper-english-alphabet\/#primaryimage","url":"https:\/\/baubauwall.com\/wp-content\/uploads\/2022\/02\/51100060_LearnABCEnglishAlphabet_Baubauwall_Wallpaper_room6-1.jpg","contentUrl":"https:\/\/baubauwall.com\/wp-content\/uploads\/2022\/02\/51100060_LearnABCEnglishAlphabet_Baubauwall_Wallpaper_room6-1.jpg","width":1200,"height":800},{"@type":"BreadcrumbList","@id":"https:\/\/baubauwall.com\/et\/toode\/learn-abc-wallpaper-english-alphabet\/#breadcrumb","itemListElement":[{"@type":"ListItem","position":1,"name":"Koju","item":"https:\/\/baubauwall.com\/et\/"},{"@type":"ListItem","position":2,"name":"Tapeedid","item":"https:\/\/baubauwall.com\/et\/tapeedid\/"},{"@type":"ListItem","position":3,"name":"\u00d5pi ABC (inglise keele t\u00e4hed)"}]},{"@type":"WebSite","@id":"https:\/\/baubauwall.com\/et\/#website","url":"https:\/\/baubauwall.com\/et\/","name":"BAUBAUWALL Wallpapers","description":"Valmis paanides tapeet Eestist!","publisher":{"@id":"https:\/\/baubauwall.com\/et\/#organization"},"potentialAction":[{"@type":"SearchAction","target":{"@type":"EntryPoint","urlTemplate":"https:\/\/baubauwall.com\/et\/?s={search_term_string}"},"query-input":{"@type":"PropertyValueSpecification","valueRequired":true,"valueName":"search_term_string"}}],"inLanguage":"et"},{"@type":"Organization","@id":"https:\/\/baubauwall.com\/et\/#organization","name":"BAUBAUWALL Wallpapers","url":"https:\/\/baubauwall.com\/et\/","logo":{"@type":"ImageObject","inLanguage":"et","@id":"https:\/\/baubauwall.com\/et\/#\/schema\/logo\/image\/","url":"https:\/\/baubauwall.com\/wp-content\/uploads\/2022\/03\/logo-horizontal.svg","contentUrl":"https:\/\/baubauwall.com\/wp-content\/uploads\/2022\/03\/logo-horizontal.svg","width":"1024","height":"1024","caption":"BAUBAUWALL Wallpapers"},"image":{"@id":"https:\/\/baubauwall.com\/et\/#\/schema\/logo\/image\/"},"sameAs":["https:\/\/www.facebook.com\/Baubauwall","https:\/\/www.instagram.com\/baubauwall"]}]}},"jetpack_sharing_enabled":true,"_links":{"self":[{"href":"https:\/\/baubauwall.com\/et\/wp-json\/wp\/v2\/product\/5529","targetHints":{"allow":["GET"]}}],"collection":[{"href":"https:\/\/baubauwall.com\/et\/wp-json\/wp\/v2\/product"}],"about":[{"href":"https:\/\/baubauwall.com\/et\/wp-json\/wp\/v2\/types\/product"}],"replies":[{"embeddable":true,"href":"https:\/\/baubauwall.com\/et\/wp-json\/wp\/v2\/comments?post=5529"}],"wp:featuredmedia":[{"embeddable":true,"href":"https:\/\/baubauwall.com\/et\/wp-json\/wp\/v2\/media\/7956"}],"wp:attachment":[{"href":"https:\/\/baubauwall.com\/et\/wp-json\/wp\/v2\/media?parent=5529"}],"wp:term":[{"taxonomy":"product_brand","embeddable":true,"href":"https:\/\/baubauwall.com\/et\/wp-json\/wp\/v2\/product_brand?post=5529"},{"taxonomy":"product_cat","embeddable":true,"href":"https:\/\/baubauwall.com\/et\/wp-json\/wp\/v2\/product_cat?post=5529"},{"taxonomy":"product_tag","embeddable":true,"href":"https:\/\/baubauwall.com\/et\/wp-json\/wp\/v2\/product_tag?post=5529"}],"curies":[{"name":"wp","href":"https:\/\/api.w.org\/{rel}","templated":true}]}}