{"id":5530,"date":"2022-02-22T08:20:31","date_gmt":"2022-02-22T08:20:31","guid":{"rendered":"https:\/\/baubauwall.com\/product\/learn-abc-wallpaper-estonian-letters\/"},"modified":"2024-01-05T11:49:34","modified_gmt":"2024-01-05T09:49:34","slug":"learn-abc-wallpaper-estonian-letters","status":"publish","type":"product","link":"https:\/\/baubauwall.com\/et\/toode\/learn-abc-wallpaper-estonian-letters\/","title":{"rendered":"\u00d5pi ABC (eesti keele t\u00e4hed)"},"content":{"rendered":"<p>Milline suurep\u00e4rane v\u00f5imalus lastele m\u00e4ngu k\u00e4igus s\u00f5nade ja t\u00e4htede \u00f5ppimiseks! Loe ette oma seinal olev Eesti t\u00e4hestik, avastades samal ajal iga t\u00e4hte t\u00e4histavaid loomi ja tuttavaid esemeid. T\u00e4hestikuga tapeet on nagu aabits, mis on \u00fchtaegu \u00fcllatav ja hariv. T\u00e4iuslik ja l\u00f5bus tapeet lastetuppa \u2013 olgu see siis poiste v\u00f5i t\u00fcdrukute tuba.<\/p>\n<p>See tapeet on olemas ka inglise keeles t\u00e4htedega v\u00f5i hoopis pilttapeedina. Loe lastetoa tapeetidest ka <a href=\"https:\/\/baubauwall.com\/et\/uudised\/kodu-koige-lustlikum-tuba\/\" target=\"_blank\" rel=\"noopener\">meie ajakirjas<\/a>.<\/p>\n","protected":false},"excerpt":{"rendered":"<p>Milline suurep\u00e4rane v\u00f5imalus lastele m\u00e4ngu k\u00e4igus s\u00f5nade ja t\u00e4htede \u00f5ppimiseks! Loe ette oma seinal olev Eesti t\u00e4hestik, avastades samal ajal iga t\u00e4hte t\u00e4histavaid loomi ja tuttavaid esemeid. T\u00e4hestikuga tapeet on nagu aabits, mis on \u00fchtaegu \u00fcllatav ja hariv. T\u00e4iuslik ja l\u00f5bus tapeet lastetuppa \u2013 olgu see siis poiste v\u00f5i t\u00fcdrukute tuba. See tapeet on olemas [&hellip;]<\/p>\n","protected":false},"featured_media":7940,"comment_status":"open","ping_status":"closed","template":"","meta":{"_acf_changed":false,"inline_featured_image":false},"product_brand":[],"product_cat":[386,265,276,400],"product_tag":[695,531],"class_list":{"0":"post-5530","1":"product","2":"type-product","3":"status-publish","4":"has-post-thumbnail","6":"product_cat-kordusmustriga-tapeedid","7":"product_cat-beezid-tapeedid","8":"product_cat-pastelsed-tapeedid","9":"product_cat-lastetoa-tapeedid","10":"product_tag-eesti-disain-tapeedid","11":"product_tag-elevant","12":"pa_designedby-baubauwall","14":"first","15":"instock","16":"taxable","17":"shipping-taxable","18":"purchasable","19":"product-type-simple"},"acf":[],"yoast_head":"<!-- This site is optimized with the Yoast SEO plugin v25.9 - https:\/\/yoast.com\/wordpress\/plugins\/seo\/ -->\n<title>Learn alphabet. Kids room wallpaper design with Estonian alphabet.<\/title>\n<meta name=\"description\" content=\"Custom printed, bespoke design wallpaper with alphabet for kids. Study the Estonian letters in fun way. Childrens playroom wallpaper.\" \/>\n<meta name=\"robots\" content=\"index, follow, max-snippet:-1, max-image-preview:large, max-video-preview:-1\" \/>\n<link rel=\"canonical\" href=\"https:\/\/baubauwall.com\/et\/toode\/learn-abc-wallpaper-estonian-letters\/\" \/>\n<meta property=\"og:locale\" content=\"et_EE\" \/>\n<meta property=\"og:type\" content=\"article\" \/>\n<meta property=\"og:title\" content=\"Learn alphabet. Kids room wallpaper design with Estonian alphabet.\" \/>\n<meta property=\"og:description\" content=\"Custom printed, bespoke design wallpaper with alphabet for kids. Study the Estonian letters in fun way. Childrens playroom wallpaper.\" \/>\n<meta property=\"og:url\" content=\"https:\/\/baubauwall.com\/et\/toode\/learn-abc-wallpaper-estonian-letters\/\" \/>\n<meta property=\"og:site_name\" content=\"BAUBAUWALL TAPEEDID\" \/>\n<meta property=\"article:publisher\" content=\"https:\/\/www.facebook.com\/Baubauwall\" \/>\n<meta property=\"article:modified_time\" content=\"2024-01-05T09:49:34+00:00\" \/>\n<meta property=\"og:image\" content=\"https:\/\/i0.wp.com\/baubauwall.com\/wp-content\/uploads\/2022\/02\/51100061_LearnABCEstonianAlphabet_Baubauwall_Wallpaper_room6-1.jpg?fit=901%2C800&ssl=1\" \/>\n\t<meta property=\"og:image:width\" content=\"901\" \/>\n\t<meta property=\"og:image:height\" content=\"800\" \/>\n\t<meta property=\"og:image:type\" content=\"image\/jpeg\" \/>\n<meta name=\"twitter:card\" content=\"summary_large_image\" \/>\n<meta name=\"twitter:label1\" content=\"Est. reading time\" \/>\n\t<meta name=\"twitter:data1\" content=\"1 minut\" \/>\n<script type=\"application\/ld+json\" class=\"yoast-schema-graph\">{\"@context\":\"https:\/\/schema.org\",\"@graph\":[{\"@type\":\"WebPage\",\"@id\":\"https:\/\/baubauwall.com\/et\/toode\/learn-abc-wallpaper-estonian-letters\/\",\"url\":\"https:\/\/baubauwall.com\/et\/toode\/learn-abc-wallpaper-estonian-letters\/\",\"name\":\"Learn alphabet. Kids room wallpaper design with Estonian alphabet.\",\"isPartOf\":{\"@id\":\"https:\/\/baubauwall.com\/et\/#website\"},\"primaryImageOfPage\":{\"@id\":\"https:\/\/baubauwall.com\/et\/toode\/learn-abc-wallpaper-estonian-letters\/#primaryimage\"},\"image\":{\"@id\":\"https:\/\/baubauwall.com\/et\/toode\/learn-abc-wallpaper-estonian-letters\/#primaryimage\"},\"thumbnailUrl\":\"https:\/\/baubauwall.com\/wp-content\/uploads\/2022\/02\/51100061_LearnABCEstonianAlphabet_Baubauwall_Wallpaper_room7.jpg\",\"datePublished\":\"2022-02-22T08:20:31+00:00\",\"dateModified\":\"2024-01-05T09:49:34+00:00\",\"description\":\"Custom printed, bespoke design wallpaper with alphabet for kids. Study the Estonian letters in fun way. Childrens playroom wallpaper.\",\"breadcrumb\":{\"@id\":\"https:\/\/baubauwall.com\/et\/toode\/learn-abc-wallpaper-estonian-letters\/#breadcrumb\"},\"inLanguage\":\"et\",\"potentialAction\":[{\"@type\":\"ReadAction\",\"target\":[\"https:\/\/baubauwall.com\/et\/toode\/learn-abc-wallpaper-estonian-letters\/\"]}]},{\"@type\":\"ImageObject\",\"inLanguage\":\"et\",\"@id\":\"https:\/\/baubauwall.com\/et\/toode\/learn-abc-wallpaper-estonian-letters\/#primaryimage\",\"url\":\"https:\/\/baubauwall.com\/wp-content\/uploads\/2022\/02\/51100061_LearnABCEstonianAlphabet_Baubauwall_Wallpaper_room7.jpg\",\"contentUrl\":\"https:\/\/baubauwall.com\/wp-content\/uploads\/2022\/02\/51100061_LearnABCEstonianAlphabet_Baubauwall_Wallpaper_room7.jpg\",\"width\":1600,\"height\":800,\"caption\":\"Lastetoa tapeet eeti keele t\u00e4hestikuga. Hele disaintapeet, mille abil saavad t\u00e4hed kiirelt selgeks! Baubauwall tapeedid\"},{\"@type\":\"BreadcrumbList\",\"@id\":\"https:\/\/baubauwall.com\/et\/toode\/learn-abc-wallpaper-estonian-letters\/#breadcrumb\",\"itemListElement\":[{\"@type\":\"ListItem\",\"position\":1,\"name\":\"Koju\",\"item\":\"https:\/\/baubauwall.com\/et\/\"},{\"@type\":\"ListItem\",\"position\":2,\"name\":\"Tapeedid\",\"item\":\"https:\/\/baubauwall.com\/et\/tapeedid\/\"},{\"@type\":\"ListItem\",\"position\":3,\"name\":\"\u00d5pi ABC (eesti keele t\u00e4hed)\"}]},{\"@type\":\"WebSite\",\"@id\":\"https:\/\/baubauwall.com\/et\/#website\",\"url\":\"https:\/\/baubauwall.com\/et\/\",\"name\":\"BAUBAUWALL Wallpapers\",\"description\":\"Valmis paanides tapeet Eestist!\",\"publisher\":{\"@id\":\"https:\/\/baubauwall.com\/et\/#organization\"},\"potentialAction\":[{\"@type\":\"SearchAction\",\"target\":{\"@type\":\"EntryPoint\",\"urlTemplate\":\"https:\/\/baubauwall.com\/et\/?s={search_term_string}\"},\"query-input\":{\"@type\":\"PropertyValueSpecification\",\"valueRequired\":true,\"valueName\":\"search_term_string\"}}],\"inLanguage\":\"et\"},{\"@type\":\"Organization\",\"@id\":\"https:\/\/baubauwall.com\/et\/#organization\",\"name\":\"BAUBAUWALL Wallpapers\",\"url\":\"https:\/\/baubauwall.com\/et\/\",\"logo\":{\"@type\":\"ImageObject\",\"inLanguage\":\"et\",\"@id\":\"https:\/\/baubauwall.com\/et\/#\/schema\/logo\/image\/\",\"url\":\"https:\/\/baubauwall.com\/wp-content\/uploads\/2022\/03\/logo-horizontal.svg\",\"contentUrl\":\"https:\/\/baubauwall.com\/wp-content\/uploads\/2022\/03\/logo-horizontal.svg\",\"width\":\"1024\",\"height\":\"1024\",\"caption\":\"BAUBAUWALL Wallpapers\"},\"image\":{\"@id\":\"https:\/\/baubauwall.com\/et\/#\/schema\/logo\/image\/\"},\"sameAs\":[\"https:\/\/www.facebook.com\/Baubauwall\",\"https:\/\/www.instagram.com\/baubauwall\"]}]}<\/script>\n<!-- \/ Yoast SEO plugin. -->","yoast_head_json":{"title":"Learn alphabet. Kids room wallpaper design with Estonian alphabet.","description":"Custom printed, bespoke design wallpaper with alphabet for kids. Study the Estonian letters in fun way. Childrens playroom wallpaper.","robots":{"index":"index","follow":"follow","max-snippet":"max-snippet:-1","max-image-preview":"max-image-preview:large","max-video-preview":"max-video-preview:-1"},"canonical":"https:\/\/baubauwall.com\/et\/toode\/learn-abc-wallpaper-estonian-letters\/","og_locale":"et_EE","og_type":"article","og_title":"Learn alphabet. Kids room wallpaper design with Estonian alphabet.","og_description":"Custom printed, bespoke design wallpaper with alphabet for kids. Study the Estonian letters in fun way. Childrens playroom wallpaper.","og_url":"https:\/\/baubauwall.com\/et\/toode\/learn-abc-wallpaper-estonian-letters\/","og_site_name":"BAUBAUWALL TAPEEDID","article_publisher":"https:\/\/www.facebook.com\/Baubauwall","article_modified_time":"2024-01-05T09:49:34+00:00","og_image":[{"width":901,"height":800,"url":"https:\/\/i0.wp.com\/baubauwall.com\/wp-content\/uploads\/2022\/02\/51100061_LearnABCEstonianAlphabet_Baubauwall_Wallpaper_room6-1.jpg?fit=901%2C800&ssl=1","type":"image\/jpeg"}],"twitter_card":"summary_large_image","twitter_misc":{"Est. reading time":"1 minut"},"schema":{"@context":"https:\/\/schema.org","@graph":[{"@type":"WebPage","@id":"https:\/\/baubauwall.com\/et\/toode\/learn-abc-wallpaper-estonian-letters\/","url":"https:\/\/baubauwall.com\/et\/toode\/learn-abc-wallpaper-estonian-letters\/","name":"Learn alphabet. Kids room wallpaper design with Estonian alphabet.","isPartOf":{"@id":"https:\/\/baubauwall.com\/et\/#website"},"primaryImageOfPage":{"@id":"https:\/\/baubauwall.com\/et\/toode\/learn-abc-wallpaper-estonian-letters\/#primaryimage"},"image":{"@id":"https:\/\/baubauwall.com\/et\/toode\/learn-abc-wallpaper-estonian-letters\/#primaryimage"},"thumbnailUrl":"https:\/\/baubauwall.com\/wp-content\/uploads\/2022\/02\/51100061_LearnABCEstonianAlphabet_Baubauwall_Wallpaper_room7.jpg","datePublished":"2022-02-22T08:20:31+00:00","dateModified":"2024-01-05T09:49:34+00:00","description":"Custom printed, bespoke design wallpaper with alphabet for kids. Study the Estonian letters in fun way. Childrens playroom wallpaper.","breadcrumb":{"@id":"https:\/\/baubauwall.com\/et\/toode\/learn-abc-wallpaper-estonian-letters\/#breadcrumb"},"inLanguage":"et","potentialAction":[{"@type":"ReadAction","target":["https:\/\/baubauwall.com\/et\/toode\/learn-abc-wallpaper-estonian-letters\/"]}]},{"@type":"ImageObject","inLanguage":"et","@id":"https:\/\/baubauwall.com\/et\/toode\/learn-abc-wallpaper-estonian-letters\/#primaryimage","url":"https:\/\/baubauwall.com\/wp-content\/uploads\/2022\/02\/51100061_LearnABCEstonianAlphabet_Baubauwall_Wallpaper_room7.jpg","contentUrl":"https:\/\/baubauwall.com\/wp-content\/uploads\/2022\/02\/51100061_LearnABCEstonianAlphabet_Baubauwall_Wallpaper_room7.jpg","width":1600,"height":800,"caption":"Lastetoa tapeet eeti keele t\u00e4hestikuga. Hele disaintapeet, mille abil saavad t\u00e4hed kiirelt selgeks! Baubauwall tapeedid"},{"@type":"BreadcrumbList","@id":"https:\/\/baubauwall.com\/et\/toode\/learn-abc-wallpaper-estonian-letters\/#breadcrumb","itemListElement":[{"@type":"ListItem","position":1,"name":"Koju","item":"https:\/\/baubauwall.com\/et\/"},{"@type":"ListItem","position":2,"name":"Tapeedid","item":"https:\/\/baubauwall.com\/et\/tapeedid\/"},{"@type":"ListItem","position":3,"name":"\u00d5pi ABC (eesti keele t\u00e4hed)"}]},{"@type":"WebSite","@id":"https:\/\/baubauwall.com\/et\/#website","url":"https:\/\/baubauwall.com\/et\/","name":"BAUBAUWALL Wallpapers","description":"Valmis paanides tapeet Eestist!","publisher":{"@id":"https:\/\/baubauwall.com\/et\/#organization"},"potentialAction":[{"@type":"SearchAction","target":{"@type":"EntryPoint","urlTemplate":"https:\/\/baubauwall.com\/et\/?s={search_term_string}"},"query-input":{"@type":"PropertyValueSpecification","valueRequired":true,"valueName":"search_term_string"}}],"inLanguage":"et"},{"@type":"Organization","@id":"https:\/\/baubauwall.com\/et\/#organization","name":"BAUBAUWALL Wallpapers","url":"https:\/\/baubauwall.com\/et\/","logo":{"@type":"ImageObject","inLanguage":"et","@id":"https:\/\/baubauwall.com\/et\/#\/schema\/logo\/image\/","url":"https:\/\/baubauwall.com\/wp-content\/uploads\/2022\/03\/logo-horizontal.svg","contentUrl":"https:\/\/baubauwall.com\/wp-content\/uploads\/2022\/03\/logo-horizontal.svg","width":"1024","height":"1024","caption":"BAUBAUWALL Wallpapers"},"image":{"@id":"https:\/\/baubauwall.com\/et\/#\/schema\/logo\/image\/"},"sameAs":["https:\/\/www.facebook.com\/Baubauwall","https:\/\/www.instagram.com\/baubauwall"]}]}},"jetpack_sharing_enabled":true,"_links":{"self":[{"href":"https:\/\/baubauwall.com\/et\/wp-json\/wp\/v2\/product\/5530","targetHints":{"allow":["GET"]}}],"collection":[{"href":"https:\/\/baubauwall.com\/et\/wp-json\/wp\/v2\/product"}],"about":[{"href":"https:\/\/baubauwall.com\/et\/wp-json\/wp\/v2\/types\/product"}],"replies":[{"embeddable":true,"href":"https:\/\/baubauwall.com\/et\/wp-json\/wp\/v2\/comments?post=5530"}],"wp:featuredmedia":[{"embeddable":true,"href":"https:\/\/baubauwall.com\/et\/wp-json\/wp\/v2\/media\/7940"}],"wp:attachment":[{"href":"https:\/\/baubauwall.com\/et\/wp-json\/wp\/v2\/media?parent=5530"}],"wp:term":[{"taxonomy":"product_brand","embeddable":true,"href":"https:\/\/baubauwall.com\/et\/wp-json\/wp\/v2\/product_brand?post=5530"},{"taxonomy":"product_cat","embeddable":true,"href":"https:\/\/baubauwall.com\/et\/wp-json\/wp\/v2\/product_cat?post=5530"},{"taxonomy":"product_tag","embeddable":true,"href":"https:\/\/baubauwall.com\/et\/wp-json\/wp\/v2\/product_tag?post=5530"}],"curies":[{"name":"wp","href":"https:\/\/api.w.org\/{rel}","templated":true}]}}