{"id":5531,"date":"2022-02-10T13:17:24","date_gmt":"2022-02-10T11:17:24","guid":{"rendered":"https:\/\/baubauwall.com\/product\/royal-peacocks-green-garden-wallpaper\/"},"modified":"2022-09-07T13:51:25","modified_gmt":"2022-09-07T11:51:25","slug":"tapeet-kuninglik-paabulinnuaed-roheline","status":"publish","type":"product","link":"https:\/\/baubauwall.com\/et\/toode\/tapeet-kuninglik-paabulinnuaed-roheline\/","title":{"rendered":"Kuninglik paabulinnuaed &#8211; roheline"},"content":{"rendered":"<p>Kuninglikud paabulinnud v\u00f5iksid uidata Sinu magamistoa seintel v\u00f5i luua elutoas stiilselt rabava efekti. Elegantseid linde \u00fcmbritsevad rohelised lehed ja v\u00e4rvilised \u00f5ied viivad Su r\u00e4ndama kaugetele maadele. Rikkalik, s\u00fcgavroheline taust ja luksuslik paabulindudega tapeedimuster on inspireeritud <em>chinoiserie<\/em> ehk aasia kunsti euroopaliku t\u00f5lgendamise stiilist. T\u00f5eliselt stiilne ja l\u00e4bim\u00f5eldud tapeedikujundus, mis on lihtsalt suursugune.<\/p>\n<p>Ilus paabulinnutapeet on meil olemas ka valge ja musta taustaga.<\/p>\n","protected":false},"excerpt":{"rendered":"<p>Kuninglikud paabulinnud v\u00f5iksid uidata Sinu magamistoa seintel v\u00f5i luua elutoas stiilselt rabava efekti. Elegantseid linde \u00fcmbritsevad rohelised lehed ja v\u00e4rvilised \u00f5ied viivad Su r\u00e4ndama kaugetele maadele. Rikkalik, s\u00fcgavroheline taust ja luksuslik paabulindudega tapeedimuster on inspireeritud chinoiserie ehk aasia kunsti euroopaliku t\u00f5lgendamise stiilist. T\u00f5eliselt stiilne ja l\u00e4bim\u00f5eldud tapeedikujundus, mis on lihtsalt suursugune. Ilus paabulinnutapeet on meil [&hellip;]<\/p>\n","protected":false},"featured_media":34052,"comment_status":"open","ping_status":"closed","template":"","meta":{"_acf_changed":false,"inline_featured_image":false},"product_brand":[],"product_cat":[386,395,447,394,393,270,271,413,414,415,416,401,402,412,254,257,260],"product_tag":[563,303],"class_list":{"0":"post-5531","1":"product","2":"type-product","3":"status-publish","4":"has-post-thumbnail","6":"product_cat-kordusmustriga-tapeedid","7":"product_cat-romantiline","8":"product_cat-maksimalistlik-et","9":"product_cat-rikkalik","10":"product_cat-idamaine","11":"product_cat-tumedad-tapeedid","12":"product_cat-rohelised-tapeedid","13":"product_cat-magamistoa-tapeedid","14":"product_cat-soogitoa-tapeedid","15":"product_cat-kulalistetoa-tapeedid","16":"product_cat-esiku-tapeedid","17":"product_cat-koogi-tapeedid","18":"product_cat-elutoa-tapeedid","19":"product_cat-vannitoa-tapeedid","20":"product_cat-loodus","21":"product_cat-linnud","22":"product_cat-lilled","23":"product_tag-biofiilia-stiil","24":"product_tag-chinoiserie-idamaine","25":"pa_designedby-baubauwall","27":"first","28":"instock","29":"taxable","30":"shipping-taxable","31":"purchasable","32":"product-type-simple"},"acf":[],"yoast_head":"<!-- This site is optimized with the Yoast SEO plugin v25.9 - https:\/\/yoast.com\/wordpress\/plugins\/seo\/ -->\n<title>Tapeet Kuninglikud paabulinnud jalutamas rohelises idamaises aias<\/title>\n<meta name=\"description\" content=\"Roheline tapeet paabulindudega. Sinu seina m\u00f5\u00f5dus tapeedid, paanid, millel muster jookseb justkui n\u00f5iav\u00e4el kokku. Ainulaadsed disainid.\" \/>\n<meta name=\"robots\" content=\"index, follow, max-snippet:-1, max-image-preview:large, max-video-preview:-1\" \/>\n<link rel=\"canonical\" href=\"https:\/\/baubauwall.com\/et\/toode\/tapeet-kuninglik-paabulinnuaed-roheline\/\" \/>\n<meta property=\"og:locale\" content=\"et_EE\" \/>\n<meta property=\"og:type\" content=\"article\" \/>\n<meta property=\"og:title\" content=\"Tapeet Kuninglikud paabulinnud jalutamas rohelises idamaises aias\" \/>\n<meta property=\"og:description\" content=\"Roheline tapeet paabulindudega. Sinu seina m\u00f5\u00f5dus tapeedid, paanid, millel muster jookseb justkui n\u00f5iav\u00e4el kokku. Ainulaadsed disainid.\" \/>\n<meta property=\"og:url\" content=\"https:\/\/baubauwall.com\/et\/toode\/tapeet-kuninglik-paabulinnuaed-roheline\/\" \/>\n<meta property=\"og:site_name\" content=\"BAUBAUWALL TAPEEDID\" \/>\n<meta property=\"article:publisher\" content=\"https:\/\/www.facebook.com\/Baubauwall\" \/>\n<meta property=\"article:modified_time\" content=\"2022-09-07T11:51:25+00:00\" \/>\n<meta property=\"og:image\" content=\"https:\/\/baubauwall.com\/wp-content\/uploads\/2022\/02\/51100062_RoyalPeacocks-Green_Baubauwall_Wallpaper_room4.jpg\" \/>\n\t<meta property=\"og:image:width\" content=\"1300\" \/>\n\t<meta property=\"og:image:height\" content=\"800\" \/>\n\t<meta property=\"og:image:type\" content=\"image\/jpeg\" \/>\n<meta name=\"twitter:card\" content=\"summary_large_image\" \/>\n<meta name=\"twitter:label1\" content=\"Est. reading time\" \/>\n\t<meta name=\"twitter:data1\" content=\"1 minut\" \/>\n<script type=\"application\/ld+json\" class=\"yoast-schema-graph\">{\"@context\":\"https:\/\/schema.org\",\"@graph\":[{\"@type\":\"WebPage\",\"@id\":\"https:\/\/baubauwall.com\/et\/toode\/tapeet-kuninglik-paabulinnuaed-roheline\/\",\"url\":\"https:\/\/baubauwall.com\/et\/toode\/tapeet-kuninglik-paabulinnuaed-roheline\/\",\"name\":\"Tapeet Kuninglikud paabulinnud jalutamas rohelises idamaises aias\",\"isPartOf\":{\"@id\":\"https:\/\/baubauwall.com\/et\/#website\"},\"primaryImageOfPage\":{\"@id\":\"https:\/\/baubauwall.com\/et\/toode\/tapeet-kuninglik-paabulinnuaed-roheline\/#primaryimage\"},\"image\":{\"@id\":\"https:\/\/baubauwall.com\/et\/toode\/tapeet-kuninglik-paabulinnuaed-roheline\/#primaryimage\"},\"thumbnailUrl\":\"https:\/\/baubauwall.com\/wp-content\/uploads\/2022\/02\/51100062_RoyalPeacocks-Green_Baubauwall_Wallpaper_room15.jpg\",\"datePublished\":\"2022-02-10T11:17:24+00:00\",\"dateModified\":\"2022-09-07T11:51:25+00:00\",\"description\":\"Roheline tapeet paabulindudega. Sinu seina m\u00f5\u00f5dus tapeedid, paanid, millel muster jookseb justkui n\u00f5iav\u00e4el kokku. Ainulaadsed disainid.\",\"breadcrumb\":{\"@id\":\"https:\/\/baubauwall.com\/et\/toode\/tapeet-kuninglik-paabulinnuaed-roheline\/#breadcrumb\"},\"inLanguage\":\"et\",\"potentialAction\":[{\"@type\":\"ReadAction\",\"target\":[\"https:\/\/baubauwall.com\/et\/toode\/tapeet-kuninglik-paabulinnuaed-roheline\/\"]}]},{\"@type\":\"ImageObject\",\"inLanguage\":\"et\",\"@id\":\"https:\/\/baubauwall.com\/et\/toode\/tapeet-kuninglik-paabulinnuaed-roheline\/#primaryimage\",\"url\":\"https:\/\/baubauwall.com\/wp-content\/uploads\/2022\/02\/51100062_RoyalPeacocks-Green_Baubauwall_Wallpaper_room15.jpg\",\"contentUrl\":\"https:\/\/baubauwall.com\/wp-content\/uploads\/2022\/02\/51100062_RoyalPeacocks-Green_Baubauwall_Wallpaper_room15.jpg\",\"width\":2400,\"height\":1600,\"caption\":\"Green Peacock Wallpaper. Bespoke, Repeat Pattern Wallpaper Design\"},{\"@type\":\"BreadcrumbList\",\"@id\":\"https:\/\/baubauwall.com\/et\/toode\/tapeet-kuninglik-paabulinnuaed-roheline\/#breadcrumb\",\"itemListElement\":[{\"@type\":\"ListItem\",\"position\":1,\"name\":\"Koju\",\"item\":\"https:\/\/baubauwall.com\/et\/\"},{\"@type\":\"ListItem\",\"position\":2,\"name\":\"Tapeedid\",\"item\":\"https:\/\/baubauwall.com\/et\/tapeedid\/\"},{\"@type\":\"ListItem\",\"position\":3,\"name\":\"Kuninglik paabulinnuaed &#8211; roheline\"}]},{\"@type\":\"WebSite\",\"@id\":\"https:\/\/baubauwall.com\/et\/#website\",\"url\":\"https:\/\/baubauwall.com\/et\/\",\"name\":\"BAUBAUWALL Wallpapers\",\"description\":\"Valmis paanides tapeet Eestist!\",\"publisher\":{\"@id\":\"https:\/\/baubauwall.com\/et\/#organization\"},\"potentialAction\":[{\"@type\":\"SearchAction\",\"target\":{\"@type\":\"EntryPoint\",\"urlTemplate\":\"https:\/\/baubauwall.com\/et\/?s={search_term_string}\"},\"query-input\":{\"@type\":\"PropertyValueSpecification\",\"valueRequired\":true,\"valueName\":\"search_term_string\"}}],\"inLanguage\":\"et\"},{\"@type\":\"Organization\",\"@id\":\"https:\/\/baubauwall.com\/et\/#organization\",\"name\":\"BAUBAUWALL Wallpapers\",\"url\":\"https:\/\/baubauwall.com\/et\/\",\"logo\":{\"@type\":\"ImageObject\",\"inLanguage\":\"et\",\"@id\":\"https:\/\/baubauwall.com\/et\/#\/schema\/logo\/image\/\",\"url\":\"https:\/\/baubauwall.com\/wp-content\/uploads\/2022\/03\/logo-horizontal.svg\",\"contentUrl\":\"https:\/\/baubauwall.com\/wp-content\/uploads\/2022\/03\/logo-horizontal.svg\",\"width\":\"1024\",\"height\":\"1024\",\"caption\":\"BAUBAUWALL Wallpapers\"},\"image\":{\"@id\":\"https:\/\/baubauwall.com\/et\/#\/schema\/logo\/image\/\"},\"sameAs\":[\"https:\/\/www.facebook.com\/Baubauwall\",\"https:\/\/www.instagram.com\/baubauwall\"]}]}<\/script>\n<!-- \/ Yoast SEO plugin. -->","yoast_head_json":{"title":"Tapeet Kuninglikud paabulinnud jalutamas rohelises idamaises aias","description":"Roheline tapeet paabulindudega. Sinu seina m\u00f5\u00f5dus tapeedid, paanid, millel muster jookseb justkui n\u00f5iav\u00e4el kokku. Ainulaadsed disainid.","robots":{"index":"index","follow":"follow","max-snippet":"max-snippet:-1","max-image-preview":"max-image-preview:large","max-video-preview":"max-video-preview:-1"},"canonical":"https:\/\/baubauwall.com\/et\/toode\/tapeet-kuninglik-paabulinnuaed-roheline\/","og_locale":"et_EE","og_type":"article","og_title":"Tapeet Kuninglikud paabulinnud jalutamas rohelises idamaises aias","og_description":"Roheline tapeet paabulindudega. Sinu seina m\u00f5\u00f5dus tapeedid, paanid, millel muster jookseb justkui n\u00f5iav\u00e4el kokku. Ainulaadsed disainid.","og_url":"https:\/\/baubauwall.com\/et\/toode\/tapeet-kuninglik-paabulinnuaed-roheline\/","og_site_name":"BAUBAUWALL TAPEEDID","article_publisher":"https:\/\/www.facebook.com\/Baubauwall","article_modified_time":"2022-09-07T11:51:25+00:00","og_image":[{"width":1300,"height":800,"url":"https:\/\/baubauwall.com\/wp-content\/uploads\/2022\/02\/51100062_RoyalPeacocks-Green_Baubauwall_Wallpaper_room4.jpg","type":"image\/jpeg"}],"twitter_card":"summary_large_image","twitter_misc":{"Est. reading time":"1 minut"},"schema":{"@context":"https:\/\/schema.org","@graph":[{"@type":"WebPage","@id":"https:\/\/baubauwall.com\/et\/toode\/tapeet-kuninglik-paabulinnuaed-roheline\/","url":"https:\/\/baubauwall.com\/et\/toode\/tapeet-kuninglik-paabulinnuaed-roheline\/","name":"Tapeet Kuninglikud paabulinnud jalutamas rohelises idamaises aias","isPartOf":{"@id":"https:\/\/baubauwall.com\/et\/#website"},"primaryImageOfPage":{"@id":"https:\/\/baubauwall.com\/et\/toode\/tapeet-kuninglik-paabulinnuaed-roheline\/#primaryimage"},"image":{"@id":"https:\/\/baubauwall.com\/et\/toode\/tapeet-kuninglik-paabulinnuaed-roheline\/#primaryimage"},"thumbnailUrl":"https:\/\/baubauwall.com\/wp-content\/uploads\/2022\/02\/51100062_RoyalPeacocks-Green_Baubauwall_Wallpaper_room15.jpg","datePublished":"2022-02-10T11:17:24+00:00","dateModified":"2022-09-07T11:51:25+00:00","description":"Roheline tapeet paabulindudega. Sinu seina m\u00f5\u00f5dus tapeedid, paanid, millel muster jookseb justkui n\u00f5iav\u00e4el kokku. Ainulaadsed disainid.","breadcrumb":{"@id":"https:\/\/baubauwall.com\/et\/toode\/tapeet-kuninglik-paabulinnuaed-roheline\/#breadcrumb"},"inLanguage":"et","potentialAction":[{"@type":"ReadAction","target":["https:\/\/baubauwall.com\/et\/toode\/tapeet-kuninglik-paabulinnuaed-roheline\/"]}]},{"@type":"ImageObject","inLanguage":"et","@id":"https:\/\/baubauwall.com\/et\/toode\/tapeet-kuninglik-paabulinnuaed-roheline\/#primaryimage","url":"https:\/\/baubauwall.com\/wp-content\/uploads\/2022\/02\/51100062_RoyalPeacocks-Green_Baubauwall_Wallpaper_room15.jpg","contentUrl":"https:\/\/baubauwall.com\/wp-content\/uploads\/2022\/02\/51100062_RoyalPeacocks-Green_Baubauwall_Wallpaper_room15.jpg","width":2400,"height":1600,"caption":"Green Peacock Wallpaper. Bespoke, Repeat Pattern Wallpaper Design"},{"@type":"BreadcrumbList","@id":"https:\/\/baubauwall.com\/et\/toode\/tapeet-kuninglik-paabulinnuaed-roheline\/#breadcrumb","itemListElement":[{"@type":"ListItem","position":1,"name":"Koju","item":"https:\/\/baubauwall.com\/et\/"},{"@type":"ListItem","position":2,"name":"Tapeedid","item":"https:\/\/baubauwall.com\/et\/tapeedid\/"},{"@type":"ListItem","position":3,"name":"Kuninglik paabulinnuaed &#8211; roheline"}]},{"@type":"WebSite","@id":"https:\/\/baubauwall.com\/et\/#website","url":"https:\/\/baubauwall.com\/et\/","name":"BAUBAUWALL Wallpapers","description":"Valmis paanides tapeet Eestist!","publisher":{"@id":"https:\/\/baubauwall.com\/et\/#organization"},"potentialAction":[{"@type":"SearchAction","target":{"@type":"EntryPoint","urlTemplate":"https:\/\/baubauwall.com\/et\/?s={search_term_string}"},"query-input":{"@type":"PropertyValueSpecification","valueRequired":true,"valueName":"search_term_string"}}],"inLanguage":"et"},{"@type":"Organization","@id":"https:\/\/baubauwall.com\/et\/#organization","name":"BAUBAUWALL Wallpapers","url":"https:\/\/baubauwall.com\/et\/","logo":{"@type":"ImageObject","inLanguage":"et","@id":"https:\/\/baubauwall.com\/et\/#\/schema\/logo\/image\/","url":"https:\/\/baubauwall.com\/wp-content\/uploads\/2022\/03\/logo-horizontal.svg","contentUrl":"https:\/\/baubauwall.com\/wp-content\/uploads\/2022\/03\/logo-horizontal.svg","width":"1024","height":"1024","caption":"BAUBAUWALL Wallpapers"},"image":{"@id":"https:\/\/baubauwall.com\/et\/#\/schema\/logo\/image\/"},"sameAs":["https:\/\/www.facebook.com\/Baubauwall","https:\/\/www.instagram.com\/baubauwall"]}]}},"jetpack_sharing_enabled":true,"_links":{"self":[{"href":"https:\/\/baubauwall.com\/et\/wp-json\/wp\/v2\/product\/5531","targetHints":{"allow":["GET"]}}],"collection":[{"href":"https:\/\/baubauwall.com\/et\/wp-json\/wp\/v2\/product"}],"about":[{"href":"https:\/\/baubauwall.com\/et\/wp-json\/wp\/v2\/types\/product"}],"replies":[{"embeddable":true,"href":"https:\/\/baubauwall.com\/et\/wp-json\/wp\/v2\/comments?post=5531"}],"wp:featuredmedia":[{"embeddable":true,"href":"https:\/\/baubauwall.com\/et\/wp-json\/wp\/v2\/media\/34052"}],"wp:attachment":[{"href":"https:\/\/baubauwall.com\/et\/wp-json\/wp\/v2\/media?parent=5531"}],"wp:term":[{"taxonomy":"product_brand","embeddable":true,"href":"https:\/\/baubauwall.com\/et\/wp-json\/wp\/v2\/product_brand?post=5531"},{"taxonomy":"product_cat","embeddable":true,"href":"https:\/\/baubauwall.com\/et\/wp-json\/wp\/v2\/product_cat?post=5531"},{"taxonomy":"product_tag","embeddable":true,"href":"https:\/\/baubauwall.com\/et\/wp-json\/wp\/v2\/product_tag?post=5531"}],"curies":[{"name":"wp","href":"https:\/\/api.w.org\/{rel}","templated":true}]}}