{"id":5533,"date":"2022-02-10T15:41:25","date_gmt":"2022-02-10T13:41:25","guid":{"rendered":"https:\/\/baubauwall.com\/product\/autumn-flower-foliage\/"},"modified":"2024-09-24T08:18:27","modified_gmt":"2024-09-24T06:18:27","slug":"tapeet-sugislillede-bukett","status":"publish","type":"product","link":"https:\/\/baubauwall.com\/et\/toode\/tapeet-sugislillede-bukett\/","title":{"rendered":"S\u00fcgislillede bukett"},"content":{"rendered":"<p>Maksimalistlik lilline tapeet soojades toonine. Sukeldu lillede ilusse oma kodust lahkumata! Tee oma kodule lilleline muutumine s\u00fcgise varjundites lille\u00f5ite tapeediga. See rikkalik tapeedidisain oma k\u00fclluslike tumepunaste, k\u00fcpsete lillade ja bee\u017eide lilledega on hea m\u00f5te aktsentseinaks.<br \/>\nLillemustriga tapeedid sobivad h\u00e4sti kodu igasse tuppa, vannitoast magamistoani. Taimede ja lillede liit tapeedimustril toob aga metsiku aia siseruumidesse ning l\u00f6\u00f6b interj\u00f6\u00f6ri \u00f5ide.<\/p>\n<p>Nagu k\u00f5ik meie tapeedid on ka see kordusmustriga tapeet r\u00fckitud <a href=\"https:\/\/baubauwall.com\/et\/keskkonnasobralikud-tapeedid\/\" target=\"_blank\" rel=\"noopener\">keskkonnas\u00f5bralike v\u00e4rvidega<\/a>\u00a0hingavale, fliistapeedi materjalile. Sinu uus tapeet on l\u00f5igatud nummerdatud paanideks \u2013 t\u00e4pselt nii pikad, kui Sinu sein. Kuidas see t\u00f6\u00f6tab \u2013 loe l\u00e4hemalt<a href=\"https:\/\/baubauwall.com\/et\/kuidas-see-tootab\/\" target=\"_blank\" rel=\"noopener\">\u00a0siit.<\/a><\/p>\n","protected":false},"excerpt":{"rendered":"<p>Maksimalistlik lilline tapeet soojades toonine. Sukeldu lillede ilusse oma kodust lahkumata! Tee oma kodule lilleline muutumine s\u00fcgise varjundites lille\u00f5ite tapeediga. See rikkalik tapeedidisain oma k\u00fclluslike tumepunaste, k\u00fcpsete lillade ja bee\u017eide lilledega on hea m\u00f5te aktsentseinaks. Lillemustriga tapeedid sobivad h\u00e4sti kodu igasse tuppa, vannitoast magamistoani. Taimede ja lillede liit tapeedimustril toob aga metsiku aia siseruumidesse ning [&hellip;]<\/p>\n","protected":false},"featured_media":17546,"comment_status":"open","ping_status":"closed","template":"","meta":{"_acf_changed":false,"inline_featured_image":false},"product_brand":[],"product_cat":[386,447,394,265,269,270,275,418,413,414,415,416,399,402,260],"product_tag":[584,646],"class_list":{"0":"post-5533","1":"product","2":"type-product","3":"status-publish","4":"has-post-thumbnail","6":"product_cat-kordusmustriga-tapeedid","7":"product_cat-maksimalistlik-et","8":"product_cat-rikkalik","9":"product_cat-beezid-tapeedid","10":"product_cat-pruunid-tapeedid","11":"product_cat-tumedad-tapeedid","12":"product_cat-oranzid-tapeedid","13":"product_cat-punased-tapeedid","14":"product_cat-magamistoa-tapeedid","15":"product_cat-soogitoa-tapeedid","16":"product_cat-kulalistetoa-tapeedid","17":"product_cat-esiku-tapeedid","18":"product_cat-kodukontori-tapeedid","19":"product_cat-elutoa-tapeedid","20":"product_cat-lilled","21":"product_tag-boho-et","22":"product_tag-suured-lilled-et","23":"pa_designedby-baubauwall","25":"first","26":"instock","27":"taxable","28":"shipping-taxable","29":"purchasable","30":"product-type-simple"},"acf":[],"yoast_head":"<!-- This site is optimized with the Yoast SEO plugin v25.9 - https:\/\/yoast.com\/wordpress\/plugins\/seo\/ -->\n<title>Tapeet k\u00fclluslik lillebukett. Soojades v\u00e4rvides lilleine muster<\/title>\n<meta name=\"description\" content=\"Maksimalistlik lilleline tapeet. Tapeet rikkaliku tumeda lillemustriga. V\u00e4rvilised lilled toovad justkui lillemere tuppa. R\u00e4tsepat\u00f6\u00f6na valmivad tapeedid.\" \/>\n<meta name=\"robots\" content=\"index, follow, max-snippet:-1, max-image-preview:large, max-video-preview:-1\" \/>\n<link rel=\"canonical\" href=\"https:\/\/baubauwall.com\/et\/toode\/tapeet-sugislillede-bukett\/\" \/>\n<meta property=\"og:locale\" content=\"et_EE\" \/>\n<meta property=\"og:type\" content=\"article\" \/>\n<meta property=\"og:title\" content=\"Tapeet k\u00fclluslik lillebukett. Soojades v\u00e4rvides lilleine muster\" \/>\n<meta property=\"og:description\" content=\"Maksimalistlik lilleline tapeet. Tapeet rikkaliku tumeda lillemustriga. V\u00e4rvilised lilled toovad justkui lillemere tuppa. R\u00e4tsepat\u00f6\u00f6na valmivad tapeedid.\" \/>\n<meta property=\"og:url\" content=\"https:\/\/baubauwall.com\/et\/toode\/tapeet-sugislillede-bukett\/\" \/>\n<meta property=\"og:site_name\" content=\"BAUBAUWALL TAPEEDID\" \/>\n<meta property=\"article:publisher\" content=\"https:\/\/www.facebook.com\/Baubauwall\" \/>\n<meta property=\"article:modified_time\" content=\"2024-09-24T06:18:27+00:00\" \/>\n<meta property=\"og:image\" content=\"https:\/\/baubauwall.com\/wp-content\/uploads\/2022\/02\/51100064_AutumnFlowerFoliage_Baubauwall_Wallpaper_room7.jpg\" \/>\n\t<meta property=\"og:image:width\" content=\"846\" \/>\n\t<meta property=\"og:image:height\" content=\"800\" \/>\n\t<meta property=\"og:image:type\" content=\"image\/jpeg\" \/>\n<meta name=\"twitter:card\" content=\"summary_large_image\" \/>\n<meta name=\"twitter:label1\" content=\"Est. reading time\" \/>\n\t<meta name=\"twitter:data1\" content=\"1 minut\" \/>\n<script type=\"application\/ld+json\" class=\"yoast-schema-graph\">{\"@context\":\"https:\/\/schema.org\",\"@graph\":[{\"@type\":\"WebPage\",\"@id\":\"https:\/\/baubauwall.com\/et\/toode\/tapeet-sugislillede-bukett\/\",\"url\":\"https:\/\/baubauwall.com\/et\/toode\/tapeet-sugislillede-bukett\/\",\"name\":\"Tapeet k\u00fclluslik lillebukett. Soojades v\u00e4rvides lilleine muster\",\"isPartOf\":{\"@id\":\"https:\/\/baubauwall.com\/et\/#website\"},\"primaryImageOfPage\":{\"@id\":\"https:\/\/baubauwall.com\/et\/toode\/tapeet-sugislillede-bukett\/#primaryimage\"},\"image\":{\"@id\":\"https:\/\/baubauwall.com\/et\/toode\/tapeet-sugislillede-bukett\/#primaryimage\"},\"thumbnailUrl\":\"https:\/\/baubauwall.com\/wp-content\/uploads\/2022\/02\/51100064_AutumnFlowerFoliage_Baubauwall_Wallpaper_room10.jpg\",\"datePublished\":\"2022-02-10T13:41:25+00:00\",\"dateModified\":\"2024-09-24T06:18:27+00:00\",\"description\":\"Maksimalistlik lilleline tapeet. Tapeet rikkaliku tumeda lillemustriga. V\u00e4rvilised lilled toovad justkui lillemere tuppa. R\u00e4tsepat\u00f6\u00f6na valmivad tapeedid.\",\"breadcrumb\":{\"@id\":\"https:\/\/baubauwall.com\/et\/toode\/tapeet-sugislillede-bukett\/#breadcrumb\"},\"inLanguage\":\"et\",\"potentialAction\":[{\"@type\":\"ReadAction\",\"target\":[\"https:\/\/baubauwall.com\/et\/toode\/tapeet-sugislillede-bukett\/\"]}]},{\"@type\":\"ImageObject\",\"inLanguage\":\"et\",\"@id\":\"https:\/\/baubauwall.com\/et\/toode\/tapeet-sugislillede-bukett\/#primaryimage\",\"url\":\"https:\/\/baubauwall.com\/wp-content\/uploads\/2022\/02\/51100064_AutumnFlowerFoliage_Baubauwall_Wallpaper_room10.jpg\",\"contentUrl\":\"https:\/\/baubauwall.com\/wp-content\/uploads\/2022\/02\/51100064_AutumnFlowerFoliage_Baubauwall_Wallpaper_room10.jpg\",\"width\":897,\"height\":800},{\"@type\":\"BreadcrumbList\",\"@id\":\"https:\/\/baubauwall.com\/et\/toode\/tapeet-sugislillede-bukett\/#breadcrumb\",\"itemListElement\":[{\"@type\":\"ListItem\",\"position\":1,\"name\":\"Koju\",\"item\":\"https:\/\/baubauwall.com\/et\/\"},{\"@type\":\"ListItem\",\"position\":2,\"name\":\"Tapeedid\",\"item\":\"https:\/\/baubauwall.com\/et\/tapeedid\/\"},{\"@type\":\"ListItem\",\"position\":3,\"name\":\"S\u00fcgislillede bukett\"}]},{\"@type\":\"WebSite\",\"@id\":\"https:\/\/baubauwall.com\/et\/#website\",\"url\":\"https:\/\/baubauwall.com\/et\/\",\"name\":\"BAUBAUWALL Wallpapers\",\"description\":\"Valmis paanides tapeet Eestist!\",\"publisher\":{\"@id\":\"https:\/\/baubauwall.com\/et\/#organization\"},\"potentialAction\":[{\"@type\":\"SearchAction\",\"target\":{\"@type\":\"EntryPoint\",\"urlTemplate\":\"https:\/\/baubauwall.com\/et\/?s={search_term_string}\"},\"query-input\":{\"@type\":\"PropertyValueSpecification\",\"valueRequired\":true,\"valueName\":\"search_term_string\"}}],\"inLanguage\":\"et\"},{\"@type\":\"Organization\",\"@id\":\"https:\/\/baubauwall.com\/et\/#organization\",\"name\":\"BAUBAUWALL Wallpapers\",\"url\":\"https:\/\/baubauwall.com\/et\/\",\"logo\":{\"@type\":\"ImageObject\",\"inLanguage\":\"et\",\"@id\":\"https:\/\/baubauwall.com\/et\/#\/schema\/logo\/image\/\",\"url\":\"https:\/\/baubauwall.com\/wp-content\/uploads\/2022\/03\/logo-horizontal.svg\",\"contentUrl\":\"https:\/\/baubauwall.com\/wp-content\/uploads\/2022\/03\/logo-horizontal.svg\",\"width\":\"1024\",\"height\":\"1024\",\"caption\":\"BAUBAUWALL Wallpapers\"},\"image\":{\"@id\":\"https:\/\/baubauwall.com\/et\/#\/schema\/logo\/image\/\"},\"sameAs\":[\"https:\/\/www.facebook.com\/Baubauwall\",\"https:\/\/www.instagram.com\/baubauwall\"]}]}<\/script>\n<!-- \/ Yoast SEO plugin. -->","yoast_head_json":{"title":"Tapeet k\u00fclluslik lillebukett. Soojades v\u00e4rvides lilleine muster","description":"Maksimalistlik lilleline tapeet. Tapeet rikkaliku tumeda lillemustriga. V\u00e4rvilised lilled toovad justkui lillemere tuppa. R\u00e4tsepat\u00f6\u00f6na valmivad tapeedid.","robots":{"index":"index","follow":"follow","max-snippet":"max-snippet:-1","max-image-preview":"max-image-preview:large","max-video-preview":"max-video-preview:-1"},"canonical":"https:\/\/baubauwall.com\/et\/toode\/tapeet-sugislillede-bukett\/","og_locale":"et_EE","og_type":"article","og_title":"Tapeet k\u00fclluslik lillebukett. Soojades v\u00e4rvides lilleine muster","og_description":"Maksimalistlik lilleline tapeet. Tapeet rikkaliku tumeda lillemustriga. V\u00e4rvilised lilled toovad justkui lillemere tuppa. R\u00e4tsepat\u00f6\u00f6na valmivad tapeedid.","og_url":"https:\/\/baubauwall.com\/et\/toode\/tapeet-sugislillede-bukett\/","og_site_name":"BAUBAUWALL TAPEEDID","article_publisher":"https:\/\/www.facebook.com\/Baubauwall","article_modified_time":"2024-09-24T06:18:27+00:00","og_image":[{"width":846,"height":800,"url":"https:\/\/baubauwall.com\/wp-content\/uploads\/2022\/02\/51100064_AutumnFlowerFoliage_Baubauwall_Wallpaper_room7.jpg","type":"image\/jpeg"}],"twitter_card":"summary_large_image","twitter_misc":{"Est. reading time":"1 minut"},"schema":{"@context":"https:\/\/schema.org","@graph":[{"@type":"WebPage","@id":"https:\/\/baubauwall.com\/et\/toode\/tapeet-sugislillede-bukett\/","url":"https:\/\/baubauwall.com\/et\/toode\/tapeet-sugislillede-bukett\/","name":"Tapeet k\u00fclluslik lillebukett. Soojades v\u00e4rvides lilleine muster","isPartOf":{"@id":"https:\/\/baubauwall.com\/et\/#website"},"primaryImageOfPage":{"@id":"https:\/\/baubauwall.com\/et\/toode\/tapeet-sugislillede-bukett\/#primaryimage"},"image":{"@id":"https:\/\/baubauwall.com\/et\/toode\/tapeet-sugislillede-bukett\/#primaryimage"},"thumbnailUrl":"https:\/\/baubauwall.com\/wp-content\/uploads\/2022\/02\/51100064_AutumnFlowerFoliage_Baubauwall_Wallpaper_room10.jpg","datePublished":"2022-02-10T13:41:25+00:00","dateModified":"2024-09-24T06:18:27+00:00","description":"Maksimalistlik lilleline tapeet. Tapeet rikkaliku tumeda lillemustriga. V\u00e4rvilised lilled toovad justkui lillemere tuppa. R\u00e4tsepat\u00f6\u00f6na valmivad tapeedid.","breadcrumb":{"@id":"https:\/\/baubauwall.com\/et\/toode\/tapeet-sugislillede-bukett\/#breadcrumb"},"inLanguage":"et","potentialAction":[{"@type":"ReadAction","target":["https:\/\/baubauwall.com\/et\/toode\/tapeet-sugislillede-bukett\/"]}]},{"@type":"ImageObject","inLanguage":"et","@id":"https:\/\/baubauwall.com\/et\/toode\/tapeet-sugislillede-bukett\/#primaryimage","url":"https:\/\/baubauwall.com\/wp-content\/uploads\/2022\/02\/51100064_AutumnFlowerFoliage_Baubauwall_Wallpaper_room10.jpg","contentUrl":"https:\/\/baubauwall.com\/wp-content\/uploads\/2022\/02\/51100064_AutumnFlowerFoliage_Baubauwall_Wallpaper_room10.jpg","width":897,"height":800},{"@type":"BreadcrumbList","@id":"https:\/\/baubauwall.com\/et\/toode\/tapeet-sugislillede-bukett\/#breadcrumb","itemListElement":[{"@type":"ListItem","position":1,"name":"Koju","item":"https:\/\/baubauwall.com\/et\/"},{"@type":"ListItem","position":2,"name":"Tapeedid","item":"https:\/\/baubauwall.com\/et\/tapeedid\/"},{"@type":"ListItem","position":3,"name":"S\u00fcgislillede bukett"}]},{"@type":"WebSite","@id":"https:\/\/baubauwall.com\/et\/#website","url":"https:\/\/baubauwall.com\/et\/","name":"BAUBAUWALL Wallpapers","description":"Valmis paanides tapeet Eestist!","publisher":{"@id":"https:\/\/baubauwall.com\/et\/#organization"},"potentialAction":[{"@type":"SearchAction","target":{"@type":"EntryPoint","urlTemplate":"https:\/\/baubauwall.com\/et\/?s={search_term_string}"},"query-input":{"@type":"PropertyValueSpecification","valueRequired":true,"valueName":"search_term_string"}}],"inLanguage":"et"},{"@type":"Organization","@id":"https:\/\/baubauwall.com\/et\/#organization","name":"BAUBAUWALL Wallpapers","url":"https:\/\/baubauwall.com\/et\/","logo":{"@type":"ImageObject","inLanguage":"et","@id":"https:\/\/baubauwall.com\/et\/#\/schema\/logo\/image\/","url":"https:\/\/baubauwall.com\/wp-content\/uploads\/2022\/03\/logo-horizontal.svg","contentUrl":"https:\/\/baubauwall.com\/wp-content\/uploads\/2022\/03\/logo-horizontal.svg","width":"1024","height":"1024","caption":"BAUBAUWALL Wallpapers"},"image":{"@id":"https:\/\/baubauwall.com\/et\/#\/schema\/logo\/image\/"},"sameAs":["https:\/\/www.facebook.com\/Baubauwall","https:\/\/www.instagram.com\/baubauwall"]}]}},"jetpack_sharing_enabled":true,"_links":{"self":[{"href":"https:\/\/baubauwall.com\/et\/wp-json\/wp\/v2\/product\/5533","targetHints":{"allow":["GET"]}}],"collection":[{"href":"https:\/\/baubauwall.com\/et\/wp-json\/wp\/v2\/product"}],"about":[{"href":"https:\/\/baubauwall.com\/et\/wp-json\/wp\/v2\/types\/product"}],"replies":[{"embeddable":true,"href":"https:\/\/baubauwall.com\/et\/wp-json\/wp\/v2\/comments?post=5533"}],"wp:featuredmedia":[{"embeddable":true,"href":"https:\/\/baubauwall.com\/et\/wp-json\/wp\/v2\/media\/17546"}],"wp:attachment":[{"href":"https:\/\/baubauwall.com\/et\/wp-json\/wp\/v2\/media?parent=5533"}],"wp:term":[{"taxonomy":"product_brand","embeddable":true,"href":"https:\/\/baubauwall.com\/et\/wp-json\/wp\/v2\/product_brand?post=5533"},{"taxonomy":"product_cat","embeddable":true,"href":"https:\/\/baubauwall.com\/et\/wp-json\/wp\/v2\/product_cat?post=5533"},{"taxonomy":"product_tag","embeddable":true,"href":"https:\/\/baubauwall.com\/et\/wp-json\/wp\/v2\/product_tag?post=5533"}],"curies":[{"name":"wp","href":"https:\/\/api.w.org\/{rel}","templated":true}]}}