{"id":5534,"date":"2022-02-14T16:47:21","date_gmt":"2022-02-14T14:47:21","guid":{"rendered":"https:\/\/baubauwall.com\/product\/abstract-dotty-dots-wallpaper-white\/"},"modified":"2024-08-06T12:36:20","modified_gmt":"2024-08-06T10:36:20","slug":"tapeet-dotty-dots-valge","status":"publish","type":"product","link":"https:\/\/baubauwall.com\/et\/toode\/tapeet-dotty-dots-valge\/","title":{"rendered":"Dotty Dots &#8211; valge"},"content":{"rendered":"<p>Kas suudad t\u00e4pid kokku lugeda? T\u00e4piline tapeet on \u00fchtaegu stiilne ja m\u00e4nguline. See abstraktne t\u00e4piline halli-musta-valgekirju muster v\u00f5imaldab luua suurep\u00e4rase aktsendiseina ja sobib samas kasutamiseks ka toa mitmel seinal, olgu selleks siis elutuba, s\u00f6\u00f6gituba v\u00f5i magamistuba. K\u00fcpselt ja l\u00e4bim\u00f5eldult m\u00f5juva interj\u00f6\u00f6ri loomiseks sisustage \u00fchev\u00e4rviliste v\u00f5i neutraalsetes toonides m\u00f6\u00f6bliga.<\/p>\n<p>Abstraktne Dotty Dots muster on saadaval bee\u017ei, halli, roosa ja petrooleumisinisena.<\/p>\n<p>&nbsp;<\/p>\n","protected":false},"excerpt":{"rendered":"<p>Kas suudad t\u00e4pid kokku lugeda? T\u00e4piline tapeet on \u00fchtaegu stiilne ja m\u00e4nguline. See abstraktne t\u00e4piline halli-musta-valgekirju muster v\u00f5imaldab luua suurep\u00e4rase aktsendiseina ja sobib samas kasutamiseks ka toa mitmel seinal, olgu selleks siis elutuba, s\u00f6\u00f6gituba v\u00f5i magamistuba. K\u00fcpselt ja l\u00e4bim\u00f5eldult m\u00f5juva interj\u00f6\u00f6ri loomiseks sisustage \u00fchev\u00e4rviliste v\u00f5i neutraalsetes toonides m\u00f6\u00f6bliga. Abstraktne Dotty Dots muster on saadaval bee\u017ei, [&hellip;]<\/p>\n","protected":false},"featured_media":4184,"comment_status":"open","ping_status":"closed","template":"","meta":{"_acf_changed":false,"inline_featured_image":false},"product_brand":[],"product_cat":[386,404,408,272,273,410,413,414,415,416,399,402],"product_tag":[316],"class_list":{"0":"post-5534","1":"product","2":"type-product","3":"status-publish","4":"has-post-thumbnail","6":"product_cat-kordusmustriga-tapeedid","7":"product_cat-abstraktne","8":"product_cat-geomeetriline","9":"product_cat-hallid-tapeedid","10":"product_cat-heledad-tapeedid","11":"product_cat-valge-tapeedid","12":"product_cat-magamistoa-tapeedid","13":"product_cat-soogitoa-tapeedid","14":"product_cat-kulalistetoa-tapeedid","15":"product_cat-esiku-tapeedid","16":"product_cat-kodukontori-tapeedid","17":"product_cat-elutoa-tapeedid","18":"product_tag-tapid-mummud","19":"pa_designedby-baubauwall","21":"first","22":"instock","23":"taxable","24":"shipping-taxable","25":"purchasable","26":"product-type-simple"},"acf":[],"yoast_head":"<!-- This site is optimized with the Yoast SEO plugin v25.9 - https:\/\/yoast.com\/wordpress\/plugins\/seo\/ -->\n<title>Abstraktne muster, t\u00e4piline ja stiilne Dotty Dots hele tapeet.<\/title>\n<meta name=\"description\" content=\"T\u00e4piline muster, stiilne hele tapeet. Tr\u00fckime t\u00e4pselt teie seina m\u00f5\u00f5tu, valmis l\u00f5igatud tapeedipaanid. Ainulaadsed tapeedidisainid.\" \/>\n<meta name=\"robots\" content=\"index, follow, max-snippet:-1, max-image-preview:large, max-video-preview:-1\" \/>\n<link rel=\"canonical\" href=\"https:\/\/baubauwall.com\/et\/toode\/tapeet-dotty-dots-valge\/\" \/>\n<meta property=\"og:locale\" content=\"et_EE\" \/>\n<meta property=\"og:type\" content=\"article\" \/>\n<meta property=\"og:title\" content=\"Abstraktne muster, t\u00e4piline ja stiilne Dotty Dots hele tapeet.\" \/>\n<meta property=\"og:description\" content=\"T\u00e4piline muster, stiilne hele tapeet. Tr\u00fckime t\u00e4pselt teie seina m\u00f5\u00f5tu, valmis l\u00f5igatud tapeedipaanid. Ainulaadsed tapeedidisainid.\" \/>\n<meta property=\"og:url\" content=\"https:\/\/baubauwall.com\/et\/toode\/tapeet-dotty-dots-valge\/\" \/>\n<meta property=\"og:site_name\" content=\"BAUBAUWALL TAPEEDID\" \/>\n<meta property=\"article:publisher\" content=\"https:\/\/www.facebook.com\/Baubauwall\" \/>\n<meta property=\"article:modified_time\" content=\"2024-08-06T10:36:20+00:00\" \/>\n<meta property=\"og:image\" content=\"https:\/\/i0.wp.com\/baubauwall.com\/wp-content\/uploads\/2022\/02\/51100065_-DottyDots-White_Baubauwall_Wallpaper_room2.jpg?fit=1067%2C800&ssl=1\" \/>\n\t<meta property=\"og:image:width\" content=\"1067\" \/>\n\t<meta property=\"og:image:height\" content=\"800\" \/>\n\t<meta property=\"og:image:type\" content=\"image\/jpeg\" \/>\n<meta name=\"twitter:card\" content=\"summary_large_image\" \/>\n<meta name=\"twitter:label1\" content=\"Est. reading time\" \/>\n\t<meta name=\"twitter:data1\" content=\"1 minut\" \/>\n<script type=\"application\/ld+json\" class=\"yoast-schema-graph\">{\"@context\":\"https:\/\/schema.org\",\"@graph\":[{\"@type\":\"WebPage\",\"@id\":\"https:\/\/baubauwall.com\/et\/toode\/tapeet-dotty-dots-valge\/\",\"url\":\"https:\/\/baubauwall.com\/et\/toode\/tapeet-dotty-dots-valge\/\",\"name\":\"Abstraktne muster, t\u00e4piline ja stiilne Dotty Dots hele tapeet.\",\"isPartOf\":{\"@id\":\"https:\/\/baubauwall.com\/et\/#website\"},\"primaryImageOfPage\":{\"@id\":\"https:\/\/baubauwall.com\/et\/toode\/tapeet-dotty-dots-valge\/#primaryimage\"},\"image\":{\"@id\":\"https:\/\/baubauwall.com\/et\/toode\/tapeet-dotty-dots-valge\/#primaryimage\"},\"thumbnailUrl\":\"https:\/\/baubauwall.com\/wp-content\/uploads\/2022\/02\/51100065_-DottyDots-White_Baubauwall_Wallpaper_room2.jpg\",\"datePublished\":\"2022-02-14T14:47:21+00:00\",\"dateModified\":\"2024-08-06T10:36:20+00:00\",\"description\":\"T\u00e4piline muster, stiilne hele tapeet. Tr\u00fckime t\u00e4pselt teie seina m\u00f5\u00f5tu, valmis l\u00f5igatud tapeedipaanid. Ainulaadsed tapeedidisainid.\",\"breadcrumb\":{\"@id\":\"https:\/\/baubauwall.com\/et\/toode\/tapeet-dotty-dots-valge\/#breadcrumb\"},\"inLanguage\":\"et\",\"potentialAction\":[{\"@type\":\"ReadAction\",\"target\":[\"https:\/\/baubauwall.com\/et\/toode\/tapeet-dotty-dots-valge\/\"]}]},{\"@type\":\"ImageObject\",\"inLanguage\":\"et\",\"@id\":\"https:\/\/baubauwall.com\/et\/toode\/tapeet-dotty-dots-valge\/#primaryimage\",\"url\":\"https:\/\/baubauwall.com\/wp-content\/uploads\/2022\/02\/51100065_-DottyDots-White_Baubauwall_Wallpaper_room2.jpg\",\"contentUrl\":\"https:\/\/baubauwall.com\/wp-content\/uploads\/2022\/02\/51100065_-DottyDots-White_Baubauwall_Wallpaper_room2.jpg\",\"width\":1067,\"height\":800},{\"@type\":\"BreadcrumbList\",\"@id\":\"https:\/\/baubauwall.com\/et\/toode\/tapeet-dotty-dots-valge\/#breadcrumb\",\"itemListElement\":[{\"@type\":\"ListItem\",\"position\":1,\"name\":\"Koju\",\"item\":\"https:\/\/baubauwall.com\/et\/\"},{\"@type\":\"ListItem\",\"position\":2,\"name\":\"Tapeedid\",\"item\":\"https:\/\/baubauwall.com\/et\/tapeedid\/\"},{\"@type\":\"ListItem\",\"position\":3,\"name\":\"Dotty Dots &#8211; valge\"}]},{\"@type\":\"WebSite\",\"@id\":\"https:\/\/baubauwall.com\/et\/#website\",\"url\":\"https:\/\/baubauwall.com\/et\/\",\"name\":\"BAUBAUWALL Wallpapers\",\"description\":\"Valmis paanides tapeet Eestist!\",\"publisher\":{\"@id\":\"https:\/\/baubauwall.com\/et\/#organization\"},\"potentialAction\":[{\"@type\":\"SearchAction\",\"target\":{\"@type\":\"EntryPoint\",\"urlTemplate\":\"https:\/\/baubauwall.com\/et\/?s={search_term_string}\"},\"query-input\":{\"@type\":\"PropertyValueSpecification\",\"valueRequired\":true,\"valueName\":\"search_term_string\"}}],\"inLanguage\":\"et\"},{\"@type\":\"Organization\",\"@id\":\"https:\/\/baubauwall.com\/et\/#organization\",\"name\":\"BAUBAUWALL Wallpapers\",\"url\":\"https:\/\/baubauwall.com\/et\/\",\"logo\":{\"@type\":\"ImageObject\",\"inLanguage\":\"et\",\"@id\":\"https:\/\/baubauwall.com\/et\/#\/schema\/logo\/image\/\",\"url\":\"https:\/\/baubauwall.com\/wp-content\/uploads\/2022\/03\/logo-horizontal.svg\",\"contentUrl\":\"https:\/\/baubauwall.com\/wp-content\/uploads\/2022\/03\/logo-horizontal.svg\",\"width\":\"1024\",\"height\":\"1024\",\"caption\":\"BAUBAUWALL Wallpapers\"},\"image\":{\"@id\":\"https:\/\/baubauwall.com\/et\/#\/schema\/logo\/image\/\"},\"sameAs\":[\"https:\/\/www.facebook.com\/Baubauwall\",\"https:\/\/www.instagram.com\/baubauwall\"]}]}<\/script>\n<!-- \/ Yoast SEO plugin. -->","yoast_head_json":{"title":"Abstraktne muster, t\u00e4piline ja stiilne Dotty Dots hele tapeet.","description":"T\u00e4piline muster, stiilne hele tapeet. Tr\u00fckime t\u00e4pselt teie seina m\u00f5\u00f5tu, valmis l\u00f5igatud tapeedipaanid. Ainulaadsed tapeedidisainid.","robots":{"index":"index","follow":"follow","max-snippet":"max-snippet:-1","max-image-preview":"max-image-preview:large","max-video-preview":"max-video-preview:-1"},"canonical":"https:\/\/baubauwall.com\/et\/toode\/tapeet-dotty-dots-valge\/","og_locale":"et_EE","og_type":"article","og_title":"Abstraktne muster, t\u00e4piline ja stiilne Dotty Dots hele tapeet.","og_description":"T\u00e4piline muster, stiilne hele tapeet. Tr\u00fckime t\u00e4pselt teie seina m\u00f5\u00f5tu, valmis l\u00f5igatud tapeedipaanid. Ainulaadsed tapeedidisainid.","og_url":"https:\/\/baubauwall.com\/et\/toode\/tapeet-dotty-dots-valge\/","og_site_name":"BAUBAUWALL TAPEEDID","article_publisher":"https:\/\/www.facebook.com\/Baubauwall","article_modified_time":"2024-08-06T10:36:20+00:00","og_image":[{"width":1067,"height":800,"url":"https:\/\/i0.wp.com\/baubauwall.com\/wp-content\/uploads\/2022\/02\/51100065_-DottyDots-White_Baubauwall_Wallpaper_room2.jpg?fit=1067%2C800&ssl=1","type":"image\/jpeg"}],"twitter_card":"summary_large_image","twitter_misc":{"Est. reading time":"1 minut"},"schema":{"@context":"https:\/\/schema.org","@graph":[{"@type":"WebPage","@id":"https:\/\/baubauwall.com\/et\/toode\/tapeet-dotty-dots-valge\/","url":"https:\/\/baubauwall.com\/et\/toode\/tapeet-dotty-dots-valge\/","name":"Abstraktne muster, t\u00e4piline ja stiilne Dotty Dots hele tapeet.","isPartOf":{"@id":"https:\/\/baubauwall.com\/et\/#website"},"primaryImageOfPage":{"@id":"https:\/\/baubauwall.com\/et\/toode\/tapeet-dotty-dots-valge\/#primaryimage"},"image":{"@id":"https:\/\/baubauwall.com\/et\/toode\/tapeet-dotty-dots-valge\/#primaryimage"},"thumbnailUrl":"https:\/\/baubauwall.com\/wp-content\/uploads\/2022\/02\/51100065_-DottyDots-White_Baubauwall_Wallpaper_room2.jpg","datePublished":"2022-02-14T14:47:21+00:00","dateModified":"2024-08-06T10:36:20+00:00","description":"T\u00e4piline muster, stiilne hele tapeet. Tr\u00fckime t\u00e4pselt teie seina m\u00f5\u00f5tu, valmis l\u00f5igatud tapeedipaanid. Ainulaadsed tapeedidisainid.","breadcrumb":{"@id":"https:\/\/baubauwall.com\/et\/toode\/tapeet-dotty-dots-valge\/#breadcrumb"},"inLanguage":"et","potentialAction":[{"@type":"ReadAction","target":["https:\/\/baubauwall.com\/et\/toode\/tapeet-dotty-dots-valge\/"]}]},{"@type":"ImageObject","inLanguage":"et","@id":"https:\/\/baubauwall.com\/et\/toode\/tapeet-dotty-dots-valge\/#primaryimage","url":"https:\/\/baubauwall.com\/wp-content\/uploads\/2022\/02\/51100065_-DottyDots-White_Baubauwall_Wallpaper_room2.jpg","contentUrl":"https:\/\/baubauwall.com\/wp-content\/uploads\/2022\/02\/51100065_-DottyDots-White_Baubauwall_Wallpaper_room2.jpg","width":1067,"height":800},{"@type":"BreadcrumbList","@id":"https:\/\/baubauwall.com\/et\/toode\/tapeet-dotty-dots-valge\/#breadcrumb","itemListElement":[{"@type":"ListItem","position":1,"name":"Koju","item":"https:\/\/baubauwall.com\/et\/"},{"@type":"ListItem","position":2,"name":"Tapeedid","item":"https:\/\/baubauwall.com\/et\/tapeedid\/"},{"@type":"ListItem","position":3,"name":"Dotty Dots &#8211; valge"}]},{"@type":"WebSite","@id":"https:\/\/baubauwall.com\/et\/#website","url":"https:\/\/baubauwall.com\/et\/","name":"BAUBAUWALL Wallpapers","description":"Valmis paanides tapeet Eestist!","publisher":{"@id":"https:\/\/baubauwall.com\/et\/#organization"},"potentialAction":[{"@type":"SearchAction","target":{"@type":"EntryPoint","urlTemplate":"https:\/\/baubauwall.com\/et\/?s={search_term_string}"},"query-input":{"@type":"PropertyValueSpecification","valueRequired":true,"valueName":"search_term_string"}}],"inLanguage":"et"},{"@type":"Organization","@id":"https:\/\/baubauwall.com\/et\/#organization","name":"BAUBAUWALL Wallpapers","url":"https:\/\/baubauwall.com\/et\/","logo":{"@type":"ImageObject","inLanguage":"et","@id":"https:\/\/baubauwall.com\/et\/#\/schema\/logo\/image\/","url":"https:\/\/baubauwall.com\/wp-content\/uploads\/2022\/03\/logo-horizontal.svg","contentUrl":"https:\/\/baubauwall.com\/wp-content\/uploads\/2022\/03\/logo-horizontal.svg","width":"1024","height":"1024","caption":"BAUBAUWALL Wallpapers"},"image":{"@id":"https:\/\/baubauwall.com\/et\/#\/schema\/logo\/image\/"},"sameAs":["https:\/\/www.facebook.com\/Baubauwall","https:\/\/www.instagram.com\/baubauwall"]}]}},"jetpack_sharing_enabled":true,"_links":{"self":[{"href":"https:\/\/baubauwall.com\/et\/wp-json\/wp\/v2\/product\/5534","targetHints":{"allow":["GET"]}}],"collection":[{"href":"https:\/\/baubauwall.com\/et\/wp-json\/wp\/v2\/product"}],"about":[{"href":"https:\/\/baubauwall.com\/et\/wp-json\/wp\/v2\/types\/product"}],"replies":[{"embeddable":true,"href":"https:\/\/baubauwall.com\/et\/wp-json\/wp\/v2\/comments?post=5534"}],"wp:featuredmedia":[{"embeddable":true,"href":"https:\/\/baubauwall.com\/et\/wp-json\/wp\/v2\/media\/4184"}],"wp:attachment":[{"href":"https:\/\/baubauwall.com\/et\/wp-json\/wp\/v2\/media?parent=5534"}],"wp:term":[{"taxonomy":"product_brand","embeddable":true,"href":"https:\/\/baubauwall.com\/et\/wp-json\/wp\/v2\/product_brand?post=5534"},{"taxonomy":"product_cat","embeddable":true,"href":"https:\/\/baubauwall.com\/et\/wp-json\/wp\/v2\/product_cat?post=5534"},{"taxonomy":"product_tag","embeddable":true,"href":"https:\/\/baubauwall.com\/et\/wp-json\/wp\/v2\/product_tag?post=5534"}],"curies":[{"name":"wp","href":"https:\/\/api.w.org\/{rel}","templated":true}]}}