{"id":5536,"date":"2022-07-14T15:02:28","date_gmt":"2022-07-14T13:02:28","guid":{"rendered":"https:\/\/baubauwall.com\/?post_type=product&#038;p=5536"},"modified":"2024-08-06T12:33:28","modified_gmt":"2024-08-06T10:33:28","slug":"tapeet-abstraktne-geomeetria-hall","status":"publish","type":"product","link":"https:\/\/baubauwall.com\/et\/toode\/tapeet-abstraktne-geomeetria-hall\/","title":{"rendered":"Abstraktne soomusgeomeetria &#8211; hall"},"content":{"rendered":"<div class=\"flex-1 overflow-hidden\">\n<div class=\"react-scroll-to-bottom--css-tfyny-79elbk h-full\">\n<div class=\"react-scroll-to-bottom--css-tfyny-1n7m0yu\">\n<div class=\"flex flex-col pb-9 text-sm\">\n<div class=\"w-full text-token-text-primary\" data-testid=\"conversation-turn-15\">\n<div class=\"px-4 py-2 justify-center text-base md:gap-6 m-auto\">\n<div class=\"flex flex-1 text-base mx-auto gap-3 md:px-5 lg:px-1 xl:px-5 md:max-w-3xl lg:max-w-[40rem] xl:max-w-[48rem] group final-completion\">\n<div class=\"relative flex w-full flex-col lg:w-[calc(100%-115px)] agent-turn\">\n<div class=\"flex-col gap-1 md:gap-3\">\n<div class=\"flex flex-grow flex-col max-w-full\">\n<div class=\"min-h-[20px] text-message flex flex-col items-start gap-3 whitespace-pre-wrap break-words [.text-message+&amp;]:mt-5 overflow-x-auto\" data-message-author-role=\"assistant\" data-message-id=\"3c6f1639-03a4-4655-80bf-9fc09f64a286\">\n<div class=\"markdown prose w-full break-words dark:prose-invert light\">\n<p>Geomeetriline, abstraktne 3D-efektiga hall tapeedimuster meenutab justkui kingikarpi! 3D-efektiga muster loob tapeeditud seinal l\u00f5putuse efekti, mis on \u00e4ge. Hallide ja valgete toonidega on see tapeet mitmek\u00fclgne ja sobilik paljude erinevate sisekujundusstiilidega.\u00a0 Olgu tegemist siis magamistoa, elutoa v\u00f5i s\u00f6\u00f6gitoa seinaga \u2013 halli mustriga tapeet on lihtne ja ajatu valik.<\/p>\n<p><strong>Miks osta tapeet siit? Tapeetimine pole kunagi nii lihtne olnud!<\/strong><\/p>\n<ul>\n<li>Eesti disain<\/li>\n<li>Nummerdatud tapeedipaanid<\/li>\n<li>Just nii pikad paanid, kui on Sinu sein<\/li>\n<li>Premium, matt fliistapeedi materjal<\/li>\n<li>M\u00fcrgivabad tr\u00fckiv\u00e4rvid, Greenguard sertifitseeritud<\/li>\n<li>Keskkonnas\u00f5bralik, j\u00e4\u00e4tmevaba tapeetimine<\/li>\n<li>Tasuta tapeediliim<\/li>\n<li>Tasuta transport ja kiire tarne 5 t\u00f6\u00f6p\u00e4evaga<\/li>\n<\/ul>\n<p>Loe l\u00e4hemalt nutikatest, eritellimust\u00f6\u00f6na valmivatest tapeetidest\u00a0<a href=\"https:\/\/baubauwall.com\/et\/keskkonnasobralikud-tapeedid\/\">siit.<\/a><\/p>\n<\/div>\n<\/div>\n<\/div>\n<\/div>\n<\/div>\n<\/div>\n<\/div>\n<\/div>\n<\/div>\n<\/div>\n<\/div>\n<\/div>\n<div class=\"w-full pt-2 md:pt-0 dark:border-white\/20 md:border-transparent md:dark:border-transparent md:w-[calc(100%-.5rem)]\">\n<form class=\"stretch mx-2 flex flex-row gap-3 last:mb-2 md:mx-4 md:last:mb-6 lg:mx-auto lg:max-w-2xl xl:max-w-3xl\">\n<div class=\"relative flex h-full flex-1 items-stretch md:flex-col\">\n<div class=\"flex w-full items-center\"><\/div>\n<\/div>\n<\/form>\n<\/div>\n","protected":false},"excerpt":{"rendered":"<p>Geomeetriline, abstraktne 3D-efektiga hall tapeedimuster meenutab justkui kingikarpi! 3D-efektiga muster loob tapeeditud seinal l\u00f5putuse efekti, mis on \u00e4ge. Hallide ja valgete toonidega on see tapeet mitmek\u00fclgne ja sobilik paljude erinevate sisekujundusstiilidega.\u00a0 Olgu tegemist siis magamistoa, elutoa v\u00f5i s\u00f6\u00f6gitoa seinaga \u2013 halli mustriga tapeet on lihtne ja ajatu valik. Miks osta tapeet siit? Tapeetimine pole kunagi [&hellip;]<\/p>\n","protected":false},"featured_media":15611,"comment_status":"open","ping_status":"closed","template":"","meta":{"_acf_changed":false,"inline_featured_image":false},"product_brand":[],"product_cat":[386,404,408,272,273,413,414,415,416,399,402,412],"product_tag":[279,832],"class_list":{"0":"post-5536","1":"product","2":"type-product","3":"status-publish","4":"has-post-thumbnail","6":"product_cat-kordusmustriga-tapeedid","7":"product_cat-abstraktne","8":"product_cat-geomeetriline","9":"product_cat-hallid-tapeedid","10":"product_cat-heledad-tapeedid","11":"product_cat-magamistoa-tapeedid","12":"product_cat-soogitoa-tapeedid","13":"product_cat-kulalistetoa-tapeedid","14":"product_cat-esiku-tapeedid","15":"product_cat-kodukontori-tapeedid","16":"product_cat-elutoa-tapeedid","17":"product_cat-vannitoa-tapeedid","18":"product_tag-3d-et","19":"product_tag-kordusmustriga-tapeedid","20":"pa_designedby-baubauwall","22":"first","23":"instock","24":"taxable","25":"shipping-taxable","26":"purchasable","27":"product-type-simple"},"acf":[],"yoast_head":"<!-- This site is optimized with the Yoast SEO plugin v25.9 - https:\/\/yoast.com\/wordpress\/plugins\/seo\/ -->\n<title>Abstraktne 3D efektiga geomeetriline hall tapeet. Dsaintapeedid.<\/title>\n<meta name=\"description\" content=\"Geomeetriline muster, 3D efekt, hall tapeet elutuppa v\u00f5i magamistuppa. Tapeedipaanid, mis on l\u00f5igatud t\u00e4pselt sinu seina m\u00f5\u00f5tu.\" \/>\n<meta name=\"robots\" content=\"index, follow, max-snippet:-1, max-image-preview:large, max-video-preview:-1\" \/>\n<link rel=\"canonical\" href=\"https:\/\/baubauwall.com\/et\/toode\/tapeet-abstraktne-geomeetria-hall\/\" \/>\n<meta property=\"og:locale\" content=\"et_EE\" \/>\n<meta property=\"og:type\" content=\"article\" \/>\n<meta property=\"og:title\" content=\"Abstraktne 3D efektiga geomeetriline hall tapeet. Dsaintapeedid.\" \/>\n<meta property=\"og:description\" content=\"Geomeetriline muster, 3D efekt, hall tapeet elutuppa v\u00f5i magamistuppa. Tapeedipaanid, mis on l\u00f5igatud t\u00e4pselt sinu seina m\u00f5\u00f5tu.\" \/>\n<meta property=\"og:url\" content=\"https:\/\/baubauwall.com\/et\/toode\/tapeet-abstraktne-geomeetria-hall\/\" \/>\n<meta property=\"og:site_name\" content=\"BAUBAUWALL Wallpapers\" \/>\n<meta property=\"article:publisher\" content=\"https:\/\/www.facebook.com\/Baubauwall\" \/>\n<meta property=\"article:modified_time\" content=\"2024-08-06T10:33:28+00:00\" \/>\n<meta property=\"og:image\" content=\"https:\/\/i0.wp.com\/baubauwall.com\/wp-content\/uploads\/2022\/02\/51100067_AbstractScale-grey_Baubauwall_Wallpaper_room4-2.jpg?fit=1200%2C800&ssl=1\" \/>\n\t<meta property=\"og:image:width\" content=\"1200\" \/>\n\t<meta property=\"og:image:height\" content=\"800\" \/>\n\t<meta property=\"og:image:type\" content=\"image\/jpeg\" \/>\n<meta name=\"twitter:card\" content=\"summary_large_image\" \/>\n<meta name=\"twitter:label1\" content=\"Est. reading time\" \/>\n\t<meta name=\"twitter:data1\" content=\"1 minut\" \/>\n<script type=\"application\/ld+json\" class=\"yoast-schema-graph\">{\"@context\":\"https:\/\/schema.org\",\"@graph\":[{\"@type\":\"WebPage\",\"@id\":\"https:\/\/baubauwall.com\/et\/toode\/tapeet-abstraktne-geomeetria-hall\/\",\"url\":\"https:\/\/baubauwall.com\/et\/toode\/tapeet-abstraktne-geomeetria-hall\/\",\"name\":\"Abstraktne 3D efektiga geomeetriline hall tapeet. Dsaintapeedid.\",\"isPartOf\":{\"@id\":\"https:\/\/baubauwall.com\/et\/#website\"},\"primaryImageOfPage\":{\"@id\":\"https:\/\/baubauwall.com\/et\/toode\/tapeet-abstraktne-geomeetria-hall\/#primaryimage\"},\"image\":{\"@id\":\"https:\/\/baubauwall.com\/et\/toode\/tapeet-abstraktne-geomeetria-hall\/#primaryimage\"},\"thumbnailUrl\":\"https:\/\/baubauwall.com\/wp-content\/uploads\/2022\/02\/51100067_AbstractScale-grey_Baubauwall_Wallpaper_room4-2.jpg\",\"datePublished\":\"2022-07-14T13:02:28+00:00\",\"dateModified\":\"2024-08-06T10:33:28+00:00\",\"description\":\"Geomeetriline muster, 3D efekt, hall tapeet elutuppa v\u00f5i magamistuppa. Tapeedipaanid, mis on l\u00f5igatud t\u00e4pselt sinu seina m\u00f5\u00f5tu.\",\"breadcrumb\":{\"@id\":\"https:\/\/baubauwall.com\/et\/toode\/tapeet-abstraktne-geomeetria-hall\/#breadcrumb\"},\"inLanguage\":\"et\",\"potentialAction\":[{\"@type\":\"ReadAction\",\"target\":[\"https:\/\/baubauwall.com\/et\/toode\/tapeet-abstraktne-geomeetria-hall\/\"]}]},{\"@type\":\"ImageObject\",\"inLanguage\":\"et\",\"@id\":\"https:\/\/baubauwall.com\/et\/toode\/tapeet-abstraktne-geomeetria-hall\/#primaryimage\",\"url\":\"https:\/\/baubauwall.com\/wp-content\/uploads\/2022\/02\/51100067_AbstractScale-grey_Baubauwall_Wallpaper_room4-2.jpg\",\"contentUrl\":\"https:\/\/baubauwall.com\/wp-content\/uploads\/2022\/02\/51100067_AbstractScale-grey_Baubauwall_Wallpaper_room4-2.jpg\",\"width\":1200,\"height\":800},{\"@type\":\"BreadcrumbList\",\"@id\":\"https:\/\/baubauwall.com\/et\/toode\/tapeet-abstraktne-geomeetria-hall\/#breadcrumb\",\"itemListElement\":[{\"@type\":\"ListItem\",\"position\":1,\"name\":\"Koju\",\"item\":\"https:\/\/baubauwall.com\/et\/\"},{\"@type\":\"ListItem\",\"position\":2,\"name\":\"Tapeedid\",\"item\":\"https:\/\/baubauwall.com\/et\/tapeedid\/\"},{\"@type\":\"ListItem\",\"position\":3,\"name\":\"Abstraktne soomusgeomeetria &#8211; hall\"}]},{\"@type\":\"WebSite\",\"@id\":\"https:\/\/baubauwall.com\/et\/#website\",\"url\":\"https:\/\/baubauwall.com\/et\/\",\"name\":\"BAUBAUWALL Wallpapers\",\"description\":\"Valmis paanides tapeet Eestist!\",\"publisher\":{\"@id\":\"https:\/\/baubauwall.com\/et\/#organization\"},\"potentialAction\":[{\"@type\":\"SearchAction\",\"target\":{\"@type\":\"EntryPoint\",\"urlTemplate\":\"https:\/\/baubauwall.com\/et\/?s={search_term_string}\"},\"query-input\":{\"@type\":\"PropertyValueSpecification\",\"valueRequired\":true,\"valueName\":\"search_term_string\"}}],\"inLanguage\":\"et\"},{\"@type\":\"Organization\",\"@id\":\"https:\/\/baubauwall.com\/et\/#organization\",\"name\":\"BAUBAUWALL Wallpapers\",\"url\":\"https:\/\/baubauwall.com\/et\/\",\"logo\":{\"@type\":\"ImageObject\",\"inLanguage\":\"et\",\"@id\":\"https:\/\/baubauwall.com\/et\/#\/schema\/logo\/image\/\",\"url\":\"https:\/\/baubauwall.com\/wp-content\/uploads\/2022\/03\/logo-horizontal.svg\",\"contentUrl\":\"https:\/\/baubauwall.com\/wp-content\/uploads\/2022\/03\/logo-horizontal.svg\",\"width\":\"1024\",\"height\":\"1024\",\"caption\":\"BAUBAUWALL Wallpapers\"},\"image\":{\"@id\":\"https:\/\/baubauwall.com\/et\/#\/schema\/logo\/image\/\"},\"sameAs\":[\"https:\/\/www.facebook.com\/Baubauwall\",\"https:\/\/www.instagram.com\/baubauwall\"]}]}<\/script>\n<!-- \/ Yoast SEO plugin. -->","yoast_head_json":{"title":"Abstraktne 3D efektiga geomeetriline hall tapeet. Dsaintapeedid.","description":"Geomeetriline muster, 3D efekt, hall tapeet elutuppa v\u00f5i magamistuppa. Tapeedipaanid, mis on l\u00f5igatud t\u00e4pselt sinu seina m\u00f5\u00f5tu.","robots":{"index":"index","follow":"follow","max-snippet":"max-snippet:-1","max-image-preview":"max-image-preview:large","max-video-preview":"max-video-preview:-1"},"canonical":"https:\/\/baubauwall.com\/et\/toode\/tapeet-abstraktne-geomeetria-hall\/","og_locale":"et_EE","og_type":"article","og_title":"Abstraktne 3D efektiga geomeetriline hall tapeet. Dsaintapeedid.","og_description":"Geomeetriline muster, 3D efekt, hall tapeet elutuppa v\u00f5i magamistuppa. Tapeedipaanid, mis on l\u00f5igatud t\u00e4pselt sinu seina m\u00f5\u00f5tu.","og_url":"https:\/\/baubauwall.com\/et\/toode\/tapeet-abstraktne-geomeetria-hall\/","og_site_name":"BAUBAUWALL Wallpapers","article_publisher":"https:\/\/www.facebook.com\/Baubauwall","article_modified_time":"2024-08-06T10:33:28+00:00","og_image":[{"width":1200,"height":800,"url":"https:\/\/i0.wp.com\/baubauwall.com\/wp-content\/uploads\/2022\/02\/51100067_AbstractScale-grey_Baubauwall_Wallpaper_room4-2.jpg?fit=1200%2C800&ssl=1","type":"image\/jpeg"}],"twitter_card":"summary_large_image","twitter_misc":{"Est. reading time":"1 minut"},"schema":{"@context":"https:\/\/schema.org","@graph":[{"@type":"WebPage","@id":"https:\/\/baubauwall.com\/et\/toode\/tapeet-abstraktne-geomeetria-hall\/","url":"https:\/\/baubauwall.com\/et\/toode\/tapeet-abstraktne-geomeetria-hall\/","name":"Abstraktne 3D efektiga geomeetriline hall tapeet. Dsaintapeedid.","isPartOf":{"@id":"https:\/\/baubauwall.com\/et\/#website"},"primaryImageOfPage":{"@id":"https:\/\/baubauwall.com\/et\/toode\/tapeet-abstraktne-geomeetria-hall\/#primaryimage"},"image":{"@id":"https:\/\/baubauwall.com\/et\/toode\/tapeet-abstraktne-geomeetria-hall\/#primaryimage"},"thumbnailUrl":"https:\/\/baubauwall.com\/wp-content\/uploads\/2022\/02\/51100067_AbstractScale-grey_Baubauwall_Wallpaper_room4-2.jpg","datePublished":"2022-07-14T13:02:28+00:00","dateModified":"2024-08-06T10:33:28+00:00","description":"Geomeetriline muster, 3D efekt, hall tapeet elutuppa v\u00f5i magamistuppa. Tapeedipaanid, mis on l\u00f5igatud t\u00e4pselt sinu seina m\u00f5\u00f5tu.","breadcrumb":{"@id":"https:\/\/baubauwall.com\/et\/toode\/tapeet-abstraktne-geomeetria-hall\/#breadcrumb"},"inLanguage":"et","potentialAction":[{"@type":"ReadAction","target":["https:\/\/baubauwall.com\/et\/toode\/tapeet-abstraktne-geomeetria-hall\/"]}]},{"@type":"ImageObject","inLanguage":"et","@id":"https:\/\/baubauwall.com\/et\/toode\/tapeet-abstraktne-geomeetria-hall\/#primaryimage","url":"https:\/\/baubauwall.com\/wp-content\/uploads\/2022\/02\/51100067_AbstractScale-grey_Baubauwall_Wallpaper_room4-2.jpg","contentUrl":"https:\/\/baubauwall.com\/wp-content\/uploads\/2022\/02\/51100067_AbstractScale-grey_Baubauwall_Wallpaper_room4-2.jpg","width":1200,"height":800},{"@type":"BreadcrumbList","@id":"https:\/\/baubauwall.com\/et\/toode\/tapeet-abstraktne-geomeetria-hall\/#breadcrumb","itemListElement":[{"@type":"ListItem","position":1,"name":"Koju","item":"https:\/\/baubauwall.com\/et\/"},{"@type":"ListItem","position":2,"name":"Tapeedid","item":"https:\/\/baubauwall.com\/et\/tapeedid\/"},{"@type":"ListItem","position":3,"name":"Abstraktne soomusgeomeetria &#8211; hall"}]},{"@type":"WebSite","@id":"https:\/\/baubauwall.com\/et\/#website","url":"https:\/\/baubauwall.com\/et\/","name":"BAUBAUWALL Wallpapers","description":"Valmis paanides tapeet Eestist!","publisher":{"@id":"https:\/\/baubauwall.com\/et\/#organization"},"potentialAction":[{"@type":"SearchAction","target":{"@type":"EntryPoint","urlTemplate":"https:\/\/baubauwall.com\/et\/?s={search_term_string}"},"query-input":{"@type":"PropertyValueSpecification","valueRequired":true,"valueName":"search_term_string"}}],"inLanguage":"et"},{"@type":"Organization","@id":"https:\/\/baubauwall.com\/et\/#organization","name":"BAUBAUWALL Wallpapers","url":"https:\/\/baubauwall.com\/et\/","logo":{"@type":"ImageObject","inLanguage":"et","@id":"https:\/\/baubauwall.com\/et\/#\/schema\/logo\/image\/","url":"https:\/\/baubauwall.com\/wp-content\/uploads\/2022\/03\/logo-horizontal.svg","contentUrl":"https:\/\/baubauwall.com\/wp-content\/uploads\/2022\/03\/logo-horizontal.svg","width":"1024","height":"1024","caption":"BAUBAUWALL Wallpapers"},"image":{"@id":"https:\/\/baubauwall.com\/et\/#\/schema\/logo\/image\/"},"sameAs":["https:\/\/www.facebook.com\/Baubauwall","https:\/\/www.instagram.com\/baubauwall"]}]}},"jetpack_sharing_enabled":true,"_links":{"self":[{"href":"https:\/\/baubauwall.com\/et\/wp-json\/wp\/v2\/product\/5536","targetHints":{"allow":["GET"]}}],"collection":[{"href":"https:\/\/baubauwall.com\/et\/wp-json\/wp\/v2\/product"}],"about":[{"href":"https:\/\/baubauwall.com\/et\/wp-json\/wp\/v2\/types\/product"}],"replies":[{"embeddable":true,"href":"https:\/\/baubauwall.com\/et\/wp-json\/wp\/v2\/comments?post=5536"}],"wp:featuredmedia":[{"embeddable":true,"href":"https:\/\/baubauwall.com\/et\/wp-json\/wp\/v2\/media\/15611"}],"wp:attachment":[{"href":"https:\/\/baubauwall.com\/et\/wp-json\/wp\/v2\/media?parent=5536"}],"wp:term":[{"taxonomy":"product_brand","embeddable":true,"href":"https:\/\/baubauwall.com\/et\/wp-json\/wp\/v2\/product_brand?post=5536"},{"taxonomy":"product_cat","embeddable":true,"href":"https:\/\/baubauwall.com\/et\/wp-json\/wp\/v2\/product_cat?post=5536"},{"taxonomy":"product_tag","embeddable":true,"href":"https:\/\/baubauwall.com\/et\/wp-json\/wp\/v2\/product_tag?post=5536"}],"curies":[{"name":"wp","href":"https:\/\/api.w.org\/{rel}","templated":true}]}}