{"id":5572,"date":"2022-02-15T14:53:17","date_gmt":"2022-02-15T12:53:17","guid":{"rendered":"https:\/\/baubauwall.com\/product\/little-ballerinas-wallpaper\/"},"modified":"2023-11-06T15:34:15","modified_gmt":"2023-11-06T13:34:15","slug":"little-ballerinas-wallpaper","status":"publish","type":"product","link":"https:\/\/baubauwall.com\/et\/toode\/little-ballerinas-wallpaper\/","title":{"rendered":"V\u00e4iksed baleriinid"},"content":{"rendered":"<p>Graatsiliste baleriinidega roosa tapeet on loodud spetsiaalselt lastetuppa. Heleroosal taustal tantsivad haprad baleriinid \u201cLuikede j\u00e4rve\u201d \u2013 v\u00f5i on see hoopis kuulus \u201cP\u00e4hklipureja\u201d? Armas ja t\u00e4hendusrikas tapeet, mida saab kasutada toa k\u00f5ikidel seintel. Lisa m\u00f5ned roosad aksessuaarid, et luua v\u00e4ikese t\u00fcdruku unistuste tuba.<\/p>\n<p>Nagu k\u00f5ik meie kordusmustriga tapeedid ja pilttapeedid, on ka see disaintapeet tr\u00fckitud\u00a0<a href=\"https:\/\/baubauwall.com\/et\/keskkonnasobralikud-tapeedid\/\" target=\"_blank\" rel=\"noopener\">keskkonnas\u00f5bralike v\u00e4rvidega<\/a>, hingavale fliistapeedi materjalile. Tapeedi pind on matt, seda on lihtne paigaldada \u2013 tapeedipaanid on nummerdatud ja t\u00e4pselt nii pikad, kui Sinu sein.<\/p>\n","protected":false},"excerpt":{"rendered":"<p>Graatsiliste baleriinidega roosa tapeet on loodud spetsiaalselt lastetuppa. Heleroosal taustal tantsivad haprad baleriinid \u201cLuikede j\u00e4rve\u201d \u2013 v\u00f5i on see hoopis kuulus \u201cP\u00e4hklipureja\u201d? Armas ja t\u00e4hendusrikas tapeet, mida saab kasutada toa k\u00f5ikidel seintel. Lisa m\u00f5ned roosad aksessuaarid, et luua v\u00e4ikese t\u00fcdruku unistuste tuba. Nagu k\u00f5ik meie kordusmustriga tapeedid ja pilttapeedid, on ka see disaintapeet tr\u00fckitud\u00a0keskkonnas\u00f5bralike v\u00e4rvidega, [&hellip;]<\/p>\n","protected":false},"featured_media":1437,"comment_status":"open","ping_status":"closed","template":"","meta":{"_acf_changed":false,"inline_featured_image":false},"product_brand":[],"product_cat":[386,273,278,400],"product_tag":[349,324],"class_list":{"0":"post-5572","1":"product","2":"type-product","3":"status-publish","4":"has-post-thumbnail","6":"product_cat-kordusmustriga-tapeedid","7":"product_cat-heledad-tapeedid","8":"product_cat-roosad-tapeedid","9":"product_cat-lastetoa-tapeedid","10":"product_tag-beebituba","11":"product_tag-tudruku-tuba","12":"pa_designedby-baubauwall","14":"first","15":"instock","16":"taxable","17":"shipping-taxable","18":"purchasable","19":"product-type-simple"},"acf":[],"yoast_head":"<!-- This site is optimized with the Yoast SEO plugin v25.9 - https:\/\/yoast.com\/wordpress\/plugins\/seo\/ -->\n<title>Lastetoa roosa tapeet baleriinidega. Unistuste tapeet lastele<\/title>\n<meta name=\"description\" content=\"T\u00e4pselt sinu seina m\u00f5\u00f5dus tapeet lastetuppa. Baleriinidega, roosa tapeet t\u00fcdruku tuppa. Keskkonnas\u00f5bralik valik, tr\u00fckitud m\u00fcrgivabade v\u00e4rvidega.\" \/>\n<meta name=\"robots\" content=\"index, follow, max-snippet:-1, max-image-preview:large, max-video-preview:-1\" \/>\n<link rel=\"canonical\" href=\"https:\/\/baubauwall.com\/et\/toode\/little-ballerinas-wallpaper\/\" \/>\n<meta property=\"og:locale\" content=\"et_EE\" \/>\n<meta property=\"og:type\" content=\"article\" \/>\n<meta property=\"og:title\" content=\"Lastetoa roosa tapeet baleriinidega. Unistuste tapeet lastele\" \/>\n<meta property=\"og:description\" content=\"T\u00e4pselt sinu seina m\u00f5\u00f5dus tapeet lastetuppa. Baleriinidega, roosa tapeet t\u00fcdruku tuppa. Keskkonnas\u00f5bralik valik, tr\u00fckitud m\u00fcrgivabade v\u00e4rvidega.\" \/>\n<meta property=\"og:url\" content=\"https:\/\/baubauwall.com\/et\/toode\/little-ballerinas-wallpaper\/\" \/>\n<meta property=\"og:site_name\" content=\"BAUBAUWALL TAPEEDID\" \/>\n<meta property=\"article:publisher\" content=\"https:\/\/www.facebook.com\/Baubauwall\" \/>\n<meta property=\"article:modified_time\" content=\"2023-11-06T13:34:15+00:00\" \/>\n<meta property=\"og:image\" content=\"https:\/\/baubauwall.com\/wp-content\/uploads\/2022\/02\/51100073_baubauwallpaper_Little_ballerinas_room2.jpg\" \/>\n\t<meta property=\"og:image:width\" content=\"1612\" \/>\n\t<meta property=\"og:image:height\" content=\"850\" \/>\n\t<meta property=\"og:image:type\" content=\"image\/jpeg\" \/>\n<meta name=\"twitter:card\" content=\"summary_large_image\" \/>\n<meta name=\"twitter:label1\" content=\"Est. reading time\" \/>\n\t<meta name=\"twitter:data1\" content=\"1 minut\" \/>\n<script type=\"application\/ld+json\" class=\"yoast-schema-graph\">{\"@context\":\"https:\/\/schema.org\",\"@graph\":[{\"@type\":\"WebPage\",\"@id\":\"https:\/\/baubauwall.com\/et\/toode\/little-ballerinas-wallpaper\/\",\"url\":\"https:\/\/baubauwall.com\/et\/toode\/little-ballerinas-wallpaper\/\",\"name\":\"Lastetoa roosa tapeet baleriinidega. Unistuste tapeet lastele\",\"isPartOf\":{\"@id\":\"https:\/\/baubauwall.com\/et\/#website\"},\"primaryImageOfPage\":{\"@id\":\"https:\/\/baubauwall.com\/et\/toode\/little-ballerinas-wallpaper\/#primaryimage\"},\"image\":{\"@id\":\"https:\/\/baubauwall.com\/et\/toode\/little-ballerinas-wallpaper\/#primaryimage\"},\"thumbnailUrl\":\"https:\/\/baubauwall.com\/wp-content\/uploads\/2022\/02\/51100073_baubauwallpaper_Little_ballerinas_room2.jpg\",\"datePublished\":\"2022-02-15T12:53:17+00:00\",\"dateModified\":\"2023-11-06T13:34:15+00:00\",\"description\":\"T\u00e4pselt sinu seina m\u00f5\u00f5dus tapeet lastetuppa. Baleriinidega, roosa tapeet t\u00fcdruku tuppa. Keskkonnas\u00f5bralik valik, tr\u00fckitud m\u00fcrgivabade v\u00e4rvidega.\",\"breadcrumb\":{\"@id\":\"https:\/\/baubauwall.com\/et\/toode\/little-ballerinas-wallpaper\/#breadcrumb\"},\"inLanguage\":\"et\",\"potentialAction\":[{\"@type\":\"ReadAction\",\"target\":[\"https:\/\/baubauwall.com\/et\/toode\/little-ballerinas-wallpaper\/\"]}]},{\"@type\":\"ImageObject\",\"inLanguage\":\"et\",\"@id\":\"https:\/\/baubauwall.com\/et\/toode\/little-ballerinas-wallpaper\/#primaryimage\",\"url\":\"https:\/\/baubauwall.com\/wp-content\/uploads\/2022\/02\/51100073_baubauwallpaper_Little_ballerinas_room2.jpg\",\"contentUrl\":\"https:\/\/baubauwall.com\/wp-content\/uploads\/2022\/02\/51100073_baubauwallpaper_Little_ballerinas_room2.jpg\",\"width\":1612,\"height\":850},{\"@type\":\"BreadcrumbList\",\"@id\":\"https:\/\/baubauwall.com\/et\/toode\/little-ballerinas-wallpaper\/#breadcrumb\",\"itemListElement\":[{\"@type\":\"ListItem\",\"position\":1,\"name\":\"Koju\",\"item\":\"https:\/\/baubauwall.com\/et\/\"},{\"@type\":\"ListItem\",\"position\":2,\"name\":\"Tapeedid\",\"item\":\"https:\/\/baubauwall.com\/et\/tapeedid\/\"},{\"@type\":\"ListItem\",\"position\":3,\"name\":\"V\u00e4iksed baleriinid\"}]},{\"@type\":\"WebSite\",\"@id\":\"https:\/\/baubauwall.com\/et\/#website\",\"url\":\"https:\/\/baubauwall.com\/et\/\",\"name\":\"BAUBAUWALL Wallpapers\",\"description\":\"Valmis paanides tapeet Eestist!\",\"publisher\":{\"@id\":\"https:\/\/baubauwall.com\/et\/#organization\"},\"potentialAction\":[{\"@type\":\"SearchAction\",\"target\":{\"@type\":\"EntryPoint\",\"urlTemplate\":\"https:\/\/baubauwall.com\/et\/?s={search_term_string}\"},\"query-input\":{\"@type\":\"PropertyValueSpecification\",\"valueRequired\":true,\"valueName\":\"search_term_string\"}}],\"inLanguage\":\"et\"},{\"@type\":\"Organization\",\"@id\":\"https:\/\/baubauwall.com\/et\/#organization\",\"name\":\"BAUBAUWALL Wallpapers\",\"url\":\"https:\/\/baubauwall.com\/et\/\",\"logo\":{\"@type\":\"ImageObject\",\"inLanguage\":\"et\",\"@id\":\"https:\/\/baubauwall.com\/et\/#\/schema\/logo\/image\/\",\"url\":\"https:\/\/baubauwall.com\/wp-content\/uploads\/2022\/03\/logo-horizontal.svg\",\"contentUrl\":\"https:\/\/baubauwall.com\/wp-content\/uploads\/2022\/03\/logo-horizontal.svg\",\"width\":\"1024\",\"height\":\"1024\",\"caption\":\"BAUBAUWALL Wallpapers\"},\"image\":{\"@id\":\"https:\/\/baubauwall.com\/et\/#\/schema\/logo\/image\/\"},\"sameAs\":[\"https:\/\/www.facebook.com\/Baubauwall\",\"https:\/\/www.instagram.com\/baubauwall\"]}]}<\/script>\n<!-- \/ Yoast SEO plugin. -->","yoast_head_json":{"title":"Lastetoa roosa tapeet baleriinidega. Unistuste tapeet lastele","description":"T\u00e4pselt sinu seina m\u00f5\u00f5dus tapeet lastetuppa. Baleriinidega, roosa tapeet t\u00fcdruku tuppa. Keskkonnas\u00f5bralik valik, tr\u00fckitud m\u00fcrgivabade v\u00e4rvidega.","robots":{"index":"index","follow":"follow","max-snippet":"max-snippet:-1","max-image-preview":"max-image-preview:large","max-video-preview":"max-video-preview:-1"},"canonical":"https:\/\/baubauwall.com\/et\/toode\/little-ballerinas-wallpaper\/","og_locale":"et_EE","og_type":"article","og_title":"Lastetoa roosa tapeet baleriinidega. Unistuste tapeet lastele","og_description":"T\u00e4pselt sinu seina m\u00f5\u00f5dus tapeet lastetuppa. Baleriinidega, roosa tapeet t\u00fcdruku tuppa. Keskkonnas\u00f5bralik valik, tr\u00fckitud m\u00fcrgivabade v\u00e4rvidega.","og_url":"https:\/\/baubauwall.com\/et\/toode\/little-ballerinas-wallpaper\/","og_site_name":"BAUBAUWALL TAPEEDID","article_publisher":"https:\/\/www.facebook.com\/Baubauwall","article_modified_time":"2023-11-06T13:34:15+00:00","og_image":[{"width":1612,"height":850,"url":"https:\/\/baubauwall.com\/wp-content\/uploads\/2022\/02\/51100073_baubauwallpaper_Little_ballerinas_room2.jpg","type":"image\/jpeg"}],"twitter_card":"summary_large_image","twitter_misc":{"Est. reading time":"1 minut"},"schema":{"@context":"https:\/\/schema.org","@graph":[{"@type":"WebPage","@id":"https:\/\/baubauwall.com\/et\/toode\/little-ballerinas-wallpaper\/","url":"https:\/\/baubauwall.com\/et\/toode\/little-ballerinas-wallpaper\/","name":"Lastetoa roosa tapeet baleriinidega. Unistuste tapeet lastele","isPartOf":{"@id":"https:\/\/baubauwall.com\/et\/#website"},"primaryImageOfPage":{"@id":"https:\/\/baubauwall.com\/et\/toode\/little-ballerinas-wallpaper\/#primaryimage"},"image":{"@id":"https:\/\/baubauwall.com\/et\/toode\/little-ballerinas-wallpaper\/#primaryimage"},"thumbnailUrl":"https:\/\/baubauwall.com\/wp-content\/uploads\/2022\/02\/51100073_baubauwallpaper_Little_ballerinas_room2.jpg","datePublished":"2022-02-15T12:53:17+00:00","dateModified":"2023-11-06T13:34:15+00:00","description":"T\u00e4pselt sinu seina m\u00f5\u00f5dus tapeet lastetuppa. Baleriinidega, roosa tapeet t\u00fcdruku tuppa. Keskkonnas\u00f5bralik valik, tr\u00fckitud m\u00fcrgivabade v\u00e4rvidega.","breadcrumb":{"@id":"https:\/\/baubauwall.com\/et\/toode\/little-ballerinas-wallpaper\/#breadcrumb"},"inLanguage":"et","potentialAction":[{"@type":"ReadAction","target":["https:\/\/baubauwall.com\/et\/toode\/little-ballerinas-wallpaper\/"]}]},{"@type":"ImageObject","inLanguage":"et","@id":"https:\/\/baubauwall.com\/et\/toode\/little-ballerinas-wallpaper\/#primaryimage","url":"https:\/\/baubauwall.com\/wp-content\/uploads\/2022\/02\/51100073_baubauwallpaper_Little_ballerinas_room2.jpg","contentUrl":"https:\/\/baubauwall.com\/wp-content\/uploads\/2022\/02\/51100073_baubauwallpaper_Little_ballerinas_room2.jpg","width":1612,"height":850},{"@type":"BreadcrumbList","@id":"https:\/\/baubauwall.com\/et\/toode\/little-ballerinas-wallpaper\/#breadcrumb","itemListElement":[{"@type":"ListItem","position":1,"name":"Koju","item":"https:\/\/baubauwall.com\/et\/"},{"@type":"ListItem","position":2,"name":"Tapeedid","item":"https:\/\/baubauwall.com\/et\/tapeedid\/"},{"@type":"ListItem","position":3,"name":"V\u00e4iksed baleriinid"}]},{"@type":"WebSite","@id":"https:\/\/baubauwall.com\/et\/#website","url":"https:\/\/baubauwall.com\/et\/","name":"BAUBAUWALL Wallpapers","description":"Valmis paanides tapeet Eestist!","publisher":{"@id":"https:\/\/baubauwall.com\/et\/#organization"},"potentialAction":[{"@type":"SearchAction","target":{"@type":"EntryPoint","urlTemplate":"https:\/\/baubauwall.com\/et\/?s={search_term_string}"},"query-input":{"@type":"PropertyValueSpecification","valueRequired":true,"valueName":"search_term_string"}}],"inLanguage":"et"},{"@type":"Organization","@id":"https:\/\/baubauwall.com\/et\/#organization","name":"BAUBAUWALL Wallpapers","url":"https:\/\/baubauwall.com\/et\/","logo":{"@type":"ImageObject","inLanguage":"et","@id":"https:\/\/baubauwall.com\/et\/#\/schema\/logo\/image\/","url":"https:\/\/baubauwall.com\/wp-content\/uploads\/2022\/03\/logo-horizontal.svg","contentUrl":"https:\/\/baubauwall.com\/wp-content\/uploads\/2022\/03\/logo-horizontal.svg","width":"1024","height":"1024","caption":"BAUBAUWALL Wallpapers"},"image":{"@id":"https:\/\/baubauwall.com\/et\/#\/schema\/logo\/image\/"},"sameAs":["https:\/\/www.facebook.com\/Baubauwall","https:\/\/www.instagram.com\/baubauwall"]}]}},"jetpack_sharing_enabled":true,"_links":{"self":[{"href":"https:\/\/baubauwall.com\/et\/wp-json\/wp\/v2\/product\/5572","targetHints":{"allow":["GET"]}}],"collection":[{"href":"https:\/\/baubauwall.com\/et\/wp-json\/wp\/v2\/product"}],"about":[{"href":"https:\/\/baubauwall.com\/et\/wp-json\/wp\/v2\/types\/product"}],"replies":[{"embeddable":true,"href":"https:\/\/baubauwall.com\/et\/wp-json\/wp\/v2\/comments?post=5572"}],"wp:featuredmedia":[{"embeddable":true,"href":"https:\/\/baubauwall.com\/et\/wp-json\/wp\/v2\/media\/1437"}],"wp:attachment":[{"href":"https:\/\/baubauwall.com\/et\/wp-json\/wp\/v2\/media?parent=5572"}],"wp:term":[{"taxonomy":"product_brand","embeddable":true,"href":"https:\/\/baubauwall.com\/et\/wp-json\/wp\/v2\/product_brand?post=5572"},{"taxonomy":"product_cat","embeddable":true,"href":"https:\/\/baubauwall.com\/et\/wp-json\/wp\/v2\/product_cat?post=5572"},{"taxonomy":"product_tag","embeddable":true,"href":"https:\/\/baubauwall.com\/et\/wp-json\/wp\/v2\/product_tag?post=5572"}],"curies":[{"name":"wp","href":"https:\/\/api.w.org\/{rel}","templated":true}]}}