{"id":5573,"date":"2022-02-15T14:27:56","date_gmt":"2022-02-15T14:27:56","guid":{"rendered":"https:\/\/baubauwall.com\/product\/dark-triangles-geometric-wallpaper\/"},"modified":"2022-03-21T21:09:20","modified_gmt":"2022-03-21T21:09:20","slug":"dark-triangles-geometric-wallpaper","status":"publish","type":"product","link":"https:\/\/baubauwall.com\/et\/toode\/dark-triangles-geometric-wallpaper\/","title":{"rendered":"Kolmnurkade geomeetria"},"content":{"rendered":"<p>3D efektiga geomeetrilised kuusnurgad uhkeid kolmnurki moodustamas. See v\u00e4ga korrap\u00e4rase disainiga tume geomeetriline tapeet sobib suurep\u00e4raselt Sulle, kes Sa soovid oma seintel n\u00e4ha t\u00f5eliselt kaasaegset l\u00e4henemist interj\u00f6\u00f6rile. Tume, j\u00f5uline tapeet toob tuppa liikumise ja tasakaalu \u2013 sobib ideaalselt n\u00e4iteks magamistoa seintele.<\/p>\n","protected":false},"excerpt":{"rendered":"<p>3D efektiga geomeetrilised kuusnurgad uhkeid kolmnurki moodustamas. See v\u00e4ga korrap\u00e4rase disainiga tume geomeetriline tapeet sobib suurep\u00e4raselt Sulle, kes Sa soovid oma seintel n\u00e4ha t\u00f5eliselt kaasaegset l\u00e4henemist interj\u00f6\u00f6rile. Tume, j\u00f5uline tapeet toob tuppa liikumise ja tasakaalu \u2013 sobib ideaalselt n\u00e4iteks magamistoa seintele.<\/p>\n","protected":false},"featured_media":7811,"comment_status":"open","ping_status":"closed","template":"","meta":{"_acf_changed":false,"inline_featured_image":false},"product_brand":[],"product_cat":[386,408,266,270,413,414,415,416,399,401,402,412],"product_tag":[279],"class_list":{"0":"post-5573","1":"product","2":"type-product","3":"status-publish","4":"has-post-thumbnail","6":"product_cat-kordusmustriga-tapeedid","7":"product_cat-geomeetriline","8":"product_cat-mustad-tapeedid","9":"product_cat-tumedad-tapeedid","10":"product_cat-magamistoa-tapeedid","11":"product_cat-soogitoa-tapeedid","12":"product_cat-kulalistetoa-tapeedid","13":"product_cat-esiku-tapeedid","14":"product_cat-kodukontori-tapeedid","15":"product_cat-koogi-tapeedid","16":"product_cat-elutoa-tapeedid","17":"product_cat-vannitoa-tapeedid","18":"product_tag-3d-et","19":"pa_designedby-baubauwall","21":"first","22":"instock","23":"taxable","24":"shipping-taxable","25":"purchasable","26":"product-type-simple"},"acf":[],"yoast_head":"<!-- This site is optimized with the Yoast SEO plugin v25.9 - https:\/\/yoast.com\/wordpress\/plugins\/seo\/ -->\n<title>Custom printed wallpaper - Dark Triangles<\/title>\n<meta name=\"robots\" content=\"index, follow, max-snippet:-1, max-image-preview:large, max-video-preview:-1\" \/>\n<link rel=\"canonical\" href=\"https:\/\/baubauwall.com\/et\/toode\/dark-triangles-geometric-wallpaper\/\" \/>\n<meta property=\"og:locale\" content=\"et_EE\" \/>\n<meta property=\"og:type\" content=\"article\" \/>\n<meta property=\"og:title\" content=\"Custom printed wallpaper - Dark Triangles\" \/>\n<meta property=\"og:description\" content=\"3D efektiga geomeetrilised kuusnurgad uhkeid kolmnurki moodustamas. See v\u00e4ga korrap\u00e4rase disainiga tume geomeetriline tapeet sobib suurep\u00e4raselt Sulle, kes Sa soovid oma seintel n\u00e4ha t\u00f5eliselt kaasaegset l\u00e4henemist interj\u00f6\u00f6rile. Tume, j\u00f5uline tapeet toob tuppa liikumise ja tasakaalu \u2013 sobib ideaalselt n\u00e4iteks magamistoa seintele.\" \/>\n<meta property=\"og:url\" content=\"https:\/\/baubauwall.com\/et\/toode\/dark-triangles-geometric-wallpaper\/\" \/>\n<meta property=\"og:site_name\" content=\"BAUBAUWALL TAPEEDID\" \/>\n<meta property=\"article:publisher\" content=\"https:\/\/www.facebook.com\/Baubauwall\" \/>\n<meta property=\"article:modified_time\" content=\"2022-03-21T21:09:20+00:00\" \/>\n<meta property=\"og:image\" content=\"https:\/\/baubauwall.com\/wp-content\/uploads\/2022\/02\/51100072_3dTriangles_room2-e1645135784842.jpg\" \/>\n\t<meta property=\"og:image:width\" content=\"1275\" \/>\n\t<meta property=\"og:image:height\" content=\"850\" \/>\n\t<meta property=\"og:image:type\" content=\"image\/jpeg\" \/>\n<meta name=\"twitter:card\" content=\"summary_large_image\" \/>\n<meta name=\"twitter:label1\" content=\"Est. reading time\" \/>\n\t<meta name=\"twitter:data1\" content=\"1 minut\" \/>\n<script type=\"application\/ld+json\" class=\"yoast-schema-graph\">{\"@context\":\"https:\/\/schema.org\",\"@graph\":[{\"@type\":\"WebPage\",\"@id\":\"https:\/\/baubauwall.com\/et\/toode\/dark-triangles-geometric-wallpaper\/\",\"url\":\"https:\/\/baubauwall.com\/et\/toode\/dark-triangles-geometric-wallpaper\/\",\"name\":\"Custom printed wallpaper - Dark Triangles\",\"isPartOf\":{\"@id\":\"https:\/\/baubauwall.com\/et\/#website\"},\"primaryImageOfPage\":{\"@id\":\"https:\/\/baubauwall.com\/et\/toode\/dark-triangles-geometric-wallpaper\/#primaryimage\"},\"image\":{\"@id\":\"https:\/\/baubauwall.com\/et\/toode\/dark-triangles-geometric-wallpaper\/#primaryimage\"},\"thumbnailUrl\":\"https:\/\/baubauwall.com\/wp-content\/uploads\/2022\/02\/51100072_DarkTrianglesGeometricWallpaper3D_Baubauwall_Wallpaper_room4.jpg\",\"datePublished\":\"2022-02-15T14:27:56+00:00\",\"dateModified\":\"2022-03-21T21:09:20+00:00\",\"breadcrumb\":{\"@id\":\"https:\/\/baubauwall.com\/et\/toode\/dark-triangles-geometric-wallpaper\/#breadcrumb\"},\"inLanguage\":\"et\",\"potentialAction\":[{\"@type\":\"ReadAction\",\"target\":[\"https:\/\/baubauwall.com\/et\/toode\/dark-triangles-geometric-wallpaper\/\"]}]},{\"@type\":\"ImageObject\",\"inLanguage\":\"et\",\"@id\":\"https:\/\/baubauwall.com\/et\/toode\/dark-triangles-geometric-wallpaper\/#primaryimage\",\"url\":\"https:\/\/baubauwall.com\/wp-content\/uploads\/2022\/02\/51100072_DarkTrianglesGeometricWallpaper3D_Baubauwall_Wallpaper_room4.jpg\",\"contentUrl\":\"https:\/\/baubauwall.com\/wp-content\/uploads\/2022\/02\/51100072_DarkTrianglesGeometricWallpaper3D_Baubauwall_Wallpaper_room4.jpg\",\"width\":1200,\"height\":800},{\"@type\":\"BreadcrumbList\",\"@id\":\"https:\/\/baubauwall.com\/et\/toode\/dark-triangles-geometric-wallpaper\/#breadcrumb\",\"itemListElement\":[{\"@type\":\"ListItem\",\"position\":1,\"name\":\"Koju\",\"item\":\"https:\/\/baubauwall.com\/et\/\"},{\"@type\":\"ListItem\",\"position\":2,\"name\":\"Tapeedid\",\"item\":\"https:\/\/baubauwall.com\/et\/tapeedid\/\"},{\"@type\":\"ListItem\",\"position\":3,\"name\":\"Kolmnurkade geomeetria\"}]},{\"@type\":\"WebSite\",\"@id\":\"https:\/\/baubauwall.com\/et\/#website\",\"url\":\"https:\/\/baubauwall.com\/et\/\",\"name\":\"BAUBAUWALL Wallpapers\",\"description\":\"Valmis paanides tapeet Eestist!\",\"publisher\":{\"@id\":\"https:\/\/baubauwall.com\/et\/#organization\"},\"potentialAction\":[{\"@type\":\"SearchAction\",\"target\":{\"@type\":\"EntryPoint\",\"urlTemplate\":\"https:\/\/baubauwall.com\/et\/?s={search_term_string}\"},\"query-input\":{\"@type\":\"PropertyValueSpecification\",\"valueRequired\":true,\"valueName\":\"search_term_string\"}}],\"inLanguage\":\"et\"},{\"@type\":\"Organization\",\"@id\":\"https:\/\/baubauwall.com\/et\/#organization\",\"name\":\"BAUBAUWALL Wallpapers\",\"url\":\"https:\/\/baubauwall.com\/et\/\",\"logo\":{\"@type\":\"ImageObject\",\"inLanguage\":\"et\",\"@id\":\"https:\/\/baubauwall.com\/et\/#\/schema\/logo\/image\/\",\"url\":\"https:\/\/baubauwall.com\/wp-content\/uploads\/2022\/03\/logo-horizontal.svg\",\"contentUrl\":\"https:\/\/baubauwall.com\/wp-content\/uploads\/2022\/03\/logo-horizontal.svg\",\"width\":\"1024\",\"height\":\"1024\",\"caption\":\"BAUBAUWALL Wallpapers\"},\"image\":{\"@id\":\"https:\/\/baubauwall.com\/et\/#\/schema\/logo\/image\/\"},\"sameAs\":[\"https:\/\/www.facebook.com\/Baubauwall\",\"https:\/\/www.instagram.com\/baubauwall\"]}]}<\/script>\n<!-- \/ Yoast SEO plugin. -->","yoast_head_json":{"title":"Custom printed wallpaper - Dark Triangles","robots":{"index":"index","follow":"follow","max-snippet":"max-snippet:-1","max-image-preview":"max-image-preview:large","max-video-preview":"max-video-preview:-1"},"canonical":"https:\/\/baubauwall.com\/et\/toode\/dark-triangles-geometric-wallpaper\/","og_locale":"et_EE","og_type":"article","og_title":"Custom printed wallpaper - Dark Triangles","og_description":"3D efektiga geomeetrilised kuusnurgad uhkeid kolmnurki moodustamas. See v\u00e4ga korrap\u00e4rase disainiga tume geomeetriline tapeet sobib suurep\u00e4raselt Sulle, kes Sa soovid oma seintel n\u00e4ha t\u00f5eliselt kaasaegset l\u00e4henemist interj\u00f6\u00f6rile. Tume, j\u00f5uline tapeet toob tuppa liikumise ja tasakaalu \u2013 sobib ideaalselt n\u00e4iteks magamistoa seintele.","og_url":"https:\/\/baubauwall.com\/et\/toode\/dark-triangles-geometric-wallpaper\/","og_site_name":"BAUBAUWALL TAPEEDID","article_publisher":"https:\/\/www.facebook.com\/Baubauwall","article_modified_time":"2022-03-21T21:09:20+00:00","og_image":[{"width":1275,"height":850,"url":"https:\/\/baubauwall.com\/wp-content\/uploads\/2022\/02\/51100072_3dTriangles_room2-e1645135784842.jpg","type":"image\/jpeg"}],"twitter_card":"summary_large_image","twitter_misc":{"Est. reading time":"1 minut"},"schema":{"@context":"https:\/\/schema.org","@graph":[{"@type":"WebPage","@id":"https:\/\/baubauwall.com\/et\/toode\/dark-triangles-geometric-wallpaper\/","url":"https:\/\/baubauwall.com\/et\/toode\/dark-triangles-geometric-wallpaper\/","name":"Custom printed wallpaper - Dark Triangles","isPartOf":{"@id":"https:\/\/baubauwall.com\/et\/#website"},"primaryImageOfPage":{"@id":"https:\/\/baubauwall.com\/et\/toode\/dark-triangles-geometric-wallpaper\/#primaryimage"},"image":{"@id":"https:\/\/baubauwall.com\/et\/toode\/dark-triangles-geometric-wallpaper\/#primaryimage"},"thumbnailUrl":"https:\/\/baubauwall.com\/wp-content\/uploads\/2022\/02\/51100072_DarkTrianglesGeometricWallpaper3D_Baubauwall_Wallpaper_room4.jpg","datePublished":"2022-02-15T14:27:56+00:00","dateModified":"2022-03-21T21:09:20+00:00","breadcrumb":{"@id":"https:\/\/baubauwall.com\/et\/toode\/dark-triangles-geometric-wallpaper\/#breadcrumb"},"inLanguage":"et","potentialAction":[{"@type":"ReadAction","target":["https:\/\/baubauwall.com\/et\/toode\/dark-triangles-geometric-wallpaper\/"]}]},{"@type":"ImageObject","inLanguage":"et","@id":"https:\/\/baubauwall.com\/et\/toode\/dark-triangles-geometric-wallpaper\/#primaryimage","url":"https:\/\/baubauwall.com\/wp-content\/uploads\/2022\/02\/51100072_DarkTrianglesGeometricWallpaper3D_Baubauwall_Wallpaper_room4.jpg","contentUrl":"https:\/\/baubauwall.com\/wp-content\/uploads\/2022\/02\/51100072_DarkTrianglesGeometricWallpaper3D_Baubauwall_Wallpaper_room4.jpg","width":1200,"height":800},{"@type":"BreadcrumbList","@id":"https:\/\/baubauwall.com\/et\/toode\/dark-triangles-geometric-wallpaper\/#breadcrumb","itemListElement":[{"@type":"ListItem","position":1,"name":"Koju","item":"https:\/\/baubauwall.com\/et\/"},{"@type":"ListItem","position":2,"name":"Tapeedid","item":"https:\/\/baubauwall.com\/et\/tapeedid\/"},{"@type":"ListItem","position":3,"name":"Kolmnurkade geomeetria"}]},{"@type":"WebSite","@id":"https:\/\/baubauwall.com\/et\/#website","url":"https:\/\/baubauwall.com\/et\/","name":"BAUBAUWALL Wallpapers","description":"Valmis paanides tapeet Eestist!","publisher":{"@id":"https:\/\/baubauwall.com\/et\/#organization"},"potentialAction":[{"@type":"SearchAction","target":{"@type":"EntryPoint","urlTemplate":"https:\/\/baubauwall.com\/et\/?s={search_term_string}"},"query-input":{"@type":"PropertyValueSpecification","valueRequired":true,"valueName":"search_term_string"}}],"inLanguage":"et"},{"@type":"Organization","@id":"https:\/\/baubauwall.com\/et\/#organization","name":"BAUBAUWALL Wallpapers","url":"https:\/\/baubauwall.com\/et\/","logo":{"@type":"ImageObject","inLanguage":"et","@id":"https:\/\/baubauwall.com\/et\/#\/schema\/logo\/image\/","url":"https:\/\/baubauwall.com\/wp-content\/uploads\/2022\/03\/logo-horizontal.svg","contentUrl":"https:\/\/baubauwall.com\/wp-content\/uploads\/2022\/03\/logo-horizontal.svg","width":"1024","height":"1024","caption":"BAUBAUWALL Wallpapers"},"image":{"@id":"https:\/\/baubauwall.com\/et\/#\/schema\/logo\/image\/"},"sameAs":["https:\/\/www.facebook.com\/Baubauwall","https:\/\/www.instagram.com\/baubauwall"]}]}},"jetpack_sharing_enabled":true,"_links":{"self":[{"href":"https:\/\/baubauwall.com\/et\/wp-json\/wp\/v2\/product\/5573","targetHints":{"allow":["GET"]}}],"collection":[{"href":"https:\/\/baubauwall.com\/et\/wp-json\/wp\/v2\/product"}],"about":[{"href":"https:\/\/baubauwall.com\/et\/wp-json\/wp\/v2\/types\/product"}],"replies":[{"embeddable":true,"href":"https:\/\/baubauwall.com\/et\/wp-json\/wp\/v2\/comments?post=5573"}],"wp:featuredmedia":[{"embeddable":true,"href":"https:\/\/baubauwall.com\/et\/wp-json\/wp\/v2\/media\/7811"}],"wp:attachment":[{"href":"https:\/\/baubauwall.com\/et\/wp-json\/wp\/v2\/media?parent=5573"}],"wp:term":[{"taxonomy":"product_brand","embeddable":true,"href":"https:\/\/baubauwall.com\/et\/wp-json\/wp\/v2\/product_brand?post=5573"},{"taxonomy":"product_cat","embeddable":true,"href":"https:\/\/baubauwall.com\/et\/wp-json\/wp\/v2\/product_cat?post=5573"},{"taxonomy":"product_tag","embeddable":true,"href":"https:\/\/baubauwall.com\/et\/wp-json\/wp\/v2\/product_tag?post=5573"}],"curies":[{"name":"wp","href":"https:\/\/api.w.org\/{rel}","templated":true}]}}