{"id":5577,"date":"2022-02-15T16:38:11","date_gmt":"2022-02-15T14:38:11","guid":{"rendered":"https:\/\/baubauwall.com\/product\/cute-best-pals-wallpaper\/"},"modified":"2022-05-23T15:48:10","modified_gmt":"2022-05-23T13:48:10","slug":"tapeet-parimad-sobrakesed","status":"publish","type":"product","link":"https:\/\/baubauwall.com\/et\/toode\/tapeet-parimad-sobrakesed\/","title":{"rendered":"Parimad s\u00f5brakesed"},"content":{"rendered":"<p>Inspireeri oma last armastama loomi selle l\u00f5busa, multifilmidest inspireeritud loomamustrilise tapeediga. Loominguline v\u00f5imalus kaunistada oma lapse tuba tuttavate ja s\u00f5bralike tegelaste abil.<br \/>\nR\u00f5\u00f5msate j\u00e4nkude, \u00f6\u00f6kullide, karude, sigade ja pandadega m\u00e4nguline tapeedimuster on rahulikul pastelsel taustal, sobitudes ideaalselt enamiku m\u00f6\u00f6bliga.<\/p>\n<p>Tr\u00fckitud keskkonnas\u00f5bralike v\u00e4rvidega ja hingavale, fliistapeedi materjalile. Loe veel lastetubade <a href=\"https:\/\/baubauwall.com\/et\/uudised\/kodu-koige-lustlikum-tuba\/\" target=\"_blank\" rel=\"noopener\">tapeetidest siit.<\/a><\/p>\n","protected":false},"excerpt":{"rendered":"<p>Inspireeri oma last armastama loomi selle l\u00f5busa, multifilmidest inspireeritud loomamustrilise tapeediga. Loominguline v\u00f5imalus kaunistada oma lapse tuba tuttavate ja s\u00f5bralike tegelaste abil. R\u00f5\u00f5msate j\u00e4nkude, \u00f6\u00f6kullide, karude, sigade ja pandadega m\u00e4nguline tapeedimuster on rahulikul pastelsel taustal, sobitudes ideaalselt enamiku m\u00f6\u00f6bliga. Tr\u00fckitud keskkonnas\u00f5bralike v\u00e4rvidega ja hingavale, fliistapeedi materjalile. Loe veel lastetubade tapeetidest siit.<\/p>\n","protected":false},"featured_media":1496,"comment_status":"open","ping_status":"closed","template":"","meta":{"_acf_changed":false,"inline_featured_image":false},"product_brand":[],"product_cat":[386,265,273,276,400,255,715],"product_tag":[349],"class_list":{"0":"post-5577","1":"product","2":"type-product","3":"status-publish","4":"has-post-thumbnail","6":"product_cat-kordusmustriga-tapeedid","7":"product_cat-beezid-tapeedid","8":"product_cat-heledad-tapeedid","9":"product_cat-pastelsed-tapeedid","10":"product_cat-lastetoa-tapeedid","11":"product_cat-loomad","12":"product_cat-soodsad-tapeedid-leiunurk","13":"product_tag-beebituba","14":"pa_designedby-baubauwall","16":"first","17":"instock","18":"sale","19":"taxable","20":"shipping-taxable","21":"purchasable","22":"product-type-simple"},"acf":[],"yoast_head":"<!-- This site is optimized with the Yoast SEO plugin v25.9 - https:\/\/yoast.com\/wordpress\/plugins\/seo\/ -->\n<title>Lastetoa tapeet loomakestega. Hingav fliistapeet ja keskkonnas\u00f5bralik.<\/title>\n<meta name=\"description\" content=\"Armas tapeet lastetuppa. Tr\u00fckime t\u00e4pselt teie seina m\u00f5\u00f5tu, valmis l\u00f5igatud tapeedipaanid. Ainulaadsed tapeedidisainid.\" \/>\n<meta name=\"robots\" content=\"index, follow, max-snippet:-1, max-image-preview:large, max-video-preview:-1\" \/>\n<link rel=\"canonical\" href=\"https:\/\/baubauwall.com\/et\/toode\/tapeet-parimad-sobrakesed\/\" \/>\n<meta property=\"og:locale\" content=\"et_EE\" \/>\n<meta property=\"og:type\" content=\"article\" \/>\n<meta property=\"og:title\" content=\"Lastetoa tapeet loomakestega. Hingav fliistapeet ja keskkonnas\u00f5bralik.\" \/>\n<meta property=\"og:description\" content=\"Armas tapeet lastetuppa. Tr\u00fckime t\u00e4pselt teie seina m\u00f5\u00f5tu, valmis l\u00f5igatud tapeedipaanid. Ainulaadsed tapeedidisainid.\" \/>\n<meta property=\"og:url\" content=\"https:\/\/baubauwall.com\/et\/toode\/tapeet-parimad-sobrakesed\/\" \/>\n<meta property=\"og:site_name\" content=\"BAUBAUWALL TAPEEDID\" \/>\n<meta property=\"article:publisher\" content=\"https:\/\/www.facebook.com\/Baubauwall\" \/>\n<meta property=\"article:modified_time\" content=\"2022-05-23T13:48:10+00:00\" \/>\n<meta property=\"og:image\" content=\"https:\/\/baubauwall.com\/wp-content\/uploads\/2022\/02\/51100074_BestPals_Baubauwall_Wallpaper.jpg\" \/>\n\t<meta property=\"og:image:width\" content=\"1133\" \/>\n\t<meta property=\"og:image:height\" content=\"850\" \/>\n\t<meta property=\"og:image:type\" content=\"image\/jpeg\" \/>\n<meta name=\"twitter:card\" content=\"summary_large_image\" \/>\n<meta name=\"twitter:label1\" content=\"Est. reading time\" \/>\n\t<meta name=\"twitter:data1\" content=\"1 minut\" \/>\n<script type=\"application\/ld+json\" class=\"yoast-schema-graph\">{\"@context\":\"https:\/\/schema.org\",\"@graph\":[{\"@type\":\"WebPage\",\"@id\":\"https:\/\/baubauwall.com\/et\/toode\/tapeet-parimad-sobrakesed\/\",\"url\":\"https:\/\/baubauwall.com\/et\/toode\/tapeet-parimad-sobrakesed\/\",\"name\":\"Lastetoa tapeet loomakestega. Hingav fliistapeet ja keskkonnas\u00f5bralik.\",\"isPartOf\":{\"@id\":\"https:\/\/baubauwall.com\/et\/#website\"},\"primaryImageOfPage\":{\"@id\":\"https:\/\/baubauwall.com\/et\/toode\/tapeet-parimad-sobrakesed\/#primaryimage\"},\"image\":{\"@id\":\"https:\/\/baubauwall.com\/et\/toode\/tapeet-parimad-sobrakesed\/#primaryimage\"},\"thumbnailUrl\":\"https:\/\/baubauwall.com\/wp-content\/uploads\/2022\/02\/51100074_BestPals_Baubauwall_Wallpaper.jpg\",\"datePublished\":\"2022-02-15T14:38:11+00:00\",\"dateModified\":\"2022-05-23T13:48:10+00:00\",\"description\":\"Armas tapeet lastetuppa. Tr\u00fckime t\u00e4pselt teie seina m\u00f5\u00f5tu, valmis l\u00f5igatud tapeedipaanid. Ainulaadsed tapeedidisainid.\",\"breadcrumb\":{\"@id\":\"https:\/\/baubauwall.com\/et\/toode\/tapeet-parimad-sobrakesed\/#breadcrumb\"},\"inLanguage\":\"et\",\"potentialAction\":[{\"@type\":\"ReadAction\",\"target\":[\"https:\/\/baubauwall.com\/et\/toode\/tapeet-parimad-sobrakesed\/\"]}]},{\"@type\":\"ImageObject\",\"inLanguage\":\"et\",\"@id\":\"https:\/\/baubauwall.com\/et\/toode\/tapeet-parimad-sobrakesed\/#primaryimage\",\"url\":\"https:\/\/baubauwall.com\/wp-content\/uploads\/2022\/02\/51100074_BestPals_Baubauwall_Wallpaper.jpg\",\"contentUrl\":\"https:\/\/baubauwall.com\/wp-content\/uploads\/2022\/02\/51100074_BestPals_Baubauwall_Wallpaper.jpg\",\"width\":1133,\"height\":850},{\"@type\":\"BreadcrumbList\",\"@id\":\"https:\/\/baubauwall.com\/et\/toode\/tapeet-parimad-sobrakesed\/#breadcrumb\",\"itemListElement\":[{\"@type\":\"ListItem\",\"position\":1,\"name\":\"Koju\",\"item\":\"https:\/\/baubauwall.com\/et\/\"},{\"@type\":\"ListItem\",\"position\":2,\"name\":\"Tapeedid\",\"item\":\"https:\/\/baubauwall.com\/et\/tapeedid\/\"},{\"@type\":\"ListItem\",\"position\":3,\"name\":\"Parimad s\u00f5brakesed\"}]},{\"@type\":\"WebSite\",\"@id\":\"https:\/\/baubauwall.com\/et\/#website\",\"url\":\"https:\/\/baubauwall.com\/et\/\",\"name\":\"BAUBAUWALL Wallpapers\",\"description\":\"Valmis paanides tapeet Eestist!\",\"publisher\":{\"@id\":\"https:\/\/baubauwall.com\/et\/#organization\"},\"potentialAction\":[{\"@type\":\"SearchAction\",\"target\":{\"@type\":\"EntryPoint\",\"urlTemplate\":\"https:\/\/baubauwall.com\/et\/?s={search_term_string}\"},\"query-input\":{\"@type\":\"PropertyValueSpecification\",\"valueRequired\":true,\"valueName\":\"search_term_string\"}}],\"inLanguage\":\"et\"},{\"@type\":\"Organization\",\"@id\":\"https:\/\/baubauwall.com\/et\/#organization\",\"name\":\"BAUBAUWALL Wallpapers\",\"url\":\"https:\/\/baubauwall.com\/et\/\",\"logo\":{\"@type\":\"ImageObject\",\"inLanguage\":\"et\",\"@id\":\"https:\/\/baubauwall.com\/et\/#\/schema\/logo\/image\/\",\"url\":\"https:\/\/baubauwall.com\/wp-content\/uploads\/2022\/03\/logo-horizontal.svg\",\"contentUrl\":\"https:\/\/baubauwall.com\/wp-content\/uploads\/2022\/03\/logo-horizontal.svg\",\"width\":\"1024\",\"height\":\"1024\",\"caption\":\"BAUBAUWALL Wallpapers\"},\"image\":{\"@id\":\"https:\/\/baubauwall.com\/et\/#\/schema\/logo\/image\/\"},\"sameAs\":[\"https:\/\/www.facebook.com\/Baubauwall\",\"https:\/\/www.instagram.com\/baubauwall\"]}]}<\/script>\n<!-- \/ Yoast SEO plugin. -->","yoast_head_json":{"title":"Lastetoa tapeet loomakestega. Hingav fliistapeet ja keskkonnas\u00f5bralik.","description":"Armas tapeet lastetuppa. Tr\u00fckime t\u00e4pselt teie seina m\u00f5\u00f5tu, valmis l\u00f5igatud tapeedipaanid. Ainulaadsed tapeedidisainid.","robots":{"index":"index","follow":"follow","max-snippet":"max-snippet:-1","max-image-preview":"max-image-preview:large","max-video-preview":"max-video-preview:-1"},"canonical":"https:\/\/baubauwall.com\/et\/toode\/tapeet-parimad-sobrakesed\/","og_locale":"et_EE","og_type":"article","og_title":"Lastetoa tapeet loomakestega. Hingav fliistapeet ja keskkonnas\u00f5bralik.","og_description":"Armas tapeet lastetuppa. Tr\u00fckime t\u00e4pselt teie seina m\u00f5\u00f5tu, valmis l\u00f5igatud tapeedipaanid. Ainulaadsed tapeedidisainid.","og_url":"https:\/\/baubauwall.com\/et\/toode\/tapeet-parimad-sobrakesed\/","og_site_name":"BAUBAUWALL TAPEEDID","article_publisher":"https:\/\/www.facebook.com\/Baubauwall","article_modified_time":"2022-05-23T13:48:10+00:00","og_image":[{"width":1133,"height":850,"url":"https:\/\/baubauwall.com\/wp-content\/uploads\/2022\/02\/51100074_BestPals_Baubauwall_Wallpaper.jpg","type":"image\/jpeg"}],"twitter_card":"summary_large_image","twitter_misc":{"Est. reading time":"1 minut"},"schema":{"@context":"https:\/\/schema.org","@graph":[{"@type":"WebPage","@id":"https:\/\/baubauwall.com\/et\/toode\/tapeet-parimad-sobrakesed\/","url":"https:\/\/baubauwall.com\/et\/toode\/tapeet-parimad-sobrakesed\/","name":"Lastetoa tapeet loomakestega. Hingav fliistapeet ja keskkonnas\u00f5bralik.","isPartOf":{"@id":"https:\/\/baubauwall.com\/et\/#website"},"primaryImageOfPage":{"@id":"https:\/\/baubauwall.com\/et\/toode\/tapeet-parimad-sobrakesed\/#primaryimage"},"image":{"@id":"https:\/\/baubauwall.com\/et\/toode\/tapeet-parimad-sobrakesed\/#primaryimage"},"thumbnailUrl":"https:\/\/baubauwall.com\/wp-content\/uploads\/2022\/02\/51100074_BestPals_Baubauwall_Wallpaper.jpg","datePublished":"2022-02-15T14:38:11+00:00","dateModified":"2022-05-23T13:48:10+00:00","description":"Armas tapeet lastetuppa. Tr\u00fckime t\u00e4pselt teie seina m\u00f5\u00f5tu, valmis l\u00f5igatud tapeedipaanid. Ainulaadsed tapeedidisainid.","breadcrumb":{"@id":"https:\/\/baubauwall.com\/et\/toode\/tapeet-parimad-sobrakesed\/#breadcrumb"},"inLanguage":"et","potentialAction":[{"@type":"ReadAction","target":["https:\/\/baubauwall.com\/et\/toode\/tapeet-parimad-sobrakesed\/"]}]},{"@type":"ImageObject","inLanguage":"et","@id":"https:\/\/baubauwall.com\/et\/toode\/tapeet-parimad-sobrakesed\/#primaryimage","url":"https:\/\/baubauwall.com\/wp-content\/uploads\/2022\/02\/51100074_BestPals_Baubauwall_Wallpaper.jpg","contentUrl":"https:\/\/baubauwall.com\/wp-content\/uploads\/2022\/02\/51100074_BestPals_Baubauwall_Wallpaper.jpg","width":1133,"height":850},{"@type":"BreadcrumbList","@id":"https:\/\/baubauwall.com\/et\/toode\/tapeet-parimad-sobrakesed\/#breadcrumb","itemListElement":[{"@type":"ListItem","position":1,"name":"Koju","item":"https:\/\/baubauwall.com\/et\/"},{"@type":"ListItem","position":2,"name":"Tapeedid","item":"https:\/\/baubauwall.com\/et\/tapeedid\/"},{"@type":"ListItem","position":3,"name":"Parimad s\u00f5brakesed"}]},{"@type":"WebSite","@id":"https:\/\/baubauwall.com\/et\/#website","url":"https:\/\/baubauwall.com\/et\/","name":"BAUBAUWALL Wallpapers","description":"Valmis paanides tapeet Eestist!","publisher":{"@id":"https:\/\/baubauwall.com\/et\/#organization"},"potentialAction":[{"@type":"SearchAction","target":{"@type":"EntryPoint","urlTemplate":"https:\/\/baubauwall.com\/et\/?s={search_term_string}"},"query-input":{"@type":"PropertyValueSpecification","valueRequired":true,"valueName":"search_term_string"}}],"inLanguage":"et"},{"@type":"Organization","@id":"https:\/\/baubauwall.com\/et\/#organization","name":"BAUBAUWALL Wallpapers","url":"https:\/\/baubauwall.com\/et\/","logo":{"@type":"ImageObject","inLanguage":"et","@id":"https:\/\/baubauwall.com\/et\/#\/schema\/logo\/image\/","url":"https:\/\/baubauwall.com\/wp-content\/uploads\/2022\/03\/logo-horizontal.svg","contentUrl":"https:\/\/baubauwall.com\/wp-content\/uploads\/2022\/03\/logo-horizontal.svg","width":"1024","height":"1024","caption":"BAUBAUWALL Wallpapers"},"image":{"@id":"https:\/\/baubauwall.com\/et\/#\/schema\/logo\/image\/"},"sameAs":["https:\/\/www.facebook.com\/Baubauwall","https:\/\/www.instagram.com\/baubauwall"]}]}},"jetpack_sharing_enabled":true,"_links":{"self":[{"href":"https:\/\/baubauwall.com\/et\/wp-json\/wp\/v2\/product\/5577","targetHints":{"allow":["GET"]}}],"collection":[{"href":"https:\/\/baubauwall.com\/et\/wp-json\/wp\/v2\/product"}],"about":[{"href":"https:\/\/baubauwall.com\/et\/wp-json\/wp\/v2\/types\/product"}],"replies":[{"embeddable":true,"href":"https:\/\/baubauwall.com\/et\/wp-json\/wp\/v2\/comments?post=5577"}],"wp:featuredmedia":[{"embeddable":true,"href":"https:\/\/baubauwall.com\/et\/wp-json\/wp\/v2\/media\/1496"}],"wp:attachment":[{"href":"https:\/\/baubauwall.com\/et\/wp-json\/wp\/v2\/media?parent=5577"}],"wp:term":[{"taxonomy":"product_brand","embeddable":true,"href":"https:\/\/baubauwall.com\/et\/wp-json\/wp\/v2\/product_brand?post=5577"},{"taxonomy":"product_cat","embeddable":true,"href":"https:\/\/baubauwall.com\/et\/wp-json\/wp\/v2\/product_cat?post=5577"},{"taxonomy":"product_tag","embeddable":true,"href":"https:\/\/baubauwall.com\/et\/wp-json\/wp\/v2\/product_tag?post=5577"}],"curies":[{"name":"wp","href":"https:\/\/api.w.org\/{rel}","templated":true}]}}