{"id":5579,"date":"2022-02-17T09:21:08","date_gmt":"2022-02-17T07:21:08","guid":{"rendered":"https:\/\/baubauwall.com\/product\/spiky-balloon-fish-geometric-circles\/"},"modified":"2022-03-22T09:47:30","modified_gmt":"2022-03-22T09:47:30","slug":"spiky-balloon-fish-geometric-circles","status":"publish","type":"product","link":"https:\/\/baubauwall.com\/et\/toode\/spiky-balloon-fish-geometric-circles\/","title":{"rendered":"Siilkalade geomeetria"},"content":{"rendered":"<p>Meri ja selle asukad on kunstnikele olnud alati l\u00f5putu inspiratsiooniallikas.\u00a0 Sellel isikup\u00e4rasel tapeedil on George Shaw (1751-1813) k\u00e4sitsi joonistatud ookeanis\u00fcgavuste \u00fched omap\u00e4raseimad olevused &#8211; \u00fcmmargused kerakalad (d<i>iodontidae,\u00a0<\/i>siilkala). Koos modernsete geomeetriliste ringide ja elevandiluu v\u00e4rvi taustaga, t\u00e4iendavad need \u00fcmmargused elemendid \u00fcksteist t\u00e4iuslikult.<\/p>\n<p>L\u00f5bus fakt: ogalise v\u00e4limusega kerakala on aktiivne \u00f6\u00f6sel ja h\u00e4maras. Nende kodu on seal, kus on soojad veed \u2013 Punasest merest Filipiinideni. Need vapustavad kalad v\u00f5iksid ujuda just Sinu magamistoa seintel (sest nad on ju \u00f6\u00f6kalad!)<\/p>\n","protected":false},"excerpt":{"rendered":"<p>Meri ja selle asukad on kunstnikele olnud alati l\u00f5putu inspiratsiooniallikas.\u00a0 Sellel isikup\u00e4rasel tapeedil on George Shaw (1751-1813) k\u00e4sitsi joonistatud ookeanis\u00fcgavuste \u00fched omap\u00e4raseimad olevused &#8211; \u00fcmmargused kerakalad (diodontidae,\u00a0siilkala). Koos modernsete geomeetriliste ringide ja elevandiluu v\u00e4rvi taustaga, t\u00e4iendavad need \u00fcmmargused elemendid \u00fcksteist t\u00e4iuslikult. L\u00f5bus fakt: ogalise v\u00e4limusega kerakala on aktiivne \u00f6\u00f6sel ja h\u00e4maras. Nende kodu on seal, [&hellip;]<\/p>\n","protected":false},"featured_media":2043,"comment_status":"open","ping_status":"closed","template":"","meta":{"_acf_changed":false,"inline_featured_image":false},"product_brand":[],"product_cat":[386,622,408,388,265,273,275,413,414,415,416,399,401,402,412,252,259],"product_tag":[],"class_list":{"0":"post-5579","1":"product","2":"type-product","3":"status-publish","4":"has-post-thumbnail","6":"product_cat-kordusmustriga-tapeedid","7":"product_cat-julged-tapeedid","8":"product_cat-geomeetriline","9":"product_cat-vintage-et","10":"product_cat-beezid-tapeedid","11":"product_cat-heledad-tapeedid","12":"product_cat-oranzid-tapeedid","13":"product_cat-magamistoa-tapeedid","14":"product_cat-soogitoa-tapeedid","15":"product_cat-kulalistetoa-tapeedid","16":"product_cat-esiku-tapeedid","17":"product_cat-kodukontori-tapeedid","18":"product_cat-koogi-tapeedid","19":"product_cat-elutoa-tapeedid","20":"product_cat-vannitoa-tapeedid","21":"product_cat-ookean-meri","22":"product_cat-kalad-veealune-maailm","23":"pa_designedby-baubauwall","25":"first","26":"instock","27":"taxable","28":"shipping-taxable","29":"purchasable","30":"product-type-simple"},"acf":[],"yoast_head":"<!-- This site is optimized with the Yoast SEO plugin v25.9 - https:\/\/yoast.com\/wordpress\/plugins\/seo\/ -->\n<title>Design Wallpaper with Spiky Balloon Fish and Geometric Circles<\/title>\n<meta name=\"description\" content=\"Bespoke collection of wallpapers. Geometric designs with different dots. Custom printed, cut as the size of your walls design wallpapers.\" \/>\n<meta name=\"robots\" content=\"index, follow, max-snippet:-1, max-image-preview:large, max-video-preview:-1\" \/>\n<link rel=\"canonical\" href=\"https:\/\/baubauwall.com\/et\/toode\/spiky-balloon-fish-geometric-circles\/\" \/>\n<meta property=\"og:locale\" content=\"et_EE\" \/>\n<meta property=\"og:type\" content=\"article\" \/>\n<meta property=\"og:title\" content=\"Design Wallpaper with Spiky Balloon Fish and Geometric Circles\" \/>\n<meta property=\"og:description\" content=\"Bespoke collection of wallpapers. Geometric designs with different dots. Custom printed, cut as the size of your walls design wallpapers.\" \/>\n<meta property=\"og:url\" content=\"https:\/\/baubauwall.com\/et\/toode\/spiky-balloon-fish-geometric-circles\/\" \/>\n<meta property=\"og:site_name\" content=\"BAUBAUWALL TAPEEDID\" \/>\n<meta property=\"article:publisher\" content=\"https:\/\/www.facebook.com\/Baubauwall\" \/>\n<meta property=\"article:modified_time\" content=\"2022-03-22T09:47:30+00:00\" \/>\n<meta property=\"og:image\" content=\"https:\/\/baubauwall.com\/wp-content\/uploads\/2022\/02\/51100076_SpikyBalloonFish_room1.png\" \/>\n\t<meta property=\"og:image:width\" content=\"1200\" \/>\n\t<meta property=\"og:image:height\" content=\"800\" \/>\n\t<meta property=\"og:image:type\" content=\"image\/png\" \/>\n<meta name=\"twitter:card\" content=\"summary_large_image\" \/>\n<meta name=\"twitter:label1\" content=\"Est. reading time\" \/>\n\t<meta name=\"twitter:data1\" content=\"1 minut\" \/>\n<script type=\"application\/ld+json\" class=\"yoast-schema-graph\">{\"@context\":\"https:\/\/schema.org\",\"@graph\":[{\"@type\":\"WebPage\",\"@id\":\"https:\/\/baubauwall.com\/et\/toode\/spiky-balloon-fish-geometric-circles\/\",\"url\":\"https:\/\/baubauwall.com\/et\/toode\/spiky-balloon-fish-geometric-circles\/\",\"name\":\"Design Wallpaper with Spiky Balloon Fish and Geometric Circles\",\"isPartOf\":{\"@id\":\"https:\/\/baubauwall.com\/et\/#website\"},\"primaryImageOfPage\":{\"@id\":\"https:\/\/baubauwall.com\/et\/toode\/spiky-balloon-fish-geometric-circles\/#primaryimage\"},\"image\":{\"@id\":\"https:\/\/baubauwall.com\/et\/toode\/spiky-balloon-fish-geometric-circles\/#primaryimage\"},\"thumbnailUrl\":\"https:\/\/baubauwall.com\/wp-content\/uploads\/2022\/02\/51100076_SpikyBalloonFish_room1.png\",\"datePublished\":\"2022-02-17T07:21:08+00:00\",\"dateModified\":\"2022-03-22T09:47:30+00:00\",\"description\":\"Bespoke collection of wallpapers. Geometric designs with different dots. Custom printed, cut as the size of your walls design wallpapers.\",\"breadcrumb\":{\"@id\":\"https:\/\/baubauwall.com\/et\/toode\/spiky-balloon-fish-geometric-circles\/#breadcrumb\"},\"inLanguage\":\"et\",\"potentialAction\":[{\"@type\":\"ReadAction\",\"target\":[\"https:\/\/baubauwall.com\/et\/toode\/spiky-balloon-fish-geometric-circles\/\"]}]},{\"@type\":\"ImageObject\",\"inLanguage\":\"et\",\"@id\":\"https:\/\/baubauwall.com\/et\/toode\/spiky-balloon-fish-geometric-circles\/#primaryimage\",\"url\":\"https:\/\/baubauwall.com\/wp-content\/uploads\/2022\/02\/51100076_SpikyBalloonFish_room1.png\",\"contentUrl\":\"https:\/\/baubauwall.com\/wp-content\/uploads\/2022\/02\/51100076_SpikyBalloonFish_room1.png\",\"width\":1200,\"height\":800},{\"@type\":\"BreadcrumbList\",\"@id\":\"https:\/\/baubauwall.com\/et\/toode\/spiky-balloon-fish-geometric-circles\/#breadcrumb\",\"itemListElement\":[{\"@type\":\"ListItem\",\"position\":1,\"name\":\"Koju\",\"item\":\"https:\/\/baubauwall.com\/et\/\"},{\"@type\":\"ListItem\",\"position\":2,\"name\":\"Tapeedid\",\"item\":\"https:\/\/baubauwall.com\/et\/tapeedid\/\"},{\"@type\":\"ListItem\",\"position\":3,\"name\":\"Siilkalade geomeetria\"}]},{\"@type\":\"WebSite\",\"@id\":\"https:\/\/baubauwall.com\/et\/#website\",\"url\":\"https:\/\/baubauwall.com\/et\/\",\"name\":\"BAUBAUWALL Wallpapers\",\"description\":\"Valmis paanides tapeet Eestist!\",\"publisher\":{\"@id\":\"https:\/\/baubauwall.com\/et\/#organization\"},\"potentialAction\":[{\"@type\":\"SearchAction\",\"target\":{\"@type\":\"EntryPoint\",\"urlTemplate\":\"https:\/\/baubauwall.com\/et\/?s={search_term_string}\"},\"query-input\":{\"@type\":\"PropertyValueSpecification\",\"valueRequired\":true,\"valueName\":\"search_term_string\"}}],\"inLanguage\":\"et\"},{\"@type\":\"Organization\",\"@id\":\"https:\/\/baubauwall.com\/et\/#organization\",\"name\":\"BAUBAUWALL Wallpapers\",\"url\":\"https:\/\/baubauwall.com\/et\/\",\"logo\":{\"@type\":\"ImageObject\",\"inLanguage\":\"et\",\"@id\":\"https:\/\/baubauwall.com\/et\/#\/schema\/logo\/image\/\",\"url\":\"https:\/\/baubauwall.com\/wp-content\/uploads\/2022\/03\/logo-horizontal.svg\",\"contentUrl\":\"https:\/\/baubauwall.com\/wp-content\/uploads\/2022\/03\/logo-horizontal.svg\",\"width\":\"1024\",\"height\":\"1024\",\"caption\":\"BAUBAUWALL Wallpapers\"},\"image\":{\"@id\":\"https:\/\/baubauwall.com\/et\/#\/schema\/logo\/image\/\"},\"sameAs\":[\"https:\/\/www.facebook.com\/Baubauwall\",\"https:\/\/www.instagram.com\/baubauwall\"]}]}<\/script>\n<!-- \/ Yoast SEO plugin. -->","yoast_head_json":{"title":"Design Wallpaper with Spiky Balloon Fish and Geometric Circles","description":"Bespoke collection of wallpapers. Geometric designs with different dots. Custom printed, cut as the size of your walls design wallpapers.","robots":{"index":"index","follow":"follow","max-snippet":"max-snippet:-1","max-image-preview":"max-image-preview:large","max-video-preview":"max-video-preview:-1"},"canonical":"https:\/\/baubauwall.com\/et\/toode\/spiky-balloon-fish-geometric-circles\/","og_locale":"et_EE","og_type":"article","og_title":"Design Wallpaper with Spiky Balloon Fish and Geometric Circles","og_description":"Bespoke collection of wallpapers. Geometric designs with different dots. Custom printed, cut as the size of your walls design wallpapers.","og_url":"https:\/\/baubauwall.com\/et\/toode\/spiky-balloon-fish-geometric-circles\/","og_site_name":"BAUBAUWALL TAPEEDID","article_publisher":"https:\/\/www.facebook.com\/Baubauwall","article_modified_time":"2022-03-22T09:47:30+00:00","og_image":[{"width":1200,"height":800,"url":"https:\/\/baubauwall.com\/wp-content\/uploads\/2022\/02\/51100076_SpikyBalloonFish_room1.png","type":"image\/png"}],"twitter_card":"summary_large_image","twitter_misc":{"Est. reading time":"1 minut"},"schema":{"@context":"https:\/\/schema.org","@graph":[{"@type":"WebPage","@id":"https:\/\/baubauwall.com\/et\/toode\/spiky-balloon-fish-geometric-circles\/","url":"https:\/\/baubauwall.com\/et\/toode\/spiky-balloon-fish-geometric-circles\/","name":"Design Wallpaper with Spiky Balloon Fish and Geometric Circles","isPartOf":{"@id":"https:\/\/baubauwall.com\/et\/#website"},"primaryImageOfPage":{"@id":"https:\/\/baubauwall.com\/et\/toode\/spiky-balloon-fish-geometric-circles\/#primaryimage"},"image":{"@id":"https:\/\/baubauwall.com\/et\/toode\/spiky-balloon-fish-geometric-circles\/#primaryimage"},"thumbnailUrl":"https:\/\/baubauwall.com\/wp-content\/uploads\/2022\/02\/51100076_SpikyBalloonFish_room1.png","datePublished":"2022-02-17T07:21:08+00:00","dateModified":"2022-03-22T09:47:30+00:00","description":"Bespoke collection of wallpapers. Geometric designs with different dots. Custom printed, cut as the size of your walls design wallpapers.","breadcrumb":{"@id":"https:\/\/baubauwall.com\/et\/toode\/spiky-balloon-fish-geometric-circles\/#breadcrumb"},"inLanguage":"et","potentialAction":[{"@type":"ReadAction","target":["https:\/\/baubauwall.com\/et\/toode\/spiky-balloon-fish-geometric-circles\/"]}]},{"@type":"ImageObject","inLanguage":"et","@id":"https:\/\/baubauwall.com\/et\/toode\/spiky-balloon-fish-geometric-circles\/#primaryimage","url":"https:\/\/baubauwall.com\/wp-content\/uploads\/2022\/02\/51100076_SpikyBalloonFish_room1.png","contentUrl":"https:\/\/baubauwall.com\/wp-content\/uploads\/2022\/02\/51100076_SpikyBalloonFish_room1.png","width":1200,"height":800},{"@type":"BreadcrumbList","@id":"https:\/\/baubauwall.com\/et\/toode\/spiky-balloon-fish-geometric-circles\/#breadcrumb","itemListElement":[{"@type":"ListItem","position":1,"name":"Koju","item":"https:\/\/baubauwall.com\/et\/"},{"@type":"ListItem","position":2,"name":"Tapeedid","item":"https:\/\/baubauwall.com\/et\/tapeedid\/"},{"@type":"ListItem","position":3,"name":"Siilkalade geomeetria"}]},{"@type":"WebSite","@id":"https:\/\/baubauwall.com\/et\/#website","url":"https:\/\/baubauwall.com\/et\/","name":"BAUBAUWALL Wallpapers","description":"Valmis paanides tapeet Eestist!","publisher":{"@id":"https:\/\/baubauwall.com\/et\/#organization"},"potentialAction":[{"@type":"SearchAction","target":{"@type":"EntryPoint","urlTemplate":"https:\/\/baubauwall.com\/et\/?s={search_term_string}"},"query-input":{"@type":"PropertyValueSpecification","valueRequired":true,"valueName":"search_term_string"}}],"inLanguage":"et"},{"@type":"Organization","@id":"https:\/\/baubauwall.com\/et\/#organization","name":"BAUBAUWALL Wallpapers","url":"https:\/\/baubauwall.com\/et\/","logo":{"@type":"ImageObject","inLanguage":"et","@id":"https:\/\/baubauwall.com\/et\/#\/schema\/logo\/image\/","url":"https:\/\/baubauwall.com\/wp-content\/uploads\/2022\/03\/logo-horizontal.svg","contentUrl":"https:\/\/baubauwall.com\/wp-content\/uploads\/2022\/03\/logo-horizontal.svg","width":"1024","height":"1024","caption":"BAUBAUWALL Wallpapers"},"image":{"@id":"https:\/\/baubauwall.com\/et\/#\/schema\/logo\/image\/"},"sameAs":["https:\/\/www.facebook.com\/Baubauwall","https:\/\/www.instagram.com\/baubauwall"]}]}},"jetpack_sharing_enabled":true,"_links":{"self":[{"href":"https:\/\/baubauwall.com\/et\/wp-json\/wp\/v2\/product\/5579","targetHints":{"allow":["GET"]}}],"collection":[{"href":"https:\/\/baubauwall.com\/et\/wp-json\/wp\/v2\/product"}],"about":[{"href":"https:\/\/baubauwall.com\/et\/wp-json\/wp\/v2\/types\/product"}],"replies":[{"embeddable":true,"href":"https:\/\/baubauwall.com\/et\/wp-json\/wp\/v2\/comments?post=5579"}],"wp:featuredmedia":[{"embeddable":true,"href":"https:\/\/baubauwall.com\/et\/wp-json\/wp\/v2\/media\/2043"}],"wp:attachment":[{"href":"https:\/\/baubauwall.com\/et\/wp-json\/wp\/v2\/media?parent=5579"}],"wp:term":[{"taxonomy":"product_brand","embeddable":true,"href":"https:\/\/baubauwall.com\/et\/wp-json\/wp\/v2\/product_brand?post=5579"},{"taxonomy":"product_cat","embeddable":true,"href":"https:\/\/baubauwall.com\/et\/wp-json\/wp\/v2\/product_cat?post=5579"},{"taxonomy":"product_tag","embeddable":true,"href":"https:\/\/baubauwall.com\/et\/wp-json\/wp\/v2\/product_tag?post=5579"}],"curies":[{"name":"wp","href":"https:\/\/api.w.org\/{rel}","templated":true}]}}