{"id":5585,"date":"2022-02-20T12:26:11","date_gmt":"2022-02-20T12:26:11","guid":{"rendered":"https:\/\/baubauwall.com\/product\/bugs-and-botany-field-wallpaper\/"},"modified":"2024-09-25T14:25:16","modified_gmt":"2024-09-25T12:25:16","slug":"bugs-and-botany-field-wallpaper","status":"publish","type":"product","link":"https:\/\/baubauwall.com\/et\/toode\/bugs-and-botany-field-wallpaper\/","title":{"rendered":"\u00d6ine p\u00f5ld"},"content":{"rendered":"<p>Ekskursioon putukate ja taimede maailma! \u00d6\u00f6ssinisel tapeedidisainil sibavad pisikesed putukad lillede vahel. Detailirohkes mustris on kombineeritud hulk looduslikke lilli ja taimi. Vaata hoolega, ehk leiad m\u00f5ne \u00f5nnetoova putuka!<\/p>\n<p>Kasuta seda tapeeti koos valge m\u00f6\u00f6bliga loomaks kontrast, olgu see Sinu magamistoas, k\u00f6\u00f6gis v\u00f5i elutoas.<\/p>\n","protected":false},"excerpt":{"rendered":"<p>Ekskursioon putukate ja taimede maailma! \u00d6\u00f6ssinisel tapeedidisainil sibavad pisikesed putukad lillede vahel. Detailirohkes mustris on kombineeritud hulk looduslikke lilli ja taimi. Vaata hoolega, ehk leiad m\u00f5ne \u00f5nnetoova putuka! Kasuta seda tapeeti koos valge m\u00f6\u00f6bliga loomaks kontrast, olgu see Sinu magamistoas, k\u00f6\u00f6gis v\u00f5i elutoas.<\/p>\n","protected":false},"featured_media":42889,"comment_status":"open","ping_status":"closed","template":"","meta":{"_acf_changed":false,"inline_featured_image":false},"product_brand":[],"product_cat":[386,406,267,270,413,414,415,416,399,401,402,254,258,260,715],"product_tag":[298],"class_list":{"0":"post-5585","1":"product","2":"type-product","3":"status-publish","4":"has-post-thumbnail","6":"product_cat-kordusmustriga-tapeedid","7":"product_cat-klassika","8":"product_cat-sinised-tapeedid","9":"product_cat-tumedad-tapeedid","10":"product_cat-magamistoa-tapeedid","11":"product_cat-soogitoa-tapeedid","12":"product_cat-kulalistetoa-tapeedid","13":"product_cat-esiku-tapeedid","14":"product_cat-kodukontori-tapeedid","15":"product_cat-koogi-tapeedid","16":"product_cat-elutoa-tapeedid","17":"product_cat-loodus","18":"product_cat-putukad-liblikad","19":"product_cat-lilled","20":"product_cat-soodsad-tapeedid-leiunurk","21":"product_tag-botaaniline","22":"pa_designedby-baubauwall","24":"first","25":"instock","26":"sale","27":"taxable","28":"shipping-taxable","29":"purchasable","30":"product-type-simple"},"acf":[],"yoast_head":"<!-- This site is optimized with the Yoast SEO plugin v25.9 - https:\/\/yoast.com\/wordpress\/plugins\/seo\/ -->\n<title>\u00d6ine p\u00f5ld - tume tapeet putukatega<\/title>\n<meta name=\"description\" content=\"Tume tapeet kogu \u00fchele seinale v\u00f5i mitmele. Tapeedilt leiad mustri putukate ja botaaniliste elementidega. Tume tapeet sobib h\u00e4sti aktsentseinale.\" \/>\n<meta name=\"robots\" content=\"index, follow, max-snippet:-1, max-image-preview:large, max-video-preview:-1\" \/>\n<link rel=\"canonical\" href=\"https:\/\/baubauwall.com\/et\/toode\/bugs-and-botany-field-wallpaper\/\" \/>\n<meta property=\"og:locale\" content=\"et_EE\" \/>\n<meta property=\"og:type\" content=\"article\" \/>\n<meta property=\"og:title\" content=\"\u00d6ine p\u00f5ld - tume tapeet putukatega\" \/>\n<meta property=\"og:description\" content=\"Tume tapeet kogu \u00fchele seinale v\u00f5i mitmele. Tapeedilt leiad mustri putukate ja botaaniliste elementidega. Tume tapeet sobib h\u00e4sti aktsentseinale.\" \/>\n<meta property=\"og:url\" content=\"https:\/\/baubauwall.com\/et\/toode\/bugs-and-botany-field-wallpaper\/\" \/>\n<meta property=\"og:site_name\" content=\"BAUBAUWALL TAPEEDID\" \/>\n<meta property=\"article:publisher\" content=\"https:\/\/www.facebook.com\/Baubauwall\" \/>\n<meta property=\"article:modified_time\" content=\"2024-09-25T12:25:16+00:00\" \/>\n<meta property=\"og:image\" content=\"https:\/\/baubauwall.com\/wp-content\/uploads\/2022\/02\/51100079_BugsBotanyField_Baubauwall_Wallpaper_room9-1024x683.jpg\" \/>\n\t<meta property=\"og:image:width\" content=\"1024\" \/>\n\t<meta property=\"og:image:height\" content=\"683\" \/>\n\t<meta property=\"og:image:type\" content=\"image\/jpeg\" \/>\n<meta name=\"twitter:card\" content=\"summary_large_image\" \/>\n<meta name=\"twitter:label1\" content=\"Est. reading time\" \/>\n\t<meta name=\"twitter:data1\" content=\"1 minut\" \/>\n<script type=\"application\/ld+json\" class=\"yoast-schema-graph\">{\"@context\":\"https:\/\/schema.org\",\"@graph\":[{\"@type\":\"WebPage\",\"@id\":\"https:\/\/baubauwall.com\/et\/toode\/bugs-and-botany-field-wallpaper\/\",\"url\":\"https:\/\/baubauwall.com\/et\/toode\/bugs-and-botany-field-wallpaper\/\",\"name\":\"\u00d6ine p\u00f5ld - tume tapeet putukatega\",\"isPartOf\":{\"@id\":\"https:\/\/baubauwall.com\/et\/#website\"},\"primaryImageOfPage\":{\"@id\":\"https:\/\/baubauwall.com\/et\/toode\/bugs-and-botany-field-wallpaper\/#primaryimage\"},\"image\":{\"@id\":\"https:\/\/baubauwall.com\/et\/toode\/bugs-and-botany-field-wallpaper\/#primaryimage\"},\"thumbnailUrl\":\"https:\/\/baubauwall.com\/wp-content\/uploads\/2022\/02\/51100079_BugsBotanyField_Baubauwall_Wallpaper_room9-e1747397314608.jpg\",\"datePublished\":\"2022-02-20T12:26:11+00:00\",\"dateModified\":\"2024-09-25T12:25:16+00:00\",\"description\":\"Tume tapeet kogu \u00fchele seinale v\u00f5i mitmele. Tapeedilt leiad mustri putukate ja botaaniliste elementidega. Tume tapeet sobib h\u00e4sti aktsentseinale.\",\"breadcrumb\":{\"@id\":\"https:\/\/baubauwall.com\/et\/toode\/bugs-and-botany-field-wallpaper\/#breadcrumb\"},\"inLanguage\":\"et\",\"potentialAction\":[{\"@type\":\"ReadAction\",\"target\":[\"https:\/\/baubauwall.com\/et\/toode\/bugs-and-botany-field-wallpaper\/\"]}]},{\"@type\":\"ImageObject\",\"inLanguage\":\"et\",\"@id\":\"https:\/\/baubauwall.com\/et\/toode\/bugs-and-botany-field-wallpaper\/#primaryimage\",\"url\":\"https:\/\/baubauwall.com\/wp-content\/uploads\/2022\/02\/51100079_BugsBotanyField_Baubauwall_Wallpaper_room9-e1747397314608.jpg\",\"contentUrl\":\"https:\/\/baubauwall.com\/wp-content\/uploads\/2022\/02\/51100079_BugsBotanyField_Baubauwall_Wallpaper_room9-e1747397314608.jpg\",\"width\":2400,\"height\":1600,\"caption\":\"Bugs and botany field dark bedroom wallpaper\"},{\"@type\":\"BreadcrumbList\",\"@id\":\"https:\/\/baubauwall.com\/et\/toode\/bugs-and-botany-field-wallpaper\/#breadcrumb\",\"itemListElement\":[{\"@type\":\"ListItem\",\"position\":1,\"name\":\"Koju\",\"item\":\"https:\/\/baubauwall.com\/et\/\"},{\"@type\":\"ListItem\",\"position\":2,\"name\":\"Tapeedid\",\"item\":\"https:\/\/baubauwall.com\/et\/tapeedid\/\"},{\"@type\":\"ListItem\",\"position\":3,\"name\":\"\u00d6ine p\u00f5ld\"}]},{\"@type\":\"WebSite\",\"@id\":\"https:\/\/baubauwall.com\/et\/#website\",\"url\":\"https:\/\/baubauwall.com\/et\/\",\"name\":\"BAUBAUWALL Wallpapers\",\"description\":\"Valmis paanides tapeet Eestist!\",\"publisher\":{\"@id\":\"https:\/\/baubauwall.com\/et\/#organization\"},\"potentialAction\":[{\"@type\":\"SearchAction\",\"target\":{\"@type\":\"EntryPoint\",\"urlTemplate\":\"https:\/\/baubauwall.com\/et\/?s={search_term_string}\"},\"query-input\":{\"@type\":\"PropertyValueSpecification\",\"valueRequired\":true,\"valueName\":\"search_term_string\"}}],\"inLanguage\":\"et\"},{\"@type\":\"Organization\",\"@id\":\"https:\/\/baubauwall.com\/et\/#organization\",\"name\":\"BAUBAUWALL Wallpapers\",\"url\":\"https:\/\/baubauwall.com\/et\/\",\"logo\":{\"@type\":\"ImageObject\",\"inLanguage\":\"et\",\"@id\":\"https:\/\/baubauwall.com\/et\/#\/schema\/logo\/image\/\",\"url\":\"https:\/\/baubauwall.com\/wp-content\/uploads\/2022\/03\/logo-horizontal.svg\",\"contentUrl\":\"https:\/\/baubauwall.com\/wp-content\/uploads\/2022\/03\/logo-horizontal.svg\",\"width\":\"1024\",\"height\":\"1024\",\"caption\":\"BAUBAUWALL Wallpapers\"},\"image\":{\"@id\":\"https:\/\/baubauwall.com\/et\/#\/schema\/logo\/image\/\"},\"sameAs\":[\"https:\/\/www.facebook.com\/Baubauwall\",\"https:\/\/www.instagram.com\/baubauwall\"]}]}<\/script>\n<!-- \/ Yoast SEO plugin. -->","yoast_head_json":{"title":"\u00d6ine p\u00f5ld - tume tapeet putukatega","description":"Tume tapeet kogu \u00fchele seinale v\u00f5i mitmele. Tapeedilt leiad mustri putukate ja botaaniliste elementidega. Tume tapeet sobib h\u00e4sti aktsentseinale.","robots":{"index":"index","follow":"follow","max-snippet":"max-snippet:-1","max-image-preview":"max-image-preview:large","max-video-preview":"max-video-preview:-1"},"canonical":"https:\/\/baubauwall.com\/et\/toode\/bugs-and-botany-field-wallpaper\/","og_locale":"et_EE","og_type":"article","og_title":"\u00d6ine p\u00f5ld - tume tapeet putukatega","og_description":"Tume tapeet kogu \u00fchele seinale v\u00f5i mitmele. Tapeedilt leiad mustri putukate ja botaaniliste elementidega. Tume tapeet sobib h\u00e4sti aktsentseinale.","og_url":"https:\/\/baubauwall.com\/et\/toode\/bugs-and-botany-field-wallpaper\/","og_site_name":"BAUBAUWALL TAPEEDID","article_publisher":"https:\/\/www.facebook.com\/Baubauwall","article_modified_time":"2024-09-25T12:25:16+00:00","og_image":[{"width":1024,"height":683,"url":"https:\/\/baubauwall.com\/wp-content\/uploads\/2022\/02\/51100079_BugsBotanyField_Baubauwall_Wallpaper_room9-1024x683.jpg","type":"image\/jpeg"}],"twitter_card":"summary_large_image","twitter_misc":{"Est. reading time":"1 minut"},"schema":{"@context":"https:\/\/schema.org","@graph":[{"@type":"WebPage","@id":"https:\/\/baubauwall.com\/et\/toode\/bugs-and-botany-field-wallpaper\/","url":"https:\/\/baubauwall.com\/et\/toode\/bugs-and-botany-field-wallpaper\/","name":"\u00d6ine p\u00f5ld - tume tapeet putukatega","isPartOf":{"@id":"https:\/\/baubauwall.com\/et\/#website"},"primaryImageOfPage":{"@id":"https:\/\/baubauwall.com\/et\/toode\/bugs-and-botany-field-wallpaper\/#primaryimage"},"image":{"@id":"https:\/\/baubauwall.com\/et\/toode\/bugs-and-botany-field-wallpaper\/#primaryimage"},"thumbnailUrl":"https:\/\/baubauwall.com\/wp-content\/uploads\/2022\/02\/51100079_BugsBotanyField_Baubauwall_Wallpaper_room9-e1747397314608.jpg","datePublished":"2022-02-20T12:26:11+00:00","dateModified":"2024-09-25T12:25:16+00:00","description":"Tume tapeet kogu \u00fchele seinale v\u00f5i mitmele. Tapeedilt leiad mustri putukate ja botaaniliste elementidega. Tume tapeet sobib h\u00e4sti aktsentseinale.","breadcrumb":{"@id":"https:\/\/baubauwall.com\/et\/toode\/bugs-and-botany-field-wallpaper\/#breadcrumb"},"inLanguage":"et","potentialAction":[{"@type":"ReadAction","target":["https:\/\/baubauwall.com\/et\/toode\/bugs-and-botany-field-wallpaper\/"]}]},{"@type":"ImageObject","inLanguage":"et","@id":"https:\/\/baubauwall.com\/et\/toode\/bugs-and-botany-field-wallpaper\/#primaryimage","url":"https:\/\/baubauwall.com\/wp-content\/uploads\/2022\/02\/51100079_BugsBotanyField_Baubauwall_Wallpaper_room9-e1747397314608.jpg","contentUrl":"https:\/\/baubauwall.com\/wp-content\/uploads\/2022\/02\/51100079_BugsBotanyField_Baubauwall_Wallpaper_room9-e1747397314608.jpg","width":2400,"height":1600,"caption":"Bugs and botany field dark bedroom wallpaper"},{"@type":"BreadcrumbList","@id":"https:\/\/baubauwall.com\/et\/toode\/bugs-and-botany-field-wallpaper\/#breadcrumb","itemListElement":[{"@type":"ListItem","position":1,"name":"Koju","item":"https:\/\/baubauwall.com\/et\/"},{"@type":"ListItem","position":2,"name":"Tapeedid","item":"https:\/\/baubauwall.com\/et\/tapeedid\/"},{"@type":"ListItem","position":3,"name":"\u00d6ine p\u00f5ld"}]},{"@type":"WebSite","@id":"https:\/\/baubauwall.com\/et\/#website","url":"https:\/\/baubauwall.com\/et\/","name":"BAUBAUWALL Wallpapers","description":"Valmis paanides tapeet Eestist!","publisher":{"@id":"https:\/\/baubauwall.com\/et\/#organization"},"potentialAction":[{"@type":"SearchAction","target":{"@type":"EntryPoint","urlTemplate":"https:\/\/baubauwall.com\/et\/?s={search_term_string}"},"query-input":{"@type":"PropertyValueSpecification","valueRequired":true,"valueName":"search_term_string"}}],"inLanguage":"et"},{"@type":"Organization","@id":"https:\/\/baubauwall.com\/et\/#organization","name":"BAUBAUWALL Wallpapers","url":"https:\/\/baubauwall.com\/et\/","logo":{"@type":"ImageObject","inLanguage":"et","@id":"https:\/\/baubauwall.com\/et\/#\/schema\/logo\/image\/","url":"https:\/\/baubauwall.com\/wp-content\/uploads\/2022\/03\/logo-horizontal.svg","contentUrl":"https:\/\/baubauwall.com\/wp-content\/uploads\/2022\/03\/logo-horizontal.svg","width":"1024","height":"1024","caption":"BAUBAUWALL Wallpapers"},"image":{"@id":"https:\/\/baubauwall.com\/et\/#\/schema\/logo\/image\/"},"sameAs":["https:\/\/www.facebook.com\/Baubauwall","https:\/\/www.instagram.com\/baubauwall"]}]}},"jetpack_sharing_enabled":true,"_links":{"self":[{"href":"https:\/\/baubauwall.com\/et\/wp-json\/wp\/v2\/product\/5585","targetHints":{"allow":["GET"]}}],"collection":[{"href":"https:\/\/baubauwall.com\/et\/wp-json\/wp\/v2\/product"}],"about":[{"href":"https:\/\/baubauwall.com\/et\/wp-json\/wp\/v2\/types\/product"}],"replies":[{"embeddable":true,"href":"https:\/\/baubauwall.com\/et\/wp-json\/wp\/v2\/comments?post=5585"}],"wp:featuredmedia":[{"embeddable":true,"href":"https:\/\/baubauwall.com\/et\/wp-json\/wp\/v2\/media\/42889"}],"wp:attachment":[{"href":"https:\/\/baubauwall.com\/et\/wp-json\/wp\/v2\/media?parent=5585"}],"wp:term":[{"taxonomy":"product_brand","embeddable":true,"href":"https:\/\/baubauwall.com\/et\/wp-json\/wp\/v2\/product_brand?post=5585"},{"taxonomy":"product_cat","embeddable":true,"href":"https:\/\/baubauwall.com\/et\/wp-json\/wp\/v2\/product_cat?post=5585"},{"taxonomy":"product_tag","embeddable":true,"href":"https:\/\/baubauwall.com\/et\/wp-json\/wp\/v2\/product_tag?post=5585"}],"curies":[{"name":"wp","href":"https:\/\/api.w.org\/{rel}","templated":true}]}}