{"id":5593,"date":"2022-02-20T12:32:18","date_gmt":"2022-02-20T10:32:18","guid":{"rendered":"https:\/\/baubauwall.com\/product\/green-gekos-wallpaper\/"},"modified":"2024-09-25T09:38:04","modified_gmt":"2024-09-25T07:38:04","slug":"green-gekos-wallpaper","status":"publish","type":"product","link":"https:\/\/baubauwall.com\/et\/toode\/green-gekos-wallpaper\/","title":{"rendered":"Rohelised gekod"},"content":{"rendered":"<p>Loomade ja puutumata looduse teemaline tapeet on suurep\u00e4rane v\u00f5imalus oma kodu igale ruumile anda iseloom ja lisada midagi vaimukat. S\u00f5bralikud rohelised gekod h\u00fcplevad sellel disainil siniste lilledega valgel v\u00e4ljal. Roheliste gekodega heleda tapeedi saab h\u00f5lpsasti sobitada s\u00f6\u00f6gituppa, lastetuppa v\u00f5i oma magamistuppa. Paigalda gekodega tapeet kodukontori seintele ja adud peagi, et t\u00f6\u00f6 sujub nii h\u00e4sti! Sest usutakse, et geko t\u00e4hendab kannatlikkuse, noorendamise ja pidevalt areneva olemise s\u00fcmboolikat, kuna ta on \u00fcks ainsatest loomadest, kes suudavad oma saba uuesti kasvatada. See t\u00e4hendab, et see \u00f5petab meid asju maha j\u00e4tma ja uue (tapeediga) leppima.<\/p>\n<p>L\u00f5bus fakt: gekod vahetavad nahka lausa iga kahe n\u00e4dala tagant! Me ei soovita seda teha tapeediga!<\/p>\n<p>&nbsp;<\/p>\n","protected":false},"excerpt":{"rendered":"<p>Loomade ja puutumata looduse teemaline tapeet on suurep\u00e4rane v\u00f5imalus oma kodu igale ruumile anda iseloom ja lisada midagi vaimukat. S\u00f5bralikud rohelised gekod h\u00fcplevad sellel disainil siniste lilledega valgel v\u00e4ljal. Roheliste gekodega heleda tapeedi saab h\u00f5lpsasti sobitada s\u00f6\u00f6gituppa, lastetuppa v\u00f5i oma magamistuppa. Paigalda gekodega tapeet kodukontori seintele ja adud peagi, et t\u00f6\u00f6 sujub nii h\u00e4sti! Sest [&hellip;]<\/p>\n","protected":false},"featured_media":2179,"comment_status":"open","ping_status":"closed","template":"","meta":{"_acf_changed":false,"inline_featured_image":false},"product_brand":[],"product_cat":[386,396,273,413,400,414,415,416,399,401,402,255],"product_tag":[832],"class_list":{"0":"post-5593","1":"product","2":"type-product","3":"status-publish","4":"has-post-thumbnail","6":"product_cat-kordusmustriga-tapeedid","7":"product_cat-skandinaavia","8":"product_cat-heledad-tapeedid","9":"product_cat-magamistoa-tapeedid","10":"product_cat-lastetoa-tapeedid","11":"product_cat-soogitoa-tapeedid","12":"product_cat-kulalistetoa-tapeedid","13":"product_cat-esiku-tapeedid","14":"product_cat-kodukontori-tapeedid","15":"product_cat-koogi-tapeedid","16":"product_cat-elutoa-tapeedid","17":"product_cat-loomad","18":"product_tag-kordusmustriga-tapeedid","19":"pa_designedby-baubauwall","21":"first","22":"instock","23":"taxable","24":"shipping-taxable","25":"purchasable","26":"product-type-simple"},"acf":[],"yoast_head":"<!-- This site is optimized with the Yoast SEO plugin v25.9 - https:\/\/yoast.com\/wordpress\/plugins\/seo\/ -->\n<title>Hele tapeet gekodega<\/title>\n<meta name=\"description\" content=\"Hele tapeet toredate gekodega. Too nad kodukontori v\u00f5i s\u00f6\u00f6gitoa seintele. Tapeet, mis sobib mitmele seinale kui \u00fchele.\" \/>\n<meta name=\"robots\" content=\"index, follow, max-snippet:-1, max-image-preview:large, max-video-preview:-1\" \/>\n<link rel=\"canonical\" href=\"https:\/\/baubauwall.com\/et\/toode\/green-gekos-wallpaper\/\" \/>\n<meta property=\"og:locale\" content=\"et_EE\" \/>\n<meta property=\"og:type\" content=\"article\" \/>\n<meta property=\"og:title\" content=\"Hele tapeet gekodega\" \/>\n<meta property=\"og:description\" content=\"Hele tapeet toredate gekodega. Too nad kodukontori v\u00f5i s\u00f6\u00f6gitoa seintele. Tapeet, mis sobib mitmele seinale kui \u00fchele.\" \/>\n<meta property=\"og:url\" content=\"https:\/\/baubauwall.com\/et\/toode\/green-gekos-wallpaper\/\" \/>\n<meta property=\"og:site_name\" content=\"BAUBAUWALL Wallpapers\" \/>\n<meta property=\"article:publisher\" content=\"https:\/\/www.facebook.com\/Baubauwall\" \/>\n<meta property=\"article:modified_time\" content=\"2024-09-25T07:38:04+00:00\" \/>\n<meta property=\"og:image\" content=\"https:\/\/baubauwall.com\/wp-content\/uploads\/2022\/02\/51100081_GreenGekos_Baubau_wallpaper_room1.png\" \/>\n\t<meta property=\"og:image:width\" content=\"1066\" \/>\n\t<meta property=\"og:image:height\" content=\"800\" \/>\n\t<meta property=\"og:image:type\" content=\"image\/png\" \/>\n<meta name=\"twitter:card\" content=\"summary_large_image\" \/>\n<meta name=\"twitter:label1\" content=\"Est. reading time\" \/>\n\t<meta name=\"twitter:data1\" content=\"1 minut\" \/>\n<script type=\"application\/ld+json\" class=\"yoast-schema-graph\">{\"@context\":\"https:\/\/schema.org\",\"@graph\":[{\"@type\":\"WebPage\",\"@id\":\"https:\/\/baubauwall.com\/et\/toode\/green-gekos-wallpaper\/\",\"url\":\"https:\/\/baubauwall.com\/et\/toode\/green-gekos-wallpaper\/\",\"name\":\"Hele tapeet gekodega\",\"isPartOf\":{\"@id\":\"https:\/\/baubauwall.com\/et\/#website\"},\"primaryImageOfPage\":{\"@id\":\"https:\/\/baubauwall.com\/et\/toode\/green-gekos-wallpaper\/#primaryimage\"},\"image\":{\"@id\":\"https:\/\/baubauwall.com\/et\/toode\/green-gekos-wallpaper\/#primaryimage\"},\"thumbnailUrl\":\"https:\/\/baubauwall.com\/wp-content\/uploads\/2022\/02\/51100081_GreenGekos_Baubau_wallpaper_room1.png\",\"datePublished\":\"2022-02-20T10:32:18+00:00\",\"dateModified\":\"2024-09-25T07:38:04+00:00\",\"description\":\"Hele tapeet toredate gekodega. Too nad kodukontori v\u00f5i s\u00f6\u00f6gitoa seintele. Tapeet, mis sobib mitmele seinale kui \u00fchele.\",\"breadcrumb\":{\"@id\":\"https:\/\/baubauwall.com\/et\/toode\/green-gekos-wallpaper\/#breadcrumb\"},\"inLanguage\":\"et\",\"potentialAction\":[{\"@type\":\"ReadAction\",\"target\":[\"https:\/\/baubauwall.com\/et\/toode\/green-gekos-wallpaper\/\"]}]},{\"@type\":\"ImageObject\",\"inLanguage\":\"et\",\"@id\":\"https:\/\/baubauwall.com\/et\/toode\/green-gekos-wallpaper\/#primaryimage\",\"url\":\"https:\/\/baubauwall.com\/wp-content\/uploads\/2022\/02\/51100081_GreenGekos_Baubau_wallpaper_room1.png\",\"contentUrl\":\"https:\/\/baubauwall.com\/wp-content\/uploads\/2022\/02\/51100081_GreenGekos_Baubau_wallpaper_room1.png\",\"width\":1066,\"height\":800},{\"@type\":\"BreadcrumbList\",\"@id\":\"https:\/\/baubauwall.com\/et\/toode\/green-gekos-wallpaper\/#breadcrumb\",\"itemListElement\":[{\"@type\":\"ListItem\",\"position\":1,\"name\":\"Koju\",\"item\":\"https:\/\/baubauwall.com\/et\/\"},{\"@type\":\"ListItem\",\"position\":2,\"name\":\"Tapeedid\",\"item\":\"https:\/\/baubauwall.com\/et\/tapeedid\/\"},{\"@type\":\"ListItem\",\"position\":3,\"name\":\"Rohelised gekod\"}]},{\"@type\":\"WebSite\",\"@id\":\"https:\/\/baubauwall.com\/et\/#website\",\"url\":\"https:\/\/baubauwall.com\/et\/\",\"name\":\"BAUBAUWALL Wallpapers\",\"description\":\"Valmis paanides tapeet Eestist!\",\"publisher\":{\"@id\":\"https:\/\/baubauwall.com\/et\/#organization\"},\"potentialAction\":[{\"@type\":\"SearchAction\",\"target\":{\"@type\":\"EntryPoint\",\"urlTemplate\":\"https:\/\/baubauwall.com\/et\/?s={search_term_string}\"},\"query-input\":{\"@type\":\"PropertyValueSpecification\",\"valueRequired\":true,\"valueName\":\"search_term_string\"}}],\"inLanguage\":\"et\"},{\"@type\":\"Organization\",\"@id\":\"https:\/\/baubauwall.com\/et\/#organization\",\"name\":\"BAUBAUWALL Wallpapers\",\"url\":\"https:\/\/baubauwall.com\/et\/\",\"logo\":{\"@type\":\"ImageObject\",\"inLanguage\":\"et\",\"@id\":\"https:\/\/baubauwall.com\/et\/#\/schema\/logo\/image\/\",\"url\":\"https:\/\/baubauwall.com\/wp-content\/uploads\/2022\/03\/logo-horizontal.svg\",\"contentUrl\":\"https:\/\/baubauwall.com\/wp-content\/uploads\/2022\/03\/logo-horizontal.svg\",\"width\":\"1024\",\"height\":\"1024\",\"caption\":\"BAUBAUWALL Wallpapers\"},\"image\":{\"@id\":\"https:\/\/baubauwall.com\/et\/#\/schema\/logo\/image\/\"},\"sameAs\":[\"https:\/\/www.facebook.com\/Baubauwall\",\"https:\/\/www.instagram.com\/baubauwall\"]}]}<\/script>\n<!-- \/ Yoast SEO plugin. -->","yoast_head_json":{"title":"Hele tapeet gekodega","description":"Hele tapeet toredate gekodega. Too nad kodukontori v\u00f5i s\u00f6\u00f6gitoa seintele. Tapeet, mis sobib mitmele seinale kui \u00fchele.","robots":{"index":"index","follow":"follow","max-snippet":"max-snippet:-1","max-image-preview":"max-image-preview:large","max-video-preview":"max-video-preview:-1"},"canonical":"https:\/\/baubauwall.com\/et\/toode\/green-gekos-wallpaper\/","og_locale":"et_EE","og_type":"article","og_title":"Hele tapeet gekodega","og_description":"Hele tapeet toredate gekodega. Too nad kodukontori v\u00f5i s\u00f6\u00f6gitoa seintele. Tapeet, mis sobib mitmele seinale kui \u00fchele.","og_url":"https:\/\/baubauwall.com\/et\/toode\/green-gekos-wallpaper\/","og_site_name":"BAUBAUWALL Wallpapers","article_publisher":"https:\/\/www.facebook.com\/Baubauwall","article_modified_time":"2024-09-25T07:38:04+00:00","og_image":[{"width":1066,"height":800,"url":"https:\/\/baubauwall.com\/wp-content\/uploads\/2022\/02\/51100081_GreenGekos_Baubau_wallpaper_room1.png","type":"image\/png"}],"twitter_card":"summary_large_image","twitter_misc":{"Est. reading time":"1 minut"},"schema":{"@context":"https:\/\/schema.org","@graph":[{"@type":"WebPage","@id":"https:\/\/baubauwall.com\/et\/toode\/green-gekos-wallpaper\/","url":"https:\/\/baubauwall.com\/et\/toode\/green-gekos-wallpaper\/","name":"Hele tapeet gekodega","isPartOf":{"@id":"https:\/\/baubauwall.com\/et\/#website"},"primaryImageOfPage":{"@id":"https:\/\/baubauwall.com\/et\/toode\/green-gekos-wallpaper\/#primaryimage"},"image":{"@id":"https:\/\/baubauwall.com\/et\/toode\/green-gekos-wallpaper\/#primaryimage"},"thumbnailUrl":"https:\/\/baubauwall.com\/wp-content\/uploads\/2022\/02\/51100081_GreenGekos_Baubau_wallpaper_room1.png","datePublished":"2022-02-20T10:32:18+00:00","dateModified":"2024-09-25T07:38:04+00:00","description":"Hele tapeet toredate gekodega. Too nad kodukontori v\u00f5i s\u00f6\u00f6gitoa seintele. Tapeet, mis sobib mitmele seinale kui \u00fchele.","breadcrumb":{"@id":"https:\/\/baubauwall.com\/et\/toode\/green-gekos-wallpaper\/#breadcrumb"},"inLanguage":"et","potentialAction":[{"@type":"ReadAction","target":["https:\/\/baubauwall.com\/et\/toode\/green-gekos-wallpaper\/"]}]},{"@type":"ImageObject","inLanguage":"et","@id":"https:\/\/baubauwall.com\/et\/toode\/green-gekos-wallpaper\/#primaryimage","url":"https:\/\/baubauwall.com\/wp-content\/uploads\/2022\/02\/51100081_GreenGekos_Baubau_wallpaper_room1.png","contentUrl":"https:\/\/baubauwall.com\/wp-content\/uploads\/2022\/02\/51100081_GreenGekos_Baubau_wallpaper_room1.png","width":1066,"height":800},{"@type":"BreadcrumbList","@id":"https:\/\/baubauwall.com\/et\/toode\/green-gekos-wallpaper\/#breadcrumb","itemListElement":[{"@type":"ListItem","position":1,"name":"Koju","item":"https:\/\/baubauwall.com\/et\/"},{"@type":"ListItem","position":2,"name":"Tapeedid","item":"https:\/\/baubauwall.com\/et\/tapeedid\/"},{"@type":"ListItem","position":3,"name":"Rohelised gekod"}]},{"@type":"WebSite","@id":"https:\/\/baubauwall.com\/et\/#website","url":"https:\/\/baubauwall.com\/et\/","name":"BAUBAUWALL Wallpapers","description":"Valmis paanides tapeet Eestist!","publisher":{"@id":"https:\/\/baubauwall.com\/et\/#organization"},"potentialAction":[{"@type":"SearchAction","target":{"@type":"EntryPoint","urlTemplate":"https:\/\/baubauwall.com\/et\/?s={search_term_string}"},"query-input":{"@type":"PropertyValueSpecification","valueRequired":true,"valueName":"search_term_string"}}],"inLanguage":"et"},{"@type":"Organization","@id":"https:\/\/baubauwall.com\/et\/#organization","name":"BAUBAUWALL Wallpapers","url":"https:\/\/baubauwall.com\/et\/","logo":{"@type":"ImageObject","inLanguage":"et","@id":"https:\/\/baubauwall.com\/et\/#\/schema\/logo\/image\/","url":"https:\/\/baubauwall.com\/wp-content\/uploads\/2022\/03\/logo-horizontal.svg","contentUrl":"https:\/\/baubauwall.com\/wp-content\/uploads\/2022\/03\/logo-horizontal.svg","width":"1024","height":"1024","caption":"BAUBAUWALL Wallpapers"},"image":{"@id":"https:\/\/baubauwall.com\/et\/#\/schema\/logo\/image\/"},"sameAs":["https:\/\/www.facebook.com\/Baubauwall","https:\/\/www.instagram.com\/baubauwall"]}]}},"jetpack_sharing_enabled":true,"_links":{"self":[{"href":"https:\/\/baubauwall.com\/et\/wp-json\/wp\/v2\/product\/5593","targetHints":{"allow":["GET"]}}],"collection":[{"href":"https:\/\/baubauwall.com\/et\/wp-json\/wp\/v2\/product"}],"about":[{"href":"https:\/\/baubauwall.com\/et\/wp-json\/wp\/v2\/types\/product"}],"replies":[{"embeddable":true,"href":"https:\/\/baubauwall.com\/et\/wp-json\/wp\/v2\/comments?post=5593"}],"wp:featuredmedia":[{"embeddable":true,"href":"https:\/\/baubauwall.com\/et\/wp-json\/wp\/v2\/media\/2179"}],"wp:attachment":[{"href":"https:\/\/baubauwall.com\/et\/wp-json\/wp\/v2\/media?parent=5593"}],"wp:term":[{"taxonomy":"product_brand","embeddable":true,"href":"https:\/\/baubauwall.com\/et\/wp-json\/wp\/v2\/product_brand?post=5593"},{"taxonomy":"product_cat","embeddable":true,"href":"https:\/\/baubauwall.com\/et\/wp-json\/wp\/v2\/product_cat?post=5593"},{"taxonomy":"product_tag","embeddable":true,"href":"https:\/\/baubauwall.com\/et\/wp-json\/wp\/v2\/product_tag?post=5593"}],"curies":[{"name":"wp","href":"https:\/\/api.w.org\/{rel}","templated":true}]}}