{"id":5596,"date":"2022-02-20T12:38:02","date_gmt":"2022-02-20T12:38:02","guid":{"rendered":"https:\/\/baubauwall.com\/product\/geometric-blue-dragonflies-wallpaper\/"},"modified":"2024-01-05T13:25:32","modified_gmt":"2024-01-05T11:25:32","slug":"geometric-blue-dragonflies-wallpaper","status":"publish","type":"product","link":"https:\/\/baubauwall.com\/et\/toode\/geometric-blue-dragonflies-wallpaper\/","title":{"rendered":"Geomeetrilised kiilid"},"content":{"rendered":"<p>\u00dcle tapeedi lendavad \u00f5rnad helesinised kiilid moodustavad korrap\u00e4rase geomeetrilise mustri, mis sobib suurep\u00e4raselt v\u00e4ga erinevate sisekujundusstiilidega. Minimalistlik tapeedikujundus on ajatu stiiliga ja sobib Su koju igal k\u00fcmnendil. See tapeet on hea valik Sulle, kes Sa armastad sisekujundust, kus julge disainiga m\u00f6\u00f6bel on peaosas ja tapeet k\u00f5rvalosat\u00e4itja.<\/p>\n<p><strong>Miks osta tapeet siit? Tapeetimine pole kunagi nii lihtne olnud!<\/strong><\/p>\n<ul>\n<li style=\"list-style-type: none;\">\n<ul>\n<li>Eesti disain<\/li>\n<li>Nummerdatud tapeedipaanid<\/li>\n<li>Just nii pikad tapeedipaanid, kui on Sinu sein<\/li>\n<li>Premium, matt fliistapeedi materjal<\/li>\n<li>M\u00fcrgivabad tr\u00fckiv\u00e4rvid, Greenguard sertifitseeritud<\/li>\n<li><a href=\"https:\/\/baubauwall.com\/et\/keskkonnasobralikud-tapeedid\/\" target=\"_blank\" rel=\"noopener\">Keskkonnas\u00f5bralik<\/a>, j\u00e4\u00e4tmevaba tapeetimine<\/li>\n<li>Tasuta tapeediliim<\/li>\n<li>Tasuta transport ja kiire tarne 5 t\u00f6\u00f6p\u00e4evaga<\/li>\n<\/ul>\n<\/li>\n<\/ul>\n<p>Loe l\u00e4hemalt nutikatest, eritellimust\u00f6\u00f6na valmivatest tapeetidest\u00a0<a href=\"https:\/\/baubauwall.com\/et\/keskkonnasobralikud-tapeedid\/\">siit.<\/a><\/p>\n","protected":false},"excerpt":{"rendered":"<p>\u00dcle tapeedi lendavad \u00f5rnad helesinised kiilid moodustavad korrap\u00e4rase geomeetrilise mustri, mis sobib suurep\u00e4raselt v\u00e4ga erinevate sisekujundusstiilidega. Minimalistlik tapeedikujundus on ajatu stiiliga ja sobib Su koju igal k\u00fcmnendil. See tapeet on hea valik Sulle, kes Sa armastad sisekujundust, kus julge disainiga m\u00f6\u00f6bel on peaosas ja tapeet k\u00f5rvalosat\u00e4itja. Miks osta tapeet siit? Tapeetimine pole kunagi nii lihtne [&hellip;]<\/p>\n","protected":false},"featured_media":28006,"comment_status":"open","ping_status":"closed","template":"","meta":{"_acf_changed":false,"inline_featured_image":false},"product_brand":[],"product_cat":[386,406,392,396,267,273,410,413,414,415,399,402,258],"product_tag":[315],"class_list":{"0":"post-5596","1":"product","2":"type-product","3":"status-publish","4":"has-post-thumbnail","6":"product_cat-kordusmustriga-tapeedid","7":"product_cat-klassika","8":"product_cat-minimalistlik","9":"product_cat-skandinaavia","10":"product_cat-sinised-tapeedid","11":"product_cat-heledad-tapeedid","12":"product_cat-valge-tapeedid","13":"product_cat-magamistoa-tapeedid","14":"product_cat-soogitoa-tapeedid","15":"product_cat-kulalistetoa-tapeedid","16":"product_cat-kodukontori-tapeedid","17":"product_cat-elutoa-tapeedid","18":"product_cat-putukad-liblikad","19":"product_tag-kiil","20":"pa_designedby-baubauwall","22":"first","23":"instock","24":"taxable","25":"shipping-taxable","26":"purchasable","27":"product-type-simple"},"acf":[],"yoast_head":"<!-- This site is optimized with the Yoast SEO plugin v25.9 - https:\/\/yoast.com\/wordpress\/plugins\/seo\/ -->\n<title>Valge tapeet kiilidega - geomeetriline muster seinale!<\/title>\n<meta name=\"description\" content=\"Valgel taustal siniste kiilidega P\u00f5hjamaine tapeet. Tapeedid, mis tr\u00fckitakse t\u00e4pselt sinu seina m\u00f5\u00f5dus valmis paanides. Tapeetimine lihtsalt.\" \/>\n<meta name=\"robots\" content=\"index, follow, max-snippet:-1, max-image-preview:large, max-video-preview:-1\" \/>\n<link rel=\"canonical\" href=\"https:\/\/baubauwall.com\/et\/toode\/geometric-blue-dragonflies-wallpaper\/\" \/>\n<meta property=\"og:locale\" content=\"et_EE\" \/>\n<meta property=\"og:type\" content=\"article\" \/>\n<meta property=\"og:title\" content=\"Valge tapeet kiilidega - geomeetriline muster seinale!\" \/>\n<meta property=\"og:description\" content=\"Valgel taustal siniste kiilidega P\u00f5hjamaine tapeet. Tapeedid, mis tr\u00fckitakse t\u00e4pselt sinu seina m\u00f5\u00f5dus valmis paanides. Tapeetimine lihtsalt.\" \/>\n<meta property=\"og:url\" content=\"https:\/\/baubauwall.com\/et\/toode\/geometric-blue-dragonflies-wallpaper\/\" \/>\n<meta property=\"og:site_name\" content=\"BAUBAUWALL TAPEEDID\" \/>\n<meta property=\"article:publisher\" content=\"https:\/\/www.facebook.com\/Baubauwall\" \/>\n<meta property=\"article:modified_time\" content=\"2024-01-05T11:25:32+00:00\" \/>\n<meta property=\"og:image\" content=\"https:\/\/i0.wp.com\/baubauwall.com\/wp-content\/uploads\/2022\/02\/51100082_GeometricBlueDragonflies_Baubauwall_Wallpaper_room7.jpg?fit=1067%2C1600&ssl=1\" \/>\n\t<meta property=\"og:image:width\" content=\"1067\" \/>\n\t<meta property=\"og:image:height\" content=\"1600\" \/>\n\t<meta property=\"og:image:type\" content=\"image\/jpeg\" \/>\n<meta name=\"twitter:card\" content=\"summary_large_image\" \/>\n<meta name=\"twitter:label1\" content=\"Est. reading time\" \/>\n\t<meta name=\"twitter:data1\" content=\"1 minut\" \/>\n<script type=\"application\/ld+json\" class=\"yoast-schema-graph\">{\"@context\":\"https:\/\/schema.org\",\"@graph\":[{\"@type\":\"WebPage\",\"@id\":\"https:\/\/baubauwall.com\/et\/toode\/geometric-blue-dragonflies-wallpaper\/\",\"url\":\"https:\/\/baubauwall.com\/et\/toode\/geometric-blue-dragonflies-wallpaper\/\",\"name\":\"Valge tapeet kiilidega - geomeetriline muster seinale!\",\"isPartOf\":{\"@id\":\"https:\/\/baubauwall.com\/et\/#website\"},\"primaryImageOfPage\":{\"@id\":\"https:\/\/baubauwall.com\/et\/toode\/geometric-blue-dragonflies-wallpaper\/#primaryimage\"},\"image\":{\"@id\":\"https:\/\/baubauwall.com\/et\/toode\/geometric-blue-dragonflies-wallpaper\/#primaryimage\"},\"thumbnailUrl\":\"https:\/\/baubauwall.com\/wp-content\/uploads\/2022\/02\/51100082_GeometricBlueDragonflies_Baubauwall_Wallpaper_room7.jpg\",\"datePublished\":\"2022-02-20T12:38:02+00:00\",\"dateModified\":\"2024-01-05T11:25:32+00:00\",\"description\":\"Valgel taustal siniste kiilidega P\u00f5hjamaine tapeet. Tapeedid, mis tr\u00fckitakse t\u00e4pselt sinu seina m\u00f5\u00f5dus valmis paanides. Tapeetimine lihtsalt.\",\"breadcrumb\":{\"@id\":\"https:\/\/baubauwall.com\/et\/toode\/geometric-blue-dragonflies-wallpaper\/#breadcrumb\"},\"inLanguage\":\"et\",\"potentialAction\":[{\"@type\":\"ReadAction\",\"target\":[\"https:\/\/baubauwall.com\/et\/toode\/geometric-blue-dragonflies-wallpaper\/\"]}]},{\"@type\":\"ImageObject\",\"inLanguage\":\"et\",\"@id\":\"https:\/\/baubauwall.com\/et\/toode\/geometric-blue-dragonflies-wallpaper\/#primaryimage\",\"url\":\"https:\/\/baubauwall.com\/wp-content\/uploads\/2022\/02\/51100082_GeometricBlueDragonflies_Baubauwall_Wallpaper_room7.jpg\",\"contentUrl\":\"https:\/\/baubauwall.com\/wp-content\/uploads\/2022\/02\/51100082_GeometricBlueDragonflies_Baubauwall_Wallpaper_room7.jpg\",\"width\":1067,\"height\":1600,\"caption\":\"Minimalistlik tapeet koju v\u00f5i avalikku ruumi. Baubauwall tapeedid\"},{\"@type\":\"BreadcrumbList\",\"@id\":\"https:\/\/baubauwall.com\/et\/toode\/geometric-blue-dragonflies-wallpaper\/#breadcrumb\",\"itemListElement\":[{\"@type\":\"ListItem\",\"position\":1,\"name\":\"Koju\",\"item\":\"https:\/\/baubauwall.com\/et\/\"},{\"@type\":\"ListItem\",\"position\":2,\"name\":\"Tapeedid\",\"item\":\"https:\/\/baubauwall.com\/et\/tapeedid\/\"},{\"@type\":\"ListItem\",\"position\":3,\"name\":\"Geomeetrilised kiilid\"}]},{\"@type\":\"WebSite\",\"@id\":\"https:\/\/baubauwall.com\/et\/#website\",\"url\":\"https:\/\/baubauwall.com\/et\/\",\"name\":\"BAUBAUWALL Wallpapers\",\"description\":\"Valmis paanides tapeet Eestist!\",\"publisher\":{\"@id\":\"https:\/\/baubauwall.com\/et\/#organization\"},\"potentialAction\":[{\"@type\":\"SearchAction\",\"target\":{\"@type\":\"EntryPoint\",\"urlTemplate\":\"https:\/\/baubauwall.com\/et\/?s={search_term_string}\"},\"query-input\":{\"@type\":\"PropertyValueSpecification\",\"valueRequired\":true,\"valueName\":\"search_term_string\"}}],\"inLanguage\":\"et\"},{\"@type\":\"Organization\",\"@id\":\"https:\/\/baubauwall.com\/et\/#organization\",\"name\":\"BAUBAUWALL Wallpapers\",\"url\":\"https:\/\/baubauwall.com\/et\/\",\"logo\":{\"@type\":\"ImageObject\",\"inLanguage\":\"et\",\"@id\":\"https:\/\/baubauwall.com\/et\/#\/schema\/logo\/image\/\",\"url\":\"https:\/\/baubauwall.com\/wp-content\/uploads\/2022\/03\/logo-horizontal.svg\",\"contentUrl\":\"https:\/\/baubauwall.com\/wp-content\/uploads\/2022\/03\/logo-horizontal.svg\",\"width\":\"1024\",\"height\":\"1024\",\"caption\":\"BAUBAUWALL Wallpapers\"},\"image\":{\"@id\":\"https:\/\/baubauwall.com\/et\/#\/schema\/logo\/image\/\"},\"sameAs\":[\"https:\/\/www.facebook.com\/Baubauwall\",\"https:\/\/www.instagram.com\/baubauwall\"]}]}<\/script>\n<!-- \/ Yoast SEO plugin. -->","yoast_head_json":{"title":"Valge tapeet kiilidega - geomeetriline muster seinale!","description":"Valgel taustal siniste kiilidega P\u00f5hjamaine tapeet. Tapeedid, mis tr\u00fckitakse t\u00e4pselt sinu seina m\u00f5\u00f5dus valmis paanides. Tapeetimine lihtsalt.","robots":{"index":"index","follow":"follow","max-snippet":"max-snippet:-1","max-image-preview":"max-image-preview:large","max-video-preview":"max-video-preview:-1"},"canonical":"https:\/\/baubauwall.com\/et\/toode\/geometric-blue-dragonflies-wallpaper\/","og_locale":"et_EE","og_type":"article","og_title":"Valge tapeet kiilidega - geomeetriline muster seinale!","og_description":"Valgel taustal siniste kiilidega P\u00f5hjamaine tapeet. Tapeedid, mis tr\u00fckitakse t\u00e4pselt sinu seina m\u00f5\u00f5dus valmis paanides. Tapeetimine lihtsalt.","og_url":"https:\/\/baubauwall.com\/et\/toode\/geometric-blue-dragonflies-wallpaper\/","og_site_name":"BAUBAUWALL TAPEEDID","article_publisher":"https:\/\/www.facebook.com\/Baubauwall","article_modified_time":"2024-01-05T11:25:32+00:00","og_image":[{"width":1067,"height":1600,"url":"https:\/\/i0.wp.com\/baubauwall.com\/wp-content\/uploads\/2022\/02\/51100082_GeometricBlueDragonflies_Baubauwall_Wallpaper_room7.jpg?fit=1067%2C1600&ssl=1","type":"image\/jpeg"}],"twitter_card":"summary_large_image","twitter_misc":{"Est. reading time":"1 minut"},"schema":{"@context":"https:\/\/schema.org","@graph":[{"@type":"WebPage","@id":"https:\/\/baubauwall.com\/et\/toode\/geometric-blue-dragonflies-wallpaper\/","url":"https:\/\/baubauwall.com\/et\/toode\/geometric-blue-dragonflies-wallpaper\/","name":"Valge tapeet kiilidega - geomeetriline muster seinale!","isPartOf":{"@id":"https:\/\/baubauwall.com\/et\/#website"},"primaryImageOfPage":{"@id":"https:\/\/baubauwall.com\/et\/toode\/geometric-blue-dragonflies-wallpaper\/#primaryimage"},"image":{"@id":"https:\/\/baubauwall.com\/et\/toode\/geometric-blue-dragonflies-wallpaper\/#primaryimage"},"thumbnailUrl":"https:\/\/baubauwall.com\/wp-content\/uploads\/2022\/02\/51100082_GeometricBlueDragonflies_Baubauwall_Wallpaper_room7.jpg","datePublished":"2022-02-20T12:38:02+00:00","dateModified":"2024-01-05T11:25:32+00:00","description":"Valgel taustal siniste kiilidega P\u00f5hjamaine tapeet. Tapeedid, mis tr\u00fckitakse t\u00e4pselt sinu seina m\u00f5\u00f5dus valmis paanides. Tapeetimine lihtsalt.","breadcrumb":{"@id":"https:\/\/baubauwall.com\/et\/toode\/geometric-blue-dragonflies-wallpaper\/#breadcrumb"},"inLanguage":"et","potentialAction":[{"@type":"ReadAction","target":["https:\/\/baubauwall.com\/et\/toode\/geometric-blue-dragonflies-wallpaper\/"]}]},{"@type":"ImageObject","inLanguage":"et","@id":"https:\/\/baubauwall.com\/et\/toode\/geometric-blue-dragonflies-wallpaper\/#primaryimage","url":"https:\/\/baubauwall.com\/wp-content\/uploads\/2022\/02\/51100082_GeometricBlueDragonflies_Baubauwall_Wallpaper_room7.jpg","contentUrl":"https:\/\/baubauwall.com\/wp-content\/uploads\/2022\/02\/51100082_GeometricBlueDragonflies_Baubauwall_Wallpaper_room7.jpg","width":1067,"height":1600,"caption":"Minimalistlik tapeet koju v\u00f5i avalikku ruumi. Baubauwall tapeedid"},{"@type":"BreadcrumbList","@id":"https:\/\/baubauwall.com\/et\/toode\/geometric-blue-dragonflies-wallpaper\/#breadcrumb","itemListElement":[{"@type":"ListItem","position":1,"name":"Koju","item":"https:\/\/baubauwall.com\/et\/"},{"@type":"ListItem","position":2,"name":"Tapeedid","item":"https:\/\/baubauwall.com\/et\/tapeedid\/"},{"@type":"ListItem","position":3,"name":"Geomeetrilised kiilid"}]},{"@type":"WebSite","@id":"https:\/\/baubauwall.com\/et\/#website","url":"https:\/\/baubauwall.com\/et\/","name":"BAUBAUWALL Wallpapers","description":"Valmis paanides tapeet Eestist!","publisher":{"@id":"https:\/\/baubauwall.com\/et\/#organization"},"potentialAction":[{"@type":"SearchAction","target":{"@type":"EntryPoint","urlTemplate":"https:\/\/baubauwall.com\/et\/?s={search_term_string}"},"query-input":{"@type":"PropertyValueSpecification","valueRequired":true,"valueName":"search_term_string"}}],"inLanguage":"et"},{"@type":"Organization","@id":"https:\/\/baubauwall.com\/et\/#organization","name":"BAUBAUWALL Wallpapers","url":"https:\/\/baubauwall.com\/et\/","logo":{"@type":"ImageObject","inLanguage":"et","@id":"https:\/\/baubauwall.com\/et\/#\/schema\/logo\/image\/","url":"https:\/\/baubauwall.com\/wp-content\/uploads\/2022\/03\/logo-horizontal.svg","contentUrl":"https:\/\/baubauwall.com\/wp-content\/uploads\/2022\/03\/logo-horizontal.svg","width":"1024","height":"1024","caption":"BAUBAUWALL Wallpapers"},"image":{"@id":"https:\/\/baubauwall.com\/et\/#\/schema\/logo\/image\/"},"sameAs":["https:\/\/www.facebook.com\/Baubauwall","https:\/\/www.instagram.com\/baubauwall"]}]}},"jetpack_sharing_enabled":true,"_links":{"self":[{"href":"https:\/\/baubauwall.com\/et\/wp-json\/wp\/v2\/product\/5596","targetHints":{"allow":["GET"]}}],"collection":[{"href":"https:\/\/baubauwall.com\/et\/wp-json\/wp\/v2\/product"}],"about":[{"href":"https:\/\/baubauwall.com\/et\/wp-json\/wp\/v2\/types\/product"}],"replies":[{"embeddable":true,"href":"https:\/\/baubauwall.com\/et\/wp-json\/wp\/v2\/comments?post=5596"}],"wp:featuredmedia":[{"embeddable":true,"href":"https:\/\/baubauwall.com\/et\/wp-json\/wp\/v2\/media\/28006"}],"wp:attachment":[{"href":"https:\/\/baubauwall.com\/et\/wp-json\/wp\/v2\/media?parent=5596"}],"wp:term":[{"taxonomy":"product_brand","embeddable":true,"href":"https:\/\/baubauwall.com\/et\/wp-json\/wp\/v2\/product_brand?post=5596"},{"taxonomy":"product_cat","embeddable":true,"href":"https:\/\/baubauwall.com\/et\/wp-json\/wp\/v2\/product_cat?post=5596"},{"taxonomy":"product_tag","embeddable":true,"href":"https:\/\/baubauwall.com\/et\/wp-json\/wp\/v2\/product_tag?post=5596"}],"curies":[{"name":"wp","href":"https:\/\/api.w.org\/{rel}","templated":true}]}}