{"id":5601,"date":"2022-08-10T13:44:36","date_gmt":"2022-08-10T11:44:36","guid":{"rendered":"https:\/\/baubauwall.com\/product\/artsy-blue-brush-strokes-wallpaper\/"},"modified":"2024-03-21T12:36:45","modified_gmt":"2024-03-21T10:36:45","slug":"tapeet-sidrunibool-oliiv","status":"publish","type":"product","link":"https:\/\/baubauwall.com\/et\/toode\/tapeet-sidrunibool-oliiv\/","title":{"rendered":"Sidrunibool \u2013 oliiv"},"content":{"rendered":"<p>Tapeet, mille mustri sidrunid lihtsalt panevad naeratama. See tapeet on kui s\u00f5\u00f5m v\u00e4rsket sidrunimahla ja vitamiine! Oliivikarva taustal on k\u00e4sitsi maalitud kuldkollased sidrunid koos joonisfilmilike tsitruseviiludega. Elavaloomuline ja julge tapeedivalik \u2013 see p\u00f5nev muster paneb Su seinad lausa kiirgama positiivsust. Mahlakas valik elutuppa, s\u00f6\u00f6gitoa, vannitoa v\u00f5i magamistoa tapeediks.<\/p>\n<p>Sidrunibool tapeet on tr\u00fckitud keskkonnas\u00f5bralike v\u00e4rvidega ja hingavale, fliistapeedi materjalile. Loe l\u00e4hemalt nutikatest, keskkonnas\u00f5bralikest <a href=\"https:\/\/baubauwall.com\/et\/keskkonnasobralikud-tapeedid\/\" target=\"_blank\" rel=\"noopener\">tapeetidest siit.<\/a><\/p>\n<p><strong>Miks osta tapeet siit? Tapeetimine pole kunagi nii lihtne olnud!<\/strong><\/p>\n<ul>\n<li>Eesti disain<\/li>\n<li>Nummerdatud tapeedipaanid<\/li>\n<li>Just nii pikad tapeedipaanid, kui on Sinu sein<\/li>\n<li>Premium, matt <a href=\"https:\/\/baubauwall.com\/et\/nipid\/fliistapeet-voi-pabertapeet\/\" target=\"_blank\" rel=\"noopener\">fliistapeedi materjal<\/a><\/li>\n<li>M\u00fcrgivabad tr\u00fckiv\u00e4rvid, Greenguard sertifitseeritud<\/li>\n<li>Keskkonnas\u00f5bralik, j\u00e4\u00e4tmevaba tapeetimine<\/li>\n<li>Tasuta tapeediliim<\/li>\n<li>Tasuta transport ja kiire tarne 5 t\u00f6\u00f6p\u00e4evaga<\/li>\n<\/ul>\n","protected":false},"excerpt":{"rendered":"<p>Tapeet, mille mustri sidrunid lihtsalt panevad naeratama. See tapeet on kui s\u00f5\u00f5m v\u00e4rsket sidrunimahla ja vitamiine! Oliivikarva taustal on k\u00e4sitsi maalitud kuldkollased sidrunid koos joonisfilmilike tsitruseviiludega. Elavaloomuline ja julge tapeedivalik \u2013 see p\u00f5nev muster paneb Su seinad lausa kiirgama positiivsust. Mahlakas valik elutuppa, s\u00f6\u00f6gitoa, vannitoa v\u00f5i magamistoa tapeediks. Sidrunibool tapeet on tr\u00fckitud keskkonnas\u00f5bralike v\u00e4rvidega ja [&hellip;]<\/p>\n","protected":false},"featured_media":16577,"comment_status":"open","ping_status":"closed","template":"","meta":{"_acf_changed":false,"inline_featured_image":false},"product_brand":[],"product_cat":[386,391,265,268,271,414,415,416,399,401,402,412,261,561],"product_tag":[695,320,381],"class_list":{"0":"post-5601","1":"product","2":"type-product","3":"status-publish","4":"has-post-thumbnail","6":"product_cat-kordusmustriga-tapeedid","7":"product_cat-vahemereline","8":"product_cat-beezid-tapeedid","9":"product_cat-kirkad-tapeedid","10":"product_cat-rohelised-tapeedid","11":"product_cat-soogitoa-tapeedid","12":"product_cat-kulalistetoa-tapeedid","13":"product_cat-esiku-tapeedid","14":"product_cat-kodukontori-tapeedid","15":"product_cat-koogi-tapeedid","16":"product_cat-elutoa-tapeedid","17":"product_cat-vannitoa-tapeedid","18":"product_cat-puuviljad","19":"product_cat-suvised-tapeedid","20":"product_tag-eesti-disain-tapeedid","21":"product_tag-kasitoo","22":"product_tag-vesivarv","23":"pa_designedby-baubauwall","25":"first","26":"instock","27":"taxable","28":"shipping-taxable","29":"purchasable","30":"product-type-simple"},"acf":[],"yoast_head":"<!-- This site is optimized with the Yoast SEO plugin v25.9 - https:\/\/yoast.com\/wordpress\/plugins\/seo\/ -->\n<title>Vahemerelik tapeet sidrunitega. S\u00e4rtsakas muster oliivikarva taustal<\/title>\n<meta name=\"description\" content=\"Vesiv\u00e4rvidega maalitud tapeet imelise mustriga - mahlakad sidrunid sinu tapeedil. Tapeet k\u00f6\u00f6ki v\u00f5i mujale. Sinu seina m\u00f5\u00f5dus tapeedid, valmis paanides.\" \/>\n<meta name=\"robots\" content=\"index, follow, max-snippet:-1, max-image-preview:large, max-video-preview:-1\" \/>\n<link rel=\"canonical\" href=\"https:\/\/baubauwall.com\/et\/toode\/tapeet-sidrunibool-oliiv\/\" \/>\n<meta property=\"og:locale\" content=\"et_EE\" \/>\n<meta property=\"og:type\" content=\"article\" \/>\n<meta property=\"og:title\" content=\"Vahemerelik tapeet sidrunitega. S\u00e4rtsakas muster oliivikarva taustal\" \/>\n<meta property=\"og:description\" content=\"Vesiv\u00e4rvidega maalitud tapeet imelise mustriga - mahlakad sidrunid sinu tapeedil. Tapeet k\u00f6\u00f6ki v\u00f5i mujale. Sinu seina m\u00f5\u00f5dus tapeedid, valmis paanides.\" \/>\n<meta property=\"og:url\" content=\"https:\/\/baubauwall.com\/et\/toode\/tapeet-sidrunibool-oliiv\/\" \/>\n<meta property=\"og:site_name\" content=\"BAUBAUWALL TAPEEDID\" \/>\n<meta property=\"article:publisher\" content=\"https:\/\/www.facebook.com\/Baubauwall\" \/>\n<meta property=\"article:modified_time\" content=\"2024-03-21T10:36:45+00:00\" \/>\n<meta property=\"og:image\" content=\"https:\/\/baubauwall.com\/wp-content\/uploads\/2022\/02\/51100085_RipeLemonswhiteWedges_Baubauwall_Wallpaper_room5.jpg\" \/>\n\t<meta property=\"og:image:width\" content=\"1067\" \/>\n\t<meta property=\"og:image:height\" content=\"800\" \/>\n\t<meta property=\"og:image:type\" content=\"image\/jpeg\" \/>\n<meta name=\"twitter:card\" content=\"summary_large_image\" \/>\n<meta name=\"twitter:label1\" content=\"Est. reading time\" \/>\n\t<meta name=\"twitter:data1\" content=\"1 minut\" \/>\n<script type=\"application\/ld+json\" class=\"yoast-schema-graph\">{\"@context\":\"https:\/\/schema.org\",\"@graph\":[{\"@type\":\"WebPage\",\"@id\":\"https:\/\/baubauwall.com\/et\/toode\/tapeet-sidrunibool-oliiv\/\",\"url\":\"https:\/\/baubauwall.com\/et\/toode\/tapeet-sidrunibool-oliiv\/\",\"name\":\"Vahemerelik tapeet sidrunitega. S\u00e4rtsakas muster oliivikarva taustal\",\"isPartOf\":{\"@id\":\"https:\/\/baubauwall.com\/et\/#website\"},\"primaryImageOfPage\":{\"@id\":\"https:\/\/baubauwall.com\/et\/toode\/tapeet-sidrunibool-oliiv\/#primaryimage\"},\"image\":{\"@id\":\"https:\/\/baubauwall.com\/et\/toode\/tapeet-sidrunibool-oliiv\/#primaryimage\"},\"thumbnailUrl\":\"https:\/\/baubauwall.com\/wp-content\/uploads\/2022\/02\/51100085_RipeLemonswhiteWedges_Baubauwall_Wallpaper_room5.jpg\",\"datePublished\":\"2022-08-10T11:44:36+00:00\",\"dateModified\":\"2024-03-21T10:36:45+00:00\",\"description\":\"Vesiv\u00e4rvidega maalitud tapeet imelise mustriga - mahlakad sidrunid sinu tapeedil. Tapeet k\u00f6\u00f6ki v\u00f5i mujale. Sinu seina m\u00f5\u00f5dus tapeedid, valmis paanides.\",\"breadcrumb\":{\"@id\":\"https:\/\/baubauwall.com\/et\/toode\/tapeet-sidrunibool-oliiv\/#breadcrumb\"},\"inLanguage\":\"et\",\"potentialAction\":[{\"@type\":\"ReadAction\",\"target\":[\"https:\/\/baubauwall.com\/et\/toode\/tapeet-sidrunibool-oliiv\/\"]}]},{\"@type\":\"ImageObject\",\"inLanguage\":\"et\",\"@id\":\"https:\/\/baubauwall.com\/et\/toode\/tapeet-sidrunibool-oliiv\/#primaryimage\",\"url\":\"https:\/\/baubauwall.com\/wp-content\/uploads\/2022\/02\/51100085_RipeLemonswhiteWedges_Baubauwall_Wallpaper_room5.jpg\",\"contentUrl\":\"https:\/\/baubauwall.com\/wp-content\/uploads\/2022\/02\/51100085_RipeLemonswhiteWedges_Baubauwall_Wallpaper_room5.jpg\",\"width\":1067,\"height\":800},{\"@type\":\"BreadcrumbList\",\"@id\":\"https:\/\/baubauwall.com\/et\/toode\/tapeet-sidrunibool-oliiv\/#breadcrumb\",\"itemListElement\":[{\"@type\":\"ListItem\",\"position\":1,\"name\":\"Koju\",\"item\":\"https:\/\/baubauwall.com\/et\/\"},{\"@type\":\"ListItem\",\"position\":2,\"name\":\"Tapeedid\",\"item\":\"https:\/\/baubauwall.com\/et\/tapeedid\/\"},{\"@type\":\"ListItem\",\"position\":3,\"name\":\"Sidrunibool \u2013 oliiv\"}]},{\"@type\":\"WebSite\",\"@id\":\"https:\/\/baubauwall.com\/et\/#website\",\"url\":\"https:\/\/baubauwall.com\/et\/\",\"name\":\"BAUBAUWALL Wallpapers\",\"description\":\"Valmis paanides tapeet Eestist!\",\"publisher\":{\"@id\":\"https:\/\/baubauwall.com\/et\/#organization\"},\"potentialAction\":[{\"@type\":\"SearchAction\",\"target\":{\"@type\":\"EntryPoint\",\"urlTemplate\":\"https:\/\/baubauwall.com\/et\/?s={search_term_string}\"},\"query-input\":{\"@type\":\"PropertyValueSpecification\",\"valueRequired\":true,\"valueName\":\"search_term_string\"}}],\"inLanguage\":\"et\"},{\"@type\":\"Organization\",\"@id\":\"https:\/\/baubauwall.com\/et\/#organization\",\"name\":\"BAUBAUWALL Wallpapers\",\"url\":\"https:\/\/baubauwall.com\/et\/\",\"logo\":{\"@type\":\"ImageObject\",\"inLanguage\":\"et\",\"@id\":\"https:\/\/baubauwall.com\/et\/#\/schema\/logo\/image\/\",\"url\":\"https:\/\/baubauwall.com\/wp-content\/uploads\/2022\/03\/logo-horizontal.svg\",\"contentUrl\":\"https:\/\/baubauwall.com\/wp-content\/uploads\/2022\/03\/logo-horizontal.svg\",\"width\":\"1024\",\"height\":\"1024\",\"caption\":\"BAUBAUWALL Wallpapers\"},\"image\":{\"@id\":\"https:\/\/baubauwall.com\/et\/#\/schema\/logo\/image\/\"},\"sameAs\":[\"https:\/\/www.facebook.com\/Baubauwall\",\"https:\/\/www.instagram.com\/baubauwall\"]}]}<\/script>\n<!-- \/ Yoast SEO plugin. -->","yoast_head_json":{"title":"Vahemerelik tapeet sidrunitega. S\u00e4rtsakas muster oliivikarva taustal","description":"Vesiv\u00e4rvidega maalitud tapeet imelise mustriga - mahlakad sidrunid sinu tapeedil. Tapeet k\u00f6\u00f6ki v\u00f5i mujale. Sinu seina m\u00f5\u00f5dus tapeedid, valmis paanides.","robots":{"index":"index","follow":"follow","max-snippet":"max-snippet:-1","max-image-preview":"max-image-preview:large","max-video-preview":"max-video-preview:-1"},"canonical":"https:\/\/baubauwall.com\/et\/toode\/tapeet-sidrunibool-oliiv\/","og_locale":"et_EE","og_type":"article","og_title":"Vahemerelik tapeet sidrunitega. S\u00e4rtsakas muster oliivikarva taustal","og_description":"Vesiv\u00e4rvidega maalitud tapeet imelise mustriga - mahlakad sidrunid sinu tapeedil. Tapeet k\u00f6\u00f6ki v\u00f5i mujale. Sinu seina m\u00f5\u00f5dus tapeedid, valmis paanides.","og_url":"https:\/\/baubauwall.com\/et\/toode\/tapeet-sidrunibool-oliiv\/","og_site_name":"BAUBAUWALL TAPEEDID","article_publisher":"https:\/\/www.facebook.com\/Baubauwall","article_modified_time":"2024-03-21T10:36:45+00:00","og_image":[{"width":1067,"height":800,"url":"https:\/\/baubauwall.com\/wp-content\/uploads\/2022\/02\/51100085_RipeLemonswhiteWedges_Baubauwall_Wallpaper_room5.jpg","type":"image\/jpeg"}],"twitter_card":"summary_large_image","twitter_misc":{"Est. reading time":"1 minut"},"schema":{"@context":"https:\/\/schema.org","@graph":[{"@type":"WebPage","@id":"https:\/\/baubauwall.com\/et\/toode\/tapeet-sidrunibool-oliiv\/","url":"https:\/\/baubauwall.com\/et\/toode\/tapeet-sidrunibool-oliiv\/","name":"Vahemerelik tapeet sidrunitega. S\u00e4rtsakas muster oliivikarva taustal","isPartOf":{"@id":"https:\/\/baubauwall.com\/et\/#website"},"primaryImageOfPage":{"@id":"https:\/\/baubauwall.com\/et\/toode\/tapeet-sidrunibool-oliiv\/#primaryimage"},"image":{"@id":"https:\/\/baubauwall.com\/et\/toode\/tapeet-sidrunibool-oliiv\/#primaryimage"},"thumbnailUrl":"https:\/\/baubauwall.com\/wp-content\/uploads\/2022\/02\/51100085_RipeLemonswhiteWedges_Baubauwall_Wallpaper_room5.jpg","datePublished":"2022-08-10T11:44:36+00:00","dateModified":"2024-03-21T10:36:45+00:00","description":"Vesiv\u00e4rvidega maalitud tapeet imelise mustriga - mahlakad sidrunid sinu tapeedil. Tapeet k\u00f6\u00f6ki v\u00f5i mujale. Sinu seina m\u00f5\u00f5dus tapeedid, valmis paanides.","breadcrumb":{"@id":"https:\/\/baubauwall.com\/et\/toode\/tapeet-sidrunibool-oliiv\/#breadcrumb"},"inLanguage":"et","potentialAction":[{"@type":"ReadAction","target":["https:\/\/baubauwall.com\/et\/toode\/tapeet-sidrunibool-oliiv\/"]}]},{"@type":"ImageObject","inLanguage":"et","@id":"https:\/\/baubauwall.com\/et\/toode\/tapeet-sidrunibool-oliiv\/#primaryimage","url":"https:\/\/baubauwall.com\/wp-content\/uploads\/2022\/02\/51100085_RipeLemonswhiteWedges_Baubauwall_Wallpaper_room5.jpg","contentUrl":"https:\/\/baubauwall.com\/wp-content\/uploads\/2022\/02\/51100085_RipeLemonswhiteWedges_Baubauwall_Wallpaper_room5.jpg","width":1067,"height":800},{"@type":"BreadcrumbList","@id":"https:\/\/baubauwall.com\/et\/toode\/tapeet-sidrunibool-oliiv\/#breadcrumb","itemListElement":[{"@type":"ListItem","position":1,"name":"Koju","item":"https:\/\/baubauwall.com\/et\/"},{"@type":"ListItem","position":2,"name":"Tapeedid","item":"https:\/\/baubauwall.com\/et\/tapeedid\/"},{"@type":"ListItem","position":3,"name":"Sidrunibool \u2013 oliiv"}]},{"@type":"WebSite","@id":"https:\/\/baubauwall.com\/et\/#website","url":"https:\/\/baubauwall.com\/et\/","name":"BAUBAUWALL Wallpapers","description":"Valmis paanides tapeet Eestist!","publisher":{"@id":"https:\/\/baubauwall.com\/et\/#organization"},"potentialAction":[{"@type":"SearchAction","target":{"@type":"EntryPoint","urlTemplate":"https:\/\/baubauwall.com\/et\/?s={search_term_string}"},"query-input":{"@type":"PropertyValueSpecification","valueRequired":true,"valueName":"search_term_string"}}],"inLanguage":"et"},{"@type":"Organization","@id":"https:\/\/baubauwall.com\/et\/#organization","name":"BAUBAUWALL Wallpapers","url":"https:\/\/baubauwall.com\/et\/","logo":{"@type":"ImageObject","inLanguage":"et","@id":"https:\/\/baubauwall.com\/et\/#\/schema\/logo\/image\/","url":"https:\/\/baubauwall.com\/wp-content\/uploads\/2022\/03\/logo-horizontal.svg","contentUrl":"https:\/\/baubauwall.com\/wp-content\/uploads\/2022\/03\/logo-horizontal.svg","width":"1024","height":"1024","caption":"BAUBAUWALL Wallpapers"},"image":{"@id":"https:\/\/baubauwall.com\/et\/#\/schema\/logo\/image\/"},"sameAs":["https:\/\/www.facebook.com\/Baubauwall","https:\/\/www.instagram.com\/baubauwall"]}]}},"jetpack_sharing_enabled":true,"_links":{"self":[{"href":"https:\/\/baubauwall.com\/et\/wp-json\/wp\/v2\/product\/5601","targetHints":{"allow":["GET"]}}],"collection":[{"href":"https:\/\/baubauwall.com\/et\/wp-json\/wp\/v2\/product"}],"about":[{"href":"https:\/\/baubauwall.com\/et\/wp-json\/wp\/v2\/types\/product"}],"replies":[{"embeddable":true,"href":"https:\/\/baubauwall.com\/et\/wp-json\/wp\/v2\/comments?post=5601"}],"wp:featuredmedia":[{"embeddable":true,"href":"https:\/\/baubauwall.com\/et\/wp-json\/wp\/v2\/media\/16577"}],"wp:attachment":[{"href":"https:\/\/baubauwall.com\/et\/wp-json\/wp\/v2\/media?parent=5601"}],"wp:term":[{"taxonomy":"product_brand","embeddable":true,"href":"https:\/\/baubauwall.com\/et\/wp-json\/wp\/v2\/product_brand?post=5601"},{"taxonomy":"product_cat","embeddable":true,"href":"https:\/\/baubauwall.com\/et\/wp-json\/wp\/v2\/product_cat?post=5601"},{"taxonomy":"product_tag","embeddable":true,"href":"https:\/\/baubauwall.com\/et\/wp-json\/wp\/v2\/product_tag?post=5601"}],"curies":[{"name":"wp","href":"https:\/\/api.w.org\/{rel}","templated":true}]}}