{"id":5603,"date":"2022-02-22T08:20:32","date_gmt":"2022-02-22T06:20:32","guid":{"rendered":"https:\/\/baubauwall.com\/product\/nonpareils-geometric-galaxy-wallpaper-pink\/"},"modified":"2025-10-13T11:41:30","modified_gmt":"2025-10-13T09:41:30","slug":"nonpareils-geometric-galaxy-wallpaper-pink","status":"publish","type":"product","link":"https:\/\/baubauwall.com\/et\/toode\/nonpareils-geometric-galaxy-wallpaper-pink\/","title":{"rendered":"Nonparellide galaktika &#8211; roosa"},"content":{"rendered":"<p>L\u00f5bus ja isegi pisut ootamatu abstraktse disainiga roosa tapeet on inspireeritud ei millestki v\u00e4hemast kui \u2013 suhkrustest nonparellidest! S\u00f5na &#8220;nonpareil&#8221; t\u00e4hendab prantsuse keeles tegelikult &#8220;ilma v\u00f5rdseta&#8221;. V\u00e4ljend, mis oli algselt m\u00f5eldud kirjeldama teistest paremat. Hiljem kanti see s\u00f5na \u00fcle kondiitrit\u00f6\u00f6stusesse kirjeldamaks v\u00f5rratut suurejoonelisust, kui katad oma koogid v\u00f5i kommid nende pisikeste magusate kaunistustega. Miks mitte teha sama oma tapeediga? Heatujuline tapeedimuster, mis sobib suurep\u00e4raselt ka t\u00e4iskasvanutele, kes kunagi suureks ei kasva.<\/p>\n<p>See roosa tapeet tr\u00fckitakse <a href=\"https:\/\/baubauwall.com\/et\/keskkonnasobralikud-tapeedid\/\" target=\"_blank\" rel=\"noopener\">keskkonnas\u00f5bralike v\u00e4rvidega<\/a>, hingavale fliistapeedi materjalile, mis ei l\u00e4igi ja on lihtne paigaldada. Sinu uus lastetoa tapeet tuleb valmis l\u00f5igatud ning nummerdatud paanides, mis on t\u00e4pselt nii k\u00f5rged, kui Sinu sein. Tapeetimine &#8211; lihtsalt ja nutikalt!<\/p>\n","protected":false},"excerpt":{"rendered":"<p>L\u00f5bus ja isegi pisut ootamatu abstraktse disainiga roosa tapeet on inspireeritud ei millestki v\u00e4hemast kui \u2013 suhkrustest nonparellidest! S\u00f5na &#8220;nonpareil&#8221; t\u00e4hendab prantsuse keeles tegelikult &#8220;ilma v\u00f5rdseta&#8221;. V\u00e4ljend, mis oli algselt m\u00f5eldud kirjeldama teistest paremat. Hiljem kanti see s\u00f5na \u00fcle kondiitrit\u00f6\u00f6stusesse kirjeldamaks v\u00f5rratut suurejoonelisust, kui katad oma koogid v\u00f5i kommid nende pisikeste magusate kaunistustega. Miks mitte [&hellip;]<\/p>\n","protected":false},"featured_media":4292,"comment_status":"open","ping_status":"closed","template":"","meta":{"_acf_changed":false,"inline_featured_image":false},"product_brand":[],"product_cat":[386,408,273,278,413,400,414,415,416,399,402,412,715],"product_tag":[324],"class_list":{"0":"post-5603","1":"product","2":"type-product","3":"status-publish","4":"has-post-thumbnail","6":"product_cat-kordusmustriga-tapeedid","7":"product_cat-geomeetriline","8":"product_cat-heledad-tapeedid","9":"product_cat-roosad-tapeedid","10":"product_cat-magamistoa-tapeedid","11":"product_cat-lastetoa-tapeedid","12":"product_cat-soogitoa-tapeedid","13":"product_cat-kulalistetoa-tapeedid","14":"product_cat-esiku-tapeedid","15":"product_cat-kodukontori-tapeedid","16":"product_cat-elutoa-tapeedid","17":"product_cat-vannitoa-tapeedid","18":"product_cat-soodsad-tapeedid-leiunurk","19":"product_tag-tudruku-tuba","21":"first","22":"instock","23":"sale","24":"taxable","25":"shipping-taxable","26":"purchasable","27":"product-type-simple"},"acf":[],"yoast_head":"<!-- This site is optimized with the Yoast SEO plugin v25.9 - https:\/\/yoast.com\/wordpress\/plugins\/seo\/ -->\n<title>Roosa tapeet nonparellide galaktika. Valmis paigalduseks tapeet<\/title>\n<meta name=\"description\" content=\"Roosa disaintapeet aktsentseinale lastetuppa, elutuppa, mujale. Silmapaistev valid tapeete koju, tr\u00fckitud t\u00e4psetes paanides. Valmis paigalduseks tapeedid.\" \/>\n<meta name=\"robots\" content=\"index, follow, max-snippet:-1, max-image-preview:large, max-video-preview:-1\" \/>\n<link rel=\"canonical\" href=\"https:\/\/baubauwall.com\/et\/toode\/nonpareils-geometric-galaxy-wallpaper-pink\/\" \/>\n<meta property=\"og:locale\" content=\"et_EE\" \/>\n<meta property=\"og:type\" content=\"article\" \/>\n<meta property=\"og:title\" content=\"Roosa tapeet nonparellide galaktika. Valmis paigalduseks tapeet\" \/>\n<meta property=\"og:description\" content=\"Roosa disaintapeet aktsentseinale lastetuppa, elutuppa, mujale. Silmapaistev valid tapeete koju, tr\u00fckitud t\u00e4psetes paanides. Valmis paigalduseks tapeedid.\" \/>\n<meta property=\"og:url\" content=\"https:\/\/baubauwall.com\/et\/toode\/nonpareils-geometric-galaxy-wallpaper-pink\/\" \/>\n<meta property=\"og:site_name\" content=\"BAUBAUWALL TAPEEDID\" \/>\n<meta property=\"article:publisher\" content=\"https:\/\/www.facebook.com\/Baubauwall\" \/>\n<meta property=\"article:modified_time\" content=\"2025-10-13T09:41:30+00:00\" \/>\n<meta property=\"og:image\" content=\"https:\/\/baubauwall.com\/wp-content\/uploads\/2022\/02\/51100087_NonPareilGeometric-GalaxyPink_Baubauwall_Wallpaper_room7.jpg\" \/>\n\t<meta property=\"og:image:width\" content=\"986\" \/>\n\t<meta property=\"og:image:height\" content=\"800\" \/>\n\t<meta property=\"og:image:type\" content=\"image\/jpeg\" \/>\n<meta name=\"twitter:card\" content=\"summary_large_image\" \/>\n<meta name=\"twitter:label1\" content=\"Est. reading time\" \/>\n\t<meta name=\"twitter:data1\" content=\"1 minut\" \/>\n<script type=\"application\/ld+json\" class=\"yoast-schema-graph\">{\"@context\":\"https:\/\/schema.org\",\"@graph\":[{\"@type\":\"WebPage\",\"@id\":\"https:\/\/baubauwall.com\/et\/toode\/nonpareils-geometric-galaxy-wallpaper-pink\/\",\"url\":\"https:\/\/baubauwall.com\/et\/toode\/nonpareils-geometric-galaxy-wallpaper-pink\/\",\"name\":\"Roosa tapeet nonparellide galaktika. Valmis paigalduseks tapeet\",\"isPartOf\":{\"@id\":\"https:\/\/baubauwall.com\/et\/#website\"},\"primaryImageOfPage\":{\"@id\":\"https:\/\/baubauwall.com\/et\/toode\/nonpareils-geometric-galaxy-wallpaper-pink\/#primaryimage\"},\"image\":{\"@id\":\"https:\/\/baubauwall.com\/et\/toode\/nonpareils-geometric-galaxy-wallpaper-pink\/#primaryimage\"},\"thumbnailUrl\":\"https:\/\/baubauwall.com\/wp-content\/uploads\/2022\/02\/51100087_NonPareilGeometric-GalaxyPink_Baubauwall_Wallpaper_room7.jpg\",\"datePublished\":\"2022-02-22T06:20:32+00:00\",\"dateModified\":\"2025-10-13T09:41:30+00:00\",\"description\":\"Roosa disaintapeet aktsentseinale lastetuppa, elutuppa, mujale. Silmapaistev valid tapeete koju, tr\u00fckitud t\u00e4psetes paanides. Valmis paigalduseks tapeedid.\",\"breadcrumb\":{\"@id\":\"https:\/\/baubauwall.com\/et\/toode\/nonpareils-geometric-galaxy-wallpaper-pink\/#breadcrumb\"},\"inLanguage\":\"et\",\"potentialAction\":[{\"@type\":\"ReadAction\",\"target\":[\"https:\/\/baubauwall.com\/et\/toode\/nonpareils-geometric-galaxy-wallpaper-pink\/\"]}]},{\"@type\":\"ImageObject\",\"inLanguage\":\"et\",\"@id\":\"https:\/\/baubauwall.com\/et\/toode\/nonpareils-geometric-galaxy-wallpaper-pink\/#primaryimage\",\"url\":\"https:\/\/baubauwall.com\/wp-content\/uploads\/2022\/02\/51100087_NonPareilGeometric-GalaxyPink_Baubauwall_Wallpaper_room7.jpg\",\"contentUrl\":\"https:\/\/baubauwall.com\/wp-content\/uploads\/2022\/02\/51100087_NonPareilGeometric-GalaxyPink_Baubauwall_Wallpaper_room7.jpg\",\"width\":986,\"height\":800},{\"@type\":\"BreadcrumbList\",\"@id\":\"https:\/\/baubauwall.com\/et\/toode\/nonpareils-geometric-galaxy-wallpaper-pink\/#breadcrumb\",\"itemListElement\":[{\"@type\":\"ListItem\",\"position\":1,\"name\":\"Koju\",\"item\":\"https:\/\/baubauwall.com\/et\/\"},{\"@type\":\"ListItem\",\"position\":2,\"name\":\"Tapeedid\",\"item\":\"https:\/\/baubauwall.com\/et\/tapeedid\/\"},{\"@type\":\"ListItem\",\"position\":3,\"name\":\"Nonparellide galaktika &#8211; roosa\"}]},{\"@type\":\"WebSite\",\"@id\":\"https:\/\/baubauwall.com\/et\/#website\",\"url\":\"https:\/\/baubauwall.com\/et\/\",\"name\":\"BAUBAUWALL Wallpapers\",\"description\":\"Valmis paanides tapeet Eestist!\",\"publisher\":{\"@id\":\"https:\/\/baubauwall.com\/et\/#organization\"},\"potentialAction\":[{\"@type\":\"SearchAction\",\"target\":{\"@type\":\"EntryPoint\",\"urlTemplate\":\"https:\/\/baubauwall.com\/et\/?s={search_term_string}\"},\"query-input\":{\"@type\":\"PropertyValueSpecification\",\"valueRequired\":true,\"valueName\":\"search_term_string\"}}],\"inLanguage\":\"et\"},{\"@type\":\"Organization\",\"@id\":\"https:\/\/baubauwall.com\/et\/#organization\",\"name\":\"BAUBAUWALL Wallpapers\",\"url\":\"https:\/\/baubauwall.com\/et\/\",\"logo\":{\"@type\":\"ImageObject\",\"inLanguage\":\"et\",\"@id\":\"https:\/\/baubauwall.com\/et\/#\/schema\/logo\/image\/\",\"url\":\"https:\/\/baubauwall.com\/wp-content\/uploads\/2022\/03\/logo-horizontal.svg\",\"contentUrl\":\"https:\/\/baubauwall.com\/wp-content\/uploads\/2022\/03\/logo-horizontal.svg\",\"width\":\"1024\",\"height\":\"1024\",\"caption\":\"BAUBAUWALL Wallpapers\"},\"image\":{\"@id\":\"https:\/\/baubauwall.com\/et\/#\/schema\/logo\/image\/\"},\"sameAs\":[\"https:\/\/www.facebook.com\/Baubauwall\",\"https:\/\/www.instagram.com\/baubauwall\"]}]}<\/script>\n<!-- \/ Yoast SEO plugin. -->","yoast_head_json":{"title":"Roosa tapeet nonparellide galaktika. Valmis paigalduseks tapeet","description":"Roosa disaintapeet aktsentseinale lastetuppa, elutuppa, mujale. Silmapaistev valid tapeete koju, tr\u00fckitud t\u00e4psetes paanides. Valmis paigalduseks tapeedid.","robots":{"index":"index","follow":"follow","max-snippet":"max-snippet:-1","max-image-preview":"max-image-preview:large","max-video-preview":"max-video-preview:-1"},"canonical":"https:\/\/baubauwall.com\/et\/toode\/nonpareils-geometric-galaxy-wallpaper-pink\/","og_locale":"et_EE","og_type":"article","og_title":"Roosa tapeet nonparellide galaktika. Valmis paigalduseks tapeet","og_description":"Roosa disaintapeet aktsentseinale lastetuppa, elutuppa, mujale. Silmapaistev valid tapeete koju, tr\u00fckitud t\u00e4psetes paanides. Valmis paigalduseks tapeedid.","og_url":"https:\/\/baubauwall.com\/et\/toode\/nonpareils-geometric-galaxy-wallpaper-pink\/","og_site_name":"BAUBAUWALL TAPEEDID","article_publisher":"https:\/\/www.facebook.com\/Baubauwall","article_modified_time":"2025-10-13T09:41:30+00:00","og_image":[{"width":986,"height":800,"url":"https:\/\/baubauwall.com\/wp-content\/uploads\/2022\/02\/51100087_NonPareilGeometric-GalaxyPink_Baubauwall_Wallpaper_room7.jpg","type":"image\/jpeg"}],"twitter_card":"summary_large_image","twitter_misc":{"Est. reading time":"1 minut"},"schema":{"@context":"https:\/\/schema.org","@graph":[{"@type":"WebPage","@id":"https:\/\/baubauwall.com\/et\/toode\/nonpareils-geometric-galaxy-wallpaper-pink\/","url":"https:\/\/baubauwall.com\/et\/toode\/nonpareils-geometric-galaxy-wallpaper-pink\/","name":"Roosa tapeet nonparellide galaktika. Valmis paigalduseks tapeet","isPartOf":{"@id":"https:\/\/baubauwall.com\/et\/#website"},"primaryImageOfPage":{"@id":"https:\/\/baubauwall.com\/et\/toode\/nonpareils-geometric-galaxy-wallpaper-pink\/#primaryimage"},"image":{"@id":"https:\/\/baubauwall.com\/et\/toode\/nonpareils-geometric-galaxy-wallpaper-pink\/#primaryimage"},"thumbnailUrl":"https:\/\/baubauwall.com\/wp-content\/uploads\/2022\/02\/51100087_NonPareilGeometric-GalaxyPink_Baubauwall_Wallpaper_room7.jpg","datePublished":"2022-02-22T06:20:32+00:00","dateModified":"2025-10-13T09:41:30+00:00","description":"Roosa disaintapeet aktsentseinale lastetuppa, elutuppa, mujale. Silmapaistev valid tapeete koju, tr\u00fckitud t\u00e4psetes paanides. Valmis paigalduseks tapeedid.","breadcrumb":{"@id":"https:\/\/baubauwall.com\/et\/toode\/nonpareils-geometric-galaxy-wallpaper-pink\/#breadcrumb"},"inLanguage":"et","potentialAction":[{"@type":"ReadAction","target":["https:\/\/baubauwall.com\/et\/toode\/nonpareils-geometric-galaxy-wallpaper-pink\/"]}]},{"@type":"ImageObject","inLanguage":"et","@id":"https:\/\/baubauwall.com\/et\/toode\/nonpareils-geometric-galaxy-wallpaper-pink\/#primaryimage","url":"https:\/\/baubauwall.com\/wp-content\/uploads\/2022\/02\/51100087_NonPareilGeometric-GalaxyPink_Baubauwall_Wallpaper_room7.jpg","contentUrl":"https:\/\/baubauwall.com\/wp-content\/uploads\/2022\/02\/51100087_NonPareilGeometric-GalaxyPink_Baubauwall_Wallpaper_room7.jpg","width":986,"height":800},{"@type":"BreadcrumbList","@id":"https:\/\/baubauwall.com\/et\/toode\/nonpareils-geometric-galaxy-wallpaper-pink\/#breadcrumb","itemListElement":[{"@type":"ListItem","position":1,"name":"Koju","item":"https:\/\/baubauwall.com\/et\/"},{"@type":"ListItem","position":2,"name":"Tapeedid","item":"https:\/\/baubauwall.com\/et\/tapeedid\/"},{"@type":"ListItem","position":3,"name":"Nonparellide galaktika &#8211; roosa"}]},{"@type":"WebSite","@id":"https:\/\/baubauwall.com\/et\/#website","url":"https:\/\/baubauwall.com\/et\/","name":"BAUBAUWALL Wallpapers","description":"Valmis paanides tapeet Eestist!","publisher":{"@id":"https:\/\/baubauwall.com\/et\/#organization"},"potentialAction":[{"@type":"SearchAction","target":{"@type":"EntryPoint","urlTemplate":"https:\/\/baubauwall.com\/et\/?s={search_term_string}"},"query-input":{"@type":"PropertyValueSpecification","valueRequired":true,"valueName":"search_term_string"}}],"inLanguage":"et"},{"@type":"Organization","@id":"https:\/\/baubauwall.com\/et\/#organization","name":"BAUBAUWALL Wallpapers","url":"https:\/\/baubauwall.com\/et\/","logo":{"@type":"ImageObject","inLanguage":"et","@id":"https:\/\/baubauwall.com\/et\/#\/schema\/logo\/image\/","url":"https:\/\/baubauwall.com\/wp-content\/uploads\/2022\/03\/logo-horizontal.svg","contentUrl":"https:\/\/baubauwall.com\/wp-content\/uploads\/2022\/03\/logo-horizontal.svg","width":"1024","height":"1024","caption":"BAUBAUWALL Wallpapers"},"image":{"@id":"https:\/\/baubauwall.com\/et\/#\/schema\/logo\/image\/"},"sameAs":["https:\/\/www.facebook.com\/Baubauwall","https:\/\/www.instagram.com\/baubauwall"]}]}},"jetpack_sharing_enabled":true,"_links":{"self":[{"href":"https:\/\/baubauwall.com\/et\/wp-json\/wp\/v2\/product\/5603","targetHints":{"allow":["GET"]}}],"collection":[{"href":"https:\/\/baubauwall.com\/et\/wp-json\/wp\/v2\/product"}],"about":[{"href":"https:\/\/baubauwall.com\/et\/wp-json\/wp\/v2\/types\/product"}],"replies":[{"embeddable":true,"href":"https:\/\/baubauwall.com\/et\/wp-json\/wp\/v2\/comments?post=5603"}],"wp:featuredmedia":[{"embeddable":true,"href":"https:\/\/baubauwall.com\/et\/wp-json\/wp\/v2\/media\/4292"}],"wp:attachment":[{"href":"https:\/\/baubauwall.com\/et\/wp-json\/wp\/v2\/media?parent=5603"}],"wp:term":[{"taxonomy":"product_brand","embeddable":true,"href":"https:\/\/baubauwall.com\/et\/wp-json\/wp\/v2\/product_brand?post=5603"},{"taxonomy":"product_cat","embeddable":true,"href":"https:\/\/baubauwall.com\/et\/wp-json\/wp\/v2\/product_cat?post=5603"},{"taxonomy":"product_tag","embeddable":true,"href":"https:\/\/baubauwall.com\/et\/wp-json\/wp\/v2\/product_tag?post=5603"}],"curies":[{"name":"wp","href":"https:\/\/api.w.org\/{rel}","templated":true}]}}