{"id":5604,"date":"2022-02-22T10:20:32","date_gmt":"2022-02-22T08:20:32","guid":{"rendered":"https:\/\/baubauwall.com\/product\/geometric-city-jungle-wallpaper-blue-white\/"},"modified":"2023-11-27T10:43:18","modified_gmt":"2023-11-27T08:43:18","slug":"tapeet-geomeetriline-linnadzungel-sinine-valge","status":"publish","type":"product","link":"https:\/\/baubauwall.com\/et\/toode\/tapeet-geomeetriline-linnadzungel-sinine-valge\/","title":{"rendered":"Geomeetriline linnad\u017eungel &#8211; sinine &#038; valge"},"content":{"rendered":"<p>Kas see v\u00f5iks olla salajane linnakaart, mis juhatab teed linna parimatele aadressidele?\u00a0 Tapeedidisain, kus ranged jooned, kolmnurgad, ringid ja ristk\u00fclikud segunevad kaunilt linnakaardile sarnase geomeetrilise puslemustriga. Kasuta seda elegantset tapeeti oma magamistoa, elutoa, s\u00f6\u00f6gitoa v\u00f5i kontoriruumi seintel. Ole loominguline ja eksperimenteeri julgelt, sinise ja valgega geomeetrilist tapeedikujundust saab siduda paljude interj\u00f6\u00f6ristiilidega!<\/p>\n","protected":false},"excerpt":{"rendered":"<p>Kas see v\u00f5iks olla salajane linnakaart, mis juhatab teed linna parimatele aadressidele?\u00a0 Tapeedidisain, kus ranged jooned, kolmnurgad, ringid ja ristk\u00fclikud segunevad kaunilt linnakaardile sarnase geomeetrilise puslemustriga. Kasuta seda elegantset tapeeti oma magamistoa, elutoa, s\u00f6\u00f6gitoa v\u00f5i kontoriruumi seintel. Ole loominguline ja eksperimenteeri julgelt, sinise ja valgega geomeetrilist tapeedikujundust saab siduda paljude interj\u00f6\u00f6ristiilidega!<\/p>\n","protected":false},"featured_media":5107,"comment_status":"open","ping_status":"closed","template":"","meta":{"_acf_changed":false,"inline_featured_image":false},"product_brand":[],"product_cat":[386,408,267,273,410,413,414,415,416,399,402,699],"product_tag":[],"class_list":{"0":"post-5604","1":"product","2":"type-product","3":"status-publish","4":"has-post-thumbnail","6":"product_cat-kordusmustriga-tapeedid","7":"product_cat-geomeetriline","8":"product_cat-sinised-tapeedid","9":"product_cat-heledad-tapeedid","10":"product_cat-valge-tapeedid","11":"product_cat-magamistoa-tapeedid","12":"product_cat-soogitoa-tapeedid","13":"product_cat-kulalistetoa-tapeedid","14":"product_cat-esiku-tapeedid","15":"product_cat-kodukontori-tapeedid","16":"product_cat-elutoa-tapeedid","17":"product_cat-eesti-disain-tapeedid","18":"pa_designedby-baubauwall","20":"first","21":"instock","22":"taxable","23":"shipping-taxable","24":"purchasable","25":"product-type-simple"},"acf":[],"yoast_head":"<!-- This site is optimized with the Yoast SEO plugin v25.9 - https:\/\/yoast.com\/wordpress\/plugins\/seo\/ -->\n<title>Geomeetriline tapeedidisain siniste ja valgete elementidega.<\/title>\n<meta name=\"description\" content=\"Sinu seina m\u00f5\u00f5tu l\u00f5igatud tapeedid. Geomeetriline tapeet siniste ja valgete toonidega. P\u00f5hjamaine tapeedidisain. Fliistapeedid.\" \/>\n<meta name=\"robots\" content=\"index, follow, max-snippet:-1, max-image-preview:large, max-video-preview:-1\" \/>\n<link rel=\"canonical\" href=\"https:\/\/baubauwall.com\/et\/toode\/tapeet-geomeetriline-linnadzungel-sinine-valge\/\" \/>\n<meta property=\"og:locale\" content=\"et_EE\" \/>\n<meta property=\"og:type\" content=\"article\" \/>\n<meta property=\"og:title\" content=\"Geomeetriline tapeedidisain siniste ja valgete elementidega.\" \/>\n<meta property=\"og:description\" content=\"Sinu seina m\u00f5\u00f5tu l\u00f5igatud tapeedid. Geomeetriline tapeet siniste ja valgete toonidega. P\u00f5hjamaine tapeedidisain. Fliistapeedid.\" \/>\n<meta property=\"og:url\" content=\"https:\/\/baubauwall.com\/et\/toode\/tapeet-geomeetriline-linnadzungel-sinine-valge\/\" \/>\n<meta property=\"og:site_name\" content=\"BAUBAUWALL TAPEEDID\" \/>\n<meta property=\"article:publisher\" content=\"https:\/\/www.facebook.com\/Baubauwall\" \/>\n<meta property=\"article:modified_time\" content=\"2023-11-27T08:43:18+00:00\" \/>\n<meta property=\"og:image\" content=\"https:\/\/baubauwall.com\/wp-content\/uploads\/2022\/02\/51100088_GeometricCityJungle-NavyWhite_Baubauwall_Wallpaper_room5-4.png\" \/>\n\t<meta property=\"og:image:width\" content=\"1092\" \/>\n\t<meta property=\"og:image:height\" content=\"800\" \/>\n\t<meta property=\"og:image:type\" content=\"image\/png\" \/>\n<meta name=\"twitter:card\" content=\"summary_large_image\" \/>\n<meta name=\"twitter:label1\" content=\"Est. reading time\" \/>\n\t<meta name=\"twitter:data1\" content=\"1 minut\" \/>\n<script type=\"application\/ld+json\" class=\"yoast-schema-graph\">{\"@context\":\"https:\/\/schema.org\",\"@graph\":[{\"@type\":\"WebPage\",\"@id\":\"https:\/\/baubauwall.com\/et\/toode\/tapeet-geomeetriline-linnadzungel-sinine-valge\/\",\"url\":\"https:\/\/baubauwall.com\/et\/toode\/tapeet-geomeetriline-linnadzungel-sinine-valge\/\",\"name\":\"Geomeetriline tapeedidisain siniste ja valgete elementidega.\",\"isPartOf\":{\"@id\":\"https:\/\/baubauwall.com\/et\/#website\"},\"primaryImageOfPage\":{\"@id\":\"https:\/\/baubauwall.com\/et\/toode\/tapeet-geomeetriline-linnadzungel-sinine-valge\/#primaryimage\"},\"image\":{\"@id\":\"https:\/\/baubauwall.com\/et\/toode\/tapeet-geomeetriline-linnadzungel-sinine-valge\/#primaryimage\"},\"thumbnailUrl\":\"https:\/\/baubauwall.com\/wp-content\/uploads\/2022\/02\/51100088_GeometricCityJungle-NavyWhite_Baubauwall_Wallpaper_room5-4.png\",\"datePublished\":\"2022-02-22T08:20:32+00:00\",\"dateModified\":\"2023-11-27T08:43:18+00:00\",\"description\":\"Sinu seina m\u00f5\u00f5tu l\u00f5igatud tapeedid. Geomeetriline tapeet siniste ja valgete toonidega. P\u00f5hjamaine tapeedidisain. Fliistapeedid.\",\"breadcrumb\":{\"@id\":\"https:\/\/baubauwall.com\/et\/toode\/tapeet-geomeetriline-linnadzungel-sinine-valge\/#breadcrumb\"},\"inLanguage\":\"et\",\"potentialAction\":[{\"@type\":\"ReadAction\",\"target\":[\"https:\/\/baubauwall.com\/et\/toode\/tapeet-geomeetriline-linnadzungel-sinine-valge\/\"]}]},{\"@type\":\"ImageObject\",\"inLanguage\":\"et\",\"@id\":\"https:\/\/baubauwall.com\/et\/toode\/tapeet-geomeetriline-linnadzungel-sinine-valge\/#primaryimage\",\"url\":\"https:\/\/baubauwall.com\/wp-content\/uploads\/2022\/02\/51100088_GeometricCityJungle-NavyWhite_Baubauwall_Wallpaper_room5-4.png\",\"contentUrl\":\"https:\/\/baubauwall.com\/wp-content\/uploads\/2022\/02\/51100088_GeometricCityJungle-NavyWhite_Baubauwall_Wallpaper_room5-4.png\",\"width\":1092,\"height\":800},{\"@type\":\"BreadcrumbList\",\"@id\":\"https:\/\/baubauwall.com\/et\/toode\/tapeet-geomeetriline-linnadzungel-sinine-valge\/#breadcrumb\",\"itemListElement\":[{\"@type\":\"ListItem\",\"position\":1,\"name\":\"Koju\",\"item\":\"https:\/\/baubauwall.com\/et\/\"},{\"@type\":\"ListItem\",\"position\":2,\"name\":\"Tapeedid\",\"item\":\"https:\/\/baubauwall.com\/et\/tapeedid\/\"},{\"@type\":\"ListItem\",\"position\":3,\"name\":\"Geomeetriline linnad\u017eungel &#8211; sinine &#038; valge\"}]},{\"@type\":\"WebSite\",\"@id\":\"https:\/\/baubauwall.com\/et\/#website\",\"url\":\"https:\/\/baubauwall.com\/et\/\",\"name\":\"BAUBAUWALL Wallpapers\",\"description\":\"Valmis paanides tapeet Eestist!\",\"publisher\":{\"@id\":\"https:\/\/baubauwall.com\/et\/#organization\"},\"potentialAction\":[{\"@type\":\"SearchAction\",\"target\":{\"@type\":\"EntryPoint\",\"urlTemplate\":\"https:\/\/baubauwall.com\/et\/?s={search_term_string}\"},\"query-input\":{\"@type\":\"PropertyValueSpecification\",\"valueRequired\":true,\"valueName\":\"search_term_string\"}}],\"inLanguage\":\"et\"},{\"@type\":\"Organization\",\"@id\":\"https:\/\/baubauwall.com\/et\/#organization\",\"name\":\"BAUBAUWALL Wallpapers\",\"url\":\"https:\/\/baubauwall.com\/et\/\",\"logo\":{\"@type\":\"ImageObject\",\"inLanguage\":\"et\",\"@id\":\"https:\/\/baubauwall.com\/et\/#\/schema\/logo\/image\/\",\"url\":\"https:\/\/baubauwall.com\/wp-content\/uploads\/2022\/03\/logo-horizontal.svg\",\"contentUrl\":\"https:\/\/baubauwall.com\/wp-content\/uploads\/2022\/03\/logo-horizontal.svg\",\"width\":\"1024\",\"height\":\"1024\",\"caption\":\"BAUBAUWALL Wallpapers\"},\"image\":{\"@id\":\"https:\/\/baubauwall.com\/et\/#\/schema\/logo\/image\/\"},\"sameAs\":[\"https:\/\/www.facebook.com\/Baubauwall\",\"https:\/\/www.instagram.com\/baubauwall\"]}]}<\/script>\n<!-- \/ Yoast SEO plugin. -->","yoast_head_json":{"title":"Geomeetriline tapeedidisain siniste ja valgete elementidega.","description":"Sinu seina m\u00f5\u00f5tu l\u00f5igatud tapeedid. Geomeetriline tapeet siniste ja valgete toonidega. P\u00f5hjamaine tapeedidisain. Fliistapeedid.","robots":{"index":"index","follow":"follow","max-snippet":"max-snippet:-1","max-image-preview":"max-image-preview:large","max-video-preview":"max-video-preview:-1"},"canonical":"https:\/\/baubauwall.com\/et\/toode\/tapeet-geomeetriline-linnadzungel-sinine-valge\/","og_locale":"et_EE","og_type":"article","og_title":"Geomeetriline tapeedidisain siniste ja valgete elementidega.","og_description":"Sinu seina m\u00f5\u00f5tu l\u00f5igatud tapeedid. Geomeetriline tapeet siniste ja valgete toonidega. P\u00f5hjamaine tapeedidisain. Fliistapeedid.","og_url":"https:\/\/baubauwall.com\/et\/toode\/tapeet-geomeetriline-linnadzungel-sinine-valge\/","og_site_name":"BAUBAUWALL TAPEEDID","article_publisher":"https:\/\/www.facebook.com\/Baubauwall","article_modified_time":"2023-11-27T08:43:18+00:00","og_image":[{"width":1092,"height":800,"url":"https:\/\/baubauwall.com\/wp-content\/uploads\/2022\/02\/51100088_GeometricCityJungle-NavyWhite_Baubauwall_Wallpaper_room5-4.png","type":"image\/png"}],"twitter_card":"summary_large_image","twitter_misc":{"Est. reading time":"1 minut"},"schema":{"@context":"https:\/\/schema.org","@graph":[{"@type":"WebPage","@id":"https:\/\/baubauwall.com\/et\/toode\/tapeet-geomeetriline-linnadzungel-sinine-valge\/","url":"https:\/\/baubauwall.com\/et\/toode\/tapeet-geomeetriline-linnadzungel-sinine-valge\/","name":"Geomeetriline tapeedidisain siniste ja valgete elementidega.","isPartOf":{"@id":"https:\/\/baubauwall.com\/et\/#website"},"primaryImageOfPage":{"@id":"https:\/\/baubauwall.com\/et\/toode\/tapeet-geomeetriline-linnadzungel-sinine-valge\/#primaryimage"},"image":{"@id":"https:\/\/baubauwall.com\/et\/toode\/tapeet-geomeetriline-linnadzungel-sinine-valge\/#primaryimage"},"thumbnailUrl":"https:\/\/baubauwall.com\/wp-content\/uploads\/2022\/02\/51100088_GeometricCityJungle-NavyWhite_Baubauwall_Wallpaper_room5-4.png","datePublished":"2022-02-22T08:20:32+00:00","dateModified":"2023-11-27T08:43:18+00:00","description":"Sinu seina m\u00f5\u00f5tu l\u00f5igatud tapeedid. Geomeetriline tapeet siniste ja valgete toonidega. P\u00f5hjamaine tapeedidisain. Fliistapeedid.","breadcrumb":{"@id":"https:\/\/baubauwall.com\/et\/toode\/tapeet-geomeetriline-linnadzungel-sinine-valge\/#breadcrumb"},"inLanguage":"et","potentialAction":[{"@type":"ReadAction","target":["https:\/\/baubauwall.com\/et\/toode\/tapeet-geomeetriline-linnadzungel-sinine-valge\/"]}]},{"@type":"ImageObject","inLanguage":"et","@id":"https:\/\/baubauwall.com\/et\/toode\/tapeet-geomeetriline-linnadzungel-sinine-valge\/#primaryimage","url":"https:\/\/baubauwall.com\/wp-content\/uploads\/2022\/02\/51100088_GeometricCityJungle-NavyWhite_Baubauwall_Wallpaper_room5-4.png","contentUrl":"https:\/\/baubauwall.com\/wp-content\/uploads\/2022\/02\/51100088_GeometricCityJungle-NavyWhite_Baubauwall_Wallpaper_room5-4.png","width":1092,"height":800},{"@type":"BreadcrumbList","@id":"https:\/\/baubauwall.com\/et\/toode\/tapeet-geomeetriline-linnadzungel-sinine-valge\/#breadcrumb","itemListElement":[{"@type":"ListItem","position":1,"name":"Koju","item":"https:\/\/baubauwall.com\/et\/"},{"@type":"ListItem","position":2,"name":"Tapeedid","item":"https:\/\/baubauwall.com\/et\/tapeedid\/"},{"@type":"ListItem","position":3,"name":"Geomeetriline linnad\u017eungel &#8211; sinine &#038; valge"}]},{"@type":"WebSite","@id":"https:\/\/baubauwall.com\/et\/#website","url":"https:\/\/baubauwall.com\/et\/","name":"BAUBAUWALL Wallpapers","description":"Valmis paanides tapeet Eestist!","publisher":{"@id":"https:\/\/baubauwall.com\/et\/#organization"},"potentialAction":[{"@type":"SearchAction","target":{"@type":"EntryPoint","urlTemplate":"https:\/\/baubauwall.com\/et\/?s={search_term_string}"},"query-input":{"@type":"PropertyValueSpecification","valueRequired":true,"valueName":"search_term_string"}}],"inLanguage":"et"},{"@type":"Organization","@id":"https:\/\/baubauwall.com\/et\/#organization","name":"BAUBAUWALL Wallpapers","url":"https:\/\/baubauwall.com\/et\/","logo":{"@type":"ImageObject","inLanguage":"et","@id":"https:\/\/baubauwall.com\/et\/#\/schema\/logo\/image\/","url":"https:\/\/baubauwall.com\/wp-content\/uploads\/2022\/03\/logo-horizontal.svg","contentUrl":"https:\/\/baubauwall.com\/wp-content\/uploads\/2022\/03\/logo-horizontal.svg","width":"1024","height":"1024","caption":"BAUBAUWALL Wallpapers"},"image":{"@id":"https:\/\/baubauwall.com\/et\/#\/schema\/logo\/image\/"},"sameAs":["https:\/\/www.facebook.com\/Baubauwall","https:\/\/www.instagram.com\/baubauwall"]}]}},"jetpack_sharing_enabled":true,"_links":{"self":[{"href":"https:\/\/baubauwall.com\/et\/wp-json\/wp\/v2\/product\/5604","targetHints":{"allow":["GET"]}}],"collection":[{"href":"https:\/\/baubauwall.com\/et\/wp-json\/wp\/v2\/product"}],"about":[{"href":"https:\/\/baubauwall.com\/et\/wp-json\/wp\/v2\/types\/product"}],"replies":[{"embeddable":true,"href":"https:\/\/baubauwall.com\/et\/wp-json\/wp\/v2\/comments?post=5604"}],"wp:featuredmedia":[{"embeddable":true,"href":"https:\/\/baubauwall.com\/et\/wp-json\/wp\/v2\/media\/5107"}],"wp:attachment":[{"href":"https:\/\/baubauwall.com\/et\/wp-json\/wp\/v2\/media?parent=5604"}],"wp:term":[{"taxonomy":"product_brand","embeddable":true,"href":"https:\/\/baubauwall.com\/et\/wp-json\/wp\/v2\/product_brand?post=5604"},{"taxonomy":"product_cat","embeddable":true,"href":"https:\/\/baubauwall.com\/et\/wp-json\/wp\/v2\/product_cat?post=5604"},{"taxonomy":"product_tag","embeddable":true,"href":"https:\/\/baubauwall.com\/et\/wp-json\/wp\/v2\/product_tag?post=5604"}],"curies":[{"name":"wp","href":"https:\/\/api.w.org\/{rel}","templated":true}]}}