{"id":5626,"date":"2022-02-17T15:16:38","date_gmt":"2022-02-17T15:16:38","guid":{"rendered":"https:\/\/baubauwall.com\/product\/circle-the-circles-turquoise-wallpaper\/"},"modified":"2024-01-05T12:27:14","modified_gmt":"2024-01-05T10:27:14","slug":"circle-the-circles-turquoise-wallpaper","status":"publish","type":"product","link":"https:\/\/baubauwall.com\/et\/toode\/circle-the-circles-turquoise-wallpaper\/","title":{"rendered":"Lugematud ringid &#8211; t\u00fcrkiis"},"content":{"rendered":"<p>Kas suudad need ringid kokku lugeda? M\u00e4nguline tapeedimuster, millel on lugematu hulk t\u00fcrkiissinistes, hallides ja sinistes toonides ringe. Domineerib t\u00fcrkiissinine \u2013 mitmek\u00fclgne positiivsust kiirgav ja suve v\u00e4rvivarjunditega seostuv v\u00e4rvitoon, mida sageli nimetatakse ka akvamariiniks. Suurep\u00e4rane tapeedivalik magamistoa, elutoa, k\u00f6\u00f6gi v\u00f5i kodukontori seintele.<\/p>\n<p>Nagu k\u00f5ik meie kordusmustriga tapeedid ja pilttapeedid, on ka see disain tr\u00fckitud keskkonnas\u00f5bralike v\u00e4rvidega, hingavale fliistapeedi materjalile.\u00a0 Fliistapeeti on v\u00e4ga lihtne paigaldada ja ka eemaldada. Loe l\u00e4hemalt nutikatest tapeetidest\u00a0<a href=\"https:\/\/baubauwall.com\/et\/keskkonnasobralikud-tapeedid\/\" target=\"_blank\" rel=\"noopener\">siit.<\/a><\/p>\n","protected":false},"excerpt":{"rendered":"<p>Kas suudad need ringid kokku lugeda? M\u00e4nguline tapeedimuster, millel on lugematu hulk t\u00fcrkiissinistes, hallides ja sinistes toonides ringe. Domineerib t\u00fcrkiissinine \u2013 mitmek\u00fclgne positiivsust kiirgav ja suve v\u00e4rvivarjunditega seostuv v\u00e4rvitoon, mida sageli nimetatakse ka akvamariiniks. Suurep\u00e4rane tapeedivalik magamistoa, elutoa, k\u00f6\u00f6gi v\u00f5i kodukontori seintele. Nagu k\u00f5ik meie kordusmustriga tapeedid ja pilttapeedid, on ka see disain tr\u00fckitud keskkonnas\u00f5bralike [&hellip;]<\/p>\n","protected":false},"featured_media":28012,"comment_status":"open","ping_status":"closed","template":"","meta":{"_acf_changed":false,"inline_featured_image":false},"product_brand":[],"product_cat":[386,408,267,409,413,400,414,416,399,402],"product_tag":[832],"class_list":{"0":"post-5626","1":"product","2":"type-product","3":"status-publish","4":"has-post-thumbnail","6":"product_cat-kordusmustriga-tapeedid","7":"product_cat-geomeetriline","8":"product_cat-sinised-tapeedid","9":"product_cat-turkiis-tapeedid","10":"product_cat-magamistoa-tapeedid","11":"product_cat-lastetoa-tapeedid","12":"product_cat-soogitoa-tapeedid","13":"product_cat-esiku-tapeedid","14":"product_cat-kodukontori-tapeedid","15":"product_cat-elutoa-tapeedid","16":"product_tag-kordusmustriga-tapeedid","17":"pa_designedby-baubauwall","19":"first","20":"instock","21":"featured","22":"taxable","23":"shipping-taxable","24":"purchasable","25":"product-type-simple"},"acf":[],"yoast_head":"<!-- This site is optimized with the Yoast SEO plugin v25.9 - https:\/\/yoast.com\/wordpress\/plugins\/seo\/ -->\n<title>Geomeetrilise mustriga helesinine tapeet magamistuppa<\/title>\n<meta name=\"description\" content=\"Tapeetimine pole kunagi nii lihtne olnud - meie tapeedid tr\u00fckitakse sinu seina m\u00f5\u00f5dus, nummerdatud paanides. Sinine tapeet geomeetrilise mustriga.\" \/>\n<meta name=\"robots\" content=\"index, follow, max-snippet:-1, max-image-preview:large, max-video-preview:-1\" \/>\n<link rel=\"canonical\" href=\"https:\/\/baubauwall.com\/et\/toode\/circle-the-circles-turquoise-wallpaper\/\" \/>\n<meta property=\"og:locale\" content=\"et_EE\" \/>\n<meta property=\"og:type\" content=\"article\" \/>\n<meta property=\"og:title\" content=\"Geomeetrilise mustriga helesinine tapeet magamistuppa\" \/>\n<meta property=\"og:description\" content=\"Tapeetimine pole kunagi nii lihtne olnud - meie tapeedid tr\u00fckitakse sinu seina m\u00f5\u00f5dus, nummerdatud paanides. Sinine tapeet geomeetrilise mustriga.\" \/>\n<meta property=\"og:url\" content=\"https:\/\/baubauwall.com\/et\/toode\/circle-the-circles-turquoise-wallpaper\/\" \/>\n<meta property=\"og:site_name\" content=\"BAUBAUWALL Wallpapers\" \/>\n<meta property=\"article:publisher\" content=\"https:\/\/www.facebook.com\/Baubauwall\" \/>\n<meta property=\"article:modified_time\" content=\"2024-01-05T10:27:14+00:00\" \/>\n<meta property=\"og:image\" content=\"https:\/\/i0.wp.com\/baubauwall.com\/wp-content\/uploads\/2022\/02\/51100091_CircletheCircles_Baubauwall_Wallpaper_room7.jpg?fit=2350%2C1600&ssl=1\" \/>\n\t<meta property=\"og:image:width\" content=\"2350\" \/>\n\t<meta property=\"og:image:height\" content=\"1600\" \/>\n\t<meta property=\"og:image:type\" content=\"image\/jpeg\" \/>\n<meta name=\"twitter:card\" content=\"summary_large_image\" \/>\n<meta name=\"twitter:label1\" content=\"Est. reading time\" \/>\n\t<meta name=\"twitter:data1\" content=\"1 minut\" \/>\n<script type=\"application\/ld+json\" class=\"yoast-schema-graph\">{\"@context\":\"https:\/\/schema.org\",\"@graph\":[{\"@type\":\"WebPage\",\"@id\":\"https:\/\/baubauwall.com\/et\/toode\/circle-the-circles-turquoise-wallpaper\/\",\"url\":\"https:\/\/baubauwall.com\/et\/toode\/circle-the-circles-turquoise-wallpaper\/\",\"name\":\"Geomeetrilise mustriga helesinine tapeet magamistuppa\",\"isPartOf\":{\"@id\":\"https:\/\/baubauwall.com\/et\/#website\"},\"primaryImageOfPage\":{\"@id\":\"https:\/\/baubauwall.com\/et\/toode\/circle-the-circles-turquoise-wallpaper\/#primaryimage\"},\"image\":{\"@id\":\"https:\/\/baubauwall.com\/et\/toode\/circle-the-circles-turquoise-wallpaper\/#primaryimage\"},\"thumbnailUrl\":\"https:\/\/baubauwall.com\/wp-content\/uploads\/2022\/02\/51100091_CircletheCircles_Baubauwall_Wallpaper_room7.jpg\",\"datePublished\":\"2022-02-17T15:16:38+00:00\",\"dateModified\":\"2024-01-05T10:27:14+00:00\",\"description\":\"Tapeetimine pole kunagi nii lihtne olnud - meie tapeedid tr\u00fckitakse sinu seina m\u00f5\u00f5dus, nummerdatud paanides. Sinine tapeet geomeetrilise mustriga.\",\"breadcrumb\":{\"@id\":\"https:\/\/baubauwall.com\/et\/toode\/circle-the-circles-turquoise-wallpaper\/#breadcrumb\"},\"inLanguage\":\"et\",\"potentialAction\":[{\"@type\":\"ReadAction\",\"target\":[\"https:\/\/baubauwall.com\/et\/toode\/circle-the-circles-turquoise-wallpaper\/\"]}]},{\"@type\":\"ImageObject\",\"inLanguage\":\"et\",\"@id\":\"https:\/\/baubauwall.com\/et\/toode\/circle-the-circles-turquoise-wallpaper\/#primaryimage\",\"url\":\"https:\/\/baubauwall.com\/wp-content\/uploads\/2022\/02\/51100091_CircletheCircles_Baubauwall_Wallpaper_room7.jpg\",\"contentUrl\":\"https:\/\/baubauwall.com\/wp-content\/uploads\/2022\/02\/51100091_CircletheCircles_Baubauwall_Wallpaper_room7.jpg\",\"width\":2350,\"height\":1600},{\"@type\":\"BreadcrumbList\",\"@id\":\"https:\/\/baubauwall.com\/et\/toode\/circle-the-circles-turquoise-wallpaper\/#breadcrumb\",\"itemListElement\":[{\"@type\":\"ListItem\",\"position\":1,\"name\":\"Koju\",\"item\":\"https:\/\/baubauwall.com\/et\/\"},{\"@type\":\"ListItem\",\"position\":2,\"name\":\"Tapeedid\",\"item\":\"https:\/\/baubauwall.com\/et\/tapeedid\/\"},{\"@type\":\"ListItem\",\"position\":3,\"name\":\"Lugematud ringid &#8211; t\u00fcrkiis\"}]},{\"@type\":\"WebSite\",\"@id\":\"https:\/\/baubauwall.com\/et\/#website\",\"url\":\"https:\/\/baubauwall.com\/et\/\",\"name\":\"BAUBAUWALL Wallpapers\",\"description\":\"Valmis paanides tapeet Eestist!\",\"publisher\":{\"@id\":\"https:\/\/baubauwall.com\/et\/#organization\"},\"potentialAction\":[{\"@type\":\"SearchAction\",\"target\":{\"@type\":\"EntryPoint\",\"urlTemplate\":\"https:\/\/baubauwall.com\/et\/?s={search_term_string}\"},\"query-input\":{\"@type\":\"PropertyValueSpecification\",\"valueRequired\":true,\"valueName\":\"search_term_string\"}}],\"inLanguage\":\"et\"},{\"@type\":\"Organization\",\"@id\":\"https:\/\/baubauwall.com\/et\/#organization\",\"name\":\"BAUBAUWALL Wallpapers\",\"url\":\"https:\/\/baubauwall.com\/et\/\",\"logo\":{\"@type\":\"ImageObject\",\"inLanguage\":\"et\",\"@id\":\"https:\/\/baubauwall.com\/et\/#\/schema\/logo\/image\/\",\"url\":\"https:\/\/baubauwall.com\/wp-content\/uploads\/2022\/03\/logo-horizontal.svg\",\"contentUrl\":\"https:\/\/baubauwall.com\/wp-content\/uploads\/2022\/03\/logo-horizontal.svg\",\"width\":\"1024\",\"height\":\"1024\",\"caption\":\"BAUBAUWALL Wallpapers\"},\"image\":{\"@id\":\"https:\/\/baubauwall.com\/et\/#\/schema\/logo\/image\/\"},\"sameAs\":[\"https:\/\/www.facebook.com\/Baubauwall\",\"https:\/\/www.instagram.com\/baubauwall\"]}]}<\/script>\n<!-- \/ Yoast SEO plugin. -->","yoast_head_json":{"title":"Geomeetrilise mustriga helesinine tapeet magamistuppa","description":"Tapeetimine pole kunagi nii lihtne olnud - meie tapeedid tr\u00fckitakse sinu seina m\u00f5\u00f5dus, nummerdatud paanides. Sinine tapeet geomeetrilise mustriga.","robots":{"index":"index","follow":"follow","max-snippet":"max-snippet:-1","max-image-preview":"max-image-preview:large","max-video-preview":"max-video-preview:-1"},"canonical":"https:\/\/baubauwall.com\/et\/toode\/circle-the-circles-turquoise-wallpaper\/","og_locale":"et_EE","og_type":"article","og_title":"Geomeetrilise mustriga helesinine tapeet magamistuppa","og_description":"Tapeetimine pole kunagi nii lihtne olnud - meie tapeedid tr\u00fckitakse sinu seina m\u00f5\u00f5dus, nummerdatud paanides. Sinine tapeet geomeetrilise mustriga.","og_url":"https:\/\/baubauwall.com\/et\/toode\/circle-the-circles-turquoise-wallpaper\/","og_site_name":"BAUBAUWALL Wallpapers","article_publisher":"https:\/\/www.facebook.com\/Baubauwall","article_modified_time":"2024-01-05T10:27:14+00:00","og_image":[{"width":2350,"height":1600,"url":"https:\/\/i0.wp.com\/baubauwall.com\/wp-content\/uploads\/2022\/02\/51100091_CircletheCircles_Baubauwall_Wallpaper_room7.jpg?fit=2350%2C1600&ssl=1","type":"image\/jpeg"}],"twitter_card":"summary_large_image","twitter_misc":{"Est. reading time":"1 minut"},"schema":{"@context":"https:\/\/schema.org","@graph":[{"@type":"WebPage","@id":"https:\/\/baubauwall.com\/et\/toode\/circle-the-circles-turquoise-wallpaper\/","url":"https:\/\/baubauwall.com\/et\/toode\/circle-the-circles-turquoise-wallpaper\/","name":"Geomeetrilise mustriga helesinine tapeet magamistuppa","isPartOf":{"@id":"https:\/\/baubauwall.com\/et\/#website"},"primaryImageOfPage":{"@id":"https:\/\/baubauwall.com\/et\/toode\/circle-the-circles-turquoise-wallpaper\/#primaryimage"},"image":{"@id":"https:\/\/baubauwall.com\/et\/toode\/circle-the-circles-turquoise-wallpaper\/#primaryimage"},"thumbnailUrl":"https:\/\/baubauwall.com\/wp-content\/uploads\/2022\/02\/51100091_CircletheCircles_Baubauwall_Wallpaper_room7.jpg","datePublished":"2022-02-17T15:16:38+00:00","dateModified":"2024-01-05T10:27:14+00:00","description":"Tapeetimine pole kunagi nii lihtne olnud - meie tapeedid tr\u00fckitakse sinu seina m\u00f5\u00f5dus, nummerdatud paanides. Sinine tapeet geomeetrilise mustriga.","breadcrumb":{"@id":"https:\/\/baubauwall.com\/et\/toode\/circle-the-circles-turquoise-wallpaper\/#breadcrumb"},"inLanguage":"et","potentialAction":[{"@type":"ReadAction","target":["https:\/\/baubauwall.com\/et\/toode\/circle-the-circles-turquoise-wallpaper\/"]}]},{"@type":"ImageObject","inLanguage":"et","@id":"https:\/\/baubauwall.com\/et\/toode\/circle-the-circles-turquoise-wallpaper\/#primaryimage","url":"https:\/\/baubauwall.com\/wp-content\/uploads\/2022\/02\/51100091_CircletheCircles_Baubauwall_Wallpaper_room7.jpg","contentUrl":"https:\/\/baubauwall.com\/wp-content\/uploads\/2022\/02\/51100091_CircletheCircles_Baubauwall_Wallpaper_room7.jpg","width":2350,"height":1600},{"@type":"BreadcrumbList","@id":"https:\/\/baubauwall.com\/et\/toode\/circle-the-circles-turquoise-wallpaper\/#breadcrumb","itemListElement":[{"@type":"ListItem","position":1,"name":"Koju","item":"https:\/\/baubauwall.com\/et\/"},{"@type":"ListItem","position":2,"name":"Tapeedid","item":"https:\/\/baubauwall.com\/et\/tapeedid\/"},{"@type":"ListItem","position":3,"name":"Lugematud ringid &#8211; t\u00fcrkiis"}]},{"@type":"WebSite","@id":"https:\/\/baubauwall.com\/et\/#website","url":"https:\/\/baubauwall.com\/et\/","name":"BAUBAUWALL Wallpapers","description":"Valmis paanides tapeet Eestist!","publisher":{"@id":"https:\/\/baubauwall.com\/et\/#organization"},"potentialAction":[{"@type":"SearchAction","target":{"@type":"EntryPoint","urlTemplate":"https:\/\/baubauwall.com\/et\/?s={search_term_string}"},"query-input":{"@type":"PropertyValueSpecification","valueRequired":true,"valueName":"search_term_string"}}],"inLanguage":"et"},{"@type":"Organization","@id":"https:\/\/baubauwall.com\/et\/#organization","name":"BAUBAUWALL Wallpapers","url":"https:\/\/baubauwall.com\/et\/","logo":{"@type":"ImageObject","inLanguage":"et","@id":"https:\/\/baubauwall.com\/et\/#\/schema\/logo\/image\/","url":"https:\/\/baubauwall.com\/wp-content\/uploads\/2022\/03\/logo-horizontal.svg","contentUrl":"https:\/\/baubauwall.com\/wp-content\/uploads\/2022\/03\/logo-horizontal.svg","width":"1024","height":"1024","caption":"BAUBAUWALL Wallpapers"},"image":{"@id":"https:\/\/baubauwall.com\/et\/#\/schema\/logo\/image\/"},"sameAs":["https:\/\/www.facebook.com\/Baubauwall","https:\/\/www.instagram.com\/baubauwall"]}]}},"jetpack_sharing_enabled":true,"_links":{"self":[{"href":"https:\/\/baubauwall.com\/et\/wp-json\/wp\/v2\/product\/5626","targetHints":{"allow":["GET"]}}],"collection":[{"href":"https:\/\/baubauwall.com\/et\/wp-json\/wp\/v2\/product"}],"about":[{"href":"https:\/\/baubauwall.com\/et\/wp-json\/wp\/v2\/types\/product"}],"replies":[{"embeddable":true,"href":"https:\/\/baubauwall.com\/et\/wp-json\/wp\/v2\/comments?post=5626"}],"wp:featuredmedia":[{"embeddable":true,"href":"https:\/\/baubauwall.com\/et\/wp-json\/wp\/v2\/media\/28012"}],"wp:attachment":[{"href":"https:\/\/baubauwall.com\/et\/wp-json\/wp\/v2\/media?parent=5626"}],"wp:term":[{"taxonomy":"product_brand","embeddable":true,"href":"https:\/\/baubauwall.com\/et\/wp-json\/wp\/v2\/product_brand?post=5626"},{"taxonomy":"product_cat","embeddable":true,"href":"https:\/\/baubauwall.com\/et\/wp-json\/wp\/v2\/product_cat?post=5626"},{"taxonomy":"product_tag","embeddable":true,"href":"https:\/\/baubauwall.com\/et\/wp-json\/wp\/v2\/product_tag?post=5626"}],"curies":[{"name":"wp","href":"https:\/\/api.w.org\/{rel}","templated":true}]}}