{"id":5628,"date":"2022-02-17T16:39:15","date_gmt":"2022-02-17T14:39:15","guid":{"rendered":"https:\/\/baubauwall.com\/product\/juicy-red-currants-and-green-leaves-blue-wallpaper\/"},"modified":"2022-05-18T16:11:14","modified_gmt":"2022-05-18T14:11:14","slug":"tapeet-mahlakad-sostrad-helesininine","status":"publish","type":"product","link":"https:\/\/baubauwall.com\/et\/toode\/tapeet-mahlakad-sostrad-helesininine\/","title":{"rendered":"Mahlakad s\u00f5strad &#8211; helesininine"},"content":{"rendered":"<p>Stiilne muster punaste s\u00f5starde ja roheliste lehtedega ootamatult ja v\u00e4rskelt m\u00f5juval helesinisel taustal. See mahlakalt m\u00e4nguline tapeet n\u00e4eb hea v\u00e4lja ega j\u00e4\u00e4 m\u00e4rkamatuks nii teismelise toas kui ka moodsas k\u00f6\u00f6gis, magamistoas v\u00f5i s\u00f6\u00f6gitoa seinal.<\/p>\n<p>See tapeet on meil olemas ka roosa taustaga.\u00a0Tr\u00fckitud keskkonnas\u00f5bralike v\u00e4rvidega ja hingavale, fliistapeedi materjalile.<\/p>\n","protected":false},"excerpt":{"rendered":"<p>Stiilne muster punaste s\u00f5starde ja roheliste lehtedega ootamatult ja v\u00e4rskelt m\u00f5juval helesinisel taustal. See mahlakalt m\u00e4nguline tapeet n\u00e4eb hea v\u00e4lja ega j\u00e4\u00e4 m\u00e4rkamatuks nii teismelise toas kui ka moodsas k\u00f6\u00f6gis, magamistoas v\u00f5i s\u00f6\u00f6gitoa seinal. See tapeet on meil olemas ka roosa taustaga.\u00a0Tr\u00fckitud keskkonnas\u00f5bralike v\u00e4rvidega ja hingavale, fliistapeedi materjalile.<\/p>\n","protected":false},"featured_media":7762,"comment_status":"open","ping_status":"closed","template":"","meta":{"_acf_changed":false,"inline_featured_image":false},"product_brand":[],"product_cat":[386,396,267,273,400,414,415,401,402,256,715],"product_tag":[349],"class_list":{"0":"post-5628","1":"product","2":"type-product","3":"status-publish","4":"has-post-thumbnail","6":"product_cat-kordusmustriga-tapeedid","7":"product_cat-skandinaavia","8":"product_cat-sinised-tapeedid","9":"product_cat-heledad-tapeedid","10":"product_cat-lastetoa-tapeedid","11":"product_cat-soogitoa-tapeedid","12":"product_cat-kulalistetoa-tapeedid","13":"product_cat-koogi-tapeedid","14":"product_cat-elutoa-tapeedid","15":"product_cat-marjad","16":"product_cat-soodsad-tapeedid-leiunurk","17":"product_tag-beebituba","18":"pa_designedby-baubauwall","20":"first","21":"instock","22":"sale","23":"taxable","24":"shipping-taxable","25":"purchasable","26":"product-type-simple"},"acf":[],"yoast_head":"<!-- This site is optimized with the Yoast SEO plugin v25.9 - https:\/\/yoast.com\/wordpress\/plugins\/seo\/ -->\n<title>Juicy Red Currants and Green Leaves Design Wallpaper<\/title>\n<meta name=\"description\" content=\"Red currant berries on white backdrop bespoke wallpaper. Custom printed, cut as the size of your walls design wallpapers.\" \/>\n<meta name=\"robots\" content=\"index, follow, max-snippet:-1, max-image-preview:large, max-video-preview:-1\" \/>\n<link rel=\"canonical\" href=\"https:\/\/baubauwall.com\/et\/toode\/tapeet-mahlakad-sostrad-helesininine\/\" \/>\n<meta property=\"og:locale\" content=\"et_EE\" \/>\n<meta property=\"og:type\" content=\"article\" \/>\n<meta property=\"og:title\" content=\"Juicy Red Currants and Green Leaves Design Wallpaper\" \/>\n<meta property=\"og:description\" content=\"Red currant berries on white backdrop bespoke wallpaper. Custom printed, cut as the size of your walls design wallpapers.\" \/>\n<meta property=\"og:url\" content=\"https:\/\/baubauwall.com\/et\/toode\/tapeet-mahlakad-sostrad-helesininine\/\" \/>\n<meta property=\"og:site_name\" content=\"BAUBAUWALL TAPEEDID\" \/>\n<meta property=\"article:publisher\" content=\"https:\/\/www.facebook.com\/Baubauwall\" \/>\n<meta property=\"article:modified_time\" content=\"2022-05-18T14:11:14+00:00\" \/>\n<meta property=\"og:image\" content=\"https:\/\/baubauwall.com\/wp-content\/uploads\/2022\/02\/51100093_JuicyRedCurrantGreenLeaves-Lightblue_Baubauwall_Wallpaper_room4.jpg\" \/>\n\t<meta property=\"og:image:width\" content=\"1067\" \/>\n\t<meta property=\"og:image:height\" content=\"800\" \/>\n\t<meta property=\"og:image:type\" content=\"image\/jpeg\" \/>\n<meta name=\"twitter:card\" content=\"summary_large_image\" \/>\n<meta name=\"twitter:label1\" content=\"Est. reading time\" \/>\n\t<meta name=\"twitter:data1\" content=\"1 minut\" \/>\n<script type=\"application\/ld+json\" class=\"yoast-schema-graph\">{\"@context\":\"https:\/\/schema.org\",\"@graph\":[{\"@type\":\"WebPage\",\"@id\":\"https:\/\/baubauwall.com\/et\/toode\/tapeet-mahlakad-sostrad-helesininine\/\",\"url\":\"https:\/\/baubauwall.com\/et\/toode\/tapeet-mahlakad-sostrad-helesininine\/\",\"name\":\"Juicy Red Currants and Green Leaves Design Wallpaper\",\"isPartOf\":{\"@id\":\"https:\/\/baubauwall.com\/et\/#website\"},\"primaryImageOfPage\":{\"@id\":\"https:\/\/baubauwall.com\/et\/toode\/tapeet-mahlakad-sostrad-helesininine\/#primaryimage\"},\"image\":{\"@id\":\"https:\/\/baubauwall.com\/et\/toode\/tapeet-mahlakad-sostrad-helesininine\/#primaryimage\"},\"thumbnailUrl\":\"https:\/\/baubauwall.com\/wp-content\/uploads\/2022\/02\/51100093_JuicyRedCurrantGreenLeaves-Lightblue_Baubauwall_Wallpaper_room4.jpg\",\"datePublished\":\"2022-02-17T14:39:15+00:00\",\"dateModified\":\"2022-05-18T14:11:14+00:00\",\"description\":\"Red currant berries on white backdrop bespoke wallpaper. Custom printed, cut as the size of your walls design wallpapers.\",\"breadcrumb\":{\"@id\":\"https:\/\/baubauwall.com\/et\/toode\/tapeet-mahlakad-sostrad-helesininine\/#breadcrumb\"},\"inLanguage\":\"et\",\"potentialAction\":[{\"@type\":\"ReadAction\",\"target\":[\"https:\/\/baubauwall.com\/et\/toode\/tapeet-mahlakad-sostrad-helesininine\/\"]}]},{\"@type\":\"ImageObject\",\"inLanguage\":\"et\",\"@id\":\"https:\/\/baubauwall.com\/et\/toode\/tapeet-mahlakad-sostrad-helesininine\/#primaryimage\",\"url\":\"https:\/\/baubauwall.com\/wp-content\/uploads\/2022\/02\/51100093_JuicyRedCurrantGreenLeaves-Lightblue_Baubauwall_Wallpaper_room4.jpg\",\"contentUrl\":\"https:\/\/baubauwall.com\/wp-content\/uploads\/2022\/02\/51100093_JuicyRedCurrantGreenLeaves-Lightblue_Baubauwall_Wallpaper_room4.jpg\",\"width\":1067,\"height\":800,\"caption\":\"juicy red currants wallpaper baubauwall\"},{\"@type\":\"BreadcrumbList\",\"@id\":\"https:\/\/baubauwall.com\/et\/toode\/tapeet-mahlakad-sostrad-helesininine\/#breadcrumb\",\"itemListElement\":[{\"@type\":\"ListItem\",\"position\":1,\"name\":\"Koju\",\"item\":\"https:\/\/baubauwall.com\/et\/\"},{\"@type\":\"ListItem\",\"position\":2,\"name\":\"Tapeedid\",\"item\":\"https:\/\/baubauwall.com\/et\/tapeedid\/\"},{\"@type\":\"ListItem\",\"position\":3,\"name\":\"Mahlakad s\u00f5strad &#8211; helesininine\"}]},{\"@type\":\"WebSite\",\"@id\":\"https:\/\/baubauwall.com\/et\/#website\",\"url\":\"https:\/\/baubauwall.com\/et\/\",\"name\":\"BAUBAUWALL Wallpapers\",\"description\":\"Valmis paanides tapeet Eestist!\",\"publisher\":{\"@id\":\"https:\/\/baubauwall.com\/et\/#organization\"},\"potentialAction\":[{\"@type\":\"SearchAction\",\"target\":{\"@type\":\"EntryPoint\",\"urlTemplate\":\"https:\/\/baubauwall.com\/et\/?s={search_term_string}\"},\"query-input\":{\"@type\":\"PropertyValueSpecification\",\"valueRequired\":true,\"valueName\":\"search_term_string\"}}],\"inLanguage\":\"et\"},{\"@type\":\"Organization\",\"@id\":\"https:\/\/baubauwall.com\/et\/#organization\",\"name\":\"BAUBAUWALL Wallpapers\",\"url\":\"https:\/\/baubauwall.com\/et\/\",\"logo\":{\"@type\":\"ImageObject\",\"inLanguage\":\"et\",\"@id\":\"https:\/\/baubauwall.com\/et\/#\/schema\/logo\/image\/\",\"url\":\"https:\/\/baubauwall.com\/wp-content\/uploads\/2022\/03\/logo-horizontal.svg\",\"contentUrl\":\"https:\/\/baubauwall.com\/wp-content\/uploads\/2022\/03\/logo-horizontal.svg\",\"width\":\"1024\",\"height\":\"1024\",\"caption\":\"BAUBAUWALL Wallpapers\"},\"image\":{\"@id\":\"https:\/\/baubauwall.com\/et\/#\/schema\/logo\/image\/\"},\"sameAs\":[\"https:\/\/www.facebook.com\/Baubauwall\",\"https:\/\/www.instagram.com\/baubauwall\"]}]}<\/script>\n<!-- \/ Yoast SEO plugin. -->","yoast_head_json":{"title":"Juicy Red Currants and Green Leaves Design Wallpaper","description":"Red currant berries on white backdrop bespoke wallpaper. Custom printed, cut as the size of your walls design wallpapers.","robots":{"index":"index","follow":"follow","max-snippet":"max-snippet:-1","max-image-preview":"max-image-preview:large","max-video-preview":"max-video-preview:-1"},"canonical":"https:\/\/baubauwall.com\/et\/toode\/tapeet-mahlakad-sostrad-helesininine\/","og_locale":"et_EE","og_type":"article","og_title":"Juicy Red Currants and Green Leaves Design Wallpaper","og_description":"Red currant berries on white backdrop bespoke wallpaper. Custom printed, cut as the size of your walls design wallpapers.","og_url":"https:\/\/baubauwall.com\/et\/toode\/tapeet-mahlakad-sostrad-helesininine\/","og_site_name":"BAUBAUWALL TAPEEDID","article_publisher":"https:\/\/www.facebook.com\/Baubauwall","article_modified_time":"2022-05-18T14:11:14+00:00","og_image":[{"width":1067,"height":800,"url":"https:\/\/baubauwall.com\/wp-content\/uploads\/2022\/02\/51100093_JuicyRedCurrantGreenLeaves-Lightblue_Baubauwall_Wallpaper_room4.jpg","type":"image\/jpeg"}],"twitter_card":"summary_large_image","twitter_misc":{"Est. reading time":"1 minut"},"schema":{"@context":"https:\/\/schema.org","@graph":[{"@type":"WebPage","@id":"https:\/\/baubauwall.com\/et\/toode\/tapeet-mahlakad-sostrad-helesininine\/","url":"https:\/\/baubauwall.com\/et\/toode\/tapeet-mahlakad-sostrad-helesininine\/","name":"Juicy Red Currants and Green Leaves Design Wallpaper","isPartOf":{"@id":"https:\/\/baubauwall.com\/et\/#website"},"primaryImageOfPage":{"@id":"https:\/\/baubauwall.com\/et\/toode\/tapeet-mahlakad-sostrad-helesininine\/#primaryimage"},"image":{"@id":"https:\/\/baubauwall.com\/et\/toode\/tapeet-mahlakad-sostrad-helesininine\/#primaryimage"},"thumbnailUrl":"https:\/\/baubauwall.com\/wp-content\/uploads\/2022\/02\/51100093_JuicyRedCurrantGreenLeaves-Lightblue_Baubauwall_Wallpaper_room4.jpg","datePublished":"2022-02-17T14:39:15+00:00","dateModified":"2022-05-18T14:11:14+00:00","description":"Red currant berries on white backdrop bespoke wallpaper. Custom printed, cut as the size of your walls design wallpapers.","breadcrumb":{"@id":"https:\/\/baubauwall.com\/et\/toode\/tapeet-mahlakad-sostrad-helesininine\/#breadcrumb"},"inLanguage":"et","potentialAction":[{"@type":"ReadAction","target":["https:\/\/baubauwall.com\/et\/toode\/tapeet-mahlakad-sostrad-helesininine\/"]}]},{"@type":"ImageObject","inLanguage":"et","@id":"https:\/\/baubauwall.com\/et\/toode\/tapeet-mahlakad-sostrad-helesininine\/#primaryimage","url":"https:\/\/baubauwall.com\/wp-content\/uploads\/2022\/02\/51100093_JuicyRedCurrantGreenLeaves-Lightblue_Baubauwall_Wallpaper_room4.jpg","contentUrl":"https:\/\/baubauwall.com\/wp-content\/uploads\/2022\/02\/51100093_JuicyRedCurrantGreenLeaves-Lightblue_Baubauwall_Wallpaper_room4.jpg","width":1067,"height":800,"caption":"juicy red currants wallpaper baubauwall"},{"@type":"BreadcrumbList","@id":"https:\/\/baubauwall.com\/et\/toode\/tapeet-mahlakad-sostrad-helesininine\/#breadcrumb","itemListElement":[{"@type":"ListItem","position":1,"name":"Koju","item":"https:\/\/baubauwall.com\/et\/"},{"@type":"ListItem","position":2,"name":"Tapeedid","item":"https:\/\/baubauwall.com\/et\/tapeedid\/"},{"@type":"ListItem","position":3,"name":"Mahlakad s\u00f5strad &#8211; helesininine"}]},{"@type":"WebSite","@id":"https:\/\/baubauwall.com\/et\/#website","url":"https:\/\/baubauwall.com\/et\/","name":"BAUBAUWALL Wallpapers","description":"Valmis paanides tapeet Eestist!","publisher":{"@id":"https:\/\/baubauwall.com\/et\/#organization"},"potentialAction":[{"@type":"SearchAction","target":{"@type":"EntryPoint","urlTemplate":"https:\/\/baubauwall.com\/et\/?s={search_term_string}"},"query-input":{"@type":"PropertyValueSpecification","valueRequired":true,"valueName":"search_term_string"}}],"inLanguage":"et"},{"@type":"Organization","@id":"https:\/\/baubauwall.com\/et\/#organization","name":"BAUBAUWALL Wallpapers","url":"https:\/\/baubauwall.com\/et\/","logo":{"@type":"ImageObject","inLanguage":"et","@id":"https:\/\/baubauwall.com\/et\/#\/schema\/logo\/image\/","url":"https:\/\/baubauwall.com\/wp-content\/uploads\/2022\/03\/logo-horizontal.svg","contentUrl":"https:\/\/baubauwall.com\/wp-content\/uploads\/2022\/03\/logo-horizontal.svg","width":"1024","height":"1024","caption":"BAUBAUWALL Wallpapers"},"image":{"@id":"https:\/\/baubauwall.com\/et\/#\/schema\/logo\/image\/"},"sameAs":["https:\/\/www.facebook.com\/Baubauwall","https:\/\/www.instagram.com\/baubauwall"]}]}},"jetpack_sharing_enabled":true,"_links":{"self":[{"href":"https:\/\/baubauwall.com\/et\/wp-json\/wp\/v2\/product\/5628","targetHints":{"allow":["GET"]}}],"collection":[{"href":"https:\/\/baubauwall.com\/et\/wp-json\/wp\/v2\/product"}],"about":[{"href":"https:\/\/baubauwall.com\/et\/wp-json\/wp\/v2\/types\/product"}],"replies":[{"embeddable":true,"href":"https:\/\/baubauwall.com\/et\/wp-json\/wp\/v2\/comments?post=5628"}],"wp:featuredmedia":[{"embeddable":true,"href":"https:\/\/baubauwall.com\/et\/wp-json\/wp\/v2\/media\/7762"}],"wp:attachment":[{"href":"https:\/\/baubauwall.com\/et\/wp-json\/wp\/v2\/media?parent=5628"}],"wp:term":[{"taxonomy":"product_brand","embeddable":true,"href":"https:\/\/baubauwall.com\/et\/wp-json\/wp\/v2\/product_brand?post=5628"},{"taxonomy":"product_cat","embeddable":true,"href":"https:\/\/baubauwall.com\/et\/wp-json\/wp\/v2\/product_cat?post=5628"},{"taxonomy":"product_tag","embeddable":true,"href":"https:\/\/baubauwall.com\/et\/wp-json\/wp\/v2\/product_tag?post=5628"}],"curies":[{"name":"wp","href":"https:\/\/api.w.org\/{rel}","templated":true}]}}