{"id":5631,"date":"2022-02-18T08:52:36","date_gmt":"2022-02-18T06:52:36","guid":{"rendered":"https:\/\/baubauwall.com\/product\/flowers-and-leaves-bliss\/"},"modified":"2022-06-29T10:23:48","modified_gmt":"2022-06-29T08:23:48","slug":"flowers-and-leaves-bliss","status":"publish","type":"product","link":"https:\/\/baubauwall.com\/et\/toode\/flowers-and-leaves-bliss\/","title":{"rendered":"Lilled ja lehed suvetuules"},"content":{"rendered":"<p>Minimalistlikud lilled, marjad ja lehed lendlemas suvetuules.\u00a0 Tagasihoidlik neutraalsetes toonides lilleline tapeedimuster, mida saab sobitada erinevate sisustusstiilide ja tubadega. Taimemustrilised tapeedid sobivad kodus t\u00f5esti igasse tuppa vannitoast magamistoani. Lisaks toob taimede ja lillede kombineerimine tapeedimustril lilleaia siseruumidesse ning loob interj\u00f6\u00f6ris helge ja v\u00e4rske meeleolu.<\/p>\n","protected":false},"excerpt":{"rendered":"<p>Minimalistlikud lilled, marjad ja lehed lendlemas suvetuules.\u00a0 Tagasihoidlik neutraalsetes toonides lilleline tapeedimuster, mida saab sobitada erinevate sisustusstiilide ja tubadega. Taimemustrilised tapeedid sobivad kodus t\u00f5esti igasse tuppa vannitoast magamistoani. Lisaks toob taimede ja lillede kombineerimine tapeedimustril lilleaia siseruumidesse ning loob interj\u00f6\u00f6ris helge ja v\u00e4rske meeleolu.<\/p>\n","protected":false},"featured_media":42856,"comment_status":"open","ping_status":"closed","template":"","meta":{"_acf_changed":false,"inline_featured_image":false},"product_brand":[],"product_cat":[386,406,396,265,273,276,413,414,415,416,399,402,254,260,715],"product_tag":[832],"class_list":{"0":"post-5631","1":"product","2":"type-product","3":"status-publish","4":"has-post-thumbnail","6":"product_cat-kordusmustriga-tapeedid","7":"product_cat-klassika","8":"product_cat-skandinaavia","9":"product_cat-beezid-tapeedid","10":"product_cat-heledad-tapeedid","11":"product_cat-pastelsed-tapeedid","12":"product_cat-magamistoa-tapeedid","13":"product_cat-soogitoa-tapeedid","14":"product_cat-kulalistetoa-tapeedid","15":"product_cat-esiku-tapeedid","16":"product_cat-kodukontori-tapeedid","17":"product_cat-elutoa-tapeedid","18":"product_cat-loodus","19":"product_cat-lilled","20":"product_cat-soodsad-tapeedid-leiunurk","21":"product_tag-kordusmustriga-tapeedid","22":"pa_designedby-baubauwall","24":"first","25":"instock","26":"sale","27":"taxable","28":"shipping-taxable","29":"purchasable","30":"product-type-simple"},"acf":[],"yoast_head":"<!-- This site is optimized with the Yoast SEO plugin v25.9 - https:\/\/yoast.com\/wordpress\/plugins\/seo\/ -->\n<title>Tapeet Lilled ja lehed suvetuules. Heledal taustal tapeedidisain.<\/title>\n<meta name=\"description\" content=\"Loodusest n\u00e4patud pastelses toonides lilleline tapeet. R\u00e4tsepat\u00f6\u00f6na valmivad, sinu seina m\u00f5\u00f5tu l\u00f5igatud paanidega tapeedid.\" \/>\n<meta name=\"robots\" content=\"index, follow, max-snippet:-1, max-image-preview:large, max-video-preview:-1\" \/>\n<link rel=\"canonical\" href=\"https:\/\/baubauwall.com\/et\/toode\/flowers-and-leaves-bliss\/\" \/>\n<meta property=\"og:locale\" content=\"et_EE\" \/>\n<meta property=\"og:type\" content=\"article\" \/>\n<meta property=\"og:title\" content=\"Tapeet Lilled ja lehed suvetuules. Heledal taustal tapeedidisain.\" \/>\n<meta property=\"og:description\" content=\"Loodusest n\u00e4patud pastelses toonides lilleline tapeet. R\u00e4tsepat\u00f6\u00f6na valmivad, sinu seina m\u00f5\u00f5tu l\u00f5igatud paanidega tapeedid.\" \/>\n<meta property=\"og:url\" content=\"https:\/\/baubauwall.com\/et\/toode\/flowers-and-leaves-bliss\/\" \/>\n<meta property=\"og:site_name\" content=\"BAUBAUWALL Wallpapers\" \/>\n<meta property=\"article:publisher\" content=\"https:\/\/www.facebook.com\/Baubauwall\" \/>\n<meta property=\"article:modified_time\" content=\"2022-06-29T08:23:48+00:00\" \/>\n<meta property=\"og:image\" content=\"https:\/\/baubauwall.com\/wp-content\/uploads\/2022\/02\/51100096_FlowersAndLeaves_room3.png\" \/>\n\t<meta property=\"og:image:width\" content=\"1200\" \/>\n\t<meta property=\"og:image:height\" content=\"800\" \/>\n\t<meta property=\"og:image:type\" content=\"image\/png\" \/>\n<meta name=\"twitter:card\" content=\"summary_large_image\" \/>\n<meta name=\"twitter:label1\" content=\"Est. reading time\" \/>\n\t<meta name=\"twitter:data1\" content=\"1 minut\" \/>\n<script type=\"application\/ld+json\" class=\"yoast-schema-graph\">{\"@context\":\"https:\/\/schema.org\",\"@graph\":[{\"@type\":\"WebPage\",\"@id\":\"https:\/\/baubauwall.com\/et\/toode\/flowers-and-leaves-bliss\/\",\"url\":\"https:\/\/baubauwall.com\/et\/toode\/flowers-and-leaves-bliss\/\",\"name\":\"Tapeet Lilled ja lehed suvetuules. Heledal taustal tapeedidisain.\",\"isPartOf\":{\"@id\":\"https:\/\/baubauwall.com\/et\/#website\"},\"primaryImageOfPage\":{\"@id\":\"https:\/\/baubauwall.com\/et\/toode\/flowers-and-leaves-bliss\/#primaryimage\"},\"image\":{\"@id\":\"https:\/\/baubauwall.com\/et\/toode\/flowers-and-leaves-bliss\/#primaryimage\"},\"thumbnailUrl\":\"https:\/\/baubauwall.com\/wp-content\/uploads\/2022\/02\/51100096_FlowersAndLeaves-Bliss_Baubauwall_Wallpaper_room9.jpg\",\"datePublished\":\"2022-02-18T06:52:36+00:00\",\"dateModified\":\"2022-06-29T08:23:48+00:00\",\"description\":\"Loodusest n\u00e4patud pastelses toonides lilleline tapeet. R\u00e4tsepat\u00f6\u00f6na valmivad, sinu seina m\u00f5\u00f5tu l\u00f5igatud paanidega tapeedid.\",\"breadcrumb\":{\"@id\":\"https:\/\/baubauwall.com\/et\/toode\/flowers-and-leaves-bliss\/#breadcrumb\"},\"inLanguage\":\"et\",\"potentialAction\":[{\"@type\":\"ReadAction\",\"target\":[\"https:\/\/baubauwall.com\/et\/toode\/flowers-and-leaves-bliss\/\"]}]},{\"@type\":\"ImageObject\",\"inLanguage\":\"et\",\"@id\":\"https:\/\/baubauwall.com\/et\/toode\/flowers-and-leaves-bliss\/#primaryimage\",\"url\":\"https:\/\/baubauwall.com\/wp-content\/uploads\/2022\/02\/51100096_FlowersAndLeaves-Bliss_Baubauwall_Wallpaper_room9.jpg\",\"contentUrl\":\"https:\/\/baubauwall.com\/wp-content\/uploads\/2022\/02\/51100096_FlowersAndLeaves-Bliss_Baubauwall_Wallpaper_room9.jpg\",\"width\":1067,\"height\":1600,\"caption\":\"Simple wallpaper with leaves and flowers\"},{\"@type\":\"BreadcrumbList\",\"@id\":\"https:\/\/baubauwall.com\/et\/toode\/flowers-and-leaves-bliss\/#breadcrumb\",\"itemListElement\":[{\"@type\":\"ListItem\",\"position\":1,\"name\":\"Koju\",\"item\":\"https:\/\/baubauwall.com\/et\/\"},{\"@type\":\"ListItem\",\"position\":2,\"name\":\"Tapeedid\",\"item\":\"https:\/\/baubauwall.com\/et\/tapeedid\/\"},{\"@type\":\"ListItem\",\"position\":3,\"name\":\"Lilled ja lehed suvetuules\"}]},{\"@type\":\"WebSite\",\"@id\":\"https:\/\/baubauwall.com\/et\/#website\",\"url\":\"https:\/\/baubauwall.com\/et\/\",\"name\":\"BAUBAUWALL Wallpapers\",\"description\":\"Valmis paanides tapeet Eestist!\",\"publisher\":{\"@id\":\"https:\/\/baubauwall.com\/et\/#organization\"},\"potentialAction\":[{\"@type\":\"SearchAction\",\"target\":{\"@type\":\"EntryPoint\",\"urlTemplate\":\"https:\/\/baubauwall.com\/et\/?s={search_term_string}\"},\"query-input\":{\"@type\":\"PropertyValueSpecification\",\"valueRequired\":true,\"valueName\":\"search_term_string\"}}],\"inLanguage\":\"et\"},{\"@type\":\"Organization\",\"@id\":\"https:\/\/baubauwall.com\/et\/#organization\",\"name\":\"BAUBAUWALL Wallpapers\",\"url\":\"https:\/\/baubauwall.com\/et\/\",\"logo\":{\"@type\":\"ImageObject\",\"inLanguage\":\"et\",\"@id\":\"https:\/\/baubauwall.com\/et\/#\/schema\/logo\/image\/\",\"url\":\"https:\/\/baubauwall.com\/wp-content\/uploads\/2022\/03\/logo-horizontal.svg\",\"contentUrl\":\"https:\/\/baubauwall.com\/wp-content\/uploads\/2022\/03\/logo-horizontal.svg\",\"width\":\"1024\",\"height\":\"1024\",\"caption\":\"BAUBAUWALL Wallpapers\"},\"image\":{\"@id\":\"https:\/\/baubauwall.com\/et\/#\/schema\/logo\/image\/\"},\"sameAs\":[\"https:\/\/www.facebook.com\/Baubauwall\",\"https:\/\/www.instagram.com\/baubauwall\"]}]}<\/script>\n<!-- \/ Yoast SEO plugin. -->","yoast_head_json":{"title":"Tapeet Lilled ja lehed suvetuules. Heledal taustal tapeedidisain.","description":"Loodusest n\u00e4patud pastelses toonides lilleline tapeet. R\u00e4tsepat\u00f6\u00f6na valmivad, sinu seina m\u00f5\u00f5tu l\u00f5igatud paanidega tapeedid.","robots":{"index":"index","follow":"follow","max-snippet":"max-snippet:-1","max-image-preview":"max-image-preview:large","max-video-preview":"max-video-preview:-1"},"canonical":"https:\/\/baubauwall.com\/et\/toode\/flowers-and-leaves-bliss\/","og_locale":"et_EE","og_type":"article","og_title":"Tapeet Lilled ja lehed suvetuules. Heledal taustal tapeedidisain.","og_description":"Loodusest n\u00e4patud pastelses toonides lilleline tapeet. R\u00e4tsepat\u00f6\u00f6na valmivad, sinu seina m\u00f5\u00f5tu l\u00f5igatud paanidega tapeedid.","og_url":"https:\/\/baubauwall.com\/et\/toode\/flowers-and-leaves-bliss\/","og_site_name":"BAUBAUWALL Wallpapers","article_publisher":"https:\/\/www.facebook.com\/Baubauwall","article_modified_time":"2022-06-29T08:23:48+00:00","og_image":[{"width":1200,"height":800,"url":"https:\/\/baubauwall.com\/wp-content\/uploads\/2022\/02\/51100096_FlowersAndLeaves_room3.png","type":"image\/png"}],"twitter_card":"summary_large_image","twitter_misc":{"Est. reading time":"1 minut"},"schema":{"@context":"https:\/\/schema.org","@graph":[{"@type":"WebPage","@id":"https:\/\/baubauwall.com\/et\/toode\/flowers-and-leaves-bliss\/","url":"https:\/\/baubauwall.com\/et\/toode\/flowers-and-leaves-bliss\/","name":"Tapeet Lilled ja lehed suvetuules. Heledal taustal tapeedidisain.","isPartOf":{"@id":"https:\/\/baubauwall.com\/et\/#website"},"primaryImageOfPage":{"@id":"https:\/\/baubauwall.com\/et\/toode\/flowers-and-leaves-bliss\/#primaryimage"},"image":{"@id":"https:\/\/baubauwall.com\/et\/toode\/flowers-and-leaves-bliss\/#primaryimage"},"thumbnailUrl":"https:\/\/baubauwall.com\/wp-content\/uploads\/2022\/02\/51100096_FlowersAndLeaves-Bliss_Baubauwall_Wallpaper_room9.jpg","datePublished":"2022-02-18T06:52:36+00:00","dateModified":"2022-06-29T08:23:48+00:00","description":"Loodusest n\u00e4patud pastelses toonides lilleline tapeet. R\u00e4tsepat\u00f6\u00f6na valmivad, sinu seina m\u00f5\u00f5tu l\u00f5igatud paanidega tapeedid.","breadcrumb":{"@id":"https:\/\/baubauwall.com\/et\/toode\/flowers-and-leaves-bliss\/#breadcrumb"},"inLanguage":"et","potentialAction":[{"@type":"ReadAction","target":["https:\/\/baubauwall.com\/et\/toode\/flowers-and-leaves-bliss\/"]}]},{"@type":"ImageObject","inLanguage":"et","@id":"https:\/\/baubauwall.com\/et\/toode\/flowers-and-leaves-bliss\/#primaryimage","url":"https:\/\/baubauwall.com\/wp-content\/uploads\/2022\/02\/51100096_FlowersAndLeaves-Bliss_Baubauwall_Wallpaper_room9.jpg","contentUrl":"https:\/\/baubauwall.com\/wp-content\/uploads\/2022\/02\/51100096_FlowersAndLeaves-Bliss_Baubauwall_Wallpaper_room9.jpg","width":1067,"height":1600,"caption":"Simple wallpaper with leaves and flowers"},{"@type":"BreadcrumbList","@id":"https:\/\/baubauwall.com\/et\/toode\/flowers-and-leaves-bliss\/#breadcrumb","itemListElement":[{"@type":"ListItem","position":1,"name":"Koju","item":"https:\/\/baubauwall.com\/et\/"},{"@type":"ListItem","position":2,"name":"Tapeedid","item":"https:\/\/baubauwall.com\/et\/tapeedid\/"},{"@type":"ListItem","position":3,"name":"Lilled ja lehed suvetuules"}]},{"@type":"WebSite","@id":"https:\/\/baubauwall.com\/et\/#website","url":"https:\/\/baubauwall.com\/et\/","name":"BAUBAUWALL Wallpapers","description":"Valmis paanides tapeet Eestist!","publisher":{"@id":"https:\/\/baubauwall.com\/et\/#organization"},"potentialAction":[{"@type":"SearchAction","target":{"@type":"EntryPoint","urlTemplate":"https:\/\/baubauwall.com\/et\/?s={search_term_string}"},"query-input":{"@type":"PropertyValueSpecification","valueRequired":true,"valueName":"search_term_string"}}],"inLanguage":"et"},{"@type":"Organization","@id":"https:\/\/baubauwall.com\/et\/#organization","name":"BAUBAUWALL Wallpapers","url":"https:\/\/baubauwall.com\/et\/","logo":{"@type":"ImageObject","inLanguage":"et","@id":"https:\/\/baubauwall.com\/et\/#\/schema\/logo\/image\/","url":"https:\/\/baubauwall.com\/wp-content\/uploads\/2022\/03\/logo-horizontal.svg","contentUrl":"https:\/\/baubauwall.com\/wp-content\/uploads\/2022\/03\/logo-horizontal.svg","width":"1024","height":"1024","caption":"BAUBAUWALL Wallpapers"},"image":{"@id":"https:\/\/baubauwall.com\/et\/#\/schema\/logo\/image\/"},"sameAs":["https:\/\/www.facebook.com\/Baubauwall","https:\/\/www.instagram.com\/baubauwall"]}]}},"jetpack_sharing_enabled":true,"_links":{"self":[{"href":"https:\/\/baubauwall.com\/et\/wp-json\/wp\/v2\/product\/5631","targetHints":{"allow":["GET"]}}],"collection":[{"href":"https:\/\/baubauwall.com\/et\/wp-json\/wp\/v2\/product"}],"about":[{"href":"https:\/\/baubauwall.com\/et\/wp-json\/wp\/v2\/types\/product"}],"replies":[{"embeddable":true,"href":"https:\/\/baubauwall.com\/et\/wp-json\/wp\/v2\/comments?post=5631"}],"wp:featuredmedia":[{"embeddable":true,"href":"https:\/\/baubauwall.com\/et\/wp-json\/wp\/v2\/media\/42856"}],"wp:attachment":[{"href":"https:\/\/baubauwall.com\/et\/wp-json\/wp\/v2\/media?parent=5631"}],"wp:term":[{"taxonomy":"product_brand","embeddable":true,"href":"https:\/\/baubauwall.com\/et\/wp-json\/wp\/v2\/product_brand?post=5631"},{"taxonomy":"product_cat","embeddable":true,"href":"https:\/\/baubauwall.com\/et\/wp-json\/wp\/v2\/product_cat?post=5631"},{"taxonomy":"product_tag","embeddable":true,"href":"https:\/\/baubauwall.com\/et\/wp-json\/wp\/v2\/product_tag?post=5631"}],"curies":[{"name":"wp","href":"https:\/\/api.w.org\/{rel}","templated":true}]}}