{"id":5632,"date":"2022-02-18T09:16:38","date_gmt":"2022-02-18T07:16:38","guid":{"rendered":"https:\/\/baubauwall.com\/product\/mellow-marshmallows-wallpaper\/"},"modified":"2023-02-28T14:04:58","modified_gmt":"2023-02-28T12:04:58","slug":"mellow-marshmallows-wallpaper","status":"publish","type":"product","link":"https:\/\/baubauwall.com\/et\/toode\/mellow-marshmallows-wallpaper\/","title":{"rendered":"Pehmed vahukommid"},"content":{"rendered":"<p>Lapsep\u00f5lv olgu magus ja pehme nagu vahukommid! Minimalistliku, kuid m\u00e4ngulise tapeedi sini-kollase-valgekirjude magusate vahukommide muster on seatud heledale taustale, et meelitada kohale magusad unen\u00e4od v\u00f5i m\u00e4ngutuju. L\u00f5ppude l\u00f5puks on ju lastetoa seinad kodu k\u00f5ige m\u00e4ngulisemad seinad. Lastetoa sisustamine ei t\u00e4henda, et peaks heast disainist loobuma \u2013 vastupidi, see on suurep\u00e4rane p\u00f5hjus, et lasta kujutlusv\u00f5imel vabalt lennata ning valida tapeedid mis on heledad ja otsatult l\u00f5busad.<\/p>\n","protected":false},"excerpt":{"rendered":"<p>Lapsep\u00f5lv olgu magus ja pehme nagu vahukommid! Minimalistliku, kuid m\u00e4ngulise tapeedi sini-kollase-valgekirjude magusate vahukommide muster on seatud heledale taustale, et meelitada kohale magusad unen\u00e4od v\u00f5i m\u00e4ngutuju. L\u00f5ppude l\u00f5puks on ju lastetoa seinad kodu k\u00f5ige m\u00e4ngulisemad seinad. Lastetoa sisustamine ei t\u00e4henda, et peaks heast disainist loobuma \u2013 vastupidi, see on suurep\u00e4rane p\u00f5hjus, et lasta kujutlusv\u00f5imel vabalt [&hellip;]<\/p>\n","protected":false},"featured_media":1978,"comment_status":"open","ping_status":"closed","template":"","meta":{"_acf_changed":false,"inline_featured_image":false},"product_brand":[],"product_cat":[386,396,273,400],"product_tag":[349],"class_list":{"0":"post-5632","1":"product","2":"type-product","3":"status-publish","4":"has-post-thumbnail","6":"product_cat-kordusmustriga-tapeedid","7":"product_cat-skandinaavia","8":"product_cat-heledad-tapeedid","9":"product_cat-lastetoa-tapeedid","10":"product_tag-beebituba","11":"pa_designedby-baubauwall","13":"first","14":"instock","15":"taxable","16":"shipping-taxable","17":"purchasable","18":"product-type-simple"},"acf":[],"yoast_head":"<!-- This site is optimized with the Yoast SEO plugin v25.9 - https:\/\/yoast.com\/wordpress\/plugins\/seo\/ -->\n<title>Mellow Marshmallow Kids Room Design Wallpaper to Fit Your Wall<\/title>\n<meta name=\"description\" content=\"Bespoke collection of kids room wallpapers. Candy themed marshmallow wallpaper design. Custom printed, cut as the size of your walls.\" \/>\n<meta name=\"robots\" content=\"index, follow, max-snippet:-1, max-image-preview:large, max-video-preview:-1\" \/>\n<link rel=\"canonical\" href=\"https:\/\/baubauwall.com\/et\/toode\/mellow-marshmallows-wallpaper\/\" \/>\n<meta property=\"og:locale\" content=\"et_EE\" \/>\n<meta property=\"og:type\" content=\"article\" \/>\n<meta property=\"og:title\" content=\"Mellow Marshmallow Kids Room Design Wallpaper to Fit Your Wall\" \/>\n<meta property=\"og:description\" content=\"Bespoke collection of kids room wallpapers. Candy themed marshmallow wallpaper design. Custom printed, cut as the size of your walls.\" \/>\n<meta property=\"og:url\" content=\"https:\/\/baubauwall.com\/et\/toode\/mellow-marshmallows-wallpaper\/\" \/>\n<meta property=\"og:site_name\" content=\"BAUBAUWALL TAPEEDID\" \/>\n<meta property=\"article:publisher\" content=\"https:\/\/www.facebook.com\/Baubauwall\" \/>\n<meta property=\"article:modified_time\" content=\"2023-02-28T12:04:58+00:00\" \/>\n<meta property=\"og:image\" content=\"https:\/\/baubauwall.com\/wp-content\/uploads\/2022\/02\/51100097_baubauwall_wallpaper_marshmellow__kidsroom.png\" \/>\n\t<meta property=\"og:image:width\" content=\"1066\" \/>\n\t<meta property=\"og:image:height\" content=\"800\" \/>\n\t<meta property=\"og:image:type\" content=\"image\/png\" \/>\n<meta name=\"twitter:card\" content=\"summary_large_image\" \/>\n<meta name=\"twitter:label1\" content=\"Est. reading time\" \/>\n\t<meta name=\"twitter:data1\" content=\"1 minut\" \/>\n<script type=\"application\/ld+json\" class=\"yoast-schema-graph\">{\"@context\":\"https:\/\/schema.org\",\"@graph\":[{\"@type\":\"WebPage\",\"@id\":\"https:\/\/baubauwall.com\/et\/toode\/mellow-marshmallows-wallpaper\/\",\"url\":\"https:\/\/baubauwall.com\/et\/toode\/mellow-marshmallows-wallpaper\/\",\"name\":\"Mellow Marshmallow Kids Room Design Wallpaper to Fit Your Wall\",\"isPartOf\":{\"@id\":\"https:\/\/baubauwall.com\/et\/#website\"},\"primaryImageOfPage\":{\"@id\":\"https:\/\/baubauwall.com\/et\/toode\/mellow-marshmallows-wallpaper\/#primaryimage\"},\"image\":{\"@id\":\"https:\/\/baubauwall.com\/et\/toode\/mellow-marshmallows-wallpaper\/#primaryimage\"},\"thumbnailUrl\":\"https:\/\/baubauwall.com\/wp-content\/uploads\/2022\/02\/51100097_baubauwall_wallpaper_marshmellow__kidsroom.png\",\"datePublished\":\"2022-02-18T07:16:38+00:00\",\"dateModified\":\"2023-02-28T12:04:58+00:00\",\"description\":\"Bespoke collection of kids room wallpapers. Candy themed marshmallow wallpaper design. Custom printed, cut as the size of your walls.\",\"breadcrumb\":{\"@id\":\"https:\/\/baubauwall.com\/et\/toode\/mellow-marshmallows-wallpaper\/#breadcrumb\"},\"inLanguage\":\"et\",\"potentialAction\":[{\"@type\":\"ReadAction\",\"target\":[\"https:\/\/baubauwall.com\/et\/toode\/mellow-marshmallows-wallpaper\/\"]}]},{\"@type\":\"ImageObject\",\"inLanguage\":\"et\",\"@id\":\"https:\/\/baubauwall.com\/et\/toode\/mellow-marshmallows-wallpaper\/#primaryimage\",\"url\":\"https:\/\/baubauwall.com\/wp-content\/uploads\/2022\/02\/51100097_baubauwall_wallpaper_marshmellow__kidsroom.png\",\"contentUrl\":\"https:\/\/baubauwall.com\/wp-content\/uploads\/2022\/02\/51100097_baubauwall_wallpaper_marshmellow__kidsroom.png\",\"width\":1066,\"height\":800},{\"@type\":\"BreadcrumbList\",\"@id\":\"https:\/\/baubauwall.com\/et\/toode\/mellow-marshmallows-wallpaper\/#breadcrumb\",\"itemListElement\":[{\"@type\":\"ListItem\",\"position\":1,\"name\":\"Koju\",\"item\":\"https:\/\/baubauwall.com\/et\/\"},{\"@type\":\"ListItem\",\"position\":2,\"name\":\"Tapeedid\",\"item\":\"https:\/\/baubauwall.com\/et\/tapeedid\/\"},{\"@type\":\"ListItem\",\"position\":3,\"name\":\"Pehmed vahukommid\"}]},{\"@type\":\"WebSite\",\"@id\":\"https:\/\/baubauwall.com\/et\/#website\",\"url\":\"https:\/\/baubauwall.com\/et\/\",\"name\":\"BAUBAUWALL Wallpapers\",\"description\":\"Valmis paanides tapeet Eestist!\",\"publisher\":{\"@id\":\"https:\/\/baubauwall.com\/et\/#organization\"},\"potentialAction\":[{\"@type\":\"SearchAction\",\"target\":{\"@type\":\"EntryPoint\",\"urlTemplate\":\"https:\/\/baubauwall.com\/et\/?s={search_term_string}\"},\"query-input\":{\"@type\":\"PropertyValueSpecification\",\"valueRequired\":true,\"valueName\":\"search_term_string\"}}],\"inLanguage\":\"et\"},{\"@type\":\"Organization\",\"@id\":\"https:\/\/baubauwall.com\/et\/#organization\",\"name\":\"BAUBAUWALL Wallpapers\",\"url\":\"https:\/\/baubauwall.com\/et\/\",\"logo\":{\"@type\":\"ImageObject\",\"inLanguage\":\"et\",\"@id\":\"https:\/\/baubauwall.com\/et\/#\/schema\/logo\/image\/\",\"url\":\"https:\/\/baubauwall.com\/wp-content\/uploads\/2022\/03\/logo-horizontal.svg\",\"contentUrl\":\"https:\/\/baubauwall.com\/wp-content\/uploads\/2022\/03\/logo-horizontal.svg\",\"width\":\"1024\",\"height\":\"1024\",\"caption\":\"BAUBAUWALL Wallpapers\"},\"image\":{\"@id\":\"https:\/\/baubauwall.com\/et\/#\/schema\/logo\/image\/\"},\"sameAs\":[\"https:\/\/www.facebook.com\/Baubauwall\",\"https:\/\/www.instagram.com\/baubauwall\"]}]}<\/script>\n<!-- \/ Yoast SEO plugin. -->","yoast_head_json":{"title":"Mellow Marshmallow Kids Room Design Wallpaper to Fit Your Wall","description":"Bespoke collection of kids room wallpapers. Candy themed marshmallow wallpaper design. Custom printed, cut as the size of your walls.","robots":{"index":"index","follow":"follow","max-snippet":"max-snippet:-1","max-image-preview":"max-image-preview:large","max-video-preview":"max-video-preview:-1"},"canonical":"https:\/\/baubauwall.com\/et\/toode\/mellow-marshmallows-wallpaper\/","og_locale":"et_EE","og_type":"article","og_title":"Mellow Marshmallow Kids Room Design Wallpaper to Fit Your Wall","og_description":"Bespoke collection of kids room wallpapers. Candy themed marshmallow wallpaper design. Custom printed, cut as the size of your walls.","og_url":"https:\/\/baubauwall.com\/et\/toode\/mellow-marshmallows-wallpaper\/","og_site_name":"BAUBAUWALL TAPEEDID","article_publisher":"https:\/\/www.facebook.com\/Baubauwall","article_modified_time":"2023-02-28T12:04:58+00:00","og_image":[{"width":1066,"height":800,"url":"https:\/\/baubauwall.com\/wp-content\/uploads\/2022\/02\/51100097_baubauwall_wallpaper_marshmellow__kidsroom.png","type":"image\/png"}],"twitter_card":"summary_large_image","twitter_misc":{"Est. reading time":"1 minut"},"schema":{"@context":"https:\/\/schema.org","@graph":[{"@type":"WebPage","@id":"https:\/\/baubauwall.com\/et\/toode\/mellow-marshmallows-wallpaper\/","url":"https:\/\/baubauwall.com\/et\/toode\/mellow-marshmallows-wallpaper\/","name":"Mellow Marshmallow Kids Room Design Wallpaper to Fit Your Wall","isPartOf":{"@id":"https:\/\/baubauwall.com\/et\/#website"},"primaryImageOfPage":{"@id":"https:\/\/baubauwall.com\/et\/toode\/mellow-marshmallows-wallpaper\/#primaryimage"},"image":{"@id":"https:\/\/baubauwall.com\/et\/toode\/mellow-marshmallows-wallpaper\/#primaryimage"},"thumbnailUrl":"https:\/\/baubauwall.com\/wp-content\/uploads\/2022\/02\/51100097_baubauwall_wallpaper_marshmellow__kidsroom.png","datePublished":"2022-02-18T07:16:38+00:00","dateModified":"2023-02-28T12:04:58+00:00","description":"Bespoke collection of kids room wallpapers. Candy themed marshmallow wallpaper design. Custom printed, cut as the size of your walls.","breadcrumb":{"@id":"https:\/\/baubauwall.com\/et\/toode\/mellow-marshmallows-wallpaper\/#breadcrumb"},"inLanguage":"et","potentialAction":[{"@type":"ReadAction","target":["https:\/\/baubauwall.com\/et\/toode\/mellow-marshmallows-wallpaper\/"]}]},{"@type":"ImageObject","inLanguage":"et","@id":"https:\/\/baubauwall.com\/et\/toode\/mellow-marshmallows-wallpaper\/#primaryimage","url":"https:\/\/baubauwall.com\/wp-content\/uploads\/2022\/02\/51100097_baubauwall_wallpaper_marshmellow__kidsroom.png","contentUrl":"https:\/\/baubauwall.com\/wp-content\/uploads\/2022\/02\/51100097_baubauwall_wallpaper_marshmellow__kidsroom.png","width":1066,"height":800},{"@type":"BreadcrumbList","@id":"https:\/\/baubauwall.com\/et\/toode\/mellow-marshmallows-wallpaper\/#breadcrumb","itemListElement":[{"@type":"ListItem","position":1,"name":"Koju","item":"https:\/\/baubauwall.com\/et\/"},{"@type":"ListItem","position":2,"name":"Tapeedid","item":"https:\/\/baubauwall.com\/et\/tapeedid\/"},{"@type":"ListItem","position":3,"name":"Pehmed vahukommid"}]},{"@type":"WebSite","@id":"https:\/\/baubauwall.com\/et\/#website","url":"https:\/\/baubauwall.com\/et\/","name":"BAUBAUWALL Wallpapers","description":"Valmis paanides tapeet Eestist!","publisher":{"@id":"https:\/\/baubauwall.com\/et\/#organization"},"potentialAction":[{"@type":"SearchAction","target":{"@type":"EntryPoint","urlTemplate":"https:\/\/baubauwall.com\/et\/?s={search_term_string}"},"query-input":{"@type":"PropertyValueSpecification","valueRequired":true,"valueName":"search_term_string"}}],"inLanguage":"et"},{"@type":"Organization","@id":"https:\/\/baubauwall.com\/et\/#organization","name":"BAUBAUWALL Wallpapers","url":"https:\/\/baubauwall.com\/et\/","logo":{"@type":"ImageObject","inLanguage":"et","@id":"https:\/\/baubauwall.com\/et\/#\/schema\/logo\/image\/","url":"https:\/\/baubauwall.com\/wp-content\/uploads\/2022\/03\/logo-horizontal.svg","contentUrl":"https:\/\/baubauwall.com\/wp-content\/uploads\/2022\/03\/logo-horizontal.svg","width":"1024","height":"1024","caption":"BAUBAUWALL Wallpapers"},"image":{"@id":"https:\/\/baubauwall.com\/et\/#\/schema\/logo\/image\/"},"sameAs":["https:\/\/www.facebook.com\/Baubauwall","https:\/\/www.instagram.com\/baubauwall"]}]}},"jetpack_sharing_enabled":true,"_links":{"self":[{"href":"https:\/\/baubauwall.com\/et\/wp-json\/wp\/v2\/product\/5632","targetHints":{"allow":["GET"]}}],"collection":[{"href":"https:\/\/baubauwall.com\/et\/wp-json\/wp\/v2\/product"}],"about":[{"href":"https:\/\/baubauwall.com\/et\/wp-json\/wp\/v2\/types\/product"}],"replies":[{"embeddable":true,"href":"https:\/\/baubauwall.com\/et\/wp-json\/wp\/v2\/comments?post=5632"}],"wp:featuredmedia":[{"embeddable":true,"href":"https:\/\/baubauwall.com\/et\/wp-json\/wp\/v2\/media\/1978"}],"wp:attachment":[{"href":"https:\/\/baubauwall.com\/et\/wp-json\/wp\/v2\/media?parent=5632"}],"wp:term":[{"taxonomy":"product_brand","embeddable":true,"href":"https:\/\/baubauwall.com\/et\/wp-json\/wp\/v2\/product_brand?post=5632"},{"taxonomy":"product_cat","embeddable":true,"href":"https:\/\/baubauwall.com\/et\/wp-json\/wp\/v2\/product_cat?post=5632"},{"taxonomy":"product_tag","embeddable":true,"href":"https:\/\/baubauwall.com\/et\/wp-json\/wp\/v2\/product_tag?post=5632"}],"curies":[{"name":"wp","href":"https:\/\/api.w.org\/{rel}","templated":true}]}}