{"id":5634,"date":"2022-02-20T14:51:55","date_gmt":"2022-02-20T12:51:55","guid":{"rendered":"https:\/\/baubauwall.com\/product\/dreamy-pastel-flowers-wallpaper\/"},"modified":"2023-04-19T14:15:26","modified_gmt":"2023-04-19T12:15:26","slug":"dreamy-pastel-flowers-wallpaper","status":"publish","type":"product","link":"https:\/\/baubauwall.com\/et\/toode\/dreamy-pastel-flowers-wallpaper\/","title":{"rendered":"Pastelsed \u00f5ied"},"content":{"rendered":"<p>Suured pastelsed \u00f5ied ja lilled heledal taustal. \u00d5rna neutraalsetes toonides lilleline tapeedimuster, mida saab sobitada erinevate sisustusstiilide ja erinevatesse tubadesse. Taimemustrilised tapeedid sobivad kodus t\u00f5esti igasse tuppa elutoast magamistoani. Lisaks toovad \u00f5itsvad lilled lillel\u00f5hna aiast tuppa ning l\u00f6\u00f6vad interj\u00f6\u00f6ris helge ja v\u00e4rske meeleolu.<\/p>\n","protected":false},"excerpt":{"rendered":"<p>Suured pastelsed \u00f5ied ja lilled heledal taustal. \u00d5rna neutraalsetes toonides lilleline tapeedimuster, mida saab sobitada erinevate sisustusstiilide ja erinevatesse tubadesse. Taimemustrilised tapeedid sobivad kodus t\u00f5esti igasse tuppa elutoast magamistoani. Lisaks toovad \u00f5itsvad lilled lillel\u00f5hna aiast tuppa ning l\u00f6\u00f6vad interj\u00f6\u00f6ris helge ja v\u00e4rske meeleolu.<\/p>\n","protected":false},"featured_media":2315,"comment_status":"open","ping_status":"closed","template":"","meta":{"_acf_changed":false,"inline_featured_image":false},"product_brand":[],"product_cat":[386,406,396,272,273,276,278,413,400,260,561],"product_tag":[832],"class_list":{"0":"post-5634","1":"product","2":"type-product","3":"status-publish","4":"has-post-thumbnail","6":"product_cat-kordusmustriga-tapeedid","7":"product_cat-klassika","8":"product_cat-skandinaavia","9":"product_cat-hallid-tapeedid","10":"product_cat-heledad-tapeedid","11":"product_cat-pastelsed-tapeedid","12":"product_cat-roosad-tapeedid","13":"product_cat-magamistoa-tapeedid","14":"product_cat-lastetoa-tapeedid","15":"product_cat-lilled","16":"product_cat-suvised-tapeedid","17":"product_tag-kordusmustriga-tapeedid","18":"pa_designedby-baubauwall","20":"first","21":"instock","22":"taxable","23":"shipping-taxable","24":"purchasable","25":"product-type-simple"},"acf":[],"yoast_head":"<!-- This site is optimized with the Yoast SEO plugin v25.9 - https:\/\/yoast.com\/wordpress\/plugins\/seo\/ -->\n<title>Big Flowers and Pastel Blooms Design Custom printed wallpaper<\/title>\n<meta name=\"description\" content=\"Bespoke collection of wallpapers. Botanical flower design wallpaper with pastel blooms. Custom printed, cut as the size of your walls.\" \/>\n<meta name=\"robots\" content=\"index, follow, max-snippet:-1, max-image-preview:large, max-video-preview:-1\" \/>\n<link rel=\"canonical\" href=\"https:\/\/baubauwall.com\/et\/toode\/dreamy-pastel-flowers-wallpaper\/\" \/>\n<meta property=\"og:locale\" content=\"et_EE\" \/>\n<meta property=\"og:type\" content=\"article\" \/>\n<meta property=\"og:title\" content=\"Big Flowers and Pastel Blooms Design Custom printed wallpaper\" \/>\n<meta property=\"og:description\" content=\"Bespoke collection of wallpapers. Botanical flower design wallpaper with pastel blooms. Custom printed, cut as the size of your walls.\" \/>\n<meta property=\"og:url\" content=\"https:\/\/baubauwall.com\/et\/toode\/dreamy-pastel-flowers-wallpaper\/\" \/>\n<meta property=\"og:site_name\" content=\"BAUBAUWALL Wallpapers\" \/>\n<meta property=\"article:publisher\" content=\"https:\/\/www.facebook.com\/Baubauwall\" \/>\n<meta property=\"article:modified_time\" content=\"2023-04-19T12:15:26+00:00\" \/>\n<meta property=\"og:image\" content=\"https:\/\/baubauwall.com\/wp-content\/uploads\/2022\/02\/51100099_Baubauwall_wallpaper_PastelFlowers_room3-3.png\" \/>\n\t<meta property=\"og:image:width\" content=\"1200\" \/>\n\t<meta property=\"og:image:height\" content=\"800\" \/>\n\t<meta property=\"og:image:type\" content=\"image\/png\" \/>\n<meta name=\"twitter:card\" content=\"summary_large_image\" \/>\n<meta name=\"twitter:label1\" content=\"Est. reading time\" \/>\n\t<meta name=\"twitter:data1\" content=\"1 minut\" \/>\n<script type=\"application\/ld+json\" class=\"yoast-schema-graph\">{\"@context\":\"https:\/\/schema.org\",\"@graph\":[{\"@type\":\"WebPage\",\"@id\":\"https:\/\/baubauwall.com\/et\/toode\/dreamy-pastel-flowers-wallpaper\/\",\"url\":\"https:\/\/baubauwall.com\/et\/toode\/dreamy-pastel-flowers-wallpaper\/\",\"name\":\"Big Flowers and Pastel Blooms Design Custom printed wallpaper\",\"isPartOf\":{\"@id\":\"https:\/\/baubauwall.com\/et\/#website\"},\"primaryImageOfPage\":{\"@id\":\"https:\/\/baubauwall.com\/et\/toode\/dreamy-pastel-flowers-wallpaper\/#primaryimage\"},\"image\":{\"@id\":\"https:\/\/baubauwall.com\/et\/toode\/dreamy-pastel-flowers-wallpaper\/#primaryimage\"},\"thumbnailUrl\":\"https:\/\/baubauwall.com\/wp-content\/uploads\/2022\/02\/51100099_Baubauwall_wallpaper_PastelFlowers_room3-3.png\",\"datePublished\":\"2022-02-20T12:51:55+00:00\",\"dateModified\":\"2023-04-19T12:15:26+00:00\",\"description\":\"Bespoke collection of wallpapers. Botanical flower design wallpaper with pastel blooms. Custom printed, cut as the size of your walls.\",\"breadcrumb\":{\"@id\":\"https:\/\/baubauwall.com\/et\/toode\/dreamy-pastel-flowers-wallpaper\/#breadcrumb\"},\"inLanguage\":\"et\",\"potentialAction\":[{\"@type\":\"ReadAction\",\"target\":[\"https:\/\/baubauwall.com\/et\/toode\/dreamy-pastel-flowers-wallpaper\/\"]}]},{\"@type\":\"ImageObject\",\"inLanguage\":\"et\",\"@id\":\"https:\/\/baubauwall.com\/et\/toode\/dreamy-pastel-flowers-wallpaper\/#primaryimage\",\"url\":\"https:\/\/baubauwall.com\/wp-content\/uploads\/2022\/02\/51100099_Baubauwall_wallpaper_PastelFlowers_room3-3.png\",\"contentUrl\":\"https:\/\/baubauwall.com\/wp-content\/uploads\/2022\/02\/51100099_Baubauwall_wallpaper_PastelFlowers_room3-3.png\",\"width\":1200,\"height\":800},{\"@type\":\"BreadcrumbList\",\"@id\":\"https:\/\/baubauwall.com\/et\/toode\/dreamy-pastel-flowers-wallpaper\/#breadcrumb\",\"itemListElement\":[{\"@type\":\"ListItem\",\"position\":1,\"name\":\"Koju\",\"item\":\"https:\/\/baubauwall.com\/et\/\"},{\"@type\":\"ListItem\",\"position\":2,\"name\":\"Tapeedid\",\"item\":\"https:\/\/baubauwall.com\/et\/tapeedid\/\"},{\"@type\":\"ListItem\",\"position\":3,\"name\":\"Pastelsed \u00f5ied\"}]},{\"@type\":\"WebSite\",\"@id\":\"https:\/\/baubauwall.com\/et\/#website\",\"url\":\"https:\/\/baubauwall.com\/et\/\",\"name\":\"BAUBAUWALL Wallpapers\",\"description\":\"Valmis paanides tapeet Eestist!\",\"publisher\":{\"@id\":\"https:\/\/baubauwall.com\/et\/#organization\"},\"potentialAction\":[{\"@type\":\"SearchAction\",\"target\":{\"@type\":\"EntryPoint\",\"urlTemplate\":\"https:\/\/baubauwall.com\/et\/?s={search_term_string}\"},\"query-input\":{\"@type\":\"PropertyValueSpecification\",\"valueRequired\":true,\"valueName\":\"search_term_string\"}}],\"inLanguage\":\"et\"},{\"@type\":\"Organization\",\"@id\":\"https:\/\/baubauwall.com\/et\/#organization\",\"name\":\"BAUBAUWALL Wallpapers\",\"url\":\"https:\/\/baubauwall.com\/et\/\",\"logo\":{\"@type\":\"ImageObject\",\"inLanguage\":\"et\",\"@id\":\"https:\/\/baubauwall.com\/et\/#\/schema\/logo\/image\/\",\"url\":\"https:\/\/baubauwall.com\/wp-content\/uploads\/2022\/03\/logo-horizontal.svg\",\"contentUrl\":\"https:\/\/baubauwall.com\/wp-content\/uploads\/2022\/03\/logo-horizontal.svg\",\"width\":\"1024\",\"height\":\"1024\",\"caption\":\"BAUBAUWALL Wallpapers\"},\"image\":{\"@id\":\"https:\/\/baubauwall.com\/et\/#\/schema\/logo\/image\/\"},\"sameAs\":[\"https:\/\/www.facebook.com\/Baubauwall\",\"https:\/\/www.instagram.com\/baubauwall\"]}]}<\/script>\n<!-- \/ Yoast SEO plugin. -->","yoast_head_json":{"title":"Big Flowers and Pastel Blooms Design Custom printed wallpaper","description":"Bespoke collection of wallpapers. Botanical flower design wallpaper with pastel blooms. Custom printed, cut as the size of your walls.","robots":{"index":"index","follow":"follow","max-snippet":"max-snippet:-1","max-image-preview":"max-image-preview:large","max-video-preview":"max-video-preview:-1"},"canonical":"https:\/\/baubauwall.com\/et\/toode\/dreamy-pastel-flowers-wallpaper\/","og_locale":"et_EE","og_type":"article","og_title":"Big Flowers and Pastel Blooms Design Custom printed wallpaper","og_description":"Bespoke collection of wallpapers. Botanical flower design wallpaper with pastel blooms. Custom printed, cut as the size of your walls.","og_url":"https:\/\/baubauwall.com\/et\/toode\/dreamy-pastel-flowers-wallpaper\/","og_site_name":"BAUBAUWALL Wallpapers","article_publisher":"https:\/\/www.facebook.com\/Baubauwall","article_modified_time":"2023-04-19T12:15:26+00:00","og_image":[{"width":1200,"height":800,"url":"https:\/\/baubauwall.com\/wp-content\/uploads\/2022\/02\/51100099_Baubauwall_wallpaper_PastelFlowers_room3-3.png","type":"image\/png"}],"twitter_card":"summary_large_image","twitter_misc":{"Est. reading time":"1 minut"},"schema":{"@context":"https:\/\/schema.org","@graph":[{"@type":"WebPage","@id":"https:\/\/baubauwall.com\/et\/toode\/dreamy-pastel-flowers-wallpaper\/","url":"https:\/\/baubauwall.com\/et\/toode\/dreamy-pastel-flowers-wallpaper\/","name":"Big Flowers and Pastel Blooms Design Custom printed wallpaper","isPartOf":{"@id":"https:\/\/baubauwall.com\/et\/#website"},"primaryImageOfPage":{"@id":"https:\/\/baubauwall.com\/et\/toode\/dreamy-pastel-flowers-wallpaper\/#primaryimage"},"image":{"@id":"https:\/\/baubauwall.com\/et\/toode\/dreamy-pastel-flowers-wallpaper\/#primaryimage"},"thumbnailUrl":"https:\/\/baubauwall.com\/wp-content\/uploads\/2022\/02\/51100099_Baubauwall_wallpaper_PastelFlowers_room3-3.png","datePublished":"2022-02-20T12:51:55+00:00","dateModified":"2023-04-19T12:15:26+00:00","description":"Bespoke collection of wallpapers. Botanical flower design wallpaper with pastel blooms. Custom printed, cut as the size of your walls.","breadcrumb":{"@id":"https:\/\/baubauwall.com\/et\/toode\/dreamy-pastel-flowers-wallpaper\/#breadcrumb"},"inLanguage":"et","potentialAction":[{"@type":"ReadAction","target":["https:\/\/baubauwall.com\/et\/toode\/dreamy-pastel-flowers-wallpaper\/"]}]},{"@type":"ImageObject","inLanguage":"et","@id":"https:\/\/baubauwall.com\/et\/toode\/dreamy-pastel-flowers-wallpaper\/#primaryimage","url":"https:\/\/baubauwall.com\/wp-content\/uploads\/2022\/02\/51100099_Baubauwall_wallpaper_PastelFlowers_room3-3.png","contentUrl":"https:\/\/baubauwall.com\/wp-content\/uploads\/2022\/02\/51100099_Baubauwall_wallpaper_PastelFlowers_room3-3.png","width":1200,"height":800},{"@type":"BreadcrumbList","@id":"https:\/\/baubauwall.com\/et\/toode\/dreamy-pastel-flowers-wallpaper\/#breadcrumb","itemListElement":[{"@type":"ListItem","position":1,"name":"Koju","item":"https:\/\/baubauwall.com\/et\/"},{"@type":"ListItem","position":2,"name":"Tapeedid","item":"https:\/\/baubauwall.com\/et\/tapeedid\/"},{"@type":"ListItem","position":3,"name":"Pastelsed \u00f5ied"}]},{"@type":"WebSite","@id":"https:\/\/baubauwall.com\/et\/#website","url":"https:\/\/baubauwall.com\/et\/","name":"BAUBAUWALL Wallpapers","description":"Valmis paanides tapeet Eestist!","publisher":{"@id":"https:\/\/baubauwall.com\/et\/#organization"},"potentialAction":[{"@type":"SearchAction","target":{"@type":"EntryPoint","urlTemplate":"https:\/\/baubauwall.com\/et\/?s={search_term_string}"},"query-input":{"@type":"PropertyValueSpecification","valueRequired":true,"valueName":"search_term_string"}}],"inLanguage":"et"},{"@type":"Organization","@id":"https:\/\/baubauwall.com\/et\/#organization","name":"BAUBAUWALL Wallpapers","url":"https:\/\/baubauwall.com\/et\/","logo":{"@type":"ImageObject","inLanguage":"et","@id":"https:\/\/baubauwall.com\/et\/#\/schema\/logo\/image\/","url":"https:\/\/baubauwall.com\/wp-content\/uploads\/2022\/03\/logo-horizontal.svg","contentUrl":"https:\/\/baubauwall.com\/wp-content\/uploads\/2022\/03\/logo-horizontal.svg","width":"1024","height":"1024","caption":"BAUBAUWALL Wallpapers"},"image":{"@id":"https:\/\/baubauwall.com\/et\/#\/schema\/logo\/image\/"},"sameAs":["https:\/\/www.facebook.com\/Baubauwall","https:\/\/www.instagram.com\/baubauwall"]}]}},"jetpack_sharing_enabled":true,"_links":{"self":[{"href":"https:\/\/baubauwall.com\/et\/wp-json\/wp\/v2\/product\/5634","targetHints":{"allow":["GET"]}}],"collection":[{"href":"https:\/\/baubauwall.com\/et\/wp-json\/wp\/v2\/product"}],"about":[{"href":"https:\/\/baubauwall.com\/et\/wp-json\/wp\/v2\/types\/product"}],"replies":[{"embeddable":true,"href":"https:\/\/baubauwall.com\/et\/wp-json\/wp\/v2\/comments?post=5634"}],"wp:featuredmedia":[{"embeddable":true,"href":"https:\/\/baubauwall.com\/et\/wp-json\/wp\/v2\/media\/2315"}],"wp:attachment":[{"href":"https:\/\/baubauwall.com\/et\/wp-json\/wp\/v2\/media?parent=5634"}],"wp:term":[{"taxonomy":"product_brand","embeddable":true,"href":"https:\/\/baubauwall.com\/et\/wp-json\/wp\/v2\/product_brand?post=5634"},{"taxonomy":"product_cat","embeddable":true,"href":"https:\/\/baubauwall.com\/et\/wp-json\/wp\/v2\/product_cat?post=5634"},{"taxonomy":"product_tag","embeddable":true,"href":"https:\/\/baubauwall.com\/et\/wp-json\/wp\/v2\/product_tag?post=5634"}],"curies":[{"name":"wp","href":"https:\/\/api.w.org\/{rel}","templated":true}]}}