{"id":5640,"date":"2022-02-20T18:48:40","date_gmt":"2022-02-20T16:48:40","guid":{"rendered":"https:\/\/baubauwall.com\/product\/nonpareils-geometric-galaxy-blue\/"},"modified":"2023-12-01T12:37:36","modified_gmt":"2023-12-01T10:37:36","slug":"tapeet-nonparellide-galaktika-sinine","status":"publish","type":"product","link":"https:\/\/baubauwall.com\/et\/toode\/tapeet-nonparellide-galaktika-sinine\/","title":{"rendered":"Nonparellide galaktika &#8211; sinine"},"content":{"rendered":"<p>Lastetoa tapeet, mis sobib ilmselt k\u00f5ige paremini just poisi toa seinale. L\u00f5bus ja isegi pisut ootamatu abstraktse disainiga sinine tapeet on inspireeritud ei millestki v\u00e4hemast kui \u2013 suhkrustest nonparellidest! S\u00f5na &#8220;nonpareil&#8221; t\u00e4hendab prantsuse keeles tegelikult &#8220;ilma v\u00f5rdseta&#8221;. V\u00e4ljend, mis oli algselt m\u00f5eldud kirjeldama teistest paremat. Hiljem kanti see s\u00f5na \u00fcle kondiitrit\u00f6\u00f6stusesse kirjeldamaks v\u00f5rratut suurejoonelisust, kui katad oma koogid v\u00f5i kommid nende pisikeste magusate kaunistustega. Miks mitte teha sama oma tapeediga? Heatujuline tapeedimuster, mis sobib suurep\u00e4raselt t\u00e4iskasvanutele, kes kunagi suureks ei kasva.<\/p>\n<p><strong>Miks osta tapeet siit? Tapeetimine pole kunagi nii lihtne olnud!<\/strong><\/p>\n<ul>\n<li>Eesti disain<\/li>\n<li>Nummerdatud tapeedipaanid<\/li>\n<li>Just nii pikad tapeedipaanid, kui on Sinu sein<\/li>\n<li>Premium, matt fliistapeedi materjal<\/li>\n<li>M\u00fcrgivabad tr\u00fckiv\u00e4rvid, Greenguard sertifitseeritud<\/li>\n<li><a href=\"https:\/\/baubauwall.com\/et\/keskkonnasobralikud-tapeedid\/\" target=\"_blank\" rel=\"noopener\">Keskkonnas\u00f5bralik<\/a>, j\u00e4\u00e4tmevaba tapeetimine<\/li>\n<li>Tasuta tapeediliim<\/li>\n<li>Tasuta transport ja kiire tarne 5 t\u00f6\u00f6p\u00e4evaga<\/li>\n<\/ul>\n<p>Loe l\u00e4hemalt nutikatest, eritellimust\u00f6\u00f6na valmivatest tapeetidest\u00a0<a href=\"https:\/\/baubauwall.com\/et\/keskkonnasobralikud-tapeedid\/\">siit.<\/a><\/p>\n","protected":false},"excerpt":{"rendered":"<p>Lastetoa tapeet, mis sobib ilmselt k\u00f5ige paremini just poisi toa seinale. L\u00f5bus ja isegi pisut ootamatu abstraktse disainiga sinine tapeet on inspireeritud ei millestki v\u00e4hemast kui \u2013 suhkrustest nonparellidest! S\u00f5na &#8220;nonpareil&#8221; t\u00e4hendab prantsuse keeles tegelikult &#8220;ilma v\u00f5rdseta&#8221;. V\u00e4ljend, mis oli algselt m\u00f5eldud kirjeldama teistest paremat. Hiljem kanti see s\u00f5na \u00fcle kondiitrit\u00f6\u00f6stusesse kirjeldamaks v\u00f5rratut suurejoonelisust, kui [&hellip;]<\/p>\n","protected":false},"featured_media":15808,"comment_status":"open","ping_status":"closed","template":"","meta":{"_acf_changed":false,"inline_featured_image":false},"product_brand":[],"product_cat":[386,404,408,267,413,400,416,399,715],"product_tag":[349,308,376],"class_list":{"0":"post-5640","1":"product","2":"type-product","3":"status-publish","4":"has-post-thumbnail","6":"product_cat-kordusmustriga-tapeedid","7":"product_cat-abstraktne","8":"product_cat-geomeetriline","9":"product_cat-sinised-tapeedid","10":"product_cat-magamistoa-tapeedid","11":"product_cat-lastetoa-tapeedid","12":"product_cat-esiku-tapeedid","13":"product_cat-kodukontori-tapeedid","14":"product_cat-soodsad-tapeedid-leiunurk","15":"product_tag-beebituba","16":"product_tag-poiste-tuba","17":"product_tag-teismelise-tuba","18":"pa_designedby-baubauwall","20":"first","21":"instock","22":"sale","23":"taxable","24":"shipping-taxable","25":"purchasable","26":"product-type-simple"},"acf":[],"yoast_head":"<!-- This site is optimized with the Yoast SEO plugin v25.9 - https:\/\/yoast.com\/wordpress\/plugins\/seo\/ -->\n<title>Geomeetriline abstraktne sinine tapeet. Tapeet poistele<\/title>\n<meta name=\"description\" content=\"Sinine tapeet lastetuppa. L\u00f5bus-abstraktne tapeedidisain. Tapeet, mis sobib h\u00e4sti lastetuppa v\u00f5i magamistuppa. R\u00e4tsepat\u00f6\u00f6na valmivad tapeedid.\" \/>\n<meta name=\"robots\" content=\"index, follow, max-snippet:-1, max-image-preview:large, max-video-preview:-1\" \/>\n<link rel=\"canonical\" href=\"https:\/\/baubauwall.com\/et\/toode\/tapeet-nonparellide-galaktika-sinine\/\" \/>\n<meta property=\"og:locale\" content=\"et_EE\" \/>\n<meta property=\"og:type\" content=\"article\" \/>\n<meta property=\"og:title\" content=\"Geomeetriline abstraktne sinine tapeet. Tapeet poistele\" \/>\n<meta property=\"og:description\" content=\"Sinine tapeet lastetuppa. L\u00f5bus-abstraktne tapeedidisain. Tapeet, mis sobib h\u00e4sti lastetuppa v\u00f5i magamistuppa. R\u00e4tsepat\u00f6\u00f6na valmivad tapeedid.\" \/>\n<meta property=\"og:url\" content=\"https:\/\/baubauwall.com\/et\/toode\/tapeet-nonparellide-galaktika-sinine\/\" \/>\n<meta property=\"og:site_name\" content=\"BAUBAUWALL TAPEEDID\" \/>\n<meta property=\"article:publisher\" content=\"https:\/\/www.facebook.com\/Baubauwall\" \/>\n<meta property=\"article:modified_time\" content=\"2023-12-01T10:37:36+00:00\" \/>\n<meta property=\"og:image\" content=\"https:\/\/baubauwall.com\/wp-content\/uploads\/2022\/02\/51100105_NonpareilsGeometric-GalaxyBlue_Baubauwall_Wallpaper_room5.jpg\" \/>\n\t<meta property=\"og:image:width\" content=\"1308\" \/>\n\t<meta property=\"og:image:height\" content=\"800\" \/>\n\t<meta property=\"og:image:type\" content=\"image\/jpeg\" \/>\n<meta name=\"twitter:card\" content=\"summary_large_image\" \/>\n<meta name=\"twitter:label1\" content=\"Est. reading time\" \/>\n\t<meta name=\"twitter:data1\" content=\"1 minut\" \/>\n<script type=\"application\/ld+json\" class=\"yoast-schema-graph\">{\"@context\":\"https:\/\/schema.org\",\"@graph\":[{\"@type\":\"WebPage\",\"@id\":\"https:\/\/baubauwall.com\/et\/toode\/tapeet-nonparellide-galaktika-sinine\/\",\"url\":\"https:\/\/baubauwall.com\/et\/toode\/tapeet-nonparellide-galaktika-sinine\/\",\"name\":\"Geomeetriline abstraktne sinine tapeet. Tapeet poistele\",\"isPartOf\":{\"@id\":\"https:\/\/baubauwall.com\/et\/#website\"},\"primaryImageOfPage\":{\"@id\":\"https:\/\/baubauwall.com\/et\/toode\/tapeet-nonparellide-galaktika-sinine\/#primaryimage\"},\"image\":{\"@id\":\"https:\/\/baubauwall.com\/et\/toode\/tapeet-nonparellide-galaktika-sinine\/#primaryimage\"},\"thumbnailUrl\":\"https:\/\/baubauwall.com\/wp-content\/uploads\/2022\/02\/51100105_NonpareilsGeometric-GalaxyBlue_Baubauwall_Wallpaper_room4.jpg\",\"datePublished\":\"2022-02-20T16:48:40+00:00\",\"dateModified\":\"2023-12-01T10:37:36+00:00\",\"description\":\"Sinine tapeet lastetuppa. L\u00f5bus-abstraktne tapeedidisain. Tapeet, mis sobib h\u00e4sti lastetuppa v\u00f5i magamistuppa. R\u00e4tsepat\u00f6\u00f6na valmivad tapeedid.\",\"breadcrumb\":{\"@id\":\"https:\/\/baubauwall.com\/et\/toode\/tapeet-nonparellide-galaktika-sinine\/#breadcrumb\"},\"inLanguage\":\"et\",\"potentialAction\":[{\"@type\":\"ReadAction\",\"target\":[\"https:\/\/baubauwall.com\/et\/toode\/tapeet-nonparellide-galaktika-sinine\/\"]}]},{\"@type\":\"ImageObject\",\"inLanguage\":\"et\",\"@id\":\"https:\/\/baubauwall.com\/et\/toode\/tapeet-nonparellide-galaktika-sinine\/#primaryimage\",\"url\":\"https:\/\/baubauwall.com\/wp-content\/uploads\/2022\/02\/51100105_NonpareilsGeometric-GalaxyBlue_Baubauwall_Wallpaper_room4.jpg\",\"contentUrl\":\"https:\/\/baubauwall.com\/wp-content\/uploads\/2022\/02\/51100105_NonpareilsGeometric-GalaxyBlue_Baubauwall_Wallpaper_room4.jpg\",\"width\":1066,\"height\":800},{\"@type\":\"BreadcrumbList\",\"@id\":\"https:\/\/baubauwall.com\/et\/toode\/tapeet-nonparellide-galaktika-sinine\/#breadcrumb\",\"itemListElement\":[{\"@type\":\"ListItem\",\"position\":1,\"name\":\"Koju\",\"item\":\"https:\/\/baubauwall.com\/et\/\"},{\"@type\":\"ListItem\",\"position\":2,\"name\":\"Tapeedid\",\"item\":\"https:\/\/baubauwall.com\/et\/tapeedid\/\"},{\"@type\":\"ListItem\",\"position\":3,\"name\":\"Nonparellide galaktika &#8211; sinine\"}]},{\"@type\":\"WebSite\",\"@id\":\"https:\/\/baubauwall.com\/et\/#website\",\"url\":\"https:\/\/baubauwall.com\/et\/\",\"name\":\"BAUBAUWALL Wallpapers\",\"description\":\"Valmis paanides tapeet Eestist!\",\"publisher\":{\"@id\":\"https:\/\/baubauwall.com\/et\/#organization\"},\"potentialAction\":[{\"@type\":\"SearchAction\",\"target\":{\"@type\":\"EntryPoint\",\"urlTemplate\":\"https:\/\/baubauwall.com\/et\/?s={search_term_string}\"},\"query-input\":{\"@type\":\"PropertyValueSpecification\",\"valueRequired\":true,\"valueName\":\"search_term_string\"}}],\"inLanguage\":\"et\"},{\"@type\":\"Organization\",\"@id\":\"https:\/\/baubauwall.com\/et\/#organization\",\"name\":\"BAUBAUWALL Wallpapers\",\"url\":\"https:\/\/baubauwall.com\/et\/\",\"logo\":{\"@type\":\"ImageObject\",\"inLanguage\":\"et\",\"@id\":\"https:\/\/baubauwall.com\/et\/#\/schema\/logo\/image\/\",\"url\":\"https:\/\/baubauwall.com\/wp-content\/uploads\/2022\/03\/logo-horizontal.svg\",\"contentUrl\":\"https:\/\/baubauwall.com\/wp-content\/uploads\/2022\/03\/logo-horizontal.svg\",\"width\":\"1024\",\"height\":\"1024\",\"caption\":\"BAUBAUWALL Wallpapers\"},\"image\":{\"@id\":\"https:\/\/baubauwall.com\/et\/#\/schema\/logo\/image\/\"},\"sameAs\":[\"https:\/\/www.facebook.com\/Baubauwall\",\"https:\/\/www.instagram.com\/baubauwall\"]}]}<\/script>\n<!-- \/ Yoast SEO plugin. -->","yoast_head_json":{"title":"Geomeetriline abstraktne sinine tapeet. Tapeet poistele","description":"Sinine tapeet lastetuppa. L\u00f5bus-abstraktne tapeedidisain. Tapeet, mis sobib h\u00e4sti lastetuppa v\u00f5i magamistuppa. R\u00e4tsepat\u00f6\u00f6na valmivad tapeedid.","robots":{"index":"index","follow":"follow","max-snippet":"max-snippet:-1","max-image-preview":"max-image-preview:large","max-video-preview":"max-video-preview:-1"},"canonical":"https:\/\/baubauwall.com\/et\/toode\/tapeet-nonparellide-galaktika-sinine\/","og_locale":"et_EE","og_type":"article","og_title":"Geomeetriline abstraktne sinine tapeet. Tapeet poistele","og_description":"Sinine tapeet lastetuppa. L\u00f5bus-abstraktne tapeedidisain. Tapeet, mis sobib h\u00e4sti lastetuppa v\u00f5i magamistuppa. R\u00e4tsepat\u00f6\u00f6na valmivad tapeedid.","og_url":"https:\/\/baubauwall.com\/et\/toode\/tapeet-nonparellide-galaktika-sinine\/","og_site_name":"BAUBAUWALL TAPEEDID","article_publisher":"https:\/\/www.facebook.com\/Baubauwall","article_modified_time":"2023-12-01T10:37:36+00:00","og_image":[{"width":1308,"height":800,"url":"https:\/\/baubauwall.com\/wp-content\/uploads\/2022\/02\/51100105_NonpareilsGeometric-GalaxyBlue_Baubauwall_Wallpaper_room5.jpg","type":"image\/jpeg"}],"twitter_card":"summary_large_image","twitter_misc":{"Est. reading time":"1 minut"},"schema":{"@context":"https:\/\/schema.org","@graph":[{"@type":"WebPage","@id":"https:\/\/baubauwall.com\/et\/toode\/tapeet-nonparellide-galaktika-sinine\/","url":"https:\/\/baubauwall.com\/et\/toode\/tapeet-nonparellide-galaktika-sinine\/","name":"Geomeetriline abstraktne sinine tapeet. Tapeet poistele","isPartOf":{"@id":"https:\/\/baubauwall.com\/et\/#website"},"primaryImageOfPage":{"@id":"https:\/\/baubauwall.com\/et\/toode\/tapeet-nonparellide-galaktika-sinine\/#primaryimage"},"image":{"@id":"https:\/\/baubauwall.com\/et\/toode\/tapeet-nonparellide-galaktika-sinine\/#primaryimage"},"thumbnailUrl":"https:\/\/baubauwall.com\/wp-content\/uploads\/2022\/02\/51100105_NonpareilsGeometric-GalaxyBlue_Baubauwall_Wallpaper_room4.jpg","datePublished":"2022-02-20T16:48:40+00:00","dateModified":"2023-12-01T10:37:36+00:00","description":"Sinine tapeet lastetuppa. L\u00f5bus-abstraktne tapeedidisain. Tapeet, mis sobib h\u00e4sti lastetuppa v\u00f5i magamistuppa. R\u00e4tsepat\u00f6\u00f6na valmivad tapeedid.","breadcrumb":{"@id":"https:\/\/baubauwall.com\/et\/toode\/tapeet-nonparellide-galaktika-sinine\/#breadcrumb"},"inLanguage":"et","potentialAction":[{"@type":"ReadAction","target":["https:\/\/baubauwall.com\/et\/toode\/tapeet-nonparellide-galaktika-sinine\/"]}]},{"@type":"ImageObject","inLanguage":"et","@id":"https:\/\/baubauwall.com\/et\/toode\/tapeet-nonparellide-galaktika-sinine\/#primaryimage","url":"https:\/\/baubauwall.com\/wp-content\/uploads\/2022\/02\/51100105_NonpareilsGeometric-GalaxyBlue_Baubauwall_Wallpaper_room4.jpg","contentUrl":"https:\/\/baubauwall.com\/wp-content\/uploads\/2022\/02\/51100105_NonpareilsGeometric-GalaxyBlue_Baubauwall_Wallpaper_room4.jpg","width":1066,"height":800},{"@type":"BreadcrumbList","@id":"https:\/\/baubauwall.com\/et\/toode\/tapeet-nonparellide-galaktika-sinine\/#breadcrumb","itemListElement":[{"@type":"ListItem","position":1,"name":"Koju","item":"https:\/\/baubauwall.com\/et\/"},{"@type":"ListItem","position":2,"name":"Tapeedid","item":"https:\/\/baubauwall.com\/et\/tapeedid\/"},{"@type":"ListItem","position":3,"name":"Nonparellide galaktika &#8211; sinine"}]},{"@type":"WebSite","@id":"https:\/\/baubauwall.com\/et\/#website","url":"https:\/\/baubauwall.com\/et\/","name":"BAUBAUWALL Wallpapers","description":"Valmis paanides tapeet Eestist!","publisher":{"@id":"https:\/\/baubauwall.com\/et\/#organization"},"potentialAction":[{"@type":"SearchAction","target":{"@type":"EntryPoint","urlTemplate":"https:\/\/baubauwall.com\/et\/?s={search_term_string}"},"query-input":{"@type":"PropertyValueSpecification","valueRequired":true,"valueName":"search_term_string"}}],"inLanguage":"et"},{"@type":"Organization","@id":"https:\/\/baubauwall.com\/et\/#organization","name":"BAUBAUWALL Wallpapers","url":"https:\/\/baubauwall.com\/et\/","logo":{"@type":"ImageObject","inLanguage":"et","@id":"https:\/\/baubauwall.com\/et\/#\/schema\/logo\/image\/","url":"https:\/\/baubauwall.com\/wp-content\/uploads\/2022\/03\/logo-horizontal.svg","contentUrl":"https:\/\/baubauwall.com\/wp-content\/uploads\/2022\/03\/logo-horizontal.svg","width":"1024","height":"1024","caption":"BAUBAUWALL Wallpapers"},"image":{"@id":"https:\/\/baubauwall.com\/et\/#\/schema\/logo\/image\/"},"sameAs":["https:\/\/www.facebook.com\/Baubauwall","https:\/\/www.instagram.com\/baubauwall"]}]}},"jetpack_sharing_enabled":true,"_links":{"self":[{"href":"https:\/\/baubauwall.com\/et\/wp-json\/wp\/v2\/product\/5640","targetHints":{"allow":["GET"]}}],"collection":[{"href":"https:\/\/baubauwall.com\/et\/wp-json\/wp\/v2\/product"}],"about":[{"href":"https:\/\/baubauwall.com\/et\/wp-json\/wp\/v2\/types\/product"}],"replies":[{"embeddable":true,"href":"https:\/\/baubauwall.com\/et\/wp-json\/wp\/v2\/comments?post=5640"}],"wp:featuredmedia":[{"embeddable":true,"href":"https:\/\/baubauwall.com\/et\/wp-json\/wp\/v2\/media\/15808"}],"wp:attachment":[{"href":"https:\/\/baubauwall.com\/et\/wp-json\/wp\/v2\/media?parent=5640"}],"wp:term":[{"taxonomy":"product_brand","embeddable":true,"href":"https:\/\/baubauwall.com\/et\/wp-json\/wp\/v2\/product_brand?post=5640"},{"taxonomy":"product_cat","embeddable":true,"href":"https:\/\/baubauwall.com\/et\/wp-json\/wp\/v2\/product_cat?post=5640"},{"taxonomy":"product_tag","embeddable":true,"href":"https:\/\/baubauwall.com\/et\/wp-json\/wp\/v2\/product_tag?post=5640"}],"curies":[{"name":"wp","href":"https:\/\/api.w.org\/{rel}","templated":true}]}}