{"id":5645,"date":"2022-02-22T08:20:34","date_gmt":"2022-02-22T06:20:34","guid":{"rendered":"https:\/\/baubauwall.com\/product\/butterflies-kaleidoscope-white-wallpaper\/"},"modified":"2024-08-09T15:43:28","modified_gmt":"2024-08-09T13:43:28","slug":"liblikate-kaleidoskoop-tapeet","status":"publish","type":"product","link":"https:\/\/baubauwall.com\/et\/toode\/liblikate-kaleidoskoop-tapeet\/","title":{"rendered":"Liblikate kaleidoskoop &#8211; valge"},"content":{"rendered":"<p>Liblikad k\u00f5hus v\u00f5i seintel? V\u00f5ib-olla m\u00f5lemat! Liblikad pole mitte ainult ilusad olendid, nad s\u00fcmboliseerivad ka positiivsust, edasiminekut ja lootust. Meie p\u00f5hjamaisel kaleidoskooplikul tapeedimustril lendavad putukad ja liblikad \u00f5ielt \u00f5iele.\u00a0Liblikamustrid sobivad suurep\u00e4raselt elegantsete detailide lisamiseks Sinu s\u00f6\u00f6gitoale, magamistoale v\u00f5i h\u00e4sti l\u00e4bim\u00f5eldud interj\u00f6\u00f6riga elutoale. Ning muidugi meeldib lastele oma toa seintel liblikaid p\u00fc\u00fcda!<\/p>\n<p>Kaleidoskooplik tapeedimuster on saadaval ka bee\u017ei ja hallina.<\/p>\n<p>Baubauwallist tellides saad tapeedi t\u00e4pselt oma seina m\u00f5\u00f5dus, valmis l\u00f5igatud paanides. Tapeedipaanid on nummerdatud ja just nii k\u00f5rged, kui Sinu sein. Sa ei pea ise arvutama, kui palju tapeeti vaja on v\u00f5i kuidas muster kokku l\u00e4heb. Teeme selle t\u00f6\u00f6 Sinu eest. Sinu ainuke v\u00e4ljakutse on valida v\u00e4lja sobiv tapeet ning sein \u00e4ra m\u00f5\u00f5ta. Kuidas erinevaid seinu tapeetimiseks m\u00f5\u00f5ta, <a href=\"https:\/\/baubauwall.com\/et\/nipid\/tapeedi-koguse-planeerimine-seina-mootmine\/\" target=\"_blank\" rel=\"noopener\">loe l\u00e4hemalt blogiartiklis.\u00a0<\/a><\/p>\n","protected":false},"excerpt":{"rendered":"<p>Liblikad k\u00f5hus v\u00f5i seintel? V\u00f5ib-olla m\u00f5lemat! Liblikad pole mitte ainult ilusad olendid, nad s\u00fcmboliseerivad ka positiivsust, edasiminekut ja lootust. Meie p\u00f5hjamaisel kaleidoskooplikul tapeedimustril lendavad putukad ja liblikad \u00f5ielt \u00f5iele.\u00a0Liblikamustrid sobivad suurep\u00e4raselt elegantsete detailide lisamiseks Sinu s\u00f6\u00f6gitoale, magamistoale v\u00f5i h\u00e4sti l\u00e4bim\u00f5eldud interj\u00f6\u00f6riga elutoale. Ning muidugi meeldib lastele oma toa seintel liblikaid p\u00fc\u00fcda! Kaleidoskooplik tapeedimuster on saadaval [&hellip;]<\/p>\n","protected":false},"featured_media":7681,"comment_status":"open","ping_status":"closed","template":"","meta":{"_acf_changed":false,"inline_featured_image":false},"product_brand":[],"product_cat":[386,408,396,410,413,400,414,415,416,399,402,412,258,561],"product_tag":[695,306],"class_list":{"0":"post-5645","1":"product","2":"type-product","3":"status-publish","4":"has-post-thumbnail","6":"product_cat-kordusmustriga-tapeedid","7":"product_cat-geomeetriline","8":"product_cat-skandinaavia","9":"product_cat-valge-tapeedid","10":"product_cat-magamistoa-tapeedid","11":"product_cat-lastetoa-tapeedid","12":"product_cat-soogitoa-tapeedid","13":"product_cat-kulalistetoa-tapeedid","14":"product_cat-esiku-tapeedid","15":"product_cat-kodukontori-tapeedid","16":"product_cat-elutoa-tapeedid","17":"product_cat-vannitoa-tapeedid","18":"product_cat-putukad-liblikad","19":"product_cat-suvised-tapeedid","20":"product_tag-eesti-disain-tapeedid","21":"product_tag-liblikas","22":"pa_designedby-baubauwall","24":"first","25":"instock","26":"taxable","27":"shipping-taxable","28":"purchasable","29":"product-type-simple"},"acf":[],"yoast_head":"<!-- This site is optimized with the Yoast SEO plugin v25.9 - https:\/\/yoast.com\/wordpress\/plugins\/seo\/ -->\n<title>Liblikatega tapeet. P\u00f5hajamaine stiil. Tapeedid Sinu seina m\u00f5\u00f5dus.<\/title>\n<meta name=\"description\" content=\"Liblikatega kaunis p\u00f5hjamaine tapeet heledal taustal. Tapeet, mis sobib magamistuppa, elutuppa v\u00f5i mujale. R\u00e4tsepat\u00f6\u00f6na valmivad tapeedid.\" \/>\n<meta name=\"robots\" content=\"index, follow, max-snippet:-1, max-image-preview:large, max-video-preview:-1\" \/>\n<link rel=\"canonical\" href=\"https:\/\/baubauwall.com\/et\/toode\/liblikate-kaleidoskoop-tapeet\/\" \/>\n<meta property=\"og:locale\" content=\"et_EE\" \/>\n<meta property=\"og:type\" content=\"article\" \/>\n<meta property=\"og:title\" content=\"Liblikatega tapeet. P\u00f5hajamaine stiil. Tapeedid Sinu seina m\u00f5\u00f5dus.\" \/>\n<meta property=\"og:description\" content=\"Liblikatega kaunis p\u00f5hjamaine tapeet heledal taustal. Tapeet, mis sobib magamistuppa, elutuppa v\u00f5i mujale. R\u00e4tsepat\u00f6\u00f6na valmivad tapeedid.\" \/>\n<meta property=\"og:url\" content=\"https:\/\/baubauwall.com\/et\/toode\/liblikate-kaleidoskoop-tapeet\/\" \/>\n<meta property=\"og:site_name\" content=\"BAUBAUWALL TAPEEDID\" \/>\n<meta property=\"article:publisher\" content=\"https:\/\/www.facebook.com\/Baubauwall\" \/>\n<meta property=\"article:modified_time\" content=\"2024-08-09T13:43:28+00:00\" \/>\n<meta property=\"og:image\" content=\"https:\/\/i0.wp.com\/baubauwall.com\/wp-content\/uploads\/2022\/02\/51100109_Butterflies-KaleidoscopeWhite_Baubauwall_Wallpaper_room3-1.png?fit=1400%2C800&ssl=1\" \/>\n\t<meta property=\"og:image:width\" content=\"1400\" \/>\n\t<meta property=\"og:image:height\" content=\"800\" \/>\n\t<meta property=\"og:image:type\" content=\"image\/png\" \/>\n<meta name=\"twitter:card\" content=\"summary_large_image\" \/>\n<meta name=\"twitter:label1\" content=\"Est. reading time\" \/>\n\t<meta name=\"twitter:data1\" content=\"1 minut\" \/>\n<script type=\"application\/ld+json\" class=\"yoast-schema-graph\">{\"@context\":\"https:\/\/schema.org\",\"@graph\":[{\"@type\":\"WebPage\",\"@id\":\"https:\/\/baubauwall.com\/et\/toode\/liblikate-kaleidoskoop-tapeet\/\",\"url\":\"https:\/\/baubauwall.com\/et\/toode\/liblikate-kaleidoskoop-tapeet\/\",\"name\":\"Liblikatega tapeet. P\u00f5hajamaine stiil. Tapeedid Sinu seina m\u00f5\u00f5dus.\",\"isPartOf\":{\"@id\":\"https:\/\/baubauwall.com\/et\/#website\"},\"primaryImageOfPage\":{\"@id\":\"https:\/\/baubauwall.com\/et\/toode\/liblikate-kaleidoskoop-tapeet\/#primaryimage\"},\"image\":{\"@id\":\"https:\/\/baubauwall.com\/et\/toode\/liblikate-kaleidoskoop-tapeet\/#primaryimage\"},\"thumbnailUrl\":\"https:\/\/baubauwall.com\/wp-content\/uploads\/2022\/02\/51100109_Butterflies-KaleidoscopeWhite_Baubauwall_Wallpaper_room3-1.png\",\"datePublished\":\"2022-02-22T06:20:34+00:00\",\"dateModified\":\"2024-08-09T13:43:28+00:00\",\"description\":\"Liblikatega kaunis p\u00f5hjamaine tapeet heledal taustal. Tapeet, mis sobib magamistuppa, elutuppa v\u00f5i mujale. R\u00e4tsepat\u00f6\u00f6na valmivad tapeedid.\",\"breadcrumb\":{\"@id\":\"https:\/\/baubauwall.com\/et\/toode\/liblikate-kaleidoskoop-tapeet\/#breadcrumb\"},\"inLanguage\":\"et\",\"potentialAction\":[{\"@type\":\"ReadAction\",\"target\":[\"https:\/\/baubauwall.com\/et\/toode\/liblikate-kaleidoskoop-tapeet\/\"]}]},{\"@type\":\"ImageObject\",\"inLanguage\":\"et\",\"@id\":\"https:\/\/baubauwall.com\/et\/toode\/liblikate-kaleidoskoop-tapeet\/#primaryimage\",\"url\":\"https:\/\/baubauwall.com\/wp-content\/uploads\/2022\/02\/51100109_Butterflies-KaleidoscopeWhite_Baubauwall_Wallpaper_room3-1.png\",\"contentUrl\":\"https:\/\/baubauwall.com\/wp-content\/uploads\/2022\/02\/51100109_Butterflies-KaleidoscopeWhite_Baubauwall_Wallpaper_room3-1.png\",\"width\":1400,\"height\":800},{\"@type\":\"BreadcrumbList\",\"@id\":\"https:\/\/baubauwall.com\/et\/toode\/liblikate-kaleidoskoop-tapeet\/#breadcrumb\",\"itemListElement\":[{\"@type\":\"ListItem\",\"position\":1,\"name\":\"Koju\",\"item\":\"https:\/\/baubauwall.com\/et\/\"},{\"@type\":\"ListItem\",\"position\":2,\"name\":\"Tapeedid\",\"item\":\"https:\/\/baubauwall.com\/et\/tapeedid\/\"},{\"@type\":\"ListItem\",\"position\":3,\"name\":\"Liblikate kaleidoskoop &#8211; valge\"}]},{\"@type\":\"WebSite\",\"@id\":\"https:\/\/baubauwall.com\/et\/#website\",\"url\":\"https:\/\/baubauwall.com\/et\/\",\"name\":\"BAUBAUWALL Wallpapers\",\"description\":\"Valmis paanides tapeet Eestist!\",\"publisher\":{\"@id\":\"https:\/\/baubauwall.com\/et\/#organization\"},\"potentialAction\":[{\"@type\":\"SearchAction\",\"target\":{\"@type\":\"EntryPoint\",\"urlTemplate\":\"https:\/\/baubauwall.com\/et\/?s={search_term_string}\"},\"query-input\":{\"@type\":\"PropertyValueSpecification\",\"valueRequired\":true,\"valueName\":\"search_term_string\"}}],\"inLanguage\":\"et\"},{\"@type\":\"Organization\",\"@id\":\"https:\/\/baubauwall.com\/et\/#organization\",\"name\":\"BAUBAUWALL Wallpapers\",\"url\":\"https:\/\/baubauwall.com\/et\/\",\"logo\":{\"@type\":\"ImageObject\",\"inLanguage\":\"et\",\"@id\":\"https:\/\/baubauwall.com\/et\/#\/schema\/logo\/image\/\",\"url\":\"https:\/\/baubauwall.com\/wp-content\/uploads\/2022\/03\/logo-horizontal.svg\",\"contentUrl\":\"https:\/\/baubauwall.com\/wp-content\/uploads\/2022\/03\/logo-horizontal.svg\",\"width\":\"1024\",\"height\":\"1024\",\"caption\":\"BAUBAUWALL Wallpapers\"},\"image\":{\"@id\":\"https:\/\/baubauwall.com\/et\/#\/schema\/logo\/image\/\"},\"sameAs\":[\"https:\/\/www.facebook.com\/Baubauwall\",\"https:\/\/www.instagram.com\/baubauwall\"]}]}<\/script>\n<!-- \/ Yoast SEO plugin. -->","yoast_head_json":{"title":"Liblikatega tapeet. P\u00f5hajamaine stiil. Tapeedid Sinu seina m\u00f5\u00f5dus.","description":"Liblikatega kaunis p\u00f5hjamaine tapeet heledal taustal. Tapeet, mis sobib magamistuppa, elutuppa v\u00f5i mujale. R\u00e4tsepat\u00f6\u00f6na valmivad tapeedid.","robots":{"index":"index","follow":"follow","max-snippet":"max-snippet:-1","max-image-preview":"max-image-preview:large","max-video-preview":"max-video-preview:-1"},"canonical":"https:\/\/baubauwall.com\/et\/toode\/liblikate-kaleidoskoop-tapeet\/","og_locale":"et_EE","og_type":"article","og_title":"Liblikatega tapeet. P\u00f5hajamaine stiil. Tapeedid Sinu seina m\u00f5\u00f5dus.","og_description":"Liblikatega kaunis p\u00f5hjamaine tapeet heledal taustal. Tapeet, mis sobib magamistuppa, elutuppa v\u00f5i mujale. R\u00e4tsepat\u00f6\u00f6na valmivad tapeedid.","og_url":"https:\/\/baubauwall.com\/et\/toode\/liblikate-kaleidoskoop-tapeet\/","og_site_name":"BAUBAUWALL TAPEEDID","article_publisher":"https:\/\/www.facebook.com\/Baubauwall","article_modified_time":"2024-08-09T13:43:28+00:00","og_image":[{"width":1400,"height":800,"url":"https:\/\/i0.wp.com\/baubauwall.com\/wp-content\/uploads\/2022\/02\/51100109_Butterflies-KaleidoscopeWhite_Baubauwall_Wallpaper_room3-1.png?fit=1400%2C800&ssl=1","type":"image\/png"}],"twitter_card":"summary_large_image","twitter_misc":{"Est. reading time":"1 minut"},"schema":{"@context":"https:\/\/schema.org","@graph":[{"@type":"WebPage","@id":"https:\/\/baubauwall.com\/et\/toode\/liblikate-kaleidoskoop-tapeet\/","url":"https:\/\/baubauwall.com\/et\/toode\/liblikate-kaleidoskoop-tapeet\/","name":"Liblikatega tapeet. P\u00f5hajamaine stiil. Tapeedid Sinu seina m\u00f5\u00f5dus.","isPartOf":{"@id":"https:\/\/baubauwall.com\/et\/#website"},"primaryImageOfPage":{"@id":"https:\/\/baubauwall.com\/et\/toode\/liblikate-kaleidoskoop-tapeet\/#primaryimage"},"image":{"@id":"https:\/\/baubauwall.com\/et\/toode\/liblikate-kaleidoskoop-tapeet\/#primaryimage"},"thumbnailUrl":"https:\/\/baubauwall.com\/wp-content\/uploads\/2022\/02\/51100109_Butterflies-KaleidoscopeWhite_Baubauwall_Wallpaper_room3-1.png","datePublished":"2022-02-22T06:20:34+00:00","dateModified":"2024-08-09T13:43:28+00:00","description":"Liblikatega kaunis p\u00f5hjamaine tapeet heledal taustal. Tapeet, mis sobib magamistuppa, elutuppa v\u00f5i mujale. R\u00e4tsepat\u00f6\u00f6na valmivad tapeedid.","breadcrumb":{"@id":"https:\/\/baubauwall.com\/et\/toode\/liblikate-kaleidoskoop-tapeet\/#breadcrumb"},"inLanguage":"et","potentialAction":[{"@type":"ReadAction","target":["https:\/\/baubauwall.com\/et\/toode\/liblikate-kaleidoskoop-tapeet\/"]}]},{"@type":"ImageObject","inLanguage":"et","@id":"https:\/\/baubauwall.com\/et\/toode\/liblikate-kaleidoskoop-tapeet\/#primaryimage","url":"https:\/\/baubauwall.com\/wp-content\/uploads\/2022\/02\/51100109_Butterflies-KaleidoscopeWhite_Baubauwall_Wallpaper_room3-1.png","contentUrl":"https:\/\/baubauwall.com\/wp-content\/uploads\/2022\/02\/51100109_Butterflies-KaleidoscopeWhite_Baubauwall_Wallpaper_room3-1.png","width":1400,"height":800},{"@type":"BreadcrumbList","@id":"https:\/\/baubauwall.com\/et\/toode\/liblikate-kaleidoskoop-tapeet\/#breadcrumb","itemListElement":[{"@type":"ListItem","position":1,"name":"Koju","item":"https:\/\/baubauwall.com\/et\/"},{"@type":"ListItem","position":2,"name":"Tapeedid","item":"https:\/\/baubauwall.com\/et\/tapeedid\/"},{"@type":"ListItem","position":3,"name":"Liblikate kaleidoskoop &#8211; valge"}]},{"@type":"WebSite","@id":"https:\/\/baubauwall.com\/et\/#website","url":"https:\/\/baubauwall.com\/et\/","name":"BAUBAUWALL Wallpapers","description":"Valmis paanides tapeet Eestist!","publisher":{"@id":"https:\/\/baubauwall.com\/et\/#organization"},"potentialAction":[{"@type":"SearchAction","target":{"@type":"EntryPoint","urlTemplate":"https:\/\/baubauwall.com\/et\/?s={search_term_string}"},"query-input":{"@type":"PropertyValueSpecification","valueRequired":true,"valueName":"search_term_string"}}],"inLanguage":"et"},{"@type":"Organization","@id":"https:\/\/baubauwall.com\/et\/#organization","name":"BAUBAUWALL Wallpapers","url":"https:\/\/baubauwall.com\/et\/","logo":{"@type":"ImageObject","inLanguage":"et","@id":"https:\/\/baubauwall.com\/et\/#\/schema\/logo\/image\/","url":"https:\/\/baubauwall.com\/wp-content\/uploads\/2022\/03\/logo-horizontal.svg","contentUrl":"https:\/\/baubauwall.com\/wp-content\/uploads\/2022\/03\/logo-horizontal.svg","width":"1024","height":"1024","caption":"BAUBAUWALL Wallpapers"},"image":{"@id":"https:\/\/baubauwall.com\/et\/#\/schema\/logo\/image\/"},"sameAs":["https:\/\/www.facebook.com\/Baubauwall","https:\/\/www.instagram.com\/baubauwall"]}]}},"jetpack_sharing_enabled":true,"_links":{"self":[{"href":"https:\/\/baubauwall.com\/et\/wp-json\/wp\/v2\/product\/5645","targetHints":{"allow":["GET"]}}],"collection":[{"href":"https:\/\/baubauwall.com\/et\/wp-json\/wp\/v2\/product"}],"about":[{"href":"https:\/\/baubauwall.com\/et\/wp-json\/wp\/v2\/types\/product"}],"replies":[{"embeddable":true,"href":"https:\/\/baubauwall.com\/et\/wp-json\/wp\/v2\/comments?post=5645"}],"wp:featuredmedia":[{"embeddable":true,"href":"https:\/\/baubauwall.com\/et\/wp-json\/wp\/v2\/media\/7681"}],"wp:attachment":[{"href":"https:\/\/baubauwall.com\/et\/wp-json\/wp\/v2\/media?parent=5645"}],"wp:term":[{"taxonomy":"product_brand","embeddable":true,"href":"https:\/\/baubauwall.com\/et\/wp-json\/wp\/v2\/product_brand?post=5645"},{"taxonomy":"product_cat","embeddable":true,"href":"https:\/\/baubauwall.com\/et\/wp-json\/wp\/v2\/product_cat?post=5645"},{"taxonomy":"product_tag","embeddable":true,"href":"https:\/\/baubauwall.com\/et\/wp-json\/wp\/v2\/product_tag?post=5645"}],"curies":[{"name":"wp","href":"https:\/\/api.w.org\/{rel}","templated":true}]}}