{"id":5649,"date":"2022-02-22T10:20:35","date_gmt":"2022-02-22T08:20:35","guid":{"rendered":"https:\/\/baubauwall.com\/product\/butterflies-kaleidoscope-beige-wallpaper\/"},"modified":"2023-10-02T10:38:29","modified_gmt":"2023-10-02T08:38:29","slug":"butterflies-kaleidoscope-beige-wallpaper","status":"publish","type":"product","link":"https:\/\/baubauwall.com\/et\/toode\/butterflies-kaleidoscope-beige-wallpaper\/","title":{"rendered":"Liblikate kaleidoskoop &#8211; bee\u017e"},"content":{"rendered":"<p>Liblikad k\u00f5hus v\u00f5i seintel (tapeedil)? V\u00f5ib-olla m\u00f5lemat! Liblikad pole mitte ainult ilusad olendid, nad s\u00fcmboliseerivad ka positiivsust, edasiminekut ja lootust. Meie p\u00f5hjamaisel kaleidoskooplikul tapeedimustril lendavad putukad ja liblikad \u00f5ielt \u00f5iele. Liblikamustrid sobivad suurep\u00e4raselt elegantsete detailide lisamiseks Sinu s\u00f6\u00f6gitoale, magamistoale v\u00f5i h\u00e4sti l\u00e4bim\u00f5eldud interj\u00f6\u00f6riga elutoale. Ning muidugi meeldib lastele oma toa seintel liblikaid p\u00fc\u00fcda!<\/p>\n<p>Kaleidoskooplik tapeedimuster on olemas ka valge ja hallina.<\/p>\n<p>Baubauwallist tellides saad tapeedi t\u00e4pselt oma seina m\u00f5\u00f5dus, valmis l\u00f5igatud paanides. Tapeedipaanid on nummerdatud ja just nii k\u00f5rged, kui Sinu sein. Sa ei pea ise arvutama, kui palju tapeeti vaja on v\u00f5i kuidas muster kokku l\u00e4heb. Teeme selle t\u00f6\u00f6 Sinu eest. Sinu ainuke v\u00e4ljakutse on valida v\u00e4lja sobiv tapeet ning sein \u00e4ra m\u00f5\u00f5ta. Kuidas erinevaid seinu tapeetimiseks m\u00f5\u00f5ta, <a href=\"https:\/\/baubauwall.com\/et\/nipid\/tapeedi-koguse-planeerimine-seina-mootmine\/\" target=\"_blank\" rel=\"noopener\">loe l\u00e4hemalt blogiartiklis.\u00a0<\/a><\/p>\n","protected":false},"excerpt":{"rendered":"<p>Liblikad k\u00f5hus v\u00f5i seintel (tapeedil)? V\u00f5ib-olla m\u00f5lemat! Liblikad pole mitte ainult ilusad olendid, nad s\u00fcmboliseerivad ka positiivsust, edasiminekut ja lootust. Meie p\u00f5hjamaisel kaleidoskooplikul tapeedimustril lendavad putukad ja liblikad \u00f5ielt \u00f5iele. Liblikamustrid sobivad suurep\u00e4raselt elegantsete detailide lisamiseks Sinu s\u00f6\u00f6gitoale, magamistoale v\u00f5i h\u00e4sti l\u00e4bim\u00f5eldud interj\u00f6\u00f6riga elutoale. Ning muidugi meeldib lastele oma toa seintel liblikaid p\u00fc\u00fcda! Kaleidoskooplik tapeedimuster [&hellip;]<\/p>\n","protected":false},"featured_media":3997,"comment_status":"open","ping_status":"closed","template":"","meta":{"_acf_changed":false,"inline_featured_image":false},"product_brand":[],"product_cat":[386,408,396,265,273,413,414,415,416,399,401,402,412],"product_tag":[695,306],"class_list":{"0":"post-5649","1":"product","2":"type-product","3":"status-publish","4":"has-post-thumbnail","6":"product_cat-kordusmustriga-tapeedid","7":"product_cat-geomeetriline","8":"product_cat-skandinaavia","9":"product_cat-beezid-tapeedid","10":"product_cat-heledad-tapeedid","11":"product_cat-magamistoa-tapeedid","12":"product_cat-soogitoa-tapeedid","13":"product_cat-kulalistetoa-tapeedid","14":"product_cat-esiku-tapeedid","15":"product_cat-kodukontori-tapeedid","16":"product_cat-koogi-tapeedid","17":"product_cat-elutoa-tapeedid","18":"product_cat-vannitoa-tapeedid","19":"product_tag-eesti-disain-tapeedid","20":"product_tag-liblikas","21":"pa_designedby-baubauwall","23":"first","24":"instock","25":"taxable","26":"shipping-taxable","27":"purchasable","28":"product-type-simple"},"acf":[],"yoast_head":"<!-- This site is optimized with the Yoast SEO plugin v25.9 - https:\/\/yoast.com\/wordpress\/plugins\/seo\/ -->\n<title>Liblikatega tapeet. Kordusmustriga tapeet elutuppa v\u00f5i mujale.<\/title>\n<meta name=\"description\" content=\"Sinu seina m\u00f5\u00f5dus tapeedid. Kordusmuster, millelt tabad liblikad ja lilled. P\u00f5hjamaises stiilis tapeet magamistoa v\u00f5i elutoa seinale.\" \/>\n<meta name=\"robots\" content=\"index, follow, max-snippet:-1, max-image-preview:large, max-video-preview:-1\" \/>\n<link rel=\"canonical\" href=\"https:\/\/baubauwall.com\/et\/toode\/butterflies-kaleidoscope-beige-wallpaper\/\" \/>\n<meta property=\"og:locale\" content=\"et_EE\" \/>\n<meta property=\"og:type\" content=\"article\" \/>\n<meta property=\"og:title\" content=\"Liblikatega tapeet. Kordusmustriga tapeet elutuppa v\u00f5i mujale.\" \/>\n<meta property=\"og:description\" content=\"Sinu seina m\u00f5\u00f5dus tapeedid. Kordusmuster, millelt tabad liblikad ja lilled. P\u00f5hjamaises stiilis tapeet magamistoa v\u00f5i elutoa seinale.\" \/>\n<meta property=\"og:url\" content=\"https:\/\/baubauwall.com\/et\/toode\/butterflies-kaleidoscope-beige-wallpaper\/\" \/>\n<meta property=\"og:site_name\" content=\"BAUBAUWALL TAPEEDID\" \/>\n<meta property=\"article:publisher\" content=\"https:\/\/www.facebook.com\/Baubauwall\" \/>\n<meta property=\"article:modified_time\" content=\"2023-10-02T08:38:29+00:00\" \/>\n<meta property=\"og:image\" content=\"https:\/\/baubauwall.com\/wp-content\/uploads\/2022\/02\/51100111_Butterflies-KaleidoscopeBeige_Baubauwall_Wallpaper_room3.png\" \/>\n\t<meta property=\"og:image:width\" content=\"1200\" \/>\n\t<meta property=\"og:image:height\" content=\"800\" \/>\n\t<meta property=\"og:image:type\" content=\"image\/png\" \/>\n<meta name=\"twitter:card\" content=\"summary_large_image\" \/>\n<meta name=\"twitter:label1\" content=\"Est. reading time\" \/>\n\t<meta name=\"twitter:data1\" content=\"1 minut\" \/>\n<script type=\"application\/ld+json\" class=\"yoast-schema-graph\">{\"@context\":\"https:\/\/schema.org\",\"@graph\":[{\"@type\":\"WebPage\",\"@id\":\"https:\/\/baubauwall.com\/et\/toode\/butterflies-kaleidoscope-beige-wallpaper\/\",\"url\":\"https:\/\/baubauwall.com\/et\/toode\/butterflies-kaleidoscope-beige-wallpaper\/\",\"name\":\"Liblikatega tapeet. Kordusmustriga tapeet elutuppa v\u00f5i mujale.\",\"isPartOf\":{\"@id\":\"https:\/\/baubauwall.com\/et\/#website\"},\"primaryImageOfPage\":{\"@id\":\"https:\/\/baubauwall.com\/et\/toode\/butterflies-kaleidoscope-beige-wallpaper\/#primaryimage\"},\"image\":{\"@id\":\"https:\/\/baubauwall.com\/et\/toode\/butterflies-kaleidoscope-beige-wallpaper\/#primaryimage\"},\"thumbnailUrl\":\"https:\/\/baubauwall.com\/wp-content\/uploads\/2022\/02\/51100111_Butterflies-KaleidoscopeBeige_Baubauwall_Wallpaper_room3.png\",\"datePublished\":\"2022-02-22T08:20:35+00:00\",\"dateModified\":\"2023-10-02T08:38:29+00:00\",\"description\":\"Sinu seina m\u00f5\u00f5dus tapeedid. Kordusmuster, millelt tabad liblikad ja lilled. P\u00f5hjamaises stiilis tapeet magamistoa v\u00f5i elutoa seinale.\",\"breadcrumb\":{\"@id\":\"https:\/\/baubauwall.com\/et\/toode\/butterflies-kaleidoscope-beige-wallpaper\/#breadcrumb\"},\"inLanguage\":\"et\",\"potentialAction\":[{\"@type\":\"ReadAction\",\"target\":[\"https:\/\/baubauwall.com\/et\/toode\/butterflies-kaleidoscope-beige-wallpaper\/\"]}]},{\"@type\":\"ImageObject\",\"inLanguage\":\"et\",\"@id\":\"https:\/\/baubauwall.com\/et\/toode\/butterflies-kaleidoscope-beige-wallpaper\/#primaryimage\",\"url\":\"https:\/\/baubauwall.com\/wp-content\/uploads\/2022\/02\/51100111_Butterflies-KaleidoscopeBeige_Baubauwall_Wallpaper_room3.png\",\"contentUrl\":\"https:\/\/baubauwall.com\/wp-content\/uploads\/2022\/02\/51100111_Butterflies-KaleidoscopeBeige_Baubauwall_Wallpaper_room3.png\",\"width\":1200,\"height\":800},{\"@type\":\"BreadcrumbList\",\"@id\":\"https:\/\/baubauwall.com\/et\/toode\/butterflies-kaleidoscope-beige-wallpaper\/#breadcrumb\",\"itemListElement\":[{\"@type\":\"ListItem\",\"position\":1,\"name\":\"Koju\",\"item\":\"https:\/\/baubauwall.com\/et\/\"},{\"@type\":\"ListItem\",\"position\":2,\"name\":\"Tapeedid\",\"item\":\"https:\/\/baubauwall.com\/et\/tapeedid\/\"},{\"@type\":\"ListItem\",\"position\":3,\"name\":\"Liblikate kaleidoskoop &#8211; bee\u017e\"}]},{\"@type\":\"WebSite\",\"@id\":\"https:\/\/baubauwall.com\/et\/#website\",\"url\":\"https:\/\/baubauwall.com\/et\/\",\"name\":\"BAUBAUWALL Wallpapers\",\"description\":\"Valmis paanides tapeet Eestist!\",\"publisher\":{\"@id\":\"https:\/\/baubauwall.com\/et\/#organization\"},\"potentialAction\":[{\"@type\":\"SearchAction\",\"target\":{\"@type\":\"EntryPoint\",\"urlTemplate\":\"https:\/\/baubauwall.com\/et\/?s={search_term_string}\"},\"query-input\":{\"@type\":\"PropertyValueSpecification\",\"valueRequired\":true,\"valueName\":\"search_term_string\"}}],\"inLanguage\":\"et\"},{\"@type\":\"Organization\",\"@id\":\"https:\/\/baubauwall.com\/et\/#organization\",\"name\":\"BAUBAUWALL Wallpapers\",\"url\":\"https:\/\/baubauwall.com\/et\/\",\"logo\":{\"@type\":\"ImageObject\",\"inLanguage\":\"et\",\"@id\":\"https:\/\/baubauwall.com\/et\/#\/schema\/logo\/image\/\",\"url\":\"https:\/\/baubauwall.com\/wp-content\/uploads\/2022\/03\/logo-horizontal.svg\",\"contentUrl\":\"https:\/\/baubauwall.com\/wp-content\/uploads\/2022\/03\/logo-horizontal.svg\",\"width\":\"1024\",\"height\":\"1024\",\"caption\":\"BAUBAUWALL Wallpapers\"},\"image\":{\"@id\":\"https:\/\/baubauwall.com\/et\/#\/schema\/logo\/image\/\"},\"sameAs\":[\"https:\/\/www.facebook.com\/Baubauwall\",\"https:\/\/www.instagram.com\/baubauwall\"]}]}<\/script>\n<!-- \/ Yoast SEO plugin. -->","yoast_head_json":{"title":"Liblikatega tapeet. Kordusmustriga tapeet elutuppa v\u00f5i mujale.","description":"Sinu seina m\u00f5\u00f5dus tapeedid. Kordusmuster, millelt tabad liblikad ja lilled. P\u00f5hjamaises stiilis tapeet magamistoa v\u00f5i elutoa seinale.","robots":{"index":"index","follow":"follow","max-snippet":"max-snippet:-1","max-image-preview":"max-image-preview:large","max-video-preview":"max-video-preview:-1"},"canonical":"https:\/\/baubauwall.com\/et\/toode\/butterflies-kaleidoscope-beige-wallpaper\/","og_locale":"et_EE","og_type":"article","og_title":"Liblikatega tapeet. Kordusmustriga tapeet elutuppa v\u00f5i mujale.","og_description":"Sinu seina m\u00f5\u00f5dus tapeedid. Kordusmuster, millelt tabad liblikad ja lilled. P\u00f5hjamaises stiilis tapeet magamistoa v\u00f5i elutoa seinale.","og_url":"https:\/\/baubauwall.com\/et\/toode\/butterflies-kaleidoscope-beige-wallpaper\/","og_site_name":"BAUBAUWALL TAPEEDID","article_publisher":"https:\/\/www.facebook.com\/Baubauwall","article_modified_time":"2023-10-02T08:38:29+00:00","og_image":[{"width":1200,"height":800,"url":"https:\/\/baubauwall.com\/wp-content\/uploads\/2022\/02\/51100111_Butterflies-KaleidoscopeBeige_Baubauwall_Wallpaper_room3.png","type":"image\/png"}],"twitter_card":"summary_large_image","twitter_misc":{"Est. reading time":"1 minut"},"schema":{"@context":"https:\/\/schema.org","@graph":[{"@type":"WebPage","@id":"https:\/\/baubauwall.com\/et\/toode\/butterflies-kaleidoscope-beige-wallpaper\/","url":"https:\/\/baubauwall.com\/et\/toode\/butterflies-kaleidoscope-beige-wallpaper\/","name":"Liblikatega tapeet. Kordusmustriga tapeet elutuppa v\u00f5i mujale.","isPartOf":{"@id":"https:\/\/baubauwall.com\/et\/#website"},"primaryImageOfPage":{"@id":"https:\/\/baubauwall.com\/et\/toode\/butterflies-kaleidoscope-beige-wallpaper\/#primaryimage"},"image":{"@id":"https:\/\/baubauwall.com\/et\/toode\/butterflies-kaleidoscope-beige-wallpaper\/#primaryimage"},"thumbnailUrl":"https:\/\/baubauwall.com\/wp-content\/uploads\/2022\/02\/51100111_Butterflies-KaleidoscopeBeige_Baubauwall_Wallpaper_room3.png","datePublished":"2022-02-22T08:20:35+00:00","dateModified":"2023-10-02T08:38:29+00:00","description":"Sinu seina m\u00f5\u00f5dus tapeedid. Kordusmuster, millelt tabad liblikad ja lilled. P\u00f5hjamaises stiilis tapeet magamistoa v\u00f5i elutoa seinale.","breadcrumb":{"@id":"https:\/\/baubauwall.com\/et\/toode\/butterflies-kaleidoscope-beige-wallpaper\/#breadcrumb"},"inLanguage":"et","potentialAction":[{"@type":"ReadAction","target":["https:\/\/baubauwall.com\/et\/toode\/butterflies-kaleidoscope-beige-wallpaper\/"]}]},{"@type":"ImageObject","inLanguage":"et","@id":"https:\/\/baubauwall.com\/et\/toode\/butterflies-kaleidoscope-beige-wallpaper\/#primaryimage","url":"https:\/\/baubauwall.com\/wp-content\/uploads\/2022\/02\/51100111_Butterflies-KaleidoscopeBeige_Baubauwall_Wallpaper_room3.png","contentUrl":"https:\/\/baubauwall.com\/wp-content\/uploads\/2022\/02\/51100111_Butterflies-KaleidoscopeBeige_Baubauwall_Wallpaper_room3.png","width":1200,"height":800},{"@type":"BreadcrumbList","@id":"https:\/\/baubauwall.com\/et\/toode\/butterflies-kaleidoscope-beige-wallpaper\/#breadcrumb","itemListElement":[{"@type":"ListItem","position":1,"name":"Koju","item":"https:\/\/baubauwall.com\/et\/"},{"@type":"ListItem","position":2,"name":"Tapeedid","item":"https:\/\/baubauwall.com\/et\/tapeedid\/"},{"@type":"ListItem","position":3,"name":"Liblikate kaleidoskoop &#8211; bee\u017e"}]},{"@type":"WebSite","@id":"https:\/\/baubauwall.com\/et\/#website","url":"https:\/\/baubauwall.com\/et\/","name":"BAUBAUWALL Wallpapers","description":"Valmis paanides tapeet Eestist!","publisher":{"@id":"https:\/\/baubauwall.com\/et\/#organization"},"potentialAction":[{"@type":"SearchAction","target":{"@type":"EntryPoint","urlTemplate":"https:\/\/baubauwall.com\/et\/?s={search_term_string}"},"query-input":{"@type":"PropertyValueSpecification","valueRequired":true,"valueName":"search_term_string"}}],"inLanguage":"et"},{"@type":"Organization","@id":"https:\/\/baubauwall.com\/et\/#organization","name":"BAUBAUWALL Wallpapers","url":"https:\/\/baubauwall.com\/et\/","logo":{"@type":"ImageObject","inLanguage":"et","@id":"https:\/\/baubauwall.com\/et\/#\/schema\/logo\/image\/","url":"https:\/\/baubauwall.com\/wp-content\/uploads\/2022\/03\/logo-horizontal.svg","contentUrl":"https:\/\/baubauwall.com\/wp-content\/uploads\/2022\/03\/logo-horizontal.svg","width":"1024","height":"1024","caption":"BAUBAUWALL Wallpapers"},"image":{"@id":"https:\/\/baubauwall.com\/et\/#\/schema\/logo\/image\/"},"sameAs":["https:\/\/www.facebook.com\/Baubauwall","https:\/\/www.instagram.com\/baubauwall"]}]}},"jetpack_sharing_enabled":true,"_links":{"self":[{"href":"https:\/\/baubauwall.com\/et\/wp-json\/wp\/v2\/product\/5649","targetHints":{"allow":["GET"]}}],"collection":[{"href":"https:\/\/baubauwall.com\/et\/wp-json\/wp\/v2\/product"}],"about":[{"href":"https:\/\/baubauwall.com\/et\/wp-json\/wp\/v2\/types\/product"}],"replies":[{"embeddable":true,"href":"https:\/\/baubauwall.com\/et\/wp-json\/wp\/v2\/comments?post=5649"}],"wp:featuredmedia":[{"embeddable":true,"href":"https:\/\/baubauwall.com\/et\/wp-json\/wp\/v2\/media\/3997"}],"wp:attachment":[{"href":"https:\/\/baubauwall.com\/et\/wp-json\/wp\/v2\/media?parent=5649"}],"wp:term":[{"taxonomy":"product_brand","embeddable":true,"href":"https:\/\/baubauwall.com\/et\/wp-json\/wp\/v2\/product_brand?post=5649"},{"taxonomy":"product_cat","embeddable":true,"href":"https:\/\/baubauwall.com\/et\/wp-json\/wp\/v2\/product_cat?post=5649"},{"taxonomy":"product_tag","embeddable":true,"href":"https:\/\/baubauwall.com\/et\/wp-json\/wp\/v2\/product_tag?post=5649"}],"curies":[{"name":"wp","href":"https:\/\/api.w.org\/{rel}","templated":true}]}}