{"id":5663,"date":"2022-02-22T08:20:38","date_gmt":"2022-02-22T06:20:38","guid":{"rendered":"https:\/\/baubauwall.com\/product\/geometric-city-jungle-wallpaper-pink-white\/"},"modified":"2022-03-22T12:19:48","modified_gmt":"2022-03-22T12:19:48","slug":"geometric-city-jungle-wallpaper-pink-white","status":"publish","type":"product","link":"https:\/\/baubauwall.com\/et\/toode\/geometric-city-jungle-wallpaper-pink-white\/","title":{"rendered":"Geomeetriline linnad\u017eungel &#8211; roosa &#038; valge"},"content":{"rendered":"<p>Kas see v\u00f5iks olla salajane linnakaart, mis juhatab teed linna parimatele aadressidele?\u00a0 Tapeedidisain, kus ranged jooned, kolmnurgad, ringid ja ristk\u00fclikud segunevad kaunilt linnakaardile sarnase geomeetrilise puslemustriga. Kasuta seda elegantset tapeeti oma magamistoa, elutoa, s\u00f6\u00f6gitoa v\u00f5i kontoriruumi seintel. Ole loominguline ja eksperimenteeri julgelt, roosa ja valgega geomeetrilist tapeedikujundust saab siduda paljude interj\u00f6\u00f6ristiilidega!<\/p>\n<p>Linnad\u017eungli tapeet on meil olemas ka sinise, valge, rohelise ja hallina.<\/p>\n","protected":false},"excerpt":{"rendered":"<p>Kas see v\u00f5iks olla salajane linnakaart, mis juhatab teed linna parimatele aadressidele?\u00a0 Tapeedidisain, kus ranged jooned, kolmnurgad, ringid ja ristk\u00fclikud segunevad kaunilt linnakaardile sarnase geomeetrilise puslemustriga. Kasuta seda elegantset tapeeti oma magamistoa, elutoa, s\u00f6\u00f6gitoa v\u00f5i kontoriruumi seintel. Ole loominguline ja eksperimenteeri julgelt, roosa ja valgega geomeetrilist tapeedikujundust saab siduda paljude interj\u00f6\u00f6ristiilidega! Linnad\u017eungli tapeet on meil [&hellip;]<\/p>\n","protected":false},"featured_media":3129,"comment_status":"open","ping_status":"closed","template":"","meta":{"_acf_changed":false,"inline_featured_image":false},"product_brand":[],"product_cat":[386,404,408,278,410,413,400,414,415,416,399,402,699],"product_tag":[],"class_list":{"0":"post-5663","1":"product","2":"type-product","3":"status-publish","4":"has-post-thumbnail","6":"product_cat-kordusmustriga-tapeedid","7":"product_cat-abstraktne","8":"product_cat-geomeetriline","9":"product_cat-roosad-tapeedid","10":"product_cat-valge-tapeedid","11":"product_cat-magamistoa-tapeedid","12":"product_cat-lastetoa-tapeedid","13":"product_cat-soogitoa-tapeedid","14":"product_cat-kulalistetoa-tapeedid","15":"product_cat-esiku-tapeedid","16":"product_cat-kodukontori-tapeedid","17":"product_cat-elutoa-tapeedid","18":"product_cat-eesti-disain-tapeedid","19":"pa_designedby-baubauwall","21":"first","22":"instock","23":"taxable","24":"shipping-taxable","25":"purchasable","26":"product-type-simple"},"acf":[],"yoast_head":"<!-- This site is optimized with the Yoast SEO plugin v25.9 - https:\/\/yoast.com\/wordpress\/plugins\/seo\/ -->\n<title>Geometric pink pattern wallpaper design<\/title>\n<meta name=\"description\" content=\"Geometric wallpaper pattern with stripes, circles, set in pink colors. Bespoke original designs, wallpapers made to fit your walls.\" \/>\n<meta name=\"robots\" content=\"index, follow, max-snippet:-1, max-image-preview:large, max-video-preview:-1\" \/>\n<link rel=\"canonical\" href=\"https:\/\/baubauwall.com\/et\/toode\/geometric-city-jungle-wallpaper-pink-white\/\" \/>\n<meta property=\"og:locale\" content=\"et_EE\" \/>\n<meta property=\"og:type\" content=\"article\" \/>\n<meta property=\"og:title\" content=\"Geometric pink pattern wallpaper design\" \/>\n<meta property=\"og:description\" content=\"Geometric wallpaper pattern with stripes, circles, set in pink colors. Bespoke original designs, wallpapers made to fit your walls.\" \/>\n<meta property=\"og:url\" content=\"https:\/\/baubauwall.com\/et\/toode\/geometric-city-jungle-wallpaper-pink-white\/\" \/>\n<meta property=\"og:site_name\" content=\"BAUBAUWALL TAPEEDID\" \/>\n<meta property=\"article:publisher\" content=\"https:\/\/www.facebook.com\/Baubauwall\" \/>\n<meta property=\"article:modified_time\" content=\"2022-03-22T12:19:48+00:00\" \/>\n<meta property=\"og:image\" content=\"https:\/\/baubauwall.com\/wp-content\/uploads\/2022\/02\/51100120_GeometricCityJungle-PinkWhite_Baubauwall_Wallpaper_room4.png\" \/>\n\t<meta property=\"og:image:width\" content=\"1000\" \/>\n\t<meta property=\"og:image:height\" content=\"800\" \/>\n\t<meta property=\"og:image:type\" content=\"image\/png\" \/>\n<meta name=\"twitter:card\" content=\"summary_large_image\" \/>\n<meta name=\"twitter:label1\" content=\"Est. reading time\" \/>\n\t<meta name=\"twitter:data1\" content=\"1 minut\" \/>\n<script type=\"application\/ld+json\" class=\"yoast-schema-graph\">{\"@context\":\"https:\/\/schema.org\",\"@graph\":[{\"@type\":\"WebPage\",\"@id\":\"https:\/\/baubauwall.com\/et\/toode\/geometric-city-jungle-wallpaper-pink-white\/\",\"url\":\"https:\/\/baubauwall.com\/et\/toode\/geometric-city-jungle-wallpaper-pink-white\/\",\"name\":\"Geometric pink pattern wallpaper design\",\"isPartOf\":{\"@id\":\"https:\/\/baubauwall.com\/et\/#website\"},\"primaryImageOfPage\":{\"@id\":\"https:\/\/baubauwall.com\/et\/toode\/geometric-city-jungle-wallpaper-pink-white\/#primaryimage\"},\"image\":{\"@id\":\"https:\/\/baubauwall.com\/et\/toode\/geometric-city-jungle-wallpaper-pink-white\/#primaryimage\"},\"thumbnailUrl\":\"https:\/\/baubauwall.com\/wp-content\/uploads\/2022\/02\/51100120_GeometricCityJungle-PinkWhite_Baubauwall_Wallpaper_room4.png\",\"datePublished\":\"2022-02-22T06:20:38+00:00\",\"dateModified\":\"2022-03-22T12:19:48+00:00\",\"description\":\"Geometric wallpaper pattern with stripes, circles, set in pink colors. Bespoke original designs, wallpapers made to fit your walls.\",\"breadcrumb\":{\"@id\":\"https:\/\/baubauwall.com\/et\/toode\/geometric-city-jungle-wallpaper-pink-white\/#breadcrumb\"},\"inLanguage\":\"et\",\"potentialAction\":[{\"@type\":\"ReadAction\",\"target\":[\"https:\/\/baubauwall.com\/et\/toode\/geometric-city-jungle-wallpaper-pink-white\/\"]}]},{\"@type\":\"ImageObject\",\"inLanguage\":\"et\",\"@id\":\"https:\/\/baubauwall.com\/et\/toode\/geometric-city-jungle-wallpaper-pink-white\/#primaryimage\",\"url\":\"https:\/\/baubauwall.com\/wp-content\/uploads\/2022\/02\/51100120_GeometricCityJungle-PinkWhite_Baubauwall_Wallpaper_room4.png\",\"contentUrl\":\"https:\/\/baubauwall.com\/wp-content\/uploads\/2022\/02\/51100120_GeometricCityJungle-PinkWhite_Baubauwall_Wallpaper_room4.png\",\"width\":1000,\"height\":800},{\"@type\":\"BreadcrumbList\",\"@id\":\"https:\/\/baubauwall.com\/et\/toode\/geometric-city-jungle-wallpaper-pink-white\/#breadcrumb\",\"itemListElement\":[{\"@type\":\"ListItem\",\"position\":1,\"name\":\"Koju\",\"item\":\"https:\/\/baubauwall.com\/et\/\"},{\"@type\":\"ListItem\",\"position\":2,\"name\":\"Tapeedid\",\"item\":\"https:\/\/baubauwall.com\/et\/tapeedid\/\"},{\"@type\":\"ListItem\",\"position\":3,\"name\":\"Geomeetriline linnad\u017eungel &#8211; roosa &#038; valge\"}]},{\"@type\":\"WebSite\",\"@id\":\"https:\/\/baubauwall.com\/et\/#website\",\"url\":\"https:\/\/baubauwall.com\/et\/\",\"name\":\"BAUBAUWALL Wallpapers\",\"description\":\"Valmis paanides tapeet Eestist!\",\"publisher\":{\"@id\":\"https:\/\/baubauwall.com\/et\/#organization\"},\"potentialAction\":[{\"@type\":\"SearchAction\",\"target\":{\"@type\":\"EntryPoint\",\"urlTemplate\":\"https:\/\/baubauwall.com\/et\/?s={search_term_string}\"},\"query-input\":{\"@type\":\"PropertyValueSpecification\",\"valueRequired\":true,\"valueName\":\"search_term_string\"}}],\"inLanguage\":\"et\"},{\"@type\":\"Organization\",\"@id\":\"https:\/\/baubauwall.com\/et\/#organization\",\"name\":\"BAUBAUWALL Wallpapers\",\"url\":\"https:\/\/baubauwall.com\/et\/\",\"logo\":{\"@type\":\"ImageObject\",\"inLanguage\":\"et\",\"@id\":\"https:\/\/baubauwall.com\/et\/#\/schema\/logo\/image\/\",\"url\":\"https:\/\/baubauwall.com\/wp-content\/uploads\/2022\/03\/logo-horizontal.svg\",\"contentUrl\":\"https:\/\/baubauwall.com\/wp-content\/uploads\/2022\/03\/logo-horizontal.svg\",\"width\":\"1024\",\"height\":\"1024\",\"caption\":\"BAUBAUWALL Wallpapers\"},\"image\":{\"@id\":\"https:\/\/baubauwall.com\/et\/#\/schema\/logo\/image\/\"},\"sameAs\":[\"https:\/\/www.facebook.com\/Baubauwall\",\"https:\/\/www.instagram.com\/baubauwall\"]}]}<\/script>\n<!-- \/ Yoast SEO plugin. -->","yoast_head_json":{"title":"Geometric pink pattern wallpaper design","description":"Geometric wallpaper pattern with stripes, circles, set in pink colors. Bespoke original designs, wallpapers made to fit your walls.","robots":{"index":"index","follow":"follow","max-snippet":"max-snippet:-1","max-image-preview":"max-image-preview:large","max-video-preview":"max-video-preview:-1"},"canonical":"https:\/\/baubauwall.com\/et\/toode\/geometric-city-jungle-wallpaper-pink-white\/","og_locale":"et_EE","og_type":"article","og_title":"Geometric pink pattern wallpaper design","og_description":"Geometric wallpaper pattern with stripes, circles, set in pink colors. Bespoke original designs, wallpapers made to fit your walls.","og_url":"https:\/\/baubauwall.com\/et\/toode\/geometric-city-jungle-wallpaper-pink-white\/","og_site_name":"BAUBAUWALL TAPEEDID","article_publisher":"https:\/\/www.facebook.com\/Baubauwall","article_modified_time":"2022-03-22T12:19:48+00:00","og_image":[{"width":1000,"height":800,"url":"https:\/\/baubauwall.com\/wp-content\/uploads\/2022\/02\/51100120_GeometricCityJungle-PinkWhite_Baubauwall_Wallpaper_room4.png","type":"image\/png"}],"twitter_card":"summary_large_image","twitter_misc":{"Est. reading time":"1 minut"},"schema":{"@context":"https:\/\/schema.org","@graph":[{"@type":"WebPage","@id":"https:\/\/baubauwall.com\/et\/toode\/geometric-city-jungle-wallpaper-pink-white\/","url":"https:\/\/baubauwall.com\/et\/toode\/geometric-city-jungle-wallpaper-pink-white\/","name":"Geometric pink pattern wallpaper design","isPartOf":{"@id":"https:\/\/baubauwall.com\/et\/#website"},"primaryImageOfPage":{"@id":"https:\/\/baubauwall.com\/et\/toode\/geometric-city-jungle-wallpaper-pink-white\/#primaryimage"},"image":{"@id":"https:\/\/baubauwall.com\/et\/toode\/geometric-city-jungle-wallpaper-pink-white\/#primaryimage"},"thumbnailUrl":"https:\/\/baubauwall.com\/wp-content\/uploads\/2022\/02\/51100120_GeometricCityJungle-PinkWhite_Baubauwall_Wallpaper_room4.png","datePublished":"2022-02-22T06:20:38+00:00","dateModified":"2022-03-22T12:19:48+00:00","description":"Geometric wallpaper pattern with stripes, circles, set in pink colors. Bespoke original designs, wallpapers made to fit your walls.","breadcrumb":{"@id":"https:\/\/baubauwall.com\/et\/toode\/geometric-city-jungle-wallpaper-pink-white\/#breadcrumb"},"inLanguage":"et","potentialAction":[{"@type":"ReadAction","target":["https:\/\/baubauwall.com\/et\/toode\/geometric-city-jungle-wallpaper-pink-white\/"]}]},{"@type":"ImageObject","inLanguage":"et","@id":"https:\/\/baubauwall.com\/et\/toode\/geometric-city-jungle-wallpaper-pink-white\/#primaryimage","url":"https:\/\/baubauwall.com\/wp-content\/uploads\/2022\/02\/51100120_GeometricCityJungle-PinkWhite_Baubauwall_Wallpaper_room4.png","contentUrl":"https:\/\/baubauwall.com\/wp-content\/uploads\/2022\/02\/51100120_GeometricCityJungle-PinkWhite_Baubauwall_Wallpaper_room4.png","width":1000,"height":800},{"@type":"BreadcrumbList","@id":"https:\/\/baubauwall.com\/et\/toode\/geometric-city-jungle-wallpaper-pink-white\/#breadcrumb","itemListElement":[{"@type":"ListItem","position":1,"name":"Koju","item":"https:\/\/baubauwall.com\/et\/"},{"@type":"ListItem","position":2,"name":"Tapeedid","item":"https:\/\/baubauwall.com\/et\/tapeedid\/"},{"@type":"ListItem","position":3,"name":"Geomeetriline linnad\u017eungel &#8211; roosa &#038; valge"}]},{"@type":"WebSite","@id":"https:\/\/baubauwall.com\/et\/#website","url":"https:\/\/baubauwall.com\/et\/","name":"BAUBAUWALL Wallpapers","description":"Valmis paanides tapeet Eestist!","publisher":{"@id":"https:\/\/baubauwall.com\/et\/#organization"},"potentialAction":[{"@type":"SearchAction","target":{"@type":"EntryPoint","urlTemplate":"https:\/\/baubauwall.com\/et\/?s={search_term_string}"},"query-input":{"@type":"PropertyValueSpecification","valueRequired":true,"valueName":"search_term_string"}}],"inLanguage":"et"},{"@type":"Organization","@id":"https:\/\/baubauwall.com\/et\/#organization","name":"BAUBAUWALL Wallpapers","url":"https:\/\/baubauwall.com\/et\/","logo":{"@type":"ImageObject","inLanguage":"et","@id":"https:\/\/baubauwall.com\/et\/#\/schema\/logo\/image\/","url":"https:\/\/baubauwall.com\/wp-content\/uploads\/2022\/03\/logo-horizontal.svg","contentUrl":"https:\/\/baubauwall.com\/wp-content\/uploads\/2022\/03\/logo-horizontal.svg","width":"1024","height":"1024","caption":"BAUBAUWALL Wallpapers"},"image":{"@id":"https:\/\/baubauwall.com\/et\/#\/schema\/logo\/image\/"},"sameAs":["https:\/\/www.facebook.com\/Baubauwall","https:\/\/www.instagram.com\/baubauwall"]}]}},"jetpack_sharing_enabled":true,"_links":{"self":[{"href":"https:\/\/baubauwall.com\/et\/wp-json\/wp\/v2\/product\/5663","targetHints":{"allow":["GET"]}}],"collection":[{"href":"https:\/\/baubauwall.com\/et\/wp-json\/wp\/v2\/product"}],"about":[{"href":"https:\/\/baubauwall.com\/et\/wp-json\/wp\/v2\/types\/product"}],"replies":[{"embeddable":true,"href":"https:\/\/baubauwall.com\/et\/wp-json\/wp\/v2\/comments?post=5663"}],"wp:featuredmedia":[{"embeddable":true,"href":"https:\/\/baubauwall.com\/et\/wp-json\/wp\/v2\/media\/3129"}],"wp:attachment":[{"href":"https:\/\/baubauwall.com\/et\/wp-json\/wp\/v2\/media?parent=5663"}],"wp:term":[{"taxonomy":"product_brand","embeddable":true,"href":"https:\/\/baubauwall.com\/et\/wp-json\/wp\/v2\/product_brand?post=5663"},{"taxonomy":"product_cat","embeddable":true,"href":"https:\/\/baubauwall.com\/et\/wp-json\/wp\/v2\/product_cat?post=5663"},{"taxonomy":"product_tag","embeddable":true,"href":"https:\/\/baubauwall.com\/et\/wp-json\/wp\/v2\/product_tag?post=5663"}],"curies":[{"name":"wp","href":"https:\/\/api.w.org\/{rel}","templated":true}]}}