{"id":5673,"date":"2022-02-22T08:20:36","date_gmt":"2022-02-22T06:20:36","guid":{"rendered":"https:\/\/baubauwall.com\/product\/cubit-geometrica-wallpaper-turquoise\/"},"modified":"2024-08-06T12:36:41","modified_gmt":"2024-08-06T10:36:41","slug":"cubit-geometrica-wallpaper-turquoise","status":"publish","type":"product","link":"https:\/\/baubauwall.com\/et\/toode\/cubit-geometrica-wallpaper-turquoise\/","title":{"rendered":"Cubit Geometrica &#8211; t\u00fcrkiis"},"content":{"rendered":"<p>Kas oled stiilsete geomeetriliste tapeedikujunduste f\u00e4nn? See kaasaegne t\u00fcrkiissinise ja roosa varjundiga geomeetriline tapeedimuster \u00fchendab ilma igasuguse pingutuseta ranged jooned ja ringid, m\u00f5jumata samas liiga j\u00f5uliselt. Originaalne muster v\u00f5imaldab sul seda loovalt siduda erinevate sisekujundusstiilidega, olenemata sellest, kas otsid tapeeti lastetuppa v\u00f5i lahendust elutoa seintele.<\/p>\n","protected":false},"excerpt":{"rendered":"<p>Kas oled stiilsete geomeetriliste tapeedikujunduste f\u00e4nn? See kaasaegne t\u00fcrkiissinise ja roosa varjundiga geomeetriline tapeedimuster \u00fchendab ilma igasuguse pingutuseta ranged jooned ja ringid, m\u00f5jumata samas liiga j\u00f5uliselt. Originaalne muster v\u00f5imaldab sul seda loovalt siduda erinevate sisekujundusstiilidega, olenemata sellest, kas otsid tapeeti lastetuppa v\u00f5i lahendust elutoa seintele.<\/p>\n","protected":false},"featured_media":3641,"comment_status":"open","ping_status":"closed","template":"","meta":{"_acf_changed":false,"inline_featured_image":false},"product_brand":[],"product_cat":[386,408,267,271,273,276,409,410,413,400,414,415,416,399,401,402,412],"product_tag":[],"class_list":{"0":"post-5673","1":"product","2":"type-product","3":"status-publish","4":"has-post-thumbnail","6":"product_cat-kordusmustriga-tapeedid","7":"product_cat-geomeetriline","8":"product_cat-sinised-tapeedid","9":"product_cat-rohelised-tapeedid","10":"product_cat-heledad-tapeedid","11":"product_cat-pastelsed-tapeedid","12":"product_cat-turkiis-tapeedid","13":"product_cat-valge-tapeedid","14":"product_cat-magamistoa-tapeedid","15":"product_cat-lastetoa-tapeedid","16":"product_cat-soogitoa-tapeedid","17":"product_cat-kulalistetoa-tapeedid","18":"product_cat-esiku-tapeedid","19":"product_cat-kodukontori-tapeedid","20":"product_cat-koogi-tapeedid","21":"product_cat-elutoa-tapeedid","22":"product_cat-vannitoa-tapeedid","23":"pa_designedby-baubauwall","25":"first","26":"instock","27":"taxable","28":"shipping-taxable","29":"purchasable","30":"product-type-simple"},"acf":[],"yoast_head":"<!-- This site is optimized with the Yoast SEO plugin v25.9 - https:\/\/yoast.com\/wordpress\/plugins\/seo\/ -->\n<title>Cubit Geometrica Custom Printed Wallpaper in Turquoise<\/title>\n<meta name=\"description\" content=\"Geometric wallpaper pattern with stripes, circles, set in pink , turquoise hue. Bespoke original designs, wallpapers made to fit your walls.\" \/>\n<meta name=\"robots\" content=\"index, follow, max-snippet:-1, max-image-preview:large, max-video-preview:-1\" \/>\n<link rel=\"canonical\" href=\"https:\/\/baubauwall.com\/et\/toode\/cubit-geometrica-wallpaper-turquoise\/\" \/>\n<meta property=\"og:locale\" content=\"et_EE\" \/>\n<meta property=\"og:type\" content=\"article\" \/>\n<meta property=\"og:title\" content=\"Cubit Geometrica Custom Printed Wallpaper in Turquoise\" \/>\n<meta property=\"og:description\" content=\"Geometric wallpaper pattern with stripes, circles, set in pink , turquoise hue. Bespoke original designs, wallpapers made to fit your walls.\" \/>\n<meta property=\"og:url\" content=\"https:\/\/baubauwall.com\/et\/toode\/cubit-geometrica-wallpaper-turquoise\/\" \/>\n<meta property=\"og:site_name\" content=\"BAUBAUWALL TAPEEDID\" \/>\n<meta property=\"article:publisher\" content=\"https:\/\/www.facebook.com\/Baubauwall\" \/>\n<meta property=\"article:modified_time\" content=\"2024-08-06T10:36:41+00:00\" \/>\n<meta property=\"og:image\" content=\"https:\/\/baubauwall.com\/wp-content\/uploads\/2022\/02\/51100115_CubitGeometrica-White_Baubauwall_Wallpaper_room6.png\" \/>\n\t<meta property=\"og:image:width\" content=\"1200\" \/>\n\t<meta property=\"og:image:height\" content=\"800\" \/>\n\t<meta property=\"og:image:type\" content=\"image\/png\" \/>\n<meta name=\"twitter:card\" content=\"summary_large_image\" \/>\n<meta name=\"twitter:label1\" content=\"Est. reading time\" \/>\n\t<meta name=\"twitter:data1\" content=\"1 minut\" \/>\n<script type=\"application\/ld+json\" class=\"yoast-schema-graph\">{\"@context\":\"https:\/\/schema.org\",\"@graph\":[{\"@type\":\"WebPage\",\"@id\":\"https:\/\/baubauwall.com\/et\/toode\/cubit-geometrica-wallpaper-turquoise\/\",\"url\":\"https:\/\/baubauwall.com\/et\/toode\/cubit-geometrica-wallpaper-turquoise\/\",\"name\":\"Cubit Geometrica Custom Printed Wallpaper in Turquoise\",\"isPartOf\":{\"@id\":\"https:\/\/baubauwall.com\/et\/#website\"},\"primaryImageOfPage\":{\"@id\":\"https:\/\/baubauwall.com\/et\/toode\/cubit-geometrica-wallpaper-turquoise\/#primaryimage\"},\"image\":{\"@id\":\"https:\/\/baubauwall.com\/et\/toode\/cubit-geometrica-wallpaper-turquoise\/#primaryimage\"},\"thumbnailUrl\":\"https:\/\/baubauwall.com\/wp-content\/uploads\/2022\/02\/51100115_CubitGeometrica-White_Baubauwall_Wallpaper_room6.png\",\"datePublished\":\"2022-02-22T06:20:36+00:00\",\"dateModified\":\"2024-08-06T10:36:41+00:00\",\"description\":\"Geometric wallpaper pattern with stripes, circles, set in pink , turquoise hue. Bespoke original designs, wallpapers made to fit your walls.\",\"breadcrumb\":{\"@id\":\"https:\/\/baubauwall.com\/et\/toode\/cubit-geometrica-wallpaper-turquoise\/#breadcrumb\"},\"inLanguage\":\"et\",\"potentialAction\":[{\"@type\":\"ReadAction\",\"target\":[\"https:\/\/baubauwall.com\/et\/toode\/cubit-geometrica-wallpaper-turquoise\/\"]}]},{\"@type\":\"ImageObject\",\"inLanguage\":\"et\",\"@id\":\"https:\/\/baubauwall.com\/et\/toode\/cubit-geometrica-wallpaper-turquoise\/#primaryimage\",\"url\":\"https:\/\/baubauwall.com\/wp-content\/uploads\/2022\/02\/51100115_CubitGeometrica-White_Baubauwall_Wallpaper_room6.png\",\"contentUrl\":\"https:\/\/baubauwall.com\/wp-content\/uploads\/2022\/02\/51100115_CubitGeometrica-White_Baubauwall_Wallpaper_room6.png\",\"width\":1200,\"height\":800},{\"@type\":\"BreadcrumbList\",\"@id\":\"https:\/\/baubauwall.com\/et\/toode\/cubit-geometrica-wallpaper-turquoise\/#breadcrumb\",\"itemListElement\":[{\"@type\":\"ListItem\",\"position\":1,\"name\":\"Koju\",\"item\":\"https:\/\/baubauwall.com\/et\/\"},{\"@type\":\"ListItem\",\"position\":2,\"name\":\"Tapeedid\",\"item\":\"https:\/\/baubauwall.com\/et\/tapeedid\/\"},{\"@type\":\"ListItem\",\"position\":3,\"name\":\"Cubit Geometrica &#8211; t\u00fcrkiis\"}]},{\"@type\":\"WebSite\",\"@id\":\"https:\/\/baubauwall.com\/et\/#website\",\"url\":\"https:\/\/baubauwall.com\/et\/\",\"name\":\"BAUBAUWALL Wallpapers\",\"description\":\"Valmis paanides tapeet Eestist!\",\"publisher\":{\"@id\":\"https:\/\/baubauwall.com\/et\/#organization\"},\"potentialAction\":[{\"@type\":\"SearchAction\",\"target\":{\"@type\":\"EntryPoint\",\"urlTemplate\":\"https:\/\/baubauwall.com\/et\/?s={search_term_string}\"},\"query-input\":{\"@type\":\"PropertyValueSpecification\",\"valueRequired\":true,\"valueName\":\"search_term_string\"}}],\"inLanguage\":\"et\"},{\"@type\":\"Organization\",\"@id\":\"https:\/\/baubauwall.com\/et\/#organization\",\"name\":\"BAUBAUWALL Wallpapers\",\"url\":\"https:\/\/baubauwall.com\/et\/\",\"logo\":{\"@type\":\"ImageObject\",\"inLanguage\":\"et\",\"@id\":\"https:\/\/baubauwall.com\/et\/#\/schema\/logo\/image\/\",\"url\":\"https:\/\/baubauwall.com\/wp-content\/uploads\/2022\/03\/logo-horizontal.svg\",\"contentUrl\":\"https:\/\/baubauwall.com\/wp-content\/uploads\/2022\/03\/logo-horizontal.svg\",\"width\":\"1024\",\"height\":\"1024\",\"caption\":\"BAUBAUWALL Wallpapers\"},\"image\":{\"@id\":\"https:\/\/baubauwall.com\/et\/#\/schema\/logo\/image\/\"},\"sameAs\":[\"https:\/\/www.facebook.com\/Baubauwall\",\"https:\/\/www.instagram.com\/baubauwall\"]}]}<\/script>\n<!-- \/ Yoast SEO plugin. -->","yoast_head_json":{"title":"Cubit Geometrica Custom Printed Wallpaper in Turquoise","description":"Geometric wallpaper pattern with stripes, circles, set in pink , turquoise hue. Bespoke original designs, wallpapers made to fit your walls.","robots":{"index":"index","follow":"follow","max-snippet":"max-snippet:-1","max-image-preview":"max-image-preview:large","max-video-preview":"max-video-preview:-1"},"canonical":"https:\/\/baubauwall.com\/et\/toode\/cubit-geometrica-wallpaper-turquoise\/","og_locale":"et_EE","og_type":"article","og_title":"Cubit Geometrica Custom Printed Wallpaper in Turquoise","og_description":"Geometric wallpaper pattern with stripes, circles, set in pink , turquoise hue. Bespoke original designs, wallpapers made to fit your walls.","og_url":"https:\/\/baubauwall.com\/et\/toode\/cubit-geometrica-wallpaper-turquoise\/","og_site_name":"BAUBAUWALL TAPEEDID","article_publisher":"https:\/\/www.facebook.com\/Baubauwall","article_modified_time":"2024-08-06T10:36:41+00:00","og_image":[{"width":1200,"height":800,"url":"https:\/\/baubauwall.com\/wp-content\/uploads\/2022\/02\/51100115_CubitGeometrica-White_Baubauwall_Wallpaper_room6.png","type":"image\/png"}],"twitter_card":"summary_large_image","twitter_misc":{"Est. reading time":"1 minut"},"schema":{"@context":"https:\/\/schema.org","@graph":[{"@type":"WebPage","@id":"https:\/\/baubauwall.com\/et\/toode\/cubit-geometrica-wallpaper-turquoise\/","url":"https:\/\/baubauwall.com\/et\/toode\/cubit-geometrica-wallpaper-turquoise\/","name":"Cubit Geometrica Custom Printed Wallpaper in Turquoise","isPartOf":{"@id":"https:\/\/baubauwall.com\/et\/#website"},"primaryImageOfPage":{"@id":"https:\/\/baubauwall.com\/et\/toode\/cubit-geometrica-wallpaper-turquoise\/#primaryimage"},"image":{"@id":"https:\/\/baubauwall.com\/et\/toode\/cubit-geometrica-wallpaper-turquoise\/#primaryimage"},"thumbnailUrl":"https:\/\/baubauwall.com\/wp-content\/uploads\/2022\/02\/51100115_CubitGeometrica-White_Baubauwall_Wallpaper_room6.png","datePublished":"2022-02-22T06:20:36+00:00","dateModified":"2024-08-06T10:36:41+00:00","description":"Geometric wallpaper pattern with stripes, circles, set in pink , turquoise hue. Bespoke original designs, wallpapers made to fit your walls.","breadcrumb":{"@id":"https:\/\/baubauwall.com\/et\/toode\/cubit-geometrica-wallpaper-turquoise\/#breadcrumb"},"inLanguage":"et","potentialAction":[{"@type":"ReadAction","target":["https:\/\/baubauwall.com\/et\/toode\/cubit-geometrica-wallpaper-turquoise\/"]}]},{"@type":"ImageObject","inLanguage":"et","@id":"https:\/\/baubauwall.com\/et\/toode\/cubit-geometrica-wallpaper-turquoise\/#primaryimage","url":"https:\/\/baubauwall.com\/wp-content\/uploads\/2022\/02\/51100115_CubitGeometrica-White_Baubauwall_Wallpaper_room6.png","contentUrl":"https:\/\/baubauwall.com\/wp-content\/uploads\/2022\/02\/51100115_CubitGeometrica-White_Baubauwall_Wallpaper_room6.png","width":1200,"height":800},{"@type":"BreadcrumbList","@id":"https:\/\/baubauwall.com\/et\/toode\/cubit-geometrica-wallpaper-turquoise\/#breadcrumb","itemListElement":[{"@type":"ListItem","position":1,"name":"Koju","item":"https:\/\/baubauwall.com\/et\/"},{"@type":"ListItem","position":2,"name":"Tapeedid","item":"https:\/\/baubauwall.com\/et\/tapeedid\/"},{"@type":"ListItem","position":3,"name":"Cubit Geometrica &#8211; t\u00fcrkiis"}]},{"@type":"WebSite","@id":"https:\/\/baubauwall.com\/et\/#website","url":"https:\/\/baubauwall.com\/et\/","name":"BAUBAUWALL Wallpapers","description":"Valmis paanides tapeet Eestist!","publisher":{"@id":"https:\/\/baubauwall.com\/et\/#organization"},"potentialAction":[{"@type":"SearchAction","target":{"@type":"EntryPoint","urlTemplate":"https:\/\/baubauwall.com\/et\/?s={search_term_string}"},"query-input":{"@type":"PropertyValueSpecification","valueRequired":true,"valueName":"search_term_string"}}],"inLanguage":"et"},{"@type":"Organization","@id":"https:\/\/baubauwall.com\/et\/#organization","name":"BAUBAUWALL Wallpapers","url":"https:\/\/baubauwall.com\/et\/","logo":{"@type":"ImageObject","inLanguage":"et","@id":"https:\/\/baubauwall.com\/et\/#\/schema\/logo\/image\/","url":"https:\/\/baubauwall.com\/wp-content\/uploads\/2022\/03\/logo-horizontal.svg","contentUrl":"https:\/\/baubauwall.com\/wp-content\/uploads\/2022\/03\/logo-horizontal.svg","width":"1024","height":"1024","caption":"BAUBAUWALL Wallpapers"},"image":{"@id":"https:\/\/baubauwall.com\/et\/#\/schema\/logo\/image\/"},"sameAs":["https:\/\/www.facebook.com\/Baubauwall","https:\/\/www.instagram.com\/baubauwall"]}]}},"jetpack_sharing_enabled":true,"_links":{"self":[{"href":"https:\/\/baubauwall.com\/et\/wp-json\/wp\/v2\/product\/5673","targetHints":{"allow":["GET"]}}],"collection":[{"href":"https:\/\/baubauwall.com\/et\/wp-json\/wp\/v2\/product"}],"about":[{"href":"https:\/\/baubauwall.com\/et\/wp-json\/wp\/v2\/types\/product"}],"replies":[{"embeddable":true,"href":"https:\/\/baubauwall.com\/et\/wp-json\/wp\/v2\/comments?post=5673"}],"wp:featuredmedia":[{"embeddable":true,"href":"https:\/\/baubauwall.com\/et\/wp-json\/wp\/v2\/media\/3641"}],"wp:attachment":[{"href":"https:\/\/baubauwall.com\/et\/wp-json\/wp\/v2\/media?parent=5673"}],"wp:term":[{"taxonomy":"product_brand","embeddable":true,"href":"https:\/\/baubauwall.com\/et\/wp-json\/wp\/v2\/product_brand?post=5673"},{"taxonomy":"product_cat","embeddable":true,"href":"https:\/\/baubauwall.com\/et\/wp-json\/wp\/v2\/product_cat?post=5673"},{"taxonomy":"product_tag","embeddable":true,"href":"https:\/\/baubauwall.com\/et\/wp-json\/wp\/v2\/product_tag?post=5673"}],"curies":[{"name":"wp","href":"https:\/\/api.w.org\/{rel}","templated":true}]}}