{"id":5674,"date":"2022-02-22T08:20:37","date_gmt":"2022-02-22T06:20:37","guid":{"rendered":"https:\/\/baubauwall.com\/product\/cubit-geometrica-wallpaper-pink\/"},"modified":"2024-08-06T12:36:41","modified_gmt":"2024-08-06T10:36:41","slug":"tapeet-cubit-geometrica-roosa","status":"publish","type":"product","link":"https:\/\/baubauwall.com\/et\/toode\/tapeet-cubit-geometrica-roosa\/","title":{"rendered":"Cubit Geometrica &#8211; roosa"},"content":{"rendered":"<p>Kas olete stiilsete geomeetriliste tapeedidisainide f\u00e4nn? Kaasaegne roosades toonides geomeetriline tapeedimuster \u00fchendab ilma igasuguse pingutuseta ranged jooned ja ringid, m\u00f5jumata samas liiga j\u00f5uliselt. Originaalne muster v\u00f5imaldab Sul seda loovalt siduda erinevate sisekujundusstiilidega, olenemata sellest, kas otsid tapeeti lastetuppa v\u00f5i lahendust elutoa seintele.<\/p>\n","protected":false},"excerpt":{"rendered":"<p>Kas olete stiilsete geomeetriliste tapeedidisainide f\u00e4nn? Kaasaegne roosades toonides geomeetriline tapeedimuster \u00fchendab ilma igasuguse pingutuseta ranged jooned ja ringid, m\u00f5jumata samas liiga j\u00f5uliselt. Originaalne muster v\u00f5imaldab Sul seda loovalt siduda erinevate sisekujundusstiilidega, olenemata sellest, kas otsid tapeeti lastetuppa v\u00f5i lahendust elutoa seintele.<\/p>\n","protected":false},"featured_media":4278,"comment_status":"open","ping_status":"closed","template":"","meta":{"_acf_changed":false,"inline_featured_image":false},"product_brand":[],"product_cat":[386,408,273,276,278,413,400,414,415,416,402,412,699,561],"product_tag":[],"class_list":{"0":"post-5674","1":"product","2":"type-product","3":"status-publish","4":"has-post-thumbnail","6":"product_cat-kordusmustriga-tapeedid","7":"product_cat-geomeetriline","8":"product_cat-heledad-tapeedid","9":"product_cat-pastelsed-tapeedid","10":"product_cat-roosad-tapeedid","11":"product_cat-magamistoa-tapeedid","12":"product_cat-lastetoa-tapeedid","13":"product_cat-soogitoa-tapeedid","14":"product_cat-kulalistetoa-tapeedid","15":"product_cat-esiku-tapeedid","16":"product_cat-elutoa-tapeedid","17":"product_cat-vannitoa-tapeedid","18":"product_cat-eesti-disain-tapeedid","19":"product_cat-suvised-tapeedid","20":"pa_designedby-baubauwall","22":"first","23":"instock","24":"taxable","25":"shipping-taxable","26":"purchasable","27":"product-type-simple"},"acf":[],"yoast_head":"<!-- This site is optimized with the Yoast SEO plugin v25.9 - https:\/\/yoast.com\/wordpress\/plugins\/seo\/ -->\n<title>Geomeetriline roosakas ilus tapeet. R\u00e4tsepat\u00f6\u00f6na valmivad tapeedid.<\/title>\n<meta name=\"description\" content=\"Roosa geomeetriliste elementidega tapeedidisain. Tapeet, mis sobib magamistuppa, elutuppa v\u00f5i mujale. R\u00e4tsepat\u00f6\u00f6na valmivad fliistapeedid.\" \/>\n<meta name=\"robots\" content=\"index, follow, max-snippet:-1, max-image-preview:large, max-video-preview:-1\" \/>\n<link rel=\"canonical\" href=\"https:\/\/baubauwall.com\/et\/toode\/tapeet-cubit-geometrica-roosa\/\" \/>\n<meta property=\"og:locale\" content=\"et_EE\" \/>\n<meta property=\"og:type\" content=\"article\" \/>\n<meta property=\"og:title\" content=\"Geomeetriline roosakas ilus tapeet. R\u00e4tsepat\u00f6\u00f6na valmivad tapeedid.\" \/>\n<meta property=\"og:description\" content=\"Roosa geomeetriliste elementidega tapeedidisain. Tapeet, mis sobib magamistuppa, elutuppa v\u00f5i mujale. R\u00e4tsepat\u00f6\u00f6na valmivad fliistapeedid.\" \/>\n<meta property=\"og:url\" content=\"https:\/\/baubauwall.com\/et\/toode\/tapeet-cubit-geometrica-roosa\/\" \/>\n<meta property=\"og:site_name\" content=\"BAUBAUWALL Wallpapers\" \/>\n<meta property=\"article:publisher\" content=\"https:\/\/www.facebook.com\/Baubauwall\" \/>\n<meta property=\"article:modified_time\" content=\"2024-08-06T10:36:41+00:00\" \/>\n<meta property=\"og:image\" content=\"https:\/\/baubauwall.com\/wp-content\/uploads\/2022\/02\/51100116_CubitGeometrica-Pink_Baubauwall_Wallpaper_room5.png\" \/>\n\t<meta property=\"og:image:width\" content=\"736\" \/>\n\t<meta property=\"og:image:height\" content=\"800\" \/>\n\t<meta property=\"og:image:type\" content=\"image\/png\" \/>\n<meta name=\"twitter:card\" content=\"summary_large_image\" \/>\n<meta name=\"twitter:label1\" content=\"Est. reading time\" \/>\n\t<meta name=\"twitter:data1\" content=\"1 minut\" \/>\n<script type=\"application\/ld+json\" class=\"yoast-schema-graph\">{\"@context\":\"https:\/\/schema.org\",\"@graph\":[{\"@type\":\"WebPage\",\"@id\":\"https:\/\/baubauwall.com\/et\/toode\/tapeet-cubit-geometrica-roosa\/\",\"url\":\"https:\/\/baubauwall.com\/et\/toode\/tapeet-cubit-geometrica-roosa\/\",\"name\":\"Geomeetriline roosakas ilus tapeet. R\u00e4tsepat\u00f6\u00f6na valmivad tapeedid.\",\"isPartOf\":{\"@id\":\"https:\/\/baubauwall.com\/et\/#website\"},\"primaryImageOfPage\":{\"@id\":\"https:\/\/baubauwall.com\/et\/toode\/tapeet-cubit-geometrica-roosa\/#primaryimage\"},\"image\":{\"@id\":\"https:\/\/baubauwall.com\/et\/toode\/tapeet-cubit-geometrica-roosa\/#primaryimage\"},\"thumbnailUrl\":\"https:\/\/baubauwall.com\/wp-content\/uploads\/2022\/02\/51100116_CubitGeometrica-Pink_Baubauwall_Wallpaper_room5.png\",\"datePublished\":\"2022-02-22T06:20:37+00:00\",\"dateModified\":\"2024-08-06T10:36:41+00:00\",\"description\":\"Roosa geomeetriliste elementidega tapeedidisain. Tapeet, mis sobib magamistuppa, elutuppa v\u00f5i mujale. R\u00e4tsepat\u00f6\u00f6na valmivad fliistapeedid.\",\"breadcrumb\":{\"@id\":\"https:\/\/baubauwall.com\/et\/toode\/tapeet-cubit-geometrica-roosa\/#breadcrumb\"},\"inLanguage\":\"et\",\"potentialAction\":[{\"@type\":\"ReadAction\",\"target\":[\"https:\/\/baubauwall.com\/et\/toode\/tapeet-cubit-geometrica-roosa\/\"]}]},{\"@type\":\"ImageObject\",\"inLanguage\":\"et\",\"@id\":\"https:\/\/baubauwall.com\/et\/toode\/tapeet-cubit-geometrica-roosa\/#primaryimage\",\"url\":\"https:\/\/baubauwall.com\/wp-content\/uploads\/2022\/02\/51100116_CubitGeometrica-Pink_Baubauwall_Wallpaper_room5.png\",\"contentUrl\":\"https:\/\/baubauwall.com\/wp-content\/uploads\/2022\/02\/51100116_CubitGeometrica-Pink_Baubauwall_Wallpaper_room5.png\",\"width\":736,\"height\":800},{\"@type\":\"BreadcrumbList\",\"@id\":\"https:\/\/baubauwall.com\/et\/toode\/tapeet-cubit-geometrica-roosa\/#breadcrumb\",\"itemListElement\":[{\"@type\":\"ListItem\",\"position\":1,\"name\":\"Koju\",\"item\":\"https:\/\/baubauwall.com\/et\/\"},{\"@type\":\"ListItem\",\"position\":2,\"name\":\"Tapeedid\",\"item\":\"https:\/\/baubauwall.com\/et\/tapeedid\/\"},{\"@type\":\"ListItem\",\"position\":3,\"name\":\"Cubit Geometrica &#8211; roosa\"}]},{\"@type\":\"WebSite\",\"@id\":\"https:\/\/baubauwall.com\/et\/#website\",\"url\":\"https:\/\/baubauwall.com\/et\/\",\"name\":\"BAUBAUWALL Wallpapers\",\"description\":\"Valmis paanides tapeet Eestist!\",\"publisher\":{\"@id\":\"https:\/\/baubauwall.com\/et\/#organization\"},\"potentialAction\":[{\"@type\":\"SearchAction\",\"target\":{\"@type\":\"EntryPoint\",\"urlTemplate\":\"https:\/\/baubauwall.com\/et\/?s={search_term_string}\"},\"query-input\":{\"@type\":\"PropertyValueSpecification\",\"valueRequired\":true,\"valueName\":\"search_term_string\"}}],\"inLanguage\":\"et\"},{\"@type\":\"Organization\",\"@id\":\"https:\/\/baubauwall.com\/et\/#organization\",\"name\":\"BAUBAUWALL Wallpapers\",\"url\":\"https:\/\/baubauwall.com\/et\/\",\"logo\":{\"@type\":\"ImageObject\",\"inLanguage\":\"et\",\"@id\":\"https:\/\/baubauwall.com\/et\/#\/schema\/logo\/image\/\",\"url\":\"https:\/\/baubauwall.com\/wp-content\/uploads\/2022\/03\/logo-horizontal.svg\",\"contentUrl\":\"https:\/\/baubauwall.com\/wp-content\/uploads\/2022\/03\/logo-horizontal.svg\",\"width\":\"1024\",\"height\":\"1024\",\"caption\":\"BAUBAUWALL Wallpapers\"},\"image\":{\"@id\":\"https:\/\/baubauwall.com\/et\/#\/schema\/logo\/image\/\"},\"sameAs\":[\"https:\/\/www.facebook.com\/Baubauwall\",\"https:\/\/www.instagram.com\/baubauwall\"]}]}<\/script>\n<!-- \/ Yoast SEO plugin. -->","yoast_head_json":{"title":"Geomeetriline roosakas ilus tapeet. R\u00e4tsepat\u00f6\u00f6na valmivad tapeedid.","description":"Roosa geomeetriliste elementidega tapeedidisain. Tapeet, mis sobib magamistuppa, elutuppa v\u00f5i mujale. R\u00e4tsepat\u00f6\u00f6na valmivad fliistapeedid.","robots":{"index":"index","follow":"follow","max-snippet":"max-snippet:-1","max-image-preview":"max-image-preview:large","max-video-preview":"max-video-preview:-1"},"canonical":"https:\/\/baubauwall.com\/et\/toode\/tapeet-cubit-geometrica-roosa\/","og_locale":"et_EE","og_type":"article","og_title":"Geomeetriline roosakas ilus tapeet. R\u00e4tsepat\u00f6\u00f6na valmivad tapeedid.","og_description":"Roosa geomeetriliste elementidega tapeedidisain. Tapeet, mis sobib magamistuppa, elutuppa v\u00f5i mujale. R\u00e4tsepat\u00f6\u00f6na valmivad fliistapeedid.","og_url":"https:\/\/baubauwall.com\/et\/toode\/tapeet-cubit-geometrica-roosa\/","og_site_name":"BAUBAUWALL Wallpapers","article_publisher":"https:\/\/www.facebook.com\/Baubauwall","article_modified_time":"2024-08-06T10:36:41+00:00","og_image":[{"width":736,"height":800,"url":"https:\/\/baubauwall.com\/wp-content\/uploads\/2022\/02\/51100116_CubitGeometrica-Pink_Baubauwall_Wallpaper_room5.png","type":"image\/png"}],"twitter_card":"summary_large_image","twitter_misc":{"Est. reading time":"1 minut"},"schema":{"@context":"https:\/\/schema.org","@graph":[{"@type":"WebPage","@id":"https:\/\/baubauwall.com\/et\/toode\/tapeet-cubit-geometrica-roosa\/","url":"https:\/\/baubauwall.com\/et\/toode\/tapeet-cubit-geometrica-roosa\/","name":"Geomeetriline roosakas ilus tapeet. R\u00e4tsepat\u00f6\u00f6na valmivad tapeedid.","isPartOf":{"@id":"https:\/\/baubauwall.com\/et\/#website"},"primaryImageOfPage":{"@id":"https:\/\/baubauwall.com\/et\/toode\/tapeet-cubit-geometrica-roosa\/#primaryimage"},"image":{"@id":"https:\/\/baubauwall.com\/et\/toode\/tapeet-cubit-geometrica-roosa\/#primaryimage"},"thumbnailUrl":"https:\/\/baubauwall.com\/wp-content\/uploads\/2022\/02\/51100116_CubitGeometrica-Pink_Baubauwall_Wallpaper_room5.png","datePublished":"2022-02-22T06:20:37+00:00","dateModified":"2024-08-06T10:36:41+00:00","description":"Roosa geomeetriliste elementidega tapeedidisain. Tapeet, mis sobib magamistuppa, elutuppa v\u00f5i mujale. R\u00e4tsepat\u00f6\u00f6na valmivad fliistapeedid.","breadcrumb":{"@id":"https:\/\/baubauwall.com\/et\/toode\/tapeet-cubit-geometrica-roosa\/#breadcrumb"},"inLanguage":"et","potentialAction":[{"@type":"ReadAction","target":["https:\/\/baubauwall.com\/et\/toode\/tapeet-cubit-geometrica-roosa\/"]}]},{"@type":"ImageObject","inLanguage":"et","@id":"https:\/\/baubauwall.com\/et\/toode\/tapeet-cubit-geometrica-roosa\/#primaryimage","url":"https:\/\/baubauwall.com\/wp-content\/uploads\/2022\/02\/51100116_CubitGeometrica-Pink_Baubauwall_Wallpaper_room5.png","contentUrl":"https:\/\/baubauwall.com\/wp-content\/uploads\/2022\/02\/51100116_CubitGeometrica-Pink_Baubauwall_Wallpaper_room5.png","width":736,"height":800},{"@type":"BreadcrumbList","@id":"https:\/\/baubauwall.com\/et\/toode\/tapeet-cubit-geometrica-roosa\/#breadcrumb","itemListElement":[{"@type":"ListItem","position":1,"name":"Koju","item":"https:\/\/baubauwall.com\/et\/"},{"@type":"ListItem","position":2,"name":"Tapeedid","item":"https:\/\/baubauwall.com\/et\/tapeedid\/"},{"@type":"ListItem","position":3,"name":"Cubit Geometrica &#8211; roosa"}]},{"@type":"WebSite","@id":"https:\/\/baubauwall.com\/et\/#website","url":"https:\/\/baubauwall.com\/et\/","name":"BAUBAUWALL Wallpapers","description":"Valmis paanides tapeet Eestist!","publisher":{"@id":"https:\/\/baubauwall.com\/et\/#organization"},"potentialAction":[{"@type":"SearchAction","target":{"@type":"EntryPoint","urlTemplate":"https:\/\/baubauwall.com\/et\/?s={search_term_string}"},"query-input":{"@type":"PropertyValueSpecification","valueRequired":true,"valueName":"search_term_string"}}],"inLanguage":"et"},{"@type":"Organization","@id":"https:\/\/baubauwall.com\/et\/#organization","name":"BAUBAUWALL Wallpapers","url":"https:\/\/baubauwall.com\/et\/","logo":{"@type":"ImageObject","inLanguage":"et","@id":"https:\/\/baubauwall.com\/et\/#\/schema\/logo\/image\/","url":"https:\/\/baubauwall.com\/wp-content\/uploads\/2022\/03\/logo-horizontal.svg","contentUrl":"https:\/\/baubauwall.com\/wp-content\/uploads\/2022\/03\/logo-horizontal.svg","width":"1024","height":"1024","caption":"BAUBAUWALL Wallpapers"},"image":{"@id":"https:\/\/baubauwall.com\/et\/#\/schema\/logo\/image\/"},"sameAs":["https:\/\/www.facebook.com\/Baubauwall","https:\/\/www.instagram.com\/baubauwall"]}]}},"jetpack_sharing_enabled":true,"_links":{"self":[{"href":"https:\/\/baubauwall.com\/et\/wp-json\/wp\/v2\/product\/5674","targetHints":{"allow":["GET"]}}],"collection":[{"href":"https:\/\/baubauwall.com\/et\/wp-json\/wp\/v2\/product"}],"about":[{"href":"https:\/\/baubauwall.com\/et\/wp-json\/wp\/v2\/types\/product"}],"replies":[{"embeddable":true,"href":"https:\/\/baubauwall.com\/et\/wp-json\/wp\/v2\/comments?post=5674"}],"wp:featuredmedia":[{"embeddable":true,"href":"https:\/\/baubauwall.com\/et\/wp-json\/wp\/v2\/media\/4278"}],"wp:attachment":[{"href":"https:\/\/baubauwall.com\/et\/wp-json\/wp\/v2\/media?parent=5674"}],"wp:term":[{"taxonomy":"product_brand","embeddable":true,"href":"https:\/\/baubauwall.com\/et\/wp-json\/wp\/v2\/product_brand?post=5674"},{"taxonomy":"product_cat","embeddable":true,"href":"https:\/\/baubauwall.com\/et\/wp-json\/wp\/v2\/product_cat?post=5674"},{"taxonomy":"product_tag","embeddable":true,"href":"https:\/\/baubauwall.com\/et\/wp-json\/wp\/v2\/product_tag?post=5674"}],"curies":[{"name":"wp","href":"https:\/\/api.w.org\/{rel}","templated":true}]}}