{"id":5677,"date":"2022-02-22T08:20:39","date_gmt":"2022-02-22T08:20:39","guid":{"rendered":"https:\/\/baubauwall.com\/product\/white-jungle-tigers-wallpaper\/"},"modified":"2024-09-25T11:29:17","modified_gmt":"2024-09-25T09:29:17","slug":"white-jungle-tigers-wallpaper","status":"publish","type":"product","link":"https:\/\/baubauwall.com\/et\/toode\/white-jungle-tigers-wallpaper\/","title":{"rendered":"Valged d\u017eungliloomad"},"content":{"rendered":"<p>Hall lastetoa tapeet loomadega Lase vabaks enda sisemine loom ja luba tal saada osaks tapeedikunstist! Eksperimenteeri julgelt metsikute ja \u00e4gedate printidega. Laisk tiiger, metsik papagoi ja l\u00f5vikuningas \u2013 k\u00f5ik tunduvad s\u00f5brustavat kaasaegse m\u00e4ngulise tapeedidisainiga.<br \/>\nMetslinnud ja -loomad on joonistatud valgete kontuuriga helehallile taustale. Abstraktse loomamustrilise tapeedi saab h\u00f5lpsasti sobitada lastetuppa koos muu heleda m\u00f6\u00f6bliga.<br \/>\nLoomadest ja puutumata loodusest inspireeritud tapeet on fantastiline v\u00f5imalus panna stiilne, iseloomuga ja vaimukas t\u00e4pp i-le iga oma kodu toa sisekujunduses.<\/p>\n<p>Nagu k\u00f5ik meie kordusmustriga tapeedid ja pilttapeedid, on ka see disain tr\u00fckitud keskkonnas\u00f5bralike v\u00e4rvidega, hingavale fliistapeedi materjalile.\u00a0Loe l\u00e4hemalt nutikatest tapeetidest <a href=\"https:\/\/baubauwall.com\/et\/keskkonnasobralikud-tapeedid\/\" target=\"_blank\" rel=\"noopener\">siit.<\/a><\/p>\n","protected":false},"excerpt":{"rendered":"<p>Hall lastetoa tapeet loomadega Lase vabaks enda sisemine loom ja luba tal saada osaks tapeedikunstist! Eksperimenteeri julgelt metsikute ja \u00e4gedate printidega. Laisk tiiger, metsik papagoi ja l\u00f5vikuningas \u2013 k\u00f5ik tunduvad s\u00f5brustavat kaasaegse m\u00e4ngulise tapeedidisainiga. Metslinnud ja -loomad on joonistatud valgete kontuuriga helehallile taustale. Abstraktse loomamustrilise tapeedi saab h\u00f5lpsasti sobitada lastetuppa koos muu heleda m\u00f6\u00f6bliga. Loomadest [&hellip;]<\/p>\n","protected":false},"featured_media":3752,"comment_status":"open","ping_status":"closed","template":"","meta":{"_acf_changed":false,"inline_featured_image":false},"product_brand":[],"product_cat":[386,408,272,273,413,400,414,415,255,715],"product_tag":[308,376],"class_list":{"0":"post-5677","1":"product","2":"type-product","3":"status-publish","4":"has-post-thumbnail","6":"product_cat-kordusmustriga-tapeedid","7":"product_cat-geomeetriline","8":"product_cat-hallid-tapeedid","9":"product_cat-heledad-tapeedid","10":"product_cat-magamistoa-tapeedid","11":"product_cat-lastetoa-tapeedid","12":"product_cat-soogitoa-tapeedid","13":"product_cat-kulalistetoa-tapeedid","14":"product_cat-loomad","15":"product_cat-soodsad-tapeedid-leiunurk","16":"product_tag-poiste-tuba","17":"product_tag-teismelise-tuba","18":"pa_designedby-baubauwall","20":"first","21":"instock","22":"sale","23":"taxable","24":"shipping-taxable","25":"purchasable","26":"product-type-simple"},"acf":[],"yoast_head":"<!-- This site is optimized with the Yoast SEO plugin v25.9 - https:\/\/yoast.com\/wordpress\/plugins\/seo\/ -->\n<title>Hall tapeet loomadega lastetuppa<\/title>\n<meta name=\"description\" content=\"Hall tapeet valgete loomadega lastetuppa. Tapeedid, mis valmivad Eestis, just sinu seina m\u00f5\u00f5tudes. Lastetoa tapeedid ja pilttapeedid.\" \/>\n<meta name=\"robots\" content=\"index, follow, max-snippet:-1, max-image-preview:large, max-video-preview:-1\" \/>\n<link rel=\"canonical\" href=\"https:\/\/baubauwall.com\/et\/toode\/white-jungle-tigers-wallpaper\/\" \/>\n<meta property=\"og:locale\" content=\"et_EE\" \/>\n<meta property=\"og:type\" content=\"article\" \/>\n<meta property=\"og:title\" content=\"Hall tapeet loomadega lastetuppa\" \/>\n<meta property=\"og:description\" content=\"Hall tapeet valgete loomadega lastetuppa. Tapeedid, mis valmivad Eestis, just sinu seina m\u00f5\u00f5tudes. Lastetoa tapeedid ja pilttapeedid.\" \/>\n<meta property=\"og:url\" content=\"https:\/\/baubauwall.com\/et\/toode\/white-jungle-tigers-wallpaper\/\" \/>\n<meta property=\"og:site_name\" content=\"BAUBAUWALL Wallpapers\" \/>\n<meta property=\"article:publisher\" content=\"https:\/\/www.facebook.com\/Baubauwall\" \/>\n<meta property=\"article:modified_time\" content=\"2024-09-25T09:29:17+00:00\" \/>\n<meta property=\"og:image\" content=\"https:\/\/baubauwall.com\/wp-content\/uploads\/2022\/02\/51100124_JungleTigers-Grey_Baubauwall_Wallpaper_room3.png\" \/>\n\t<meta property=\"og:image:width\" content=\"1200\" \/>\n\t<meta property=\"og:image:height\" content=\"800\" \/>\n\t<meta property=\"og:image:type\" content=\"image\/png\" \/>\n<meta name=\"twitter:card\" content=\"summary_large_image\" \/>\n<meta name=\"twitter:label1\" content=\"Est. reading time\" \/>\n\t<meta name=\"twitter:data1\" content=\"1 minut\" \/>\n<script type=\"application\/ld+json\" class=\"yoast-schema-graph\">{\"@context\":\"https:\/\/schema.org\",\"@graph\":[{\"@type\":\"WebPage\",\"@id\":\"https:\/\/baubauwall.com\/et\/toode\/white-jungle-tigers-wallpaper\/\",\"url\":\"https:\/\/baubauwall.com\/et\/toode\/white-jungle-tigers-wallpaper\/\",\"name\":\"Hall tapeet loomadega lastetuppa\",\"isPartOf\":{\"@id\":\"https:\/\/baubauwall.com\/et\/#website\"},\"primaryImageOfPage\":{\"@id\":\"https:\/\/baubauwall.com\/et\/toode\/white-jungle-tigers-wallpaper\/#primaryimage\"},\"image\":{\"@id\":\"https:\/\/baubauwall.com\/et\/toode\/white-jungle-tigers-wallpaper\/#primaryimage\"},\"thumbnailUrl\":\"https:\/\/baubauwall.com\/wp-content\/uploads\/2022\/02\/51100124_JungleTigers-Grey_Baubauwall_Wallpaper_room3.png\",\"datePublished\":\"2022-02-22T08:20:39+00:00\",\"dateModified\":\"2024-09-25T09:29:17+00:00\",\"description\":\"Hall tapeet valgete loomadega lastetuppa. Tapeedid, mis valmivad Eestis, just sinu seina m\u00f5\u00f5tudes. Lastetoa tapeedid ja pilttapeedid.\",\"breadcrumb\":{\"@id\":\"https:\/\/baubauwall.com\/et\/toode\/white-jungle-tigers-wallpaper\/#breadcrumb\"},\"inLanguage\":\"et\",\"potentialAction\":[{\"@type\":\"ReadAction\",\"target\":[\"https:\/\/baubauwall.com\/et\/toode\/white-jungle-tigers-wallpaper\/\"]}]},{\"@type\":\"ImageObject\",\"inLanguage\":\"et\",\"@id\":\"https:\/\/baubauwall.com\/et\/toode\/white-jungle-tigers-wallpaper\/#primaryimage\",\"url\":\"https:\/\/baubauwall.com\/wp-content\/uploads\/2022\/02\/51100124_JungleTigers-Grey_Baubauwall_Wallpaper_room3.png\",\"contentUrl\":\"https:\/\/baubauwall.com\/wp-content\/uploads\/2022\/02\/51100124_JungleTigers-Grey_Baubauwall_Wallpaper_room3.png\",\"width\":1200,\"height\":800},{\"@type\":\"BreadcrumbList\",\"@id\":\"https:\/\/baubauwall.com\/et\/toode\/white-jungle-tigers-wallpaper\/#breadcrumb\",\"itemListElement\":[{\"@type\":\"ListItem\",\"position\":1,\"name\":\"Koju\",\"item\":\"https:\/\/baubauwall.com\/et\/\"},{\"@type\":\"ListItem\",\"position\":2,\"name\":\"Tapeedid\",\"item\":\"https:\/\/baubauwall.com\/et\/tapeedid\/\"},{\"@type\":\"ListItem\",\"position\":3,\"name\":\"Valged d\u017eungliloomad\"}]},{\"@type\":\"WebSite\",\"@id\":\"https:\/\/baubauwall.com\/et\/#website\",\"url\":\"https:\/\/baubauwall.com\/et\/\",\"name\":\"BAUBAUWALL Wallpapers\",\"description\":\"Valmis paanides tapeet Eestist!\",\"publisher\":{\"@id\":\"https:\/\/baubauwall.com\/et\/#organization\"},\"potentialAction\":[{\"@type\":\"SearchAction\",\"target\":{\"@type\":\"EntryPoint\",\"urlTemplate\":\"https:\/\/baubauwall.com\/et\/?s={search_term_string}\"},\"query-input\":{\"@type\":\"PropertyValueSpecification\",\"valueRequired\":true,\"valueName\":\"search_term_string\"}}],\"inLanguage\":\"et\"},{\"@type\":\"Organization\",\"@id\":\"https:\/\/baubauwall.com\/et\/#organization\",\"name\":\"BAUBAUWALL Wallpapers\",\"url\":\"https:\/\/baubauwall.com\/et\/\",\"logo\":{\"@type\":\"ImageObject\",\"inLanguage\":\"et\",\"@id\":\"https:\/\/baubauwall.com\/et\/#\/schema\/logo\/image\/\",\"url\":\"https:\/\/baubauwall.com\/wp-content\/uploads\/2022\/03\/logo-horizontal.svg\",\"contentUrl\":\"https:\/\/baubauwall.com\/wp-content\/uploads\/2022\/03\/logo-horizontal.svg\",\"width\":\"1024\",\"height\":\"1024\",\"caption\":\"BAUBAUWALL Wallpapers\"},\"image\":{\"@id\":\"https:\/\/baubauwall.com\/et\/#\/schema\/logo\/image\/\"},\"sameAs\":[\"https:\/\/www.facebook.com\/Baubauwall\",\"https:\/\/www.instagram.com\/baubauwall\"]}]}<\/script>\n<!-- \/ Yoast SEO plugin. -->","yoast_head_json":{"title":"Hall tapeet loomadega lastetuppa","description":"Hall tapeet valgete loomadega lastetuppa. Tapeedid, mis valmivad Eestis, just sinu seina m\u00f5\u00f5tudes. Lastetoa tapeedid ja pilttapeedid.","robots":{"index":"index","follow":"follow","max-snippet":"max-snippet:-1","max-image-preview":"max-image-preview:large","max-video-preview":"max-video-preview:-1"},"canonical":"https:\/\/baubauwall.com\/et\/toode\/white-jungle-tigers-wallpaper\/","og_locale":"et_EE","og_type":"article","og_title":"Hall tapeet loomadega lastetuppa","og_description":"Hall tapeet valgete loomadega lastetuppa. Tapeedid, mis valmivad Eestis, just sinu seina m\u00f5\u00f5tudes. Lastetoa tapeedid ja pilttapeedid.","og_url":"https:\/\/baubauwall.com\/et\/toode\/white-jungle-tigers-wallpaper\/","og_site_name":"BAUBAUWALL Wallpapers","article_publisher":"https:\/\/www.facebook.com\/Baubauwall","article_modified_time":"2024-09-25T09:29:17+00:00","og_image":[{"width":1200,"height":800,"url":"https:\/\/baubauwall.com\/wp-content\/uploads\/2022\/02\/51100124_JungleTigers-Grey_Baubauwall_Wallpaper_room3.png","type":"image\/png"}],"twitter_card":"summary_large_image","twitter_misc":{"Est. reading time":"1 minut"},"schema":{"@context":"https:\/\/schema.org","@graph":[{"@type":"WebPage","@id":"https:\/\/baubauwall.com\/et\/toode\/white-jungle-tigers-wallpaper\/","url":"https:\/\/baubauwall.com\/et\/toode\/white-jungle-tigers-wallpaper\/","name":"Hall tapeet loomadega lastetuppa","isPartOf":{"@id":"https:\/\/baubauwall.com\/et\/#website"},"primaryImageOfPage":{"@id":"https:\/\/baubauwall.com\/et\/toode\/white-jungle-tigers-wallpaper\/#primaryimage"},"image":{"@id":"https:\/\/baubauwall.com\/et\/toode\/white-jungle-tigers-wallpaper\/#primaryimage"},"thumbnailUrl":"https:\/\/baubauwall.com\/wp-content\/uploads\/2022\/02\/51100124_JungleTigers-Grey_Baubauwall_Wallpaper_room3.png","datePublished":"2022-02-22T08:20:39+00:00","dateModified":"2024-09-25T09:29:17+00:00","description":"Hall tapeet valgete loomadega lastetuppa. Tapeedid, mis valmivad Eestis, just sinu seina m\u00f5\u00f5tudes. Lastetoa tapeedid ja pilttapeedid.","breadcrumb":{"@id":"https:\/\/baubauwall.com\/et\/toode\/white-jungle-tigers-wallpaper\/#breadcrumb"},"inLanguage":"et","potentialAction":[{"@type":"ReadAction","target":["https:\/\/baubauwall.com\/et\/toode\/white-jungle-tigers-wallpaper\/"]}]},{"@type":"ImageObject","inLanguage":"et","@id":"https:\/\/baubauwall.com\/et\/toode\/white-jungle-tigers-wallpaper\/#primaryimage","url":"https:\/\/baubauwall.com\/wp-content\/uploads\/2022\/02\/51100124_JungleTigers-Grey_Baubauwall_Wallpaper_room3.png","contentUrl":"https:\/\/baubauwall.com\/wp-content\/uploads\/2022\/02\/51100124_JungleTigers-Grey_Baubauwall_Wallpaper_room3.png","width":1200,"height":800},{"@type":"BreadcrumbList","@id":"https:\/\/baubauwall.com\/et\/toode\/white-jungle-tigers-wallpaper\/#breadcrumb","itemListElement":[{"@type":"ListItem","position":1,"name":"Koju","item":"https:\/\/baubauwall.com\/et\/"},{"@type":"ListItem","position":2,"name":"Tapeedid","item":"https:\/\/baubauwall.com\/et\/tapeedid\/"},{"@type":"ListItem","position":3,"name":"Valged d\u017eungliloomad"}]},{"@type":"WebSite","@id":"https:\/\/baubauwall.com\/et\/#website","url":"https:\/\/baubauwall.com\/et\/","name":"BAUBAUWALL Wallpapers","description":"Valmis paanides tapeet Eestist!","publisher":{"@id":"https:\/\/baubauwall.com\/et\/#organization"},"potentialAction":[{"@type":"SearchAction","target":{"@type":"EntryPoint","urlTemplate":"https:\/\/baubauwall.com\/et\/?s={search_term_string}"},"query-input":{"@type":"PropertyValueSpecification","valueRequired":true,"valueName":"search_term_string"}}],"inLanguage":"et"},{"@type":"Organization","@id":"https:\/\/baubauwall.com\/et\/#organization","name":"BAUBAUWALL Wallpapers","url":"https:\/\/baubauwall.com\/et\/","logo":{"@type":"ImageObject","inLanguage":"et","@id":"https:\/\/baubauwall.com\/et\/#\/schema\/logo\/image\/","url":"https:\/\/baubauwall.com\/wp-content\/uploads\/2022\/03\/logo-horizontal.svg","contentUrl":"https:\/\/baubauwall.com\/wp-content\/uploads\/2022\/03\/logo-horizontal.svg","width":"1024","height":"1024","caption":"BAUBAUWALL Wallpapers"},"image":{"@id":"https:\/\/baubauwall.com\/et\/#\/schema\/logo\/image\/"},"sameAs":["https:\/\/www.facebook.com\/Baubauwall","https:\/\/www.instagram.com\/baubauwall"]}]}},"jetpack_sharing_enabled":true,"_links":{"self":[{"href":"https:\/\/baubauwall.com\/et\/wp-json\/wp\/v2\/product\/5677","targetHints":{"allow":["GET"]}}],"collection":[{"href":"https:\/\/baubauwall.com\/et\/wp-json\/wp\/v2\/product"}],"about":[{"href":"https:\/\/baubauwall.com\/et\/wp-json\/wp\/v2\/types\/product"}],"replies":[{"embeddable":true,"href":"https:\/\/baubauwall.com\/et\/wp-json\/wp\/v2\/comments?post=5677"}],"wp:featuredmedia":[{"embeddable":true,"href":"https:\/\/baubauwall.com\/et\/wp-json\/wp\/v2\/media\/3752"}],"wp:attachment":[{"href":"https:\/\/baubauwall.com\/et\/wp-json\/wp\/v2\/media?parent=5677"}],"wp:term":[{"taxonomy":"product_brand","embeddable":true,"href":"https:\/\/baubauwall.com\/et\/wp-json\/wp\/v2\/product_brand?post=5677"},{"taxonomy":"product_cat","embeddable":true,"href":"https:\/\/baubauwall.com\/et\/wp-json\/wp\/v2\/product_cat?post=5677"},{"taxonomy":"product_tag","embeddable":true,"href":"https:\/\/baubauwall.com\/et\/wp-json\/wp\/v2\/product_tag?post=5677"}],"curies":[{"name":"wp","href":"https:\/\/api.w.org\/{rel}","templated":true}]}}