{"id":5679,"date":"2022-02-22T10:20:40","date_gmt":"2022-02-22T08:20:40","guid":{"rendered":"https:\/\/baubauwall.com\/product\/straw-field-grey-wallpaper\/"},"modified":"2026-03-02T16:17:32","modified_gmt":"2026-03-02T14:17:32","slug":"tapeet-minimalistlikud-korred-hall","status":"publish","type":"product","link":"https:\/\/baubauwall.com\/et\/toode\/tapeet-minimalistlikud-korred-hall\/","title":{"rendered":"Minimalistlikud k\u00f5rred &#8211; hall"},"content":{"rendered":"<p>Hall tapeet k\u00f5rtega, mis sobib pea igasse interj\u00f6\u00f6ri looma hubasust. Mida tapeedid ju teevadki! Selle disaini minimalistik k\u00f5rremuster on ideaalne viis v\u00e4rskendada oma ruumi millegi tagasihoidliku ja l\u00e4bim\u00f5elduga. Valged suvised k\u00f5rred h\u00f5ljuvad helehallil taustal moodustades rahuliku tantsiskleva mustri. Elegantne tapeet, mis muudab iga ruumi rahulikuks ja meditatiivseks. Sobita see tapeet tumeda m\u00f6\u00f6bliga loomaks kontrast, olgu see elutuba v\u00f5i magamistuba.<\/p>\n<p data-start=\"256\" data-end=\"314\"><a href=\"https:\/\/baubauwall.com\/et\/ideed\/let-the-homes-do-the-talking\/\">Piilu ka tehtud t\u00f6\u00f6de tapeedigaleriid<\/a>\u00a0\u2013 kas midagi v\u00f5iks veel inspireerida?<\/p>\n<p><strong>Miks osta tapeet siit? Sest tapeedi valimine, tellimine ja tapeetimine on n\u00fc\u00fcd lihtne.<\/strong><\/p>\n<ul>\n<li>Eesti ettev\u00f5tte, Eestis tr\u00fckitud tapeedid<\/li>\n<li>Nummerdatud tapeedipaanid<\/li>\n<li>Just nii pikad tapeedipaanid, kui on Sinu sein<\/li>\n<li>Premium, matt fliistapeedi materjal<\/li>\n<li>M\u00fcrgivabad tr\u00fckiv\u00e4rvid, Greenguard sertifitseeritud<\/li>\n<li>Keskkonnas\u00f5bralik, j\u00e4\u00e4tmevaba tapeetimine<\/li>\n<li>Tasuta tapeediliim<\/li>\n<li>Tasuta transport ja kiire tarne 5 t\u00f6\u00f6p\u00e4evaga<\/li>\n<\/ul>\n<p>&nbsp;<\/p>\n","protected":false},"excerpt":{"rendered":"<p>Hall tapeet k\u00f5rtega, mis sobib pea igasse interj\u00f6\u00f6ri looma hubasust. Mida tapeedid ju teevadki! Selle disaini minimalistik k\u00f5rremuster on ideaalne viis v\u00e4rskendada oma ruumi millegi tagasihoidliku ja l\u00e4bim\u00f5elduga. Valged suvised k\u00f5rred h\u00f5ljuvad helehallil taustal moodustades rahuliku tantsiskleva mustri. Elegantne tapeet, mis muudab iga ruumi rahulikuks ja meditatiivseks. Sobita see tapeet tumeda m\u00f6\u00f6bliga loomaks kontrast, olgu [&hellip;]<\/p>\n","protected":false},"featured_media":3776,"comment_status":"open","ping_status":"closed","template":"","meta":{"_acf_changed":false,"inline_featured_image":false},"product_brand":[],"product_cat":[386,406,392,396,272,273,235,413,414,399,401,402],"product_tag":[],"class_list":{"0":"post-5679","1":"product","2":"type-product","3":"status-publish","4":"has-post-thumbnail","6":"product_cat-kordusmustriga-tapeedid","7":"product_cat-klassika","8":"product_cat-minimalistlik","9":"product_cat-skandinaavia","10":"product_cat-hallid-tapeedid","11":"product_cat-heledad-tapeedid","12":"product_cat-tuba-et","13":"product_cat-magamistoa-tapeedid","14":"product_cat-soogitoa-tapeedid","15":"product_cat-kodukontori-tapeedid","16":"product_cat-koogi-tapeedid","17":"product_cat-elutoa-tapeedid","19":"first","20":"instock","21":"taxable","22":"shipping-taxable","23":"purchasable","24":"product-type-simple"},"acf":[],"yoast_head":"<!-- This site is optimized with the Yoast SEO plugin v25.9 - https:\/\/yoast.com\/wordpress\/plugins\/seo\/ -->\n<title>Hall tapeet valgete k\u00f5rtega. Minimalistlik tapeedidisain ja muster.<\/title>\n<meta name=\"description\" content=\"Hall tapeet k\u00f5rtega erinevatesse interj\u00f6\u00f6ridesse. K\u00f5rred ja minimalistlik muster, mis sobib praktiliselt k\u00f5ikjale! Sinu seina m\u00f5\u00f5dus tapeedid.\" \/>\n<meta name=\"robots\" content=\"index, follow, max-snippet:-1, max-image-preview:large, max-video-preview:-1\" \/>\n<link rel=\"canonical\" href=\"https:\/\/baubauwall.com\/et\/toode\/tapeet-minimalistlikud-korred-hall\/\" \/>\n<meta property=\"og:locale\" content=\"et_EE\" \/>\n<meta property=\"og:type\" content=\"article\" \/>\n<meta property=\"og:title\" content=\"Hall tapeet valgete k\u00f5rtega. Minimalistlik tapeedidisain ja muster.\" \/>\n<meta property=\"og:description\" content=\"Hall tapeet k\u00f5rtega erinevatesse interj\u00f6\u00f6ridesse. K\u00f5rred ja minimalistlik muster, mis sobib praktiliselt k\u00f5ikjale! Sinu seina m\u00f5\u00f5dus tapeedid.\" \/>\n<meta property=\"og:url\" content=\"https:\/\/baubauwall.com\/et\/toode\/tapeet-minimalistlikud-korred-hall\/\" \/>\n<meta property=\"og:site_name\" content=\"BAUBAUWALL TAPEEDID\" \/>\n<meta property=\"article:publisher\" content=\"https:\/\/www.facebook.com\/Baubauwall\" \/>\n<meta property=\"article:modified_time\" content=\"2026-03-02T14:17:32+00:00\" \/>\n<meta property=\"og:image\" content=\"https:\/\/baubauwall.com\/wp-content\/uploads\/2022\/02\/51100126_Straws-Grey_Baubauwall_Wallpaper_room4.png\" \/>\n\t<meta property=\"og:image:width\" content=\"1300\" \/>\n\t<meta property=\"og:image:height\" content=\"800\" \/>\n\t<meta property=\"og:image:type\" content=\"image\/png\" \/>\n<meta name=\"twitter:card\" content=\"summary_large_image\" \/>\n<meta name=\"twitter:label1\" content=\"Est. reading time\" \/>\n\t<meta name=\"twitter:data1\" content=\"1 minut\" \/>\n<script type=\"application\/ld+json\" class=\"yoast-schema-graph\">{\"@context\":\"https:\/\/schema.org\",\"@graph\":[{\"@type\":\"WebPage\",\"@id\":\"https:\/\/baubauwall.com\/et\/toode\/tapeet-minimalistlikud-korred-hall\/\",\"url\":\"https:\/\/baubauwall.com\/et\/toode\/tapeet-minimalistlikud-korred-hall\/\",\"name\":\"Hall tapeet valgete k\u00f5rtega. Minimalistlik tapeedidisain ja muster.\",\"isPartOf\":{\"@id\":\"https:\/\/baubauwall.com\/et\/#website\"},\"primaryImageOfPage\":{\"@id\":\"https:\/\/baubauwall.com\/et\/toode\/tapeet-minimalistlikud-korred-hall\/#primaryimage\"},\"image\":{\"@id\":\"https:\/\/baubauwall.com\/et\/toode\/tapeet-minimalistlikud-korred-hall\/#primaryimage\"},\"thumbnailUrl\":\"https:\/\/baubauwall.com\/wp-content\/uploads\/2022\/02\/51100126_Straws-Grey_Baubauwall_Wallpaper_room4.png\",\"datePublished\":\"2022-02-22T08:20:40+00:00\",\"dateModified\":\"2026-03-02T14:17:32+00:00\",\"description\":\"Hall tapeet k\u00f5rtega erinevatesse interj\u00f6\u00f6ridesse. K\u00f5rred ja minimalistlik muster, mis sobib praktiliselt k\u00f5ikjale! Sinu seina m\u00f5\u00f5dus tapeedid.\",\"breadcrumb\":{\"@id\":\"https:\/\/baubauwall.com\/et\/toode\/tapeet-minimalistlikud-korred-hall\/#breadcrumb\"},\"inLanguage\":\"et\",\"potentialAction\":[{\"@type\":\"ReadAction\",\"target\":[\"https:\/\/baubauwall.com\/et\/toode\/tapeet-minimalistlikud-korred-hall\/\"]}]},{\"@type\":\"ImageObject\",\"inLanguage\":\"et\",\"@id\":\"https:\/\/baubauwall.com\/et\/toode\/tapeet-minimalistlikud-korred-hall\/#primaryimage\",\"url\":\"https:\/\/baubauwall.com\/wp-content\/uploads\/2022\/02\/51100126_Straws-Grey_Baubauwall_Wallpaper_room4.png\",\"contentUrl\":\"https:\/\/baubauwall.com\/wp-content\/uploads\/2022\/02\/51100126_Straws-Grey_Baubauwall_Wallpaper_room4.png\",\"width\":1300,\"height\":800,\"caption\":\"Hall tapeet kordusmustriga - Minimalistlikud k\u00f5rred\"},{\"@type\":\"BreadcrumbList\",\"@id\":\"https:\/\/baubauwall.com\/et\/toode\/tapeet-minimalistlikud-korred-hall\/#breadcrumb\",\"itemListElement\":[{\"@type\":\"ListItem\",\"position\":1,\"name\":\"Koju\",\"item\":\"https:\/\/baubauwall.com\/et\/\"},{\"@type\":\"ListItem\",\"position\":2,\"name\":\"Tapeedid\",\"item\":\"https:\/\/baubauwall.com\/et\/tapeedid\/\"},{\"@type\":\"ListItem\",\"position\":3,\"name\":\"Minimalistlikud k\u00f5rred &#8211; hall\"}]},{\"@type\":\"WebSite\",\"@id\":\"https:\/\/baubauwall.com\/et\/#website\",\"url\":\"https:\/\/baubauwall.com\/et\/\",\"name\":\"BAUBAUWALL Wallpapers\",\"description\":\"Valmis paanides tapeet Eestist!\",\"publisher\":{\"@id\":\"https:\/\/baubauwall.com\/et\/#organization\"},\"potentialAction\":[{\"@type\":\"SearchAction\",\"target\":{\"@type\":\"EntryPoint\",\"urlTemplate\":\"https:\/\/baubauwall.com\/et\/?s={search_term_string}\"},\"query-input\":{\"@type\":\"PropertyValueSpecification\",\"valueRequired\":true,\"valueName\":\"search_term_string\"}}],\"inLanguage\":\"et\"},{\"@type\":\"Organization\",\"@id\":\"https:\/\/baubauwall.com\/et\/#organization\",\"name\":\"BAUBAUWALL Wallpapers\",\"url\":\"https:\/\/baubauwall.com\/et\/\",\"logo\":{\"@type\":\"ImageObject\",\"inLanguage\":\"et\",\"@id\":\"https:\/\/baubauwall.com\/et\/#\/schema\/logo\/image\/\",\"url\":\"https:\/\/baubauwall.com\/wp-content\/uploads\/2022\/03\/logo-horizontal.svg\",\"contentUrl\":\"https:\/\/baubauwall.com\/wp-content\/uploads\/2022\/03\/logo-horizontal.svg\",\"width\":\"1024\",\"height\":\"1024\",\"caption\":\"BAUBAUWALL Wallpapers\"},\"image\":{\"@id\":\"https:\/\/baubauwall.com\/et\/#\/schema\/logo\/image\/\"},\"sameAs\":[\"https:\/\/www.facebook.com\/Baubauwall\",\"https:\/\/www.instagram.com\/baubauwall\"]}]}<\/script>\n<!-- \/ Yoast SEO plugin. -->","yoast_head_json":{"title":"Hall tapeet valgete k\u00f5rtega. Minimalistlik tapeedidisain ja muster.","description":"Hall tapeet k\u00f5rtega erinevatesse interj\u00f6\u00f6ridesse. K\u00f5rred ja minimalistlik muster, mis sobib praktiliselt k\u00f5ikjale! Sinu seina m\u00f5\u00f5dus tapeedid.","robots":{"index":"index","follow":"follow","max-snippet":"max-snippet:-1","max-image-preview":"max-image-preview:large","max-video-preview":"max-video-preview:-1"},"canonical":"https:\/\/baubauwall.com\/et\/toode\/tapeet-minimalistlikud-korred-hall\/","og_locale":"et_EE","og_type":"article","og_title":"Hall tapeet valgete k\u00f5rtega. Minimalistlik tapeedidisain ja muster.","og_description":"Hall tapeet k\u00f5rtega erinevatesse interj\u00f6\u00f6ridesse. K\u00f5rred ja minimalistlik muster, mis sobib praktiliselt k\u00f5ikjale! Sinu seina m\u00f5\u00f5dus tapeedid.","og_url":"https:\/\/baubauwall.com\/et\/toode\/tapeet-minimalistlikud-korred-hall\/","og_site_name":"BAUBAUWALL TAPEEDID","article_publisher":"https:\/\/www.facebook.com\/Baubauwall","article_modified_time":"2026-03-02T14:17:32+00:00","og_image":[{"width":1300,"height":800,"url":"https:\/\/baubauwall.com\/wp-content\/uploads\/2022\/02\/51100126_Straws-Grey_Baubauwall_Wallpaper_room4.png","type":"image\/png"}],"twitter_card":"summary_large_image","twitter_misc":{"Est. reading time":"1 minut"},"schema":{"@context":"https:\/\/schema.org","@graph":[{"@type":"WebPage","@id":"https:\/\/baubauwall.com\/et\/toode\/tapeet-minimalistlikud-korred-hall\/","url":"https:\/\/baubauwall.com\/et\/toode\/tapeet-minimalistlikud-korred-hall\/","name":"Hall tapeet valgete k\u00f5rtega. Minimalistlik tapeedidisain ja muster.","isPartOf":{"@id":"https:\/\/baubauwall.com\/et\/#website"},"primaryImageOfPage":{"@id":"https:\/\/baubauwall.com\/et\/toode\/tapeet-minimalistlikud-korred-hall\/#primaryimage"},"image":{"@id":"https:\/\/baubauwall.com\/et\/toode\/tapeet-minimalistlikud-korred-hall\/#primaryimage"},"thumbnailUrl":"https:\/\/baubauwall.com\/wp-content\/uploads\/2022\/02\/51100126_Straws-Grey_Baubauwall_Wallpaper_room4.png","datePublished":"2022-02-22T08:20:40+00:00","dateModified":"2026-03-02T14:17:32+00:00","description":"Hall tapeet k\u00f5rtega erinevatesse interj\u00f6\u00f6ridesse. K\u00f5rred ja minimalistlik muster, mis sobib praktiliselt k\u00f5ikjale! Sinu seina m\u00f5\u00f5dus tapeedid.","breadcrumb":{"@id":"https:\/\/baubauwall.com\/et\/toode\/tapeet-minimalistlikud-korred-hall\/#breadcrumb"},"inLanguage":"et","potentialAction":[{"@type":"ReadAction","target":["https:\/\/baubauwall.com\/et\/toode\/tapeet-minimalistlikud-korred-hall\/"]}]},{"@type":"ImageObject","inLanguage":"et","@id":"https:\/\/baubauwall.com\/et\/toode\/tapeet-minimalistlikud-korred-hall\/#primaryimage","url":"https:\/\/baubauwall.com\/wp-content\/uploads\/2022\/02\/51100126_Straws-Grey_Baubauwall_Wallpaper_room4.png","contentUrl":"https:\/\/baubauwall.com\/wp-content\/uploads\/2022\/02\/51100126_Straws-Grey_Baubauwall_Wallpaper_room4.png","width":1300,"height":800,"caption":"Hall tapeet kordusmustriga - Minimalistlikud k\u00f5rred"},{"@type":"BreadcrumbList","@id":"https:\/\/baubauwall.com\/et\/toode\/tapeet-minimalistlikud-korred-hall\/#breadcrumb","itemListElement":[{"@type":"ListItem","position":1,"name":"Koju","item":"https:\/\/baubauwall.com\/et\/"},{"@type":"ListItem","position":2,"name":"Tapeedid","item":"https:\/\/baubauwall.com\/et\/tapeedid\/"},{"@type":"ListItem","position":3,"name":"Minimalistlikud k\u00f5rred &#8211; hall"}]},{"@type":"WebSite","@id":"https:\/\/baubauwall.com\/et\/#website","url":"https:\/\/baubauwall.com\/et\/","name":"BAUBAUWALL Wallpapers","description":"Valmis paanides tapeet Eestist!","publisher":{"@id":"https:\/\/baubauwall.com\/et\/#organization"},"potentialAction":[{"@type":"SearchAction","target":{"@type":"EntryPoint","urlTemplate":"https:\/\/baubauwall.com\/et\/?s={search_term_string}"},"query-input":{"@type":"PropertyValueSpecification","valueRequired":true,"valueName":"search_term_string"}}],"inLanguage":"et"},{"@type":"Organization","@id":"https:\/\/baubauwall.com\/et\/#organization","name":"BAUBAUWALL Wallpapers","url":"https:\/\/baubauwall.com\/et\/","logo":{"@type":"ImageObject","inLanguage":"et","@id":"https:\/\/baubauwall.com\/et\/#\/schema\/logo\/image\/","url":"https:\/\/baubauwall.com\/wp-content\/uploads\/2022\/03\/logo-horizontal.svg","contentUrl":"https:\/\/baubauwall.com\/wp-content\/uploads\/2022\/03\/logo-horizontal.svg","width":"1024","height":"1024","caption":"BAUBAUWALL Wallpapers"},"image":{"@id":"https:\/\/baubauwall.com\/et\/#\/schema\/logo\/image\/"},"sameAs":["https:\/\/www.facebook.com\/Baubauwall","https:\/\/www.instagram.com\/baubauwall"]}]}},"jetpack_sharing_enabled":true,"_links":{"self":[{"href":"https:\/\/baubauwall.com\/et\/wp-json\/wp\/v2\/product\/5679","targetHints":{"allow":["GET"]}}],"collection":[{"href":"https:\/\/baubauwall.com\/et\/wp-json\/wp\/v2\/product"}],"about":[{"href":"https:\/\/baubauwall.com\/et\/wp-json\/wp\/v2\/types\/product"}],"replies":[{"embeddable":true,"href":"https:\/\/baubauwall.com\/et\/wp-json\/wp\/v2\/comments?post=5679"}],"wp:featuredmedia":[{"embeddable":true,"href":"https:\/\/baubauwall.com\/et\/wp-json\/wp\/v2\/media\/3776"}],"wp:attachment":[{"href":"https:\/\/baubauwall.com\/et\/wp-json\/wp\/v2\/media?parent=5679"}],"wp:term":[{"taxonomy":"product_brand","embeddable":true,"href":"https:\/\/baubauwall.com\/et\/wp-json\/wp\/v2\/product_brand?post=5679"},{"taxonomy":"product_cat","embeddable":true,"href":"https:\/\/baubauwall.com\/et\/wp-json\/wp\/v2\/product_cat?post=5679"},{"taxonomy":"product_tag","embeddable":true,"href":"https:\/\/baubauwall.com\/et\/wp-json\/wp\/v2\/product_tag?post=5679"}],"curies":[{"name":"wp","href":"https:\/\/api.w.org\/{rel}","templated":true}]}}