{"id":5680,"date":"2022-02-22T08:20:40","date_gmt":"2022-02-22T08:20:40","guid":{"rendered":"https:\/\/baubauwall.com\/product\/minimal-garden-wallpaper\/"},"modified":"2023-04-19T14:56:00","modified_gmt":"2023-04-19T12:56:00","slug":"minimal-garden-wallpaper","status":"publish","type":"product","link":"https:\/\/baubauwall.com\/et\/toode\/minimal-garden-wallpaper\/","title":{"rendered":"Minimalistlik aed"},"content":{"rendered":"<p>Elegantne ja klassikaline lillemustriline tapeet. Sellel \u00f5rnal tapeedimustril on helehallil taustal pisikesed lille\u00f5ied ja rohelised taimed \u2013 too loodus tuppa! Lillemustrilised tapeedid sobivad kodus t\u00f5esti igasse tuppa vannitoast magamistoani. Taimede ja lillede liit tapeedimustril toob aga aia ilu siseruumidesse ning l\u00f6\u00f6b interj\u00f6\u00f6ri kevadiselt v\u00e4rskelt s\u00e4rama.<\/p>\n","protected":false},"excerpt":{"rendered":"<p>Elegantne ja klassikaline lillemustriline tapeet. Sellel \u00f5rnal tapeedimustril on helehallil taustal pisikesed lille\u00f5ied ja rohelised taimed \u2013 too loodus tuppa! Lillemustrilised tapeedid sobivad kodus t\u00f5esti igasse tuppa vannitoast magamistoani. Taimede ja lillede liit tapeedimustril toob aga aia ilu siseruumidesse ning l\u00f6\u00f6b interj\u00f6\u00f6ri kevadiselt v\u00e4rskelt s\u00e4rama.<\/p>\n","protected":false},"featured_media":28018,"comment_status":"open","ping_status":"closed","template":"","meta":{"_acf_changed":false,"inline_featured_image":false},"product_brand":[],"product_cat":[386,392,265,272,276,413,414,415,416,399,401,402,412,254,260],"product_tag":[563],"class_list":{"0":"post-5680","1":"product","2":"type-product","3":"status-publish","4":"has-post-thumbnail","6":"product_cat-kordusmustriga-tapeedid","7":"product_cat-minimalistlik","8":"product_cat-beezid-tapeedid","9":"product_cat-hallid-tapeedid","10":"product_cat-pastelsed-tapeedid","11":"product_cat-magamistoa-tapeedid","12":"product_cat-soogitoa-tapeedid","13":"product_cat-kulalistetoa-tapeedid","14":"product_cat-esiku-tapeedid","15":"product_cat-kodukontori-tapeedid","16":"product_cat-koogi-tapeedid","17":"product_cat-elutoa-tapeedid","18":"product_cat-vannitoa-tapeedid","19":"product_cat-loodus","20":"product_cat-lilled","21":"product_tag-biofiilia-stiil","22":"pa_designedby-baubauwall","24":"first","25":"instock","26":"taxable","27":"shipping-taxable","28":"purchasable","29":"product-type-simple"},"acf":[],"yoast_head":"<!-- This site is optimized with the Yoast SEO plugin v25.9 - https:\/\/yoast.com\/wordpress\/plugins\/seo\/ -->\n<title>Minimal design wallpaper with little flowers and botanicals.<\/title>\n<meta name=\"description\" content=\"Bespoke collection of wallpapers. Minimal wallpaper with leaves, flowers on grey. Custom printed, cut as the size of your walls wallpapers.\" \/>\n<meta name=\"robots\" content=\"index, follow, max-snippet:-1, max-image-preview:large, max-video-preview:-1\" \/>\n<link rel=\"canonical\" href=\"https:\/\/baubauwall.com\/et\/toode\/minimal-garden-wallpaper\/\" \/>\n<meta property=\"og:locale\" content=\"et_EE\" \/>\n<meta property=\"og:type\" content=\"article\" \/>\n<meta property=\"og:title\" content=\"Minimal design wallpaper with little flowers and botanicals.\" \/>\n<meta property=\"og:description\" content=\"Bespoke collection of wallpapers. Minimal wallpaper with leaves, flowers on grey. Custom printed, cut as the size of your walls wallpapers.\" \/>\n<meta property=\"og:url\" content=\"https:\/\/baubauwall.com\/et\/toode\/minimal-garden-wallpaper\/\" \/>\n<meta property=\"og:site_name\" content=\"BAUBAUWALL TAPEEDID\" \/>\n<meta property=\"article:publisher\" content=\"https:\/\/www.facebook.com\/Baubauwall\" \/>\n<meta property=\"article:modified_time\" content=\"2023-04-19T12:56:00+00:00\" \/>\n<meta property=\"og:image\" content=\"https:\/\/baubauwall.com\/wp-content\/uploads\/2022\/02\/51100127_PlantsFlowers_Baubauwall_Wallpaper_room9.jpg\" \/>\n\t<meta property=\"og:image:width\" content=\"2400\" \/>\n\t<meta property=\"og:image:height\" content=\"1600\" \/>\n\t<meta property=\"og:image:type\" content=\"image\/jpeg\" \/>\n<meta name=\"twitter:card\" content=\"summary_large_image\" \/>\n<meta name=\"twitter:label1\" content=\"Est. reading time\" \/>\n\t<meta name=\"twitter:data1\" content=\"1 minut\" \/>\n<script type=\"application\/ld+json\" class=\"yoast-schema-graph\">{\"@context\":\"https:\/\/schema.org\",\"@graph\":[{\"@type\":\"WebPage\",\"@id\":\"https:\/\/baubauwall.com\/et\/toode\/minimal-garden-wallpaper\/\",\"url\":\"https:\/\/baubauwall.com\/et\/toode\/minimal-garden-wallpaper\/\",\"name\":\"Minimal design wallpaper with little flowers and botanicals.\",\"isPartOf\":{\"@id\":\"https:\/\/baubauwall.com\/et\/#website\"},\"primaryImageOfPage\":{\"@id\":\"https:\/\/baubauwall.com\/et\/toode\/minimal-garden-wallpaper\/#primaryimage\"},\"image\":{\"@id\":\"https:\/\/baubauwall.com\/et\/toode\/minimal-garden-wallpaper\/#primaryimage\"},\"thumbnailUrl\":\"https:\/\/baubauwall.com\/wp-content\/uploads\/2022\/02\/51100127_PlantsFlowers_Baubauwall_Wallpaper_room9.jpg\",\"datePublished\":\"2022-02-22T08:20:40+00:00\",\"dateModified\":\"2023-04-19T12:56:00+00:00\",\"description\":\"Bespoke collection of wallpapers. Minimal wallpaper with leaves, flowers on grey. Custom printed, cut as the size of your walls wallpapers.\",\"breadcrumb\":{\"@id\":\"https:\/\/baubauwall.com\/et\/toode\/minimal-garden-wallpaper\/#breadcrumb\"},\"inLanguage\":\"et\",\"potentialAction\":[{\"@type\":\"ReadAction\",\"target\":[\"https:\/\/baubauwall.com\/et\/toode\/minimal-garden-wallpaper\/\"]}]},{\"@type\":\"ImageObject\",\"inLanguage\":\"et\",\"@id\":\"https:\/\/baubauwall.com\/et\/toode\/minimal-garden-wallpaper\/#primaryimage\",\"url\":\"https:\/\/baubauwall.com\/wp-content\/uploads\/2022\/02\/51100127_PlantsFlowers_Baubauwall_Wallpaper_room9.jpg\",\"contentUrl\":\"https:\/\/baubauwall.com\/wp-content\/uploads\/2022\/02\/51100127_PlantsFlowers_Baubauwall_Wallpaper_room9.jpg\",\"width\":2400,\"height\":1600,\"caption\":\"Elutoa tapeet Baubauwall\"},{\"@type\":\"BreadcrumbList\",\"@id\":\"https:\/\/baubauwall.com\/et\/toode\/minimal-garden-wallpaper\/#breadcrumb\",\"itemListElement\":[{\"@type\":\"ListItem\",\"position\":1,\"name\":\"Koju\",\"item\":\"https:\/\/baubauwall.com\/et\/\"},{\"@type\":\"ListItem\",\"position\":2,\"name\":\"Tapeedid\",\"item\":\"https:\/\/baubauwall.com\/et\/tapeedid\/\"},{\"@type\":\"ListItem\",\"position\":3,\"name\":\"Minimalistlik aed\"}]},{\"@type\":\"WebSite\",\"@id\":\"https:\/\/baubauwall.com\/et\/#website\",\"url\":\"https:\/\/baubauwall.com\/et\/\",\"name\":\"BAUBAUWALL Wallpapers\",\"description\":\"Valmis paanides tapeet Eestist!\",\"publisher\":{\"@id\":\"https:\/\/baubauwall.com\/et\/#organization\"},\"potentialAction\":[{\"@type\":\"SearchAction\",\"target\":{\"@type\":\"EntryPoint\",\"urlTemplate\":\"https:\/\/baubauwall.com\/et\/?s={search_term_string}\"},\"query-input\":{\"@type\":\"PropertyValueSpecification\",\"valueRequired\":true,\"valueName\":\"search_term_string\"}}],\"inLanguage\":\"et\"},{\"@type\":\"Organization\",\"@id\":\"https:\/\/baubauwall.com\/et\/#organization\",\"name\":\"BAUBAUWALL Wallpapers\",\"url\":\"https:\/\/baubauwall.com\/et\/\",\"logo\":{\"@type\":\"ImageObject\",\"inLanguage\":\"et\",\"@id\":\"https:\/\/baubauwall.com\/et\/#\/schema\/logo\/image\/\",\"url\":\"https:\/\/baubauwall.com\/wp-content\/uploads\/2022\/03\/logo-horizontal.svg\",\"contentUrl\":\"https:\/\/baubauwall.com\/wp-content\/uploads\/2022\/03\/logo-horizontal.svg\",\"width\":\"1024\",\"height\":\"1024\",\"caption\":\"BAUBAUWALL Wallpapers\"},\"image\":{\"@id\":\"https:\/\/baubauwall.com\/et\/#\/schema\/logo\/image\/\"},\"sameAs\":[\"https:\/\/www.facebook.com\/Baubauwall\",\"https:\/\/www.instagram.com\/baubauwall\"]}]}<\/script>\n<!-- \/ Yoast SEO plugin. -->","yoast_head_json":{"title":"Minimal design wallpaper with little flowers and botanicals.","description":"Bespoke collection of wallpapers. Minimal wallpaper with leaves, flowers on grey. Custom printed, cut as the size of your walls wallpapers.","robots":{"index":"index","follow":"follow","max-snippet":"max-snippet:-1","max-image-preview":"max-image-preview:large","max-video-preview":"max-video-preview:-1"},"canonical":"https:\/\/baubauwall.com\/et\/toode\/minimal-garden-wallpaper\/","og_locale":"et_EE","og_type":"article","og_title":"Minimal design wallpaper with little flowers and botanicals.","og_description":"Bespoke collection of wallpapers. Minimal wallpaper with leaves, flowers on grey. Custom printed, cut as the size of your walls wallpapers.","og_url":"https:\/\/baubauwall.com\/et\/toode\/minimal-garden-wallpaper\/","og_site_name":"BAUBAUWALL TAPEEDID","article_publisher":"https:\/\/www.facebook.com\/Baubauwall","article_modified_time":"2023-04-19T12:56:00+00:00","og_image":[{"width":2400,"height":1600,"url":"https:\/\/baubauwall.com\/wp-content\/uploads\/2022\/02\/51100127_PlantsFlowers_Baubauwall_Wallpaper_room9.jpg","type":"image\/jpeg"}],"twitter_card":"summary_large_image","twitter_misc":{"Est. reading time":"1 minut"},"schema":{"@context":"https:\/\/schema.org","@graph":[{"@type":"WebPage","@id":"https:\/\/baubauwall.com\/et\/toode\/minimal-garden-wallpaper\/","url":"https:\/\/baubauwall.com\/et\/toode\/minimal-garden-wallpaper\/","name":"Minimal design wallpaper with little flowers and botanicals.","isPartOf":{"@id":"https:\/\/baubauwall.com\/et\/#website"},"primaryImageOfPage":{"@id":"https:\/\/baubauwall.com\/et\/toode\/minimal-garden-wallpaper\/#primaryimage"},"image":{"@id":"https:\/\/baubauwall.com\/et\/toode\/minimal-garden-wallpaper\/#primaryimage"},"thumbnailUrl":"https:\/\/baubauwall.com\/wp-content\/uploads\/2022\/02\/51100127_PlantsFlowers_Baubauwall_Wallpaper_room9.jpg","datePublished":"2022-02-22T08:20:40+00:00","dateModified":"2023-04-19T12:56:00+00:00","description":"Bespoke collection of wallpapers. Minimal wallpaper with leaves, flowers on grey. Custom printed, cut as the size of your walls wallpapers.","breadcrumb":{"@id":"https:\/\/baubauwall.com\/et\/toode\/minimal-garden-wallpaper\/#breadcrumb"},"inLanguage":"et","potentialAction":[{"@type":"ReadAction","target":["https:\/\/baubauwall.com\/et\/toode\/minimal-garden-wallpaper\/"]}]},{"@type":"ImageObject","inLanguage":"et","@id":"https:\/\/baubauwall.com\/et\/toode\/minimal-garden-wallpaper\/#primaryimage","url":"https:\/\/baubauwall.com\/wp-content\/uploads\/2022\/02\/51100127_PlantsFlowers_Baubauwall_Wallpaper_room9.jpg","contentUrl":"https:\/\/baubauwall.com\/wp-content\/uploads\/2022\/02\/51100127_PlantsFlowers_Baubauwall_Wallpaper_room9.jpg","width":2400,"height":1600,"caption":"Elutoa tapeet Baubauwall"},{"@type":"BreadcrumbList","@id":"https:\/\/baubauwall.com\/et\/toode\/minimal-garden-wallpaper\/#breadcrumb","itemListElement":[{"@type":"ListItem","position":1,"name":"Koju","item":"https:\/\/baubauwall.com\/et\/"},{"@type":"ListItem","position":2,"name":"Tapeedid","item":"https:\/\/baubauwall.com\/et\/tapeedid\/"},{"@type":"ListItem","position":3,"name":"Minimalistlik aed"}]},{"@type":"WebSite","@id":"https:\/\/baubauwall.com\/et\/#website","url":"https:\/\/baubauwall.com\/et\/","name":"BAUBAUWALL Wallpapers","description":"Valmis paanides tapeet Eestist!","publisher":{"@id":"https:\/\/baubauwall.com\/et\/#organization"},"potentialAction":[{"@type":"SearchAction","target":{"@type":"EntryPoint","urlTemplate":"https:\/\/baubauwall.com\/et\/?s={search_term_string}"},"query-input":{"@type":"PropertyValueSpecification","valueRequired":true,"valueName":"search_term_string"}}],"inLanguage":"et"},{"@type":"Organization","@id":"https:\/\/baubauwall.com\/et\/#organization","name":"BAUBAUWALL Wallpapers","url":"https:\/\/baubauwall.com\/et\/","logo":{"@type":"ImageObject","inLanguage":"et","@id":"https:\/\/baubauwall.com\/et\/#\/schema\/logo\/image\/","url":"https:\/\/baubauwall.com\/wp-content\/uploads\/2022\/03\/logo-horizontal.svg","contentUrl":"https:\/\/baubauwall.com\/wp-content\/uploads\/2022\/03\/logo-horizontal.svg","width":"1024","height":"1024","caption":"BAUBAUWALL Wallpapers"},"image":{"@id":"https:\/\/baubauwall.com\/et\/#\/schema\/logo\/image\/"},"sameAs":["https:\/\/www.facebook.com\/Baubauwall","https:\/\/www.instagram.com\/baubauwall"]}]}},"jetpack_sharing_enabled":true,"_links":{"self":[{"href":"https:\/\/baubauwall.com\/et\/wp-json\/wp\/v2\/product\/5680","targetHints":{"allow":["GET"]}}],"collection":[{"href":"https:\/\/baubauwall.com\/et\/wp-json\/wp\/v2\/product"}],"about":[{"href":"https:\/\/baubauwall.com\/et\/wp-json\/wp\/v2\/types\/product"}],"replies":[{"embeddable":true,"href":"https:\/\/baubauwall.com\/et\/wp-json\/wp\/v2\/comments?post=5680"}],"wp:featuredmedia":[{"embeddable":true,"href":"https:\/\/baubauwall.com\/et\/wp-json\/wp\/v2\/media\/28018"}],"wp:attachment":[{"href":"https:\/\/baubauwall.com\/et\/wp-json\/wp\/v2\/media?parent=5680"}],"wp:term":[{"taxonomy":"product_brand","embeddable":true,"href":"https:\/\/baubauwall.com\/et\/wp-json\/wp\/v2\/product_brand?post=5680"},{"taxonomy":"product_cat","embeddable":true,"href":"https:\/\/baubauwall.com\/et\/wp-json\/wp\/v2\/product_cat?post=5680"},{"taxonomy":"product_tag","embeddable":true,"href":"https:\/\/baubauwall.com\/et\/wp-json\/wp\/v2\/product_tag?post=5680"}],"curies":[{"name":"wp","href":"https:\/\/api.w.org\/{rel}","templated":true}]}}