{"id":5685,"date":"2022-02-22T08:20:47","date_gmt":"2022-02-22T06:20:47","guid":{"rendered":"https:\/\/baubauwall.com\/product\/ethereal-eucalypt-wallpaper-beige\/"},"modified":"2024-01-05T12:17:18","modified_gmt":"2024-01-05T10:17:18","slug":"ethereal-eucalypt-wallpaper-beige","status":"publish","type":"product","link":"https:\/\/baubauwall.com\/et\/toode\/ethereal-eucalypt-wallpaper-beige\/","title":{"rendered":"\u00d5huline eukal\u00fcpt &#8211; bee\u017e"},"content":{"rendered":"<p>Bee\u017e rahulik tapeet roheliste eukal\u00fcptidega sobib ideaalselt magamistoa seintele v\u00f5i kodukontorisse. Eukal\u00fcpt t\u00e4hendab t\u00f5lkes &#8220;h\u00e4sti varjatud&#8221;, see tuleb kreekakeelsetest s\u00f5nadest <em>eu &#8211;<\/em> &#8220;h\u00e4sti&#8221; ja <em>kaluptos &#8211; <\/em>&#8220;varjab&#8221;. Seega tundub suurep\u00e4rane idee varjata seinad eukal\u00fcptist inspireeritud tapeediga! Eukal\u00fcpt soodustab vaimselt tasakaalu ja julgustab meid l\u00e4bi murdma teele kerkivatest takistustest.<\/p>\n<p>See eukal\u00fcptidega tapeedimuster on olemas ka valge taustaga.<\/p>\n<p>Nagu k\u00f5ik meie kordusmustriga tapeedid ja pilttapeedid, on ka see disain tr\u00fckitud keskkonnas\u00f5bralike v\u00e4rvidega, hingavale fliistapeedi materjalile.\u00a0 Fliistapeeti on v\u00e4ga lihtne paigaldada ja ka eemaldada. Loe l\u00e4hemalt nutikatest tapeetidest\u00a0<a href=\"https:\/\/baubauwall.com\/et\/keskkonnasobralikud-tapeedid\/\" target=\"_blank\" rel=\"noopener\">siit.<\/a><\/p>\n","protected":false},"excerpt":{"rendered":"<p>Bee\u017e rahulik tapeet roheliste eukal\u00fcptidega sobib ideaalselt magamistoa seintele v\u00f5i kodukontorisse. Eukal\u00fcpt t\u00e4hendab t\u00f5lkes &#8220;h\u00e4sti varjatud&#8221;, see tuleb kreekakeelsetest s\u00f5nadest eu &#8211; &#8220;h\u00e4sti&#8221; ja kaluptos &#8211; &#8220;varjab&#8221;. Seega tundub suurep\u00e4rane idee varjata seinad eukal\u00fcptist inspireeritud tapeediga! Eukal\u00fcpt soodustab vaimselt tasakaalu ja julgustab meid l\u00e4bi murdma teele kerkivatest takistustest. See eukal\u00fcptidega tapeedimuster on olemas ka valge [&hellip;]<\/p>\n","protected":false},"featured_media":4905,"comment_status":"open","ping_status":"closed","template":"","meta":{"_acf_changed":false,"inline_featured_image":false},"product_brand":[],"product_cat":[386,390,265,273,276,413,414,415,399,402,254],"product_tag":[],"class_list":{"0":"post-5685","1":"product","2":"type-product","3":"status-publish","4":"has-post-thumbnail","6":"product_cat-kordusmustriga-tapeedid","7":"product_cat-jooned","8":"product_cat-beezid-tapeedid","9":"product_cat-heledad-tapeedid","10":"product_cat-pastelsed-tapeedid","11":"product_cat-magamistoa-tapeedid","12":"product_cat-soogitoa-tapeedid","13":"product_cat-kulalistetoa-tapeedid","14":"product_cat-kodukontori-tapeedid","15":"product_cat-elutoa-tapeedid","16":"product_cat-loodus","17":"pa_designedby-baubauwall","19":"first","20":"instock","21":"taxable","22":"shipping-taxable","23":"purchasable","24":"product-type-simple"},"acf":[],"yoast_head":"<!-- This site is optimized with the Yoast SEO plugin v25.9 - https:\/\/yoast.com\/wordpress\/plugins\/seo\/ -->\n<title>Bee\u017eil taustal tapeet eukal\u00fcptidega. Kordusmustriga disaintapeet<\/title>\n<meta name=\"description\" content=\"Eukal\u00fcpti motiiviga tapeedidisain. Rohelised taimed line art stiilis bee\u017eil taustal. Hea tapeedivalik magamistuppa, elutuppa. Lihtsalt paigaldatav tapeet.\" \/>\n<meta name=\"robots\" content=\"index, follow, max-snippet:-1, max-image-preview:large, max-video-preview:-1\" \/>\n<link rel=\"canonical\" href=\"https:\/\/baubauwall.com\/et\/toode\/ethereal-eucalypt-wallpaper-beige\/\" \/>\n<meta property=\"og:locale\" content=\"et_EE\" \/>\n<meta property=\"og:type\" content=\"article\" \/>\n<meta property=\"og:title\" content=\"Bee\u017eil taustal tapeet eukal\u00fcptidega. Kordusmustriga disaintapeet\" \/>\n<meta property=\"og:description\" content=\"Eukal\u00fcpti motiiviga tapeedidisain. Rohelised taimed line art stiilis bee\u017eil taustal. Hea tapeedivalik magamistuppa, elutuppa. Lihtsalt paigaldatav tapeet.\" \/>\n<meta property=\"og:url\" content=\"https:\/\/baubauwall.com\/et\/toode\/ethereal-eucalypt-wallpaper-beige\/\" \/>\n<meta property=\"og:site_name\" content=\"BAUBAUWALL TAPEEDID\" \/>\n<meta property=\"article:publisher\" content=\"https:\/\/www.facebook.com\/Baubauwall\" \/>\n<meta property=\"article:modified_time\" content=\"2024-01-05T10:17:18+00:00\" \/>\n<meta property=\"og:image\" content=\"https:\/\/i0.wp.com\/baubauwall.com\/wp-content\/uploads\/2022\/02\/51100144_EtherealEucalypt-beige_Baubauwall_Wallpaper_room1.jpg?fit=2000%2C800&ssl=1\" \/>\n\t<meta property=\"og:image:width\" content=\"2000\" \/>\n\t<meta property=\"og:image:height\" content=\"800\" \/>\n\t<meta property=\"og:image:type\" content=\"image\/jpeg\" \/>\n<meta name=\"twitter:card\" content=\"summary_large_image\" \/>\n<meta name=\"twitter:label1\" content=\"Est. reading time\" \/>\n\t<meta name=\"twitter:data1\" content=\"1 minut\" \/>\n<script type=\"application\/ld+json\" class=\"yoast-schema-graph\">{\"@context\":\"https:\/\/schema.org\",\"@graph\":[{\"@type\":\"WebPage\",\"@id\":\"https:\/\/baubauwall.com\/et\/toode\/ethereal-eucalypt-wallpaper-beige\/\",\"url\":\"https:\/\/baubauwall.com\/et\/toode\/ethereal-eucalypt-wallpaper-beige\/\",\"name\":\"Bee\u017eil taustal tapeet eukal\u00fcptidega. Kordusmustriga disaintapeet\",\"isPartOf\":{\"@id\":\"https:\/\/baubauwall.com\/et\/#website\"},\"primaryImageOfPage\":{\"@id\":\"https:\/\/baubauwall.com\/et\/toode\/ethereal-eucalypt-wallpaper-beige\/#primaryimage\"},\"image\":{\"@id\":\"https:\/\/baubauwall.com\/et\/toode\/ethereal-eucalypt-wallpaper-beige\/#primaryimage\"},\"thumbnailUrl\":\"https:\/\/baubauwall.com\/wp-content\/uploads\/2022\/02\/51100144_EtherealEucalypt-beige_Baubauwall_Wallpaper_room1.jpg\",\"datePublished\":\"2022-02-22T06:20:47+00:00\",\"dateModified\":\"2024-01-05T10:17:18+00:00\",\"description\":\"Eukal\u00fcpti motiiviga tapeedidisain. Rohelised taimed line art stiilis bee\u017eil taustal. Hea tapeedivalik magamistuppa, elutuppa. Lihtsalt paigaldatav tapeet.\",\"breadcrumb\":{\"@id\":\"https:\/\/baubauwall.com\/et\/toode\/ethereal-eucalypt-wallpaper-beige\/#breadcrumb\"},\"inLanguage\":\"et\",\"potentialAction\":[{\"@type\":\"ReadAction\",\"target\":[\"https:\/\/baubauwall.com\/et\/toode\/ethereal-eucalypt-wallpaper-beige\/\"]}]},{\"@type\":\"ImageObject\",\"inLanguage\":\"et\",\"@id\":\"https:\/\/baubauwall.com\/et\/toode\/ethereal-eucalypt-wallpaper-beige\/#primaryimage\",\"url\":\"https:\/\/baubauwall.com\/wp-content\/uploads\/2022\/02\/51100144_EtherealEucalypt-beige_Baubauwall_Wallpaper_room1.jpg\",\"contentUrl\":\"https:\/\/baubauwall.com\/wp-content\/uploads\/2022\/02\/51100144_EtherealEucalypt-beige_Baubauwall_Wallpaper_room1.jpg\",\"width\":2000,\"height\":800},{\"@type\":\"BreadcrumbList\",\"@id\":\"https:\/\/baubauwall.com\/et\/toode\/ethereal-eucalypt-wallpaper-beige\/#breadcrumb\",\"itemListElement\":[{\"@type\":\"ListItem\",\"position\":1,\"name\":\"Koju\",\"item\":\"https:\/\/baubauwall.com\/et\/\"},{\"@type\":\"ListItem\",\"position\":2,\"name\":\"Tapeedid\",\"item\":\"https:\/\/baubauwall.com\/et\/tapeedid\/\"},{\"@type\":\"ListItem\",\"position\":3,\"name\":\"\u00d5huline eukal\u00fcpt &#8211; bee\u017e\"}]},{\"@type\":\"WebSite\",\"@id\":\"https:\/\/baubauwall.com\/et\/#website\",\"url\":\"https:\/\/baubauwall.com\/et\/\",\"name\":\"BAUBAUWALL Wallpapers\",\"description\":\"Valmis paanides tapeet Eestist!\",\"publisher\":{\"@id\":\"https:\/\/baubauwall.com\/et\/#organization\"},\"potentialAction\":[{\"@type\":\"SearchAction\",\"target\":{\"@type\":\"EntryPoint\",\"urlTemplate\":\"https:\/\/baubauwall.com\/et\/?s={search_term_string}\"},\"query-input\":{\"@type\":\"PropertyValueSpecification\",\"valueRequired\":true,\"valueName\":\"search_term_string\"}}],\"inLanguage\":\"et\"},{\"@type\":\"Organization\",\"@id\":\"https:\/\/baubauwall.com\/et\/#organization\",\"name\":\"BAUBAUWALL Wallpapers\",\"url\":\"https:\/\/baubauwall.com\/et\/\",\"logo\":{\"@type\":\"ImageObject\",\"inLanguage\":\"et\",\"@id\":\"https:\/\/baubauwall.com\/et\/#\/schema\/logo\/image\/\",\"url\":\"https:\/\/baubauwall.com\/wp-content\/uploads\/2022\/03\/logo-horizontal.svg\",\"contentUrl\":\"https:\/\/baubauwall.com\/wp-content\/uploads\/2022\/03\/logo-horizontal.svg\",\"width\":\"1024\",\"height\":\"1024\",\"caption\":\"BAUBAUWALL Wallpapers\"},\"image\":{\"@id\":\"https:\/\/baubauwall.com\/et\/#\/schema\/logo\/image\/\"},\"sameAs\":[\"https:\/\/www.facebook.com\/Baubauwall\",\"https:\/\/www.instagram.com\/baubauwall\"]}]}<\/script>\n<!-- \/ Yoast SEO plugin. -->","yoast_head_json":{"title":"Bee\u017eil taustal tapeet eukal\u00fcptidega. Kordusmustriga disaintapeet","description":"Eukal\u00fcpti motiiviga tapeedidisain. Rohelised taimed line art stiilis bee\u017eil taustal. Hea tapeedivalik magamistuppa, elutuppa. Lihtsalt paigaldatav tapeet.","robots":{"index":"index","follow":"follow","max-snippet":"max-snippet:-1","max-image-preview":"max-image-preview:large","max-video-preview":"max-video-preview:-1"},"canonical":"https:\/\/baubauwall.com\/et\/toode\/ethereal-eucalypt-wallpaper-beige\/","og_locale":"et_EE","og_type":"article","og_title":"Bee\u017eil taustal tapeet eukal\u00fcptidega. Kordusmustriga disaintapeet","og_description":"Eukal\u00fcpti motiiviga tapeedidisain. Rohelised taimed line art stiilis bee\u017eil taustal. Hea tapeedivalik magamistuppa, elutuppa. Lihtsalt paigaldatav tapeet.","og_url":"https:\/\/baubauwall.com\/et\/toode\/ethereal-eucalypt-wallpaper-beige\/","og_site_name":"BAUBAUWALL TAPEEDID","article_publisher":"https:\/\/www.facebook.com\/Baubauwall","article_modified_time":"2024-01-05T10:17:18+00:00","og_image":[{"width":2000,"height":800,"url":"https:\/\/i0.wp.com\/baubauwall.com\/wp-content\/uploads\/2022\/02\/51100144_EtherealEucalypt-beige_Baubauwall_Wallpaper_room1.jpg?fit=2000%2C800&ssl=1","type":"image\/jpeg"}],"twitter_card":"summary_large_image","twitter_misc":{"Est. reading time":"1 minut"},"schema":{"@context":"https:\/\/schema.org","@graph":[{"@type":"WebPage","@id":"https:\/\/baubauwall.com\/et\/toode\/ethereal-eucalypt-wallpaper-beige\/","url":"https:\/\/baubauwall.com\/et\/toode\/ethereal-eucalypt-wallpaper-beige\/","name":"Bee\u017eil taustal tapeet eukal\u00fcptidega. Kordusmustriga disaintapeet","isPartOf":{"@id":"https:\/\/baubauwall.com\/et\/#website"},"primaryImageOfPage":{"@id":"https:\/\/baubauwall.com\/et\/toode\/ethereal-eucalypt-wallpaper-beige\/#primaryimage"},"image":{"@id":"https:\/\/baubauwall.com\/et\/toode\/ethereal-eucalypt-wallpaper-beige\/#primaryimage"},"thumbnailUrl":"https:\/\/baubauwall.com\/wp-content\/uploads\/2022\/02\/51100144_EtherealEucalypt-beige_Baubauwall_Wallpaper_room1.jpg","datePublished":"2022-02-22T06:20:47+00:00","dateModified":"2024-01-05T10:17:18+00:00","description":"Eukal\u00fcpti motiiviga tapeedidisain. Rohelised taimed line art stiilis bee\u017eil taustal. Hea tapeedivalik magamistuppa, elutuppa. Lihtsalt paigaldatav tapeet.","breadcrumb":{"@id":"https:\/\/baubauwall.com\/et\/toode\/ethereal-eucalypt-wallpaper-beige\/#breadcrumb"},"inLanguage":"et","potentialAction":[{"@type":"ReadAction","target":["https:\/\/baubauwall.com\/et\/toode\/ethereal-eucalypt-wallpaper-beige\/"]}]},{"@type":"ImageObject","inLanguage":"et","@id":"https:\/\/baubauwall.com\/et\/toode\/ethereal-eucalypt-wallpaper-beige\/#primaryimage","url":"https:\/\/baubauwall.com\/wp-content\/uploads\/2022\/02\/51100144_EtherealEucalypt-beige_Baubauwall_Wallpaper_room1.jpg","contentUrl":"https:\/\/baubauwall.com\/wp-content\/uploads\/2022\/02\/51100144_EtherealEucalypt-beige_Baubauwall_Wallpaper_room1.jpg","width":2000,"height":800},{"@type":"BreadcrumbList","@id":"https:\/\/baubauwall.com\/et\/toode\/ethereal-eucalypt-wallpaper-beige\/#breadcrumb","itemListElement":[{"@type":"ListItem","position":1,"name":"Koju","item":"https:\/\/baubauwall.com\/et\/"},{"@type":"ListItem","position":2,"name":"Tapeedid","item":"https:\/\/baubauwall.com\/et\/tapeedid\/"},{"@type":"ListItem","position":3,"name":"\u00d5huline eukal\u00fcpt &#8211; bee\u017e"}]},{"@type":"WebSite","@id":"https:\/\/baubauwall.com\/et\/#website","url":"https:\/\/baubauwall.com\/et\/","name":"BAUBAUWALL Wallpapers","description":"Valmis paanides tapeet Eestist!","publisher":{"@id":"https:\/\/baubauwall.com\/et\/#organization"},"potentialAction":[{"@type":"SearchAction","target":{"@type":"EntryPoint","urlTemplate":"https:\/\/baubauwall.com\/et\/?s={search_term_string}"},"query-input":{"@type":"PropertyValueSpecification","valueRequired":true,"valueName":"search_term_string"}}],"inLanguage":"et"},{"@type":"Organization","@id":"https:\/\/baubauwall.com\/et\/#organization","name":"BAUBAUWALL Wallpapers","url":"https:\/\/baubauwall.com\/et\/","logo":{"@type":"ImageObject","inLanguage":"et","@id":"https:\/\/baubauwall.com\/et\/#\/schema\/logo\/image\/","url":"https:\/\/baubauwall.com\/wp-content\/uploads\/2022\/03\/logo-horizontal.svg","contentUrl":"https:\/\/baubauwall.com\/wp-content\/uploads\/2022\/03\/logo-horizontal.svg","width":"1024","height":"1024","caption":"BAUBAUWALL Wallpapers"},"image":{"@id":"https:\/\/baubauwall.com\/et\/#\/schema\/logo\/image\/"},"sameAs":["https:\/\/www.facebook.com\/Baubauwall","https:\/\/www.instagram.com\/baubauwall"]}]}},"jetpack_sharing_enabled":true,"_links":{"self":[{"href":"https:\/\/baubauwall.com\/et\/wp-json\/wp\/v2\/product\/5685","targetHints":{"allow":["GET"]}}],"collection":[{"href":"https:\/\/baubauwall.com\/et\/wp-json\/wp\/v2\/product"}],"about":[{"href":"https:\/\/baubauwall.com\/et\/wp-json\/wp\/v2\/types\/product"}],"replies":[{"embeddable":true,"href":"https:\/\/baubauwall.com\/et\/wp-json\/wp\/v2\/comments?post=5685"}],"wp:featuredmedia":[{"embeddable":true,"href":"https:\/\/baubauwall.com\/et\/wp-json\/wp\/v2\/media\/4905"}],"wp:attachment":[{"href":"https:\/\/baubauwall.com\/et\/wp-json\/wp\/v2\/media?parent=5685"}],"wp:term":[{"taxonomy":"product_brand","embeddable":true,"href":"https:\/\/baubauwall.com\/et\/wp-json\/wp\/v2\/product_brand?post=5685"},{"taxonomy":"product_cat","embeddable":true,"href":"https:\/\/baubauwall.com\/et\/wp-json\/wp\/v2\/product_cat?post=5685"},{"taxonomy":"product_tag","embeddable":true,"href":"https:\/\/baubauwall.com\/et\/wp-json\/wp\/v2\/product_tag?post=5685"}],"curies":[{"name":"wp","href":"https:\/\/api.w.org\/{rel}","templated":true}]}}