{"id":5687,"date":"2022-02-22T10:20:46","date_gmt":"2022-02-22T08:20:46","guid":{"rendered":"https:\/\/baubauwall.com\/product\/palm-bay-wallpaper-beige\/"},"modified":"2024-08-09T15:47:42","modified_gmt":"2024-08-09T13:47:42","slug":"palm-bay-wallpaper-beige","status":"publish","type":"product","link":"https:\/\/baubauwall.com\/et\/toode\/palm-bay-wallpaper-beige\/","title":{"rendered":"Palmisalu &#8211; bee\u017e"},"content":{"rendered":"<p><em>Line art<\/em> stiilis tapeedimustril kohtad minimalistliku joonega t\u00f5mmatud bee\u017eikaskuldseid troopilisi palmilehti ja monsterataimi soojal bee\u017eil taustal. Tapeedimuster ei pea olema keeruline, et tekitada vau-efekt!<\/p>\n<p>Isikup\u00e4rane bee\u017e tapeet on saadaval ka tumehalli taustaga.<\/p>\n<p><strong>Miks osta tapeet siit? Tapeetimine pole kunagi nii lihtne olnud!<\/strong><\/p>\n<ul>\n<li>\n<ul>\n<li>Eesti disain<\/li>\n<li>Nummerdatud tapeedipaanid<\/li>\n<li>Just nii pikad tapeedipaanid, kui on Sinu sein<\/li>\n<li>Premium, matt fliistapeedi materjal<\/li>\n<li>M\u00fcrgivabad tr\u00fckiv\u00e4rvid, Greenguard sertifitseeritud<\/li>\n<li><a href=\"https:\/\/baubauwall.com\/et\/keskkonnasobralikud-tapeedid\/\" target=\"_blank\" rel=\"noopener\">Keskkonnas\u00f5bralik<\/a>, j\u00e4\u00e4tmevaba tapeetimine<\/li>\n<li>Tasuta tapeediliim<\/li>\n<li>Tasuta transport ja kiire tarne 5 t\u00f6\u00f6p\u00e4evaga<\/li>\n<\/ul>\n<\/li>\n<\/ul>\n<p>Loe l\u00e4hemalt nutikatest, eritellimust\u00f6\u00f6na valmivatest tapeetidest\u00a0<a href=\"https:\/\/baubauwall.com\/et\/keskkonnasobralikud-tapeedid\/\">siit.<\/a><\/p>\n","protected":false},"excerpt":{"rendered":"<p>Line art stiilis tapeedimustril kohtad minimalistliku joonega t\u00f5mmatud bee\u017eikaskuldseid troopilisi palmilehti ja monsterataimi soojal bee\u017eil taustal. Tapeedimuster ei pea olema keeruline, et tekitada vau-efekt! Isikup\u00e4rane bee\u017e tapeet on saadaval ka tumehalli taustaga. Miks osta tapeet siit? Tapeetimine pole kunagi nii lihtne olnud! Eesti disain Nummerdatud tapeedipaanid Just nii pikad tapeedipaanid, kui on Sinu sein Premium, [&hellip;]<\/p>\n","protected":false},"featured_media":4867,"comment_status":"open","ping_status":"closed","template":"","meta":{"_acf_changed":false,"inline_featured_image":false},"product_brand":[],"product_cat":[386,390,265,413,414,415,399,402,250],"product_tag":[832],"class_list":{"0":"post-5687","1":"product","2":"type-product","3":"status-publish","4":"has-post-thumbnail","6":"product_cat-kordusmustriga-tapeedid","7":"product_cat-jooned","8":"product_cat-beezid-tapeedid","9":"product_cat-magamistoa-tapeedid","10":"product_cat-soogitoa-tapeedid","11":"product_cat-kulalistetoa-tapeedid","12":"product_cat-kodukontori-tapeedid","13":"product_cat-elutoa-tapeedid","14":"product_cat-dzungel-troopika","15":"product_tag-kordusmustriga-tapeedid","16":"pa_designedby-baubauwall","18":"first","19":"instock","20":"taxable","21":"shipping-taxable","22":"purchasable","23":"product-type-simple"},"acf":[],"yoast_head":"<!-- This site is optimized with the Yoast SEO plugin v25.9 - https:\/\/yoast.com\/wordpress\/plugins\/seo\/ -->\n<title>Hele, bee\u017e tapeet kordusmustriga, millelt leiad palmilehed<\/title>\n<meta name=\"description\" content=\"Tapeedid sinu seina m\u00f5\u00f5dus, valmis paanides. Palmisalu on troopilises stiilis hele, minimalistlik tapeet, mida panna aktsentseinale v\u00f5i mitmele.\" \/>\n<meta name=\"robots\" content=\"index, follow, max-snippet:-1, max-image-preview:large, max-video-preview:-1\" \/>\n<link rel=\"canonical\" href=\"https:\/\/baubauwall.com\/et\/toode\/palm-bay-wallpaper-beige\/\" \/>\n<meta property=\"og:locale\" content=\"et_EE\" \/>\n<meta property=\"og:type\" content=\"article\" \/>\n<meta property=\"og:title\" content=\"Hele, bee\u017e tapeet kordusmustriga, millelt leiad palmilehed\" \/>\n<meta property=\"og:description\" content=\"Tapeedid sinu seina m\u00f5\u00f5dus, valmis paanides. Palmisalu on troopilises stiilis hele, minimalistlik tapeet, mida panna aktsentseinale v\u00f5i mitmele.\" \/>\n<meta property=\"og:url\" content=\"https:\/\/baubauwall.com\/et\/toode\/palm-bay-wallpaper-beige\/\" \/>\n<meta property=\"og:site_name\" content=\"BAUBAUWALL Wallpapers\" \/>\n<meta property=\"article:publisher\" content=\"https:\/\/www.facebook.com\/Baubauwall\" \/>\n<meta property=\"article:modified_time\" content=\"2024-08-09T13:47:42+00:00\" \/>\n<meta property=\"og:image\" content=\"https:\/\/i0.wp.com\/baubauwall.com\/wp-content\/uploads\/2022\/02\/51100142_PalmBay-beige_Baubauwall_Wallpaper_room4.jpg?fit=1422%2C800&ssl=1\" \/>\n\t<meta property=\"og:image:width\" content=\"1422\" \/>\n\t<meta property=\"og:image:height\" content=\"800\" \/>\n\t<meta property=\"og:image:type\" content=\"image\/jpeg\" \/>\n<meta name=\"twitter:card\" content=\"summary_large_image\" \/>\n<meta name=\"twitter:label1\" content=\"Est. reading time\" \/>\n\t<meta name=\"twitter:data1\" content=\"1 minut\" \/>\n<script type=\"application\/ld+json\" class=\"yoast-schema-graph\">{\"@context\":\"https:\/\/schema.org\",\"@graph\":[{\"@type\":\"WebPage\",\"@id\":\"https:\/\/baubauwall.com\/et\/toode\/palm-bay-wallpaper-beige\/\",\"url\":\"https:\/\/baubauwall.com\/et\/toode\/palm-bay-wallpaper-beige\/\",\"name\":\"Hele, bee\u017e tapeet kordusmustriga, millelt leiad palmilehed\",\"isPartOf\":{\"@id\":\"https:\/\/baubauwall.com\/et\/#website\"},\"primaryImageOfPage\":{\"@id\":\"https:\/\/baubauwall.com\/et\/toode\/palm-bay-wallpaper-beige\/#primaryimage\"},\"image\":{\"@id\":\"https:\/\/baubauwall.com\/et\/toode\/palm-bay-wallpaper-beige\/#primaryimage\"},\"thumbnailUrl\":\"https:\/\/baubauwall.com\/wp-content\/uploads\/2022\/02\/51100142_PalmBay-beige_Baubauwall_Wallpaper_room4.jpg\",\"datePublished\":\"2022-02-22T08:20:46+00:00\",\"dateModified\":\"2024-08-09T13:47:42+00:00\",\"description\":\"Tapeedid sinu seina m\u00f5\u00f5dus, valmis paanides. Palmisalu on troopilises stiilis hele, minimalistlik tapeet, mida panna aktsentseinale v\u00f5i mitmele.\",\"breadcrumb\":{\"@id\":\"https:\/\/baubauwall.com\/et\/toode\/palm-bay-wallpaper-beige\/#breadcrumb\"},\"inLanguage\":\"et\",\"potentialAction\":[{\"@type\":\"ReadAction\",\"target\":[\"https:\/\/baubauwall.com\/et\/toode\/palm-bay-wallpaper-beige\/\"]}]},{\"@type\":\"ImageObject\",\"inLanguage\":\"et\",\"@id\":\"https:\/\/baubauwall.com\/et\/toode\/palm-bay-wallpaper-beige\/#primaryimage\",\"url\":\"https:\/\/baubauwall.com\/wp-content\/uploads\/2022\/02\/51100142_PalmBay-beige_Baubauwall_Wallpaper_room4.jpg\",\"contentUrl\":\"https:\/\/baubauwall.com\/wp-content\/uploads\/2022\/02\/51100142_PalmBay-beige_Baubauwall_Wallpaper_room4.jpg\",\"width\":1422,\"height\":800},{\"@type\":\"BreadcrumbList\",\"@id\":\"https:\/\/baubauwall.com\/et\/toode\/palm-bay-wallpaper-beige\/#breadcrumb\",\"itemListElement\":[{\"@type\":\"ListItem\",\"position\":1,\"name\":\"Koju\",\"item\":\"https:\/\/baubauwall.com\/et\/\"},{\"@type\":\"ListItem\",\"position\":2,\"name\":\"Tapeedid\",\"item\":\"https:\/\/baubauwall.com\/et\/tapeedid\/\"},{\"@type\":\"ListItem\",\"position\":3,\"name\":\"Palmisalu &#8211; bee\u017e\"}]},{\"@type\":\"WebSite\",\"@id\":\"https:\/\/baubauwall.com\/et\/#website\",\"url\":\"https:\/\/baubauwall.com\/et\/\",\"name\":\"BAUBAUWALL Wallpapers\",\"description\":\"Valmis paanides tapeet Eestist!\",\"publisher\":{\"@id\":\"https:\/\/baubauwall.com\/et\/#organization\"},\"potentialAction\":[{\"@type\":\"SearchAction\",\"target\":{\"@type\":\"EntryPoint\",\"urlTemplate\":\"https:\/\/baubauwall.com\/et\/?s={search_term_string}\"},\"query-input\":{\"@type\":\"PropertyValueSpecification\",\"valueRequired\":true,\"valueName\":\"search_term_string\"}}],\"inLanguage\":\"et\"},{\"@type\":\"Organization\",\"@id\":\"https:\/\/baubauwall.com\/et\/#organization\",\"name\":\"BAUBAUWALL Wallpapers\",\"url\":\"https:\/\/baubauwall.com\/et\/\",\"logo\":{\"@type\":\"ImageObject\",\"inLanguage\":\"et\",\"@id\":\"https:\/\/baubauwall.com\/et\/#\/schema\/logo\/image\/\",\"url\":\"https:\/\/baubauwall.com\/wp-content\/uploads\/2022\/03\/logo-horizontal.svg\",\"contentUrl\":\"https:\/\/baubauwall.com\/wp-content\/uploads\/2022\/03\/logo-horizontal.svg\",\"width\":\"1024\",\"height\":\"1024\",\"caption\":\"BAUBAUWALL Wallpapers\"},\"image\":{\"@id\":\"https:\/\/baubauwall.com\/et\/#\/schema\/logo\/image\/\"},\"sameAs\":[\"https:\/\/www.facebook.com\/Baubauwall\",\"https:\/\/www.instagram.com\/baubauwall\"]}]}<\/script>\n<!-- \/ Yoast SEO plugin. -->","yoast_head_json":{"title":"Hele, bee\u017e tapeet kordusmustriga, millelt leiad palmilehed","description":"Tapeedid sinu seina m\u00f5\u00f5dus, valmis paanides. Palmisalu on troopilises stiilis hele, minimalistlik tapeet, mida panna aktsentseinale v\u00f5i mitmele.","robots":{"index":"index","follow":"follow","max-snippet":"max-snippet:-1","max-image-preview":"max-image-preview:large","max-video-preview":"max-video-preview:-1"},"canonical":"https:\/\/baubauwall.com\/et\/toode\/palm-bay-wallpaper-beige\/","og_locale":"et_EE","og_type":"article","og_title":"Hele, bee\u017e tapeet kordusmustriga, millelt leiad palmilehed","og_description":"Tapeedid sinu seina m\u00f5\u00f5dus, valmis paanides. Palmisalu on troopilises stiilis hele, minimalistlik tapeet, mida panna aktsentseinale v\u00f5i mitmele.","og_url":"https:\/\/baubauwall.com\/et\/toode\/palm-bay-wallpaper-beige\/","og_site_name":"BAUBAUWALL Wallpapers","article_publisher":"https:\/\/www.facebook.com\/Baubauwall","article_modified_time":"2024-08-09T13:47:42+00:00","og_image":[{"width":1422,"height":800,"url":"https:\/\/i0.wp.com\/baubauwall.com\/wp-content\/uploads\/2022\/02\/51100142_PalmBay-beige_Baubauwall_Wallpaper_room4.jpg?fit=1422%2C800&ssl=1","type":"image\/jpeg"}],"twitter_card":"summary_large_image","twitter_misc":{"Est. reading time":"1 minut"},"schema":{"@context":"https:\/\/schema.org","@graph":[{"@type":"WebPage","@id":"https:\/\/baubauwall.com\/et\/toode\/palm-bay-wallpaper-beige\/","url":"https:\/\/baubauwall.com\/et\/toode\/palm-bay-wallpaper-beige\/","name":"Hele, bee\u017e tapeet kordusmustriga, millelt leiad palmilehed","isPartOf":{"@id":"https:\/\/baubauwall.com\/et\/#website"},"primaryImageOfPage":{"@id":"https:\/\/baubauwall.com\/et\/toode\/palm-bay-wallpaper-beige\/#primaryimage"},"image":{"@id":"https:\/\/baubauwall.com\/et\/toode\/palm-bay-wallpaper-beige\/#primaryimage"},"thumbnailUrl":"https:\/\/baubauwall.com\/wp-content\/uploads\/2022\/02\/51100142_PalmBay-beige_Baubauwall_Wallpaper_room4.jpg","datePublished":"2022-02-22T08:20:46+00:00","dateModified":"2024-08-09T13:47:42+00:00","description":"Tapeedid sinu seina m\u00f5\u00f5dus, valmis paanides. Palmisalu on troopilises stiilis hele, minimalistlik tapeet, mida panna aktsentseinale v\u00f5i mitmele.","breadcrumb":{"@id":"https:\/\/baubauwall.com\/et\/toode\/palm-bay-wallpaper-beige\/#breadcrumb"},"inLanguage":"et","potentialAction":[{"@type":"ReadAction","target":["https:\/\/baubauwall.com\/et\/toode\/palm-bay-wallpaper-beige\/"]}]},{"@type":"ImageObject","inLanguage":"et","@id":"https:\/\/baubauwall.com\/et\/toode\/palm-bay-wallpaper-beige\/#primaryimage","url":"https:\/\/baubauwall.com\/wp-content\/uploads\/2022\/02\/51100142_PalmBay-beige_Baubauwall_Wallpaper_room4.jpg","contentUrl":"https:\/\/baubauwall.com\/wp-content\/uploads\/2022\/02\/51100142_PalmBay-beige_Baubauwall_Wallpaper_room4.jpg","width":1422,"height":800},{"@type":"BreadcrumbList","@id":"https:\/\/baubauwall.com\/et\/toode\/palm-bay-wallpaper-beige\/#breadcrumb","itemListElement":[{"@type":"ListItem","position":1,"name":"Koju","item":"https:\/\/baubauwall.com\/et\/"},{"@type":"ListItem","position":2,"name":"Tapeedid","item":"https:\/\/baubauwall.com\/et\/tapeedid\/"},{"@type":"ListItem","position":3,"name":"Palmisalu &#8211; bee\u017e"}]},{"@type":"WebSite","@id":"https:\/\/baubauwall.com\/et\/#website","url":"https:\/\/baubauwall.com\/et\/","name":"BAUBAUWALL Wallpapers","description":"Valmis paanides tapeet Eestist!","publisher":{"@id":"https:\/\/baubauwall.com\/et\/#organization"},"potentialAction":[{"@type":"SearchAction","target":{"@type":"EntryPoint","urlTemplate":"https:\/\/baubauwall.com\/et\/?s={search_term_string}"},"query-input":{"@type":"PropertyValueSpecification","valueRequired":true,"valueName":"search_term_string"}}],"inLanguage":"et"},{"@type":"Organization","@id":"https:\/\/baubauwall.com\/et\/#organization","name":"BAUBAUWALL Wallpapers","url":"https:\/\/baubauwall.com\/et\/","logo":{"@type":"ImageObject","inLanguage":"et","@id":"https:\/\/baubauwall.com\/et\/#\/schema\/logo\/image\/","url":"https:\/\/baubauwall.com\/wp-content\/uploads\/2022\/03\/logo-horizontal.svg","contentUrl":"https:\/\/baubauwall.com\/wp-content\/uploads\/2022\/03\/logo-horizontal.svg","width":"1024","height":"1024","caption":"BAUBAUWALL Wallpapers"},"image":{"@id":"https:\/\/baubauwall.com\/et\/#\/schema\/logo\/image\/"},"sameAs":["https:\/\/www.facebook.com\/Baubauwall","https:\/\/www.instagram.com\/baubauwall"]}]}},"jetpack_sharing_enabled":true,"_links":{"self":[{"href":"https:\/\/baubauwall.com\/et\/wp-json\/wp\/v2\/product\/5687","targetHints":{"allow":["GET"]}}],"collection":[{"href":"https:\/\/baubauwall.com\/et\/wp-json\/wp\/v2\/product"}],"about":[{"href":"https:\/\/baubauwall.com\/et\/wp-json\/wp\/v2\/types\/product"}],"replies":[{"embeddable":true,"href":"https:\/\/baubauwall.com\/et\/wp-json\/wp\/v2\/comments?post=5687"}],"wp:featuredmedia":[{"embeddable":true,"href":"https:\/\/baubauwall.com\/et\/wp-json\/wp\/v2\/media\/4867"}],"wp:attachment":[{"href":"https:\/\/baubauwall.com\/et\/wp-json\/wp\/v2\/media?parent=5687"}],"wp:term":[{"taxonomy":"product_brand","embeddable":true,"href":"https:\/\/baubauwall.com\/et\/wp-json\/wp\/v2\/product_brand?post=5687"},{"taxonomy":"product_cat","embeddable":true,"href":"https:\/\/baubauwall.com\/et\/wp-json\/wp\/v2\/product_cat?post=5687"},{"taxonomy":"product_tag","embeddable":true,"href":"https:\/\/baubauwall.com\/et\/wp-json\/wp\/v2\/product_tag?post=5687"}],"curies":[{"name":"wp","href":"https:\/\/api.w.org\/{rel}","templated":true}]}}